{"id":554,"date":"2019-02-06T23:46:02","date_gmt":"2019-02-06T20:46:02","guid":{"rendered":"http:\/\/hortum.com.tr\/product\/import-placeholder-for-206\/"},"modified":"2024-03-21T17:45:28","modified_gmt":"2024-03-21T14:45:28","slug":"dogalgaz-vanasi-mop-5-20","status":"publish","type":"product","link":"https:\/\/tuzlahortum.com.tr\/fr\/produit\/dogalgaz-vanasi-mop-5-20\/","title":{"rendered":"Vanne de gaz naturel MOP 5-20"},"content":{"rendered":"<h2>Vanne de gaz naturel MOP 5-20<\/h2>\n<p>TS CEN\/EN 331\/A1 Approbation de l&#039;Institut turc de normalisation.<\/p>\n<p>Certificat de syst\u00e8me qualit\u00e9 ISO 9001.<\/p>\n<p>Pression de service MOP5-20.<\/p>\n<p>Full pass pour un maximum de fluidit\u00e9.<\/p>\n<p>Sph\u00e8re recouverte de suie pour une dur\u00e9e de vie plus longue.<\/p>\n<p>Connexion ISO 228 Femelle X Femelle.<\/p>\n<p>Joint PTFE et joint torique EPDM pour une s\u00e9curit\u00e9 maximale.<\/p>\n<p>Large zone d&#039;utilisation \u00e0 utiliser dans les syst\u00e8mes de gaz naturel.<\/p>\n<p>Manche en acier \u00e9pais recouvert de PVC.<\/p>\n<p>Temp\u00e9rature -10\u00b0C + 120\u00b0C<\/p>\n<table border=\"0\" cellspacing=\"0\" cellpadding=\"0\">\n<tbody>\n<tr bgcolor=\"#002f62\">\n<td>TAILLE NOMINALE<\/td>\n<td>DN<br \/>(G)<\/td>\n<td>d1<br \/>(mm)<\/td>\n<td>L<br \/>(mm)<\/td>\n<td>K<br \/>(mm)<\/td>\n<td>t<br \/>(mm)<\/td>\n<td>\u00c0<br \/>(mm)<\/td>\n<\/tr>\n<tr>\n<td>1-2\u2033<\/td>\n<td>15<\/td>\n<td>14-14<\/td>\n<td>54<\/td>\n<td>80<\/td>\n<td>15<\/td>\n<td>37<\/td>\n<\/tr>\n<tr>\n<td>3\/4\u2033<\/td>\n<td>20<\/td>\n<td>19-19<\/td>\n<td>61<\/td>\n<td>95<\/td>\n<td>16<\/td>\n<td>53<\/td>\n<\/tr>\n<tr>\n<td>1\u2033<\/td>\n<td>25<\/td>\n<td>24-24<\/td>\n<td>73<\/td>\n<td>115<\/td>\n<td>17<\/td>\n<td>55<\/td>\n<\/tr>\n<tr>\n<td>1 1\/4\u2033<\/td>\n<td>32<\/td>\n<td>30-30<\/td>\n<td>83<\/td>\n<td>115<\/td>\n<td>20<\/td>\n<td>59<\/td>\n<\/tr>\n<tr>\n<td>1 1\/2\u2033<\/td>\n<td>40<\/td>\n<td>38-38<\/td>\n<td>95<\/td>\n<td>125<\/td>\n<td>22<\/td>\n<td>77<\/td>\n<\/tr>\n<tr>\n<td>2\u2033<\/td>\n<td>50<\/td>\n<td>46-47<\/td>\n<td>113<\/td>\n<td>145<\/td>\n<td>26<\/td>\n<td>90<\/td>\n<\/tr>\n<\/tbody>\n<\/table>","protected":false},"excerpt":{"rendered":"<p>Do\u011falgaz Vanas\u0131 MOP 5-20 TS CEN\/EN 331\/A1 T\u00fcrk Standartlar\u0131 Enstit\u00fcs\u00fc Onay\u0131. ISO 9001 Kalite Sistem Sertfikas\u0131. MOP5-20 \u00e7al\u0131\u015fma bas\u0131nc\u0131. Maksimum ak\u0131\u015fkanl\u0131k i\u00e7in tam ge\u00e7i\u015f. Daha uzun \u00f6m\u00fcr i\u00e7in kurum kaplama k\u00fcre. ISO 228 Di\u015fi X Di\u015fi ba\u011flant\u0131. Maksimum g\u00fcvenlik i\u00e7in PTFE conta ve EPDM O-ring. Do\u011falgaz sistemlerinde kullan\u0131lmak \u00fczere geni\u015f kullan\u0131m alan\u0131. Kal\u0131n PVC kapl\u0131 [&#8230;]\n","protected":false},"featured_media":2857,"comment_status":"open","ping_status":"closed","template":"","meta":{"jetpack_post_was_ever_published":false},"product_brand":[],"product_cat":[200],"product_tag":[330,332,2275,331],"class_list":{"0":"post-554","1":"product","2":"type-product","3":"status-publish","4":"has-post-thumbnail","6":"product_cat-dogalgaz-vanalari","7":"product_tag-dogalgaz","8":"product_tag-dogalgaz-vana","9":"product_tag-dogalgaz-vanasi","10":"product_tag-vana","12":"first","13":"instock","14":"taxable","15":"shipping-taxable","16":"product-type-variable"},"jetpack-related-posts":[{"id":555,"url":"https:\/\/tuzlahortum.com.tr\/fr\/produit\/dogalgaz-vanasi-mop-5-20-kilitli\/","url_meta":{"origin":554,"position":0},"title":"Vanne de gaz naturel MOP 5-20 verrouill\u00e9e","author":"admin","date":"6 f\u00e9vrier 2019","format":false,"excerpt":"Do\u011falgaz Vanas\u0131 MOP 5-20 KilitliTS CEN\/EN 331\/A1 T\u00fcrk Standartlar\u0131 Enstit\u00fcs\u00fc Onay\u0131.ISO 9001 Kalite Sistem Sertfikas\u0131.MOP5-20 \u00e7al\u0131\u015fma bas\u0131nc\u0131.Maksimum ak\u0131\u015fkanl\u0131k i\u00e7in tam ge\u00e7i\u015f.Daha uzun \u00f6m\u00fcr i\u00e7in kurum kaplama k\u00fcre.ISO 228 Di\u015fi X Di\u015fi ba\u011flant\u0131.Maksimum g\u00fcvenlik i\u00e7in PTFE conta ve EPDM O-ring.Do\u011falgaz sistemlerinde kullan\u0131lmak \u00fczere geni\u015f kullan\u0131m alan\u0131.Kal\u0131n PVC kapl\u0131 \u00e7elik kol.S\u0131cakl\u0131k -10\u00b0C\u2026","rel":"","context":"Article similaire","block_context":{"text":"Article similaire","link":""},"img":{"alt_text":"","src":"https:\/\/i0.wp.com\/tuzlahortum.com.tr\/wp-content\/uploads\/2019\/02\/Do%C4%9Falgaz-Vana-MOP-5-20-kilitli.jpg?fit=520%2C350&ssl=1&resize=350%2C200","width":350,"height":200},"classes":[]},{"id":2859,"url":"https:\/\/tuzlahortum.com.tr\/fr\/produit\/dogalgaz-vanasi-mop-5-20-kopya\/","url_meta":{"origin":554,"position":1},"title":"Vanne papillon \u00e0 gaz","author":"\u0130smail \u00c7elik","date":"14 f\u00e9vrier 2019","format":false,"excerpt":"Kelebek Do\u011falgaz Vanas\u0131TS CEN\/EN 331\/A1 T\u00fcrk Standartlar\u0131 Enstit\u00fcs\u00fc Onay\u0131.ISO 9001 Kalite Sistem Sertfikas\u0131.MOP5 \u00e7al\u0131\u015fma bas\u0131nc\u0131.Maksimum ak\u0131\u015fkanl\u0131k i\u00e7in tam ge\u00e7i\u015f.Daha uzun \u00f6m\u00fcr i\u00e7in kurum kaplama k\u00fcre.ISO 228 Di\u015fi X Di\u015fi ba\u011flant\u0131.Maksimum g\u00fcvenlik i\u00e7in PTFE conta ve EPDM O-ring.Do\u011falgaz sistemlerinde kullan\u0131lmak \u00fczere geni\u015f kullan\u0131m alan\u0131.Kal\u0131n PVC kapl\u0131 \u00e7elik kol.S\u0131cakl\u0131k -10\u00b0C + 120\u00b0CANMA\u2026","rel":"","context":"Article similaire","block_context":{"text":"Article similaire","link":""},"img":{"alt_text":"","src":"https:\/\/i0.wp.com\/tuzlahortum.com.tr\/wp-content\/uploads\/2019\/02\/Kelebek-Do%C4%9Fal-gaz-vanas%C4%B1.jpg?fit=520%2C350&ssl=1&resize=350%2C200","width":350,"height":200},"classes":[]},{"id":784,"url":"https:\/\/tuzlahortum.com.tr\/fr\/produit\/kollektor-ana-vanasi-pn16\/","url_meta":{"origin":554,"position":2},"title":"Collecteur Ma\u00eetre Vanne PN16","author":"admin","date":"6 f\u00e9vrier 2019","format":false,"excerpt":"Vanne principale de collecteur PN16TS CEN\/EN 13547 Approbation de l'Institut turc de normalisation.Certificat du syst\u00e8me de qualit\u00e9 ISO 9001.Bille enduite de suie pour une plus longue dur\u00e9e de vie.Connexion ISO 228 femelle x femelle.Joint PTFE et joint torique EPDM pour une s\u00e9curit\u00e9 maximale.Manchon \u00e9pais en acier recouvert de PVC.Large gamme d'applications pour utilisation dans les syst\u00e8mes industriels, de plomberie et d'irrigation.Temp\u00e9rature -10\u00b0C + 120\u00b0CDIMENSIONS DE RONDEMENTN(L)d1(mm)L(mm)K(mm)t(mm)E(mm)3\/4\"2019618516531\"2524739217551 1\/4\"3230831142059","rel":"","context":"Article similaire","block_context":{"text":"Article similaire","link":""},"img":{"alt_text":"","src":"https:\/\/i0.wp.com\/tuzlahortum.com.tr\/wp-content\/uploads\/2019\/02\/Kollekt%C3%B6r-Ana-Vana.jpg?fit=520%2C350&ssl=1&resize=350%2C200","width":350,"height":200},"classes":[]},{"id":932,"url":"https:\/\/tuzlahortum.com.tr\/fr\/produit\/siber-vana\/","url_meta":{"origin":554,"position":3},"title":"soupape d'arr\u00eat en laiton","author":"admin","date":"6 f\u00e9vrier 2019","format":false,"excerpt":"\u015eiber VanaTS EN12288 T\u00fcrk Standartlar\u0131 Enstit\u00fcs\u00fc Onay\u0131.ISO 9001 Kalite Sistem Sertfikas\u0131.Maksimum ak\u0131\u015fkanl\u0131k i\u00e7in tam ge\u00e7i\u015f.End\u00fcstriyel, Tesisat ve sulama sistemlerinde kullan\u0131lmak \u00fczere geni\u015f kullan\u0131m alan\u0131.ISO 228 Di\u015fi X Di\u015fi ba\u011flant\u0131.S\u0131cakl\u0131k -10\u00b0C + 120\u00b0CANMA \u00d6L\u00c7\u00dcS\u00dcG(mm)d(mm)L(mm)t(mm)E(mm)1-2\"1514369713\/4\"20194012801\"25244514921 1\/4\"323050131081 1\/2\"403853131252\"504760141402 1\/2\"725875201753\"857786222054\"1109010227240","rel":"","context":"Article similaire","block_context":{"text":"Article similaire","link":""},"img":{"alt_text":"","src":"https:\/\/i0.wp.com\/tuzlahortum.com.tr\/wp-content\/uploads\/2019\/02\/%C5%9Eiber-Vana.jpg?fit=520%2C370&ssl=1&resize=350%2C200","width":350,"height":200},"classes":[]},{"id":755,"url":"https:\/\/tuzlahortum.com.tr\/fr\/produit\/sari-klape\/","url_meta":{"origin":554,"position":4},"title":"Rabat jaune","author":"admin","date":"6 f\u00e9vrier 2019","format":false,"excerpt":"Certification du syst\u00e8me de qualit\u00e9 ISO 9001. Passage int\u00e9gral pour une fluidit\u00e9 maximale. Connexion ISO 228 femelle x femelle. Joint torique en EPDM pour une s\u00e9curit\u00e9 maximale. Large gamme d'applications dans l'industrie, la plomberie et les syst\u00e8mes d'irrigation. Temp\u00e9rature -10\u00b0C + 50\u00b0C MOMENT TAILLE L (mm) d (mm) L (mm) 3\/4\" 20 18 90 1\"....","rel":"","context":"Article similaire","block_context":{"text":"Article similaire","link":""},"img":{"alt_text":"","src":"https:\/\/i0.wp.com\/tuzlahortum.com.tr\/wp-content\/uploads\/2019\/02\/Sar%C4%B1-Klape.jpg?fit=520%2C350&ssl=1&resize=350%2C200","width":350,"height":200},"classes":[]},{"id":792,"url":"https:\/\/tuzlahortum.com.tr\/fr\/produit\/kuresel-vana-pn40-tse\/","url_meta":{"origin":554,"position":5},"title":"Vanne \u00e0 bille PN40 TSE","author":"admin","date":"6 f\u00e9vrier 2019","format":false,"excerpt":"Robinet \u00e0 bille PN40 TSETS CEN\/EN 13547 Turkish Standards Institute Approval ISO 9001 Quality System Certificate Passage int\u00e9gral pour une fluidit\u00e9 maximale Bille enduite de suie pour une plus longue dur\u00e9e de vie ISO 228 Connexion femelle X femelle Marquage On Off sur la poign\u00e9e Joint PTFE et joint torique EPDM pour une s\u00e9curit\u00e9 maximale Poign\u00e9e \u00e9paisse en acier rev\u00eatu de PVC Large gamme de robinets pour une utilisation dans la plomberie industrielle et...","rel":"","context":"Article similaire","block_context":{"text":"Article similaire","link":""},"img":{"alt_text":"","src":"https:\/\/i0.wp.com\/tuzlahortum.com.tr\/wp-content\/uploads\/2019\/02\/K%C3%BCresel-Vana-PN16-PN25-PN40-TSE.jpg?fit=520%2C350&ssl=1&resize=350%2C200","width":350,"height":200},"classes":[]}],"jetpack_sharing_enabled":true,"jetpack_likes_enabled":true,"_links":{"self":[{"href":"https:\/\/tuzlahortum.com.tr\/fr\/wp-json\/wp\/v2\/product\/554","targetHints":{"allow":["GET"]}}],"collection":[{"href":"https:\/\/tuzlahortum.com.tr\/fr\/wp-json\/wp\/v2\/product"}],"about":[{"href":"https:\/\/tuzlahortum.com.tr\/fr\/wp-json\/wp\/v2\/types\/product"}],"replies":[{"embeddable":true,"href":"https:\/\/tuzlahortum.com.tr\/fr\/wp-json\/wp\/v2\/comments?post=554"}],"wp:featuredmedia":[{"embeddable":true,"href":"https:\/\/tuzlahortum.com.tr\/fr\/wp-json\/wp\/v2\/media\/2857"}],"wp:attachment":[{"href":"https:\/\/tuzlahortum.com.tr\/fr\/wp-json\/wp\/v2\/media?parent=554"}],"wp:term":[{"taxonomy":"product_brand","embeddable":true,"href":"https:\/\/tuzlahortum.com.tr\/fr\/wp-json\/wp\/v2\/product_brand?post=554"},{"taxonomy":"product_cat","embeddable":true,"href":"https:\/\/tuzlahortum.com.tr\/fr\/wp-json\/wp\/v2\/product_cat?post=554"},{"taxonomy":"product_tag","embeddable":true,"href":"https:\/\/tuzlahortum.com.tr\/fr\/wp-json\/wp\/v2\/product_tag?post=554"}],"curies":[{"name":"wp","href":"https:\/\/api.w.org\/{rel}","templated":true}]}}