{"id":553,"date":"2019-02-06T23:46:01","date_gmt":"2019-02-06T20:46:01","guid":{"rendered":"http:\/\/hortum.com.tr\/product\/import-placeholder-for-215\/"},"modified":"2024-03-21T17:45:29","modified_gmt":"2024-03-21T14:45:29","slug":"yayli-dik-cekvalf","status":"publish","type":"product","link":"https:\/\/tuzlahortum.com.tr\/fr\/produit\/yayli-dik-cekvalf\/","title":{"rendered":"Clapet anti-retour vertical \u00e0 ressort"},"content":{"rendered":"<h2>Clapet anti-retour vertical \u00e0 ressort<\/h2>\n<p>Certificat de syst\u00e8me qualit\u00e9 ISO 9001.<\/p>\n<p>Full pass pour un maximum de fluidit\u00e9.<\/p>\n<p>Connexion ISO 228 Femelle X Femelle.<\/p>\n<p>Large zone d&#039;utilisation pour une utilisation dans les syst\u00e8mes industriels, de plomberie et d&#039;irrigation.<\/p>\n<p>Temp\u00e9rature -10\u00b0C + 90\u00b0C<\/p>","protected":false},"excerpt":{"rendered":"<p>Yayl\u0131 Dik \u00c7ekvalf ISO 9001 Kalite Sistem Sertfikas\u0131. Maksimum ak\u0131\u015fkanl\u0131k i\u00e7in tam ge\u00e7i\u015f. ISO 228 Di\u015fi X Di\u015fi ba\u011flant\u0131. End\u00fcstriyel, Tesisat ve sulama sistemlerinde kullan\u0131lmak \u00fczere geni\u015f kullan\u0131m alan\u0131. S\u0131cakl\u0131k -10\u00b0C + 90\u00b0C<\/p>","protected":false},"featured_media":2853,"comment_status":"open","ping_status":"closed","template":"","meta":{"jetpack_post_was_ever_published":false},"product_brand":[],"product_cat":[197],"product_tag":[325,328,327,329],"class_list":{"0":"post-553","1":"product","2":"type-product","3":"status-publish","4":"has-post-thumbnail","6":"product_cat-cekvalf-tipleri","7":"product_tag-cekvalf","8":"product_tag-dik","9":"product_tag-yayli","10":"product_tag-yayli-dik-cekvalf","12":"first","13":"instock","14":"taxable","15":"shipping-taxable","16":"product-type-variable"},"jetpack-related-posts":[{"id":756,"url":"https:\/\/tuzlahortum.com.tr\/fr\/produit\/yayli-klape\/","url_meta":{"origin":553,"position":0},"title":"Soupape \u00e0 ressort","author":"admin","date":"6 f\u00e9vrier 2019","format":false,"excerpt":"Valve \u00e0 ressort Certification du syst\u00e8me de qualit\u00e9 ISO 9001. Passage int\u00e9gral pour une fluidit\u00e9 maximale.   Connexion ISO 228 femelle x femelle. Joint torique en EPDM pour une s\u00e9curit\u00e9 maximale. Large gamme d'applications dans l'industrie, la plomberie et les syst\u00e8mes d'irrigation. Temp\u00e9rature -10\u00b0C + 50\u00b0C MOMENT TAILLE d (mm) G (mm) L (mm) 3\/4\" 18 20 90 1\"....","rel":"","context":"Article similaire","block_context":{"text":"Article similaire","link":""},"img":{"alt_text":"","src":"https:\/\/i0.wp.com\/tuzlahortum.com.tr\/wp-content\/uploads\/2019\/02\/yayliKlape1.jpg?fit=520%2C350&ssl=1&resize=350%2C200","width":350,"height":200},"classes":[]},{"id":2698,"url":"https:\/\/tuzlahortum.com.tr\/fr\/produit\/yayli-klape-ekonomik\/","url_meta":{"origin":553,"position":1},"title":"Soupape \u00e0 ressort (\u00e9conomique)","author":"\u0130smail \u00c7elik","date":"14 f\u00e9vrier 2019","format":false,"excerpt":"Soupape \u00e0 ressort (\u00e9conomique) Certificat du syst\u00e8me de qualit\u00e9 ISO 9001. Passage int\u00e9gral pour une fluidit\u00e9 maximale. Connexion ISO 228 femelle x femelle.   Joint torique en EPDM pour une s\u00e9curit\u00e9 maximale. Large gamme d'applications dans l'industrie, la plomberie et les syst\u00e8mes d'irrigation. Temp\u00e9rature -10\u00b0C + 50\u00b0C MOMENT TAILLE d (mm) G (mm) L (mm) 3\/4\" 17 20 85....","rel":"","context":"Article similaire","block_context":{"text":"Article similaire","link":""},"img":{"alt_text":"","src":"https:\/\/i0.wp.com\/tuzlahortum.com.tr\/wp-content\/uploads\/2019\/02\/yayliKlapeekonomik.jpg?fit=520%2C350&ssl=1&resize=350%2C200","width":350,"height":200},"classes":[]},{"id":953,"url":"https:\/\/tuzlahortum.com.tr\/fr\/produit\/dik-tip-siva-ustu-sac-kapakli-sulu-sistem\/","url_meta":{"origin":553,"position":2},"title":"Type vertical \u2013 Montage en surface avec couvercle (syst\u00e8me d&#039;eau) (85 \u00d7 65)","author":"admin","date":"6 f\u00e9vrier 2019","format":false,"excerpt":"Dik Tip - S\u0131va \u00dcst\u00fc Sa\u00e7 Kapakl\u0131 (Sulu Sistem)(85x65)\u00d6L\u00c7\u00dc 85*651\" TS EN 694 yar\u0131 sert kau\u00e7uk yang\u0131n hortumu1\" jet sprey lans\u00a020 MT25 MT30 MT1\" TSE K\u00fcresel Vanal\u0131P\u0130-150P\u0130-151P\u0130-1522\" Yang\u0131n Vanal\u0131 ( 2>1'e D\u00f6n\u00fc\u015ft\u00fcr\u00fcc\u00fcl\u00fc )P\u0130-250P\u0130-251P\u0130-252","rel":"","context":"Article similaire","block_context":{"text":"Article similaire","link":""},"img":{"alt_text":"","src":"https:\/\/i0.wp.com\/tuzlahortum.com.tr\/wp-content\/uploads\/2019\/03\/tek-kap%C4%B1-s%C4%B1va-%C3%BCst%C3%BC-sa%C3%A7-kapakl%C4%B1-sulu.jpg?fit=415%2C489&ssl=1&resize=350%2C200","width":350,"height":200},"classes":[]},{"id":954,"url":"https:\/\/tuzlahortum.com.tr\/fr\/produit\/dik-tip-siva-ustu-cam-kapakli-sulu-sistem\/","url_meta":{"origin":553,"position":3},"title":"Type vertical \u2013 Montage en surface avec couvercle en verre (syst\u00e8me d&#039;eau) (85 \u00d7 65)","author":"admin","date":"6 f\u00e9vrier 2019","format":false,"excerpt":"Dik Tip - S\u0131va \u00dcst\u00fc Cam Kapakl\u0131 (Sulu Sistem)(85x65)\u00d6L\u00c7\u00dc 85*651\" TS EN 694 yar\u0131 sert kau\u00e7uk yang\u0131n hortumu1\" jet sprey lans\u00a020 MT25 MT30 MT1\" TSE K\u00fcresel Vanal\u0131P\u0130-155P\u0130-156P\u0130-1572\" Yang\u0131n Vanal\u0131 ( 2>1'e D\u00f6n\u00fc\u015ft\u00fcr\u00fcc\u00fcl\u00fc )P\u0130-255P\u0130-256P\u0130-257","rel":"","context":"Article similaire","block_context":{"text":"Article similaire","link":""},"img":{"alt_text":"","src":"https:\/\/i0.wp.com\/tuzlahortum.com.tr\/wp-content\/uploads\/2019\/03\/Dik-Tip-S%C4%B1va-%C3%9Cst%C3%BC-Cam-Kapakl%C4%B1-Sulu-Sistem.jpg?fit=388%2C480&ssl=1&resize=350%2C200","width":350,"height":200},"classes":[]},{"id":955,"url":"https:\/\/tuzlahortum.com.tr\/fr\/produit\/dik-tip-siva-alti-sac-kapakli-sulu-sistem\/","url_meta":{"origin":553,"position":4},"title":"Type vertical - Couvercle encastr\u00e9 (syst\u00e8me d&#039;eau) (80 \u00d7 60)","author":"admin","date":"6 f\u00e9vrier 2019","format":false,"excerpt":"Dik Tip - S\u0131va Alt\u0131 Sa\u00e7 Kapakl\u0131 (Sulu Sistem)(80x60)\u00d6L\u00c7\u00dc 80*601\" TS EN 694 yar\u0131 sert kau\u00e7uk yang\u0131n hortumu1\" jet sprey lans\u00a020 MT25 MT30 MT1\" TSE K\u00fcresel Vanal\u0131P\u0130-160P\u0130-161P\u0130-1622\" Yang\u0131n Vanal\u0131 ( 2>1'e D\u00f6n\u00fc\u015ft\u00fcr\u00fcc\u00fcl\u00fc )P\u0130-260P\u0130-261P\u0130-262","rel":"","context":"Article similaire","block_context":{"text":"Article similaire","link":""},"img":{"alt_text":"","src":"https:\/\/i0.wp.com\/tuzlahortum.com.tr\/wp-content\/uploads\/2019\/03\/Dik-Tip-S%C4%B1va-Alt%C4%B1-Sa%C3%A7-Kapakl%C4%B1-Sulu-Sistem.jpg?fit=381%2C506&ssl=1&resize=350%2C200","width":350,"height":200},"classes":[]},{"id":956,"url":"https:\/\/tuzlahortum.com.tr\/fr\/produit\/dik-tip-siva-alti-cam-kapakli-sulu-sistem\/","url_meta":{"origin":553,"position":5},"title":"Type vertical \u2013 Montage encastr\u00e9 avec couvercle en verre (syst\u00e8me d&#039;eau) (80 \u00d7 60)","author":"admin","date":"6 f\u00e9vrier 2019","format":false,"excerpt":"Dik Tip - S\u0131va Alt\u0131 Cam Kapakl\u0131 (Sulu Sistem)(80x60)\u00d6L\u00c7\u00dc 80*601\" TS EN 694 yar\u0131 sert kau\u00e7uk yang\u0131n hortumu1\" jet sprey lans\u00a020 MT25 MT30 MT1\" TSE K\u00fcresel Vanal\u0131P\u0130-165P\u0130-166P\u0130-1672\" Yang\u0131n Vanal\u0131 ( 2>1'e D\u00f6n\u00fc\u015ft\u00fcr\u00fcc\u00fcl\u00fc )P\u0130-265P\u0130-266P\u0130-267","rel":"","context":"Article similaire","block_context":{"text":"Article similaire","link":""},"img":{"alt_text":"","src":"https:\/\/i0.wp.com\/tuzlahortum.com.tr\/wp-content\/uploads\/2019\/03\/Dik-Tip-S%C4%B1va-Alt%C4%B1-Cam-Kapakl%C4%B1-Sulu-Sistem.jpg?fit=364%2C458&ssl=1&resize=350%2C200","width":350,"height":200},"classes":[]}],"jetpack_sharing_enabled":true,"jetpack_likes_enabled":true,"_links":{"self":[{"href":"https:\/\/tuzlahortum.com.tr\/fr\/wp-json\/wp\/v2\/product\/553","targetHints":{"allow":["GET"]}}],"collection":[{"href":"https:\/\/tuzlahortum.com.tr\/fr\/wp-json\/wp\/v2\/product"}],"about":[{"href":"https:\/\/tuzlahortum.com.tr\/fr\/wp-json\/wp\/v2\/types\/product"}],"replies":[{"embeddable":true,"href":"https:\/\/tuzlahortum.com.tr\/fr\/wp-json\/wp\/v2\/comments?post=553"}],"wp:featuredmedia":[{"embeddable":true,"href":"https:\/\/tuzlahortum.com.tr\/fr\/wp-json\/wp\/v2\/media\/2853"}],"wp:attachment":[{"href":"https:\/\/tuzlahortum.com.tr\/fr\/wp-json\/wp\/v2\/media?parent=553"}],"wp:term":[{"taxonomy":"product_brand","embeddable":true,"href":"https:\/\/tuzlahortum.com.tr\/fr\/wp-json\/wp\/v2\/product_brand?post=553"},{"taxonomy":"product_cat","embeddable":true,"href":"https:\/\/tuzlahortum.com.tr\/fr\/wp-json\/wp\/v2\/product_cat?post=553"},{"taxonomy":"product_tag","embeddable":true,"href":"https:\/\/tuzlahortum.com.tr\/fr\/wp-json\/wp\/v2\/product_tag?post=553"}],"curies":[{"name":"wp","href":"https:\/\/api.w.org\/{rel}","templated":true}]}}