{"id":548,"date":"2019-02-06T23:45:44","date_gmt":"2019-02-06T20:45:44","guid":{"rendered":"http:\/\/hortum.com.tr\/product\/import-placeholder-for-551\/"},"modified":"2024-03-21T17:45:34","modified_gmt":"2024-03-21T14:45:34","slug":"e-tipi-bronz-kamlok","status":"publish","type":"product","link":"https:\/\/tuzlahortum.com.tr\/fr\/produit\/e-tipi-bronz-kamlok\/","title":{"rendered":"Serrure \u00e0 came en bronze de type E"},"content":{"rendered":"<h2>Serrure \u00e0 came en bronze de type E<\/h2>\n<p>https:\/\/www.youtube.com\/watch?v=O8ZlzKEjfEQ<\/p>","protected":false},"excerpt":{"rendered":"<p>E Tipi Bronz Kamlok https:\/\/www.youtube.com\/watch?v=O8ZlzKEjfEQ<\/p>","protected":false},"featured_media":8214,"comment_status":"open","ping_status":"closed","template":"","meta":{"jetpack_post_was_ever_published":false},"product_brand":[],"product_cat":[311],"product_tag":[271,312,279,319,278,270,269,277,274,276,275],"class_list":{"0":"post-548","1":"product","2":"type-product","3":"status-publish","4":"has-post-thumbnail","6":"product_cat-bronz-kamloklar","7":"product_tag-baglanti-elemani","8":"product_tag-bronz","9":"product_tag-e-tipi","10":"product_tag-e-tipi-bronz","11":"product_tag-hizli-baglanti","12":"product_tag-hortum-baglantisi","13":"product_tag-kamlok","14":"product_tag-kolay-baglanti","15":"product_tag-sok","16":"product_tag-sok-tak","17":"product_tag-tak","19":"first","20":"instock","21":"taxable","22":"shipping-taxable","23":"product-type-variable"},"jetpack-related-posts":[{"id":529,"url":"https:\/\/tuzlahortum.com.tr\/fr\/produit\/e-tipi-aluminyum-kamlok\/","url_meta":{"origin":548,"position":0},"title":"Serrure \u00e0 came en aluminium de type E","author":"admin","date":"6 f\u00e9vrier 2019","format":false,"excerpt":"E Tipi Al\u00fcminyum Kamlokhttps:\/\/www.youtube.com\/watch?v=reOpL0l36s0 https:\/\/www.youtube.com\/watch?v=O8ZlzKEjfEQ \u00a0 \u00a0 \u00a0 \u00a0","rel":"","context":"Article similaire","block_context":{"text":"Article similaire","link":""},"img":{"alt_text":"","src":"https:\/\/i0.wp.com\/tuzlahortum.com.tr\/wp-content\/uploads\/2019\/03\/Type-E-Aluminium-Coupling.jpg?fit=700%2C500&ssl=1&resize=350%2C200","width":350,"height":200,"srcset":"https:\/\/i0.wp.com\/tuzlahortum.com.tr\/wp-content\/uploads\/2019\/03\/Type-E-Aluminium-Coupling.jpg?fit=700%2C500&ssl=1&resize=350%2C200 1x, https:\/\/i0.wp.com\/tuzlahortum.com.tr\/wp-content\/uploads\/2019\/03\/Type-E-Aluminium-Coupling.jpg?fit=700%2C500&ssl=1&resize=525%2C300 1.5x, https:\/\/i0.wp.com\/tuzlahortum.com.tr\/wp-content\/uploads\/2019\/03\/Type-E-Aluminium-Coupling.jpg?fit=700%2C500&ssl=1&resize=700%2C400 2x"},"classes":[]},{"id":545,"url":"https:\/\/tuzlahortum.com.tr\/fr\/produit\/b-tipi-bronz-kamlok\/","url_meta":{"origin":548,"position":1},"title":"Serrure \u00e0 came en bronze de type B","author":"admin","date":"6 f\u00e9vrier 2019","format":false,"excerpt":"B Tipi Bronz Kamlokhttps:\/\/www.youtube.com\/watch?v=O8ZlzKEjfEQ","rel":"","context":"Article similaire","block_context":{"text":"Article similaire","link":""},"img":{"alt_text":"","src":"https:\/\/i0.wp.com\/tuzlahortum.com.tr\/wp-content\/uploads\/2019\/03\/Type-B-Brass-Coupling.jpg?fit=700%2C500&ssl=1&resize=350%2C200","width":350,"height":200,"srcset":"https:\/\/i0.wp.com\/tuzlahortum.com.tr\/wp-content\/uploads\/2019\/03\/Type-B-Brass-Coupling.jpg?fit=700%2C500&ssl=1&resize=350%2C200 1x, https:\/\/i0.wp.com\/tuzlahortum.com.tr\/wp-content\/uploads\/2019\/03\/Type-B-Brass-Coupling.jpg?fit=700%2C500&ssl=1&resize=525%2C300 1.5x, https:\/\/i0.wp.com\/tuzlahortum.com.tr\/wp-content\/uploads\/2019\/03\/Type-B-Brass-Coupling.jpg?fit=700%2C500&ssl=1&resize=700%2C400 2x"},"classes":[]},{"id":546,"url":"https:\/\/tuzlahortum.com.tr\/fr\/produit\/c-tipi-bronz-kamlok\/","url_meta":{"origin":548,"position":2},"title":"Serrure \u00e0 came en bronze de type C","author":"admin","date":"6 f\u00e9vrier 2019","format":false,"excerpt":"C Tipi Bronz Kamlokhttps:\/\/www.youtube.com\/watch?v=O8ZlzKEjfEQ","rel":"","context":"Article similaire","block_context":{"text":"Article similaire","link":""},"img":{"alt_text":"","src":"https:\/\/i0.wp.com\/tuzlahortum.com.tr\/wp-content\/uploads\/2019\/03\/Type-C-Brass-Coupling.jpg?fit=700%2C500&ssl=1&resize=350%2C200","width":350,"height":200,"srcset":"https:\/\/i0.wp.com\/tuzlahortum.com.tr\/wp-content\/uploads\/2019\/03\/Type-C-Brass-Coupling.jpg?fit=700%2C500&ssl=1&resize=350%2C200 1x, https:\/\/i0.wp.com\/tuzlahortum.com.tr\/wp-content\/uploads\/2019\/03\/Type-C-Brass-Coupling.jpg?fit=700%2C500&ssl=1&resize=525%2C300 1.5x, https:\/\/i0.wp.com\/tuzlahortum.com.tr\/wp-content\/uploads\/2019\/03\/Type-C-Brass-Coupling.jpg?fit=700%2C500&ssl=1&resize=700%2C400 2x"},"classes":[]},{"id":547,"url":"https:\/\/tuzlahortum.com.tr\/fr\/produit\/d-tipi-bronz-kamlok\/","url_meta":{"origin":548,"position":3},"title":"Serrure \u00e0 came en bronze de type D","author":"admin","date":"6 f\u00e9vrier 2019","format":false,"excerpt":"D Tipi Bronz Kamlokhttps:\/\/www.youtube.com\/watch?v=O8ZlzKEjfEQ","rel":"","context":"Article similaire","block_context":{"text":"Article similaire","link":""},"img":{"alt_text":"","src":"https:\/\/i0.wp.com\/tuzlahortum.com.tr\/wp-content\/uploads\/2019\/03\/Type-D-Brass-Coupling.jpg?fit=700%2C500&ssl=1&resize=350%2C200","width":350,"height":200,"srcset":"https:\/\/i0.wp.com\/tuzlahortum.com.tr\/wp-content\/uploads\/2019\/03\/Type-D-Brass-Coupling.jpg?fit=700%2C500&ssl=1&resize=350%2C200 1x, https:\/\/i0.wp.com\/tuzlahortum.com.tr\/wp-content\/uploads\/2019\/03\/Type-D-Brass-Coupling.jpg?fit=700%2C500&ssl=1&resize=525%2C300 1.5x, https:\/\/i0.wp.com\/tuzlahortum.com.tr\/wp-content\/uploads\/2019\/03\/Type-D-Brass-Coupling.jpg?fit=700%2C500&ssl=1&resize=700%2C400 2x"},"classes":[]},{"id":549,"url":"https:\/\/tuzlahortum.com.tr\/fr\/produit\/f-tipi-bronz-kamlok\/","url_meta":{"origin":548,"position":4},"title":"Serrure \u00e0 came en bronze de type F","author":"admin","date":"6 f\u00e9vrier 2019","format":false,"excerpt":"F Tipi Bronz Kamlokhttps:\/\/www.youtube.com\/watch?v=O8ZlzKEjfEQ","rel":"","context":"Article similaire","block_context":{"text":"Article similaire","link":""},"img":{"alt_text":"","src":"https:\/\/i0.wp.com\/tuzlahortum.com.tr\/wp-content\/uploads\/2019\/03\/Type-F-Brass-Coupling.jpg?fit=700%2C500&ssl=1&resize=350%2C200","width":350,"height":200,"srcset":"https:\/\/i0.wp.com\/tuzlahortum.com.tr\/wp-content\/uploads\/2019\/03\/Type-F-Brass-Coupling.jpg?fit=700%2C500&ssl=1&resize=350%2C200 1x, https:\/\/i0.wp.com\/tuzlahortum.com.tr\/wp-content\/uploads\/2019\/03\/Type-F-Brass-Coupling.jpg?fit=700%2C500&ssl=1&resize=525%2C300 1.5x, https:\/\/i0.wp.com\/tuzlahortum.com.tr\/wp-content\/uploads\/2019\/03\/Type-F-Brass-Coupling.jpg?fit=700%2C500&ssl=1&resize=700%2C400 2x"},"classes":[]},{"id":550,"url":"https:\/\/tuzlahortum.com.tr\/fr\/produit\/g-tipi-bronz-kamlok\/","url_meta":{"origin":548,"position":5},"title":"Serrure \u00e0 came en bronze de type G","author":"admin","date":"6 f\u00e9vrier 2019","format":false,"excerpt":"G Tipi Bronz Kamlokhttps:\/\/www.youtube.com\/watch?v=O8ZlzKEjfEQ","rel":"","context":"Article similaire","block_context":{"text":"Article similaire","link":""},"img":{"alt_text":"","src":"https:\/\/i0.wp.com\/tuzlahortum.com.tr\/wp-content\/uploads\/2019\/03\/Type-G-Brass-Coupling.jpg?fit=697%2C500&ssl=1&resize=350%2C200","width":350,"height":200,"srcset":"https:\/\/i0.wp.com\/tuzlahortum.com.tr\/wp-content\/uploads\/2019\/03\/Type-G-Brass-Coupling.jpg?fit=697%2C500&ssl=1&resize=350%2C200 1x, https:\/\/i0.wp.com\/tuzlahortum.com.tr\/wp-content\/uploads\/2019\/03\/Type-G-Brass-Coupling.jpg?fit=697%2C500&ssl=1&resize=525%2C300 1.5x"},"classes":[]}],"jetpack_sharing_enabled":true,"jetpack_likes_enabled":true,"_links":{"self":[{"href":"https:\/\/tuzlahortum.com.tr\/fr\/wp-json\/wp\/v2\/product\/548","targetHints":{"allow":["GET"]}}],"collection":[{"href":"https:\/\/tuzlahortum.com.tr\/fr\/wp-json\/wp\/v2\/product"}],"about":[{"href":"https:\/\/tuzlahortum.com.tr\/fr\/wp-json\/wp\/v2\/types\/product"}],"replies":[{"embeddable":true,"href":"https:\/\/tuzlahortum.com.tr\/fr\/wp-json\/wp\/v2\/comments?post=548"}],"wp:featuredmedia":[{"embeddable":true,"href":"https:\/\/tuzlahortum.com.tr\/fr\/wp-json\/wp\/v2\/media\/8214"}],"wp:attachment":[{"href":"https:\/\/tuzlahortum.com.tr\/fr\/wp-json\/wp\/v2\/media?parent=548"}],"wp:term":[{"taxonomy":"product_brand","embeddable":true,"href":"https:\/\/tuzlahortum.com.tr\/fr\/wp-json\/wp\/v2\/product_brand?post=548"},{"taxonomy":"product_cat","embeddable":true,"href":"https:\/\/tuzlahortum.com.tr\/fr\/wp-json\/wp\/v2\/product_cat?post=548"},{"taxonomy":"product_tag","embeddable":true,"href":"https:\/\/tuzlahortum.com.tr\/fr\/wp-json\/wp\/v2\/product_tag?post=548"}],"curies":[{"name":"wp","href":"https:\/\/api.w.org\/{rel}","templated":true}]}}