{"id":543,"date":"2019-02-06T23:45:42","date_gmt":"2019-02-06T20:45:42","guid":{"rendered":"http:\/\/hortum.com.tr\/product\/import-placeholder-for-73\/"},"modified":"2024-03-21T17:45:38","modified_gmt":"2024-03-21T14:45:38","slug":"beton-cimento-alici-verici-hortumlar","status":"publish","type":"product","link":"https:\/\/tuzlahortum.com.tr\/fr\/produit\/beton-cimento-alici-verici-hortumlar\/","title":{"rendered":"Tuyaux \u00e9metteurs-r\u00e9cepteurs B\u00e9ton \u2013 Ciment"},"content":{"rendered":"<h2>Tuyaux \u00e9metteurs-r\u00e9cepteurs B\u00e9ton \u2013 Ciment<\/h2>\n<div>DOMAINES D&#039;UTILISATION\u00a0: Tous types de travaux de b\u00e9ton et de ciment (aspiration), de transport et de coulage dans les cimenteries et les silos<\/div>\n<div><\/div>\n<div>CONSTRUCTION<\/div>\n<div>Dessous : M\u00e9lange de caoutchouc synth\u00e9tique et naturel, noir, uni<\/div>\n<div>Renforcement\u00a0: tissu de corde \u00e0 haute r\u00e9sistance, fil de cuivre conducteur (fil d&#039;acier intercalaire)<\/div>\n<div>Tige : SBR, noir, r\u00e9sistant \u00e0 l&#039;abrasion et aux intemp\u00e9ries<\/div>\n<div><\/div>\n<div>\n<div class=\"video video-fit mb\" style=\"padding-top:56.25%;\"><p><iframe loading=\"lazy\" title=\"Confusion des mesures (pouces, doigts, brume, millim\u00e8tres)\" width=\"1020\" height=\"574\" src=\"https:\/\/www.youtube.com\/embed\/uKk6AG_AZls?feature=oembed\" frameborder=\"0\" allow=\"accelerometer; autoplay; clipboard-write; encrypted-media; gyroscope; picture-in-picture; web-share\" referrerpolicy=\"strict-origin-when-cross-origin\" allowfullscreen><\/iframe><\/p>\n<\/div>\n<div class=\"video video-fit mb\" style=\"padding-top:56.25%;\"><p>https:\/\/www.youtube.com\/watch?v=O8ZlzKEjfEQ%20<\/p>\n<\/div>\n<\/div>","protected":false},"excerpt":{"rendered":"<p>Beton &#8211; \u00c7imento Al\u0131c\u0131-Verici Hortumlar KULLANIM ALANLARI : \u00c7imento fabrikalar\u0131nda ve silolar\u0131nda her t\u00fcrl\u00fc beton ve \u00e7imento (emme), nakletme ve d\u00f6kme i\u015flerinde KONSTR\u00dcKS\u0130YON Alt : Sentetik ve do\u011fal kau\u00e7uk kar\u0131\u015f\u0131m\u0131, siyah,d\u00fcz Takviye : Y\u00fcksek mukavemetli kord bezi, iletken bak\u0131r tel (katlararas\u0131 \u00e7elik tel) \u00dcst : SBR, siyah, s\u00fcrt\u00fcnmeye ve iklim \u015fartlar\u0131na dayan\u0131kl\u0131<\/p>","protected":false},"featured_media":1693,"comment_status":"open","ping_status":"closed","template":"","meta":{"jetpack_post_was_ever_published":false},"product_brand":[],"product_cat":[153],"product_tag":[310,304,309,303,308,306],"class_list":{"0":"post-543","1":"product","2":"type-product","3":"status-publish","4":"has-post-thumbnail","6":"product_cat-beton-hortumlari","7":"product_tag-beton-ve-cimento-alici-verici-hortumlar","8":"product_tag-beton-ve-cimento-dokme-hortumu","9":"product_tag-beton-ve-cimento-emme-hortumu","10":"product_tag-beton-ve-cimento-nakletme-hortumu","11":"product_tag-cimento-fabrikalarinda-ve-silolarinda-kullanilan-hortum","12":"product_tag-silobas-hortumu","14":"first","15":"instock","16":"taxable","17":"shipping-taxable","18":"product-type-variable"},"jetpack-related-posts":[{"id":724,"url":"https:\/\/tuzlahortum.com.tr\/fr\/produit\/beton-cimento-verici-hortumlar\/","url_meta":{"origin":543,"position":0},"title":"B\u00e9ton \u2013 Tuyaux de livraison de ciment","author":"admin","date":"6 f\u00e9vrier 2019","format":false,"excerpt":"Beton - \u00c7imento Verici HortumlarKULLANIM ALANLARI : \u00c7imento fabrikalar\u0131nda her t\u00fcrl\u00fc beton ve \u00e7imento nakil i\u015flerinde kullan\u0131lan y\u00fcksek a\u015f\u0131nma mukavemeti olan hortum KONTR\u00dcKS\u0130YON Alt : Sentetik ve do\u011fal kau\u00e7uk kar\u0131\u015f\u0131m\u0131, siyah,d\u00fcz Takviye : Y\u00fcksek mukavemetli kord bezi, iletken bak\u0131r tel \u00dcst : SBR, siyah, s\u00fcrt\u00fcnmeye ve iklim \u015fartlar\u0131na dayan\u0131kl\u0131","rel":"","context":"Article similaire","block_context":{"text":"Article similaire","link":""},"img":{"alt_text":"","src":"https:\/\/i0.wp.com\/tuzlahortum.com.tr\/wp-content\/uploads\/urunler\/kaucuk\/superlas-silobas-hortumu.jpg?fit=360%2C270&ssl=1&resize=350%2C200","width":350,"height":200},"classes":[]},{"id":710,"url":"https:\/\/tuzlahortum.com.tr\/fr\/produit\/beton-enjeksiyon-hortumu\/","url_meta":{"origin":543,"position":1},"title":"Tuyau d&#039;injection de b\u00e9ton","author":"admin","date":"6 f\u00e9vrier 2019","format":false,"excerpt":"Beton Enjeksiyon HortumuKULLANIM ALANLARI : Y\u00fcksek bina ve t\u00fcnel in\u015faatlar\u0131nda s\u0131va ve har\u00e7 gibi malzemelerin bas\u0131n\u00e7l\u0131 uygulamalar\u0131nda Alt : Tabi sentetik ve do\u011fal kau\u00e7uk kar\u0131\u015f\u0131m\u0131, siyah,k\u0131r\u0131lmaya dayan\u0131kl\u0131 Takviye : Y\u00fcksek mukavemetli kord bezi, iletken bak\u0131r tel \u00dcst : SBR, siyah, s\u00fcrt\u00fcnmeye ve iklim \u015fartlar\u0131na dayan\u0131kl\u0131 \u00a0 \u00a0 \u00a0 \u00a0 \u00a0\u2026","rel":"","context":"Article similaire","block_context":{"text":"Article similaire","link":""},"img":{"alt_text":"","src":"https:\/\/i0.wp.com\/tuzlahortum.com.tr\/wp-content\/uploads\/urunler\/kaucuk\/Beton-Enjeksiyon-Hortumu.jpg?fit=535%2C283&ssl=1&resize=350%2C200","width":350,"height":200,"srcset":"https:\/\/i0.wp.com\/tuzlahortum.com.tr\/wp-content\/uploads\/urunler\/kaucuk\/Beton-Enjeksiyon-Hortumu.jpg?fit=535%2C283&ssl=1&resize=350%2C200 1x, https:\/\/i0.wp.com\/tuzlahortum.com.tr\/wp-content\/uploads\/urunler\/kaucuk\/Beton-Enjeksiyon-Hortumu.jpg?fit=535%2C283&ssl=1&resize=525%2C300 1.5x"},"classes":[]},{"id":717,"url":"https:\/\/tuzlahortum.com.tr\/fr\/produit\/katlanabilir-silobas-hortumu\/","url_meta":{"origin":543,"position":2},"title":"Tuyau de camion pliable","author":"admin","date":"6 f\u00e9vrier 2019","format":false,"excerpt":"Katlanabilir Silobas HortumuKULLANIM ALANLARI : \u0130nce, kolay ta\u015f\u0131nabilir, \u00e7imento, kum gibi a\u015f\u0131nd\u0131r\u0131c\u0131 maddelerin pnomatik ve hidrolik naklinde KONTR\u00dcKS\u0130YON Alt : Sentetik ve do\u011fal kau\u00e7uk kar\u0131\u015f\u0131m\u0131, a\u015f\u0131nmaya dayan\u0131kl\u0131, siyah, d\u00fcz Takviye : Y\u00fcksek mukavemetli kord bezi, g\u00f6m\u00fcl\u00fc bak\u0131r tel \u00dcst : SBR, siyah, s\u00fcrt\u00fcnmeye ve iklim \u015fartlar\u0131na dayan\u0131kl\u0131","rel":"","context":"Article similaire","block_context":{"text":"Article similaire","link":""},"img":{"alt_text":"","src":"https:\/\/i0.wp.com\/tuzlahortum.com.tr\/wp-content\/uploads\/urunler\/kaucuk\/superlas-silobas-hortumu.jpg?fit=360%2C270&ssl=1&resize=350%2C200","width":350,"height":200},"classes":[]},{"id":719,"url":"https:\/\/tuzlahortum.com.tr\/fr\/produit\/akaryakit-alici-verici-hortum\/","url_meta":{"origin":543,"position":3},"title":"Tuyau d&#039;\u00e9metteur-r\u00e9cepteur de carburant","author":"admin","date":"6 f\u00e9vrier 2019","format":false,"excerpt":"Akaryak\u0131t Al\u0131c\u0131-Verici HortumKULLANIM ALANLARI : Depolardan tankerlere her nevi akaryak\u0131t emme ve nakil i\u015flerinde ve rafineri \u00e7al\u0131\u015fmalar\u0131nda kullan\u0131lan hortumlard\u0131r. SERT\u0130F\u0130KALAR : Hortumlar TSE markal\u0131d\u0131r. TS3916 B T\u00dcR 1 KONTR\u00dcKS\u0130YON Alt : NBR, siyah, iletken Takviye : Y\u00fcksek mukavemetli kord bezi, \u00e7elik tel, iletken bak\u0131r tel \u00dcst CR, siyah, a\u015f\u0131nmaya, akaryak\u0131ta\u2026","rel":"","context":"Article similaire","block_context":{"text":"Article similaire","link":""},"img":{"alt_text":"","src":"https:\/\/i0.wp.com\/tuzlahortum.com.tr\/wp-content\/uploads\/urunler\/kaucuk\/superlas-yakit-alici-verici-hortum.jpg?fit=360%2C270&ssl=1&resize=350%2C200","width":350,"height":200},"classes":[]},{"id":773,"url":"https:\/\/tuzlahortum.com.tr\/fr\/produit\/kumlama-verici-hortumlar\/","url_meta":{"origin":543,"position":4},"title":"Tuyaux \u00e9metteurs de sablage","author":"admin","date":"6 f\u00e9vrier 2019","format":false,"excerpt":"Kumlama Verici HortumlarKULLANIM ALANLARI : Her t\u00fcrl\u00fc kumlama i\u015flerinde ve tahliyesinde, t\u00fcm beton ve metal y\u00fczeylerin kum p\u00fcsk\u00fcrt\u00fclerek temizlenmesi ve parlat\u0131lmas\u0131 i\u015flerinde SERT\u0130F\u0130KALAR : Hortumlar TSE markal\u0131d\u0131r. TS5928 EN ISO 3861 KONTR\u00dcKS\u0130YON Alt : A\u015f\u0131nma mukavemeti y\u00fcksek, siyah, kal\u0131n, d\u00fcz Takviye : Y\u00fcksek mukavemetli kord bezi, iletken bak\u0131r tel \u00dcst\u2026","rel":"","context":"Article similaire","block_context":{"text":"Article similaire","link":""},"img":{"alt_text":"","src":"https:\/\/i0.wp.com\/tuzlahortum.com.tr\/wp-content\/uploads\/urunler\/kaucuk\/superlas-kumlama-hortumu.jpg?fit=360%2C270&ssl=1&resize=350%2C200","width":350,"height":200},"classes":[]},{"id":722,"url":"https:\/\/tuzlahortum.com.tr\/fr\/produit\/akaryakit-verici-hortumlar\/","url_meta":{"origin":543,"position":5},"title":"Tuyaux d&#039;alimentation en carburant","author":"admin","date":"6 f\u00e9vrier 2019","format":false,"excerpt":"Akaryak\u0131t Verici HortumlarKULLANIM ALANLARI : S\u00fcper benzin, mazot, fuel-oil ve her nevi akaryak\u0131t da\u011f\u0131tma i\u015flerinde SERT\u0130F\u0130KALAR : Hortumlar TSE markal\u0131d\u0131r. TS3916 B T\u00dcR 1 KONTR\u00dcKS\u0130YON Alt : NBR, siyah, parlak, ya\u011fa dayan\u0131kl\u0131 Takviye : Y\u00fcksek mukavemetli kord bezi, iletken bak\u0131r tel \u00dcst : CR, siyah, parlak, bask\u0131l\u0131 \u015ferit, a\u015f\u0131nmaya ve\u2026","rel":"","context":"Article similaire","block_context":{"text":"Article similaire","link":""},"img":{"alt_text":"","src":"https:\/\/i0.wp.com\/tuzlahortum.com.tr\/wp-content\/uploads\/urunler\/kaucuk\/superlas-yakit-verici-hortum.jpg?fit=360%2C270&ssl=1&resize=350%2C200","width":350,"height":200},"classes":[]}],"jetpack_sharing_enabled":true,"jetpack_likes_enabled":true,"_links":{"self":[{"href":"https:\/\/tuzlahortum.com.tr\/fr\/wp-json\/wp\/v2\/product\/543","targetHints":{"allow":["GET"]}}],"collection":[{"href":"https:\/\/tuzlahortum.com.tr\/fr\/wp-json\/wp\/v2\/product"}],"about":[{"href":"https:\/\/tuzlahortum.com.tr\/fr\/wp-json\/wp\/v2\/types\/product"}],"replies":[{"embeddable":true,"href":"https:\/\/tuzlahortum.com.tr\/fr\/wp-json\/wp\/v2\/comments?post=543"}],"wp:featuredmedia":[{"embeddable":true,"href":"https:\/\/tuzlahortum.com.tr\/fr\/wp-json\/wp\/v2\/media\/1693"}],"wp:attachment":[{"href":"https:\/\/tuzlahortum.com.tr\/fr\/wp-json\/wp\/v2\/media?parent=543"}],"wp:term":[{"taxonomy":"product_brand","embeddable":true,"href":"https:\/\/tuzlahortum.com.tr\/fr\/wp-json\/wp\/v2\/product_brand?post=543"},{"taxonomy":"product_cat","embeddable":true,"href":"https:\/\/tuzlahortum.com.tr\/fr\/wp-json\/wp\/v2\/product_cat?post=543"},{"taxonomy":"product_tag","embeddable":true,"href":"https:\/\/tuzlahortum.com.tr\/fr\/wp-json\/wp\/v2\/product_tag?post=543"}],"curies":[{"name":"wp","href":"https:\/\/api.w.org\/{rel}","templated":true}]}}