{"id":540,"date":"2019-02-06T23:45:42","date_gmt":"2019-02-06T20:45:42","guid":{"rendered":"http:\/\/hortum.com.tr\/product\/import-placeholder-for-540\/"},"modified":"2024-03-21T17:45:40","modified_gmt":"2024-03-21T14:45:40","slug":"trelleborg-fp-2007","status":"publish","type":"product","link":"https:\/\/tuzlahortum.com.tr\/fr\/produit\/trelleborg-fp-2007\/","title":{"rendered":"Trelleborg FP 2007"},"content":{"rendered":"<h2>Trelleborg FP 2007<\/h2>\n<div>pompe \u00e0 poisson<\/div>\n<div>Il est utilis\u00e9 pour pomper le poisson dans les fermes de l\u00e9gumineuses et les usines de transformation du poisson.<\/div>\n<div>Avantages<\/div>\n<div>* La conception du tuyau flexible offre des propri\u00e9t\u00e9s optimales pour cette application.<\/div>\n<div>* R\u00e9sistant \u00e0 une utilisation dans des conditions difficiles.<\/div>\n<div>*Il est produit sans h\u00e9lice pour les applications de d\u00e9charge.<\/div>\n<div>description technique<\/div>\n<div>Chambre \u00e0 air : SBR\/NBR r\u00e9sistant \u00e0 l&#039;usure, noir.<\/div>\n<div>Renforcement : textile synth\u00e9tique.<\/div>\n<div>Rev\u00eatement : SBR\/NBR r\u00e9sistant aux intemp\u00e9ries, noir, aspect tissu.<\/div>\n<div>Plage de temp\u00e9rature : -40\u00b0C \u00e0 +80\u00b0C.<\/div>\n<div>Informations Compl\u00e9mentaires<\/div>\n<div>Diff\u00e9rentes tailles sont produites sur demande.<\/div>\n<div>Pour les flexibles rigides avec h\u00e9lice et raccords, nous consulter.<\/div>\n<div><\/div>\n<div>\n<div class=\"video video-fit mb\" style=\"padding-top:56.25%;\"><p><iframe loading=\"lazy\" title=\"Quel tuyau alimentaire choisir ?\" width=\"1020\" height=\"574\" src=\"https:\/\/www.youtube.com\/embed\/1RIgy8WF1Ao?feature=oembed\" frameborder=\"0\" allow=\"accelerometer; autoplay; clipboard-write; encrypted-media; gyroscope; picture-in-picture; web-share\" referrerpolicy=\"strict-origin-when-cross-origin\" allowfullscreen><\/iframe><\/p>\n<\/div>\n<div class=\"video video-fit mb\" style=\"padding-top:56.25%;\"><p><iframe loading=\"lazy\" title=\"Confusion des mesures (pouces, doigts, brume, millim\u00e8tres)\" width=\"1020\" height=\"574\" src=\"https:\/\/www.youtube.com\/embed\/uKk6AG_AZls?feature=oembed\" frameborder=\"0\" allow=\"accelerometer; autoplay; clipboard-write; encrypted-media; gyroscope; picture-in-picture; web-share\" referrerpolicy=\"strict-origin-when-cross-origin\" allowfullscreen><\/iframe><\/p>\n<\/div>\n<\/div>\n<p><img data-recalc-dims=\"1\" loading=\"lazy\" decoding=\"async\" class=\"alignnone size-medium wp-image-2120\" src=\"https:\/\/i0.wp.com\/hortum.com.tr\/wp-content\/uploads\/urunler\/trelleborg\/Trelleborg-FP-2007-800x94.jpg?resize=800%2C94\" alt=\"\" width=\"800\" height=\"94\" title=\"\" srcset=\"https:\/\/i0.wp.com\/tuzlahortum.com.tr\/wp-content\/uploads\/urunler\/trelleborg\/Trelleborg-FP-2007.jpg?resize=800%2C94&amp;ssl=1 800w, https:\/\/i0.wp.com\/tuzlahortum.com.tr\/wp-content\/uploads\/urunler\/trelleborg\/Trelleborg-FP-2007.jpg?resize=768%2C90&amp;ssl=1 768w, https:\/\/i0.wp.com\/tuzlahortum.com.tr\/wp-content\/uploads\/urunler\/trelleborg\/Trelleborg-FP-2007.jpg?resize=600%2C71&amp;ssl=1 600w, https:\/\/i0.wp.com\/tuzlahortum.com.tr\/wp-content\/uploads\/urunler\/trelleborg\/Trelleborg-FP-2007.jpg?w=833&amp;ssl=1 833w\" sizes=\"auto, (max-width: 800px) 100vw, 800px\" \/><\/p>","protected":false},"excerpt":{"rendered":"<p>Trelleborg FP 2007 Bal\u0131k pompas\u0131 Bak\u0131l \u00e7iftliklerinde ve bal\u0131k i\u015fleme tesislerinde bal\u0131\u011f\u0131n pompalanmas\u0131 i\u00e7in kullan\u0131l\u0131r. Avantajlar *Esnek hortum tasar\u0131m\u0131 bu uygulama i\u00e7in optimum \u00f6zellikler sa\u011flar. *Zorlu \u015fartlarda kullan\u0131ma dayan\u0131kl\u0131d\u0131r. *Tahliye uygulamalar\u0131 i\u00e7in helissiz olarak \u00fcretilir. Teknik a\u00e7\u0131klama \u0130\u00e7 t\u00fcp :\u00a0a\u015f\u0131nmaya dayan\u0131kl\u0131 SBR\/NBR, siyah. Takviye :\u00a0sentetik tekstil. Kaplama :\u00a0hava ko\u015fullar\u0131na kar\u015f\u0131 dayan\u0131kl\u0131 SBR\/NBR, siyah, kuma\u015f g\u00f6r\u00fcn\u00fcml\u00fc. [&#8230;]\n","protected":false},"featured_media":2641,"comment_status":"open","ping_status":"closed","template":"","meta":{"jetpack_post_was_ever_published":false},"product_brand":[],"product_cat":[191],"product_tag":[298,299,290,300,301],"class_list":{"0":"post-540","1":"product","2":"type-product","3":"status-publish","4":"has-post-thumbnail","6":"product_cat-balik-pompasi-hortumu","7":"product_tag-balik","8":"product_tag-ciftlik","9":"product_tag-hortum","10":"product_tag-isletme","11":"product_tag-pompa","13":"first","14":"instock","15":"taxable","16":"shipping-taxable","17":"product-type-variable"},"jetpack-related-posts":[],"jetpack_sharing_enabled":true,"jetpack_likes_enabled":true,"_links":{"self":[{"href":"https:\/\/tuzlahortum.com.tr\/fr\/wp-json\/wp\/v2\/product\/540","targetHints":{"allow":["GET"]}}],"collection":[{"href":"https:\/\/tuzlahortum.com.tr\/fr\/wp-json\/wp\/v2\/product"}],"about":[{"href":"https:\/\/tuzlahortum.com.tr\/fr\/wp-json\/wp\/v2\/types\/product"}],"replies":[{"embeddable":true,"href":"https:\/\/tuzlahortum.com.tr\/fr\/wp-json\/wp\/v2\/comments?post=540"}],"wp:featuredmedia":[{"embeddable":true,"href":"https:\/\/tuzlahortum.com.tr\/fr\/wp-json\/wp\/v2\/media\/2641"}],"wp:attachment":[{"href":"https:\/\/tuzlahortum.com.tr\/fr\/wp-json\/wp\/v2\/media?parent=540"}],"wp:term":[{"taxonomy":"product_brand","embeddable":true,"href":"https:\/\/tuzlahortum.com.tr\/fr\/wp-json\/wp\/v2\/product_brand?post=540"},{"taxonomy":"product_cat","embeddable":true,"href":"https:\/\/tuzlahortum.com.tr\/fr\/wp-json\/wp\/v2\/product_cat?post=540"},{"taxonomy":"product_tag","embeddable":true,"href":"https:\/\/tuzlahortum.com.tr\/fr\/wp-json\/wp\/v2\/product_tag?post=540"}],"curies":[{"name":"wp","href":"https:\/\/api.w.org\/{rel}","templated":true}]}}