{"id":539,"date":"2019-02-06T23:45:41","date_gmt":"2019-02-06T20:45:41","guid":{"rendered":"http:\/\/hortum.com.tr\/product\/import-placeholder-for-498\/"},"modified":"2024-03-21T17:45:41","modified_gmt":"2024-03-21T14:45:41","slug":"trelleborg-push-lock-hose-red","status":"publish","type":"product","link":"https:\/\/tuzlahortum.com.tr\/fr\/produit\/trelleborg-push-lock-hose-red\/","title":{"rendered":"TUYAU PUSH-LOCK Trelleborg ROUGE"},"content":{"rendered":"<h2>TUYAU PUSH-LOCK Trelleborg ROUGE<\/h2>\n<div>Industries automobiles<\/div>\n<div>Il est id\u00e9alement con\u00e7u pour les conduites hydrauliques pneumatiques basse pression utilis\u00e9es dans les industries robotique et automobile.<\/div>\n<div>Il est utilis\u00e9 avec du mat\u00e9riel de connexion facile \u00e0 installer \u00e0 une pression de service maximale de 16 bars (250 psi).<\/div>\n<div>Ne convient pas aux applications \u00e0 pression intermittente.<\/div>\n<div>Avantages<\/div>\n<div>*Livr\u00e9 en 40, 80 et 100m sur poulie bois.<\/div>\n<div>*Tr\u00e8s bonne r\u00e9sistance \u00e0 l&#039;abrasion.<\/div>\n<div>* Il est flexible, l\u00e9ger et facile \u00e0 transporter.<\/div>\n<div>*Ne contient pas de silicone.<\/div>\n<div>description technique<\/div>\n<div>Tube int\u00e9rieur : NBR\/PVC r\u00e9sistant \u00e0 l&#039;huile, noir, uni.<\/div>\n<div>Renforcement : simple tresse textile.<\/div>\n<div>Rev\u00eatement : NBR\/PVC r\u00e9sistant \u00e0 l&#039;abrasion, \u00e0 l&#039;huile et au vieillissement, rouge, uni.<\/div>\n<div>\u00c9cart de temp\u00e9rature :<\/div>\n<div>M\u00e9t\u00e9o : -20\u00b0C\/+110\u00b0C (pic +125\u00b0C).<\/div>\n<div>Eau : 0\u00b0C\/+100\u00b0C (pic +110\u00b0C).<\/div>\n<div>Huiles hydrauliques : -20\u00b0C\/+70\u00b0C (pic +90\u00b0C).<\/div>\n<div>Eau glycol\u00e9e : -20\u00b0C\/+70\u00b0C (pic +90\u00b0C).<\/div>\n<div>Propri\u00e9t\u00e9s \u00e9lectriques : chambre \u00e0 air non conductrice, R&gt;1012\u03a9\/m.<\/div>\n<div>Unions\/Raccords<\/div>\n<div>Il est utilis\u00e9 avec du mat\u00e9riel de connexion facile \u00e0 installer \u00e0 une pression de service maximale de 16 bars (250 psi).<\/div>\n<div>Informations Compl\u00e9mentaires<\/div>\n<div>Il est livr\u00e9 en 40, 80 et 100m sur poulie bois. 20m : livr\u00e9 en bobines rev\u00eatues PE sur palettes.<\/div>\n<div>\n<div class=\"video video-fit mb\" style=\"padding-top:56.25%;\"><p><iframe loading=\"lazy\" title=\"Confusion des mesures (pouces, doigts, brume, millim\u00e8tres)\" width=\"1020\" height=\"574\" src=\"https:\/\/www.youtube.com\/embed\/uKk6AG_AZls?feature=oembed\" frameborder=\"0\" allow=\"accelerometer; autoplay; clipboard-write; encrypted-media; gyroscope; picture-in-picture; web-share\" referrerpolicy=\"strict-origin-when-cross-origin\" allowfullscreen><\/iframe><\/p>\n<\/div>\n<div class=\"video video-fit mb\" style=\"padding-top:56.25%;\"><p>https:\/\/www.youtube.com\/watch?v=O8ZlzKEjfEQ%20<\/p>\n<\/div>\n<\/div>\n<p><img data-recalc-dims=\"1\" loading=\"lazy\" decoding=\"async\" class=\"alignnone size-medium wp-image-2554\" src=\"https:\/\/i0.wp.com\/hortum.com.tr\/wp-content\/uploads\/2019\/02\/PUSH-LOCK-HOSE-RED-800x128.jpg?resize=800%2C128\" alt=\"\" width=\"800\" height=\"128\" title=\"\" srcset=\"https:\/\/i0.wp.com\/tuzlahortum.com.tr\/wp-content\/uploads\/2019\/02\/PUSH-LOCK-HOSE-RED.jpg?resize=800%2C128&amp;ssl=1 800w, https:\/\/i0.wp.com\/tuzlahortum.com.tr\/wp-content\/uploads\/2019\/02\/PUSH-LOCK-HOSE-RED.jpg?resize=768%2C123&amp;ssl=1 768w, https:\/\/i0.wp.com\/tuzlahortum.com.tr\/wp-content\/uploads\/2019\/02\/PUSH-LOCK-HOSE-RED.jpg?resize=600%2C96&amp;ssl=1 600w, https:\/\/i0.wp.com\/tuzlahortum.com.tr\/wp-content\/uploads\/2019\/02\/PUSH-LOCK-HOSE-RED.jpg?w=922&amp;ssl=1 922w\" sizes=\"auto, (max-width: 800px) 100vw, 800px\" \/><\/p>","protected":false},"excerpt":{"rendered":"<p>Trelleborg PUSH-LOCK HOSE RED Otomotiv End\u00fcstrileri Robotik ve otomotiv end\u00fcstrilerinde kullan\u0131lan hidrolik pn\u00f6matik d\u00fc\u015f\u00fck bas\u0131n\u00e7l\u0131 hatlar i\u00e7in ideal\u00a0olarak tasarlanm\u0131\u015ft\u0131r. Maksimum 16 bar (250psi) \u00e7al\u0131\u015fma bas\u0131nc\u0131nda kolay tak\u0131l\u0131r ba\u011flant\u0131 donan\u0131mlar\u0131 ile kullan\u0131l\u0131r. Fas\u0131lal\u0131 bas\u0131n\u00e7 uygulamalar\u0131 i\u00e7in uygun de\u011fildir. Avantajlar *Bir ah\u015fap kasnak \u00fczerinde 40, 80 ve 100m olarak teslim edilir. *\u00c7ok iyi a\u015f\u0131nma dayan\u0131m\u0131. *Esnek, hafiftir [&#8230;]\n","protected":false},"featured_media":2671,"comment_status":"open","ping_status":"closed","template":"","meta":{"jetpack_post_was_ever_published":false},"product_brand":[],"product_cat":[174],"product_tag":[294,295,290,296],"class_list":{"0":"post-539","1":"product","2":"type-product","3":"status-publish","4":"has-post-thumbnail","6":"product_cat-araba-ve-otomobil-hortumlari","7":"product_tag-dayanikli","8":"product_tag-endustri","9":"product_tag-hortum","10":"product_tag-otomotiv","12":"first","13":"instock","14":"taxable","15":"shipping-taxable","16":"product-type-variable"},"jetpack-related-posts":[],"jetpack_sharing_enabled":true,"jetpack_likes_enabled":true,"_links":{"self":[{"href":"https:\/\/tuzlahortum.com.tr\/fr\/wp-json\/wp\/v2\/product\/539","targetHints":{"allow":["GET"]}}],"collection":[{"href":"https:\/\/tuzlahortum.com.tr\/fr\/wp-json\/wp\/v2\/product"}],"about":[{"href":"https:\/\/tuzlahortum.com.tr\/fr\/wp-json\/wp\/v2\/types\/product"}],"replies":[{"embeddable":true,"href":"https:\/\/tuzlahortum.com.tr\/fr\/wp-json\/wp\/v2\/comments?post=539"}],"wp:featuredmedia":[{"embeddable":true,"href":"https:\/\/tuzlahortum.com.tr\/fr\/wp-json\/wp\/v2\/media\/2671"}],"wp:attachment":[{"href":"https:\/\/tuzlahortum.com.tr\/fr\/wp-json\/wp\/v2\/media?parent=539"}],"wp:term":[{"taxonomy":"product_brand","embeddable":true,"href":"https:\/\/tuzlahortum.com.tr\/fr\/wp-json\/wp\/v2\/product_brand?post=539"},{"taxonomy":"product_cat","embeddable":true,"href":"https:\/\/tuzlahortum.com.tr\/fr\/wp-json\/wp\/v2\/product_cat?post=539"},{"taxonomy":"product_tag","embeddable":true,"href":"https:\/\/tuzlahortum.com.tr\/fr\/wp-json\/wp\/v2\/product_tag?post=539"}],"curies":[{"name":"wp","href":"https:\/\/api.w.org\/{rel}","templated":true}]}}