{"id":533,"date":"2019-02-06T23:45:40","date_gmt":"2019-02-06T20:45:40","guid":{"rendered":"http:\/\/hortum.com.tr\/product\/import-placeholder-for-546\/"},"modified":"2024-03-21T17:45:46","modified_gmt":"2024-03-21T14:45:46","slug":"reduksiyon-a-tipi-aluminyum-kamlok","status":"publish","type":"product","link":"https:\/\/tuzlahortum.com.tr\/fr\/produit\/reduksiyon-a-tipi-aluminyum-kamlok\/","title":{"rendered":"Serrure \u00e0 came en aluminium de type A \u00e0 r\u00e9duction"},"content":{"rendered":"<h2>Serrure \u00e0 came en aluminium de type A \u00e0 r\u00e9duction<\/h2>\n<p>https:\/\/www.youtube.com\/watch?v=reOpL0l36s0<\/p>\n<p><iframe loading=\"lazy\" title=\"Types de Camlock, domaines d&#039;utilisation, pi\u00e8ces de rechange\" width=\"1020\" height=\"574\" src=\"https:\/\/www.youtube.com\/embed\/O8ZlzKEjfEQ?feature=oembed\" frameborder=\"0\" allow=\"accelerometer; autoplay; clipboard-write; encrypted-media; gyroscope; picture-in-picture; web-share\" referrerpolicy=\"strict-origin-when-cross-origin\" allowfullscreen><\/iframe><\/p>","protected":false},"excerpt":{"rendered":"<p>Red\u00fcksiyon A Tipi Al\u00fcminyum Kamlok https:\/\/www.youtube.com\/watch?v=reOpL0l36s0<\/p>","protected":false},"featured_media":8200,"comment_status":"open","ping_status":"closed","template":"","meta":[],"product_brand":[],"product_cat":[102],"product_tag":[272,273,251,271,287,270,269,277,288,2246,2247,274,276,275],"class_list":{"0":"post-533","1":"product","2":"type-product","3":"status-publish","4":"has-post-thumbnail","6":"product_cat-aluminyum-kamloklar","7":"product_tag-a-tipi","8":"product_tag-a-tipi-aluminyum","9":"product_tag-aluminyum","10":"product_tag-baglanti-elemani","11":"product_tag-hizli-baglanti-2","12":"product_tag-hortum-baglantisi","13":"product_tag-kamlok","14":"product_tag-kolay-baglanti","15":"product_tag-reduksiyon","16":"product_tag-reduksiyon-a-tipi","17":"product_tag-reduksiyon-a-tipi-aluminyum-kamlok","18":"product_tag-sok","19":"product_tag-sok-tak","20":"product_tag-tak","22":"first","23":"instock","24":"taxable","25":"shipping-taxable","26":"product-type-variable"},"jetpack-related-posts":[{"id":802,"url":"https:\/\/tuzlahortum.com.tr\/fr\/produit\/a-tipi-paslanmaz-kamlok-316\/","url_meta":{"origin":533,"position":0},"title":"Camlock en acier inoxydable de type A (316)","author":"admin","date":"6 f\u00e9vrier 2019","format":false,"excerpt":"A Tipi Paslanmaz Kamlok (316)( A T\u0130P\u0130 ) PASLANMAZ KAMLOK \u0130\u00c7TEN \u00a0D\u0130\u015eL\u0130 OLUP GENELL\u0130KLE \u00a0BSP \u00a0BORU D\u0130\u015e SE\u00c7ENE\u011e\u0130YLE M\u00dc\u015eTER\u0130M\u0130ZE SUNMAKTAYIZ KULLAN\u0131M ALANLARI K\u0130MYEV\u0130 MADDE AS\u0130T , SOLVENT , PETROL VB T\u00dcM K\u0130MYASALLAR \u0130\u00c7\u0130N DEM\u0130R \u00c7EL\u0130K FABR\u0130KALARINDA SICAK ORTAMLAR DA GEM\u0130 SEKT\u00d6R\u00dc DEN\u0130Z SUYU VB B\u0130R \u00c7OK AMACA UYGUN KULLANIM KOLAYLI\u011eI\u2026","rel":"","context":"Article similaire","block_context":{"text":"Article similaire","link":""},"img":{"alt_text":"","src":"https:\/\/i0.wp.com\/tuzlahortum.com.tr\/wp-content\/uploads\/2019\/02\/316A-.jpg?fit=1200%2C1187&ssl=1&resize=350%2C200","width":350,"height":200,"srcset":"https:\/\/i0.wp.com\/tuzlahortum.com.tr\/wp-content\/uploads\/2019\/02\/316A-.jpg?fit=1200%2C1187&ssl=1&resize=350%2C200 1x, https:\/\/i0.wp.com\/tuzlahortum.com.tr\/wp-content\/uploads\/2019\/02\/316A-.jpg?fit=1200%2C1187&ssl=1&resize=525%2C300 1.5x, https:\/\/i0.wp.com\/tuzlahortum.com.tr\/wp-content\/uploads\/2019\/02\/316A-.jpg?fit=1200%2C1187&ssl=1&resize=700%2C400 2x, https:\/\/i0.wp.com\/tuzlahortum.com.tr\/wp-content\/uploads\/2019\/02\/316A-.jpg?fit=1200%2C1187&ssl=1&resize=1050%2C600 3x"},"classes":[]},{"id":12755,"url":"https:\/\/tuzlahortum.com.tr\/fr\/produit\/a-tipi-paslanmaz-kamlok-304\/","url_meta":{"origin":533,"position":1},"title":"Camlock en acier inoxydable de type A (304)","author":"admin","date":"13 septembre 2023","format":false,"excerpt":"A Tipi Paslanmaz Kamlok (304) ( A T\u0130P\u0130 ) PASLANMAZ KAMLOK \u0130\u00c7TEN \u00a0D\u0130\u015eL\u0130 OLUP GENELL\u0130KLE \u00a0BSP \u00a0BORU D\u0130\u015e SE\u00c7ENE\u011e\u0130YLE M\u00dc\u015eTER\u0130M\u0130ZE SUNMAKTAYIZ KULLAN\u0131M ALANLARI K\u0130MYEV\u0130 MADDE AS\u0130T , SOLVENT , PETROL VB T\u00dcM K\u0130MYASALLAR \u0130\u00c7\u0130N DEM\u0130R \u00c7EL\u0130K FABR\u0130KALARINDA SICAK ORTAMLAR DA GEM\u0130 SEKT\u00d6R\u00dc DEN\u0130Z SUYU VB B\u0130R \u00c7OK AMACA UYGUN KULLANIM\u2026","rel":"","context":"Article similaire","block_context":{"text":"Article similaire","link":""},"img":{"alt_text":"","src":"https:\/\/i0.wp.com\/tuzlahortum.com.tr\/wp-content\/uploads\/2019\/02\/316A-.jpg?fit=1200%2C1187&ssl=1&resize=350%2C200","width":350,"height":200,"srcset":"https:\/\/i0.wp.com\/tuzlahortum.com.tr\/wp-content\/uploads\/2019\/02\/316A-.jpg?fit=1200%2C1187&ssl=1&resize=350%2C200 1x, https:\/\/i0.wp.com\/tuzlahortum.com.tr\/wp-content\/uploads\/2019\/02\/316A-.jpg?fit=1200%2C1187&ssl=1&resize=525%2C300 1.5x, https:\/\/i0.wp.com\/tuzlahortum.com.tr\/wp-content\/uploads\/2019\/02\/316A-.jpg?fit=1200%2C1187&ssl=1&resize=700%2C400 2x, https:\/\/i0.wp.com\/tuzlahortum.com.tr\/wp-content\/uploads\/2019\/02\/316A-.jpg?fit=1200%2C1187&ssl=1&resize=1050%2C600 3x"},"classes":[]},{"id":8750,"url":"https:\/\/tuzlahortum.com.tr\/fr\/produit\/trellflex-oil-14-gg\/","url_meta":{"origin":533,"position":2},"title":"HUILE TRELLFLEX 14 GG","author":"\u0130smail \u00c7elik","date":"26 mars 2019","format":false,"excerpt":"TRELLFLEX OIL 14 GGKompozit hortumlar\/Ya\u011f ve petrol Aromatik i\u00e7eri\u011fi %50'ye kadar olan hafif veya a\u011f\u0131r petrol \u00fcr\u00fcnleri ve t\u00fcrevlerinin \u00e7ekilmesi ve tahliyesi. Karayolu veya demiryolu ta\u015f\u0131tlar\u0131 veya sabit donan\u0131mlar. Avantajlar Hem siyah hem de beyaz ya\u011f ta\u015f\u0131nabilir. D\u00fc\u015f\u00fck k\u0131vr\u0131lma yar\u0131\u00e7ap\u0131. Teknik a\u00e7\u0131klama \u0130\u00e7 yay: galvanize \u00e7elik \u0130\u00e7 t\u00fcp : polipropilen\u2026","rel":"","context":"Article similaire","block_context":{"text":"Article similaire","link":""},"img":{"alt_text":"","src":"https:\/\/i0.wp.com\/tuzlahortum.com.tr\/wp-content\/uploads\/2019\/03\/trellflex-oil-1.jpg?fit=667%2C604&ssl=1&resize=350%2C200","width":350,"height":200,"srcset":"https:\/\/i0.wp.com\/tuzlahortum.com.tr\/wp-content\/uploads\/2019\/03\/trellflex-oil-1.jpg?fit=667%2C604&ssl=1&resize=350%2C200 1x, https:\/\/i0.wp.com\/tuzlahortum.com.tr\/wp-content\/uploads\/2019\/03\/trellflex-oil-1.jpg?fit=667%2C604&ssl=1&resize=525%2C300 1.5x"},"classes":[]},{"id":520,"url":"https:\/\/tuzlahortum.com.tr\/fr\/produit\/flansli-akaryakit-hortumlari-agir-tip\/","url_meta":{"origin":533,"position":3},"title":"Tuyaux de carburant \u00e0 bride (type lourd)","author":"admin","date":"6 f\u00e9vrier 2019","format":false,"excerpt":"Flan\u015fl\u0131 Akaryak\u0131t Hortumlar\u0131 (A\u011f\u0131r Tip)KULLANIM ALANLARI : Ham ve di\u011fer petrol \u00fcr\u00fcnlerinin dolum ve bo\u015falt\u0131m\u0131nda tanker ve di\u011fer ara\u00e7larda ba\u011flant\u0131 sa\u011flama i\u015flerinde kullan\u0131lmaktad\u0131r. Flan\u015flar ve \u00e7elik tel \u00f6zel bir sistemle hortuma ba\u011flanm\u0131\u015ft\u0131r. SERT\u0130F\u0130KALAR : Hortumlar TSE markal\u0131d\u0131r. TS3916 A T\u00dcR 1 KONTR\u00dcKS\u0130YON Alt : NBR, siyah, \u00f6zel bi\u00e7imde alt kata\u2026","rel":"","context":"Article similaire","block_context":{"text":"Article similaire","link":""},"img":{"alt_text":"","src":"https:\/\/i0.wp.com\/tuzlahortum.com.tr\/wp-content\/uploads\/urunler\/kaucuk\/superlas-flansli-akaryakit-hortumu.jpg?fit=360%2C270&ssl=1&resize=350%2C200","width":350,"height":200},"classes":[]},{"id":720,"url":"https:\/\/tuzlahortum.com.tr\/fr\/produit\/flansli-akaryakit-hortumlari-hafif-tip\/","url_meta":{"origin":533,"position":4},"title":"Tuyaux de carburant \u00e0 bride (type l\u00e9ger)","author":"admin","date":"6 f\u00e9vrier 2019","format":false,"excerpt":"Flan\u015fl\u0131 Akaryak\u0131t Hortumlar\u0131 (Hafif Tip)KULLANIM ALANLARI : Ham ve di\u011fer petrol \u00fcr\u00fcnlerinin dolum ve bo\u015falt\u0131m\u0131nda tanker ve di\u011fer ara\u00e7larda ba\u011flant\u0131 sa\u011flama i\u015flerinde kullan\u0131lmaktad\u0131r. Flan\u015flar ve \u00e7elik tel \u00f6zel bir sistemle hortuma ba\u011flanm\u0131\u015ft\u0131r. SERT\u0130F\u0130KALAR : Hortumlar TSE markal\u0131d\u0131r. TS3916 A T\u00dcR 1 KONTR\u00dcKS\u0130YON Alt : NBR, siyah, \u00f6zel bi\u00e7imde alt kata\u2026","rel":"","context":"Article similaire","block_context":{"text":"Article similaire","link":""},"img":{"alt_text":"","src":"https:\/\/i0.wp.com\/tuzlahortum.com.tr\/wp-content\/uploads\/urunler\/kaucuk\/superlas-flansli-akaryakit-hortumu.jpg?fit=360%2C270&ssl=1&resize=350%2C200","width":350,"height":200},"classes":[]},{"id":721,"url":"https:\/\/tuzlahortum.com.tr\/fr\/produit\/flansli-akaryakit-hortumlari-orta-tip\/","url_meta":{"origin":533,"position":5},"title":"Tuyaux de carburant \u00e0 bride (type moyen)","author":"admin","date":"6 f\u00e9vrier 2019","format":false,"excerpt":"Flan\u015fl\u0131 Akaryak\u0131t Hortumlar\u0131 (Orta Tip)KULLANIM ALANLARI : Ham ve di\u011fer petrol \u00fcr\u00fcnlerinin dolum ve bo\u015falt\u0131m\u0131nda tanker ve di\u011fer ara\u00e7larda ba\u011flant\u0131 sa\u011flama i\u015flerinde kullan\u0131lmaktad\u0131r. Flan\u015flar ve \u00e7elik tel \u00f6zel bir sistemle hortuma ba\u011flanm\u0131\u015ft\u0131r. SERT\u0130F\u0130KALAR : Hortumlar TSE markal\u0131d\u0131r. TS3916 A T\u00dcR 1 KONTR\u00dcKS\u0130YON Alt : NBR, siyah, \u00f6zel bi\u00e7imde alt kata\u2026","rel":"","context":"Article similaire","block_context":{"text":"Article similaire","link":""},"img":{"alt_text":"","src":"https:\/\/i0.wp.com\/tuzlahortum.com.tr\/wp-content\/uploads\/urunler\/kaucuk\/superlas-flansli-akaryakit-hortumu.jpg?fit=360%2C270&ssl=1&resize=350%2C200","width":350,"height":200},"classes":[]}],"jetpack_sharing_enabled":true,"jetpack_likes_enabled":true,"_links":{"self":[{"href":"https:\/\/tuzlahortum.com.tr\/fr\/wp-json\/wp\/v2\/product\/533","targetHints":{"allow":["GET"]}}],"collection":[{"href":"https:\/\/tuzlahortum.com.tr\/fr\/wp-json\/wp\/v2\/product"}],"about":[{"href":"https:\/\/tuzlahortum.com.tr\/fr\/wp-json\/wp\/v2\/types\/product"}],"replies":[{"embeddable":true,"href":"https:\/\/tuzlahortum.com.tr\/fr\/wp-json\/wp\/v2\/comments?post=533"}],"wp:featuredmedia":[{"embeddable":true,"href":"https:\/\/tuzlahortum.com.tr\/fr\/wp-json\/wp\/v2\/media\/8200"}],"wp:attachment":[{"href":"https:\/\/tuzlahortum.com.tr\/fr\/wp-json\/wp\/v2\/media?parent=533"}],"wp:term":[{"taxonomy":"product_brand","embeddable":true,"href":"https:\/\/tuzlahortum.com.tr\/fr\/wp-json\/wp\/v2\/product_brand?post=533"},{"taxonomy":"product_cat","embeddable":true,"href":"https:\/\/tuzlahortum.com.tr\/fr\/wp-json\/wp\/v2\/product_cat?post=533"},{"taxonomy":"product_tag","embeddable":true,"href":"https:\/\/tuzlahortum.com.tr\/fr\/wp-json\/wp\/v2\/product_tag?post=533"}],"curies":[{"name":"wp","href":"https:\/\/api.w.org\/{rel}","templated":true}]}}