{"id":523,"date":"2019-02-06T23:45:38","date_gmt":"2019-02-06T20:45:38","guid":{"rendered":"http:\/\/hortum.com.tr\/product\/import-placeholder-for-444\/"},"modified":"2024-03-21T17:45:54","modified_gmt":"2024-03-21T14:45:54","slug":"alman-aluminyum-tipi-disi-rekor","status":"publish","type":"product","link":"https:\/\/tuzlahortum.com.tr\/fr\/produit\/alman-aluminyum-tipi-disi-rekor\/","title":{"rendered":"Union femelle allemande de type aluminium"},"content":{"rendered":"<h2>Union femelle allemande de type aluminium<\/h2>","protected":false},"excerpt":{"rendered":"<p>Union femelle allemande de type aluminium<\/p>","protected":false},"featured_media":2945,"comment_status":"open","ping_status":"closed","template":"","meta":{"jetpack_post_was_ever_published":false},"product_brand":[],"product_cat":[123],"product_tag":[250,255,251,257,252,256],"class_list":{"0":"post-523","1":"product","2":"type-product","3":"status-publish","4":"has-post-thumbnail","6":"product_cat-alman-aluminyum-tipi-rekorlar","7":"product_tag-alman","8":"product_tag-alman-aluminyum-disi-rekor","9":"product_tag-aluminyum","10":"product_tag-disi","11":"product_tag-rekor","12":"product_tag-yangin","14":"first","15":"instock","16":"taxable","17":"shipping-taxable","18":"product-type-variable"},"jetpack-related-posts":[{"id":999,"url":"https:\/\/tuzlahortum.com.tr\/fr\/produit\/alman-disi-rekor\/","url_meta":{"origin":523,"position":0},"title":"Record f\u00e9minin allemand","author":"admin","date":"7 f\u00e9vrier 2019","format":false,"excerpt":"Record f\u00e9minin allemand","rel":"","context":"Article similaire","block_context":{"text":"Article similaire","link":""},"img":{"alt_text":"","src":"https:\/\/i0.wp.com\/tuzlahortum.com.tr\/wp-content\/uploads\/2019\/02\/alman-disi-rekor4.jpg?fit=500%2C500&ssl=1&resize=350%2C200","width":350,"height":200},"classes":[]},{"id":1000,"url":"https:\/\/tuzlahortum.com.tr\/fr\/produit\/alman-aluminyum-erkek-rekor\/","url_meta":{"origin":523,"position":1},"title":"Record masculin allemand en aluminium","author":"admin","date":"7 f\u00e9vrier 2019","format":false,"excerpt":"Record masculin allemand en aluminium","rel":"","context":"Article similaire","block_context":{"text":"Article similaire","link":""},"img":{"alt_text":"","src":"https:\/\/i0.wp.com\/tuzlahortum.com.tr\/wp-content\/uploads\/2019\/02\/alman-aluminyum-erkek-rekor-2.jpg?fit=500%2C500&ssl=1&resize=350%2C200","width":350,"height":200},"classes":[]},{"id":522,"url":"https:\/\/tuzlahortum.com.tr\/fr\/produit\/alman-aluminyum-hortum-rekoru\/","url_meta":{"origin":523,"position":2},"title":"Record allemand de tuyaux en aluminium","author":"admin","date":"6 f\u00e9vrier 2019","format":false,"excerpt":"Record allemand de tuyaux en aluminium","rel":"","context":"Article similaire","block_context":{"text":"Article similaire","link":""},"img":{"alt_text":"","src":"https:\/\/i0.wp.com\/tuzlahortum.com.tr\/wp-content\/uploads\/2019\/02\/Alman-Al%C3%BCminyum-Hortum-Rekoru.jpg?fit=800%2C600&ssl=1&resize=350%2C200","width":350,"height":200,"srcset":"https:\/\/i0.wp.com\/tuzlahortum.com.tr\/wp-content\/uploads\/2019\/02\/Alman-Al%C3%BCminyum-Hortum-Rekoru.jpg?fit=800%2C600&ssl=1&resize=350%2C200 1x, https:\/\/i0.wp.com\/tuzlahortum.com.tr\/wp-content\/uploads\/2019\/02\/Alman-Al%C3%BCminyum-Hortum-Rekoru.jpg?fit=800%2C600&ssl=1&resize=525%2C300 1.5x, https:\/\/i0.wp.com\/tuzlahortum.com.tr\/wp-content\/uploads\/2019\/02\/Alman-Al%C3%BCminyum-Hortum-Rekoru.jpg?fit=800%2C600&ssl=1&resize=700%2C400 2x"},"classes":[]},{"id":969,"url":"https:\/\/tuzlahortum.com.tr\/fr\/produit\/alman-aluminyum-kortapa\/","url_meta":{"origin":523,"position":3},"title":"Bouchon en aluminium allemand","author":"admin","date":"7 f\u00e9vrier 2019","format":false,"excerpt":"Bouchon en aluminium allemand","rel":"","context":"Article similaire","block_context":{"text":"Article similaire","link":""},"img":{"alt_text":"","src":"https:\/\/i0.wp.com\/tuzlahortum.com.tr\/wp-content\/uploads\/2019\/02\/Alman-Al%C3%BCminyum-K%C3%B6rtapa.jpg?fit=800%2C600&ssl=1&resize=350%2C200","width":350,"height":200,"srcset":"https:\/\/i0.wp.com\/tuzlahortum.com.tr\/wp-content\/uploads\/2019\/02\/Alman-Al%C3%BCminyum-K%C3%B6rtapa.jpg?fit=800%2C600&ssl=1&resize=350%2C200 1x, https:\/\/i0.wp.com\/tuzlahortum.com.tr\/wp-content\/uploads\/2019\/02\/Alman-Al%C3%BCminyum-K%C3%B6rtapa.jpg?fit=800%2C600&ssl=1&resize=525%2C300 1.5x, https:\/\/i0.wp.com\/tuzlahortum.com.tr\/wp-content\/uploads\/2019\/02\/Alman-Al%C3%BCminyum-K%C3%B6rtapa.jpg?fit=800%2C600&ssl=1&resize=700%2C400 2x"},"classes":[]},{"id":967,"url":"https:\/\/tuzlahortum.com.tr\/fr\/produit\/alman-erkek-rekor\/","url_meta":{"origin":523,"position":4},"title":"Record masculin allemand","author":"admin","date":"6 f\u00e9vrier 2019","format":false,"excerpt":"Record masculin allemand","rel":"","context":"Article similaire","block_context":{"text":"Article similaire","link":""},"img":{"alt_text":"","src":"https:\/\/i0.wp.com\/tuzlahortum.com.tr\/wp-content\/uploads\/2019\/02\/alman-erkek-rekor-2.jpg?fit=500%2C500&ssl=1&resize=350%2C200","width":350,"height":200},"classes":[]},{"id":1001,"url":"https:\/\/tuzlahortum.com.tr\/fr\/produit\/alman-hortum-rekoru\/","url_meta":{"origin":523,"position":5},"title":"Record allemand de tuyau","author":"admin","date":"7 f\u00e9vrier 2019","format":false,"excerpt":"Record allemand de tuyau","rel":"","context":"Article similaire","block_context":{"text":"Article similaire","link":""},"img":{"alt_text":"","src":"https:\/\/i0.wp.com\/tuzlahortum.com.tr\/wp-content\/uploads\/2019\/02\/alman-hortum-rekoru4.jpg?fit=500%2C500&ssl=1&resize=350%2C200","width":350,"height":200},"classes":[]}],"jetpack_sharing_enabled":true,"jetpack_likes_enabled":true,"_links":{"self":[{"href":"https:\/\/tuzlahortum.com.tr\/fr\/wp-json\/wp\/v2\/product\/523","targetHints":{"allow":["GET"]}}],"collection":[{"href":"https:\/\/tuzlahortum.com.tr\/fr\/wp-json\/wp\/v2\/product"}],"about":[{"href":"https:\/\/tuzlahortum.com.tr\/fr\/wp-json\/wp\/v2\/types\/product"}],"replies":[{"embeddable":true,"href":"https:\/\/tuzlahortum.com.tr\/fr\/wp-json\/wp\/v2\/comments?post=523"}],"wp:featuredmedia":[{"embeddable":true,"href":"https:\/\/tuzlahortum.com.tr\/fr\/wp-json\/wp\/v2\/media\/2945"}],"wp:attachment":[{"href":"https:\/\/tuzlahortum.com.tr\/fr\/wp-json\/wp\/v2\/media?parent=523"}],"wp:term":[{"taxonomy":"product_brand","embeddable":true,"href":"https:\/\/tuzlahortum.com.tr\/fr\/wp-json\/wp\/v2\/product_brand?post=523"},{"taxonomy":"product_cat","embeddable":true,"href":"https:\/\/tuzlahortum.com.tr\/fr\/wp-json\/wp\/v2\/product_cat?post=523"},{"taxonomy":"product_tag","embeddable":true,"href":"https:\/\/tuzlahortum.com.tr\/fr\/wp-json\/wp\/v2\/product_tag?post=523"}],"curies":[{"name":"wp","href":"https:\/\/api.w.org\/{rel}","templated":true}]}}