{"id":520,"date":"2019-02-06T23:45:37","date_gmt":"2019-02-06T20:45:37","guid":{"rendered":"http:\/\/hortum.com.tr\/product\/import-placeholder-for-82\/"},"modified":"2024-03-21T17:45:57","modified_gmt":"2024-03-21T14:45:57","slug":"flansli-akaryakit-hortumlari-agir-tip","status":"publish","type":"product","link":"https:\/\/tuzlahortum.com.tr\/fr\/produit\/flansli-akaryakit-hortumlari-agir-tip\/","title":{"rendered":"Tuyaux de carburant \u00e0 bride (type lourd)"},"content":{"rendered":"<h2>Tuyaux de carburant \u00e0 bride (type lourd)<\/h2>\n<div>DOMAINES D&#039;UTILISATION: Il est utilis\u00e9 dans le remplissage et le d\u00e9chargement de produits p\u00e9troliers bruts et autres, et dans les travaux de connexion dans les camions-citernes et autres v\u00e9hicules. Les brides et le fil d&#039;acier sont connect\u00e9s au tuyau avec un syst\u00e8me sp\u00e9cial.<\/div>\n<div><\/div>\n<div>CERTIFICATS : Les flexibles sont de marque TSE. TS3916 UN TYPE 1<\/div>\n<div><\/div>\n<div>CONSTRUCTION<\/div>\n<div>Fond : NBR, noir, brides sp\u00e9cialement fusionn\u00e9es \u00e0 la couche inf\u00e9rieure,<\/div>\n<div>Renforcement : Tissu de corde, fil d&#039;acier spiral\u00e9, deux fils de cuivre tress\u00e9s en croix<\/div>\n<div>Tige : CR, noire, brillante, bande imprim\u00e9e, r\u00e9sistante \u00e0 l&#039;abrasion, au fioul, \u00e0 l&#039;eau de mer et \u00e0 toutes les conditions climatiques<\/div>\n<div><\/div>\n<div>\n<div class=\"video video-fit mb\" style=\"padding-top:56.25%;\"><p><iframe loading=\"lazy\" title=\"Confusion des mesures (pouces, doigts, brume, millim\u00e8tres)\" width=\"1020\" height=\"574\" src=\"https:\/\/www.youtube.com\/embed\/uKk6AG_AZls?feature=oembed\" frameborder=\"0\" allow=\"accelerometer; autoplay; clipboard-write; encrypted-media; gyroscope; picture-in-picture; web-share\" referrerpolicy=\"strict-origin-when-cross-origin\" allowfullscreen><\/iframe><\/p>\n<\/div>\n<div class=\"video video-fit mb\" style=\"padding-top:56.25%;\"><p>https:\/\/www.youtube.com\/watch?v=O8ZlzKEjfEQ%20<\/p>\n<\/div>\n<\/div>","protected":false},"excerpt":{"rendered":"<p>Flan\u015fl\u0131 Akaryak\u0131t Hortumlar\u0131 (A\u011f\u0131r Tip) KULLANIM ALANLARI : Ham ve di\u011fer petrol \u00fcr\u00fcnlerinin dolum ve bo\u015falt\u0131m\u0131nda tanker ve di\u011fer ara\u00e7larda ba\u011flant\u0131 sa\u011flama i\u015flerinde kullan\u0131lmaktad\u0131r. Flan\u015flar ve \u00e7elik tel \u00f6zel bir sistemle hortuma ba\u011flanm\u0131\u015ft\u0131r. SERT\u0130F\u0130KALAR : Hortumlar TSE markal\u0131d\u0131r. TS3916 A T\u00dcR 1 KONTR\u00dcKS\u0130YON Alt : NBR, siyah, \u00f6zel bi\u00e7imde alt kata kayna\u015ft\u0131r\u0131lm\u0131\u015f flan\u015flar, Takviye : [&#8230;]\n","protected":false},"featured_media":1719,"comment_status":"open","ping_status":"closed","template":"","meta":{"jetpack_post_was_ever_published":false},"product_brand":[],"product_cat":[152],"product_tag":[231,232,234,233,236,237,239,238,240,235],"class_list":{"0":"post-520","1":"product","2":"type-product","3":"status-publish","4":"has-post-thumbnail","6":"product_cat-akaryakit-hortumlari","7":"product_tag-akaryakit-alici-hortum","8":"product_tag-akaryakit-alici-verici-hortum","9":"product_tag-akaryakit-basma","10":"product_tag-akaryakit-emme","11":"product_tag-akaryakit-nakil-hortumu","12":"product_tag-akaryakit-transfer-hortumu","13":"product_tag-flansli-agir-tip-hortum","14":"product_tag-flansli-akaryakit-hortumu","15":"product_tag-petrol-urunlerinin-dolum-ve-bosaltimi","16":"product_tag-rafineri-hortumu","18":"first","19":"instock","20":"taxable","21":"shipping-taxable","22":"product-type-variable"},"jetpack-related-posts":[{"id":720,"url":"https:\/\/tuzlahortum.com.tr\/fr\/produit\/flansli-akaryakit-hortumlari-hafif-tip\/","url_meta":{"origin":520,"position":0},"title":"Tuyaux de carburant \u00e0 bride (type l\u00e9ger)","author":"admin","date":"6 f\u00e9vrier 2019","format":false,"excerpt":"Flan\u015fl\u0131 Akaryak\u0131t Hortumlar\u0131 (Hafif Tip)KULLANIM ALANLARI : Ham ve di\u011fer petrol \u00fcr\u00fcnlerinin dolum ve bo\u015falt\u0131m\u0131nda tanker ve di\u011fer ara\u00e7larda ba\u011flant\u0131 sa\u011flama i\u015flerinde kullan\u0131lmaktad\u0131r. Flan\u015flar ve \u00e7elik tel \u00f6zel bir sistemle hortuma ba\u011flanm\u0131\u015ft\u0131r. SERT\u0130F\u0130KALAR : Hortumlar TSE markal\u0131d\u0131r. TS3916 A T\u00dcR 1 KONTR\u00dcKS\u0130YON Alt : NBR, siyah, \u00f6zel bi\u00e7imde alt kata\u2026","rel":"","context":"Article similaire","block_context":{"text":"Article similaire","link":""},"img":{"alt_text":"","src":"https:\/\/i0.wp.com\/tuzlahortum.com.tr\/wp-content\/uploads\/urunler\/kaucuk\/superlas-flansli-akaryakit-hortumu.jpg?fit=360%2C270&ssl=1&resize=350%2C200","width":350,"height":200},"classes":[]},{"id":721,"url":"https:\/\/tuzlahortum.com.tr\/fr\/produit\/flansli-akaryakit-hortumlari-orta-tip\/","url_meta":{"origin":520,"position":1},"title":"Tuyaux de carburant \u00e0 bride (type moyen)","author":"admin","date":"6 f\u00e9vrier 2019","format":false,"excerpt":"Flan\u015fl\u0131 Akaryak\u0131t Hortumlar\u0131 (Orta Tip)KULLANIM ALANLARI : Ham ve di\u011fer petrol \u00fcr\u00fcnlerinin dolum ve bo\u015falt\u0131m\u0131nda tanker ve di\u011fer ara\u00e7larda ba\u011flant\u0131 sa\u011flama i\u015flerinde kullan\u0131lmaktad\u0131r. Flan\u015flar ve \u00e7elik tel \u00f6zel bir sistemle hortuma ba\u011flanm\u0131\u015ft\u0131r. SERT\u0130F\u0130KALAR : Hortumlar TSE markal\u0131d\u0131r. TS3916 A T\u00dcR 1 KONTR\u00dcKS\u0130YON Alt : NBR, siyah, \u00f6zel bi\u00e7imde alt kata\u2026","rel":"","context":"Article similaire","block_context":{"text":"Article similaire","link":""},"img":{"alt_text":"","src":"https:\/\/i0.wp.com\/tuzlahortum.com.tr\/wp-content\/uploads\/urunler\/kaucuk\/superlas-flansli-akaryakit-hortumu.jpg?fit=360%2C270&ssl=1&resize=350%2C200","width":350,"height":200},"classes":[]},{"id":719,"url":"https:\/\/tuzlahortum.com.tr\/fr\/produit\/akaryakit-alici-verici-hortum\/","url_meta":{"origin":520,"position":2},"title":"Tuyau d&#039;\u00e9metteur-r\u00e9cepteur de carburant","author":"admin","date":"6 f\u00e9vrier 2019","format":false,"excerpt":"Akaryak\u0131t Al\u0131c\u0131-Verici HortumKULLANIM ALANLARI : Depolardan tankerlere her nevi akaryak\u0131t emme ve nakil i\u015flerinde ve rafineri \u00e7al\u0131\u015fmalar\u0131nda kullan\u0131lan hortumlard\u0131r. SERT\u0130F\u0130KALAR : Hortumlar TSE markal\u0131d\u0131r. TS3916 B T\u00dcR 1 KONTR\u00dcKS\u0130YON Alt : NBR, siyah, iletken Takviye : Y\u00fcksek mukavemetli kord bezi, \u00e7elik tel, iletken bak\u0131r tel \u00dcst CR, siyah, a\u015f\u0131nmaya, akaryak\u0131ta\u2026","rel":"","context":"Article similaire","block_context":{"text":"Article similaire","link":""},"img":{"alt_text":"","src":"https:\/\/i0.wp.com\/tuzlahortum.com.tr\/wp-content\/uploads\/urunler\/kaucuk\/superlas-yakit-alici-verici-hortum.jpg?fit=360%2C270&ssl=1&resize=350%2C200","width":350,"height":200},"classes":[]},{"id":728,"url":"https:\/\/tuzlahortum.com.tr\/fr\/produit\/celik-tel-orgulu-buhar-hortumlari\/","url_meta":{"origin":520,"position":3},"title":"Tuyaux \u00e0 vapeur tress\u00e9s en fil d&#039;acier","author":"admin","date":"6 f\u00e9vrier 2019","format":false,"excerpt":"\u00c7elik Tel \u00d6rg\u00fcl\u00fc Buhar Hortumlar\u0131KULLANIM ALANLARI : Y\u00fcksek tazyik ve \u0131s\u0131 gerektiren rafineri, tersane, kimya ve \u00e7elik fabrikalar\u0131nda, buhar devrelerinde SERT\u0130F\u0130KALAR : Hortumlar TSE markal\u0131d\u0131r. TS2149 SINIF 1 \/ T\u0130P 1 KONTR\u00dcKS\u0130YON Alt : EPDM, siyah, d\u00fcz Takviye : Y\u00fcksek mukavemetli ve \u0131s\u0131ya dayan\u0131kl\u0131 tekstil takviye \u00dcst : EPDM, siyah,\u2026","rel":"","context":"Article similaire","block_context":{"text":"Article similaire","link":""},"img":{"alt_text":"","src":"https:\/\/i0.wp.com\/tuzlahortum.com.tr\/wp-content\/uploads\/urunler\/kaucuk\/superlas-celik-telli-buhar-hortumu.jpg?fit=360%2C270&ssl=1&resize=350%2C200","width":350,"height":200},"classes":[]},{"id":722,"url":"https:\/\/tuzlahortum.com.tr\/fr\/produit\/akaryakit-verici-hortumlar\/","url_meta":{"origin":520,"position":4},"title":"Tuyaux d&#039;alimentation en carburant","author":"admin","date":"6 f\u00e9vrier 2019","format":false,"excerpt":"Akaryak\u0131t Verici HortumlarKULLANIM ALANLARI : S\u00fcper benzin, mazot, fuel-oil ve her nevi akaryak\u0131t da\u011f\u0131tma i\u015flerinde SERT\u0130F\u0130KALAR : Hortumlar TSE markal\u0131d\u0131r. TS3916 B T\u00dcR 1 KONTR\u00dcKS\u0130YON Alt : NBR, siyah, parlak, ya\u011fa dayan\u0131kl\u0131 Takviye : Y\u00fcksek mukavemetli kord bezi, iletken bak\u0131r tel \u00dcst : CR, siyah, parlak, bask\u0131l\u0131 \u015ferit, a\u015f\u0131nmaya ve\u2026","rel":"","context":"Article similaire","block_context":{"text":"Article similaire","link":""},"img":{"alt_text":"","src":"https:\/\/i0.wp.com\/tuzlahortum.com.tr\/wp-content\/uploads\/urunler\/kaucuk\/superlas-yakit-verici-hortum.jpg?fit=360%2C270&ssl=1&resize=350%2C200","width":350,"height":200},"classes":[]},{"id":750,"url":"https:\/\/tuzlahortum.com.tr\/fr\/produit\/ozel-solvent-alici-verici-hortum\/","url_meta":{"origin":520,"position":5},"title":"Tuyau d&#039;\u00e9metteur-r\u00e9cepteur de solvant sp\u00e9cial","author":"admin","date":"6 f\u00e9vrier 2019","format":false,"excerpt":"\u00d6zel Solvent Al\u0131c\u0131-Verici HortumKULLANIM ALANLARI : Kimya sanayisinde toluol, xylol ve benzeri solvent ve kimyevi madde tahliye ve emme i\u015flerinde KONTR\u00dcKS\u0130YON Alt : \u00d6zel XLPE kat\u0131 kau\u00e7uk katlar ile vulkanize edilmi\u015f, siyah Takviye : Y\u00fcksek mukavemetli kord bezi, iletken bak\u0131r tel, katlararas\u0131 \u00e7elik tel \u00dcst : Ya\u011fl\u0131 ortama dayan\u0131kl\u0131 CR,\u2026","rel":"","context":"Article similaire","block_context":{"text":"Article similaire","link":""},"img":{"alt_text":"","src":"https:\/\/i0.wp.com\/tuzlahortum.com.tr\/wp-content\/uploads\/urunler\/kaucuk\/superlas-ozel-solvent-hortumu.jpg?fit=360%2C270&ssl=1&resize=350%2C200","width":350,"height":200},"classes":[]}],"jetpack_sharing_enabled":true,"jetpack_likes_enabled":true,"_links":{"self":[{"href":"https:\/\/tuzlahortum.com.tr\/fr\/wp-json\/wp\/v2\/product\/520","targetHints":{"allow":["GET"]}}],"collection":[{"href":"https:\/\/tuzlahortum.com.tr\/fr\/wp-json\/wp\/v2\/product"}],"about":[{"href":"https:\/\/tuzlahortum.com.tr\/fr\/wp-json\/wp\/v2\/types\/product"}],"replies":[{"embeddable":true,"href":"https:\/\/tuzlahortum.com.tr\/fr\/wp-json\/wp\/v2\/comments?post=520"}],"wp:featuredmedia":[{"embeddable":true,"href":"https:\/\/tuzlahortum.com.tr\/fr\/wp-json\/wp\/v2\/media\/1719"}],"wp:attachment":[{"href":"https:\/\/tuzlahortum.com.tr\/fr\/wp-json\/wp\/v2\/media?parent=520"}],"wp:term":[{"taxonomy":"product_brand","embeddable":true,"href":"https:\/\/tuzlahortum.com.tr\/fr\/wp-json\/wp\/v2\/product_brand?post=520"},{"taxonomy":"product_cat","embeddable":true,"href":"https:\/\/tuzlahortum.com.tr\/fr\/wp-json\/wp\/v2\/product_cat?post=520"},{"taxonomy":"product_tag","embeddable":true,"href":"https:\/\/tuzlahortum.com.tr\/fr\/wp-json\/wp\/v2\/product_tag?post=520"}],"curies":[{"name":"wp","href":"https:\/\/api.w.org\/{rel}","templated":true}]}}