{"id":4643,"date":"2019-02-25T15:15:58","date_gmt":"2019-02-25T12:15:58","guid":{"rendered":"http:\/\/hortum.com.tr\/?post_type=product&#038;p=4643"},"modified":"2024-03-21T17:39:07","modified_gmt":"2024-03-21T14:39:07","slug":"yangin-tupu-kkt-12kg","status":"publish","type":"product","link":"https:\/\/tuzlahortum.com.tr\/fr\/produit\/yangin-tupu-kkt-12kg\/","title":{"rendered":"Extincteur KKT(12kg)"},"content":{"rendered":"<h2>Extincteur KKT(12kg)<\/h2>\n<p>Corps en t\u00f4le pl\u00e2tr\u00e9e de qualit\u00e9 A1 7114<br \/>\nSoudage au gaz<br \/>\nAssemblage de soupape de d\u00e9clenchement en laiton<br \/>\nManom\u00e8tre import\u00e9<br \/>\nExtincteur ABC import\u00e9<br \/>\nPression de service de 18 bars<br \/>\nRev\u00eatement en poudre \u00e9lectrostatique de 0,70 micron<br \/>\nCintre de montage sp\u00e9cial<br \/>\nAgent extincteur 6-12 kg.<br \/>\nTemps de travail moyen 18 secondes<br \/>\nTemp\u00e9rature de fonctionnement -20 +60<\/p>","protected":false},"excerpt":{"rendered":"<p>Yang\u0131n T\u00fcp\u00fc KKT(12kg) A1 7114 Kalite S\u0131vama Sactan G\u00f6vde Gazalt\u0131 Kaynak Prin\u00e7 Tetik Vana Tertibat\u0131 \u0130thal Manometre \u0130thal ABC s\u00f6nd\u00fcr\u00fcc\u00fc 18 Bar \u00c7al\u0131\u015fma Bas\u0131nc\u0131 0.70 Mikron Elektro Statik Toz Boya \u00d6zel Montaj Ask\u0131s\u0131 S\u00f6nd\u00fcrme Maddesi 6-12 Kg. Ortalama \u00c7al\u0131\u015fma S\u00fcresi 18 Saniye \u00c7al\u0131\u015fma S\u0131cakl\u0131\u011f\u0131 -20 +60<\/p>","protected":false},"featured_media":391,"comment_status":"open","ping_status":"closed","template":"","meta":{"jetpack_post_was_ever_published":false},"product_brand":[],"product_cat":[121],"product_tag":[1296,1297,256,2289],"class_list":{"0":"post-4643","1":"product","2":"type-product","3":"status-publish","4":"has-post-thumbnail","6":"product_cat-yangin-tupu","7":"product_tag-sondurme","8":"product_tag-tupu","9":"product_tag-yangin","10":"product_tag-yangin-tupu","12":"first","13":"instock","14":"taxable","15":"shipping-taxable","16":"product-type-simple"},"jetpack-related-posts":[{"id":1007,"url":"https:\/\/tuzlahortum.com.tr\/fr\/produit\/yangin-tupu-kkt-6kg\/","url_meta":{"origin":4643,"position":0},"title":"Extincteur KKT(6kg)","author":"admin","date":"7 f\u00e9vrier 2019","format":false,"excerpt":"Yang\u0131n T\u00fcp\u00fc KKT(6kg)A1 7114 Kalite S\u0131vama Sactan G\u00f6vde Gazalt\u0131 Kaynak Prin\u00e7 Tetik Vana Tertibat\u0131 \u0130thal Manometre \u0130thal ABC s\u00f6nd\u00fcr\u00fcc\u00fc 18 Bar \u00c7al\u0131\u015fma Bas\u0131nc\u0131 0.70 Mikron Elektro Statik Toz Boya \u00d6zel Montaj Ask\u0131s\u0131 S\u00f6nd\u00fcrme Maddesi 6-12 Kg. Ortalama \u00c7al\u0131\u015fma S\u00fcresi 18 Saniye \u00c7al\u0131\u015fma S\u0131cakl\u0131\u011f\u0131 -20 +60","rel":"","context":"Article similaire","block_context":{"text":"Article similaire","link":""},"img":{"alt_text":"Yang\u0131n T\u00fcp\u00fc","src":"https:\/\/i0.wp.com\/tuzlahortum.com.tr\/wp-content\/uploads\/2019\/02\/6-kg-kkt.png?fit=1024%2C768&ssl=1&resize=350%2C200","width":350,"height":200,"srcset":"https:\/\/i0.wp.com\/tuzlahortum.com.tr\/wp-content\/uploads\/2019\/02\/6-kg-kkt.png?fit=1024%2C768&ssl=1&resize=350%2C200 1x, https:\/\/i0.wp.com\/tuzlahortum.com.tr\/wp-content\/uploads\/2019\/02\/6-kg-kkt.png?fit=1024%2C768&ssl=1&resize=525%2C300 1.5x, https:\/\/i0.wp.com\/tuzlahortum.com.tr\/wp-content\/uploads\/2019\/02\/6-kg-kkt.png?fit=1024%2C768&ssl=1&resize=700%2C400 2x"},"classes":[]},{"id":970,"url":"https:\/\/tuzlahortum.com.tr\/fr\/produit\/beyaz-yangin-hortumu\/","url_meta":{"origin":4643,"position":1},"title":"Tuyau d&#039;incendie blanc","author":"admin","date":"7 f\u00e9vrier 2019","format":false,"excerpt":"Beyaz Yang\u0131n Hortumu\u00a0Standartlar: TSE 9222Not: 5\"-125 mm ve 6\"-125 mm TSE Belgesi yoktur.* DIN EN ISO 9001-2008 kapsam\u0131nda, TS 9222 standard\u0131nda i\u00e7 astar\u0131 kau\u00e7uk olarak \u00fcretilmektedir.* D\u0131\u015f y\u00fczeyi sert ve p\u00fcr\u00fczl\u00fc zeminlere kar\u015f\u0131 daha dayan\u0131kl\u0131 olmas\u0131 i\u00e7in \u00f6zel olarak dokunmaktad\u0131r.* Her kullan\u0131mdan sonra kurutulmal\u0131 ve \u00fczerindeki yabanc\u0131 maddeler temizlenmelidir.* \u0130tfaiye\u2026","rel":"","context":"Article similaire","block_context":{"text":"Article similaire","link":""},"img":{"alt_text":"","src":"https:\/\/i0.wp.com\/tuzlahortum.com.tr\/wp-content\/uploads\/2019\/02\/beyaz-ba%C5%9Fl%C4%B1kl%C4%B1-hortum.jpg?fit=1000%2C1000&ssl=1&resize=350%2C200","width":350,"height":200,"srcset":"https:\/\/i0.wp.com\/tuzlahortum.com.tr\/wp-content\/uploads\/2019\/02\/beyaz-ba%C5%9Fl%C4%B1kl%C4%B1-hortum.jpg?fit=1000%2C1000&ssl=1&resize=350%2C200 1x, https:\/\/i0.wp.com\/tuzlahortum.com.tr\/wp-content\/uploads\/2019\/02\/beyaz-ba%C5%9Fl%C4%B1kl%C4%B1-hortum.jpg?fit=1000%2C1000&ssl=1&resize=525%2C300 1.5x, https:\/\/i0.wp.com\/tuzlahortum.com.tr\/wp-content\/uploads\/2019\/02\/beyaz-ba%C5%9Fl%C4%B1kl%C4%B1-hortum.jpg?fit=1000%2C1000&ssl=1&resize=700%2C400 2x"},"classes":[]},{"id":971,"url":"https:\/\/tuzlahortum.com.tr\/fr\/produit\/kirmizi-yangin-hortumu\/","url_meta":{"origin":4643,"position":2},"title":"Tuyau d&#039;incendie rouge","author":"admin","date":"7 f\u00e9vrier 2019","format":false,"excerpt":"K\u0131rm\u0131z\u0131 Yang\u0131n HortumuStandartlar: TSE 9222 Not: 5\"-125 mm ve 6\"-152 mm TSE Belgesi yoktur. * DIN EN ISO 9001-2008 kapsam\u0131nda, TS 9222 standard\u0131nda i\u00e7 astar\u0131 kau\u00e7uk olarak \u00fcretilmektedir. D\u0131\u015f y\u00fczeyi sert ve p\u00fcr\u00fczl\u00fc zeminlere kar\u015f\u0131 daha dayan\u0131kl\u0131 olmas\u0131 i\u00e7in \u00f6zel bir madde ile kaplanmaktad\u0131r. * Her kullan\u0131mdan sonra kurutulmal\u0131 ve\u2026","rel":"","context":"Article similaire","block_context":{"text":"Article similaire","link":""},"img":{"alt_text":"","src":"https:\/\/i0.wp.com\/tuzlahortum.com.tr\/wp-content\/uploads\/2019\/02\/k%C4%B1rm%C4%B1z%C4%B1-ba%C5%9Fl%C4%B1kl%C4%B1-hortum.jpg?fit=1000%2C1000&ssl=1&resize=350%2C200","width":350,"height":200,"srcset":"https:\/\/i0.wp.com\/tuzlahortum.com.tr\/wp-content\/uploads\/2019\/02\/k%C4%B1rm%C4%B1z%C4%B1-ba%C5%9Fl%C4%B1kl%C4%B1-hortum.jpg?fit=1000%2C1000&ssl=1&resize=350%2C200 1x, https:\/\/i0.wp.com\/tuzlahortum.com.tr\/wp-content\/uploads\/2019\/02\/k%C4%B1rm%C4%B1z%C4%B1-ba%C5%9Fl%C4%B1kl%C4%B1-hortum.jpg?fit=1000%2C1000&ssl=1&resize=525%2C300 1.5x, https:\/\/i0.wp.com\/tuzlahortum.com.tr\/wp-content\/uploads\/2019\/02\/k%C4%B1rm%C4%B1z%C4%B1-ba%C5%9Fl%C4%B1kl%C4%B1-hortum.jpg?fit=1000%2C1000&ssl=1&resize=700%2C400 2x"},"classes":[]},{"id":619,"url":"https:\/\/tuzlahortum.com.tr\/fr\/produit\/tc-06\/","url_meta":{"origin":4643,"position":3},"title":"CT 06","author":"admin","date":"6 f\u00e9vrier 2019","format":false,"excerpt":"TC 06MATERYAL: Kuma\u015f Duvar\u0131 : 170 mikron Aluminum+PVC \u2022 Standart Uzunluk : 10 mt. \u2022 \u0130vme : 30 m\/s (max) \u2022 \u00c7al\u0131\u015fma Bas\u0131nc\u0131 : 3000 Pa (max) \u2022 Renk : Siyah D\u0131\u015f Spiral : Helisel \u00c7elik UYGULAMALAR: \u2022 \u00a0Kaynak emi\u015f hatlar\u0131 \u2022 \u00a0Emi\u015f hatlar\u0131nda, hortumlar\u0131n zor alev almas\u0131 gerekti\u011fi yerlerde\u2026","rel":"","context":"Article similaire","block_context":{"text":"Article similaire","link":""},"img":{"alt_text":"","src":"https:\/\/i0.wp.com\/tuzlahortum.com.tr\/wp-content\/uploads\/2019\/03\/TC-06.jpg?fit=600%2C435&ssl=1&resize=350%2C200","width":350,"height":200,"srcset":"https:\/\/i0.wp.com\/tuzlahortum.com.tr\/wp-content\/uploads\/2019\/03\/TC-06.jpg?fit=600%2C435&ssl=1&resize=350%2C200 1x, https:\/\/i0.wp.com\/tuzlahortum.com.tr\/wp-content\/uploads\/2019\/03\/TC-06.jpg?fit=600%2C435&ssl=1&resize=525%2C300 1.5x"},"classes":[]},{"id":935,"url":"https:\/\/tuzlahortum.com.tr\/fr\/produit\/thermo-hava-hortumlarioksijen\/","url_meta":{"origin":4643,"position":4},"title":"Tuyaux Thermo Air (Oxyg\u00e8ne)","author":"admin","date":"6 f\u00e9vrier 2019","format":false,"excerpt":"Thermo Hava Hortumlar\u0131(Oksijen)Alt kat \u00f6zel PVC kar\u0131\u015f\u0131m ve\u00a0y\u00fcksek mukavemetli polyester iplik, \u00fcst katta a\u015f\u0131nmaya \u00a0dayan\u0131kl\u0131 PVC kar\u0131\u015f\u0131mdan \u00a0\u00fcretilmi\u015ftir. \u00c7al\u0131\u015fma S\u0131cakl\u0131\u011f\u0131 -10\u00b0C ile +50\u00b0C aras\u0131 Kullan\u0131m Alanlar\u0131 Kaynak i\u015fleri ve hava hatlar\u0131nda kullan\u0131lmaktad\u0131r. \u00c7ap (inch) \u00c7ap (mm) \u00c7al\u0131\u015fma Bas\u0131nc\u0131 (bar) Uzunluk (mt) 5\/16\" 8 \u00a0 \u00a0 \u00a0 \u00a0 \u00a0 \u00a020 100\u2026","rel":"","context":"Article similaire","block_context":{"text":"Article similaire","link":""},"img":{"alt_text":"","src":"https:\/\/i0.wp.com\/tuzlahortum.com.tr\/wp-content\/uploads\/urunler\/plastik\/THERMO-HAVA-HORTUMLARI.jpg?fit=640%2C480&ssl=1&resize=350%2C200","width":350,"height":200,"srcset":"https:\/\/i0.wp.com\/tuzlahortum.com.tr\/wp-content\/uploads\/urunler\/plastik\/THERMO-HAVA-HORTUMLARI.jpg?fit=640%2C480&ssl=1&resize=350%2C200 1x, https:\/\/i0.wp.com\/tuzlahortum.com.tr\/wp-content\/uploads\/urunler\/plastik\/THERMO-HAVA-HORTUMLARI.jpg?fit=640%2C480&ssl=1&resize=525%2C300 1.5x"},"classes":[]},{"id":21680,"url":"https:\/\/tuzlahortum.com.tr\/fr\/produit\/statue-ch\/","url_meta":{"origin":4643,"position":5},"title":"STATUE CH","author":"admin","date":"11 ao\u00fbt 2025","format":false,"excerpt":"\u00a0 \u00dcr\u00fcn Ad\u0131: STATUE CH \u00dcr\u00fcn Kodu: ABSF623\/63\/83 G\u00f6m\u00fcl\u00fc Flan\u015fl\u0131 Kimyasal Hortum Kullanim Alan\u0131 : Kimyasal \u00dcr\u00fcnlerin Emme ve Bo\u015falt\u0131m\u0131 \u0130\u00e7in. Alt Katman : \u00d6zel Sentetik Kau\u00e7uk, XLPE veya UHMW-PE Takviye Katman\u0131 : Y\u00fcksek \u00c7ekme Sentetik T\u00fcl, \u00c7elik Tel ve Antistatik Bak\u0131r Tel. \u00dcst Katman : A\u015f\u0131nma, Ozon ve Hava\u2026","rel":"","context":"Article similaire","block_context":{"text":"Article similaire","link":""},"img":{"alt_text":"","src":"https:\/\/i0.wp.com\/tuzlahortum.com.tr\/wp-content\/uploads\/2025\/08\/statuech-p.png?fit=637%2C637&ssl=1&resize=350%2C200","width":350,"height":200,"srcset":"https:\/\/i0.wp.com\/tuzlahortum.com.tr\/wp-content\/uploads\/2025\/08\/statuech-p.png?fit=637%2C637&ssl=1&resize=350%2C200 1x, https:\/\/i0.wp.com\/tuzlahortum.com.tr\/wp-content\/uploads\/2025\/08\/statuech-p.png?fit=637%2C637&ssl=1&resize=525%2C300 1.5x"},"classes":[]}],"jetpack_sharing_enabled":true,"jetpack_likes_enabled":true,"_links":{"self":[{"href":"https:\/\/tuzlahortum.com.tr\/fr\/wp-json\/wp\/v2\/product\/4643","targetHints":{"allow":["GET"]}}],"collection":[{"href":"https:\/\/tuzlahortum.com.tr\/fr\/wp-json\/wp\/v2\/product"}],"about":[{"href":"https:\/\/tuzlahortum.com.tr\/fr\/wp-json\/wp\/v2\/types\/product"}],"replies":[{"embeddable":true,"href":"https:\/\/tuzlahortum.com.tr\/fr\/wp-json\/wp\/v2\/comments?post=4643"}],"wp:featuredmedia":[{"embeddable":true,"href":"https:\/\/tuzlahortum.com.tr\/fr\/wp-json\/wp\/v2\/media\/391"}],"wp:attachment":[{"href":"https:\/\/tuzlahortum.com.tr\/fr\/wp-json\/wp\/v2\/media?parent=4643"}],"wp:term":[{"taxonomy":"product_brand","embeddable":true,"href":"https:\/\/tuzlahortum.com.tr\/fr\/wp-json\/wp\/v2\/product_brand?post=4643"},{"taxonomy":"product_cat","embeddable":true,"href":"https:\/\/tuzlahortum.com.tr\/fr\/wp-json\/wp\/v2\/product_cat?post=4643"},{"taxonomy":"product_tag","embeddable":true,"href":"https:\/\/tuzlahortum.com.tr\/fr\/wp-json\/wp\/v2\/product_tag?post=4643"}],"curies":[{"name":"wp","href":"https:\/\/api.w.org\/{rel}","templated":true}]}}