{"id":3579,"date":"2019-02-20T11:45:35","date_gmt":"2019-02-20T08:45:35","guid":{"rendered":"http:\/\/hortum.com.tr\/?post_type=product&#038;p=3579"},"modified":"2024-03-21T17:39:09","modified_gmt":"2024-03-21T14:39:09","slug":"sari-hortum-rekoru-erkek-hafif-tip","status":"publish","type":"product","link":"https:\/\/tuzlahortum.com.tr\/fr\/produit\/sari-hortum-rekoru-erkek-hafif-tip\/","title":{"rendered":"Union de tuyau jaune m\u00e2le (type l\u00e9ger)"},"content":{"rendered":"<h2>Union de tuyau jaune m\u00e2le (type l\u00e9ger)<\/h2>","protected":false},"excerpt":{"rendered":"<p>Union de tuyau jaune m\u00e2le (type l\u00e9ger)<\/p>","protected":false},"featured_media":1385,"comment_status":"open","ping_status":"closed","template":"","meta":{"jetpack_post_was_ever_published":false},"product_brand":[],"product_cat":[99],"product_tag":[252,465,473,1160],"class_list":{"0":"post-3579","1":"product","2":"type-product","3":"status-publish","4":"has-post-thumbnail","6":"product_cat-sari-fittings","7":"product_tag-rekor","8":"product_tag-sari","9":"product_tag-sari-hortum","10":"product_tag-sari-hortum-rekoru","12":"first","13":"instock","14":"taxable","15":"shipping-taxable","16":"product-type-variable"},"jetpack-related-posts":[{"id":888,"url":"https:\/\/tuzlahortum.com.tr\/fr\/produit\/sari-hortum-rekoru\/","url_meta":{"origin":3579,"position":0},"title":"Union de tuyau jaune m\u00e2le (type lourd)","author":"admin","date":"6 f\u00e9vrier 2019","format":false,"excerpt":"Union de tuyau jaune m\u00e2le (type lourd)","rel":"","context":"Article similaire","block_context":{"text":"Article similaire","link":""},"img":{"alt_text":"","src":"https:\/\/i0.wp.com\/tuzlahortum.com.tr\/wp-content\/uploads\/2019\/02\/erkek-hortum-rekoru.jpg?fit=600%2C600&ssl=1&resize=350%2C200","width":350,"height":200,"srcset":"https:\/\/i0.wp.com\/tuzlahortum.com.tr\/wp-content\/uploads\/2019\/02\/erkek-hortum-rekoru.jpg?fit=600%2C600&ssl=1&resize=350%2C200 1x, https:\/\/i0.wp.com\/tuzlahortum.com.tr\/wp-content\/uploads\/2019\/02\/erkek-hortum-rekoru.jpg?fit=600%2C600&ssl=1&resize=525%2C300 1.5x"},"classes":[]},{"id":1881,"url":"https:\/\/tuzlahortum.com.tr\/fr\/produit\/hortum-rekoru-erkek\/","url_meta":{"origin":3579,"position":1},"title":"Connecteur de tuyau m\u00e2le","author":"\u0130smail \u00c7elik","date":"12 f\u00e9vrier 2019","format":false,"excerpt":"Connecteur de tuyau m\u00e2le","rel":"","context":"Article similaire","block_context":{"text":"Article similaire","link":""},"img":{"alt_text":"","src":"https:\/\/i0.wp.com\/tuzlahortum.com.tr\/wp-content\/uploads\/2019\/03\/HORTUM-REKORU-ERKEK.jpg?fit=701%2C768&ssl=1&resize=350%2C200","width":350,"height":200,"srcset":"https:\/\/i0.wp.com\/tuzlahortum.com.tr\/wp-content\/uploads\/2019\/03\/HORTUM-REKORU-ERKEK.jpg?fit=701%2C768&ssl=1&resize=350%2C200 1x, https:\/\/i0.wp.com\/tuzlahortum.com.tr\/wp-content\/uploads\/2019\/03\/HORTUM-REKORU-ERKEK.jpg?fit=701%2C768&ssl=1&resize=525%2C300 1.5x, https:\/\/i0.wp.com\/tuzlahortum.com.tr\/wp-content\/uploads\/2019\/03\/HORTUM-REKORU-ERKEK.jpg?fit=701%2C768&ssl=1&resize=700%2C400 2x"},"classes":[]},{"id":694,"url":"https:\/\/tuzlahortum.com.tr\/fr\/produit\/italyan-erkek-rekor\/","url_meta":{"origin":3579,"position":2},"title":"Record masculin italien","author":"admin","date":"6 f\u00e9vrier 2019","format":false,"excerpt":"Record masculin italien","rel":"","context":"Article similaire","block_context":{"text":"Article similaire","link":""},"img":{"alt_text":"","src":"https:\/\/i0.wp.com\/tuzlahortum.com.tr\/wp-content\/uploads\/2019\/02\/italyan-erkek-rekor.jpg?fit=500%2C500&ssl=1&resize=350%2C200","width":350,"height":200},"classes":[]},{"id":967,"url":"https:\/\/tuzlahortum.com.tr\/fr\/produit\/alman-erkek-rekor\/","url_meta":{"origin":3579,"position":3},"title":"Record masculin allemand","author":"admin","date":"6 f\u00e9vrier 2019","format":false,"excerpt":"Record masculin allemand","rel":"","context":"Article similaire","block_context":{"text":"Article similaire","link":""},"img":{"alt_text":"","src":"https:\/\/i0.wp.com\/tuzlahortum.com.tr\/wp-content\/uploads\/2019\/02\/alman-erkek-rekor-2.jpg?fit=500%2C500&ssl=1&resize=350%2C200","width":350,"height":200},"classes":[]},{"id":968,"url":"https:\/\/tuzlahortum.com.tr\/fr\/produit\/japon-erkek-rekor\/","url_meta":{"origin":3579,"position":4},"title":"Record masculin japonais","author":"admin","date":"7 f\u00e9vrier 2019","format":false,"excerpt":"Record masculin japonais","rel":"","context":"Article similaire","block_context":{"text":"Article similaire","link":""},"img":{"alt_text":"","src":"https:\/\/i0.wp.com\/tuzlahortum.com.tr\/wp-content\/uploads\/2019\/02\/japon-erkek-rekor.jpg?fit=500%2C500&ssl=1&resize=350%2C200","width":350,"height":200},"classes":[]},{"id":987,"url":"https:\/\/tuzlahortum.com.tr\/fr\/produit\/ingiliz-erkek-rekor\/","url_meta":{"origin":3579,"position":5},"title":"Record masculin britannique","author":"admin","date":"7 f\u00e9vrier 2019","format":false,"excerpt":"Record masculin britannique","rel":"","context":"Article similaire","block_context":{"text":"Article similaire","link":""},"img":{"alt_text":"","src":"https:\/\/i0.wp.com\/tuzlahortum.com.tr\/wp-content\/uploads\/2019\/03\/ingiliz-erkek-rekor.jpg?fit=500%2C500&ssl=1&resize=350%2C200","width":350,"height":200},"classes":[]}],"jetpack_sharing_enabled":true,"jetpack_likes_enabled":true,"_links":{"self":[{"href":"https:\/\/tuzlahortum.com.tr\/fr\/wp-json\/wp\/v2\/product\/3579","targetHints":{"allow":["GET"]}}],"collection":[{"href":"https:\/\/tuzlahortum.com.tr\/fr\/wp-json\/wp\/v2\/product"}],"about":[{"href":"https:\/\/tuzlahortum.com.tr\/fr\/wp-json\/wp\/v2\/types\/product"}],"replies":[{"embeddable":true,"href":"https:\/\/tuzlahortum.com.tr\/fr\/wp-json\/wp\/v2\/comments?post=3579"}],"wp:featuredmedia":[{"embeddable":true,"href":"https:\/\/tuzlahortum.com.tr\/fr\/wp-json\/wp\/v2\/media\/1385"}],"wp:attachment":[{"href":"https:\/\/tuzlahortum.com.tr\/fr\/wp-json\/wp\/v2\/media?parent=3579"}],"wp:term":[{"taxonomy":"product_brand","embeddable":true,"href":"https:\/\/tuzlahortum.com.tr\/fr\/wp-json\/wp\/v2\/product_brand?post=3579"},{"taxonomy":"product_cat","embeddable":true,"href":"https:\/\/tuzlahortum.com.tr\/fr\/wp-json\/wp\/v2\/product_cat?post=3579"},{"taxonomy":"product_tag","embeddable":true,"href":"https:\/\/tuzlahortum.com.tr\/fr\/wp-json\/wp\/v2\/product_tag?post=3579"}],"curies":[{"name":"wp","href":"https:\/\/api.w.org\/{rel}","templated":true}]}}