{"id":3294,"date":"2019-02-19T14:10:15","date_gmt":"2019-02-19T11:10:15","guid":{"rendered":"http:\/\/hortum.com.tr\/?post_type=product&#038;p=3294"},"modified":"2024-03-21T17:39:10","modified_gmt":"2024-03-21T14:39:10","slug":"galvaniz-nipel","status":"publish","type":"product","link":"https:\/\/tuzlahortum.com.tr\/fr\/produit\/galvaniz-nipel\/","title":{"rendered":"Mamelon galvanis\u00e9"},"content":{"rendered":"<h2>Mamelon galvanis\u00e9<\/h2>","protected":false},"excerpt":{"rendered":"<p>Mamelon galvanis\u00e9<\/p>","protected":false},"featured_media":3823,"comment_status":"open","ping_status":"closed","template":"","meta":{"jetpack_post_was_ever_published":false},"product_brand":[],"product_cat":[98],"product_tag":[453,452,456,2179,1154,454],"class_list":{"0":"post-3294","1":"product","2":"type-product","3":"status-publish","4":"has-post-thumbnail","6":"product_cat-galvaniz-fittings","7":"product_tag-daldirma-galvaniz","8":"product_tag-dokme-demir","9":"product_tag-galvaniz","10":"product_tag-galvaniz-nipel","11":"product_tag-nipel","12":"product_tag-siyah","14":"first","15":"instock","16":"taxable","17":"shipping-taxable","18":"product-type-variable"},"jetpack-related-posts":[{"id":892,"url":"https:\/\/tuzlahortum.com.tr\/fr\/produit\/sari-nipel\/","url_meta":{"origin":3294,"position":0},"title":"Mamelon jaune","author":"admin","date":"6 f\u00e9vrier 2019","format":false,"excerpt":"Mamelon jaune","rel":"","context":"Article similaire","block_context":{"text":"Article similaire","link":""},"img":{"alt_text":"","src":"https:\/\/i0.wp.com\/tuzlahortum.com.tr\/wp-content\/uploads\/2019\/02\/Sar%C4%B1-Nipel.jpg?fit=600%2C600&ssl=1&resize=350%2C200","width":350,"height":200,"srcset":"https:\/\/i0.wp.com\/tuzlahortum.com.tr\/wp-content\/uploads\/2019\/02\/Sar%C4%B1-Nipel.jpg?fit=600%2C600&ssl=1&resize=350%2C200 1x, https:\/\/i0.wp.com\/tuzlahortum.com.tr\/wp-content\/uploads\/2019\/02\/Sar%C4%B1-Nipel.jpg?fit=600%2C600&ssl=1&resize=525%2C300 1.5x"},"classes":[]},{"id":895,"url":"https:\/\/tuzlahortum.com.tr\/fr\/produit\/siyah-nipel\/","url_meta":{"origin":3294,"position":1},"title":"Mamelon noir","author":"admin","date":"6 f\u00e9vrier 2019","format":false,"excerpt":"Mamelon noir","rel":"","context":"Article similaire","block_context":{"text":"Article similaire","link":""},"img":{"alt_text":"","src":"https:\/\/i0.wp.com\/tuzlahortum.com.tr\/wp-content\/uploads\/2019\/02\/Siyah-Nipel.jpg?fit=600%2C600&ssl=1&resize=350%2C200","width":350,"height":200,"srcset":"https:\/\/i0.wp.com\/tuzlahortum.com.tr\/wp-content\/uploads\/2019\/02\/Siyah-Nipel.jpg?fit=600%2C600&ssl=1&resize=350%2C200 1x, https:\/\/i0.wp.com\/tuzlahortum.com.tr\/wp-content\/uploads\/2019\/02\/Siyah-Nipel.jpg?fit=600%2C600&ssl=1&resize=525%2C300 1.5x"},"classes":[]},{"id":884,"url":"https:\/\/tuzlahortum.com.tr\/fr\/produit\/sari-orantili-nipel\/","url_meta":{"origin":3294,"position":2},"title":"Mamelon proportionnel jaune","author":"admin","date":"6 f\u00e9vrier 2019","format":false,"excerpt":"Mamelon proportionnel jaune","rel":"","context":"Article similaire","block_context":{"text":"Article similaire","link":""},"img":{"alt_text":"","src":"https:\/\/i0.wp.com\/tuzlahortum.com.tr\/wp-content\/uploads\/2019\/02\/Sar%C4%B1-Orant%C4%B1l%C4%B1-Nipel.jpg?fit=600%2C600&ssl=1&resize=350%2C200","width":350,"height":200,"srcset":"https:\/\/i0.wp.com\/tuzlahortum.com.tr\/wp-content\/uploads\/2019\/02\/Sar%C4%B1-Orant%C4%B1l%C4%B1-Nipel.jpg?fit=600%2C600&ssl=1&resize=350%2C200 1x, https:\/\/i0.wp.com\/tuzlahortum.com.tr\/wp-content\/uploads\/2019\/02\/Sar%C4%B1-Orant%C4%B1l%C4%B1-Nipel.jpg?fit=600%2C600&ssl=1&resize=525%2C300 1.5x"},"classes":[]},{"id":3243,"url":"https:\/\/tuzlahortum.com.tr\/fr\/produit\/galvaniz-reduksiyon\/","url_meta":{"origin":3294,"position":3},"title":"R\u00e9duction galvanis\u00e9e","author":"\u0130smail \u00c7elik","date":"19 f\u00e9vrier 2019","format":false,"excerpt":"R\u00e9duction galvanis\u00e9e","rel":"","context":"Article similaire","block_context":{"text":"Article similaire","link":""},"img":{"alt_text":"","src":"https:\/\/i0.wp.com\/tuzlahortum.com.tr\/wp-content\/uploads\/2019\/02\/Galvaniz-Red%C3%BCksiyon-1.jpg?fit=600%2C600&ssl=1&resize=350%2C200","width":350,"height":200,"srcset":"https:\/\/i0.wp.com\/tuzlahortum.com.tr\/wp-content\/uploads\/2019\/02\/Galvaniz-Red%C3%BCksiyon-1.jpg?fit=600%2C600&ssl=1&resize=350%2C200 1x, https:\/\/i0.wp.com\/tuzlahortum.com.tr\/wp-content\/uploads\/2019\/02\/Galvaniz-Red%C3%BCksiyon-1.jpg?fit=600%2C600&ssl=1&resize=525%2C300 1.5x"},"classes":[]},{"id":3264,"url":"https:\/\/tuzlahortum.com.tr\/fr\/produit\/galvaniz-manson\/","url_meta":{"origin":3294,"position":4},"title":"Galvanis\u00e9 Manson","author":"\u0130smail \u00c7elik","date":"19 f\u00e9vrier 2019","format":false,"excerpt":"Galvanis\u00e9 Manson","rel":"","context":"Article similaire","block_context":{"text":"Article similaire","link":""},"img":{"alt_text":"","src":"https:\/\/i0.wp.com\/tuzlahortum.com.tr\/wp-content\/uploads\/2019\/02\/Galvaniz-Manson.jpg?fit=600%2C600&ssl=1&resize=350%2C200","width":350,"height":200,"srcset":"https:\/\/i0.wp.com\/tuzlahortum.com.tr\/wp-content\/uploads\/2019\/02\/Galvaniz-Manson.jpg?fit=600%2C600&ssl=1&resize=350%2C200 1x, https:\/\/i0.wp.com\/tuzlahortum.com.tr\/wp-content\/uploads\/2019\/02\/Galvaniz-Manson.jpg?fit=600%2C600&ssl=1&resize=525%2C300 1.5x"},"classes":[]},{"id":3284,"url":"https:\/\/tuzlahortum.com.tr\/fr\/produit\/galvaniz-dirsek\/","url_meta":{"origin":3294,"position":5},"title":"Coude galvanis\u00e9","author":"\u0130smail \u00c7elik","date":"19 f\u00e9vrier 2019","format":false,"excerpt":"Coude galvanis\u00e9","rel":"","context":"Article similaire","block_context":{"text":"Article similaire","link":""},"img":{"alt_text":"","src":"https:\/\/i0.wp.com\/tuzlahortum.com.tr\/wp-content\/uploads\/2019\/02\/Galvaniz-Dirsek-1.jpg?fit=600%2C600&ssl=1&resize=350%2C200","width":350,"height":200,"srcset":"https:\/\/i0.wp.com\/tuzlahortum.com.tr\/wp-content\/uploads\/2019\/02\/Galvaniz-Dirsek-1.jpg?fit=600%2C600&ssl=1&resize=350%2C200 1x, https:\/\/i0.wp.com\/tuzlahortum.com.tr\/wp-content\/uploads\/2019\/02\/Galvaniz-Dirsek-1.jpg?fit=600%2C600&ssl=1&resize=525%2C300 1.5x"},"classes":[]}],"jetpack_sharing_enabled":true,"jetpack_likes_enabled":true,"_links":{"self":[{"href":"https:\/\/tuzlahortum.com.tr\/fr\/wp-json\/wp\/v2\/product\/3294","targetHints":{"allow":["GET"]}}],"collection":[{"href":"https:\/\/tuzlahortum.com.tr\/fr\/wp-json\/wp\/v2\/product"}],"about":[{"href":"https:\/\/tuzlahortum.com.tr\/fr\/wp-json\/wp\/v2\/types\/product"}],"replies":[{"embeddable":true,"href":"https:\/\/tuzlahortum.com.tr\/fr\/wp-json\/wp\/v2\/comments?post=3294"}],"wp:featuredmedia":[{"embeddable":true,"href":"https:\/\/tuzlahortum.com.tr\/fr\/wp-json\/wp\/v2\/media\/3823"}],"wp:attachment":[{"href":"https:\/\/tuzlahortum.com.tr\/fr\/wp-json\/wp\/v2\/media?parent=3294"}],"wp:term":[{"taxonomy":"product_brand","embeddable":true,"href":"https:\/\/tuzlahortum.com.tr\/fr\/wp-json\/wp\/v2\/product_brand?post=3294"},{"taxonomy":"product_cat","embeddable":true,"href":"https:\/\/tuzlahortum.com.tr\/fr\/wp-json\/wp\/v2\/product_cat?post=3294"},{"taxonomy":"product_tag","embeddable":true,"href":"https:\/\/tuzlahortum.com.tr\/fr\/wp-json\/wp\/v2\/product_tag?post=3294"}],"curies":[{"name":"wp","href":"https:\/\/api.w.org\/{rel}","templated":true}]}}