{"id":2859,"date":"2019-02-14T15:01:10","date_gmt":"2019-02-14T12:01:10","guid":{"rendered":"http:\/\/hortum.com.tr\/?post_type=product&#038;p=2859"},"modified":"2024-03-21T17:39:16","modified_gmt":"2024-03-21T14:39:16","slug":"dogalgaz-vanasi-mop-5-20-kopya","status":"publish","type":"product","link":"https:\/\/tuzlahortum.com.tr\/fr\/produit\/dogalgaz-vanasi-mop-5-20-kopya\/","title":{"rendered":"Vanne papillon \u00e0 gaz"},"content":{"rendered":"<h2>Vanne papillon \u00e0 gaz<\/h2>\n<p>TS CEN\/EN 331\/A1 Approbation de l&#039;Institut turc de normalisation.<\/p>\n<p>Certificat de syst\u00e8me qualit\u00e9 ISO 9001.<\/p>\n<p>Pression de service MOP5.<\/p>\n<p>Full pass pour un maximum de fluidit\u00e9.<\/p>\n<p>Sph\u00e8re recouverte de suie pour une dur\u00e9e de vie plus longue.<\/p>\n<p>Connexion ISO 228 Femelle X Femelle.<\/p>\n<p>Joint PTFE et joint torique EPDM pour une s\u00e9curit\u00e9 maximale.<\/p>\n<p>Large zone d&#039;utilisation \u00e0 utiliser dans les syst\u00e8mes de gaz naturel.<\/p>\n<p>Manche en acier \u00e9pais recouvert de PVC.<\/p>\n<p>Temp\u00e9rature -10\u00b0C + 120\u00b0C<\/p>\n<table border=\"0\" cellspacing=\"0\" cellpadding=\"0\">\n<tbody>\n<tr>\n<td>TAILLE NOMINALE<\/td>\n<td>DN<br \/>(G)<\/td>\n<td>d1<br \/>(mm)<\/td>\n<td>L<br \/>(mm)<\/td>\n<td>K<br \/>(mm)<\/td>\n<td>t<br \/>(mm)<\/td>\n<td>\u00c0<br \/>(mm)<\/td>\n<\/tr>\n<tr>\n<td>1-2\u2033<\/td>\n<td>15<\/td>\n<td>14-14<\/td>\n<td>54<\/td>\n<td>80<\/td>\n<td>15<\/td>\n<td>37<\/td>\n<\/tr>\n<tr>\n<td>3\/4\u2033<\/td>\n<td>20<\/td>\n<td>19-19<\/td>\n<td>61<\/td>\n<td>95<\/td>\n<td>16<\/td>\n<td>53<\/td>\n<\/tr>\n<tr>\n<td>1\u2033<\/td>\n<td>25<\/td>\n<td>24-24<\/td>\n<td>73<\/td>\n<td>115<\/td>\n<td>17<\/td>\n<td>55<\/td>\n<\/tr>\n<\/tbody>\n<\/table>","protected":false},"excerpt":{"rendered":"<p>Kelebek Do\u011falgaz Vanas\u0131 TS CEN\/EN 331\/A1 T\u00fcrk Standartlar\u0131 Enstit\u00fcs\u00fc Onay\u0131. ISO 9001 Kalite Sistem Sertfikas\u0131. MOP5 \u00e7al\u0131\u015fma bas\u0131nc\u0131. Maksimum ak\u0131\u015fkanl\u0131k i\u00e7in tam ge\u00e7i\u015f. Daha uzun \u00f6m\u00fcr i\u00e7in kurum kaplama k\u00fcre. ISO 228 Di\u015fi X Di\u015fi ba\u011flant\u0131. Maksimum g\u00fcvenlik i\u00e7in PTFE conta ve EPDM O-ring. Do\u011falgaz sistemlerinde kullan\u0131lmak \u00fczere geni\u015f kullan\u0131m alan\u0131. Kal\u0131n PVC kapl\u0131 \u00e7elik [&#8230;]\n","protected":false},"featured_media":2860,"comment_status":"open","ping_status":"closed","template":"","meta":{"jetpack_post_was_ever_published":false},"product_brand":[],"product_cat":[200],"product_tag":[330,332,2276,331],"class_list":{"0":"post-2859","1":"product","2":"type-product","3":"status-publish","4":"has-post-thumbnail","6":"product_cat-dogalgaz-vanalari","7":"product_tag-dogalgaz","8":"product_tag-dogalgaz-vana","9":"product_tag-kelebek-dogalgaz-vanasi","10":"product_tag-vana","12":"first","13":"instock","14":"taxable","15":"shipping-taxable","16":"product-type-variable"},"jetpack-related-posts":[{"id":782,"url":"https:\/\/tuzlahortum.com.tr\/fr\/produit\/kelebek-vana-pn16-disi\/","url_meta":{"origin":2859,"position":0},"title":"Vanne Papillon PN16 Femelle","author":"admin","date":"6 f\u00e9vrier 2019","format":false,"excerpt":"Kelebek Vana PN16 Di\u015fiTS CEN\/EN 13547 T\u00fcrk Standartlar\u0131 Enstit\u00fcs\u00fc Onay\u0131.ISO 9001 Kalite Sistem Sertfikas\u0131.Daha uzun \u00f6m\u00fcr i\u00e7in kurum kaplama k\u00fcre.Maksimum g\u00fcvenlik i\u00e7in PTFE conta ve EPDM O-ring.Al\u00fcminyum kol.End\u00fcstriyel, Tesisat ve sulama sistemlerinde kullan\u0131lmak \u00fczere geni\u015f kullan\u0131m alan\u0131.S\u0131cakl\u0131k -10\u00b0C + 120\u00b0CANMA \u00d6L\u00c7\u00dcS\u00dcG(DN)d(mm)E(mm)L(mm)1\/2\"151441543\/4\"201951611\"25245373","rel":"","context":"Article similaire","block_context":{"text":"Article similaire","link":""},"img":{"alt_text":"","src":"https:\/\/i0.wp.com\/tuzlahortum.com.tr\/wp-content\/uploads\/2019\/02\/Kelebek-Vana-PN16-Di%C5%9Fi.jpg?fit=520%2C350&ssl=1&resize=350%2C200","width":350,"height":200},"classes":[]},{"id":555,"url":"https:\/\/tuzlahortum.com.tr\/fr\/produit\/dogalgaz-vanasi-mop-5-20-kilitli\/","url_meta":{"origin":2859,"position":1},"title":"Vanne de gaz naturel MOP 5-20 verrouill\u00e9e","author":"admin","date":"6 f\u00e9vrier 2019","format":false,"excerpt":"Do\u011falgaz Vanas\u0131 MOP 5-20 KilitliTS CEN\/EN 331\/A1 T\u00fcrk Standartlar\u0131 Enstit\u00fcs\u00fc Onay\u0131.ISO 9001 Kalite Sistem Sertfikas\u0131.MOP5-20 \u00e7al\u0131\u015fma bas\u0131nc\u0131.Maksimum ak\u0131\u015fkanl\u0131k i\u00e7in tam ge\u00e7i\u015f.Daha uzun \u00f6m\u00fcr i\u00e7in kurum kaplama k\u00fcre.ISO 228 Di\u015fi X Di\u015fi ba\u011flant\u0131.Maksimum g\u00fcvenlik i\u00e7in PTFE conta ve EPDM O-ring.Do\u011falgaz sistemlerinde kullan\u0131lmak \u00fczere geni\u015f kullan\u0131m alan\u0131.Kal\u0131n PVC kapl\u0131 \u00e7elik kol.S\u0131cakl\u0131k -10\u00b0C\u2026","rel":"","context":"Article similaire","block_context":{"text":"Article similaire","link":""},"img":{"alt_text":"","src":"https:\/\/i0.wp.com\/tuzlahortum.com.tr\/wp-content\/uploads\/2019\/02\/Do%C4%9Falgaz-Vana-MOP-5-20-kilitli.jpg?fit=520%2C350&ssl=1&resize=350%2C200","width":350,"height":200},"classes":[]},{"id":554,"url":"https:\/\/tuzlahortum.com.tr\/fr\/produit\/dogalgaz-vanasi-mop-5-20\/","url_meta":{"origin":2859,"position":2},"title":"Vanne de gaz naturel MOP 5-20","author":"admin","date":"6 f\u00e9vrier 2019","format":false,"excerpt":"Robinet de gaz naturel MOP 5 20TS CEN \/ EN 331 \/ A1 Turkish Standards Institute Approval ISO 9001 Quality System Certificate Pression de service MOP5 20 Passage int\u00e9gral pour une fluidit\u00e9 maximale Sph\u00e8re de rev\u00eatement de suie pour une plus longue dur\u00e9e de vie ISO 228 Connexion femelle X femelle Joint PTFE et O-ring EPDM pour une s\u00e9curit\u00e9 maximale Large plage d'utilisation pour les syst\u00e8mes de gaz naturel Poign\u00e9e \u00e9paisse en acier rev\u00eatu de PVC Temp\u00e9rature -10\u00b0C +...","rel":"","context":"Article similaire","block_context":{"text":"Article similaire","link":""},"img":{"alt_text":"","src":"https:\/\/i0.wp.com\/tuzlahortum.com.tr\/wp-content\/uploads\/2019\/02\/Do%C4%9Falgaz-Vana-MOP-5-20-kilitli.jpg?fit=520%2C350&ssl=1&resize=350%2C200","width":350,"height":200},"classes":[]},{"id":784,"url":"https:\/\/tuzlahortum.com.tr\/fr\/produit\/kollektor-ana-vanasi-pn16\/","url_meta":{"origin":2859,"position":3},"title":"Collecteur Ma\u00eetre Vanne PN16","author":"admin","date":"6 f\u00e9vrier 2019","format":false,"excerpt":"Vanne principale de collecteur PN16TS CEN\/EN 13547 Approbation de l'Institut turc de normalisation.Certificat du syst\u00e8me de qualit\u00e9 ISO 9001.Bille enduite de suie pour une plus longue dur\u00e9e de vie.Connexion ISO 228 femelle x femelle.Joint PTFE et joint torique EPDM pour une s\u00e9curit\u00e9 maximale.Manchon \u00e9pais en acier recouvert de PVC.Large gamme d'applications pour utilisation dans les syst\u00e8mes industriels, de plomberie et d'irrigation.Temp\u00e9rature -10\u00b0C + 120\u00b0CDIMENSIONS DE RONDEMENTN(L)d1(mm)L(mm)K(mm)t(mm)E(mm)3\/4\"2019618516531\"2524739217551 1\/4\"3230831142059","rel":"","context":"Article similaire","block_context":{"text":"Article similaire","link":""},"img":{"alt_text":"","src":"https:\/\/i0.wp.com\/tuzlahortum.com.tr\/wp-content\/uploads\/2019\/02\/Kollekt%C3%B6r-Ana-Vana.jpg?fit=520%2C350&ssl=1&resize=350%2C200","width":350,"height":200},"classes":[]},{"id":783,"url":"https:\/\/tuzlahortum.com.tr\/fr\/produit\/kelebek-vana-pn16-erkek\/","url_meta":{"origin":2859,"position":4},"title":"Vanne Papillon PN16 M\u00e2le","author":"admin","date":"6 f\u00e9vrier 2019","format":false,"excerpt":"Kelebek Vana PN16 ErkekTS CEN\/EN 13547 T\u00fcrk Standartlar\u0131 Enstit\u00fcs\u00fc Onay\u0131.ISO 9001 Kalite Sistem Sertfikas\u0131.Daha uzun \u00f6m\u00fcr i\u00e7in kurum kaplama k\u00fcre.Maksimum g\u00fcvenlik i\u00e7in PTFE conta ve EPDM O-ring.Al\u00fcminyum kol.End\u00fcstriyel, Tesisat ve sulama sistemlerinde kullan\u0131lmak \u00fczere geni\u015f kullan\u0131m alan\u0131.S\u0131cakl\u0131k -10\u00b0C + 120\u00b0CANMA \u00d6L\u00c7\u00dcS\u00dcG(DN)d(mm)E(mm)L(mm)1\/2\"151441583\/4\"201951641\"25245375","rel":"","context":"Article similaire","block_context":{"text":"Article similaire","link":""},"img":{"alt_text":"","src":"https:\/\/i0.wp.com\/tuzlahortum.com.tr\/wp-content\/uploads\/2019\/02\/Kelebek-Vana-PN16-Erkek.jpg?fit=520%2C350&ssl=1&resize=350%2C200","width":350,"height":200},"classes":[]},{"id":932,"url":"https:\/\/tuzlahortum.com.tr\/fr\/produit\/siber-vana\/","url_meta":{"origin":2859,"position":5},"title":"soupape d'arr\u00eat en laiton","author":"admin","date":"6 f\u00e9vrier 2019","format":false,"excerpt":"\u015eiber VanaTS EN12288 T\u00fcrk Standartlar\u0131 Enstit\u00fcs\u00fc Onay\u0131.ISO 9001 Kalite Sistem Sertfikas\u0131.Maksimum ak\u0131\u015fkanl\u0131k i\u00e7in tam ge\u00e7i\u015f.End\u00fcstriyel, Tesisat ve sulama sistemlerinde kullan\u0131lmak \u00fczere geni\u015f kullan\u0131m alan\u0131.ISO 228 Di\u015fi X Di\u015fi ba\u011flant\u0131.S\u0131cakl\u0131k -10\u00b0C + 120\u00b0CANMA \u00d6L\u00c7\u00dcS\u00dcG(mm)d(mm)L(mm)t(mm)E(mm)1-2\"1514369713\/4\"20194012801\"25244514921 1\/4\"323050131081 1\/2\"403853131252\"504760141402 1\/2\"725875201753\"857786222054\"1109010227240","rel":"","context":"Article similaire","block_context":{"text":"Article similaire","link":""},"img":{"alt_text":"","src":"https:\/\/i0.wp.com\/tuzlahortum.com.tr\/wp-content\/uploads\/2019\/02\/%C5%9Eiber-Vana.jpg?fit=520%2C370&ssl=1&resize=350%2C200","width":350,"height":200},"classes":[]}],"jetpack_sharing_enabled":true,"jetpack_likes_enabled":true,"_links":{"self":[{"href":"https:\/\/tuzlahortum.com.tr\/fr\/wp-json\/wp\/v2\/product\/2859","targetHints":{"allow":["GET"]}}],"collection":[{"href":"https:\/\/tuzlahortum.com.tr\/fr\/wp-json\/wp\/v2\/product"}],"about":[{"href":"https:\/\/tuzlahortum.com.tr\/fr\/wp-json\/wp\/v2\/types\/product"}],"replies":[{"embeddable":true,"href":"https:\/\/tuzlahortum.com.tr\/fr\/wp-json\/wp\/v2\/comments?post=2859"}],"wp:featuredmedia":[{"embeddable":true,"href":"https:\/\/tuzlahortum.com.tr\/fr\/wp-json\/wp\/v2\/media\/2860"}],"wp:attachment":[{"href":"https:\/\/tuzlahortum.com.tr\/fr\/wp-json\/wp\/v2\/media?parent=2859"}],"wp:term":[{"taxonomy":"product_brand","embeddable":true,"href":"https:\/\/tuzlahortum.com.tr\/fr\/wp-json\/wp\/v2\/product_brand?post=2859"},{"taxonomy":"product_cat","embeddable":true,"href":"https:\/\/tuzlahortum.com.tr\/fr\/wp-json\/wp\/v2\/product_cat?post=2859"},{"taxonomy":"product_tag","embeddable":true,"href":"https:\/\/tuzlahortum.com.tr\/fr\/wp-json\/wp\/v2\/product_tag?post=2859"}],"curies":[{"name":"wp","href":"https:\/\/api.w.org\/{rel}","templated":true}]}}