{"id":22818,"date":"2025-08-11T16:05:06","date_gmt":"2025-08-11T13:05:06","guid":{"rendered":"https:\/\/tuzlahortum.com.tr\/urun\/long-multi-20\/"},"modified":"2025-08-20T13:13:54","modified_gmt":"2025-08-20T10:13:54","slug":"long-multi-20","status":"publish","type":"product","link":"https:\/\/tuzlahortum.com.tr\/fr\/produit\/long-multi-20\/","title":{"rendered":"LONG-MULTI 20"},"content":{"rendered":"<p>&nbsp;<\/p>\n<div class=\"report-container\">\n<div class=\"report-header\">\n<div class=\"standard-text\">Nom du produit : LONG-MULTI 20<\/div>\n<div class=\"standard-text\">Code produit : LLMP225<\/div>\n<\/div>\n<div class=\"product-image-container\">\n<div class=\"key-feature\">Polyvalent<\/div>\n<\/div>\n<div class=\"horizontal-line\"><\/div>\n<div class=\"product-details\">\n<div class=\"detail-row\">\n<div class=\"detail-label\">Domaine d&#039;utilisation<\/div>\n<div class=\"detail-value\">: Pour le transport d'air, d'huile, d'eau froide\/chaude.<\/div>\n<\/div>\n<div class=\"detail-row\">\n<div class=\"detail-label\">Substrat<\/div>\n<div class=\"detail-value\">: Caoutchouc synth\u00e9tique sp\u00e9cial.<\/div>\n<\/div>\n<div class=\"detail-row\">\n<div class=\"detail-label\">Couche de renforcement<\/div>\n<div class=\"detail-value\">: Textiles synth\u00e9tiques \u00e0 haute r\u00e9sistance.<\/div>\n<\/div>\n<div class=\"detail-row\">\n<div class=\"detail-label\">Couche sup\u00e9rieure<\/div>\n<div class=\"detail-value\">: R\u00e9sistant \u00e0 l'abrasion, \u00e0 la chaleur, \u00e0 l'oxyg\u00e8ne et aux intemp\u00e9ries Caoutchouc synth\u00e9tique sp\u00e9cial lisse.<\/div>\n<\/div>\n<\/div>\n<div class=\"datasheet_table\"><img decoding=\"async\" class=\"alignnone size-full\" src=\"https:\/\/tuzlahortum.com.tr\/wp-content\/uploads\/2025\/08\/datasheet645.svg\" alt=\"\" title=\"\"><\/div>\n<div class=\"table-notes\"><\/div>\n<div class=\"horizontal-line\"><\/div>\n<div class=\"footer\">\n<div class=\"standards-section\">\n<div class=\"standard-item\" style=\"margin-top: 9px;\"><\/div>\n<div class=\"standard-info\"><\/div>\n<\/div>\n<div class=\"temperature-section\">\n<div class=\"temp-icon\"><img decoding=\"async\" src=\"data:image\/svg+xml;base64,PD94bWwgdmVyc2lvbj0iMS4wIiBlbmNvZGluZz0iVVRGLTgiPz4KPHN2ZyBpZD0ia2F0bWFuXzIiIGRhdGEtbmFtZT0ia2F0bWFuIDIiIHhtbG5zPSJodHRwOi8vd3d3LnczLm9yZy8yMDAwL3N2ZyIgdmlld0JveD0iMCAwIDcyLjI3IDE2Ljk4Ij4KICA8ZGVmcz4KICAgIDxzdHlsZT4KICAgICAgLmNscy0xIHsKICAgICAgICBzdHJva2Utd2lkdGg6IC41OXB4OwogICAgICB9CgogICAgICAuY2xzLTEsIC5jbHMtMiwgLmNscy0zLCAuY2xzLTQgewogICAgICAgIGZpbGw6IG5vbmU7CiAgICAgICAgc3Ryb2tlLW1pdGVybGltaXQ6IDMuODY7CiAgICAgIH0KCiAgICAgIC5jbHMtMSwgLmNscy0zLCAuY2xzLTQgewogICAgICAgIHN0cm9rZTogI2E3YTlhYjsKICAgICAgfQoKICAgICAgLmNscy01IHsKICAgICAgICBmaWxsOiAjYTdhOWFiOwogICAgICB9CgogICAgICAuY2xzLTIgewogICAgICAgIHN0cm9rZTogI2ZmZjsKICAgICAgfQoKICAgICAgLmNscy0zIHsKICAgICAgICBzdHJva2Utd2lkdGg6IDIuMDZweDsKICAgICAgfQoKICAgICAgLmNscy00IHsKICAgICAgICBzdHJva2Utd2lkdGg6IC4ycHg7CiAgICAgIH0KICAgIDwvc3R5bGU+CiAgPC9kZWZzPgogIDxnIGlkPSJrYXRtYW5fMSIgZGF0YS1uYW1lPSJrYXRtYW4gMSI+CiAgICA8Zz4KICAgICAgPHBhdGggY2xhc3M9ImNscy0zIiBkPSJNMTEuMzQsMTEuNTdjLS45NCwxLjcxLTIuNzEsMi42Ni00LjgsMi42Ni0zLjA1LDAtNS41MS0yLjQ3LTUuNTEtNS41MlMzLjUsMy4xOSw2LjU1LDMuMTljMS45NCwwLDMuNjUsMSw0LjYzLDIuNTIiLz4KICAgICAgPGNpcmNsZSBjbGFzcz0iY2xzLTUiIGN4PSI2LjU1IiBjeT0iOC42NiIgcj0iMi40Ii8+CiAgICAgIDxjaXJjbGUgY2xhc3M9ImNscy0yIiBjeD0iNi41NSIgY3k9IjguNjYiIHI9IjIuNCIvPgogICAgICA8bGluZSBjbGFzcz0iY2xzLTMiIHgxPSI2OC4zNCIgeTE9IjExLjc2IiB4Mj0iOS45MiIgeTI9IjExLjc2Ii8+CiAgICAgIDxsaW5lIGNsYXNzPSJjbHMtMyIgeDE9IjY4Ljc4IiB5MT0iNS41MSIgeDI9IjkuNzMiIHkyPSI1LjUxIi8+CiAgICAgIDxsaW5lIGNsYXNzPSJjbHMtMyIgeDE9IjU0LjA3IiB5MT0iOC43NSIgeDI9IjguNjQiIHkyPSI4Ljc1Ii8+CiAgICAgIDxwYXRoIGNsYXNzPSJjbHMtMyIgZD0iTTY4LjE1LDUuNTVjMS43MSwwLDMuMDksMS4zOSwzLjA5LDMuMDlzLTEuOTIsMy4wNi0zLjYyLDMuMDYiLz4KICAgICAgPHBhdGggY2xhc3M9ImNscy01IiBkPSJNNTMuOTEsOC43NWMwLS4xNC4xMi0uMjYuMjYtLjI2cy4yNy4xMi4yNy4yNi0uMTIuMjctLjI3LjI3LS4yNi0uMTItLjI2LS4yN1oiLz4KICAgICAgPHBhdGggY2xhc3M9ImNscy0zIiBkPSJNNTMuOTEsOC43NWMwLS4xNC4xMi0uMjYuMjYtLjI2cy4yNy4xMi4yNy4yNi0uMTIuMjctLjI3LjI3LS4yNi0uMTItLjI2LS4yN1oiLz4KICAgICAgPGxpbmUgY2xhc3M9ImNscy0xIiB4MT0iMzYuNDMiIHkxPSIxNi45OCIgeDI9IjM2LjQzIiB5Mj0iMTQuMjQiLz4KICAgICAgPGxpbmUgY2xhc3M9ImNscy0xIiB4MT0iMjguMDUiIHkxPSIxNi45OCIgeDI9IjI4LjA1IiB5Mj0iMTQuMjQiLz4KICAgICAgPGxpbmUgY2xhc3M9ImNscy0xIiB4MT0iMTkuNTkiIHkxPSIxNi45OCIgeDI9IjE5LjU5IiB5Mj0iMTQuMjQiLz4KICAgICAgPGxpbmUgY2xhc3M9ImNscy0xIiB4MT0iNDEuNTciIHkxPSIyLjc0IiB4Mj0iNDEuNTciLz4KICAgICAgPGxpbmUgY2xhc3M9ImNscy0xIiB4MT0iMzMuMjgiIHkxPSIyLjc0IiB4Mj0iMzMuMjgiLz4KICAgICAgPGxpbmUgY2xhc3M9ImNscy0xIiB4MT0iMjQuOTkiIHkxPSIyLjc0IiB4Mj0iMjQuOTkiLz4KICAgICAgPGxpbmUgY2xhc3M9ImNscy0xIiB4MT0iMTYuMDgiIHkxPSIyLjc0IiB4Mj0iMTYuMDgiLz4KICAgICAgPGxpbmUgY2xhc3M9ImNscy0xIiB4MT0iNDQuNjMiIHkxPSIxNi45OCIgeDI9IjQ0LjYzIiB5Mj0iMTQuMjQiLz4KICAgICAgPGxpbmUgY2xhc3M9ImNscy0xIiB4MT0iNDkuNDkiIHkxPSIyLjc0IiB4Mj0iNDkuNDkiLz4KICAgICAgPGxpbmUgY2xhc3M9ImNscy00IiB4MT0iNDAuODgiIHkxPSIxNi45OCIgeDI9IjQwLjg4IiB5Mj0iMTQuMjQiLz4KICAgICAgPGxpbmUgY2xhc3M9ImNscy00IiB4MT0iMzIuMzMiIHkxPSIxNi45OCIgeDI9IjMyLjMzIiB5Mj0iMTQuMjQiLz4KICAgICAgPGxpbmUgY2xhc3M9ImNscy00IiB4MT0iMjMuNzkiIHkxPSIxNi45OCIgeDI9IjIzLjc5IiB5Mj0iMTQuMjQiLz4KICAgICAgPGxpbmUgY2xhc3M9ImNscy00IiB4MT0iMjAuNTkiIHkxPSIyLjc0IiB4Mj0iMjAuNTkiLz4KICAgICAgPGxpbmUgY2xhc3M9ImNscy00IiB4MT0iMjkuMTMiIHkxPSIyLjc0IiB4Mj0iMjkuMTMiLz4KICAgICAgPGxpbmUgY2xhc3M9ImNscy00IiB4MT0iMzcuMTYiIHkxPSIyLjc0IiB4Mj0iMzcuMTYiLz4KICAgICAgPGxpbmUgY2xhc3M9ImNscy00IiB4MT0iNDUuNzEiIHkxPSIyLjc0IiB4Mj0iNDUuNzEiLz4KICAgIDwvZz4KICA8L2c+Cjwvc3ZnPg==\" alt=\"S\u0131cakl\u0131k\" width=\"100\" title=\"\"><\/div>\n<div class=\"temp-values\">\n<div>-40\u00b0C \/ +100\u00b0C<\/div>\n<div>-40\u00b0F \/ +212\u00b0F<\/div>\n<\/div>\n<\/div>\n<div class=\"marking-section\">\n<div class=\"detail-row\">\n<div class=\"detail-label\">Image de marque<\/div>\n<div class=\"detail-value\">: Gaufrage ou jet d'encre<\/div>\n<\/div>\n<p><img decoding=\"async\" class=\"marking-image\" src=\"data:image\/png;base64,iVBORw0KGgoAAAANSUhEUgAABf0AAAAsCAYAAADfABI0AAAACXBIWXMAACE3AAAhNwEzWJ96AAAWRUlEQVR4nO3dPW8bV9bA8bOLbXe+gAaIg00jFgmQhiwSbAqLRYLdQmJhw43Ewl43EgvJLtb286zkFI5UUGqCpKDUGHZBqngMuyBdBNgths0Cu8WwCbApRl9g8gH2KcgzGpLzcmc4kkj6\/wMMxxKHc2fuC8Nz75z7mz98dOt\/BQAAAAAAAAAALLqffici\/3PTpQAAAAAAAAAAALP77U0XAAAAAAAAAAAAFIOgPwAAAAAAAAAAS4KgPwAAAAAAAAAAS4KgPwAAAAAAAAAAS4KgPwAAAAAAAAAAS4KgPwAAAAAAAAAAS4KgPwAAAAAAAAAAS+J3s77BaqkkT549LaIsic7bHem02\/Lk2VNZLZVEROTenbtXfl4AAAAAAAAAABbFzEH\/J8+eSrlSKaIsifpOX0SGkwzXcT4AwPXaqNWkXCnLo929my7KjeNeoAjz3o7mvXwAAAAAsKhmDvqHXXieeJ5X5FuOvfd1Wy2VxLIsGbiu+L6f6VjbtqVcqciKbcuF50nfcWLvjW3bwevSXuP7vgxc1+icvW43c7mj6CRL33ESX2dZlqyWSlNlNLk+PcfkvTY9t+lEkJYtrqyTsrSBuLKmXUNc3ZqeW483oe+VVtYoceVPK6fe68n3CP88y\/mSjkurz3CZy5VKUO6+46TWr2VZUq5UgnMnHWdaJ0l1m7fdxJXZ933pO07m+5N2nEnfM6kX27blr8+eimVZ0nf60mm3U9930Wnf0c83HSd935cXR4ciItLr9qTX7ca+R1z\/mvx9XFszGWeK6HOLKO8YFfc+afeqqPOpuD5l+rkaxWTszLIww7SdAwAAAACy+c0fPrr131ne4OXrV8EXvE9ufVxIoeblfHque3fuZvpy\/OTZU9ms16d+ftI8lpNmc+rn242GbDd2pO84sSmL0l4TdU7f9+Xb\/YOZg2c\/\/\/IfERH509ffJAYsNut1efLs6VQZtexx1x8+x+S91p+n1bW+Lo2WrVypyMvXrxLvuchlG3i+fyBnrVbs61ZLJXnz7m1kWdOuIa5uTdufHm9C3yuuTEn3Ma49pZVT7\/Xk+cI\/z3K+tOMuPE\/+cv9BZFu1LEu+\/\/GHqaCU7\/vyeHcvNui03WjIZn1LLMuaOu6sdSpnrdZY4Mu0TpLqNm+7URu1WhDwC+t1u\/J4dy82ABz39FbfceSkeTxVXpO+l9bPRES+OzqU9VrN6LXLQvvOSfNYRGRsnNT6vfA8+eMXXya+T9IYvVatyvc\/\/hA7\/saNvWGz9LlFZjJGnbVOYz\/XlH42ptVl3jExTlyfMv1cDcsydmb5PO47feN2DgAAAAAw9rcb28j35etX8vMv\/zH+s91o3FRRM\/nu6DAy4C8yDOgkXUe5UpGNWm3mc2owz7IseXF0mOs9o2zVt2b6\/SL7kK9dFd2eTM+XNZ3Xim3Ly9evplbMWpY1Nmk4+buogJbIZXBdg+fDQJUTHDfs12aTLtdlo1aTF0eHUwF\/kcsg8KTJ+6NPKOkqdA1IRr3nrGzblvVRu3q+f1D4+y+ik2ZTLjxPVmw7tc9pe4xqv+VKeezvsHAfybPqW8X1uWWn\/T\/uM19t1DZEZHifZrlHWcbEIvtU3rHTRJZ2DgAAAAAwd2NB\/2VUrlSCL9nn7bZ8\/uln8smtj+XzTz8LVsFtN3bETkj7EQ4u5j3n559+Jl998WWw6jJqtW8et6vV2PfRtEI35ZNbH4\/90QDWSfN47Od5VxCvjFInRbEsS25Xq7nLPquTZjP2GuPuS5rJ48Jt+K8Fb9zdd5yp84Xbb1xAPe64C88LgnFhm\/V6EHB7vn8QHBNeHf3dKNWEsixLNkcTOtq\/7t25K\/fu3JXPP\/1MTprH4vt+sFJ70mT7y1sfWViWFdTRwHXlqy++DM6n5YyaYNys14N0Pvfu3JU\/fvHl2N8D1w2uN0rSdab1O73HvW536VaLp\/F9P+hb4f8WkaC+9P7E0XtWKq1O\/U7bfNT4VUpICxQla59bFmljVNKkrz0R6NcJgFnOZ3Kfi+xTWcfOrJ\/Hpu0cAAAAAGCu0KD\/cEO2SuKfKLpyNunPTeT0z0q\/zPcdRx6F0mf4vi8P7z8IrmE9YTXbim2nrho0OafneXLvzl3xfV8sy0o8pynLsmQtJrhtEshYdHHXuJYwGbIsNIWDyGWe+Kvked5YgDrLcbqqdbKtav2dNI\/HUjUNXFce3n8gItOTO5rv3Pf9sf4lIqNgf1M+\/\/SzQvbOKIq2Rw3eh\/fROGk25XyUGmR9oj3rSvCoFD59x5E\/ff1NahqTWcosInLe7lzJ+88znVAREXk4kSJHJwBWS6XEyeKBOwheNyncnif7ktb5LEHhpD63zDzPCzafTZrw1glhrcu89yjrmFhkn8ozdmZh2s4BAAAAAOYK3cj3xcQq2SiPd\/em8tEuS\/5mDbjEfcnutDuy3diJTLMgMvwCvVoqyWZ9aypHeBwNNvS6vanfaf5f3RyyCJv1ran6K2pSYd6t12ryfP9gql4+lNWJuqFruVIR27alfw3nUxrENhFeKW3btnijVcjaV84j8mF7o1Q2Ojk5GfRepNXnq6PV3u9jNvLutDuyPpqgjXLd1xre9PhD28jz+f5BcL+jxnxd+b9WrcrtajV2XxFtr5NB\/8k6Xi2Vxtr25QbAs\/XmqD73ITDpKxowP2udBqv+dWPlrEzHxCL71KxjpwnTdg4AAAAAMDfzSv+sweSoFXEvX79K\/bMIuV41gJI34NHr9qTvOGJZljwxTKGiQZ24AEKn3ZaTZrOQYNqF5wUBizAN+C\/C0xh5xT2lofdjma897KaeaMiykj6qjOE2m6d\/6or\/RXA5Dl3kOv6qn+KYpJ8JV5HqaN6Fx+24Nq6r+KNS9yjP84Ljo1b26\/g\/OeGsbWXWiZ5F6RtF0\/uXFHxfLZWCCVNt40U8GZc0JhbZp2YdO02ZtHMAAAAAgLmZg\/6PdveCHNdxf9I2kUtLCXTT+eKvk96r9Vpt7jZF7IyeYJjMX6z\/Pm2dXnuZrsuHfO0qnJvavYbV4PoERdYJFU1r4fv+zEEqDYZaliVv3r2VjVptaQOc4Xzh3x0dXtv4kzZx+aHTwG3aZ2DUan8N8p+1TsX3\/cgJgSL6SZF9blGslkpBHvuzmPFfU\/u8H0266OdI3hQ\/pmPiIvYp03YOAAAAADBTSHqfD3GF5lUZuK6ct9uyXqvJk2dPc6U+ito\/4cLzptLyZHXebst2Y2e0oe9BEERasW0ZuO5CBRiyGu4rsRHkLdYnMm4HeZPbxk9nLIKo1d56fReeV2hdr5ZK8vL1q7GfhdNTxG2SG7W3QHgT2\/cFPN2im\/RuN3ZkxbblxdGhvJDDoL132p3E8W+jthGbzsu0b0\/eG1V07uuT5rGsjyY11ms1Wa\/VxPd9Gbiu9Lo9OW+3E1cXx5XzvN0xGnt8\/9fcZb9pOuaet9uxQW\/btmW9Vhtb8V2kgTuQtWp1bKX0amij3r7jyFq1GqSWCf\/O1HX0uSJsNxqpn3kmdRZ+7c+\/\/Gfq577vy1mrFbvXha7o1\/R7A9eVC8+TldEEatw4mndMnC7f4vYpAAAAAMBsCs3pn9cntz6+6SLMlef7B3K7WpVypSJr1Wrm1DzlSkW2GztjP+s7zsxBf8\/zgry7a9WqdNrtsXzFy+60dSpPnj2VjdpGEECzLCs1GLqI4gK4IpL65E5WSRsDn7Vase02KjCmNFhfhJNmUy48Lwj867lXSyVZr9Wk1+3K44lNftVKKFCX13Wl2\/F9X\/789Tey3dgJ0lhp3eiY8nh3L3Y8it+o\/ap3f7h5en\/6jhMbQF6xbdlu7MhJM99EeVo7GL7nThDM15RUeq7LSYFhsFknBzStionr6nOz0rpIC\/qn1dkswk9Gheu77ziyXqvJRm1Dnu9HB\/3zjonL4LrTiwEAAADAspqLoD\/GDVcPnsp2Y0eePHuaOeh\/MdpYT2QYPIhK07FRq8UGI5NWPp63O7JWrcpmfUt63W4QHOx1u3OXjqhouppfN\/TVVAtRmygvowvPk+f7B4VvtjpckXu5+bVOWJ00j2NX0CbpO4483z8oNJDXabel024HgbxypSxr1aqs2LasVaty0fAiJ0OGK6xnC3rHBVLLlXLhATLP8+TR7p482t2TcqUydq2WZcmLo0MZfO1G3tu4ci7rk2CWZYllWZH3IryhadyKbn1So6h2OpneR9uGtj+dFChXytJpt3Ot9E86d9F9Lqu4+6wb0Q5c17jOJvUdZ+rJHE3vs1mvi8j0ZKg+Bdab2FC71+3Jeq0ma9Vq7ARq0WMiAAAAAODDkynoX65UElcA5xX12PykqC+7JsfFHTvvTppN2ahtjFaHNjIdqwFKkWHu4O9\/\/GHqNeu1jYSVufErH3vdbrChr6Z7WcaV7lF83x9LvaQb+BYdBJ8HkwGugeteWR17njfWP217JVgJm9RvB647FTS76gCz53nBEy\/P9w\/ku6PDIBVOdNC\/P\/PYE3f8dqNxpatiNSXMWasVrPDWlFZnrZZxOZeVjgPhvrFZ35Lvjg5lxbblT19\/IyIib969lQvPC\/bBKFfK8ubdW1ktleT5\/kHkvYxisreFpu0ZPp0xTCulfUL\/1jaTJ+h\/E33OlP6\/iaYYsm1bvv\/xh+BpuYf3HxjVmWnqsoHryr07d+Wf\/\/6XbNbrctI8Hhsj9Sm4C88b66f6mqQUP3nHxGWQdQ8XAAAAAEC0a1\/pv8xf6HzfD1YSFuHR7p68fP1KNutbcp7zcf641fdJgY204G6n3RlLARJekZjEtldSXzPv7aPT7gRBXv23Kdu2E1fCztO15wnk2bYtSWvaTa9Pc8uH90+I4vu+cTnDbdqyrMImMJ7vHwR58OeFXptl\/b6w99S9Rjbr9bm61pv062i\/g\/AYuxZa3a33SVOi6ZNV4U1Wf83QDk1W0Wt5VkslKcWklilXKrIxGr+y7s2Rpc9dJ9u25X23K7er1WBs1tRaF54XjD2mdWbKD73faqkU3Jtwap\/Nej14GmBSUoqfMNMx8Spc1dgZ50PZCBoAAAAArlqmoP+sX\/jPWqfBquiswQb90p5nA9HrCqYOXDdYYRm1+nt1lEPZtDy60rZcqQSBjKjXDHP\/r0XWjQbaJ885S1523dBX3zetTWiQIG5VsgZdROb\/C\/9wQ18vCOCZTMboZFC5UhEv4vVr1TUREfG8i2ILe00u67ccmWv68vrM6ja8d8R2Y0fu3Zk9wBUeN8qVSkz\/HAbp5mnyJQ\/N3R7X3+btOrUccRsezyt9oir8NJXuixBu633HEdu25f\/evQ2Cyg\/vPzB+QkjryyTY2nf6o9Qxa7Ji21Njc9\/pjz5PNoKyLQNNS2VZB\/L9jz8Ebf+s1Rr7rDOtsyyi0uTdDn2mJUlK8ROWdUwssk9d19iZpZ0DAAAAANJlCvrr4+xFyBt0LnoT0SL1ur0gQN9pd6a+LF+uKDTPAf94d09++sffY1cgXgZxps+pG41mPWeacADi1GAD3\/fdrjx59lRWbFs2arWxwLBlWcEEwqKkydENfXvdrlGg6P1o7wPdB2E8BUQtCHYsyvVPet\/tyVq1KrerVVktnRbSBs9ap0HguqiVreGgWd9xxuphu9EYW5mtbNuWF0eH8nh3L7KudQXvvATQRYbl324MN3TN0t+ePHsqnncRmW7GsqygHou+Vk17s6h7gujeHuEJ2skULPo0iL5GxwITWTbcvUwhNJ7PXw0mfp9lE99FoKmNBq4rK7Y9qovjqUCySZ2Z0L0uRCQytU9c+ibLsuSf\/\/5XYoqfSVnGxKL7VJ6xM6s8G0sDAAAAAOJlCvrHbQo77\/QR\/Lw2EvLfi1zmstYV8JZlycvXr0a57n8N8vGKDIMuWb4Ye54nZ61WbHqA4e+2ps5pWb\/PfU4TJ81jGbgDo5Xu4UmCF0eHUq6Ug1Xtum\/B8FriJxCS9jUYbnqYL\/1RHufttliWZXxPT1unsj4K7r959zZICRRuF33HiW2jpu3vpvS6Xdn2dmTFtiPboKaEyJKiKvyUS1Gr\/TVoNlkP4Q1xz1qtsYDW9z\/+IKulkvz0j7\/LebstrjsI0nmsVdeC4+LSPJUr5cS2m7Rpdl4D1w3uXbi\/TdZHuL8NN+cejjFb9a2xCcRypTx2XFy7z9tHNb+6fr7MMlZfNw3C9rpdeby7J2\/evQ3SsWm92rYtm\/UtufA8eXj\/gbw4OpS1ajXINZ\/mMoCf3gfC9zLqmMl\/uxH3WnPjP98\/mKkudN+T83bn2sZn3WdGN6J+8uypbDd2xhYLmNTZJDtib5248Tuc2ictNdkw1ZJZip8sY6JpnzLts3nGzqyytHMAAAAAQLpMQX\/dzHHR9B1npicU4lLrKA26+r4v9+7cDTa8nAzU+74vj3b3Mp9f8\/lGrfa\/qnOmGbhupoDQ4909sV\/bYyu\/w85arcQv+7o6OUrfca416O\/7fqZA+8B15fHunrwYbRY5eS2+78vjhDoybX83xfd9+cv9B7FtUGRY\/1kDQuftTrCqNW0\/BBN9x0msh4HryknzeOxnJ81jeXF0GKx0X4943163G1sHWv6kMl1FSquHo\/qI62\/f7h9MpaAJ556P6m++78vD+w9i63GWPqpPw5gGQOeFN0pv9u3+gfi+P9rjYWPsHmmA97zdEd\/35dv9A7Esy6jey5WKrNh2ptR6mmZO\/zssnIM+bjJcj5117wZddT\/5tMFV6nV7QQB+4LqjtHfj5zeps0lxfUJEgvdQev8uPC\/xM1KfDDRN8SOSbUw06VOmfTbP2JlFnnYOAAAAAEh27Rv5LpI8qxwHrit\/\/vqbIL2GrrLrdXuxK+E0L35c2gwNFK3XNiLLFHfOvuNEpjbIKstmqXEr1nVyYrNeD1YH6uvPWqex5zBd3Rr3s6R7mrS6fvJ9zPJpx5e1M1pFulnfklKpJCu2ndou8q6yNQmczHK\/o0S1QW3XJ83jyOBUWh102m25XV0Ty7LkdrUapMkwrbu495ysBw3IRgWle92u9L9wZL1Wk3KlHBxz4Xniuq687\/YijzPZ60KvJU7a8XoO0\/6WVB8a0Nf9QTRgq+UYuK6ctU4j6zFvHw0Lb5BdxJh1XSZT3vW63anV+3pvled5xpPQGlzN8pTM+WgV9oXnRd7HTrsja9X4p9+0PqMmLrL0ubQx+CpMTr5F3WeTOlNpY2mv2xs92XR5r3RMSUtn9r7bDfY70QB+3jEx+rXxfSpPn806dka9V1xbyNPOAQAAAADJfvOHj2791\/TF9ihH7qK57vQvAIBsXr5+JeVKZWrz1Q9VuVIJnqz76osv536Tc8yfRehTtHMAAAAAuBJ\/yxT0BwDgKoSDf\/fu3P2g03xYliVv3r2VFduWk+bxjafwwmKa9z5FOwcAAACAK\/O33950CQAAGKb6Gqa6WpT0PlclnOYlKYULkGTe+xTtHAAAAACuDiv9AQBzQ\/ckgRSygTUw732Kdg4AAAAAhSO9DwAAAAAAAAAAS4L0PgAAAAAAAAAALAuC\/gAAAAAAAAAALAmC\/gAAAAAAAAAALAmC\/gAAAAAAAAAALAmC\/gAAAAAAAAAALInfichPN10IAAAAAAAAAAAws19uugAAAAAAAAAAAAAAAAAAAAAAAAAAAAAAAAAAAAAAAAAAAAAAAMyr\/wc61FS1U8wqlQAAAABJRU5ErkJggg==\" alt=\"Markalama G\u00f6rseli\" title=\"\"><\/p>\n<\/div>\n<div>\n<table style=\"width: 100%;\" cellspacing=\"0\" cellpadding=\"0\">\n<tbody>\n<tr>\n<td style=\"width: 120px; font-weight: bold;\">Norme<\/td>\n<td style=\"width: 400px; text-align: left;\">ISO 1307<\/td>\n<td style=\"width: 120px; font-weight: bold;\">Couleur<\/td>\n<td style=\"width: 400px;\">\n<div class=\"color-icons\"><img decoding=\"async\" src=\"data:image\/svg+xml;base64,PHN2ZyB2aWV3Qm94PSIwIDAgMTAwIDEwMCIgeG1sbnM9Imh0dHA6Ly93d3cudzMub3JnLzIwMDAvc3ZnIj4KICA8Y2lyY2xlIGN4PSI1MCIgY3k9IjUwIiByPSI0OSIgZmlsbD0iIzAwMDAwMCIgc3Ryb2tlPSJibGFjayIgc3Ryb2tlLXdpZHRoPSIwLjUiLz4KICA8Y2lyY2xlIGN4PSI1MCIgY3k9IjUwIiByPSIzOCIgZmlsbD0id2hpdGUiIHN0cm9rZT0iYmxhY2siIHN0cm9rZS13aWR0aD0iMC41Ii8+CiAgPGNpcmNsZSBjeD0iNTAiIGN5PSI1MCIgcj0iMzMiIGZpbGw9IiMwMDAwMDAiIHN0cm9rZT0iYmxhY2siIHN0cm9rZS13aWR0aD0iMC41Ii8+CiAgPGNpcmNsZSBjeD0iNTAiIGN5PSI1MCIgcj0iMjIiIGZpbGw9IndoaXRlIiBzdHJva2U9ImJsYWNrIiBzdHJva2Utd2lkdGg9IjAuNSIvPgo8L3N2Zz4=\" alt=\"\" title=\"\"><br \/>\n<img decoding=\"async\" src=\"data:image\/svg+xml;base64,PHN2ZyB2aWV3Qm94PSIwIDAgMTAwIDEwMCIgeG1sbnM9Imh0dHA6Ly93d3cudzMub3JnLzIwMDAvc3ZnIj4KICA8Y2lyY2xlIGN4PSI1MCIgY3k9IjUwIiByPSI0OSIgZmlsbD0iI0EwQTBBMCIgc3Ryb2tlPSJibGFjayIgc3Ryb2tlLXdpZHRoPSIwLjUiLz4KICA8Y2lyY2xlIGN4PSI1MCIgY3k9IjUwIiByPSIzOCIgZmlsbD0id2hpdGUiIHN0cm9rZT0iYmxhY2siIHN0cm9rZS13aWR0aD0iMC41Ii8+CiAgPGNpcmNsZSBjeD0iNTAiIGN5PSI1MCIgcj0iMzMiIGZpbGw9IiMwMDAwMDAiIHN0cm9rZT0iYmxhY2siIHN0cm9rZS13aWR0aD0iMC41Ii8+CiAgPGNpcmNsZSBjeD0iNTAiIGN5PSI1MCIgcj0iMjIiIGZpbGw9IndoaXRlIiBzdHJva2U9ImJsYWNrIiBzdHJva2Utd2lkdGg9IjAuNSIvPgo8L3N2Zz4=\" alt=\"\" title=\"\"><br \/>\n<img decoding=\"async\" src=\"data:image\/svg+xml;base64,PHN2ZyB2aWV3Qm94PSIwIDAgMTAwIDEwMCIgeG1sbnM9Imh0dHA6Ly93d3cudzMub3JnLzIwMDAvc3ZnIj4KICA8Y2lyY2xlIGN4PSI1MCIgY3k9IjUwIiByPSI0OSIgZmlsbD0iIzQ2QTZEOCIgc3Ryb2tlPSJibGFjayIgc3Ryb2tlLXdpZHRoPSIwLjUiLz4KICA8Y2lyY2xlIGN4PSI1MCIgY3k9IjUwIiByPSIzOCIgZmlsbD0id2hpdGUiIHN0cm9rZT0iYmxhY2siIHN0cm9rZS13aWR0aD0iMC41Ii8+CiAgPGNpcmNsZSBjeD0iNTAiIGN5PSI1MCIgcj0iMzMiIGZpbGw9IiMwMDAwMDAiIHN0cm9rZT0iYmxhY2siIHN0cm9rZS13aWR0aD0iMC41Ii8+CiAgPGNpcmNsZSBjeD0iNTAiIGN5PSI1MCIgcj0iMjIiIGZpbGw9IndoaXRlIiBzdHJva2U9ImJsYWNrIiBzdHJva2Utd2lkdGg9IjAuNSIvPgo8L3N2Zz4=\" alt=\"\" title=\"\"><br \/>\n<img decoding=\"async\" src=\"data:image\/svg+xml;base64,PHN2ZyB2aWV3Qm94PSIwIDAgMTAwIDEwMCIgeG1sbnM9Imh0dHA6Ly93d3cudzMub3JnLzIwMDAvc3ZnIj4KICA8Y2lyY2xlIGN4PSI1MCIgY3k9IjUwIiByPSI0OSIgZmlsbD0iI0ZGRDcwMCIgc3Ryb2tlPSJibGFjayIgc3Ryb2tlLXdpZHRoPSIwLjUiLz4KICA8Y2lyY2xlIGN4PSI1MCIgY3k9IjUwIiByPSIzOCIgZmlsbD0id2hpdGUiIHN0cm9rZT0iYmxhY2siIHN0cm9rZS13aWR0aD0iMC41Ii8+CiAgPGNpcmNsZSBjeD0iNTAiIGN5PSI1MCIgcj0iMzMiIGZpbGw9IiMwMDAwMDAiIHN0cm9rZT0iYmxhY2siIHN0cm9rZS13aWR0aD0iMC41Ii8+CiAgPGNpcmNsZSBjeD0iNTAiIGN5PSI1MCIgcj0iMjIiIGZpbGw9IndoaXRlIiBzdHJva2U9ImJsYWNrIiBzdHJva2Utd2lkdGg9IjAuNSIvPgo8L3N2Zz4=\" alt=\"\" title=\"\"><\/div>\n<\/td>\n<\/tr>\n<\/tbody>\n<\/table>\n<\/div>\n<\/div>\n<\/div>","protected":false},"excerpt":{"rendered":"<p>&nbsp; \u00dcr\u00fcn Ad\u0131: LONG-MULTI 20 \u00dcr\u00fcn Kodu: LLMP225 \u00c7ok Ama\u00e7l\u0131 Kullanim Alan\u0131 : Hava, Ya\u011f, So\u011fuk \/ S\u0131cak Su Ta\u015f\u0131mak \u0130\u00e7in. Alt Katman : \u00d6zel Sentetik Kau\u00e7uk. Takviye Katman\u0131 : Y\u00fcksek Mukavemetli Sentetik Tekstil. \u00dcst Katman : A\u015f\u0131nmaya, Is\u0131ya, Oksijene ve Hava Ko\u015fullar\u0131na Dayan\u0131kl\u0131 P\u00fcr\u00fczs\u00fcz \u00d6zel Sentetik Kau\u00e7uk. -40\u00b0C \/ +100\u00b0C -40\u00b0F \/ +212\u00b0F Markalama [&#8230;]\n","protected":false},"featured_media":22205,"comment_status":"open","ping_status":"closed","template":"","meta":{"jetpack_post_was_ever_published":false},"product_brand":[],"product_cat":[2355],"product_tag":[],"class_list":{"0":"post-22818","1":"product","2":"type-product","3":"status-publish","4":"has-post-thumbnail","6":"product_cat-sel_hava_gaz_hartumlari","8":"first","9":"instock","10":"taxable","11":"shipping-taxable","12":"product-type-simple"},"jetpack-related-posts":[{"id":21291,"url":"https:\/\/tuzlahortum.com.tr\/fr\/produit\/long-multi-10\/","url_meta":{"origin":22818,"position":0},"title":"LONG-MULTI 10","author":"admin","date":"11 ao\u00fbt 2025","format":false,"excerpt":"\u00a0 \u00dcr\u00fcn Ad\u0131: LONG-MULTI 10 \u00dcr\u00fcn Kodu: LLMP225 \u00c7ok Ama\u00e7l\u0131 Kullanim Alan\u0131 : Hava, ya\u011f, so\u011fuk\/s\u0131cak su ta\u015f\u0131mak i\u00e7in. Alt Katman : \u00d6zel Sentetik Kau\u00e7uk. Takviye Katman\u0131 : Y\u00fcksek Mukavemetli Sentetik Tekstil. \u00dcst Katman : A\u015f\u0131nmaya, Is\u0131ya, Oksijene ve Hava Ko\u015fullar\u0131na Dayan\u0131kl\u0131 P\u00fcr\u00fczs\u00fcz \u00d6zel Sentetik Kau\u00e7uk. -40\u00b0C \/ +100\u00b0C -40\u00b0F\u2026","rel":"","context":"Article similaire","block_context":{"text":"Article similaire","link":""},"img":{"alt_text":"","src":"https:\/\/i0.wp.com\/tuzlahortum.com.tr\/wp-content\/uploads\/2025\/08\/longmulti-p.png?fit=552%2C552&ssl=1&resize=350%2C200","width":350,"height":200,"srcset":"https:\/\/i0.wp.com\/tuzlahortum.com.tr\/wp-content\/uploads\/2025\/08\/longmulti-p.png?fit=552%2C552&ssl=1&resize=350%2C200 1x, https:\/\/i0.wp.com\/tuzlahortum.com.tr\/wp-content\/uploads\/2025\/08\/longmulti-p.png?fit=552%2C552&ssl=1&resize=525%2C300 1.5x"},"classes":[]},{"id":21282,"url":"https:\/\/tuzlahortum.com.tr\/fr\/produit\/long-komp10-bar\/","url_meta":{"origin":22818,"position":1},"title":"LONG-KOMP10 BAR","author":"admin","date":"11 ao\u00fbt 2025","format":false,"excerpt":"\u00a0 \u00dcr\u00fcn Ad\u0131: LONG-KOMP10 BAR \u00dcr\u00fcn Kodu: LL\/ALDO81 Hafif Hizmet Hava Kullanim Alan\u0131 : Pn\u00f6matik Ekipman ve Aletler \u0130\u00e7in. Alt Katman : Ya\u011f Sisine Dayan\u0131kl\u0131 Do\u011fal ve Sentetik Kau\u00e7uk. Takviye Katman\u0131 : Y\u00fcksek Mukavemetli Sentetik Tekstil. \u00dcst Katman : A\u015f\u0131nma, Ozon ve Hava Ko\u015fullar\u0131na Dayan\u0131kl\u0131 P\u00fcr\u00fczs\u00fcz Do\u011fal ve Sentetik Kau\u00e7uk.\u2026","rel":"","context":"Article similaire","block_context":{"text":"Article similaire","link":""},"img":{"alt_text":"","src":"https:\/\/i0.wp.com\/tuzlahortum.com.tr\/wp-content\/uploads\/2025\/08\/longkomp10-p.png?fit=552%2C552&ssl=1&resize=350%2C200","width":350,"height":200,"srcset":"https:\/\/i0.wp.com\/tuzlahortum.com.tr\/wp-content\/uploads\/2025\/08\/longkomp10-p.png?fit=552%2C552&ssl=1&resize=350%2C200 1x, https:\/\/i0.wp.com\/tuzlahortum.com.tr\/wp-content\/uploads\/2025\/08\/longkomp10-p.png?fit=552%2C552&ssl=1&resize=525%2C300 1.5x"},"classes":[]},{"id":21285,"url":"https:\/\/tuzlahortum.com.tr\/fr\/produit\/long-komp20-bar\/","url_meta":{"origin":22818,"position":2},"title":"LONG-KOMP20 BAR","author":"admin","date":"11 ao\u00fbt 2025","format":false,"excerpt":"\u00a0 \u00dcr\u00fcn Ad\u0131: LONG-KOMP20 BAR \u00dcr\u00fcn Kodu: LL\/ALDO84 Orta Hizmet Hava Kullanim Alan\u0131 : Orta Y\u00fck Hizmeti \u0130\u00e7in Hava ve Pn\u00f6matik Aletler, \u00d6zellikle Madenler, Ta\u015f Ocaklar\u0131 ve \u0130n\u015faatlar \u0130\u00e7in. Alt Katman : Ya\u011f Sisine Dayan\u0131kl\u0131 Do\u011fal ve Sentetik Kau\u00e7uk. Takviye Katman\u0131 : Y\u00fcksek Mukavemetli Sentetik Tekstil. \u00dcst Katman : A\u015f\u0131nma,\u2026","rel":"","context":"Article similaire","block_context":{"text":"Article similaire","link":""},"img":{"alt_text":"","src":"https:\/\/i0.wp.com\/tuzlahortum.com.tr\/wp-content\/uploads\/2025\/08\/longkomp20-p.png?fit=552%2C552&ssl=1&resize=350%2C200","width":350,"height":200,"srcset":"https:\/\/i0.wp.com\/tuzlahortum.com.tr\/wp-content\/uploads\/2025\/08\/longkomp20-p.png?fit=552%2C552&ssl=1&resize=350%2C200 1x, https:\/\/i0.wp.com\/tuzlahortum.com.tr\/wp-content\/uploads\/2025\/08\/longkomp20-p.png?fit=552%2C552&ssl=1&resize=525%2C300 1.5x"},"classes":[]},{"id":21207,"url":"https:\/\/tuzlahortum.com.tr\/fr\/produit\/long-su\/","url_meta":{"origin":22818,"position":3},"title":"LONG-SU","author":"admin","date":"11 ao\u00fbt 2025","format":false,"excerpt":"\u00a0 \u00dcr\u00fcn Ad\u0131: LONG-SU \u00dcr\u00fcn Kodu: LL\/W111 Su Kullanim Alan\u0131 : Bah\u00e7e ve Genel Su Tahliye Hizmetleri. Alt Katman : Do\u011fal ve Sentetik Kau\u00e7uk. Takviye Katman\u0131 : Y\u00fcksek Mukavemetli Sentetik Tekstil. \u00dcst Katman : A\u015f\u0131nmaya ve Hava Ko\u015fullar\u0131na Dayan\u0131kl\u0131 P\u00fcr\u00fczs\u00fcz Sentetik Kau\u00e7uk. -25\u00b0C \/ + 70\u00b0C -13\u00b0F \/ +158\u00b0F Markalama\u2026","rel":"","context":"Article similaire","block_context":{"text":"Article similaire","link":""},"img":{"alt_text":"","src":"https:\/\/i0.wp.com\/tuzlahortum.com.tr\/wp-content\/uploads\/2025\/08\/longsu-p.png?fit=511%2C511&ssl=1&resize=350%2C200","width":350,"height":200},"classes":[]},{"id":21288,"url":"https:\/\/tuzlahortum.com.tr\/fr\/produit\/long-komp-a-s\/","url_meta":{"origin":22818,"position":4},"title":"LONG-KOMP A\/S","author":"admin","date":"11 ao\u00fbt 2025","format":false,"excerpt":"\u00a0 \u00dcr\u00fcn Ad\u0131: LONG-KOMP A\/S \u00dcr\u00fcn Kodu: LL\/AS084 Orta Hizmet Hava ANT\u0130STAT\u0130K Kullanim Alan\u0131 : Madenlerde, ta\u015f ocaklar\u0131nda ve in\u015faatta \u00f6zellikle hava ve pn\u00f6matik aletler i\u00e7in orta hizmet tipi kullan\u0131m. Alt Katman : Ya\u011f - Sise Dayan\u0131kl\u0131 Do\u011fal ve Sentetik Antistatik Kau\u00e7uk. Takviye Katman\u0131 : Y\u00fcksek Mukavemetli Sentetik Tekstil. \u00dcst\u2026","rel":"","context":"Article similaire","block_context":{"text":"Article similaire","link":""},"img":{"alt_text":"","src":"https:\/\/i0.wp.com\/tuzlahortum.com.tr\/wp-content\/uploads\/2025\/08\/longkompas-p.png?fit=552%2C552&ssl=1&resize=350%2C200","width":350,"height":200,"srcset":"https:\/\/i0.wp.com\/tuzlahortum.com.tr\/wp-content\/uploads\/2025\/08\/longkompas-p.png?fit=552%2C552&ssl=1&resize=350%2C200 1x, https:\/\/i0.wp.com\/tuzlahortum.com.tr\/wp-content\/uploads\/2025\/08\/longkompas-p.png?fit=552%2C552&ssl=1&resize=525%2C300 1.5x"},"classes":[]},{"id":21309,"url":"https:\/\/tuzlahortum.com.tr\/fr\/produit\/mars\/","url_meta":{"origin":22818,"position":5},"title":"MARS","author":"admin","date":"11 ao\u00fbt 2025","format":false,"excerpt":"\u00a0 \u00dcr\u00fcn Ad\u0131: MARS \u00dcr\u00fcn Kodu: ADS240 Hava ve Toz Emme Kullanim Alan\u0131 : Hava, toz, tah\u0131l, toz madde vb. emi\u015f ve transferi i\u00e7in. Alt Katman : Do\u011fal ve Sentetik Kau\u00e7uk. Takviye Katman\u0131 : Sentetik Tekstil ve \u00c7elik Tel Spiral \u00dcst Katman : A\u015f\u0131nma, Ozon, Is\u0131 ve Hava Ko\u015fullar\u0131na Dayan\u0131kl\u0131\u2026","rel":"","context":"Article similaire","block_context":{"text":"Article similaire","link":""},"img":{"alt_text":"","src":"https:\/\/i0.wp.com\/tuzlahortum.com.tr\/wp-content\/uploads\/2025\/08\/mars-p.png?fit=539%2C539&ssl=1&resize=350%2C200","width":350,"height":200,"srcset":"https:\/\/i0.wp.com\/tuzlahortum.com.tr\/wp-content\/uploads\/2025\/08\/mars-p.png?fit=539%2C539&ssl=1&resize=350%2C200 1x, https:\/\/i0.wp.com\/tuzlahortum.com.tr\/wp-content\/uploads\/2025\/08\/mars-p.png?fit=539%2C539&ssl=1&resize=525%2C300 1.5x"},"classes":[]}],"jetpack_sharing_enabled":true,"jetpack_likes_enabled":true,"_links":{"self":[{"href":"https:\/\/tuzlahortum.com.tr\/fr\/wp-json\/wp\/v2\/product\/22818","targetHints":{"allow":["GET"]}}],"collection":[{"href":"https:\/\/tuzlahortum.com.tr\/fr\/wp-json\/wp\/v2\/product"}],"about":[{"href":"https:\/\/tuzlahortum.com.tr\/fr\/wp-json\/wp\/v2\/types\/product"}],"replies":[{"embeddable":true,"href":"https:\/\/tuzlahortum.com.tr\/fr\/wp-json\/wp\/v2\/comments?post=22818"}],"wp:featuredmedia":[{"embeddable":true,"href":"https:\/\/tuzlahortum.com.tr\/fr\/wp-json\/wp\/v2\/media\/22205"}],"wp:attachment":[{"href":"https:\/\/tuzlahortum.com.tr\/fr\/wp-json\/wp\/v2\/media?parent=22818"}],"wp:term":[{"taxonomy":"product_brand","embeddable":true,"href":"https:\/\/tuzlahortum.com.tr\/fr\/wp-json\/wp\/v2\/product_brand?post=22818"},{"taxonomy":"product_cat","embeddable":true,"href":"https:\/\/tuzlahortum.com.tr\/fr\/wp-json\/wp\/v2\/product_cat?post=22818"},{"taxonomy":"product_tag","embeddable":true,"href":"https:\/\/tuzlahortum.com.tr\/fr\/wp-json\/wp\/v2\/product_tag?post=22818"}],"curies":[{"name":"wp","href":"https:\/\/api.w.org\/{rel}","templated":true}]}}