{"id":21950,"date":"2025-08-11T11:52:44","date_gmt":"2025-08-11T08:52:44","guid":{"rendered":"https:\/\/tuzlahortum.com.tr\/urun\/olympos-ld\/"},"modified":"2025-08-20T15:06:36","modified_gmt":"2025-08-20T12:06:36","slug":"olympos-ld","status":"publish","type":"product","link":"https:\/\/tuzlahortum.com.tr\/fr\/produit\/olympos-ld\/","title":{"rendered":"OLYMPOS LD"},"content":{"rendered":"<p>&nbsp;<\/p>\n<div class=\"report-container\">\n<div class=\"report-header\">\n<div class=\"standard-text\">Nom du produit : OLYMPOS LD<\/div>\n<div class=\"standard-text\">Code produit : TBF51<\/div>\n<\/div>\n<div class=\"product-image-container\">\n<div class=\"key-feature\">Tresse en PVC l\u00e9ger<\/div>\n<\/div>\n<div class=\"horizontal-line\"><\/div>\n<div class=\"product-details\">\n<div class=\"detail-row\">\n<div class=\"detail-label\">Domaine d&#039;utilisation<\/div>\n<div class=\"detail-value\">: Pour le transport de liquides, d'air, de denr\u00e9es alimentaires et de solutions chimiques l\u00e9g\u00e8res.<\/div>\n<\/div>\n<div class=\"detail-row\">\n<div class=\"detail-label\">Substrat<\/div>\n<div class=\"detail-value\">: PVC transparent de qualit\u00e9 alimentaire.<\/div>\n<\/div>\n<div class=\"detail-row\">\n<div class=\"detail-label\">Couche de renforcement<\/div>\n<div class=\"detail-value\">: Textiles synth\u00e9tiques \u00e0 haute r\u00e9sistance.<\/div>\n<\/div>\n<div class=\"detail-row\">\n<div class=\"detail-label\">Couche sup\u00e9rieure<\/div>\n<div class=\"detail-value\">: PVC transparent r\u00e9sistant \u00e0 l'abrasion, \u00e0 l'ozone et aux intemp\u00e9ries et permettant une inspection facile pendant l'utilisation.<\/div>\n<\/div>\n<\/div>\n<div class=\"datasheet_table\"><img decoding=\"async\" class=\"alignnone size-full\" src=\"https:\/\/tuzlahortum.com.tr\/wp-content\/uploads\/2025\/08\/datasheet475.svg\" alt=\"\" title=\"\"><\/div>\n<div class=\"table-notes\">A, B, C, D1 des essais de simulation de migration chimique liquide pour les produits en contact avec les aliments \u00e0 40\u00b0C pendant 10 jours ont \u00e9t\u00e9 r\u00e9alis\u00e9s conform\u00e9ment au r\u00e8glement cadre (CE) n\u00b0 1935\/2004, au r\u00e8glement (UE) n\u00b0 10\/2011 et au r\u00e8glement modificatif (UE) n\u00b0 2016\/1416.<\/div>\n<div class=\"horizontal-line\"><\/div>\n<div class=\"footer\">\n<div class=\"standards-section\">\n<div class=\"standard-item\" style=\"margin-top: 9px;\"><\/div>\n<div class=\"standard-info\"><\/div>\n<\/div>\n<div class=\"temperature-section\">\n<div class=\"temp-icon\"><img decoding=\"async\" src=\"data:image\/svg+xml;base64,PD94bWwgdmVyc2lvbj0iMS4wIiBlbmNvZGluZz0iVVRGLTgiPz4KPHN2ZyBpZD0ia2F0bWFuXzIiIGRhdGEtbmFtZT0ia2F0bWFuIDIiIHhtbG5zPSJodHRwOi8vd3d3LnczLm9yZy8yMDAwL3N2ZyIgdmlld0JveD0iMCAwIDcyLjI3IDE2Ljk4Ij4KICA8ZGVmcz4KICAgIDxzdHlsZT4KICAgICAgLmNscy0xIHsKICAgICAgICBzdHJva2Utd2lkdGg6IC41OXB4OwogICAgICB9CgogICAgICAuY2xzLTEsIC5jbHMtMiwgLmNscy0zLCAuY2xzLTQgewogICAgICAgIGZpbGw6IG5vbmU7CiAgICAgICAgc3Ryb2tlLW1pdGVybGltaXQ6IDMuODY7CiAgICAgIH0KCiAgICAgIC5jbHMtMSwgLmNscy0zLCAuY2xzLTQgewogICAgICAgIHN0cm9rZTogI2E3YTlhYjsKICAgICAgfQoKICAgICAgLmNscy01IHsKICAgICAgICBmaWxsOiAjYTdhOWFiOwogICAgICB9CgogICAgICAuY2xzLTIgewogICAgICAgIHN0cm9rZTogI2ZmZjsKICAgICAgfQoKICAgICAgLmNscy0zIHsKICAgICAgICBzdHJva2Utd2lkdGg6IDIuMDZweDsKICAgICAgfQoKICAgICAgLmNscy00IHsKICAgICAgICBzdHJva2Utd2lkdGg6IC4ycHg7CiAgICAgIH0KICAgIDwvc3R5bGU+CiAgPC9kZWZzPgogIDxnIGlkPSJrYXRtYW5fMSIgZGF0YS1uYW1lPSJrYXRtYW4gMSI+CiAgICA8Zz4KICAgICAgPHBhdGggY2xhc3M9ImNscy0zIiBkPSJNMTEuMzQsMTEuNTdjLS45NCwxLjcxLTIuNzEsMi42Ni00LjgsMi42Ni0zLjA1LDAtNS41MS0yLjQ3LTUuNTEtNS41MlMzLjUsMy4xOSw2LjU1LDMuMTljMS45NCwwLDMuNjUsMSw0LjYzLDIuNTIiLz4KICAgICAgPGNpcmNsZSBjbGFzcz0iY2xzLTUiIGN4PSI2LjU1IiBjeT0iOC42NiIgcj0iMi40Ii8+CiAgICAgIDxjaXJjbGUgY2xhc3M9ImNscy0yIiBjeD0iNi41NSIgY3k9IjguNjYiIHI9IjIuNCIvPgogICAgICA8bGluZSBjbGFzcz0iY2xzLTMiIHgxPSI2OC4zNCIgeTE9IjExLjc2IiB4Mj0iOS45MiIgeTI9IjExLjc2Ii8+CiAgICAgIDxsaW5lIGNsYXNzPSJjbHMtMyIgeDE9IjY4Ljc4IiB5MT0iNS41MSIgeDI9IjkuNzMiIHkyPSI1LjUxIi8+CiAgICAgIDxsaW5lIGNsYXNzPSJjbHMtMyIgeDE9IjU0LjA3IiB5MT0iOC43NSIgeDI9IjguNjQiIHkyPSI4Ljc1Ii8+CiAgICAgIDxwYXRoIGNsYXNzPSJjbHMtMyIgZD0iTTY4LjE1LDUuNTVjMS43MSwwLDMuMDksMS4zOSwzLjA5LDMuMDlzLTEuOTIsMy4wNi0zLjYyLDMuMDYiLz4KICAgICAgPHBhdGggY2xhc3M9ImNscy01IiBkPSJNNTMuOTEsOC43NWMwLS4xNC4xMi0uMjYuMjYtLjI2cy4yNy4xMi4yNy4yNi0uMTIuMjctLjI3LjI3LS4yNi0uMTItLjI2LS4yN1oiLz4KICAgICAgPHBhdGggY2xhc3M9ImNscy0zIiBkPSJNNTMuOTEsOC43NWMwLS4xNC4xMi0uMjYuMjYtLjI2cy4yNy4xMi4yNy4yNi0uMTIuMjctLjI3LjI3LS4yNi0uMTItLjI2LS4yN1oiLz4KICAgICAgPGxpbmUgY2xhc3M9ImNscy0xIiB4MT0iMzYuNDMiIHkxPSIxNi45OCIgeDI9IjM2LjQzIiB5Mj0iMTQuMjQiLz4KICAgICAgPGxpbmUgY2xhc3M9ImNscy0xIiB4MT0iMjguMDUiIHkxPSIxNi45OCIgeDI9IjI4LjA1IiB5Mj0iMTQuMjQiLz4KICAgICAgPGxpbmUgY2xhc3M9ImNscy0xIiB4MT0iMTkuNTkiIHkxPSIxNi45OCIgeDI9IjE5LjU5IiB5Mj0iMTQuMjQiLz4KICAgICAgPGxpbmUgY2xhc3M9ImNscy0xIiB4MT0iNDEuNTciIHkxPSIyLjc0IiB4Mj0iNDEuNTciLz4KICAgICAgPGxpbmUgY2xhc3M9ImNscy0xIiB4MT0iMzMuMjgiIHkxPSIyLjc0IiB4Mj0iMzMuMjgiLz4KICAgICAgPGxpbmUgY2xhc3M9ImNscy0xIiB4MT0iMjQuOTkiIHkxPSIyLjc0IiB4Mj0iMjQuOTkiLz4KICAgICAgPGxpbmUgY2xhc3M9ImNscy0xIiB4MT0iMTYuMDgiIHkxPSIyLjc0IiB4Mj0iMTYuMDgiLz4KICAgICAgPGxpbmUgY2xhc3M9ImNscy0xIiB4MT0iNDQuNjMiIHkxPSIxNi45OCIgeDI9IjQ0LjYzIiB5Mj0iMTQuMjQiLz4KICAgICAgPGxpbmUgY2xhc3M9ImNscy0xIiB4MT0iNDkuNDkiIHkxPSIyLjc0IiB4Mj0iNDkuNDkiLz4KICAgICAgPGxpbmUgY2xhc3M9ImNscy00IiB4MT0iNDAuODgiIHkxPSIxNi45OCIgeDI9IjQwLjg4IiB5Mj0iMTQuMjQiLz4KICAgICAgPGxpbmUgY2xhc3M9ImNscy00IiB4MT0iMzIuMzMiIHkxPSIxNi45OCIgeDI9IjMyLjMzIiB5Mj0iMTQuMjQiLz4KICAgICAgPGxpbmUgY2xhc3M9ImNscy00IiB4MT0iMjMuNzkiIHkxPSIxNi45OCIgeDI9IjIzLjc5IiB5Mj0iMTQuMjQiLz4KICAgICAgPGxpbmUgY2xhc3M9ImNscy00IiB4MT0iMjAuNTkiIHkxPSIyLjc0IiB4Mj0iMjAuNTkiLz4KICAgICAgPGxpbmUgY2xhc3M9ImNscy00IiB4MT0iMjkuMTMiIHkxPSIyLjc0IiB4Mj0iMjkuMTMiLz4KICAgICAgPGxpbmUgY2xhc3M9ImNscy00IiB4MT0iMzcuMTYiIHkxPSIyLjc0IiB4Mj0iMzcuMTYiLz4KICAgICAgPGxpbmUgY2xhc3M9ImNscy00IiB4MT0iNDUuNzEiIHkxPSIyLjc0IiB4Mj0iNDUuNzEiLz4KICAgIDwvZz4KICA8L2c+Cjwvc3ZnPg==\" alt=\"S\u0131cakl\u0131k\" width=\"100\" title=\"\"><\/div>\n<div class=\"temp-values\">\n<div>-5\u00b0C \/ +60\u00b0C<\/div>\n<div>-23\u00b0F \/ +140\u00b0F<\/div>\n<\/div>\n<\/div>\n<div class=\"marking-section\">\n<div class=\"detail-row\">\n<div class=\"detail-label\">Image de marque<\/div>\n<div class=\"detail-value\">: Jet d'encre SEL OLYMPOS LD<\/div>\n<\/div>\n<\/div>\n<div>\n<table style=\"width: 100%;\" cellspacing=\"0\" cellpadding=\"0\">\n<tbody>\n<tr>\n<td style=\"width: 120px; font-weight: bold;\">Norme<\/td>\n<td style=\"width: 400px; text-align: left;\">ISO 1307<\/td>\n<td style=\"width: 120px; font-weight: bold;\">Couleur<\/td>\n<td style=\"width: 400px;\">\n<div class=\"color-icons\"><\/div>\n<\/td>\n<\/tr>\n<\/tbody>\n<\/table>\n<\/div>\n<\/div>\n<\/div>","protected":false},"excerpt":{"rendered":"<p>&nbsp; \u00dcr\u00fcn Ad\u0131: OLYMPOS LD \u00dcr\u00fcn Kodu: TBF51 Hafif Hizmet PVC \u00d6rg\u00fcl\u00fc Kullanim Alan\u0131 : S\u0131v\u0131lar\u0131n, havan\u0131n, g\u0131da maddelerinin ve hafif kimyasal \u00e7\u00f6zeltilerin ta\u015f\u0131nmas\u0131 i\u00e7in. Alt Katman : G\u0131da Kalitesinde \u015eeffaf PVC. Takviye Katman\u0131 : Y\u00fcksek Mukavemetli Sentetik Tekstil. \u00dcst Katman : A\u015f\u0131nmaya, Ozona ve Hava Ko\u015fullar\u0131na Dayan\u0131kl\u0131, Kullan\u0131m S\u0131ras\u0131nda Kolay \u0130nceleme \u0130mkan\u0131 Sa\u011flayan \u015eeffaf [&#8230;]\n","protected":false},"featured_media":21948,"comment_status":"open","ping_status":"closed","template":"","meta":{"jetpack_post_was_ever_published":false},"product_brand":[],"product_cat":[2383],"product_tag":[],"class_list":{"0":"post-21950","1":"product","2":"type-product","3":"status-publish","4":"has-post-thumbnail","6":"product_cat-ogh","8":"first","9":"instock","10":"taxable","11":"shipping-taxable","12":"product-type-simple"},"jetpack-related-posts":[{"id":21869,"url":"https:\/\/tuzlahortum.com.tr\/fr\/produit\/artemis-ld\/","url_meta":{"origin":21950,"position":0},"title":"ARTEMIS LD","author":"admin","date":"11 ao\u00fbt 2025","format":false,"excerpt":"\u00a0 \u00dcr\u00fcn Ad\u0131: ARTEMIS LD \u00dcr\u00fcn Kodu: TSA14 Hafif Hizmet A\u015f\u0131nmaya Dayan\u0131kl\u0131 Al\u0131c\u0131\/Verici Kullanim Alan\u0131 : Su, hafif kimyasallar, tar\u0131m, end\u00fcstriyel uygulamalar ve in\u015faatlarda hafif hizmet teslimat\u0131 i\u00e7in. \u00d6zellikle so\u011fuk iklimlerde kullan\u0131m i\u00e7in uygundur. Alt Katman : G\u00fc\u00e7l\u00fc, Esnek ve P\u00fcr\u00fczs\u00fcz \u00d6zel S\u00fcperelastik Malzeme, \u0130\u00e7 Katmanda A\u015f\u0131nmaya Dayan\u0131kl\u0131 PU, Darbeye\u2026","rel":"","context":"Article similaire","block_context":{"text":"Article similaire","link":""},"img":{"alt_text":"","src":"https:\/\/i0.wp.com\/tuzlahortum.com.tr\/wp-content\/uploads\/2025\/08\/PVC_42.png?fit=446%2C446&ssl=1&resize=350%2C200","width":350,"height":200},"classes":[]},{"id":21803,"url":"https:\/\/tuzlahortum.com.tr\/fr\/produit\/troy-ld\/","url_meta":{"origin":21950,"position":1},"title":"TROY LD","author":"admin","date":"11 ao\u00fbt 2025","format":false,"excerpt":"\u00a0 \u00dcr\u00fcn Ad\u0131: TROY LD \u00dcr\u00fcn Kodu: TSG03 Hafif Hizmet Su Al\u0131c\u0131 \/ Verici Kullanim Alan\u0131 : Tar\u0131m, sanayi uygulamalar\u0131 ve in\u015faatlarda su, g\u0131da s\u0131v\u0131lar\u0131 ve hafif kimyasallar\u0131n hafif hizmet emi\u015f ve transferi i\u00e7in uygundur. Alt Katman : Hafif Hizmet Tipi Su Emme ve Da\u011f\u0131t\u0131m Takviye Katman\u0131 : Darbeye Dayan\u0131kl\u0131\u2026","rel":"","context":"Article similaire","block_context":{"text":"Article similaire","link":""},"img":{"alt_text":"","src":"https:\/\/i0.wp.com\/tuzlahortum.com.tr\/wp-content\/uploads\/2025\/08\/PVC_15.png?fit=444%2C444&ssl=1&resize=350%2C200","width":350,"height":200},"classes":[]},{"id":21914,"url":"https:\/\/tuzlahortum.com.tr\/fr\/produit\/bosphorus-ld\/","url_meta":{"origin":21950,"position":2},"title":"BOSPHORUS LD","author":"admin","date":"11 ao\u00fbt 2025","format":false,"excerpt":"\u00a0 \u00dcr\u00fcn Ad\u0131: BOSPHORUS LD \u00dcr\u00fcn Kodu: TWS50 Hafif Hizmet \u00c7elik Spiral Kullanim Alan\u0131 : Tersanelerde, sanayilerde, binalarda, tar\u0131m ve sanayi makinelerinde end\u00fcstriyel s\u0131v\u0131lar\u0131n emi\u015fi ve transferi i\u00e7in. Alt Katman : G\u00fc\u00e7l\u00fc, \u00c7ok Esnek ve P\u00fcr\u00fczs\u00fcz \u015eeffaf Plastikle\u015ftirilmi\u015f PVC. Darbeye Dayan\u0131kl\u0131 Galvanizli \u00c7elik Spiral Tel. \u00dcst Katman : Ezilmeye, A\u015f\u0131nmaya\u2026","rel":"","context":"Article similaire","block_context":{"text":"Article similaire","link":""},"img":{"alt_text":"","src":"https:\/\/i0.wp.com\/tuzlahortum.com.tr\/wp-content\/uploads\/2025\/08\/PVC_60.png?fit=449%2C449&ssl=1&resize=350%2C200","width":350,"height":200},"classes":[]},{"id":21887,"url":"https:\/\/tuzlahortum.com.tr\/fr\/produit\/urartu-ld\/","url_meta":{"origin":21950,"position":3},"title":"URARTU LD","author":"admin","date":"11 ao\u00fbt 2025","format":false,"excerpt":"\u00a0 \u00dcr\u00fcn Ad\u0131: URARTU LD \u00dcr\u00fcn Kodu: TSV60 Hafif Hizmet Hava Al\u0131c\u0131 \/ Verici Kullanim Alan\u0131 : End\u00fcstriyel Havaland\u0131rma ve Hava Ak\u0131\u015f\u0131 Sistemlerinin Hafif Hizmet Uygulamas\u0131; Toz, hava, gazlar, tozlar, s\u0131v\u0131lar vb. emi\u015fi. Alt Katman : Son derece hafif ve esnek plastikle\u015ftirilmi\u015f PVC. Takviye Katman\u0131 : Darbeye Dayan\u0131kl\u0131 PVC Spiral.\u2026","rel":"","context":"Article similaire","block_context":{"text":"Article similaire","link":""},"img":{"alt_text":"","src":"https:\/\/i0.wp.com\/tuzlahortum.com.tr\/wp-content\/uploads\/2025\/08\/PVC_50.png?fit=443%2C443&ssl=1&resize=350%2C200","width":350,"height":200},"classes":[]},{"id":21893,"url":"https:\/\/tuzlahortum.com.tr\/fr\/produit\/urartu-pu-ld\/","url_meta":{"origin":21950,"position":4},"title":"URARTU PU-LD","author":"admin","date":"11 ao\u00fbt 2025","format":false,"excerpt":"\u00a0 \u00dcr\u00fcn Ad\u0131: URARTU PU-LD \u00dcr\u00fcn Kodu: TSV64 Hafif Hizmet Hava Al\u0131c\u0131\/Verici Kullanim Alan\u0131 : End\u00fcstriyel Havaland\u0131rma ve Hava Ak\u0131\u015f\u0131 Sistemleri; Toz, Hava, Gazlar, Tozlar vb. Emme. Alt Katman : Ester Tabanl\u0131 PU. Takviye Katman\u0131 : Darbeye Dayan\u0131kl\u0131 PVC Spiral. \u00dcst Katman : Ezilmeye, Kimyasal Maddelere, A\u015f\u0131nmaya ve Hava Ko\u015fullar\u0131na\u2026","rel":"","context":"Article similaire","block_context":{"text":"Article similaire","link":""},"img":{"alt_text":"","src":"https:\/\/i0.wp.com\/tuzlahortum.com.tr\/wp-content\/uploads\/2025\/08\/PVC_52.png?fit=441%2C441&ssl=1&resize=350%2C200","width":350,"height":200},"classes":[]},{"id":21953,"url":"https:\/\/tuzlahortum.com.tr\/fr\/produit\/olympos-st\/","url_meta":{"origin":21950,"position":5},"title":"OLYMPOS ST","author":"admin","date":"11 ao\u00fbt 2025","format":false,"excerpt":"\u00a0 \u00dcr\u00fcn Ad\u0131: OLYMPOS ST \u00dcr\u00fcn Kodu: TBF52 Standart Hizmet PVC \u00d6rg\u00fcl\u00fc Kullanim Alan\u0131 : S\u0131v\u0131lar\u0131n, havan\u0131n, g\u0131da maddelerinin ve hafif kimyasal \u00e7\u00f6zeltilerin ta\u015f\u0131nmas\u0131 i\u00e7in. Alt Katman : G\u0131da Kalitesinde \u015eeffaf PVC. Takviye Katman\u0131 : Y\u00fcksek Mukavemetli Sentetik Tekstil. \u00dcst Katman : A\u015f\u0131nmaya, Ozona ve Hava Ko\u015fullar\u0131na Dayan\u0131kl\u0131, Kullan\u0131m S\u0131ras\u0131nda\u2026","rel":"","context":"Article similaire","block_context":{"text":"Article similaire","link":""},"img":{"alt_text":"","src":"https:\/\/i0.wp.com\/tuzlahortum.com.tr\/wp-content\/uploads\/2025\/08\/PVC_77.png?fit=445%2C445&ssl=1&resize=350%2C200","width":350,"height":200},"classes":[]}],"jetpack_sharing_enabled":true,"jetpack_likes_enabled":true,"_links":{"self":[{"href":"https:\/\/tuzlahortum.com.tr\/fr\/wp-json\/wp\/v2\/product\/21950","targetHints":{"allow":["GET"]}}],"collection":[{"href":"https:\/\/tuzlahortum.com.tr\/fr\/wp-json\/wp\/v2\/product"}],"about":[{"href":"https:\/\/tuzlahortum.com.tr\/fr\/wp-json\/wp\/v2\/types\/product"}],"replies":[{"embeddable":true,"href":"https:\/\/tuzlahortum.com.tr\/fr\/wp-json\/wp\/v2\/comments?post=21950"}],"wp:featuredmedia":[{"embeddable":true,"href":"https:\/\/tuzlahortum.com.tr\/fr\/wp-json\/wp\/v2\/media\/21948"}],"wp:attachment":[{"href":"https:\/\/tuzlahortum.com.tr\/fr\/wp-json\/wp\/v2\/media?parent=21950"}],"wp:term":[{"taxonomy":"product_brand","embeddable":true,"href":"https:\/\/tuzlahortum.com.tr\/fr\/wp-json\/wp\/v2\/product_brand?post=21950"},{"taxonomy":"product_cat","embeddable":true,"href":"https:\/\/tuzlahortum.com.tr\/fr\/wp-json\/wp\/v2\/product_cat?post=21950"},{"taxonomy":"product_tag","embeddable":true,"href":"https:\/\/tuzlahortum.com.tr\/fr\/wp-json\/wp\/v2\/product_tag?post=21950"}],"curies":[{"name":"wp","href":"https:\/\/api.w.org\/{rel}","templated":true}]}}