{"id":21781,"date":"2025-08-11T11:35:32","date_gmt":"2025-08-11T08:35:32","guid":{"rendered":"https:\/\/tuzlahortum.com.tr\/urun\/natur-d-10\/"},"modified":"2025-08-20T15:23:05","modified_gmt":"2025-08-20T12:23:05","slug":"natur-d-10","status":"publish","type":"product","link":"https:\/\/tuzlahortum.com.tr\/fr\/produit\/natur-d-10\/","title":{"rendered":"NATUR D\/10"},"content":{"rendered":"<p>&nbsp;<\/p>\n<div class=\"report-container\">\n<div class=\"report-header\">\n<div class=\"standard-text\">Nom du produit : NATUR D\/10<\/div>\n<div class=\"standard-text\">Code produit : FDNR831<\/div>\n<\/div>\n<div class=\"product-image-container\">\n<div class=\"key-feature\">\u00c9vacuation des denr\u00e9es alimentaires<\/div>\n<\/div>\n<div class=\"horizontal-line\"><\/div>\n<div class=\"product-details\">\n<div class=\"detail-row\">\n<div class=\"detail-label\">Domaine d&#039;utilisation<\/div>\n<div class=\"detail-value\">: Convient pour l'\u00e9gouttage des aliments tels que l'eau, les jus de fruits, le vin, etc. D\u00e9conseill\u00e9 pour les aliments gras ou contenant de l'huile.<\/div>\n<\/div>\n<div class=\"detail-row\">\n<div class=\"detail-label\">Substrat<\/div>\n<div class=\"detail-value\">: Couleur blanche, non toxique, sans go\u00fbt ni odeur, caoutchouc naturel.<\/div>\n<\/div>\n<div class=\"detail-row\">\n<div class=\"detail-label\">Couche de renforcement<\/div>\n<div class=\"detail-value\">: Textiles synth\u00e9tiques \u00e0 haute r\u00e9sistance.<\/div>\n<\/div>\n<div class=\"detail-row\">\n<div class=\"detail-label\">Couche sup\u00e9rieure<\/div>\n<div class=\"detail-value\">: R\u00e9sistant aux intemp\u00e9ries, \u00e0 l'ozone et \u00e0 l'abrasion, caoutchouc synth\u00e9tique sp\u00e9cial.<\/div>\n<\/div>\n<\/div>\n<div class=\"datasheet_table\"><img decoding=\"async\" class=\"alignnone size-full\" src=\"https:\/\/tuzlahortum.com.tr\/wp-content\/uploads\/2025\/08\/datasheet396.svg\" alt=\"\" title=\"\"><\/div>\n<div class=\"table-notes\">St\u00e9rilisation : Vapeur \u00e0 110\u00b0C pendant 15 minutes maximum, soude caustique (%5) \u00e0 40\u00b0C pendant 15 minutes maximum.<\/div>\n<div class=\"horizontal-line\"><\/div>\n<div class=\"footer\">\n<div class=\"standards-section\">\n<div class=\"standard-item\" style=\"margin-top: 9px;\"><\/div>\n<div class=\"standard-info\"><\/div>\n<\/div>\n<div class=\"temperature-section\">\n<div class=\"temp-icon\"><img decoding=\"async\" src=\"data:image\/svg+xml;base64,PD94bWwgdmVyc2lvbj0iMS4wIiBlbmNvZGluZz0iVVRGLTgiPz4KPHN2ZyBpZD0ia2F0bWFuXzIiIGRhdGEtbmFtZT0ia2F0bWFuIDIiIHhtbG5zPSJodHRwOi8vd3d3LnczLm9yZy8yMDAwL3N2ZyIgdmlld0JveD0iMCAwIDcyLjI3IDE2Ljk4Ij4KICA8ZGVmcz4KICAgIDxzdHlsZT4KICAgICAgLmNscy0xIHsKICAgICAgICBzdHJva2Utd2lkdGg6IC41OXB4OwogICAgICB9CgogICAgICAuY2xzLTEsIC5jbHMtMiwgLmNscy0zLCAuY2xzLTQgewogICAgICAgIGZpbGw6IG5vbmU7CiAgICAgICAgc3Ryb2tlLW1pdGVybGltaXQ6IDMuODY7CiAgICAgIH0KCiAgICAgIC5jbHMtMSwgLmNscy0zLCAuY2xzLTQgewogICAgICAgIHN0cm9rZTogI2E3YTlhYjsKICAgICAgfQoKICAgICAgLmNscy01IHsKICAgICAgICBmaWxsOiAjYTdhOWFiOwogICAgICB9CgogICAgICAuY2xzLTIgewogICAgICAgIHN0cm9rZTogI2ZmZjsKICAgICAgfQoKICAgICAgLmNscy0zIHsKICAgICAgICBzdHJva2Utd2lkdGg6IDIuMDZweDsKICAgICAgfQoKICAgICAgLmNscy00IHsKICAgICAgICBzdHJva2Utd2lkdGg6IC4ycHg7CiAgICAgIH0KICAgIDwvc3R5bGU+CiAgPC9kZWZzPgogIDxnIGlkPSJrYXRtYW5fMSIgZGF0YS1uYW1lPSJrYXRtYW4gMSI+CiAgICA8Zz4KICAgICAgPHBhdGggY2xhc3M9ImNscy0zIiBkPSJNMTEuMzQsMTEuNTdjLS45NCwxLjcxLTIuNzEsMi42Ni00LjgsMi42Ni0zLjA1LDAtNS41MS0yLjQ3LTUuNTEtNS41MlMzLjUsMy4xOSw2LjU1LDMuMTljMS45NCwwLDMuNjUsMSw0LjYzLDIuNTIiLz4KICAgICAgPGNpcmNsZSBjbGFzcz0iY2xzLTUiIGN4PSI2LjU1IiBjeT0iOC42NiIgcj0iMi40Ii8+CiAgICAgIDxjaXJjbGUgY2xhc3M9ImNscy0yIiBjeD0iNi41NSIgY3k9IjguNjYiIHI9IjIuNCIvPgogICAgICA8bGluZSBjbGFzcz0iY2xzLTMiIHgxPSI2OC4zNCIgeTE9IjExLjc2IiB4Mj0iOS45MiIgeTI9IjExLjc2Ii8+CiAgICAgIDxsaW5lIGNsYXNzPSJjbHMtMyIgeDE9IjY4Ljc4IiB5MT0iNS41MSIgeDI9IjkuNzMiIHkyPSI1LjUxIi8+CiAgICAgIDxsaW5lIGNsYXNzPSJjbHMtMyIgeDE9IjU0LjA3IiB5MT0iOC43NSIgeDI9IjguNjQiIHkyPSI4Ljc1Ii8+CiAgICAgIDxwYXRoIGNsYXNzPSJjbHMtMyIgZD0iTTY4LjE1LDUuNTVjMS43MSwwLDMuMDksMS4zOSwzLjA5LDMuMDlzLTEuOTIsMy4wNi0zLjYyLDMuMDYiLz4KICAgICAgPHBhdGggY2xhc3M9ImNscy01IiBkPSJNNTMuOTEsOC43NWMwLS4xNC4xMi0uMjYuMjYtLjI2cy4yNy4xMi4yNy4yNi0uMTIuMjctLjI3LjI3LS4yNi0uMTItLjI2LS4yN1oiLz4KICAgICAgPHBhdGggY2xhc3M9ImNscy0zIiBkPSJNNTMuOTEsOC43NWMwLS4xNC4xMi0uMjYuMjYtLjI2cy4yNy4xMi4yNy4yNi0uMTIuMjctLjI3LjI3LS4yNi0uMTItLjI2LS4yN1oiLz4KICAgICAgPGxpbmUgY2xhc3M9ImNscy0xIiB4MT0iMzYuNDMiIHkxPSIxNi45OCIgeDI9IjM2LjQzIiB5Mj0iMTQuMjQiLz4KICAgICAgPGxpbmUgY2xhc3M9ImNscy0xIiB4MT0iMjguMDUiIHkxPSIxNi45OCIgeDI9IjI4LjA1IiB5Mj0iMTQuMjQiLz4KICAgICAgPGxpbmUgY2xhc3M9ImNscy0xIiB4MT0iMTkuNTkiIHkxPSIxNi45OCIgeDI9IjE5LjU5IiB5Mj0iMTQuMjQiLz4KICAgICAgPGxpbmUgY2xhc3M9ImNscy0xIiB4MT0iNDEuNTciIHkxPSIyLjc0IiB4Mj0iNDEuNTciLz4KICAgICAgPGxpbmUgY2xhc3M9ImNscy0xIiB4MT0iMzMuMjgiIHkxPSIyLjc0IiB4Mj0iMzMuMjgiLz4KICAgICAgPGxpbmUgY2xhc3M9ImNscy0xIiB4MT0iMjQuOTkiIHkxPSIyLjc0IiB4Mj0iMjQuOTkiLz4KICAgICAgPGxpbmUgY2xhc3M9ImNscy0xIiB4MT0iMTYuMDgiIHkxPSIyLjc0IiB4Mj0iMTYuMDgiLz4KICAgICAgPGxpbmUgY2xhc3M9ImNscy0xIiB4MT0iNDQuNjMiIHkxPSIxNi45OCIgeDI9IjQ0LjYzIiB5Mj0iMTQuMjQiLz4KICAgICAgPGxpbmUgY2xhc3M9ImNscy0xIiB4MT0iNDkuNDkiIHkxPSIyLjc0IiB4Mj0iNDkuNDkiLz4KICAgICAgPGxpbmUgY2xhc3M9ImNscy00IiB4MT0iNDAuODgiIHkxPSIxNi45OCIgeDI9IjQwLjg4IiB5Mj0iMTQuMjQiLz4KICAgICAgPGxpbmUgY2xhc3M9ImNscy00IiB4MT0iMzIuMzMiIHkxPSIxNi45OCIgeDI9IjMyLjMzIiB5Mj0iMTQuMjQiLz4KICAgICAgPGxpbmUgY2xhc3M9ImNscy00IiB4MT0iMjMuNzkiIHkxPSIxNi45OCIgeDI9IjIzLjc5IiB5Mj0iMTQuMjQiLz4KICAgICAgPGxpbmUgY2xhc3M9ImNscy00IiB4MT0iMjAuNTkiIHkxPSIyLjc0IiB4Mj0iMjAuNTkiLz4KICAgICAgPGxpbmUgY2xhc3M9ImNscy00IiB4MT0iMjkuMTMiIHkxPSIyLjc0IiB4Mj0iMjkuMTMiLz4KICAgICAgPGxpbmUgY2xhc3M9ImNscy00IiB4MT0iMzcuMTYiIHkxPSIyLjc0IiB4Mj0iMzcuMTYiLz4KICAgICAgPGxpbmUgY2xhc3M9ImNscy00IiB4MT0iNDUuNzEiIHkxPSIyLjc0IiB4Mj0iNDUuNzEiLz4KICAgIDwvZz4KICA8L2c+Cjwvc3ZnPg==\" alt=\"S\u0131cakl\u0131k\" width=\"100\" title=\"\"><\/div>\n<div class=\"temp-values\">\n<div>-40\u00b0C \/ +80\u00b0C<\/div>\n<div>-40\u00b0F \/ +176\u00b0F<\/div>\n<\/div>\n<\/div>\n<div class=\"marking-section\">\n<div class=\"detail-row\">\n<div class=\"detail-label\">Image de marque<\/div>\n<div class=\"detail-value\">: Ruban de transfert ou gaufrage<\/div>\n<\/div>\n<p><img decoding=\"async\" class=\"marking-image\" src=\"data:image\/png;base64,iVBORw0KGgoAAAANSUhEUgAABf0AAAAwCAYAAACrFNDUAAAACXBIWXMAACE3AAAhNwEzWJ96AAAgAElEQVR4nO3dbWxbV5of8P8oEhXZNJemI1hOBIZJOEDDCRx6B6vxBEYse2cBz3Rqy23QJoNFJS9Q7E6xXctAgQkGi5XVD1sE2ELSl0UDtGu52O5mOiksB0HG6AxsaiHMeDTNmjG8TLthNgyh2HQdMxzm2oxIRdsP5HN1SN17SV6+XVL\/HxBEMkXy8PLct+c85zlfwYW\/nwIwCSIiIiIiIiIiIiIi6mr9AAIAxjvbDCIiIiIiIiIiIiIialRfpxtARERERERERERERETN0d\/pBhARERERERE1y\/jIEMZHdtX9vIRWQEIrIOAe0H8PuAeQ0AqIpHLNbiYRERFRyzQU9Pe6+jAV9MDreqRZ7WmK89H7AICAewBTQY\/+75HUw564WJsOeXHK7+50M4h2pNno\/Z44jhARERH1qvGRXTgb8iKaXq\/5OQF3PxLaBpZTORwdGQIA\/eflVI7Xf0RERNRVbAf9va4+XDsxirBvsJntaYqtoH8\/ZsK+rQei6PqLNa+rDzPhffC6WJmJqN2Y5UVERETUHaLpdRy7slbz358P79OD\/URERETdznbkOOwbdGTAv9fNjQ0z4E\/UIWdW7na6CURERERERERERJYYPe4iYd9gWbkiImqfCKd1ExERERERERFRF2jaQr7R9Dpmo2lk8l826yWpwtzYcKebQA5xZuUuFuNZTAU9uHBkf6ebsyMwy5+IiKh3eF19mPC7sRjPdropXWPC70ZCK9RVJ5+IiIjMXTsxivEuKC0XSeVMS+b949RX29wae2ajab0cvKrb22+laUH\/y8kHWEpqzXo5qjDhd3fFgYDaQzLOT\/l3d7glO8N8LIOEVuh0M4iIiKhJ5saGMRX0cL2eGoV9g7hwZH\/ddfJ7AUurEhERUTdqWtC\/Ga6dGG3K6\/Tihejc2GOdbgISWgEX458DAM6GvKYXwOrflS2kbCCSymE5lcPzPhcm\/G7Dv5mNpmtu45PufkwFPfrrWrVBbedkcA8C7oGa3\/OUf3fNa1qobTFq7\/jIUNl7VxNNr+sB6PGRXTU\/j+zJ5DcxW+doaieMjwzV1B8W49ltAxjjI0OYDHr0fng5qWExnkUmv2n5WgH3AM6GvPq+EE2vY8FigGRKeQ9VJv8llpIPqg6seF19mAp6cEo5VlxOatueez68z\/J1VOej9\/VtF0k9NA38SNsrt5\/ZZzJ6H6Cx7wkobnOzMm\/R9Lrl4Hu9bVXba7Vttj2\/tP3ldcK+Qf34bpWZIO1TP4edNls9J5P\/clvfVr8Ts\/bJ32TyX2I+ltn2uHwvCa1gmjVcy7a0uy8W94vd8LoeAVDsCxfjWcNs3Eb7oF0TfjfCvkHTfiqPG30Har+36kNW+wfQ\/M9ERdX2uVqO7+2m9pVi250f9G+0f9d6DhWVx3Kvqw9eV1\/pGDLU0wMli\/Fs2XFqJuzDudV7HWwRERFRc\/xk9Sb+263b+OPxEL72tL\/TzbHltaVrSGgFvHbyMDye7iuB3s72Oyroz0x2Y9Mhb11B4VZJaBtlN9vmwfStv6sW9D+3eg\/R9HpZUKhSPdNXxkeGMBX0YDmVq9oGtZ1HKwLv1d7zfPQ+pkPemkouqW0xfb3wvqrbSshN1vjIEDOP2mAhlqkacHOC8ZFdNfWhSOrhtqB1ZYmo8ZEhnA15cfrqHdMp\/GHfIK6dGC3rg7L\/nVu9Zxj4nAx6TI\/zc2PDmI9lTG+qjd5P3nMmvA+z0ft6MLbWfQmQoH9p20VhGsSQtlduP6vPVPk+xfba+55EwN1v+fyEVjD93upta1l7LbZNJWmf0fliKamZ9ilZqF7tA3baXO05M+F9OHZlTW9HQtvQ22cWkJ8bG0bYN2ga0JfvJZLKWQT9rbelnX3R6+rDtROj2wahx0eGMB3yYj6WwWz0fsUgR2N90K6wb1DfRkZB\/7MhL8ZHhgz7iDw3k9+sEvS33j9mwj69PB41Ty373JmVu46aEby1z5vvs07TSP+u5xyqvh6wdXyVbTUV9GAmvA+RHkyyEnLsC7gHMDf2GDL5TZY0IiKinvAv3vkAucBBfPz2e\/j5H3Vf0P+X16\/j1UwxYdx75Vf4j\/\/ytzvcovq0u\/2MGDqc19WHmTqyVttlPvZZw4FQ9QJazV7vFvOxTNNuFM9H79ecQXS5dNN8ymSQhJonoRXqrpnWTSb8btM1IQLuAcvHjIIHQPGYNTc2bGugcjrkNc3Sv3T8gOkgl7yn2cDhTmL13XRKNL2uny\/MAoMB94De5lZnj3pdfWV9Wy3tMWmQRRtwD+hB9QWDLP9msLsvymCEmemQ1zHXEJHUQwAwba\/8u9Hj6myiRl04sp9JJm0m+5xTjkuS8Q6gK2by1cOsfzfrHCozYcdHhmqe8drNAu5+TPjdOLNytysSQIiIiKqR64EnHZBYbIfH40HfF8WYWMDtqDz2mrS7\/U17h99wyIV8r5kJ73PMTZIqk9\/EQixTV0ZtpcqMr6XkA0yHvNv+rrLsUzS9rgfIKx9r9rYyCqgktALOrd4rlX1JW061VoV9g9tmBiyncvoAynwsg7NVZnVk8ptlmf7UWudWP+10E+q2GM\/iosVglBo0k7Jhmfymnp0vWW1SamMq6Nk2uDUT9un72mw0jfnYZwCA6dBe\/THJODQiM3xE8T2H9edZldCR95Ob76mgB3Njw2UlQypLvE0GPfrnsNo2jaj8TNXU8z2ZPV45UHg25MWE360HcGrd\/u0QST3EhN+N502CRHI8M8umtNNmo+dIX5DZZdJnLsazGB8ZKgZ3UL7dzpbOS9H0esu2m519US31sZTUcG71U6X025A++GYW1Gy0D9YroW0A2CoRogbQ1EEfoz7yvM8FAKal8ioZ7R\/qceZsyNvTpUk65diVtbLtKn1UzgtTQY9heax2k+B2t9byr7d\/13sOtSLbTEqRRXdIyRsnzVIhIiJqxK\/+9W9hbW0NHo8foT+7jEx+Ez99+etdU+rn2VAItxBDNnsf6b69ePxPLyHg7seVqaNdUeqn3e1vWtB\/OuQ1DNhaWYxnTYMSVitD7xQB90Dd27Sd5mOfWdb2r+Zy8gEA6Df\/y6mc4ee1Cm63OvAd9g0avEfx9zMrd5HQCnp5omqkDqpqfGQIp\/y7ceitJIDizZhZRiewlSmpZp5Sa5iVoHC6j7WNmoIYYd+gHgRQyy5IeZhrJ0b1m\/rKoL8ETOZjmbKZEGpJramgx\/T4Hk2vV7Qxh2h6HTdO+kuvv7ssMCQLVi8ltW0zLxbjWURSubLjUOXnl\/rltW4bO7Z\/JmuNtkUdABSRVA6Xjh\/AhN9tGLy229ZmWE7lLBekP1r6dznGVbLTZqPnSLAq4B7A0VIpGaDYt+byw3pgUu3zE6X+16oBI7v7orQroRW2ZaHKNVTYN2iandrK\/cFIQisgk9+E19WHsG+w7L3V85nRuU22T60DEUb7h9Rsv3BkP2cFtYnMljtaqgF\/dGTIEUH\/rXPKgw63xJ56+3e959BqZJC0F5NPnuzCjEEiIqJ6PDE6iidGR\/Hjt6\/g\/cdCAIC3b37YNUF\/oBg4B4A\/\/C+XcOfx53AHwPuxGL5x+HBnG1ajdra\/oynkU6WMOzJmFfx1Asn2t0uCO5L9vpTUumbqrHqj02ibJYMTqB7QkIGSXrzRcppeX7BNzXQ0GtyQAKfRQJUEB4z2fzUoWU8\/jabX9edWlq6SxUkvmwRoZPCNtmanGA0ydpIEqNSMbpUEemvN5G6EBPrU4HImv6nvBxIgA1C20Hqr6n7b3Rdlv4ikcobnIePAYGfJfloZ2K8W9Jd\/a7QMoLp9nbR\/9DrZr6XPdpoMBF\/uwoF9K2b9u9nnUHmfsG\/QkbORRSb\/Zd0JMgH3QFvOQ0RERJ32Qvg5PPtpDAdu38J3Dz6D92MxfLLWXYnX\/\/TgMzhw+xa+mf0\/eDYUwi+vX0c22x1rNQHtab\/tdIZmBWfNSpkE3P2mtZ2r6YUa3E7PoJFMSLvZ\/hKkkKzK2Wi6NGX4YVdk4Kn9Nppeb\/i7er7GesUSwFGDUtR8i\/FszweRpSSb2edcSmq4gOLAY8A9oAfbJHiQyW8aBuDU2S\/F\/aT2m+flVK5UhsD41NQtg4KdlNAKSGgFBNwDdW\/\/VpK6\/sXBiF1lwSnJ\/AZaX88fAH5t0o8WYhlMBT16iaRMflOv8b8Yz7as\/9ndF0U37RdyvqysIXq0LEDZV\/Y51aBdo8flbtpWO0XAPYCZsK80oPwIIqmHWIhlDI8FUtLx2JU1vWwQAFyMf17ztX871w9pt2r9u1n9X87\/MuvUqdsxksphrnR+qeXYIYPlrZrVRURE5CRPjI4i9u+L11avv7OMf5v0wLeZRPRk8bFu8O2xg7g9dhAA8Lt\/\/ib++67n8c3VZfz8j\/5Zh1tWm3a033bQP5pex2w0XXajVgv15t6K3ATY0QtBf6dn+c+EfXpmvp3a\/pJdJdlW4yNDWIwXcDn5oCuC\/mZlCeyq5TUkmAdsbTe7al0XQAJ1Ts\/maiapqd3rpM+9l84bPl5eb7t\/WwDO6gZanlvvYr7yHmbPO+Xf3ZUll9otoW0oQX\/nkEFdtawOsNWnzOr5N5tZ+QZZUD7gHsCE343FeFY\/H5llyDaD3X1RTPh3d80x670qmf6L8ay+5kLl8cCpgcVuNK6X07LepnLuVxfjtkP2ucr9O+wb3LbwuJQnO331zrbjvbR7Kugpu06Wa9Jajh8yqNxof6p12xSPxf1IaBuWM1Xk\/qiVx8FmnkOj6XUE3AMYH9nl2H1TjulnQ17TcoOq6dBeAKzfT0REO080vY7NR934FG6sra11TdBf9bcPB4BdQNTknsrpWtX+hqJ456P3cezKWl3\/dcuNaSdNV1nM1QmK6w0UL47VBcFqJeUVJGP9aI03oE5xsWwxxfbU\/1xSSvs0GoCX\/bGac6v3cOzKWs9nvasWYhlmgzqM9L+poAfnHbq4OVUnJRMqA74yiNmO44zX1acH8o1KOEjJqrMhL6aCHnhdfaZldzpNtlfAPYBLxw84\/roBgDJwvTXgLJnXCa1g2EeaVdqn8nVlYeGd6NqJUT1r3src2DCunRhtKLlBFsgGtpfTURMKIqlcWakqq+SXubHhsuB4JJWr+fjRaNKE2oZats1U0INrJ0arljOVARApeWmHWf9uxTnUbJDSaWajaUwFPVWTXMK+QZwNeTHPa0AiIuqwX0Rv4bWla3qpnR\/9bAWvv7OMbDaLbDaL199Zxk9WbwIAstksXlu6hl9EbwEAPllbw2tL1\/B3\/1BcM\/Lv\/iFp+lpAMcP\/9XeW8Ycv\/BO8vPkhXt2VxOjoaNlr2GHU5h\/9bKWmNsrnlzb+ZPWm6WvJ5\/\/J6k38pxefwre\/+AD\/9VtPb3uNndZ+FVcrchivqw8zNssatVvx4vizurP9yzPWixfhsuhkPQvjtsPFeHZbYCihFfTazmq951Zb1rPzm3PDStvJooPd7OjIkGlptG79bAuxjL7I90zYh5mwD5FUDpeTGpaSD5oSDGzUZNBjuG+qxwtVJ78ns7a2+r3NZhjJoK9VHWU7bTZ6zmRwjx7wMgrkL8azmBsb1gNAQLF0SK2sShPWOzOymqWkVjYzYcLv1hcvvlhDiTKrPrgYz7Zkv1IH9qWEjzp7SNqsbiv5+b0mDApJQFW9DqHmkWC8CLj7y9bEqEzskLJZkpENFIOvN0769VIrRskgCa2AY1fW9JmIdvRi3Xaz\/t3Kc+jzPldjjW6xxXgWR0eGcO3EKOZjGVwuzVKWmQoBdz\/GR3bhbMiLhFbAbJdeJxERUe\/47aX\/i1zgIKL\/6xb+5HAW34vvxuajbmSuvouEVsB\/3ngKfUkNt9wx\/IfrSbzR9wz6I3eReGwNv\/PGu3j\/sRAW3ngXt3\/ox++88S7uPP4cLr7xLi4cWcPLa6WkipUbAIA\/+H+PAwDecCXx1793AgAQ+rPLZa9Rr19ev276PoHr13Fm5a5pG3\/6MvBiJIMN7yiib\/4cf3LYj+\/+7ZfYfPRxRN+6joB7AK9mRtH3hYaDjyufP3EXiZcCeGfsID5ZW0PgzYT+GvK5dkr7Kzk26B9Nr+\/IWQEzXZTF6nX1YTq0F+ej9+uq7S8Z62r5Ca9Sc\/Ny8oFjgv7VFm5sJCOrXkaLTNZDyiZUe2wpqWF8ZJfhdxlJ5cpu4nuNLILazazWA+nWoH9CK+DMyt2yzE\/5nHNjw1iMZ3Fu9V5Hs\/PM9q1IKmd4HOnk92SVcdrK9y6v6z+0bRBAFnc3YqfNVs8xW7dDFvSd8LvLSs7UqpHShHacvnqnrDxK2DeIsG8Q0yEvIqkczq3eMw3+W\/XBSOphy4LiW2t+9JcF\/d9L5w0X+g2YlIaxIlnTKvXcVc9ATq+QtZiqPTbhdyOSemh4PB0fGbIsU2N27bYYz5qWV6kcfJOBq2L\/NC4dMxtN6+1r50zEWreN1XaSQHPxemrr50pG65+Ievt3K86hst2dsjizlTMrd\/GxtoHJ4B792KiuC5HQCliIZWzNXCYiImo2r6vPcFU2r6uveN61MVnV6+qDx+NB3xcaNh91l\/7N+BzeaDyy8n1E3xcaPB4PvC57cV6v65FtbfO6+rZtjz0eDx75QsMG7JVM7\/b2V3Js0D+T3+yaUi\/NUiyZ4+10M+piJ9tfpndPVASvJUtxKam1NWhiR8A9gAtH9rdtcEJu+mpdE6OS3PCdW71XFgg7t3pPz7STWQvnVj9FQitgKujRp4dfLN2wJ7QCLhzZj6lg7wX9I6mcI0t4UJFkHk+WpumrA0\/FxX8HaipZRZ0lC7lKME89nrXrnD8fy1hmc16Mf66XI4mkco7OCI+m13HorSTOhrwYHxkq257jpezWp978yFGBLAn0Sx84WjHoIwFfmQkg+3o9wV0ZWDISTa9jPvZZg5+iu8g1iwR4xdzYsF7GSvr63NhjCLgHsBjP6gMuk6Ua+gH3AM6s3MVi3HifMKpvPz4ypF931FJXHShm4VuVY+lUycFat81k0IOpoKfsmCbZ5sU1rLJ6P79wZD8SWkH\/24C7v3Sd5TEtLWanfzf7HJrJf1nz3zrB+ej94n\/hfWUziWQAgIiIyCn+53e+ir9JrOH7x1+Ax+PB29pNJD+9jVeOHAIABFZuwP\/YXjwbCuH10VGEr76LF8PDeGJ0FD99GfjL\/\/0Bvvvi1wEAP33563j75of43W8dwhOjo\/ir2yvI5LP4\/e8cLb5ZqczMc0\/78cpfXEHYN4gf\/\/NDZa9Rr2dDoe3v884yvK5H8GzoEH7s8Zi08et4YnQUfzOeMfn8v1V8LeXzvzY6ivDKDRwM78PN22n8m7dv4t\/9ZrGMpbzGTmt\/JccG\/Xcipy\/ea8Qo29+KOphTWepAflezQTtNyjwAxRuc01fvAEBN9UGbSaah213kOKFtwOvqQya\/iflSzWoA+s\/FesobZaO9amBA\/dlJwaNm6pWZRYvxbNmaE71Eaj4DKJU02Y2zpTVQpG50pwZuzDKqzfaXTn5PVtnfrSbBPCkJUeuConbarD5nfGSXPpg8G71veRxTy+bU+x1ZzVKUQGCzJbSC\/p6yZoEE9qRkoFGbrPpgtW2tnhsrVfuu3kvnMeHfWty1cnFwGRiS2QDyGRs992Tym1iMZ6t+\/70o4O7Xr6vU5BL5OZPfLP3NViBX7avqz1bXZudW723bl72uPtw46cdU0INlg5lP4yNDmCwFndX2WunEQJz6uattG\/m\/ep2o\/lz5dwH3gJ5Mof4sf1NLf62lfzv5HEpERERF3ww\/h2+Gt37\/9tjBssf1QDSKWek\/mDim\/\/7E6Ch+oCzC+7Wn\/fja01slev7Vt46UvZb8\/spfXMEbfc\/gf6Q0nMxmy17Tjsr3UdtcrY31fn75\/fE\/vYQ7jz+H6M9u4fYPT5e9xk5rv6pq0L+Whb7qUWsg12jqaq3MMjYmg3ts19Rtdbkhq2n2TleZ7W+1jdXyDV7XI6aBnqWk1pLgSL2K2Yhbn0duiBbj2bbORpCSSHb77\/jIED566SksJTXMRtP6DbOUopjwu\/V986OXAlhKaliIZfTvRwZ3JoN7erK0j1mpj270sbaxI2ZJJbQC5mMZLMazuHHSj4B7AEdHhjoWsJCSFLXq5PdUb1ubKZJ6iBn49Fr7tdTzB+y1WX1ONL2ul6CbCnrKBj+NJLQNPdO8HlazFNuxHosE\/hbjWVw6fgATfrfptUUjfbDy3Kiqdp0nfUBK\/HldfWUZ4u8pJX5k+9e76C6zd8tFUjk89eZHmPC7MRP26efxYg3zNJZKdc4B4Kk3E5jwu\/XZIwD06zs7az3Ic+fGhnHKv7ss6H8+vM\/xMztFJr9Z87Y5ffWOvi6Iei27GM9iIZbRrzfmYxksJR9gKugpK5EZSeWwEMuYns+a0b8bPYc6pQwnERER2SeLz4Z9g3gjA\/g2c\/B42lfCuhnej8XwxOgowr5B3EH15BGnaXX7q75apwLRVlNX7VJryDtNN2b5i8psf6tFvS6XgteA+eCM\/F07g\/61DkZNBvfoWaBWNfLrZTVNWl2QzW6mPwA92DUbTZf9u9FnmPC7S99VrtS+zZ4N+Gfymz2T5V+PYp8awm\/UOaNG+qITZuIAxe\/vYvxzzIR9DQchrAbVGOBoDnUgUerPF\/\/dvJ5\/M0itfgmuVQv6t5PdfbGahVimbG0Cp9iafTFkWK+\/bDHfVPHfenHR1XaTAaHKILtRnf+lpFZaP6h4TPS6+hpa3FmdcSO8rj59dmjxOmdrYKcdawfZ3d9q3TbR9DqWU7mya6zlVG5bgoFcT6rfi1lZn1awew6VmaG9kjBBRES00\/wiegsvRor3RG+9sA\/XR+5jdNSPJ0abm\/jdSq8tXcMPU14MP7yOaycCmMnex7Oho9Wf6BDtaH\/HozatvtHvBtOlqbXdTDKUJOPJTK03MY32CzV4ZzbNWQ2013qjM+F3KwulNa80x7ISCKskWf5h32DDgdb5WEappzykZ3pViqbXsRjP6gMFQG8scmtkIZbZcaUegGKWL2De99VBVzUbWAIbVvtMLQuzGj9v17b3ayez\/au4aFLHT5c1s7v92yWilCuT42k7vnM5N0kpC6ewuy920rEra\/jK4geG\/1VrYya\/qR9zJ0vnl\/cMgv5h32BZ2T9qnFxvyiwYs7Wkwr5BTAU9+kABUKxn3yj1OCrXNAmtgENvJXHsypr+XysXWq7lHGal1m1TLK1VDOTLddZM2Gd4LpHnyxpLU0GP4wbrKsmgya934PUTERFRL7h5+z42vPux4d2Pm7fv4xuHD3dVwB8o3iNsPurGXd9TyGaz+Mbhw\/B4Ol8xpFbtaH\/HohgJrYDTV+845ga2U6TebreTbH\/APCihTt+fDnlxPrzP8D9gKyvTLnVKjNnrqAGgekgQvFkLPBY\/azGwb1T+odF6\/ur7yOKVc2PDer8zqv8qme\/Tob2YGxuG19WHpaTWc\/trQivgvMWCnr2sPNt2+z5wqtTfjLIXhdksEVFvSY7J4B7D96w24PWkUvfbDgmOF2uIb98W6mdy+j6gfif1bv92kWOafN\/t2qbR9LreRyYdUD5O2N0Xqy3srpZwcRr5zLJvVQb1I6kcvK6+spr+1Bj1evPc6j39emAmvG\/b8XVurDiteyGWwbnVe8jkNy1LRVWztTbS9gBxQtto68D7VnlDe1Ona90206G9CLgHEEnl9LUOioMse8v+Tmrpy6xDuTaV92mGVpxD5Tvttn3zyYq1K4iIiHaaT9bW8Mvr1\/HKkUN4efNDvLz5Ib5\/3N6ivZ3yfiyG92Mx\/PF4CN\/+4gO8uiuJbxw+3Olm1ayd7a96xduKmqiZ\/KZh1laz3yuaXm\/aa7bqhsToZqtbzYR9ltO\/pbSP19VneTMjr7GcytkOdAfcAwj7BvW1GNQyEvIeW9mmu+t67cngHj1QPBtNN1SaKZPfxJmVu\/o2O2XQFhm0MHqsHrLAI7CVOSoBwso+OBn0IKFt6Flqc2PDWIhlHJ95Vq9enb1Qi0jqob6w46XjB3Dsypp+nBsfGdKzP5eUklzAVs3y8ZEhzI0NI5pe14\/nAfeAnrGoBlirkWOCBCkvV7yn7GOnr94xHBCYMsgWrkcklTPdFmHfoH68cvoCh\/KdAPVt\/3ZTa7oD7S3dIrXFp4IePWDXaXb3xZnwPkwFPTh99bbh4qly\/HZilrws6KzWMFfJYr7SR5z4GbqNmkwh21sy1Sv3g4vxLALufv1a59zqPZwNeW19D8W1g\/aV3nf77COja+Bml7pSqeerWhfJVdW6bZaSGs6GvDizchcAcGblLm6c9G87j8g5VGYdno\/ex2RwT1Nnk7biHNqtQf+Ae0A\/5yS0As76ts90ISIi6lWfrK3hmb+8hfWRZ\/Bq8lf469870ekm1e1HP1vB9+LF2Njbv7mBd\/7gOx1uUX3a3f6qQf92ZjU2+72sFtRzArNp1d1sJuzTb3AqyY1OtUD+hH+3vrhZI5lOcrOVyW\/i0FvJskXX1Juzs3V+BwH3gL6g71JSw1x+uKaBG6NBKLV\/qjdeQrZZtYzOWl04sr\/sBley+CtNBT1l35P83isDVEBx2zs9iNtKUppgOuRF2DeIGyf9ema4mrFoVK5rIZbRA3bXToyWleOQPmJV5mtubLisH6rPq\/xe1JrkH70UQCSV02\/Yn\/e59H6qllqwYyGW0Wsaf\/TSU2XZ16KVJSfqVbnYfeUxwmqdisrtX8losHwyuMdyzYNzq\/dqDghWnpdrKUNkp81G1PNKLQv6toOdfbE4u6547pJ9MJLK4df5TTzp7i87Xpvti838TuulBgqN3kMNPppdx\/3j1FcBAF9Z\/KDh9jTztZzszMrdsvO42cDXYjxbdhyW36sFyI32U7UPqwO6CaWs1fnwPv04EHAPtHRNp0x+EwmtUCrztavu64Bat000vY6n3vxI\/\/eEVij7XW2POtAHAIfeSjZtQLIV59DKc3a3kPXi5JgYTa\/r504OLBIR0U6QzWZR8BaTAbpt4F5k8k9JiooAAATQSURBVF9i89Hi9Uvy09sdbk392t3+7lrWuMd08+K9ZmSh2MoDSEIrlC\/OZ+HoyJBee15uzOy2ZTmV029ijG5MLhzZb+v1ZUFfNVhTjdUgVNg3iEvHD2z792aV9lGpN\/xWQfzKx3op4A9YB0V3itnofYyPDOllbSr3BXUWimopqekLWRstur4Yz1oGD8wGsBJaYdugofpeQDGAZFRiotGs7fnYZzjl360HM4w+k5MGiawWu5+Npi0DMXYGEI36R2V76iGzReTnapo1y0gWyJzwuzHpkKA\/UP++KLPE5DqicjabUGe1VWr2d1oPo4V7zR7v1hsSp1KPk1bHTKPgdDVW+2nleSGhFfTjwEzYhxn4TJ\/bbJFUDlPBAZzy77Z1XK912zT77+xoxTlUrkmddE6sxXRob+lavDjAJDPiZsI+nL56p8OtIyIiar1nQyH8eWIZmXwG3z\/+QqebY8srRw4hc\/VdeF19+P3vdM+ivaLd7a8a9D\/fA\/Xmm6WZtb\/NLrp7gVG2vxp0qPa51br2S8kHDc2GkKD+fOyzspsZKUNiN5guC1AmtAIWYhnbbQz7BjHhd+sLIVeScg7VBkqoPovxLLO6sJVhKOVOREIr4Nzqp5Y39GdW7uJjbaOs78pC3vUeKxNaARfjn2\/bT9X3upx8oGfiq6SEV6PZhmbbwu5n6oSlpIaFWKYrMi+lvEsn9sPLyQd69qtTMjzt7ItyHJsJ+7ady+Tc5JRBjUrqNjcq76Q+brdsFzmDHN+NjqGnr97GpeOPb1usOppeb+lM2MvJB\/oMxnMuZ5T5aqVmn0NlPZbKUnxOUxzYLN7qnvK7MR3ybhvcOLf6KS4dP4BLxw\/gYvxzZPJfIqFtcLCRiIh6VjcGylUejwc\/mDjW6WbY1u72fwUX\/v48gBmzP5Apz9Tcad8fvRSwncFO9shCwgF3f1ds++JU8AQA4LPvPdNzmfadkslvGk6x3+lkirvZmitW6snYbpRaxkZdHLxV79ENAXTqLXb3RdkPGbCibiN9vp19V67DZ6PprhjUbZZGz6ETfrc+M3XvX33o6Gup8+F9+tomkVQOC7GM4QCqJN\/IMVTtE+MjQ7h2YrTnS38REVHnTAU9XROfMpvN3y3J4pHUQ8P7+25vvxUG\/evQrAu+6ZC3oVr1tDPMxzL6IsQ3Tvo73ZyesdNu8ImIiKicBISZCFAfGSxZjGdN1\/AiIiIiImdg6nCbeV19mOmSUSTqrFbU89\/pElqBAX8iIqIdTsrJFRfF3tvp5nQFKW0JFBMoiIiIiMjZqtb0P3ZlrR3t2DEC7gEsOLTGLjmLTEFOaAXeXDWJLN5GREREO1cmv4nZ6H2cDXkxH\/us083pCpHUQ0TT67icfMASYkRERERdoGp5HyIiIiIiol4TcA8wgF0HWV+K5ZCIiIiInK9qpj8REREREVGvYcC\/Pgz2ExEREXUP1vQnIiIiIiIiIiIiIuoRDPoTEREREREREREREfWIfgCRTjeCiIiIiIiIiIiIiIiIiIiIiIiIiIiIiIiIiIiIiIiIiIiIiIiIiIiIiIiIiIiIiIiIiIiIiIiIiIiIiIiIiIiIiIiIiIiIiIiIiIiIiIiIiIiIiIiIiIiIiIiIiIiIiIiIiIiIiIiIiIiIiNrr\/wPE4sukfNJiigAAAABJRU5ErkJggg==\" alt=\"Markalama G\u00f6rseli\" title=\"\"><\/p>\n<\/div>\n<div>\n<table style=\"width: 100%;\" cellspacing=\"0\" cellpadding=\"0\">\n<tbody>\n<tr>\n<td style=\"width: 120px; font-weight: bold;\">Norme<\/td>\n<td style=\"width: 400px; text-align: left;\">R\u00c9POND AUX EXIGENCES DE LA FDA ET DE L'EUROPE<br \/>\nISO 1307<\/td>\n<td style=\"width: 120px; font-weight: bold;\">Couleur<\/td>\n<td style=\"width: 400px;\">\n<div class=\"color-icons\"><img decoding=\"async\" src=\"data:image\/svg+xml;base64,PHN2ZyB2aWV3Qm94PSIwIDAgMTAwIDEwMCIgeG1sbnM9Imh0dHA6Ly93d3cudzMub3JnLzIwMDAvc3ZnIj4KICA8Y2lyY2xlIGN4PSI1MCIgY3k9IjUwIiByPSI0OSIgZmlsbD0iIzAwMDAwMCIgc3Ryb2tlPSJibGFjayIgc3Ryb2tlLXdpZHRoPSIwLjUiLz4KICA8Y2lyY2xlIGN4PSI1MCIgY3k9IjUwIiByPSIzOCIgZmlsbD0id2hpdGUiIHN0cm9rZT0iYmxhY2siIHN0cm9rZS13aWR0aD0iMC41Ii8+CiAgPGNpcmNsZSBjeD0iNTAiIGN5PSI1MCIgcj0iMzMiIGZpbGw9IiNGRkZGRkYiIHN0cm9rZT0iYmxhY2siIHN0cm9rZS13aWR0aD0iMC41Ii8+CiAgPGNpcmNsZSBjeD0iNTAiIGN5PSI1MCIgcj0iMjIiIGZpbGw9IndoaXRlIiBzdHJva2U9ImJsYWNrIiBzdHJva2Utd2lkdGg9IjAuNSIvPgo8L3N2Zz4=\" alt=\"\" title=\"\"><br \/>\n<img decoding=\"async\" src=\"data:image\/svg+xml;base64,PHN2ZyB2aWV3Qm94PSIwIDAgMTAwIDEwMCIgeG1sbnM9Imh0dHA6Ly93d3cudzMub3JnLzIwMDAvc3ZnIj4KICA8Y2lyY2xlIGN4PSI1MCIgY3k9IjUwIiByPSI0OSIgZmlsbD0iI0U4M0YzRiIgc3Ryb2tlPSJibGFjayIgc3Ryb2tlLXdpZHRoPSIwLjUiLz4KICA8Y2lyY2xlIGN4PSI1MCIgY3k9IjUwIiByPSIzOCIgZmlsbD0id2hpdGUiIHN0cm9rZT0iYmxhY2siIHN0cm9rZS13aWR0aD0iMC41Ii8+CiAgPGNpcmNsZSBjeD0iNTAiIGN5PSI1MCIgcj0iMzMiIGZpbGw9IiNGRkZGRkYiIHN0cm9rZT0iYmxhY2siIHN0cm9rZS13aWR0aD0iMC41Ii8+CiAgPGNpcmNsZSBjeD0iNTAiIGN5PSI1MCIgcj0iMjIiIGZpbGw9IndoaXRlIiBzdHJva2U9ImJsYWNrIiBzdHJva2Utd2lkdGg9IjAuNSIvPgo8L3N2Zz4=\" alt=\"\" title=\"\"><br \/>\n<img decoding=\"async\" src=\"data:image\/svg+xml;base64,PHN2ZyB2aWV3Qm94PSIwIDAgMTAwIDEwMCIgeG1sbnM9Imh0dHA6Ly93d3cudzMub3JnLzIwMDAvc3ZnIj4KICA8Y2lyY2xlIGN4PSI1MCIgY3k9IjUwIiByPSI0OSIgZmlsbD0iIzQ2QTZEOCIgc3Ryb2tlPSJibGFjayIgc3Ryb2tlLXdpZHRoPSIwLjUiLz4KICA8Y2lyY2xlIGN4PSI1MCIgY3k9IjUwIiByPSIzOCIgZmlsbD0id2hpdGUiIHN0cm9rZT0iYmxhY2siIHN0cm9rZS13aWR0aD0iMC41Ii8+CiAgPGNpcmNsZSBjeD0iNTAiIGN5PSI1MCIgcj0iMzMiIGZpbGw9IiNGRkZGRkYiIHN0cm9rZT0iYmxhY2siIHN0cm9rZS13aWR0aD0iMC41Ii8+CiAgPGNpcmNsZSBjeD0iNTAiIGN5PSI1MCIgcj0iMjIiIGZpbGw9IndoaXRlIiBzdHJva2U9ImJsYWNrIiBzdHJva2Utd2lkdGg9IjAuNSIvPgo8L3N2Zz4=\" alt=\"\" title=\"\"><\/div>\n<\/td>\n<\/tr>\n<\/tbody>\n<\/table>\n<\/div>\n<\/div>\n<\/div>","protected":false},"excerpt":{"rendered":"<p>&nbsp; \u00dcr\u00fcn Ad\u0131: NATUR D\/10 \u00dcr\u00fcn Kodu: FDNR831 G\u0131da Tahliyesi Kullanim Alan\u0131 : Su, meyve sular\u0131, \u015farap vb. gibi g\u0131da maddelerinin tahliyesi i\u00e7in uygundur. Ya\u011fl\u0131 veya ya\u011f i\u00e7eren g\u0131dalar i\u00e7in \u00f6nerilmez. Alt Katman : Beyaz Renkli, Toksik Olmayan, Tat ve Koku \u0130\u00e7ermeyen, Do\u011fal Kau\u00e7uk. Takviye Katman\u0131 : Y\u00fcksek Mukavemetli Sentetik Tekstil. \u00dcst Katman : Hava [&#8230;]\n","protected":false},"featured_media":22523,"comment_status":"open","ping_status":"closed","template":"","meta":{"jetpack_post_was_ever_published":false},"product_brand":[],"product_cat":[2361],"product_tag":[],"class_list":{"0":"post-21781","1":"product","2":"type-product","3":"status-publish","4":"has-post-thumbnail","6":"product_cat-sel_gida_hortumlari","8":"first","9":"instock","10":"taxable","11":"shipping-taxable","12":"product-type-simple"},"jetpack-related-posts":[],"jetpack_sharing_enabled":true,"jetpack_likes_enabled":true,"_links":{"self":[{"href":"https:\/\/tuzlahortum.com.tr\/fr\/wp-json\/wp\/v2\/product\/21781","targetHints":{"allow":["GET"]}}],"collection":[{"href":"https:\/\/tuzlahortum.com.tr\/fr\/wp-json\/wp\/v2\/product"}],"about":[{"href":"https:\/\/tuzlahortum.com.tr\/fr\/wp-json\/wp\/v2\/types\/product"}],"replies":[{"embeddable":true,"href":"https:\/\/tuzlahortum.com.tr\/fr\/wp-json\/wp\/v2\/comments?post=21781"}],"wp:featuredmedia":[{"embeddable":true,"href":"https:\/\/tuzlahortum.com.tr\/fr\/wp-json\/wp\/v2\/media\/22523"}],"wp:attachment":[{"href":"https:\/\/tuzlahortum.com.tr\/fr\/wp-json\/wp\/v2\/media?parent=21781"}],"wp:term":[{"taxonomy":"product_brand","embeddable":true,"href":"https:\/\/tuzlahortum.com.tr\/fr\/wp-json\/wp\/v2\/product_brand?post=21781"},{"taxonomy":"product_cat","embeddable":true,"href":"https:\/\/tuzlahortum.com.tr\/fr\/wp-json\/wp\/v2\/product_cat?post=21781"},{"taxonomy":"product_tag","embeddable":true,"href":"https:\/\/tuzlahortum.com.tr\/fr\/wp-json\/wp\/v2\/product_tag?post=21781"}],"curies":[{"name":"wp","href":"https:\/\/api.w.org\/{rel}","templated":true}]}}