{"id":21764,"date":"2025-08-11T11:33:47","date_gmt":"2025-08-11T08:33:47","guid":{"rendered":"https:\/\/tuzlahortum.com.tr\/urun\/osris-pe\/"},"modified":"2025-08-20T15:23:24","modified_gmt":"2025-08-20T12:23:24","slug":"osris-pe","status":"publish","type":"product","link":"https:\/\/tuzlahortum.com.tr\/fr\/produit\/osris-pe\/","title":{"rendered":"OSRIS - PE"},"content":{"rendered":"<p>&nbsp;<\/p>\n<div class=\"report-container\">\n<div class=\"report-header\">\n<div class=\"standard-text\">Nom du produit : OSRIS - PE<\/div>\n<div class=\"standard-text\">Code produit : RS610<\/div>\n<\/div>\n<div class=\"product-image-container\">\n<div class=\"key-feature\">Tuyau d'aspiration et de transfert de mat\u00e9riaux en vrac de construction dure UHMW-PE<\/div>\n<\/div>\n<div class=\"horizontal-line\"><\/div>\n<div class=\"product-details\">\n<div class=\"detail-row\">\n<div class=\"detail-label\">Domaine d&#039;utilisation<\/div>\n<div class=\"detail-value\">: Convient \u00e0 l'aspiration et au refoulement de tous les produits chimiques et solvants corrosifs (voir le tableau de r\u00e9sistance chimique Sel).<\/div>\n<\/div>\n<div class=\"detail-row\">\n<div class=\"detail-label\">Substrat<\/div>\n<div class=\"detail-value\">: Le rev\u00eatement UHMW-PE translucide de qualit\u00e9 alimentaire est adapt\u00e9 \u00e0 une large gamme de produits chimiques corrosifs et de solvants.<\/div>\n<\/div>\n<div class=\"detail-row\">\n<div class=\"detail-label\">Couche de renforcement<\/div>\n<div class=\"detail-value\">: Textile synth\u00e9tique \u00e0 haute r\u00e9sistance, 2 spirales en fil d'acier et fil de cuivre antistatique.<\/div>\n<\/div>\n<div class=\"detail-row\">\n<div class=\"detail-label\">Couche sup\u00e9rieure<\/div>\n<div class=\"detail-value\">: R\u00e9sistant \u00e0 l'eau de mer, \u00e0 l'air et \u00e0 l'oxyg\u00e8ne Bleu, caoutchouc EPDM.<\/div>\n<\/div>\n<\/div>\n<div class=\"datasheet_table\"><img decoding=\"async\" class=\"alignnone size-full\" src=\"https:\/\/tuzlahortum.com.tr\/wp-content\/uploads\/2025\/08\/datasheet359.svg\" alt=\"\" title=\"\"><\/div>\n<div class=\"table-notes\"><\/div>\n<div class=\"horizontal-line\"><\/div>\n<div class=\"footer\">\n<div class=\"standards-section\">\n<div class=\"standard-item\" style=\"margin-top: 9px;\"><\/div>\n<div class=\"standard-info\"><\/div>\n<\/div>\n<div class=\"temperature-section\">\n<div class=\"temp-icon\"><img decoding=\"async\" src=\"data:image\/svg+xml;base64,PD94bWwgdmVyc2lvbj0iMS4wIiBlbmNvZGluZz0iVVRGLTgiPz4KPHN2ZyBpZD0ia2F0bWFuXzIiIGRhdGEtbmFtZT0ia2F0bWFuIDIiIHhtbG5zPSJodHRwOi8vd3d3LnczLm9yZy8yMDAwL3N2ZyIgdmlld0JveD0iMCAwIDcyLjI3IDE2Ljk4Ij4KICA8ZGVmcz4KICAgIDxzdHlsZT4KICAgICAgLmNscy0xIHsKICAgICAgICBzdHJva2Utd2lkdGg6IC41OXB4OwogICAgICB9CgogICAgICAuY2xzLTEsIC5jbHMtMiwgLmNscy0zLCAuY2xzLTQgewogICAgICAgIGZpbGw6IG5vbmU7CiAgICAgICAgc3Ryb2tlLW1pdGVybGltaXQ6IDMuODY7CiAgICAgIH0KCiAgICAgIC5jbHMtMSwgLmNscy0zLCAuY2xzLTQgewogICAgICAgIHN0cm9rZTogI2E3YTlhYjsKICAgICAgfQoKICAgICAgLmNscy01IHsKICAgICAgICBmaWxsOiAjYTdhOWFiOwogICAgICB9CgogICAgICAuY2xzLTIgewogICAgICAgIHN0cm9rZTogI2ZmZjsKICAgICAgfQoKICAgICAgLmNscy0zIHsKICAgICAgICBzdHJva2Utd2lkdGg6IDIuMDZweDsKICAgICAgfQoKICAgICAgLmNscy00IHsKICAgICAgICBzdHJva2Utd2lkdGg6IC4ycHg7CiAgICAgIH0KICAgIDwvc3R5bGU+CiAgPC9kZWZzPgogIDxnIGlkPSJrYXRtYW5fMSIgZGF0YS1uYW1lPSJrYXRtYW4gMSI+CiAgICA8Zz4KICAgICAgPHBhdGggY2xhc3M9ImNscy0zIiBkPSJNMTEuMzQsMTEuNTdjLS45NCwxLjcxLTIuNzEsMi42Ni00LjgsMi42Ni0zLjA1LDAtNS41MS0yLjQ3LTUuNTEtNS41MlMzLjUsMy4xOSw2LjU1LDMuMTljMS45NCwwLDMuNjUsMSw0LjYzLDIuNTIiLz4KICAgICAgPGNpcmNsZSBjbGFzcz0iY2xzLTUiIGN4PSI2LjU1IiBjeT0iOC42NiIgcj0iMi40Ii8+CiAgICAgIDxjaXJjbGUgY2xhc3M9ImNscy0yIiBjeD0iNi41NSIgY3k9IjguNjYiIHI9IjIuNCIvPgogICAgICA8bGluZSBjbGFzcz0iY2xzLTMiIHgxPSI2OC4zNCIgeTE9IjExLjc2IiB4Mj0iOS45MiIgeTI9IjExLjc2Ii8+CiAgICAgIDxsaW5lIGNsYXNzPSJjbHMtMyIgeDE9IjY4Ljc4IiB5MT0iNS41MSIgeDI9IjkuNzMiIHkyPSI1LjUxIi8+CiAgICAgIDxsaW5lIGNsYXNzPSJjbHMtMyIgeDE9IjU0LjA3IiB5MT0iOC43NSIgeDI9IjguNjQiIHkyPSI4Ljc1Ii8+CiAgICAgIDxwYXRoIGNsYXNzPSJjbHMtMyIgZD0iTTY4LjE1LDUuNTVjMS43MSwwLDMuMDksMS4zOSwzLjA5LDMuMDlzLTEuOTIsMy4wNi0zLjYyLDMuMDYiLz4KICAgICAgPHBhdGggY2xhc3M9ImNscy01IiBkPSJNNTMuOTEsOC43NWMwLS4xNC4xMi0uMjYuMjYtLjI2cy4yNy4xMi4yNy4yNi0uMTIuMjctLjI3LjI3LS4yNi0uMTItLjI2LS4yN1oiLz4KICAgICAgPHBhdGggY2xhc3M9ImNscy0zIiBkPSJNNTMuOTEsOC43NWMwLS4xNC4xMi0uMjYuMjYtLjI2cy4yNy4xMi4yNy4yNi0uMTIuMjctLjI3LjI3LS4yNi0uMTItLjI2LS4yN1oiLz4KICAgICAgPGxpbmUgY2xhc3M9ImNscy0xIiB4MT0iMzYuNDMiIHkxPSIxNi45OCIgeDI9IjM2LjQzIiB5Mj0iMTQuMjQiLz4KICAgICAgPGxpbmUgY2xhc3M9ImNscy0xIiB4MT0iMjguMDUiIHkxPSIxNi45OCIgeDI9IjI4LjA1IiB5Mj0iMTQuMjQiLz4KICAgICAgPGxpbmUgY2xhc3M9ImNscy0xIiB4MT0iMTkuNTkiIHkxPSIxNi45OCIgeDI9IjE5LjU5IiB5Mj0iMTQuMjQiLz4KICAgICAgPGxpbmUgY2xhc3M9ImNscy0xIiB4MT0iNDEuNTciIHkxPSIyLjc0IiB4Mj0iNDEuNTciLz4KICAgICAgPGxpbmUgY2xhc3M9ImNscy0xIiB4MT0iMzMuMjgiIHkxPSIyLjc0IiB4Mj0iMzMuMjgiLz4KICAgICAgPGxpbmUgY2xhc3M9ImNscy0xIiB4MT0iMjQuOTkiIHkxPSIyLjc0IiB4Mj0iMjQuOTkiLz4KICAgICAgPGxpbmUgY2xhc3M9ImNscy0xIiB4MT0iMTYuMDgiIHkxPSIyLjc0IiB4Mj0iMTYuMDgiLz4KICAgICAgPGxpbmUgY2xhc3M9ImNscy0xIiB4MT0iNDQuNjMiIHkxPSIxNi45OCIgeDI9IjQ0LjYzIiB5Mj0iMTQuMjQiLz4KICAgICAgPGxpbmUgY2xhc3M9ImNscy0xIiB4MT0iNDkuNDkiIHkxPSIyLjc0IiB4Mj0iNDkuNDkiLz4KICAgICAgPGxpbmUgY2xhc3M9ImNscy00IiB4MT0iNDAuODgiIHkxPSIxNi45OCIgeDI9IjQwLjg4IiB5Mj0iMTQuMjQiLz4KICAgICAgPGxpbmUgY2xhc3M9ImNscy00IiB4MT0iMzIuMzMiIHkxPSIxNi45OCIgeDI9IjMyLjMzIiB5Mj0iMTQuMjQiLz4KICAgICAgPGxpbmUgY2xhc3M9ImNscy00IiB4MT0iMjMuNzkiIHkxPSIxNi45OCIgeDI9IjIzLjc5IiB5Mj0iMTQuMjQiLz4KICAgICAgPGxpbmUgY2xhc3M9ImNscy00IiB4MT0iMjAuNTkiIHkxPSIyLjc0IiB4Mj0iMjAuNTkiLz4KICAgICAgPGxpbmUgY2xhc3M9ImNscy00IiB4MT0iMjkuMTMiIHkxPSIyLjc0IiB4Mj0iMjkuMTMiLz4KICAgICAgPGxpbmUgY2xhc3M9ImNscy00IiB4MT0iMzcuMTYiIHkxPSIyLjc0IiB4Mj0iMzcuMTYiLz4KICAgICAgPGxpbmUgY2xhc3M9ImNscy00IiB4MT0iNDUuNzEiIHkxPSIyLjc0IiB4Mj0iNDUuNzEiLz4KICAgIDwvZz4KICA8L2c+Cjwvc3ZnPg==\" alt=\"S\u0131cakl\u0131k\" width=\"100\" title=\"\"><\/div>\n<div class=\"temp-values\">\n<div>-30\u00b0C \/ +70\u00b0C<\/div>\n<div>-22\u00b0F \/ +158\u00b0F<\/div>\n<\/div>\n<\/div>\n<div class=\"marking-section\">\n<div class=\"detail-row\">\n<div class=\"detail-label\">Image de marque<\/div>\n<div class=\"detail-value\">: Ruban de transfert ou gaufrage<\/div>\n<\/div>\n<p><img decoding=\"async\" class=\"marking-image\" src=\"data:image\/png;base64,iVBORw0KGgoAAAANSUhEUgAABf0AAAAoCAYAAABEkVAiAAAACXBIWXMAACE3AAAhNwEzWJ96AAAfe0lEQVR4nO2dPW8bV9bHzy7S7nwBDbAONg2n2AW24RQJNoU5hQ2nIKeQoIZiYa8bioVkF5G0D2ynkKVCUuO1C0qNYRekGsMuSBde2AXZBEiKYRMgKYZfYPwFnoI8V5fDO68cvoz1\/wFGIr4M79y3uefcc\/\/nT3\/7643vieh7AgAAAAAAAAAAAAAAAABArvmKRg7\/\/yy5HAAAAAAAAAAAAAAAAAAAmJE\/L7sAAAAAAAAAAAAAAAAAAADIBjj9AQAAAAAAAAAAAAAAAIAvhK9mvUDRNLMoR6b0ez0iItI0jQqGIV4fui65rrusYgEAAAAAAAAAAAAAAAAAc2Ump\/\/L169W0un\/zY2viYioYBj08vUr8frZySmdnZwsq1gAAAAAAAAAAAAAAAAAwFxJLe9TNM2VdPgDAAAAAAAAAAAAAAAAANcVaPoDAAAAAAAAAAAAAAAAAF8IM2v6M57n0UXzPKvLAQAAAAAsDF3XaU3Xkf8HAJB7MJ8BAAAA+WDvYH8iF+mqMnAcevLosfI9WVZ9lblstandak29nvfyh5GZ0\/+ieQ69fAAAAADkknpjm8q2TU8ePaaLZnPZxQEAhFCt1eiz5yU2fK4LeZ3PiqZJJasU6FQAAAAAvjQKhpF76fS8lL\/f6ytfz3v5w8jM6Z8F9UYjk+tg8wEAAAAASbhpWURE1O\/1llwSAEAYmqZRvbFNmqZRv9dDJLuCPM5nuq7TsxfPSdM0umieo10BAACAOTBwHOp2ulSxK7Sm68suTiq6nQ4NXZfKtk2api27OIlZZPlXzOm\/ncl14PTPN5qm0d7BPt20LNI0jTzPo\/edDj159Jg8zwv8XtE0qVrbotLY0CEaDabLVpu6nc7U58OOUbFclcpYqtg2le1K4NEaXdep3tgW5ScaTaztVnuu0VYFw6C9g\/3A94PKy\/cTxZNHj2ngODOVMYiw41RD16Wzk9NQ4y9p24fB9TF0XXqwszv1vq7r9OPBPmmaFlin9UaDqrUt0f79Xi9W\/UX1LaKrfuu\/XtDrMlzPm+sbytfv370XOsZ0XafD46OJaxRNk+qNbfI8j+7fvTf1nZJlUbW2FVgu\/m1+fxX6sWoOumie00WzqayfLOo+DP9RSv69s5PTSIcOO1CS9pekdeAnbhnj9Pk4aJpG1VptYvE6dF3qdjp0dnIaWeaCYZCmaTR0XVEfQW0zdF1qt9qJnWlZj5Wg+0gzfkD+iHpunjfPYz2zk47VIBbZt6q1mpiX4sxHeYLHcNgR+jjX8M9necB1XRq6LmmGQfXGtnINBgAAAIDZ2FzfIM\/zqN\/r5UbWRmbgOMKW8rzPmfmRF8Wiy79STn8ANE2jl69fTTjjNU2jsm3TTcuiH27dVjp\/K7YtnJEyJcuikmVRt9Ohhzu7E8Zh1DGqkmXR\/bv3ppzGa7pORdNUHq0pGAa9fP1qarduZMQZVLEr9GBndy5GmKZpofdTNE0qmsUpI4rvJ87150XU72fd9mFUa1tUMAzlBo2\/fVV9YO9gn6q12sRrRdOkl69fBd4DE9a35DIUTVPZx1Sv+8sR9nrJskKdNjcta+oanueFth+Xq2RZU\/1el\/re53H7LLsfB81B9cY2laySWCSp7nGWuk8C\/17FdkOddAXDEBthSfpLmjrww2OgZDmhZYzT56NQlZevXa3VqGzb9HBnN3QDkNtBLmtY25Rtmy5brUROqazHioq04wfkj6i5o2zbtLm+Ebk5lXSshpWnYBTmLssy2uDbIiKinyKCQVYVTdPEfOWv86gxHAfVfJYXnjx6TC9fv6KybUcGfAAAAAAgPXlcQ\/nJ+z0sovx\/nvsvAJCAZy+eC0OIdx89yRmocu5qmkY\/SpGNA2dkuMrGTsmyUiVHOTw+SuTs3htHgBONIu24HHwPshNuGZRtmyq2vbTfT8ui2r5gGOKzqsTkcvuq0MdORqKr\/svOO3aarjI3rVLo+xVFlKfsnFQ5KopmkYiICkZh6j2OyPY8L5FhP89+HDYHFcbRh6vCzYi5RNVecZi1DuQ5bhHzXbVWmypvv9ej4bhPyU7CILifJtl8KNv21AZfGMsYKyry+hwAari\/+9cbRERPFc9NmazHarVWm7smaml8+mh04iafp1Y4gGBe0XVp5rNVQV43Rc3bAAAAAEjOsxfPqd5o0NPjI7p\/9x7dv3tP2E15oGAY9PT4iPYO9kVA2sMcBTQtuvyZRfpXa1tikRmXfq8fKMUzy7FWkE\/kyPvLVkvI+bDMRNm2x1GK5oRTV9bB8ke1sT4oO4NVqCLhOHpc07TI6GdV+c9OTif6Nt9D0TTnLj\/V7\/WmJES4HgqGQdXalvJ+\/GVeBt\/c+HrqtafHR6LtdV2fcHjN2vZ+2EkaphHMTkWVg4SdsJ7n0ffffiecL\/VGQ0g+Ea3uA6kkSbn40XU9cPOEZXl0XSe\/i4G\/Yyi+y+NFdfJlGf04bA7iSPJqrTYXrWFV34+C56egCPY0Trws6kBeC6zp+tS4zRp2DKlO9VRrNdo72I9cSIVFxvrbpmiaQjap3thOJNs2j7GiIu34AfnD385EV8+cq5M06mdgmrGqmmPlU3AVuzLXCHPenE4q3XedyHOkP9Eo6OLw+IhKlgVbEAAAAMgY9qldtlpiPbVqwW1RlMcBTA93dkeBL0RUtiu5Sci7yPJnFunPx1GT\/Ks3tgNvSo7WS\/oP5BN2uA5dd0K\/3\/M8erCzK3YfS75oZP77otmcan\/XdenOrduJjYZ2qyWcK3E3s9jBNnCcKYOY7+HOrduJypEV7lgXn+hK6zUvyG3nny+ybnuefC9bbeX7A8ehH27dpoEzUL6v62tERPS+05lwPF6OnWuapq183Qc5isOiynms+BMB6bou7leVJIjrK2404rz7cUnatPHPQbKkTVSE\/SLxz4dMwTBSJWbKog78Dup51pcsUaSS8bpoNumff\/9HZE4QTdNo4DixNif6vZ7QYeSNl7gsaqyoyPNzACTj7ORErJmiJHmIZh+rA8cRz7lFRPoTEbUDntPXnaTz2SrCDgjeiAIAAABA9shrNtVJ4zzAvjpN03K5ZlhE+VM7\/bPSHgoyDtJsIvA\/kE84yrHrc5gy8i6kijBnSJr+2u10iUjtgAkjbONpmZpjclRcGqmjZcEbgETBbZFF28tR7kERhE8ePQ41orleXXc48br8nVWv+yCJnzCpGL5f\/waZ\/17987OccDUu8+zHXP7LVmuq33ieJzm1kp1qmydBTrq00j6z1gGfCOHEv2GfzZKB4wSO9ag5IE1UrCxBkaQfLnKsqMjrcwAkJ8rhm\/VYTbtmSgKPC8\/zYp16CbIJ9ATO5DQa+7JmfxYk2aTLOso\/yb3zKaYkqO5NXvfBrgMAAADmw5qu0\/8+faT\/ffpIRKPTzbJaQR4o2za9efeWPnz6SOfNc\/rmxtciOCsPLKL8qZ3+clTPPJD1LpP+A\/mEDYWgKGo2KIMMqVWJWlyVclwnsqjz8thJ6o\/Sv27w5oeM7BxSwca539j3j9Ugx6Yzh8TWaeD7DpqDnjx6vHILiaBIczliP+n1iNLXgexwWqTTZpY5IK3+Nd9fksiYL2WsgPyzrLE6C0HJb4lGkka\/\/fE71RsNKhgG\/fzrL\/Ty9Sv67Y\/fJ3JYPD0+og+fPtKHTx\/pzbu3gWtKXdfp5etXE9d5GpDnid8fJVi36edff6E3797Sz7\/+MjU\/1xuNCVuFy6xC0zR68+6tuBbLioXhn8+eHh+Jsk9\/1qTf\/vidfv71l6nf5e\/xve1J+ZP81BsNcc8fxs4D1XOJf4+loOR781\/\/alM1n5GHAAAAQB5Y03Va03V6P\/a1ua4bW050VeAAgvfj4Ka8SUDOu\/wzyfs82Nmlb258neifSnsUAKKr6LCo6LQgg6ecMrI1CDY0kjrNbiqcpmA25CSdKmZte9lxeq5I4Htd4Ae831jnaPL3AQ8gWbJE7vvsfGBJEUMy3mWn56osLK5OauRDEuGqvSZPZ7C0zzDFom3WOuCTIv1eXywa00TKJoW1y5Mily1pZKznfRbXiMuXMlbA6hPmICfKfqxGPaezgGWugjYl+TPsVGYOj4+oaJoiPxTDidT8cA4Tf12UbZuevXge+Nslq0SH0vU0TaNnL56nPq7NeVSurm+FOt9V8xkHzKiTh6vnvpevX03UE9EoP4pqc+Lp8RHVG9sT9b02zh8S1pdU9ybDbYwTSQAAAK4bQ9edeDb7\/+73ehOnf+W\/+bScLNEq\/z1wnAl7gv8u2xWxjtB1feI7aQj6nThlTHv\/nOetWqtNfee6lV8mM01\/AJaFbNC8fP0qVfJKPwXDENeJG\/3JO3IcvVSRksyuAnK95MlxVK3VRD36J76s2p6N26HrkmEYVG80cqkJNyuskeyX+GGpGK5vP57niYecbKDz\/\/OpMNV7SftiXvvxPLhqr8l+f9Vei49y8DuR5h1BLC+wnr14nnjsyuVdxAmfRY4VFRg\/Xz4FwxAR4WEGQ5ZjVdM02hobKvPMrRVnY+EqN09rYg7cO9inaq1GA8ehi2ZTGFvyeo+p1moiEMX\/eY7mV8FG2kWzOTG+5MR4\/s1Yv+HHFE2TCoZBl63WhNxa2bYD5zjVfCbLI\/q\/x5uN76Vne8W2J+Q2z05OxTWqta2pdS2vkfu93jjJ86n47aANCtW98YYnk5fNdwAAACBr7ty6TZvrG3T\/7j0aOA7969vvaHN9gy6aTTo7OaXN9Q3617ff0dB16eHOLm2ub9CdW7fJ8zy6f\/ceba5v0A\/jXJI\/+K5159ZtunPrNl00m9TtdMTfnueJ040Pxtf8IWU+Sv\/vXDSb4u+B44SW0fM8cf8Px3k9+f7PTk7potkU9z9wHHry6LG4\/5JljU9Qbk9c47qV389XM19hTgxdF0m6QCwuWy0RZSTndeh2OvS+06V2hAzV3sH+lAEpG71B0c1+Bo5D\/V6PiqZJa7pOh8dHdEhHNHAcarfaSo3sRaHrujC+grSvK3YlUM\/3yaPHC3EQ+eW5ZF1cVdTyrG3PsJOU241oZKQ\/3NmNfY1VQdWf4\/K+06G9g\/2J\/AaytE+YE3ngOMKQ7\/d6IjHp0HXJdV0auu7MjsxV78ez1H2QNB0vBoLeG7ourek6lSxLtI+c6HLvYHFRknw0Udbb7vf6VK3VqGSVphKcZ8VF81zMA\/XGNtUb2zR0Xep2OnTRPI9I4ptO2mcWFjFWVMQZPyB\/\/PbH78rXh65L\/w6Q4ZplrKrmWFmX\/X3A5nCWRI2FzfUN8Zl6o0H1xjYVDIO6nY6QJjs7OaU3796OTwkVJ55vfHrK\/3mOTr9plZRrg6HrCsOZaLQRWbKsiTVlu9Ui13XFnB92AlpegxSMc3rz7i0RjdaoruL3VfMZR5\/xGkn+nirS\/6bi3omI\/vfpo3jWyPfebrWo3+tNzLP9Xk\/UFfczP08ePaaLZpOIiHT9NHCeXnXJKQAAACBr5Ahy+RnqeZ8nAgXcse3An\/3seeJ91\/ffoetOXYukaw0V\/592A37qd3zvhZXxs3TP8v2JckkBDPK1uK7WiKaucd3K72dlnf6u687NQQC+LDzPo831janj3CXLopJlUb2xTf8e72yqCDs6HJW41c\/9u\/emjiwXDIP2DgyqN7bpp0eP5+5EZs3UIC4C5GtYz03Fok4shBl3KufFrG1PdKVXr+Lw+GjKmF11ZjkK746jQoumKQz7KGkfpt\/rj48Drk2UgzXIHccREiz9Xk\/IZ\/mTHjN57Mez1H1ax0a71aZ6Y5tKVom6nc5M0j6zUlL0lSvd+2Dnz6ycnZyQrq9NyFGs6TpVazWq1mp00WwGbpxknfQyDlmPFRVpxw\/4cmi32oFzwCxjNWyO7XY6S98ol5NsE10FB4z+\/yqYiDeyq7VaYE4NeZxwwuPD4yMyAub6dqs9UW8XzXMqWVbq5MZyXfoDS1QEzWc858ibFfzZoc8g5b7hj7w\/b57T3sE+Fc3iVBv710h80oADN1TzKzv8Vd9X3QMAAABwXXj24jldjm28wliFgOVfPo\/XGWwr7B1odHZySkWzSGu6Tj8e7NNlqy3kj8OuRXQlp1eyLLpoNoVE39nJaWoJ5aJpTv0OB6oVTTOwjGW7QmvjIKV+rz9V5h\/HwUvytdi+5\/Xr2ckplazSxH1nXf7D4yO6aJ6vbPn9rKzTH4AkDByHvv\/2u3FEVXHCKFrTdfrvi+cT0VdxuH\/3XmJ5DD7OI5eDjUdN0+jw+Igcnz7YIrlstZZukCeFoxWD6mzWtpedrRwZXK1tCcP35vgBeF24bLUnnANR0j6MLJUg\/5cXEgNnQCXLmohuJkpn2OexH88LdmiNNmd2lyzto44yHTiOkNCYV7s92Nml87GDjecBplqrkesOp8axfIplkQ6mRY4VFRg\/XxZ+56ym\/UVseuv6Gj1QHAuex1gN21xbJP61guxQ9q8D\/NFbfvxjjq8V5HT3\/\/Ysaz3VeOdTQirC5rNup0P1xvbEd6M2PIPuJe4GRlhZIS0GAAAABMMBjIzs+GWfEsOyjkHfDbsWEYlryacL37x7G5rDKA5BvxOnjBy4Feda8v1\/\/+135I5lFn\/+9ZeZZL\/DflNWmFjV8stEOv1VSZtmgSPboj+np\/7toBMCRbOY+pojuSEYyauM53nUlpwZo121bRFlFWTEbq5vCKOnZFli0M1ilHQ7HeF003WdyrYtBvtWbUtphDNh0Znf3Pg68rfl4\/rya5etdqgjcKTFutzTNfL9sf4uUXRbpG17oisDdui64ig7H00fRbyXcuX0l\/uzn7C+xXQ7HTqkI+F0jCPtQ3QVpcwOzCunkqwXvS0SlEZJluSxH89S93HGtgpOwMmOOlnaZ5GEJcQdRasbygjRLJETLHFy7h8P9oXeuH8cLyPKnyj7saIi7fgB+UM1352dnNKHTx+pbNt03jyf6AuzjlV5jtU0jX7+9RciCk+uK8NyO1HXTkuUI3+eTG8qZHuyKezewuYzlvPiyPuRQz5c2kwlt6hiZK+NNp7jnqaDtBgAAACwuqxSXsrrSNb1H8PpP\/txgjSsjReRaQh2+puBUSdR9Hs9OP1zBifZYOdtHIdTt9MRx22qta1MotZkqSp\/pNU8GDhOqEZsXhhF3Nem9MrjkKTt2fD1X58j3peBpv1lKb9LdCV5ULIsejrehY6T10J2tsq5GNgBMZAcnXIyxiDj\/0vpx4uAtfvrje2lSfvIY6XsS3LJG2uLHE+8Ecja2ZzEUo76XYaeP1H2YyXoNzB+ri+e59H7TofKtk0ly5qYD7Icq6ONpBaVbZuqtS2sk5dI1HzG\/aFomhNR+FGJnqNe5\/k1a6DlDwAAAMwXzkVENJKoKRgFIRWbFzgHEUfMdztdcfI9Dyyi\/EuX94FmI2A4WlXXdVKZLLzjlTRCiLVM405erJFdtu1Mj6pz9GZUOTAmRsj68mW7kio6NUnb+yPo2Dm4DMMzTBt+EeV53+mKSH+i+E5ROVmgpmkTjiZOVMNjnGj1jvhHzUH6WMtaFUW9TDgBs995nIa0dcCJL4mCgwXWxvITi6w7uS7Wppz+s0X68+ZcmqjVvI8VsPpwDgh\/0t2sx2q71aaybYtNqqjvDMfP9qD34hA0P11nouazfq8\/3gQqiTby6\/nL+GWjVFRsW6yvLprNiXVUZaxrOytYEwMAAADzQc5FxBr0eYPzL\/GpxrzdwyLKv1Sn\/9nJKRZzQMATDict9MOG67ydH6yRrWkaVWx74ZFriM68gqPtS5Y1FaW7KBbpbOMxoAcYyvLr8zwezxI\/8t9xYIcNJ7Xx1x0nKOWEOIuOsI6C6zToZAhvBvKO\/KogS\/wQRedfCCNtHcTdjOIo02WTRcJjvue4siYyeR8rIL9kPVb7vZ44IRklX0hEE1J8SeEI9UVFoM0r+XjWxJnP2N4abTb2J15TEUdmSXb4+4NkOKFgWoLWQQAAAACYHc\/zqGJX6HK8JpODQvIAyxZWa1vCDg4LnFw1Fln+SKf\/vByQquiSrH8ry+PteVj05x2Oyi7bNp2dnE7UOeszE007R0qWJZxeKpJuFvgjzOMap\/o4A3ewjAw7iJbv8MoL3U6HfvRGmtyjfjFphGbR9ux88+cb4fZKMva5D\/s3ruQJPMzI5vc4m7v\/syzFMO9Ic1nip9vpxK4DxxlQmUiMVcfnDJUTlBLFj+pcFNx+I23ix1Nz0M3xfa2iA5YlfuLkXwgjTR1w9D\/RKAG6qr9U7IqIMs06R0a90QiV9WNUEidpAw\/kJO1pxmLexwpYfdh4k\/vOvMYqn5BUzRtZwpHkQcEhWVM0zYn5dJYxP0\/izGfy5jBHkak2iNkITSKrOI88Cms45QQAAABkjud59P2335HnebR3sE8fPn1cdpES0+\/1aHN9gzRNo2cvnov8Unlh0eWPdPovMhI\/69\/yPA8nCXKEHGH\/8vUr2lzfEMbH4fGRMADkBJVy9vKfHj2ecrhXa7VU0ZgcYV40zdgR5ofHRyICbXTM+croLZqmiNiEARMfWZe4YlcmHHtZtT0feb9pWVQwRgkPR6c81BG4YbBzhZ11\/F02sKMcdwPHERGTz148p\/t374k5rFqrievE0difFZb4eZ8gatxfV\/6\/WeKKpbqcFRsLQXOQPm4Pjvq8XEHdapb4mbVvpKkD3ggYum6ok4j1pLOEk4IWjAL99OjxxFyt6zrtHeyLsk3Oyen1\/Cu2TT+Or5t2kyWLsVIwDCENNKuTdVlJjUH2aJo2HhPT8mzzGqvyvFGyrLmdkLxKcj3fSC4O\/Kg3tqnf64k5kJ\/Bq7aOizufcaJm+W\/VZ0qWNXHvRKM1iGEUlCc5\/EETo9dmi9Tne2KZKgAAAADMjmw3dDtdqtZqSy5Rcni9M\/L39nOXB2jR5V+6pj8AjDs2Qtlhqtrx6vd6E8YWOz2IRk73w+MjYcTI7w1dN5ERKkeYx0noKydjrDe2qd7YFhOqHFlHFE8ndRlwuYPYXN9YikOI9YL9CX2zanuWstE0jd68eyuMffn34yL3G76W3P5xnINnJ6d0eHwknK4qzsfab\/MkjQSD2nEZ\/P48HCez9GPVHMSbMMxF83wuUay\/\/fF74HscDRCG67r0zY2vZy5HmjoISoYtI9e5KoI0bbvxb5csi0qWJU4RynMy0fS8m8TJHdY2DyOkTILIYqzsHexT0TQzmZt5rsmiD4HFEtY\/\/ZtSWYxVFfIJyXkm9OVxoErMnSUc+FEwDPrw6eNE4luiZOsCFXIAwG9\/\/E5nJ6ex5HSCiDuf9Xt9YdwHbRZeNM8n5n\/eKOA1VbfTFX2C24NPIcp5JGaVYMJGJAAAAJA9RdOkim2T67oiOCpvVOyKWINwYG2eWHT5I53+9UZj7oXIC7MsyEE8Hu7skv5aV+pZDRxnSke73+vRw51d+vFgXxgk\/p0yz\/Po3wn1t+UI85JlRTr9Pc+jzfUN+u+L58LQUd3Dw53dpejS5xlZL7hklYSxmVXbe55HZyenwuEoX+Oy1UrkmOZr8QNUvha\/F0W71aKiWRRGtJ+HO7srF2XIcALSNV1XljHq\/VXAPwfJjovLVutaPAeS1kEppuzRVfLa4kwSRDL3796jZy+ei7G25ttk5TLLTkg5ee4s8\/HZyWnq+\/gSxgpYbXhdIjt25zlWZUf5vBzyLG1XMAy6aVmZS4Ux7VaLynZFzBX+dcGsjmh\/HpZZSDKfyW0ZnPC3R5etlliD+CXS5O91Ox1xH\/41C5\/UTUNlfK1Zcq4AAAAAQA2rJeQVVkXIK4sufwynf76yH8+T6+DsWTZspFZrNarYFZGYrN1qT0nmMO2xAVatbU3pLPd7van8AAwbEkFRu+1We8KBz58fjiPa\/FItA8ehO7duCy1cNpT48+fN87nrsPtPQsSByxfn+vMi6vfPm+dUskpTzry0be\/n7OSEhq5L1doWFQxD9LmgMR\/UB4hGCe2GrivkFXgD6cmj+DrHD3Z2xxF5W1Jy1g5dNM8D6yqqPxOFG\/lxifpst9OhgmEEJpPl94OcTsvux6o5aOA41O10A\/vDvOs+KOo7Tn8K+mzYNZLUwagte7Hu5VIRHTtru3FZK7ZNN8fzLksQjZxX7SmnZfyo2OCxdtE8n9mpOetYUbVh2vGDaNr8EdZmqj6a1VgNkqnrdjpU7o1k8YqmSe6cov05f8lWbWvC6R9WPr5f\/zzC31GNl\/t378V+DoTNp0F1\/WBnV0giyWUOG8Oqe0waEc8bOmEbP\/41SNg6fHN9Q5w64no6OzmlolkUa6A49ybDCc6z2hwGAAAAVpm8bHCHlTMvtkTQOjbv5Q\/jT3\/7643\/I6L\/BH0g7NjwdQPH3gEAAIB88\/L1KyqaJt2\/ew9OJQByhqZpQv7x4c7u3KSE8kLS+eznX38hTdPon3\/\/x1yDOdJSMAx68+4tERHduXU7N44QAAAAAIBV5M\/LLgAAAAAAwCKQpTryEtEBALhCTiR+3U8jJ53Pskz+PS9YHjHNiSUAAAAAADBJpLzPqiYdBQAAAABIguwgW1WnFwAgnLOTUyrbNq3p+liq5npu4CWdz3iTJEhSbNnImxiwPwEAAAAAZieG0x869gAAAADIP5qmCa1\/AEA+cV1XOIWvq8OfKP58VjRNevn6lfh7VevM8zx6uLNLRbO4smUEAAAAAMgTkZr+AAAAAAAAAADyh+z0HzgO3bl1e8klAgAAAAAAiyAy0h8AAAAAAAAAQD4Zui45jkM\/PXq87KIAAAAAAIAFAac\/AAAAAAAAAHyB9Hs9+te33y27GAAAAAAAYMF8RUR\/ENGH5RYDAAAAAAAAAAAAAAAAAACz8v8hYxr97AtCvQAAAABJRU5ErkJggg==\" alt=\"Markalama G\u00f6rseli\" title=\"\"><\/p>\n<\/div>\n<div>\n<table style=\"width: 100%;\" cellspacing=\"0\" cellpadding=\"0\">\n<tbody>\n<tr>\n<td style=\"width: 120px; font-weight: bold;\">Norme<\/td>\n<td style=\"width: 400px; text-align: left;\">ISO 1307<\/td>\n<td style=\"width: 120px; font-weight: bold;\">Couleur<\/td>\n<td style=\"width: 400px;\">\n<div class=\"color-icons\"><img decoding=\"async\" src=\"data:image\/svg+xml;base64,PHN2ZyB3aWR0aD0iNDUiIGhlaWdodD0iOTIiIHZpZXdCb3g9IjAgMCA0NSA5MiIgeG1sbnM9Imh0dHA6Ly93d3cudzMub3JnLzIwMDAvc3ZnIj4KICA8cmVjdCB4PSIwIiB5PSIwIiB3aWR0aD0iNDUiIGhlaWdodD0iOTIiIGZpbGw9IiMyMTk2RjMiPjwvcmVjdD4KICA8cmVjdCB4PSIwIiB5PSIzNiIgd2lkdGg9IjQ1IiBoZWlnaHQ9IjIwIiBmaWxsPSJ3aGl0ZSI+PC9yZWN0Pgo8L3N2Zz4K\" alt=\"\" title=\"\"><\/div>\n<\/td>\n<\/tr>\n<\/tbody>\n<\/table>\n<\/div>\n<\/div>\n<\/div>","protected":false},"excerpt":{"rendered":"<p>&nbsp; \u00dcr\u00fcn Ad\u0131: OSRIS &#8211; PE \u00dcr\u00fcn Kodu: RS610 Sert Yap\u0131l\u0131 D\u00f6kme Malzeme Emme ve Transfer Hortumu UHMW-PE Kullanim Alan\u0131 : T\u00fcm a\u015f\u0131nd\u0131r\u0131c\u0131 kimyasallar\u0131n ve \u00e7\u00f6z\u00fcc\u00fclerin emi\u015f ve de\u015farj\u0131 i\u00e7in uygundur (Sel Kimyasal Diren\u00e7 Tablosuna bak\u0131n\u0131z). Alt Katman : Yar\u0131 saydam, g\u0131da s\u0131n\u0131f\u0131 UHMW-PE astar, geni\u015f bir yelpazedeki korozif kimyasallar ve \u00e7\u00f6z\u00fcc\u00fcler i\u00e7in uygundur. Takviye [&#8230;]\n","protected":false},"featured_media":22512,"comment_status":"open","ping_status":"closed","template":"","meta":{"jetpack_post_was_ever_published":false},"product_brand":[],"product_cat":[2370],"product_tag":[],"class_list":{"0":"post-21764","1":"product","2":"type-product","3":"status-publish","4":"has-post-thumbnail","6":"product_cat-sel_petrol_kuyusu_hortumlari","8":"first","9":"instock","10":"taxable","11":"shipping-taxable","12":"product-type-simple"},"jetpack-related-posts":[],"jetpack_sharing_enabled":true,"jetpack_likes_enabled":true,"_links":{"self":[{"href":"https:\/\/tuzlahortum.com.tr\/fr\/wp-json\/wp\/v2\/product\/21764","targetHints":{"allow":["GET"]}}],"collection":[{"href":"https:\/\/tuzlahortum.com.tr\/fr\/wp-json\/wp\/v2\/product"}],"about":[{"href":"https:\/\/tuzlahortum.com.tr\/fr\/wp-json\/wp\/v2\/types\/product"}],"replies":[{"embeddable":true,"href":"https:\/\/tuzlahortum.com.tr\/fr\/wp-json\/wp\/v2\/comments?post=21764"}],"wp:featuredmedia":[{"embeddable":true,"href":"https:\/\/tuzlahortum.com.tr\/fr\/wp-json\/wp\/v2\/media\/22512"}],"wp:attachment":[{"href":"https:\/\/tuzlahortum.com.tr\/fr\/wp-json\/wp\/v2\/media?parent=21764"}],"wp:term":[{"taxonomy":"product_brand","embeddable":true,"href":"https:\/\/tuzlahortum.com.tr\/fr\/wp-json\/wp\/v2\/product_brand?post=21764"},{"taxonomy":"product_cat","embeddable":true,"href":"https:\/\/tuzlahortum.com.tr\/fr\/wp-json\/wp\/v2\/product_cat?post=21764"},{"taxonomy":"product_tag","embeddable":true,"href":"https:\/\/tuzlahortum.com.tr\/fr\/wp-json\/wp\/v2\/product_tag?post=21764"}],"curies":[{"name":"wp","href":"https:\/\/api.w.org\/{rel}","templated":true}]}}