{"id":21746,"date":"2025-08-11T11:31:56","date_gmt":"2025-08-11T08:31:56","guid":{"rendered":"https:\/\/tuzlahortum.com.tr\/urun\/osris-msd\/"},"modified":"2025-08-20T15:26:39","modified_gmt":"2025-08-20T12:26:39","slug":"osris-msd","status":"publish","type":"product","link":"https:\/\/tuzlahortum.com.tr\/fr\/produit\/osris-msd\/","title":{"rendered":"OSRIS - MSD"},"content":{"rendered":"<p>&nbsp;<\/p>\n<div class=\"report-container\">\n<div class=\"report-header\">\n<div class=\"standard-text\">Nom du produit : OSRIS - MSD<\/div>\n<div class=\"standard-text\">Code produit : RS725<\/div>\n<\/div>\n<div class=\"product-image-container\">\n<div class=\"key-feature\">Tuyau d'aspiration et de transfert en mat\u00e9riau moul\u00e9 de construction dure<\/div>\n<\/div>\n<div class=\"horizontal-line\"><\/div>\n<div class=\"product-details\">\n<div class=\"detail-row\">\n<div class=\"detail-label\">Domaine d&#039;utilisation<\/div>\n<div class=\"detail-value\">: Pour l'aspiration et le refoulement de la barytine, de la bentonite et d'autres mat\u00e9riaux abrasifs.<\/div>\n<\/div>\n<div class=\"detail-row\">\n<div class=\"detail-label\">Substrat<\/div>\n<div class=\"detail-value\">: NR antistatique \u00e0 haute r\u00e9sistance \u00e0 l'abrasion (valeur d'abrasion 70 MM3 DIN 53516)<\/div>\n<\/div>\n<div class=\"detail-row\">\n<div class=\"detail-label\">Couche de renforcement<\/div>\n<div class=\"detail-value\">: Textile synth\u00e9tique \u00e0 haute r\u00e9sistance, 2 spirales en fil d'acier et fil de cuivre antistatique.<\/div>\n<\/div>\n<div class=\"detail-row\">\n<div class=\"detail-label\">Couche sup\u00e9rieure<\/div>\n<div class=\"detail-value\">: R\u00e9sistant \u00e0 l'eau de mer, \u00e0 l'air et \u00e0 l'oxyg\u00e8ne Noir, caoutchouc EPDM.<\/div>\n<\/div>\n<\/div>\n<div class=\"datasheet_table\"><img decoding=\"async\" class=\"alignnone size-full\" src=\"https:\/\/tuzlahortum.com.tr\/wp-content\/uploads\/2025\/08\/datasheet353.svg\" alt=\"\" title=\"\"><\/div>\n<div class=\"table-notes\"><\/div>\n<div class=\"horizontal-line\"><\/div>\n<div class=\"footer\">\n<div class=\"standards-section\">\n<div class=\"standard-item\" style=\"margin-top: 9px;\"><\/div>\n<div class=\"standard-info\"><\/div>\n<\/div>\n<div class=\"temperature-section\">\n<div class=\"temp-icon\"><img decoding=\"async\" src=\"data:image\/svg+xml;base64,PD94bWwgdmVyc2lvbj0iMS4wIiBlbmNvZGluZz0iVVRGLTgiPz4KPHN2ZyBpZD0ia2F0bWFuXzIiIGRhdGEtbmFtZT0ia2F0bWFuIDIiIHhtbG5zPSJodHRwOi8vd3d3LnczLm9yZy8yMDAwL3N2ZyIgdmlld0JveD0iMCAwIDcyLjI3IDE2Ljk4Ij4KICA8ZGVmcz4KICAgIDxzdHlsZT4KICAgICAgLmNscy0xIHsKICAgICAgICBzdHJva2Utd2lkdGg6IC41OXB4OwogICAgICB9CgogICAgICAuY2xzLTEsIC5jbHMtMiwgLmNscy0zLCAuY2xzLTQgewogICAgICAgIGZpbGw6IG5vbmU7CiAgICAgICAgc3Ryb2tlLW1pdGVybGltaXQ6IDMuODY7CiAgICAgIH0KCiAgICAgIC5jbHMtMSwgLmNscy0zLCAuY2xzLTQgewogICAgICAgIHN0cm9rZTogI2E3YTlhYjsKICAgICAgfQoKICAgICAgLmNscy01IHsKICAgICAgICBmaWxsOiAjYTdhOWFiOwogICAgICB9CgogICAgICAuY2xzLTIgewogICAgICAgIHN0cm9rZTogI2ZmZjsKICAgICAgfQoKICAgICAgLmNscy0zIHsKICAgICAgICBzdHJva2Utd2lkdGg6IDIuMDZweDsKICAgICAgfQoKICAgICAgLmNscy00IHsKICAgICAgICBzdHJva2Utd2lkdGg6IC4ycHg7CiAgICAgIH0KICAgIDwvc3R5bGU+CiAgPC9kZWZzPgogIDxnIGlkPSJrYXRtYW5fMSIgZGF0YS1uYW1lPSJrYXRtYW4gMSI+CiAgICA8Zz4KICAgICAgPHBhdGggY2xhc3M9ImNscy0zIiBkPSJNMTEuMzQsMTEuNTdjLS45NCwxLjcxLTIuNzEsMi42Ni00LjgsMi42Ni0zLjA1LDAtNS41MS0yLjQ3LTUuNTEtNS41MlMzLjUsMy4xOSw2LjU1LDMuMTljMS45NCwwLDMuNjUsMSw0LjYzLDIuNTIiLz4KICAgICAgPGNpcmNsZSBjbGFzcz0iY2xzLTUiIGN4PSI2LjU1IiBjeT0iOC42NiIgcj0iMi40Ii8+CiAgICAgIDxjaXJjbGUgY2xhc3M9ImNscy0yIiBjeD0iNi41NSIgY3k9IjguNjYiIHI9IjIuNCIvPgogICAgICA8bGluZSBjbGFzcz0iY2xzLTMiIHgxPSI2OC4zNCIgeTE9IjExLjc2IiB4Mj0iOS45MiIgeTI9IjExLjc2Ii8+CiAgICAgIDxsaW5lIGNsYXNzPSJjbHMtMyIgeDE9IjY4Ljc4IiB5MT0iNS41MSIgeDI9IjkuNzMiIHkyPSI1LjUxIi8+CiAgICAgIDxsaW5lIGNsYXNzPSJjbHMtMyIgeDE9IjU0LjA3IiB5MT0iOC43NSIgeDI9IjguNjQiIHkyPSI4Ljc1Ii8+CiAgICAgIDxwYXRoIGNsYXNzPSJjbHMtMyIgZD0iTTY4LjE1LDUuNTVjMS43MSwwLDMuMDksMS4zOSwzLjA5LDMuMDlzLTEuOTIsMy4wNi0zLjYyLDMuMDYiLz4KICAgICAgPHBhdGggY2xhc3M9ImNscy01IiBkPSJNNTMuOTEsOC43NWMwLS4xNC4xMi0uMjYuMjYtLjI2cy4yNy4xMi4yNy4yNi0uMTIuMjctLjI3LjI3LS4yNi0uMTItLjI2LS4yN1oiLz4KICAgICAgPHBhdGggY2xhc3M9ImNscy0zIiBkPSJNNTMuOTEsOC43NWMwLS4xNC4xMi0uMjYuMjYtLjI2cy4yNy4xMi4yNy4yNi0uMTIuMjctLjI3LjI3LS4yNi0uMTItLjI2LS4yN1oiLz4KICAgICAgPGxpbmUgY2xhc3M9ImNscy0xIiB4MT0iMzYuNDMiIHkxPSIxNi45OCIgeDI9IjM2LjQzIiB5Mj0iMTQuMjQiLz4KICAgICAgPGxpbmUgY2xhc3M9ImNscy0xIiB4MT0iMjguMDUiIHkxPSIxNi45OCIgeDI9IjI4LjA1IiB5Mj0iMTQuMjQiLz4KICAgICAgPGxpbmUgY2xhc3M9ImNscy0xIiB4MT0iMTkuNTkiIHkxPSIxNi45OCIgeDI9IjE5LjU5IiB5Mj0iMTQuMjQiLz4KICAgICAgPGxpbmUgY2xhc3M9ImNscy0xIiB4MT0iNDEuNTciIHkxPSIyLjc0IiB4Mj0iNDEuNTciLz4KICAgICAgPGxpbmUgY2xhc3M9ImNscy0xIiB4MT0iMzMuMjgiIHkxPSIyLjc0IiB4Mj0iMzMuMjgiLz4KICAgICAgPGxpbmUgY2xhc3M9ImNscy0xIiB4MT0iMjQuOTkiIHkxPSIyLjc0IiB4Mj0iMjQuOTkiLz4KICAgICAgPGxpbmUgY2xhc3M9ImNscy0xIiB4MT0iMTYuMDgiIHkxPSIyLjc0IiB4Mj0iMTYuMDgiLz4KICAgICAgPGxpbmUgY2xhc3M9ImNscy0xIiB4MT0iNDQuNjMiIHkxPSIxNi45OCIgeDI9IjQ0LjYzIiB5Mj0iMTQuMjQiLz4KICAgICAgPGxpbmUgY2xhc3M9ImNscy0xIiB4MT0iNDkuNDkiIHkxPSIyLjc0IiB4Mj0iNDkuNDkiLz4KICAgICAgPGxpbmUgY2xhc3M9ImNscy00IiB4MT0iNDAuODgiIHkxPSIxNi45OCIgeDI9IjQwLjg4IiB5Mj0iMTQuMjQiLz4KICAgICAgPGxpbmUgY2xhc3M9ImNscy00IiB4MT0iMzIuMzMiIHkxPSIxNi45OCIgeDI9IjMyLjMzIiB5Mj0iMTQuMjQiLz4KICAgICAgPGxpbmUgY2xhc3M9ImNscy00IiB4MT0iMjMuNzkiIHkxPSIxNi45OCIgeDI9IjIzLjc5IiB5Mj0iMTQuMjQiLz4KICAgICAgPGxpbmUgY2xhc3M9ImNscy00IiB4MT0iMjAuNTkiIHkxPSIyLjc0IiB4Mj0iMjAuNTkiLz4KICAgICAgPGxpbmUgY2xhc3M9ImNscy00IiB4MT0iMjkuMTMiIHkxPSIyLjc0IiB4Mj0iMjkuMTMiLz4KICAgICAgPGxpbmUgY2xhc3M9ImNscy00IiB4MT0iMzcuMTYiIHkxPSIyLjc0IiB4Mj0iMzcuMTYiLz4KICAgICAgPGxpbmUgY2xhc3M9ImNscy00IiB4MT0iNDUuNzEiIHkxPSIyLjc0IiB4Mj0iNDUuNzEiLz4KICAgIDwvZz4KICA8L2c+Cjwvc3ZnPg==\" alt=\"S\u0131cakl\u0131k\" width=\"100\" title=\"\"><\/div>\n<div class=\"temp-values\">\n<div>-40\u00b0C \/ +70\u00b0C<\/div>\n<div>-40\u00b0F \/ +158\u00b0F<\/div>\n<\/div>\n<\/div>\n<div class=\"marking-section\">\n<div class=\"detail-row\">\n<div class=\"detail-label\">Image de marque<\/div>\n<div class=\"detail-value\">: Ruban de transfert ou gaufrage<\/div>\n<\/div>\n<p><img decoding=\"async\" class=\"marking-image\" src=\"data:image\/png;base64,iVBORw0KGgoAAAANSUhEUgAABf0AAAApCAYAAACPzYOHAAAACXBIWXMAACE3AAAhNwEzWJ96AAAgAElEQVR4nO2dPW\/bWNbHzz7YdvgFRGBnsduIxS6wjVgk2CkiFQmyhcTChhtZRbJpZBV2UoztfWBnC8cuZDdeu5DdBEkhuXiCpKBSZJAUUjPATEE1A8wU9BfgfoGnkM7VJcV3UW\/O\/wcI8ItIHvK+8Z577v\/87k9\/+PZbIvqWAAAAAAAAAAAAAAAAAACw0vyeiKpE9K8F2wEAAAAAAAAAAAAAAAAAgCn5n0UbAAAAAAAAAAAAAAAAAACAbIDTHwAAAAAAAAAAAAAAAAC4I8DpDwAAAAAAAAAAAAAAAADcEX4\/zcHVWo02a5uUU1XX3\/u93lRGTcvG2joREVUMg8pGRfz95cEhDSxrUWYBAAAAAAAAAAAAAAAAADMltdM\/r2m0u7\/n+7+Crqc2KEtyquqyRVGUBVoDAAAAAAAAAAAAAAAAAMyW1PI+cKADAAAAAAAAAAAAAAAAAMvFVPI+AAAAAAAAAAAAAAAAAJKR17SVCKq+tW2ybdv3f8ui9hLFwLLIcZyJv6+6\/WFk5vS\/brXo5cFhVqcDAAAAAAAAAAAAAACAO8nu\/t5KOJ3Pmqd01mz6\/u\/12zdztiYdG2vrvjloV93+MDJz+jvOf6c+R1YVfdGJhAEAAICvEY5USROFAAAAi0JRFMprGjmOQwPLWrQ5AAAAAAAATM1Syftktbry52\/\/mMl5AAAAABCf\/1xeUE5V6fHDR+TAcQbA0pDXNNqsbdLz7Z1Fm7KUFEslOjo5pq5p0rMnTxdtTiLOLy\/o3weHgVvuAQAAAACYxw8f0cCyaHd\/j6q12qLNScytbdPjh4+IaPgOtAq7JGTmbX\/qRL4AAAAAAExe0yinqoiUBWAJ2d3fo7JhUMUwFm3KUvKgVCQion6vv2BLkrG7v0fFUonqja1FmwIAAACAJaff64l5WtfsLtiadHTaHXIchxzHWbn3NqL5279Ukf5g+ag3GlQxKpRTVSIi6pomnTVPQx06iqJQtVZzHXdr2+JYr+RDxTCobFQCz3fT7lCn3fb9H+8O2Vhbn9qOLGG7nj15GnodVVXp6OSYiPzvgWj4fKq1TcprGhEROY5DH02TrlpXE+WQ1zTa3d\/zPc\/Asui6dTWXSLAwO4iGk+rrVivw2UxTdlHXJpp81oqi0NHJMRVLJXGtq9YVXbdaE8eG7UgaWFZkbpOw4\/m6fu0rrK4Tje\/bawO3r7B25GV3f4\/ymkYvDw59banWalQcOUjC6jif56x5Gim7dn55QYqiBF4z7jn5\/3Hga8U9Rn72afutoHLyI24\/ElVecVFVleqNLXpQKolkUgPLok6749sWvHCUwkfTJKLZ9Edc9\/q9vq+mZL3RoIJe8G0nsj1B7SjKbqLwMQksL2Ht3HEcuml3qDuqu2Fw2++a3dB2Me04mCUFXRft8y5Gg2fRB3r7r1Wh3+tTtVajsmHQWfP0TpYvAAAAALKhoOtUMQzq93pUMSrU7\/WExOGqwHY7jkMFvUD9Xo9UVRV+o2Vn3vZn5vTPa\/nE2xLCNH9vbZs67U4WpoGUvDo5prInIqxYKlGxVKJnT576To4VRaHXb99MdBo5VRWTkhfbO65jc6oaWncKuk55Le\/rIAs6Lo0dWcJ2FUulUOfQg1Ip9N79ykBRFCobhpjgyY4vRVECz1fQdarWavRie2fmDqswO9iWYqkotjV5j52m7KKuHed6OVUVzhqvU2fa7VdRx5cNwzdBS9RxQffN7SvJKnJe06ig68LxK6NKzybOAszwxcIOdfrnNU0suPhdU4a3IBZLlu85+Zpx4GslOYZJ22\/FrZ+yk66g66F9VVh5xSWvafT67ZuJcwwdlxpVjAo9394JdagV9AIRjSNlZ9UfhT\/3gnh23vqhjZ7TbYRTLE7\/VdALkElZMaLaebFUCk1QxpSNimhvYU7\/acbBrOEo8Jt2e2XzXnG+kFvbnnBsT9sHhp172emaJvV7PSroOtUbW+iXAAAAABAKB53etNsiEMrP77Ss5FRVBMfJc8kfvnxeCcf\/vO3PzOnPzuAkOI5D39277+s0sm07cuIFZke90XA1eu\/q09HJMfXv9SbKrlqruSLS2UHExw4juDcTO9urtRp1zW7syeqs7EjKg1Ix1KFVCYkULuj6RBkQkWsltlrbTBwpeHRyTJZlLVx+I69pVG80Jtr5vMtOvh4vRLKjpt7Yopt2eyaRmN66zE4HouGg+\/d79zO\/ZhbwS8KtbceK\/iYaLm4RBTsiwtqBjDzGFEulyEj5RZO035LhnRT886z7qt39PVH\/ZMcX10temAl3+g\/bTZL7Tdof8ffCFhPYbq8dPH5ZGfR9ZcOgfq+PiP8VxBtwIr\/bcJ8f5PiVHfl5TSNVVadyEgeNg1miSguUZ83TmV1n1uzu71FB12MtzCQlTd+1TFy3rsQ748uDQyRRBwAAAEAk8vvCqr47eO8ht0Bb0jAP+xcq78OOhFV9yb7LVGubRDScHD978lRMaqu1mnAOVWs1H4ft8LiuadKL7R1XJeZjXwREIflN5OToU94Gk8T+NHZkSXEkk+HXiaqqGrqNiu\/h1rZpY23d5Vgo6LpI3OZ37n6vNyFfwfdNNHRszCNRnZ8dcmR9xahkWofCrl0xDDo6OZ6I8uXr3bTbIkKuoOui3gVFWU+bMNxPXqTeaFC9sSVF5y9X3yhHnz\/3lE0YiqJQsVQKdFzHXTDmSHKioQPXz+Hmfa5cln510YvfDososuy3vHb7\/TwL5Ahov91DY2dbsKMtLFI2y\/5IXhzwlr\/cn2pafuJYrj8DaxDrWn52q6pK55cXlNc0qtY24fRfQV4eHPrupOKIm+EuOv+67m2LBV0nO6IOpBkHs+TBqH8dWNbKRbHPC+8upVWja5p0a9uUU9XIHaYAAAAAAETkCjAt6Dq92N6hgl5YmYh\/orHEY17Lk23bdN26ErtyV4F52J86ke+tbc90Naig6\/TLb7+m+oDpKEp6zs+3d1yTxOtWi25Gkwk5EpWIXFurvc5aPvZvf\/lroknnwLLE9eJW\/FnYMQ1BDs0HEY5OPu7lwaGvE+27e\/cTTeyuWy0R5SeX8bxxHEfYwY5bZpZllx85AeUoXzm6Xo6AlBPczFPf7qzZFIsSyzhQvRpF+bOcQBK8\/QXDyV\/jwM+EyyaqDS2KNP2WDC+IO44jHDmzrIdFySnodT46jkPPt3ciJUj4HHF3JKTtj\/iZENFEvdE8El1euK+ZZjFtuAtxaLfcf4DVpt\/rSW22EPi98cIR90H+\/VoUYeNg1nDfC8nMYJL2X8sI2x5WfwEAAAAAGA7kHQbznlJnFAS5aEWIJORGOemKpZKQyplHcGtWzMP+1E5\/27bpHw8fjaIC43+WLXIVTCJLnfg1eM7yHeSECsvVkGahiK+XVN8qazvSEuQUiCtpEtRm0tyDLMeyyGQt3pwOXqYpu2EW9N5E3R1v3x9H8v135HjxS363qC1uyxqJWW80KKeq5DgO\/TuFrE6Qgz5uO+CdMY7j0HXrioiW27mRtt8iGjug+r2eaP\/zWAQKG5+j2kOaSNm0\/ZEdsDCWl6L7g\/JbEFGkpn8Ucv+1SkmvQDi2fRv5HW6b7LCfpl1GjYNZkUS6Rg1ZgEhyryx9lIQsF9GSJKSTF5OzGPfDnqGXpDmI+Bi\/e+MxZxkDBgAAAACw3PA7mKIoKxvUxHavgq6\/H7OyP7XTn2isu5\/ks6pbZ78mVHWoJBW0whfl8FiWTmJZ7PCLYpUdmFFkeR+yRv4yO6umueeBZdHG2vqE3ru8mMXIfZgX\/n6Yg5BzmcwySnMZUFVVyCD5LZDEgSV+vPDfop3KY8fVPB3hi0B2oPOYOY8FjmnaXRpN7LT9ET8THqsY7znk39k+x3GWdmENLDes\/e84jpBTSeJcXgR++XFk5B2yr06O6dOXz\/Tpy2d69+G9K9H5jz\/\/RK\/fvqFffvuV6o1G4PWqtRr9+PNP9O7De\/r05TP98OWzb7\/Pu3lZBu3dh\/f07sN7+vHnn+j88mKiL\/rlt19duXbCdvVWDEPY8OPPP0XKx3n7LlVVxXPxG9v5OXBSeaZYKtEPo+fH9x5UN1gCTn6ur06Offtg\/n9B11335j0\/ly\/nPgIAAADAavLsyVP67t598b75+OEjevzwEd3aNnVNk767d1\/IHd+02\/TdvfvC9\/Hy4JC+u3df7GCVf\/eea2BZ9PjhI3r25Cl9v79Hr9++oXcf3lOn3aHv7t2Pnb\/PS5DNHMF+1jx1nV+20XEccf\/93jCH6MbaOj1++IgGljVxrpt2mx4\/fEQvDw7p\/z68p9dv39Drt29c51iU\/RxQMm\/7vUzl9Ad3E15ZihP15jexYD3yrJAnrUnI2o408CTMO+nkqOePMbaSZ62pxs9xkZNCeaLqV65Zl518rjgdpxxxGJT0892H93R+eUHnlxf06cvnCQdAWvjZLNOuqHpjixRFoYFlpRr8x+3AveuFpX34pSMM3jHT7\/XJHn0\/TZTkvEjbbxGN+4d+rycWWePmPZiGByllv2R5oKT3m6Y\/Cloo8CYrleV+2Hm3SttVwXzhnSJBwSlyuySiqdtm1DiYBXHr\/e7+nutdI69pdH55QaqqCsc8w1uQvcg5n5jcKAdGWD\/NuQ2YYqkk8n0kpVgqimTzRMN+he8j7Biicbnb0njkZ7ffAmexVKLzywtXZFbO59kRjR3+3nOXDYPOLy9i31tOVV19nCx9tswLUQAAAAAIhud\/rO\/eaXeEAken3aHr1hXZtk2ddpv6vZ4IyOM5+nWrRbZt0\/PtHbod\/X34\/c7EubpmVziiB5ZFBV2nnKrSWbNJtm1PBFHGJchmlgiWz++1ke1hSdWPo2OGf+9OnIuPuW61hG\/Ae45F2f\/y4HAh9ntZWqd\/v9ejP3\/7x1QfsBh4JY6I6PzyguqNxtQR0Iqi0OYowjiuE3QWdqSFNXS9Ej8sacLbsf1gh0K9sUWvTo7v1CSu3tgiosnow1mVnVcLPopNKYly0DHe8uBkp2lhJwsnQ10Wp39B14UzKK1N43bgdhSN20H04pfX0bLM0f5p+i2GF5y4bchtZFb3ys+fI24rhpHICc+7EML6syyxfRxbfrJ0stwP\/5yF0192eGIRYfVRVZXqjYYo15uAXDleCatpd+EEjYNZEnfxsVqriQmHnFeGndA37barn2bbGUVRXPfj\/f4ryVktU9B1ymsadU1TREcRDR3g8tgvvxuEjY\/VWo1uRxMk+Zl67ZXt5mck2zseX9xly32w992AFyk4V8N1q0WO4witXJlb2xZ50Ti3yViPXw9cRPLe2+1owi+DXUwAAADAajNM6jp8N6kYFSqWikJyp6AXRLBCXtOooOtifs3H8HtEtVZz5YUbvmOMz1UsFcX8SFEU13uXfI40eK\/Dc35Wuwiyke+dbanWNl05Hwt6QZyLvysfKz9D+Rxfm\/1efj\/1GQCQuG5diajgemOL6o0tsSWGV7WCqBiViQmWHHH9MYFDaRo7suSjadLu\/p6Q+HEcxyXtE+bsvG5diQ6lbBhUNgxyHIc+miZ12p2lcQqHwRFtMiyRQOS\/02EWZTd21kQ\/M9nJHbayytryivINlUdO0npjizbW4pVLkDzBrW3TP5co+YwccVk2DDprniaOSmUHRU5VqVgqTUTIdtod2t0PXtTyOsKJhg63aq1GxVLRV54pDbv7e4H3trG27vv3LPstIv8o0n6vN3rBKM6k3Q8si\/q9nojuODo5piM6FtENsjMurs2zRHa25TWNBpYlIl7dTn+\/RYHBVNdWVVW0iaw0wMF88Y5JDOcrCRpjwhYeuX\/yI804mDVR9b5rmq4ty5++fBYOcd6OTDSO5pf7ZCJyTWg21tbF9yuGQUcnx2JC5Le48fLgUESn5bUrevfhvTinPXJqb6yti+j4TrsT2Off2jb9\/d790X006fzygoqlUuCCaVDf1TW7VK3VJo7z+76cjF6+94E1oKOTY6oYFZe9vM2bf2b4\/gp6wffdkLeaDxcWmqEBEQVdX4l3RAAAAAC44SAsmR9\/\/kn8XNB1lzN+d3\/PNV\/37hoMO1de04RPgt\/H8po2cUxSWBpS\/l3eURpl46cvnwNtJnIrYcj3z++s1Vpt4hxfk\/1eljbSH6wmZ83mRJRcTlVFxQ3bss2SLvKHJ5Fd05yIaJqVHVliSxFp7OCMK+3T7\/WEVhujKAqVDUNofS27bitvUZI\/cjJNvy1jsyi7JA4\/jgj0i6KTefbkKZ01m\/Ty4FAkts0iEpu3eC0D1dqmK\/dEkC5\/HDjaX45OiCvtU\/RpM9yuskz+yBETfp8gsuy3iMbPR14sGEcUz25Xw7MnTyfKIa9ptLu\/R5++fKZKgMyYHCk7TyeTrL9NNI7kt6wB2aMoWvl5sY1JFg1Zd1z+fPryWfRhnFAa3A1kOS0v3K7l\/iruLpw04+C8kesyBxcQuRfRiNy7IPwW1Xj7MtMZ6ccSueW23NceS8bxAiRRuiRmPM6Mz30Veq6gBOSyDe7cIJPf5\/GJt8aPbRkuluZ8Evs6jjOxSMQ7pYJ2dXbaHdcxfn0Z8qYBAAAAIA3joIXVDWoaBweuZuDDrOyPjPQPS5Y1S3iynZR+rxcYkRkU3TXteYGb59s7dDWKUi\/oBddkuFqrkW3fJtIFv261Uk2Ks7YjLTftzmjrVZE67XYsaR+GtdoeSPcw3h6k09HJsYjOWyX6vR49e\/I0cEDJsuxkp3BUB1oxDHGtoDrnJyHWNU06oqF8QdwIO+8uAkX5hoqlEtUbW6SqOXruWfBZBOzMeLG9Q\/XGFuU1jeqNrcSObKKhs6je2Boteu0klPaZdLSww4232KWxaZak7beCIv2Jxlv9ZrFTyXEcevzwkavNsfNJURQ6Ojkmy+MAJHI7vOaJrF3dNc2JRN2sS5nXNJFwlSi7l6ibdnvp6hyIx027PZGzqFgqDpOyv1VpY219YmwKigiXd+EkbQNR4+A88bZrfj5e26Js9XM626NdXn6Od78FX267afCWT9wFZb+y65qm2CXgXdzx60f8ggpkfdyofjvK1mUJBgAAAADA3UBWLpBlZ5Y9sFSGtfLzWl7IVfK9rALzsB\/yPmAmyNFhHB38\/SjB22Zt09dhe9Y8FVugFUUR22CmkWNIYwfjl2iN2Vhbj+08YodwsVQSul1R0j4ynJiFbWXHMDs7Z+UEzALvYtm7D++FEy7KeTBN2clwdKHjOJHPiaP8wyI+\/UjjtPGTJ2BZhbJh0FXraikm+fws2PHrleiJCydH5HorS\/uEISfrDXK4FfRCJg7YJO2aybLf4mdya9uuuiovcMiSF7Oga5qibFVVpbJhiHaxWducWIwKipSdNZY1oDKNI\/wnpVf6VNB10qQX16TtyU9rfahX3pn7IgfIDj95vLNmU4z5ZcOYGF+8yV4ZlhkLc1JPMw4SDet2UNBKVgEpi1p48Luu4\/x3pudnWGIpKKdCv9cXi6DXrZZLz9\/vXSJI6s2PimGInXRZ3AsAAAAAQFKuW1diHnt+eTFVkPSieHlwKN7rf\/z5p5VasCCaj\/0LlfeRt\/GCu4vjONRpt0VEut9WZ79jeBt5Fskr0tqR1XXZQcTJ7KbR8O2apisScRkTmQbBW+3LCROFTlN2cfX8642GiETMIkt6GmRZhSAZnXkPZCwxJcs0pG2T7OCvN7ZiS\/vI9XvogG6ID5fXsrSBafst2WEk32e90fD9zqyxbZvOmk3RHvye87z1\/BmuN6okvyHbICfzTSPtw+fYWFt3fZ49eQqH\/x3lxiNBxsgSVgW94GqX3B6TjElpx0GQLVF9F4\/F\/L2o74dJvcl9J+c5SOLwj8s8xwcAAAAArDaK8o34eR5+sVnA71qceHfVmIf9kZH+s5rId83uRCRVFteSHUi3kp56lue96\/B2ZFXN+f5froxJIo\/ksoiz1bnT7lDZMER0fFZlENeOsOsljbj6aHZFpP\/QhumiYjkyTdYGjguX3yKixrqmSd87eyI3QVJ5paR1iCienr+iKMJJezOSVFoULKsQNHnPa5qvfbNwfJ81T13P+Kp1Rbv7e0I2JWmb5MTWSTTgZQccR5x7CUsSOW+m6bd4oSenqoH3yvJI82RYTlsTfU1UpGwc0vZHXskjInef7ZfMd9okvuBuw32dty+VF2DLAbktiIZtM86YlnQcdBwnsK+M2+6C3ue+ZqJ2Kdm2LRLQc4LdsO\/3e73Q\/zHct\/N2bkZVc6H1KwkIqAIAAACAH47j0L8PDslxHDEvlwNcVoGBZdFZ81QoEVStzZVatJi3\/ZFO\/3nq2Gd9rQ40d1PBW6uDGr48IZ6lk63f64kJl5+sxKzJMrmerPnOvy8CuUNfhIOUI9nLhpFIoictcZOM7o5kg4jCo\/yzcHKmxXEcUhSFVFUlP7cCO3WyXMzxPjPW5WeJpaRtUpb4IYqX1yLuYoasu7xI0vZbXLei4Dq9DPcaNyl5ENP2R\/ycyyPdQ9mp75fMF44wkIa40dMsAxNF0nGQd5ykgdtVmqS4aZAjxpadOP1Xv9ej8ijXT1Skf7\/X95Xt88Jl4c0dwdJS07BKE14AAAAAzJ+BZQkfKefrWzW6Zlf408pGZWl2\/cdl3vYvVN4HLCdyBKVfBRw7WCadNLIMhZc0iwUsB\/KgVEq03SVrO6ZFlvjpmmYsx2y1Vgu857TOsmqtJn5elNOQy5Sj57xkWXbywlXQRJ11y4mGyVfDdg\/kVJVev31D\/7m8mDgHcztlfgWObPeeh+0v+yR2URRFODBmqa0uy9eUDSOVg4HLP05eC9kR\/uzJ0wmplY21dWGPV5JjkaTpt2S9aL\/73FhbF3U+SPopLaqqUiXE2cS2edvctHr+0\/ZHlud5WJ5zeKP9p22b4G4T1Pdy\/T9rnvq2Sw4QSNIuo8bBrOB3jXlFb\/ndyyIDDYLgqLYgfX6GF6bl6Hzv9\/kZJx2DZrHbMuez6wkAAAAAgJHn75wbbdXgYEcOiFw15m0\/nP5gAo5UJRom9JAni\/VGIzAB51DjdovOLy8mKq+qqrS7v0dEFDt5HREJhx4nco3DLOzIgo+jyePHmNHNu\/t7vsmEFUVxRabHmdwpiiKeC1H8hYdZINcvb2byrMsuyFkpczTKs+A4TqSWvxw1KTssvx\/ZFSdZcBBcrkESUFxvCrpOr06ORfmro4UI\/n2afBFxYD1qonCpiyDYvjh2PpAS23ZNcySf4P5wP7RMK\/xp+q0HIlHo5D3ypyvqQLa6zUcnx3R0ckz1RmNikaKg60L6atLpn07PP6v+yCvX47WP25CiKIFtU47gnQZOOL1KW2PBmGFi1WGfLtfnvKYJRypLv3k\/cqR+3LoUNg5mCd\/LrCcVcrCIvICY9F1lXsTtu\/ySxwd9x3vvPDYH9Ql+7zjTwPfkOA6S\/gIAAADAl5yq0g9fPtO7D+8zDySbF2XDoHcf3tO7D+\/ntps1S+Ztf6i8T0HXVzKD86z487d\/XLQJc4O1uxVFoXcf3k\/8X474ZdgRVSyVqFgqiQgqr0ZYkiSp9igvAzue4sg1zcKOLEgiN8WTt7ym0eu3b1xyMrJT4abdDnRk\/fLbr77nZh23RdJpd6je2KKyYdDLkaYcUfZlF5XEV97NoigK\/fjzTxPfOWueii37XO\/LhkG7+3tUMSqkKIrLKRSXoPLh63ij4DsjaZ3caGeCn8O9a5qBiw71xlbo9r2NtfVYzlvbtsUzqI6kKZI4GGzbjt2XcvmF7QiQbS6WSlNJZ0WNd3HtTtdvDethmOQRa+tzgkjvc09jv9y2uI4MLIscx5mQHJLbXdxIWb63WfRHshPRr+76afx74Wc27fjOfXW\/15urLCJITlQ7kQMa5IXjsHrO7b1YKsZeBAsaB7OGJdUKuk72jCQvZVmzo5NjqtY2XWNjv9dLvSDO8CIJ91PTtNm4u5T43SssH9PAskT5DxdPt8hxHHHMq5Njevzwkev73F9wXVOUb6aW9llUUnUAAAAArBY5VaVVz\/a06oFW87Q\/UtMffJ1ct1qkaXnfSYjjOBNapERD+Y3zywsx8cj5aFTfpMizcNPuiAhKNUby1lnZMU\/Omk1SlG9E5CFHkcoMLCtx3gHHcejF9s7Uk+9pYW14oqGjlssi67KLSuKbJkP6WfNUyLbInfWtbWeykBTUvoiI\/vnkqSuqX2ZgWfRiTnkvOFlt2oTMcSnGlCxih0tBLywsX4aXJP0WO\/GJwh028v8Kup7JvXJ9+8\/lhWhrfi8h3n6Dy2YaG6btj6Kc+nGc\/gDIvNje8SwkjnfghNHv9RPvGgkaB7Om3+tRXtPoQak40\/ee59s7YkFF7kMcx8kkR1LX7GaW6DZJ\/9U1u5G5gV4eHIqx2TuRlnfHEQ3fIc5H\/a28ED\/tog\/vGImzmxQAAAAAy8PLg8NUfol5EyaVuipBT0FzwlW3Pww4\/UEgz7d3qN\/rU7W2SXlNE8nnzpqnvk4adh5VDIMelIquaNR+r0c37Y7vBOt2FBUb1Il0TZPKveFkxhup5jcBS2tHliSJtAqbRHbNLlVGyT3kiLmu2fV1tPI9+tE1u3TTbs9l2zfbEdQpcbR4TlVdWnJZlp2qquL6Qc8k7Hkx3nppjzTX640tKpZKol3EjdQMu97Asui6dRXoBB1YFv3j4SOqN7bEwsOtbVOn3QmMuOf2FYV8LD+3oPsZlsWw\/LQQLcCo84R9N69pwu4o+288UmMyUXVRvnYS0vZbfvaoqirOFfWsrlstEWU\/jf0yA8uixw8fUdkwqDhqd\/I9XrWuUun5z7o\/sqW67bdDQv5\/kJ1BY0hUncniGDBfwsqG+9Eg+ZaopONd05yQ3Uo7DmZNp92haq1GxVJpYgEyqH1y2\/eznY\/xtl3e5VKtbYqxsd\/r0VnzdOI8Yc8mqG\/tjt4\/\/eTNwsYa7z3Kuzfij9lbod\/3G5u7pknXrauJ63dNk549eUrV2iYVdF28Q\/DOD+8ziTOOyu+Iy7LwDQAAAIB43IX5w6rvNFx1+8P43Z\/+8DeAi3YAAAFZSURBVO3\/EtG\/\/P6Z1zShoQ1WZ\/UHAAAAmCUs1\/O3v\/wV+tEALDnvPrynvKbRTbtNz+e0I2xZ4Xwi161WrB0I1VqNdvf3Yn9\/EZxfXgh5u2dPni7aHAAAAAAAsCSERvoPLAuObgAAAAAIWBojbqQsAGCxXLeu6OjkmMqGEbhb82thLNkULhvHxNX\/XxTDXBLDPtkrJQQAAAAAAL5u\/mfRBgAAAABgdRgnWIZ2NACrQKfdFnI5WeniryJyLp44Mjh5Tcskf8kskfNO3OWt6QAAAAAAIDnQ9AcAAABAIoY658vpBAMATPJ8e4fqjS06azYXbcrCyI3yp8TRzn399o3Q\/19mZ\/owz4FOL75y2SYAAAAAADBJqKY\/AAAAAAAAAHxNyE7\/Z0+eYpETAAAAAACsHIj0BwAAAAAAAACJ4Y6mLhz+AAAAAAAAAAAAAAAAAAAAAAAAAABgcfw\/Cy54w66IQPcAAAAASUVORK5CYII=\" alt=\"Markalama G\u00f6rseli\" title=\"\"><\/p>\n<\/div>\n<div>\n<table style=\"width: 100%;\" cellspacing=\"0\" cellpadding=\"0\">\n<tbody>\n<tr>\n<td style=\"width: 120px; font-weight: bold;\">Norme<\/td>\n<td style=\"width: 400px; text-align: left;\">ISO 1307<\/td>\n<td style=\"width: 120px; font-weight: bold;\">Couleur<\/td>\n<td style=\"width: 400px;\">\n<div class=\"color-icons\"><img decoding=\"async\" src=\"data:image\/svg+xml;base64,PHN2ZyB3aWR0aD0iNjAiIGhlaWdodD0iMTIwIiB2aWV3Qm94PSIwIDAgNjAgMTIwIiB4bWxucz0iaHR0cDovL3d3dy53My5vcmcvMjAwMC9zdmciPgogIDxyZWN0IHg9IjAiIHk9IjAiIHdpZHRoPSI2MCIgaGVpZ2h0PSIxMjAiIGZpbGw9ImJsYWNrIj48L3JlY3Q+CiAgPHBhdGggZD0iTTEwLDAgCiAgICAgICAgICAgQzI1LDAgMjUsMzAgMjUsNjAgCiAgICAgICAgICAgQzI1LDkwIDI1LDEyMCA0MCwxMjAgCiAgICAgICAgICAgTDUwLDEyMCAKICAgICAgICAgICBDMzUsMTIwIDM1LDkwIDM1LDYwIAogICAgICAgICAgIEMzNSwzMCAzNSwwIDIwLDAgCiAgICAgICAgICAgWiIgZmlsbD0iI0ZGQTUwMCI+PC9wYXRoPgo8L3N2Zz4K\" alt=\"\" title=\"\"><br \/>\n<img decoding=\"async\" src=\"data:image\/svg+xml;base64,PHN2ZyB3aWR0aD0iNjAiIGhlaWdodD0iMTIwIiB2aWV3Qm94PSIwIDAgNjAgMTIwIiB4bWxucz0iaHR0cDovL3d3dy53My5vcmcvMjAwMC9zdmciPgogIDxyZWN0IHg9IjAiIHk9IjAiIHdpZHRoPSI2MCIgaGVpZ2h0PSIxMjAiIGZpbGw9ImJsYWNrIj48L3JlY3Q+CiAgPHBhdGggZD0iTTEwLDAgCiAgICAgICAgICAgQzI1LDAgMjUsMzAgMjUsNjAgCiAgICAgICAgICAgQzI1LDkwIDI1LDEyMCA0MCwxMjAgCiAgICAgICAgICAgTDUwLDEyMCAKICAgICAgICAgICBDMzUsMTIwIDM1LDkwIDM1LDYwIAogICAgICAgICAgIEMzNSwzMCAzNSwwIDIwLDAgCiAgICAgICAgICAgWiIgZmlsbD0iI0ZGRDcwMCI+PC9wYXRoPgo8L3N2Zz4K\" alt=\"\" title=\"\"><br \/>\n<img decoding=\"async\" src=\"data:image\/svg+xml;base64,PHN2ZyB3aWR0aD0iNjAiIGhlaWdodD0iMTIwIiB2aWV3Qm94PSIwIDAgNjAgMTIwIiB4bWxucz0iaHR0cDovL3d3dy53My5vcmcvMjAwMC9zdmciPgogIDxyZWN0IHg9IjAiIHk9IjAiIHdpZHRoPSI2MCIgaGVpZ2h0PSIxMjAiIGZpbGw9ImJsYWNrIj48L3JlY3Q+CiAgPHBhdGggZD0iTTEwLDAgCiAgICAgICAgICAgQzI1LDAgMjUsMzAgMjUsNjAgCiAgICAgICAgICAgQzI1LDkwIDI1LDEyMCA0MCwxMjAgCiAgICAgICAgICAgTDUwLDEyMCAKICAgICAgICAgICBDMzUsMTIwIDM1LDkwIDM1LDYwIAogICAgICAgICAgIEMzNSwzMCAzNSwwIDIwLDAgCiAgICAgICAgICAgWiIgZmlsbD0iI0ZGMDAwMCI+PC9wYXRoPgo8L3N2Zz4K\" alt=\"\" title=\"\"><\/div>\n<\/td>\n<\/tr>\n<\/tbody>\n<\/table>\n<\/div>\n<\/div>\n<\/div>","protected":false},"excerpt":{"rendered":"<p>&nbsp; \u00dcr\u00fcn Ad\u0131: OSRIS &#8211; MSD \u00dcr\u00fcn Kodu: RS725 Sert Yap\u0131l\u0131 D\u00f6kme Malzeme Emme ve Transfer Hortumu Kullanim Alan\u0131 : Barit, bentonit ve di\u011fer a\u015f\u0131nd\u0131r\u0131c\u0131 malzemelerin emi\u015f ve de\u015farj\u0131 i\u00e7in. Alt Katman : Y\u00fcksek A\u015f\u0131nma Diren\u00e7li Antistatik NR (A\u015f\u0131nma De\u011feri 70 MM3 DIN 53516) Takviye Katman\u0131 : Y\u00fcksek Mukavemetli Sentetik Tekstil, 2 \u00c7elik Tel Spiral [&#8230;]\n","protected":false},"featured_media":22500,"comment_status":"open","ping_status":"closed","template":"","meta":{"jetpack_post_was_ever_published":false},"product_brand":[],"product_cat":[2370],"product_tag":[],"class_list":{"0":"post-21746","1":"product","2":"type-product","3":"status-publish","4":"has-post-thumbnail","6":"product_cat-sel_petrol_kuyusu_hortumlari","8":"first","9":"instock","10":"taxable","11":"shipping-taxable","12":"product-type-simple"},"jetpack-related-posts":[],"jetpack_sharing_enabled":true,"jetpack_likes_enabled":true,"_links":{"self":[{"href":"https:\/\/tuzlahortum.com.tr\/fr\/wp-json\/wp\/v2\/product\/21746","targetHints":{"allow":["GET"]}}],"collection":[{"href":"https:\/\/tuzlahortum.com.tr\/fr\/wp-json\/wp\/v2\/product"}],"about":[{"href":"https:\/\/tuzlahortum.com.tr\/fr\/wp-json\/wp\/v2\/types\/product"}],"replies":[{"embeddable":true,"href":"https:\/\/tuzlahortum.com.tr\/fr\/wp-json\/wp\/v2\/comments?post=21746"}],"wp:featuredmedia":[{"embeddable":true,"href":"https:\/\/tuzlahortum.com.tr\/fr\/wp-json\/wp\/v2\/media\/22500"}],"wp:attachment":[{"href":"https:\/\/tuzlahortum.com.tr\/fr\/wp-json\/wp\/v2\/media?parent=21746"}],"wp:term":[{"taxonomy":"product_brand","embeddable":true,"href":"https:\/\/tuzlahortum.com.tr\/fr\/wp-json\/wp\/v2\/product_brand?post=21746"},{"taxonomy":"product_cat","embeddable":true,"href":"https:\/\/tuzlahortum.com.tr\/fr\/wp-json\/wp\/v2\/product_cat?post=21746"},{"taxonomy":"product_tag","embeddable":true,"href":"https:\/\/tuzlahortum.com.tr\/fr\/wp-json\/wp\/v2\/product_tag?post=21746"}],"curies":[{"name":"wp","href":"https:\/\/api.w.org\/{rel}","templated":true}]}}