{"id":21665,"date":"2025-08-11T11:23:34","date_gmt":"2025-08-11T08:23:34","guid":{"rendered":"https:\/\/tuzlahortum.com.tr\/urun\/kemi-d-10-uhmw-pe\/"},"modified":"2025-08-20T15:31:06","modified_gmt":"2025-08-20T12:31:06","slug":"kemi-d-10-uhmw-pe","status":"publish","type":"product","link":"https:\/\/tuzlahortum.com.tr\/fr\/produit\/kemi-d-10-uhmw-pe\/","title":{"rendered":"KEMI D\/10 UHMW-PE"},"content":{"rendered":"<p>&nbsp;<\/p>\n<div class=\"report-container\">\n<div class=\"report-header\">\n<div class=\"standard-text\">Nom du produit : KEMI D\/10 UHMW-PE<\/div>\n<div class=\"standard-text\">Code produit : UHMWPED609<\/div>\n<\/div>\n<div class=\"product-image-container\">\n<div class=\"key-feature\">Rejet de solvants acides et de produits chimiques UHMW-PE<\/div>\n<\/div>\n<div class=\"horizontal-line\"><\/div>\n<div class=\"product-details\">\n<div class=\"detail-row\">\n<div class=\"detail-label\">Domaine d&#039;utilisation<\/div>\n<div class=\"detail-value\">: Utilis\u00e9 pour l'\u00e9vacuation de tous les produits chimiques corrosifs, en particulier les solvants hautement aromatiques (voir le tableau de r\u00e9sistance chimique aux inondations).<\/div>\n<\/div>\n<div class=\"detail-row\">\n<div class=\"detail-label\">Substrat<\/div>\n<div class=\"detail-value\">: Le rev\u00eatement UHMW-PE translucide de qualit\u00e9 alimentaire est adapt\u00e9 \u00e0 une large gamme de produits chimiques corrosifs et de solvants.<\/div>\n<\/div>\n<div class=\"detail-row\">\n<div class=\"detail-label\">Couche de renforcement<\/div>\n<div class=\"detail-value\">: Textiles synth\u00e9tiques \u00e0 haute r\u00e9sistance et fil de cuivre antistatique.<\/div>\n<\/div>\n<div class=\"detail-row\">\n<div class=\"detail-label\">Couche sup\u00e9rieure<\/div>\n<div class=\"detail-value\">: Caoutchouc EPDM r\u00e9sistant aux intemp\u00e9ries, \u00e0 l'ozone et \u00e0 l'abrasion.<\/div>\n<\/div>\n<\/div>\n<div class=\"datasheet_table\"><img decoding=\"async\" class=\"alignnone size-full\" src=\"https:\/\/tuzlahortum.com.tr\/wp-content\/uploads\/2025\/08\/datasheet326.svg\" alt=\"\" title=\"\"><\/div>\n<div class=\"table-notes\">Dans la commande : Les conditions de fonctionnement telles que les propri\u00e9t\u00e9s du fluide, la concentration et la temp\u00e9rature de fonctionnement doivent \u00eatre clairement sp\u00e9cifi\u00e9es. Diff\u00e9rents diam\u00e8tres, pressions, couleurs, types de gaines et doubles enroulements d'acier peuvent \u00eatre produits sur demande.<\/div>\n<div class=\"horizontal-line\"><\/div>\n<div class=\"footer\">\n<div class=\"standards-section\">\n<div class=\"standard-item\" style=\"margin-top: 9px;\"><\/div>\n<div class=\"standard-info\"><\/div>\n<\/div>\n<div class=\"temperature-section\">\n<div class=\"temp-icon\"><img decoding=\"async\" src=\"data:image\/svg+xml;base64,PD94bWwgdmVyc2lvbj0iMS4wIiBlbmNvZGluZz0iVVRGLTgiPz4KPHN2ZyBpZD0ia2F0bWFuXzIiIGRhdGEtbmFtZT0ia2F0bWFuIDIiIHhtbG5zPSJodHRwOi8vd3d3LnczLm9yZy8yMDAwL3N2ZyIgdmlld0JveD0iMCAwIDcyLjI3IDE2Ljk4Ij4KICA8ZGVmcz4KICAgIDxzdHlsZT4KICAgICAgLmNscy0xIHsKICAgICAgICBzdHJva2Utd2lkdGg6IC41OXB4OwogICAgICB9CgogICAgICAuY2xzLTEsIC5jbHMtMiwgLmNscy0zLCAuY2xzLTQgewogICAgICAgIGZpbGw6IG5vbmU7CiAgICAgICAgc3Ryb2tlLW1pdGVybGltaXQ6IDMuODY7CiAgICAgIH0KCiAgICAgIC5jbHMtMSwgLmNscy0zLCAuY2xzLTQgewogICAgICAgIHN0cm9rZTogI2E3YTlhYjsKICAgICAgfQoKICAgICAgLmNscy01IHsKICAgICAgICBmaWxsOiAjYTdhOWFiOwogICAgICB9CgogICAgICAuY2xzLTIgewogICAgICAgIHN0cm9rZTogI2ZmZjsKICAgICAgfQoKICAgICAgLmNscy0zIHsKICAgICAgICBzdHJva2Utd2lkdGg6IDIuMDZweDsKICAgICAgfQoKICAgICAgLmNscy00IHsKICAgICAgICBzdHJva2Utd2lkdGg6IC4ycHg7CiAgICAgIH0KICAgIDwvc3R5bGU+CiAgPC9kZWZzPgogIDxnIGlkPSJrYXRtYW5fMSIgZGF0YS1uYW1lPSJrYXRtYW4gMSI+CiAgICA8Zz4KICAgICAgPHBhdGggY2xhc3M9ImNscy0zIiBkPSJNMTEuMzQsMTEuNTdjLS45NCwxLjcxLTIuNzEsMi42Ni00LjgsMi42Ni0zLjA1LDAtNS41MS0yLjQ3LTUuNTEtNS41MlMzLjUsMy4xOSw2LjU1LDMuMTljMS45NCwwLDMuNjUsMSw0LjYzLDIuNTIiLz4KICAgICAgPGNpcmNsZSBjbGFzcz0iY2xzLTUiIGN4PSI2LjU1IiBjeT0iOC42NiIgcj0iMi40Ii8+CiAgICAgIDxjaXJjbGUgY2xhc3M9ImNscy0yIiBjeD0iNi41NSIgY3k9IjguNjYiIHI9IjIuNCIvPgogICAgICA8bGluZSBjbGFzcz0iY2xzLTMiIHgxPSI2OC4zNCIgeTE9IjExLjc2IiB4Mj0iOS45MiIgeTI9IjExLjc2Ii8+CiAgICAgIDxsaW5lIGNsYXNzPSJjbHMtMyIgeDE9IjY4Ljc4IiB5MT0iNS41MSIgeDI9IjkuNzMiIHkyPSI1LjUxIi8+CiAgICAgIDxsaW5lIGNsYXNzPSJjbHMtMyIgeDE9IjU0LjA3IiB5MT0iOC43NSIgeDI9IjguNjQiIHkyPSI4Ljc1Ii8+CiAgICAgIDxwYXRoIGNsYXNzPSJjbHMtMyIgZD0iTTY4LjE1LDUuNTVjMS43MSwwLDMuMDksMS4zOSwzLjA5LDMuMDlzLTEuOTIsMy4wNi0zLjYyLDMuMDYiLz4KICAgICAgPHBhdGggY2xhc3M9ImNscy01IiBkPSJNNTMuOTEsOC43NWMwLS4xNC4xMi0uMjYuMjYtLjI2cy4yNy4xMi4yNy4yNi0uMTIuMjctLjI3LjI3LS4yNi0uMTItLjI2LS4yN1oiLz4KICAgICAgPHBhdGggY2xhc3M9ImNscy0zIiBkPSJNNTMuOTEsOC43NWMwLS4xNC4xMi0uMjYuMjYtLjI2cy4yNy4xMi4yNy4yNi0uMTIuMjctLjI3LjI3LS4yNi0uMTItLjI2LS4yN1oiLz4KICAgICAgPGxpbmUgY2xhc3M9ImNscy0xIiB4MT0iMzYuNDMiIHkxPSIxNi45OCIgeDI9IjM2LjQzIiB5Mj0iMTQuMjQiLz4KICAgICAgPGxpbmUgY2xhc3M9ImNscy0xIiB4MT0iMjguMDUiIHkxPSIxNi45OCIgeDI9IjI4LjA1IiB5Mj0iMTQuMjQiLz4KICAgICAgPGxpbmUgY2xhc3M9ImNscy0xIiB4MT0iMTkuNTkiIHkxPSIxNi45OCIgeDI9IjE5LjU5IiB5Mj0iMTQuMjQiLz4KICAgICAgPGxpbmUgY2xhc3M9ImNscy0xIiB4MT0iNDEuNTciIHkxPSIyLjc0IiB4Mj0iNDEuNTciLz4KICAgICAgPGxpbmUgY2xhc3M9ImNscy0xIiB4MT0iMzMuMjgiIHkxPSIyLjc0IiB4Mj0iMzMuMjgiLz4KICAgICAgPGxpbmUgY2xhc3M9ImNscy0xIiB4MT0iMjQuOTkiIHkxPSIyLjc0IiB4Mj0iMjQuOTkiLz4KICAgICAgPGxpbmUgY2xhc3M9ImNscy0xIiB4MT0iMTYuMDgiIHkxPSIyLjc0IiB4Mj0iMTYuMDgiLz4KICAgICAgPGxpbmUgY2xhc3M9ImNscy0xIiB4MT0iNDQuNjMiIHkxPSIxNi45OCIgeDI9IjQ0LjYzIiB5Mj0iMTQuMjQiLz4KICAgICAgPGxpbmUgY2xhc3M9ImNscy0xIiB4MT0iNDkuNDkiIHkxPSIyLjc0IiB4Mj0iNDkuNDkiLz4KICAgICAgPGxpbmUgY2xhc3M9ImNscy00IiB4MT0iNDAuODgiIHkxPSIxNi45OCIgeDI9IjQwLjg4IiB5Mj0iMTQuMjQiLz4KICAgICAgPGxpbmUgY2xhc3M9ImNscy00IiB4MT0iMzIuMzMiIHkxPSIxNi45OCIgeDI9IjMyLjMzIiB5Mj0iMTQuMjQiLz4KICAgICAgPGxpbmUgY2xhc3M9ImNscy00IiB4MT0iMjMuNzkiIHkxPSIxNi45OCIgeDI9IjIzLjc5IiB5Mj0iMTQuMjQiLz4KICAgICAgPGxpbmUgY2xhc3M9ImNscy00IiB4MT0iMjAuNTkiIHkxPSIyLjc0IiB4Mj0iMjAuNTkiLz4KICAgICAgPGxpbmUgY2xhc3M9ImNscy00IiB4MT0iMjkuMTMiIHkxPSIyLjc0IiB4Mj0iMjkuMTMiLz4KICAgICAgPGxpbmUgY2xhc3M9ImNscy00IiB4MT0iMzcuMTYiIHkxPSIyLjc0IiB4Mj0iMzcuMTYiLz4KICAgICAgPGxpbmUgY2xhc3M9ImNscy00IiB4MT0iNDUuNzEiIHkxPSIyLjc0IiB4Mj0iNDUuNzEiLz4KICAgIDwvZz4KICA8L2c+Cjwvc3ZnPg==\" alt=\"S\u0131cakl\u0131k\" width=\"100\" title=\"\"><\/div>\n<div class=\"temp-values\">\n<div>-40\u00b0C \/ +80\u00b0C<\/div>\n<div>-40\u00b0F \/ +176\u00b0F<\/div>\n<\/div>\n<\/div>\n<div class=\"marking-section\">\n<div class=\"detail-row\">\n<div class=\"detail-label\">Image de marque<\/div>\n<div class=\"detail-value\">: Ruban de transfert ou gaufrage<\/div>\n<\/div>\n<p><img decoding=\"async\" class=\"marking-image\" src=\"data:image\/png;base64,iVBORw0KGgoAAAANSUhEUgAABgQAAAAxCAYAAAAV88IjAAAACXBIWXMAACE3AAAhNwEzWJ96AAAgAElEQVR4nO2dbWxbWXqY32wXmFx6J1iTFpKYbOWFSAMS9DHZpTn8UVCrRQFZMoqqkfLDi8otjInHqIuO1zHaerJu0tE0Rguvd7KIUM8kMAJrEf+oudGfsaR+jFZECmgoTjqyBAkwacRCRacFLc62u+bN7G4W\/UG+h+de3nO\/vyi9DzAYS9S9PPec8557zvv5S\/CDz04BwCkgCIIgCIIgCIIgCIIgCIIgCOKw8ukXAeCfAcDvBdwQgiAIgiAIgiAIgiAIgiAIgiC8Y+wLQbeAIAiCIAiCIAiCIAiCIAiCIAjvIYMAQRAEQRAEQRAEQRAEQRAEQRwByCBAEARBEARBEARBEARBEARBEEeAL4o+eE3agu+efNvPthAEQRAEQRAEQRAEQRAEQRAE4RFCg8CX\/87\/ha9\/6S\/8bAtBEARBEARBEARBEARBEARBEB5BKYMIgiAIgiAIgiAIgiAIgiAI4ghABgGCIAiCIAiCIAiCIAiCIAiCOAIIUwY5Rf7FBFT3EraulV59BeJ\/d9vlFgGA\/MPm\/7\/wZYBXXmv\/\/mfPAH7+zP3v85nKbgqe7pwOuhkEQYSYwfQmxHv3g24GQRAEQRAEQRAEQRAEEQCeGARWlj+A5fs\/c3iXflfagiS\/Gocr13\/Y\/OGV1+Bb\/\/i32GdX\/v2nkPzKH7v6fUHw4O4s1GuxoJtBEERIkSIy5CY+CroZBEEQBEEQBEEQBEEQREC4nzJI+roLxgDCKiv5c2QMIAhCl\/HpD0GKyEE3gyAIgiAIgiAIgiAIgggIqiFwCJAbEqwtjQXdDIIgQky05wBGJ1aDbgZBEARBEARBEARBEAQRIJ7VEEDifV+EqYslr7\/GEOnV3aCb4BmL92dAbkhBN+PQk8mtw\/nLC1CvxWDurXeCbg5BWOL85YWgm0AQBEEQBEEQoURuSLBVGoFMbj3opoSWei0Gld0U9RFB+ECxkIWNQjboZhgS792HqdmHmp8tLszYri3rJ2dy65rrWre33wjPDQJTF0uHIj9\/WKnuJaDYBYvEYaBvoAwAAFul4YBbQhDWSA6UIdlfDroZBEEQBEEQBBFKFu\/PQLGQhWjPAe2bNZAbEty7cwnqtRgMpTcpDSlBeMxntRhUdlJBN8MR1b1EVzyDaM3v9vYb4blBwA2K\/\/MufPbX\/8\/RPY7\/+q9A5jcuu9Si8LC4MGPp76M9B5DJfQwAAMv5Sc2\/iffuw1D6MQAAVHZTTAD4a43grwMAODv9CACaynQjC5teGzO5dYj21DvurwV+p5n2mWEovQkAAE9329eNTqyyzZCoPzO5dTgz2rbWVZ8lYCV\/zlRUBz6DXnuxT+q1qMI4ZGas+evV34FKZLMpqbTuYzRe2EbR5\/xc1HsGPfTmAQBAsfC6Zv0NK0p00T3Cwvk37UcHVHZT8HTnNPQNPDHdH5XdFGysZaH+otknehZr0f3x91oMpjch3rtv8UnsIzckKK5lYfuTkXYbvrYJQ+nHEO05EF5Xr8WgsDzG1rx47z7kzq4KrykWsvBZLQZncuu69wUAWFsag79pRHTHpV6LMa+S3MRHIEVkxe\/0UN93JX8OAJp1KESo24\/XmEHvvjxm2qHVFi38nHtuyASP6Pn02s7DX2dFxrdKI\/B8L9HxtzivjvccCJ9LLQ\/J\/jKbl0aYbaOZdhiBfavmlyMNXZn3UrZ4tPrCz\/XA6BqtNuAz6rUP\/0YkY0b9JBp7N+TJrmzguIieaW1pDKRjsuZcxe+2M5eNxki0LtpZP0T3sNPf6r\/ZLg2D3IiAFGnAYPqxqX7grwNovnfP5NY1+18k62q05pzckKCw9A0AAM11DD8X9QN+t9Hc0nuPWtmXaVHdS8B2qbmv0XvGSuvcI0UakJtYNfWden1rtJYGRb0WY+eoei0G0HpOfqzN7M9wzER\/qzemZuTd6ZywIyP8s9RrMdYnZt9bBEF0B6h7MaOzCytD6U2I91ZhbWmsK7Oo+N3+rjAIbPz3X4PKX\/6to3skv\/prkPkNlxoUErZKI5aV2tGeOnt5ixSsUxceaiqC+WsNyZ9TtA2vO95zAA\/uzupeOpR+LGzjmdH15kZHdX8t9No6Ds2N8IO7s6YWu3jvPtvsb5VGQIrIMHXhoWLTptWf5y8vdGzskv1lyIyuw+0bNwyVyOwZdJ4X+6Sym1IZBIzHmr9e\/R3J\/jK7fqs0bNjWqQsPm33E3Wcw\/RiG0pvQt5uCys7VjmtwrI8XsprPh5\/XazHbBgGjOTs+\/SE8uDvbEWnDP78Rld1UaA0CoxNiBbQZCktjsFUageRuCpLffs\/w74uFbIeMV3ZSUFgagys33+s4ND\/dOQ3L+Uk4C0rLNv5ei+X8JCQHynDx2vueeydV9xIwP3e144Vc2UnBSv4cjE9\/qFmbQeu6yk4KimvZjrUD2WjJQd\/AE8Mxe7qbgq3SCAztxYWHv63SMCznJ0GKyGwu119ETcmSejzwGr3Dqrr9VmTWjKxV9xLsnkaHXmxLvRYVpsvya+65JRNaz6eeK3pt5+Gvw2vipWG4fuuW7nWLC9NQr8U62obzKjlQ1pwfInlYa\/WBkZHF7Dpk1A4zbAjeRwBNJ4zRiVXNsGinsmX2faM1P\/xcDwyvyU+yFIsIOiyIxm+rNMLueUYwbkb9JBp7N+TJrmxsf9Lep2vN8cWFGZAi2gaB7dIIrC2NwVB607pBwGCMlvOTmvtTO+uHGif9jWjtybZKI7BRyArXXrkhwfzc1Y49Pa4zoxOrMD79oeJaPVnn0ZpzUkTWfR\/h+0okk4WlpnF0KtLQfZdZlTWzqN9L6mcU9edWaURz7qgx6tuV\/Dk4f3mBOVuFgZVWX\/NriPrdZbQ\/w7WMX2fV6I2pmXeX3TnhREbwufH8++DuLKwtjZk26hME0R3guSQ38RG8\/cbtoJtjmXjvPly89gEAAJzs3Yd7dy4F3CJrBNF+KircxSwuTLt+z1HO8+PB3VnXrVJmNn65s\/4UPo337sOVm++ZUpail\/pWy5PGzGY4o+MBKkVkmJrNW2xxcODzi8jk1jU3hM9bm87oibrmdSdbB2SRMgg\/99pCff7yAiQHDl9osN6BxCyVlrdgZSdluB5slUaEBj80wLlFZScF9+686dr9RNy7c0n43HJDgsWFGbYuIPVaTNOIwK65P+PYgNTXWqcrOt6cKH\/JgSeOvotnxYSyyCt45cK2qs9FFAtZ1411VuaenzLhlOpeQrevjD4XYSQPejKGWFmHvGZtacxS9IsfBLUeiCgWsop1EaMkm0a6zjm03UrFOJTeDJ3XMIB92cD9dHUvrnkNQFMGtK5tR5ZVbbXZiAd3Z5nnd5hYXJgRpkJFQ7zmdff1c\/x6Ibe4b6w+6\/xe\/J2oTWx8TzmLdiwWspafy8y7p7D0DWHb3ahdJzckT86ZdpEbEpt3\/L5Z9O4SgWtZZtSeQdoNRHPCLRnJtKIFMHqWIIjDg\/wyovh\/t8Gv12F5v1ghiPZ7HiHg9oNIr74C8dQJy9fFT4fTe9cuK\/lzris5oj0HbBNUaXmbiZh\/t9Pbm6dei2r+XorIMJTeFN473rvv+mFQXQiED3ltKkwfGW6MB1XpgqRjDQBozm+RZ8RgS4nOe2RIEZl5xGDuxW5YrM7k1nXTBg0KDAZ4CBaNKR6WRQYB\/P1zFwwCWgVh+AI4U7MP4faNGx3XVfcShqm5tA6DYUDt6WOVym5K5dF7Wteoh0ZKPoKmXovBvTuXoLqXaEY17aYshbirU27JLyOwkp9k+fyKhaxnhc14ZfLZ6UcKT6hiIQuL92cgfmq\/o09W8pOs3\/A6gOYBe7n12UrLQ9MuqIhAZZIo\/QNAW1nIE+\/dh6kL2sWfAMRGPAypN9PnV24qPYE31rLs2jM2Dst8yiYr0XF2+9qNueeFTNhpuxrRmrtVGtaMeAEA20XNRPKAuZrrtZhu6gGr65BbTM0+VCjr6rUYU4Qt5yeF6SDsypYTglgPtK6RX0aYkm8lP8nGKdlfhmjPAdRrsY45xivizphMSxkEdmTjOJdiQw2\/H6nuJTrGDPcVfQ4MOFpjxM\/jwtKY5tpjd\/1wSr0WY3tNbDtGwKIyc21prCP1Hp\/qZSi9CVOzeUVKNDTCi9YYtaybJXriAABS8NmLzvHFfSumV+H3YvzYm1371e9T\/n20tjRmyfkD19N4775QQVwsvA4Azf48f3kBpIgMld0UU5CbLbx75eZ7munlcC9UXMsK5cpP8Fyqrh2AYycdaxieu5VrmfU9EgBY2rNbmRNOZURNJvcxLOcnYaMQjvEjCMId5t99C5L9ZajuJeDitQ8g2sru0S3pg+q1GNy+cQPivftQfxGD67duQb0WC5UBWo8g2u+5QeDB94bh+T\/6j5auOfmVn8BQ\/zuan8VTJ+DK9Sk3mta1mM3pbpWp2TxTUBspyJ0U1hhMPxYaBMxsoKyiVQhkqzQCF699wEKxV\/KTwo2eFJHZ4YcvKIyh3qLNEx6EV\/LnFJ5giwvT7LP4qf2uKFKChhqtPkIjjxaKQ89AWfGsUkRWHOjUnwOAYrPqFK15UNlJsTEUPaPckLpijNREew4cb9IxlzCuC9ulYd2xxr7jU+JEew7gys33WIqsjbWsJeVntKfe8ffJgSfsftulYc8MArzXqlrOM7l1llpNDa5vGH6N8Cm8ioWsI4MApjGTGxJUdlOQUSmT6rUYGw+t6BfpmGxbCV1YGjPV5+r743zSGlMzoBxKEZnNNzMG5GIh205pZgGnc88rmbDbdjPoHe75958VUB4yuXWFPJy\/vMAUS8XC68J3qZV1yE3ip\/aVfdhfhnjvPjMcixTETmTLLkGsB6Jr5AsSOzzyilBUIBWWxxT9hvNDby8RBuzIRlwnypF3dHi+l1A8u9yQFEpbu2iOERcFLNqL210\/nIL9KEVkpogAaL5Lrtx8D+b+5RzIDQk2ClnFeoHXRXsOmPIawWvRKUeLDlk3iV4Uq9rgo1aKA1gbW632xXv3Ye6td5jcW3kGVPSLUkJgG8enH7F+S\/aXmVOXmdoLWqDzGdYOe7qbCoVCub3fUzo4xXv34fzlBVhcMI7s5I0KZsbWqYxZmRNOZUTNmdw6LLeMD3rOcQRBdBf1WgyKtRgkB8psX5KbWA1VRLMR1b0EVPcScHb6EcR79yHeuw\/b6WFh9GHY8Lv9nqcMkn\/8OSx\/\/5il\/+7N\/SrUf\/KbXjeta3EjVFMNeqwDeBN9wCNKL9Nsh35qGjfhUy7pbdywX\/gD9b3vvGnaKKM+KIQ117wRolROegd49IwC6OxjtTeW+nNeaeGlBz56QQE0D8GHBSfKZgQPEHzkkAhl8XGlkhQjcYzuYRb+fnqRTE7BgmuiCBitQx\/vzawlM7zR02lfYOoPrQgaXHd4g6ZbVPcSvqeawHFODpTZc1tpAxYEdIqVueenTLiFKPWJ3XRBqCwAAPa8PJg6j3+\/qrGyDnlNvHefjSUfsRIGgloP1PB7An7\/g2tfvRZT\/B6964NMsWEGO7LB97V6L6hUGMc1P5MisieKNn6MwrT+oExppY7iDUbqNv9N612Nkb9qpIg3Rjrcx2qmDOLHV\/U5S6fpMCKa34OYKQaNYI5i0dzi+7dj795KYeV4\/8IK9oYjLQWmWxtUnWnM1LhBREYFPxHNCbdlhP8evVR1BEF0J\/ValO3ft0vDXWn0w70VGki77Rn8ar\/7EQI\/ewbRX38V6n\/9Y0e3qddiEP1S5+\/ln3wOlb\/6bcv3k159BeIn\/shRm8IAH\/LnFnw++8puypPoAzVD6c2O5\/A7dywfxhvvrQqVO30DSu8KAPdSYSX7O73iw8pQ+rFm6pycgWcPekYdP6Ec2\/ZhoDkGff1lxdzDjSbvKecF\/EG+m8ZDj+RA2fHhV25I7EA7OrHKDIUir2w8bIgOTkPpTYjedE++1d52Xq4dVl7AmHNRHQGD4CGKKZEcjFNff1lYXB7Tm7mdLzyTW2f5ac0UmXYL9jz9ZfjlSAO2SiPwdCdlqpZLsZB1tfid2bnnt0y4hZbnu910Qbh268kDpj3AVHzq662sQ37QN1BupTrSTo0YFEGsB1qIZCzac8C8izcKWYjPPoR6Lcba61f9KCfYkQ1+vefXAn6cOowFz9zJLy8irIdi+WVzvTgpWDMH0491ZU865u9zqfep2K9qZbnaSIeHfDfqQ9h55rCOP1KvxWAlP9l0sHgZgeTAE5bqVQ2msL3y7fdae5NmnaNM7mPT6W945yX1d5jtK4x2A7AW7c6\/I91Cb064KSO4tqkjnAiC6H7qtRiLIBtKb8If\/Ml1kBsSi27uBrZKI\/Ctb84DQDM14OjEKlT3EpoposOIX+13P0Lg58\/g4r\/6LzD0949D8qtx0\/\/FT5urC1B98gLmf\/c1y\/8t\/uk\/cP1Rg+DB++6H64xPf8iKA3kdDoSHHi2PW\/ydnznKzHwXbg6fhsiLyk+qnCeTWrHF\/07Ul+ihoj7YnlR5lqjvjQYEP+dD2BQ8dsG6CE7gPbIB2h6FotQIeAAWHXDR+8gtLz1F\/uAX3o7btoVUKXjw11Pk4IHMbsg9wgoacl7YCMqNVr5wJzCv9p2Ur56lOO\/6Bp50FHnX48xou\/idW1ECZuee3zLhFHwuLQXnFpc+ywqi9Z8H+0BLIWJ1HfID7KewHYiCWA+00OuXQSa7w4r\/e1E\/yk2cyIZWLaR2weBmKDivkAQAlpM+LGuDXxgV2kWjoVE0kV\/whk6tiAA0WIsihZ3Uh+h2cL+t3vujsgPry6CifX7uquY7v7KTYjV9HtydZQZjTGdjqi2t97hWOjWzWE0XBNBMPfv2G7fh7Tduw9xb7\/iyp3JTRtg57oiejwniqIDnGD+iTL0C9xWYYrPb8LL9nqQMiv\/q9+HiP\/8mXLk+Zfq\/6\/\/hP3nRlEMF5lt0k+RAmXk7bZVGPD\/gbnAFjdSHPzxM2fVE9AL+kOplapIww3u9qKMBeMWcyIsfPaHUB1t8oRSWx0BuSBDtOVAscLjwWQmDtgN\/iK9rFIbrNjK5dVde1k932h7ZAO1ImaNkGMN+RI\/4sBUj4jcF6oMvvivc9jDl09+s5M+5em8RivznreKkqOQ3c+BHI8ba0ljoxjBMDHFGeX4vwNdrcMOj1Qq0DpkniPVAC34Pp37vY8rIZnHhESgsN6MCjSINg8aJbGAqQl5ppjYI8L\/j\/33cIyMJ\/11eFLn2G1RMYsF2P411OL78XhWNP30DzfeVKF2UG32Pxgev5ooXVHZT7FyhTtHDGzSbKQLbxmI9p7XF+zMKZVVyoGx6L+zGOcNOuiA+Krpei8G977zpytzVmhNeyIgf7xOCIJTgOQzXRUxliT8PpTeZcVOKyAq9AP6Mui28F\/7Mp8UEAFZHYKs0zNbt6l5CcY0d1N\/Dpy43aqOV5wdo60U21rIsE4p0rKGbwvywt1+N50WFCffwwnuf9yQeSm\/CYsRcfYKzGrmAkWLhdeFGgz88DaUfs80Qf0gMUxVzFMhu937QGy8zBxIs4jiU3oQH0J6HGOK\/XRqGM4L8v4qDZ6toLyr0AJqKCkwrxBdZRkWCOreum\/B5vEXFg6Mn6rr9t9wKTw4DUkSGqQvOowMA2nMePdhwPI5SrtDc2VW2Ri3nJ2E5PwnJgTIMfm0ThtKPQ+HRmhx40kqfc7o9Rtx6JfIwrdeiQoV+38ATXc\/U3MQqFAtZJrtee4tUWLqTdpuS\/WUottKNGH1\/JrfOau8U18SFQcNGZTcFIBgjo2gmvWvPCDbymKN7qzSiSI3SNuT7nxe5G9chJ7LlFD\/XA61r6rUoSwcp8pjPjK7D2tIYrOQnoV6L+VZM2Ik8OZGNvoEnAPlJxXegwphPjaMYMzTgeLS2YvpHfi\/GY2f9sHIPt6Mx0ckIDU1bpRGI9+5DcqAMZ0w4SWysZYVKYaO0M5hqkn8mrQgQLPCK8ihKo2YF3lEhrNEki\/dnFGlq6rUoOyNmcutCoyHvkIVRA3rFkzH9nBSRbZ8j7fYhzjuAdrqglfw5tme8opNeMTlQBvmlxAwhK\/lJRzXARHPCqYzo4WWdN4IglFy\/dQukiAy5vVW4d+cSXL91CwAA+gpleL6XYLq92zduQG5ilSmu5956B6Zm8zCU3gS5IcHbb9yGK9\/+Q7Yu8Pc62bsP25+MsLVrcWEG5uea6dkuXvtAcQ+rxHv3Fd\/zfC\/B1rwHd2dhMP1Y2Ma5t95hzz9YegyLC9PC57935xLEe6vsHX77xg0otp7hD\/7kOrvHvTuXjlT7teg6g0D89AmY+qf\/zfJ10qu7HrTGP9aWxlz3eMHK1QgeeMzUKNDbIFd2U7ptLSyPwdTsQziTW2fKNnUYeVhAz5XtLo8OMJtHU0SxkIWpCw8Vh2J19ITIIKCs1bCvyKOLm3Y8COPBij8kuWUgmpp92GHs4j0qRelEoj0Huv0XJoPA6MSqK9ZiNNzxRcZQccAfbA870Z4DOH95QWGMxfD0xYUZyOTWmVwEBcsbvpuC8dbvULGhF\/6OIfVanAX9gzEeIis7KSgsjblSwFoP9Lwb\/FpbaYh53Lc\/GTGl4B+dWIXl\/CQUlse6xyCwYz8qUO\/avoEnQkXUYPoxy\/Hejh5s9v+Z3Lqv78JuXYecyJZT\/FwP9K7hje1qcO+H7\/ah9KYva6gTeQKwLxtxzjMX0UqNg84P\/N85NQhUnyVYjnVEqZD9WPM6u+uH2Xt4wcVrH8D83FW2z6vuJaC6l4C1pTFIDpRhavahsD\/1zj1G+2fmef1CY3x791mNsuqzpuML9r1V72r1OKISGaAp22FwUNBCtIfP5NaFewe1gZDfc\/CGM57x6UcKj0s\/wXXASroggHZOaIC2AaFYyJreU1mdE05kRAu+hgZBEP4iReSOvRP\/s3RM+bkUkVnaPfw9+1lVw0s6JkP0hPY7hb+HFJEdyb90TO6oa2LURv736udT3CciCyPn8G+dvje7vf1I1xkEpC+9Asmv\/HHQzfCVpseA+6kZchMfAUDT6pc7u9pSfD5yvWixmq3SMNt0RHsOQH4ZUaQL8rsomAheCXEYCs06Zas0ApncOjsUoxeMXroghEUAtA5GGFqP\/YoHYfSk4zeZbhnC9Da5uCHuZowMF1ZgURqq\/Lbolb1dGgmlIs4LMMwPQ\/X4+VgsZKH+Iqbr\/eU1qFRQFqjUTtPlJuPTH0Jl5yoUC1kYn37kqTKioqHQ5NdmvpijiNzER8ywXixkDYsRH1UwmgKV8bgGo6LDT4MArUPWCWo94EFDquidi17TqLgSOROEDbuywR+amZe4KhISoK04xXzmbig1RZGPeH88BxwG0GuvsDzGoteQyk4K5ueuws3v3XTd+MRHuwJ0RrThvhajQrB2kNXxFY2jFJFdqRvlFfHe\/Y5zHeb8BwDTym9ebkTfExQYKWS2MPqVm809Iy\/\/Z3LrzMBqNvLS6pxwW0a6MQ83QXQ79+68Ccn+MmyVhqG6l4AHd2ch2lNX6DHw3V99loDnEwmo7sWhupeAxfszMJR+zPaF83NXYSj9WPNeckNia\/dWaRjOTj8CuSEp7mHHGCBqM0DzXF3dS2i2Ed+t6DmPbcafte61VRqBz2oxFsF3dvoRVPfiinv41X78rqDbr0XXGQSOIl7lrpYicjsXVURmxYUzuXVDo4DaK4HHKHQQ0wLFe\/chd3aVbZLx906KOrkJKiHClsbIDnrjZdYjZLs0DJncOjsUY4i8mYKr6NGDnlSY\/gHHXl1YGA0GWv2eya3rKhDwwG6Gei0GG4Wsbm7x6l6ChdeHmanZvGv3wvzc6gKU6JXdTQYyvfGL9+6bOkjzhV+b4dbDUFhuKpcrO82cin6kvBC1DcF1FeVJr2BhvHdfmF7KTBqxZH+Zeew5DXHXA8Po1YWsFJ7iO6cN+1+KyCxKYCU\/2RUGAb21zmid07vWaL3HSMGt0jArbhpEuqBuXYecypYT\/FwP1NdgQc+h9GND40NuYrV1oDrwzVDhRJ4Qu7KB6RDrtRhUNbyY0UAiN6R2IW4NOdXby5k1TEsRGTKj6zA+\/aFQoedk\/TBzDyv7NCtEew7YOx3rX2201gp0rtJ650\/NPrSdD53vj3otxs5A7f2sMiIWlRonXVBgD6U3YWo2H9roAACAqQsPO2RcbkiscHDfQLnjfVzZTcHGWlYRdWGUZiqoPuDPiGbfk6KUR4iTM7\/RnLArIwRBhAN19J1aZ8dHbsoNSfEzRgWJflbfC5XUfDTT\/LtXHWdHEH2PmTZiyjPRz2rDCLb1+q1b7H38rW\/OO6oN2u3tV2PbIFD\/yW+6m8Lmi6dM\/Zn8k8+h8le\/bfn20quvQPzEH2l+Vv1fgwBg\/Z4ALaXEl35g61oz1GsxzzyX5YbEUmGsLY1BbuIjFuZtZBBwehDHNBND6cfMAIDF5cICpjHq9voBAPrjZXbjiUWn0fsPi3qaiShBK6n6gIR9y3vaRXsO2EFJK6drtKeuq0AQRZjMv3vV1rzV87ALC1j0xy34l4zW\/OeVtGHH7fGL9hzA6MQqZEbX4faNG1CvxeDpbiowgwAAMMU8PqeZnMLSMdmxIk4dJeAF6HUb7TnomIvRnrql\/ldHCYQdvbXOKJLOaJ3UYzD9GIqFLGwUsmwunQnAgNKt65AbsuUEv9YD9TWZ3MfNlBdrWUOFUru4mn8FbZ3IE2JXNtC7+TPu3MQ7v6BBoBl9EGXtVWP1XWaUv1yEk\/XDzD38iATGwn6Z3Drcu3OpmUpLFC1xat\/R86LM1V9E2wWF+9tFHfnCwu3xtabA\/u6fXbHdvrAhRWTInV2FxYUZ5myEYOqcbgE9NPk0qn7hdE5YkREtut1ZjiAIc3zGGWfll92ZIgxTVndrijMv22\/bILBRyMLy94+52RZTVJ+8gPnffc3ydcmvxuHKdW2DwOLdLwKA9XsCAJz9Jy9hfNI7g8CD990vJIys5M8xo47ckKCw9A1LUQJO2CqNwHlYUGyegqgfoKdIwMOBGQ\/4MCC\/jHj+HVhMD5VvZq2TOCDMTzAAAA6YSURBVM8wtB7D59U5dfHztkeVdwWFDxNuevPwY6oXGYEppJBmrsFU175ordI8SDUVYPyhCPP9+blhQmXT090UU7T4EWnFRwl4ZdDF90J1L8EKWmn9jRkZ4KMECktjnnu9d6tMYE53nNfq6Awr2JUHu+sQEdx6gCkv0FHAq3ER1Y7wo7ClXdk4yTlBJFW\/4\/\/9dOc084rWi+g4rGDUl9v72dzEajOPv0cKzGYkTkoxfuoIEKx7gvveo57urJ3erO34Izck5gTXdBBqG8X42hdeYeddjemCgjCau4kdGcH+CjJdE0EQ3hDtOWAFcO\/duQTz715V1CnpBobSm3Dx2gcgNySYn7vaiu7XjzYLE361P5Qpg6RXX4Fo7GnQzQicyq63BbnUkQd8lEBuYtVTgwCGKaJiGXOy+gl\/kNMqNtvOC9rppe4WRgpvPPj+cqQh\/Bs0ajz3YYHmi+kBmDeW8C+PXOt6db8+30vAUHoT+vrbhbC0XjrL+cmu8h7ymkxu3dXN+FOTETFPd1JKg0Dr4CZas7ZKI3DvziUAcMfTjfcY1jtYJ\/vLvnrW6c1dBPvILYUP5iiu7iXYeuCXsoFFCaxlXfeOkxvmNp71WoxFGBmBUQLVvYRtL1Wzc89vmXATTI2C\/7YLLw9a3vxyQ4K337gNAM28ytifdtchPzBTpDdIgloPoj0HMJTeZCkovBoXkbKY92DzEjuygXJQr0WhAs25rVAYn2o7QeB6ofVeD9s64TYY9YX7QTVhlb3jJ7jx3UmxqAAE62cVWucuUqC24c9f+J7gFVGIl5EDx03s20TgNRuFLGx\/0jZko9Km+qyZtvIwpuHBtTgstf8IgnCPaE+dK9Re7UrdC6agbhZUlkOf8UGNX+0PnUEg+doxGP+t\/wHRXzk8ha7sgul8\/IKPEoj37jPPT6\/YLg0rign7TYbLbap+TjxsVHade3eilyjCb3Dlhr4XVL0WA+gvw1D6saaXZHKgzA4Wflg80XCD6YKs5C9D4waOudqAUdlNwTgAMzi4WVD4sCJFZGHeZ7ugLAylN9mLiKdei7JCN+ehnTf+JJcnV0s5i8Yjtw7yG2vNNcPLEG2MWhFFErHQ\/xP8wb990NfykuVlxq184nx9g0rrd355lyZbBjwvaq2g0RA9+7UoFl5ndR1Ef8MjRWSm0LP7fjM79\/yWCTfB1Cj4b7vw8qDlzc\/LA6+0trsO+UGx8DoAKOU+TAS5HgymH7O0E2aNdGbBPSm\/d+TBaCKvjR92ZKO9T2t7v\/OygW3mIw\/ClgrLD9DTvlh4HcanP+z4HMdYLXu4XxQp2vkoVS9Agw6uZ+p6BLyRzst2uIW6LgLfXtz3ODVqYESP1jznFVF+wBvs7CLa\/6gdG9ARAAv88n+HePHsXsgInuPC+i4kCMI6UkSG+Kl9qD5LwFZpBKRjjUCyeDgBz+5bpWHoG3gC8suIL1GkbuF3+20bBMan\/gzGp7\/sZluafP4pwC9+pPjVlZvW819qgu\/Xzz+F7\/65O7eEv\/0RwE9duhcH5jn2G34Tjp6f3n1XFqYuPGQT3k+G0pvsObUUWYOtw+a2g4IdWNDvzKgy\/RJviDBKo4C5NTFvP28kkiKywuPEzeIiehSWx2Bq9qHl76s+S0Cyv8w2uuqc0GrlXDeFpAXF6MSqqwcHXhbGpx9pHhwwHQQecvBvkgNPWCqoe3cuwZWb77G2FQtZJgNuhFWvLY1xHprepX1Bebt47YOOQ1J1L8HawKd+kCIyU1wt3p9RpMCq12KwuDANAO7nm2U5jANIRzA+\/cgTA3ZbYf5EUzkE0E4x8HQ3ZcogAACm6uSIsDL3\/JQJt8HUKPhvu+jJQ3UvAYv3m4Zu3lDgZB3yErkhweL9GSZjTgwlXhPUepDJrcPi\/Zmmg0lrr+AWg1\/bbCmLOwuRYkFjgPb+zSvsygaOidyQNI2AWEcAoFOhfFQYTG+y88+Du7OKYvUr+XOsf9Syt5I\/B8W1LFz8nfc1C9iutDwbvVon8DtF9Tr4PUDz504jZ5hAg5TckGCjkGXvX94R6LgDJXC9FoOV\/DkAaL4n1WidjbxMvacw2FmsSyMy6GOKI3VaMf79x6c\/Kyx9o+Nv3MQLGcEodz9rwRAE4R1SRIab37sJUkSGtaUxFsXcTfC1k+7duSRMNxtWgmi\/\/QiBn37qYjMMkH\/o7v1+8SP37+kizRfzuUC+G4stZnLrivzQaoyMNBtrWVMKF5zkXho\/pmYfKjaS0RN1hSIOFXSIFGkXynMSIbFdGmlGWvSX4fqtW7BdGoHjrfoMANqGCDV8IV8ck\/qLtncOr1zyK091cS3bLH5n0VLZERGg0be8Yicsltx4777hfF+8P+O7ASPacyBUktoFjTRYy0ELPNxU9xJQ2Umxv5MiMmRG11k6lts3bkCyv8wKJeJ9raaRKBZeVxiP+DyyzSLo7vYBwudSnXvrHUgOlDkvzjg7FONz8+TOrjLFz\/zc1XY6iGcJJqc5HeX14v0Z3RBsrSKRmDccwJzHefVZAubfFW8yzrQKzZkhk1uHlfyk6+s4jrue4rWvvwxrS2OWUruZrZPjdO55JRNmULddzdTsQ8ODv1vOGGp5QAUQb1Tmi1I7WYcQN+a3Wg55+dUr5G73u\/WuiffuW1KuB7keYASOmeLCVsiMrsNK\/hzIDQke3J2FwtIYSMdkhVzyBicvsSMbfLSoVht5g0DQ+eXdWD\/skOwvs34oFrIstRuftxhTUyF83vn5uasswlmKNOfGVmnE8L1r552rBiPlAJROAgDtwsL4uVbEDqbEOTv9yPG+Zv7dq1DZSSnSsFkF5Xg5Pwn1WhSiPXUoFl5nfWnWGUOrb\/n9P\/9+x6jJ6l4CVvLnWD\/VazEornkXSc6PT2XntCVDn2hu4HjGTynX7mjPATtb3\/vOm5AZXQf5pcT2I17sB9yQES1w33UU650QxGGEj4rvVscEpQG26pvDrFsE0f7QpQwigB14gvv+SbYhEUUJGG0wn5pUzvihRNU7tCwuzHQIWpLbgDppH1+TQeuQqjZEiOA9S5tFtjo9ldHL0g\/khmTLUML3pahfeYOAHzURzMAbiIR\/E0D+zKnZvOv33DaZciE50FRqbn8yovDKbq4XKZYipcgpiKWIDBevfWC5TZgfXo0UkeH85QXPwsqH0psKpXFlR7umC0Y5ia7VkpeMgXLNzrqDKQkAzCmTjOTYqhLB7SgBvq6Mbo2I1notNyRhsVEtzEQJuDH3vJAJM4jajpjZY7il8FPLg\/qde\/7yguK95nQdAnBnfovkMNpzAOffFKcpsvvdbqZoDHI9wBpU6lpRTsEUebjOqMcH5dIP7MiGVhFh0efHA04p48b6YZfzlxdgfu6qZg0ZrTUTx52fF1qyi041WrhxFsHCwfhvvc\/dShfoJePTj5iiWP2uHEpvmo5w1Otb9V6IV5Yv5yfZGuYHyf4yFGsxYUoyN8GzNa+oBwBWw89t3JARNZhS18wZiSCI7oA3xvqpW3KT4loWTracZtX1UruBINpv2yBQffEvQP7x5262pWtJpv4rwM+fuXKvei0W+OQ1GyXQrTQPvqehsDym+VzoraLnHWX2e+bnrsLUhYeKzRKmDTFr8avuJTTvA9CMDMDw\/LDDbz5F8+m5CaMBoe+d6oS2t4\/+5r7tla0cRykiw5Wb78Hi\/RnFATLacwAXr33gioIRc8CPTz\/yPA\/v+csLMJh+DCtc7l8k3ruvKZP8tdGeOqwtjTH5xFz4XkQ18O3QUjZ5jdtRAji3tIygPLyn+NOd06YPpmajBNTfZXXu+SET3YBIHqYuPOwwjjldh7yiOWc+Zob+MBPkeoDp0Oq1GGwUXnf1XZXJrYMUkWFxYVqx1iQHyp55rbsF722ntU7xn4f5ObwGozIXF2YUsq03xpncOsR792ElP9mxt472HEDu7KrplHL229305BO9s\/BzdcHhsBLtOYCLv\/O+Ih0XALiyh8G1VOs+F6+9D\/fuvNkx9vHefU\/Px1gbZKs0AlONTkcPN0n2l+H85QXF+Q1Tw3ol+27LCNZS8tp4QhCEv\/htjHUbjCLtVoJo\/y\/BDz77fQD4PfUHX\/\/SX8Bq3z8UXjh\/exEqfxnuHIh+8d0\/\/8+upSDCME8iOG7+4b+FaM8B3LtzybUwHSzQwoc9O7kPgLvehER3cf3WrdArDNC7T52iq1vhvRX5dF1mQOMieVEdbQ6bTNilspvqyKtMEFap7jVTOB11eTrM1GsxqL+IWh5jlnaM5oYroKxZ3fs4IYj35dxb70C9FnMlbZNZgnofOpERuSHB22\/cBoBmjS0yChCEdxQLWdiwWffMT\/RSWy4u+J9a2Q6i9Jjd3n4DxihlUIio7GqnpCD8gy\/0aSUntRF20+x4dR+ie0Evn7Bz2MKInTzPYeoHwj6HTSbsQn1AuEE3vAcJZxhFiImgNcZdgpC1IN6XmdzHsJyfVKR89Zqg5qqT78VUIup6HgRBuI9RmtluwM16UkHQ7e034gtBN4Bo083hLYcFLL6HuREJIkxgig2CIAiCIAiCINwBjQByQ4LC0jeCbk4o4WtKjE8\/Crg1BEEQhFNsRwhcufmem+3obj7\/1PEtqnsJiPbUIdoT\/kJTh5kzLQtsvRZjxgGCCAuDX9sMfe5qgiAIgiAIgugmpIgM49MfQmG5GSFAdCJFZMjk1qH+Itb1XssEQRCEgxoCBEEQBEEQBEEQBEEQh4F6LUa1JwygPiIIgjgUjFHKIIIgCIIgCIIgCIIgjjSk6DaG+oggCOJwQAYBgiAIgiAIgiAIgiAIgiAIgjgCkEGAIAiCIAiCIAiCIAiCIAiCII4AwqLCz3769+Df\/Z9\/42dbCIIgCIIgCIIgCIIgCIIgCILwCF2DwO\/\/73\/tZ1sIgiAIgiAIgiAIgiAIgiAIgvAIShlEEARBEARBEARBEARBEARBEEcAMggQBEEQBEEQBEEQBEEQBEEQxBGADAIEQRAEQRAEQRAEQRAEQRAEcQT4\/1Msb9taaZ5dAAAAAElFTkSuQmCC\" alt=\"Markalama G\u00f6rseli\" title=\"\"><\/p>\n<\/div>\n<div>\n<table style=\"width: 100%;\" cellspacing=\"0\" cellpadding=\"0\">\n<tbody>\n<tr>\n<td style=\"width: 120px; font-weight: bold;\">Norme<\/td>\n<td style=\"width: 400px; text-align: left;\">ISO 1307<\/td>\n<td style=\"width: 120px; font-weight: bold;\">Couleur<\/td>\n<td style=\"width: 400px;\">\n<div class=\"color-icons\"><img decoding=\"async\" src=\"data:image\/svg+xml;base64,PHN2ZyB2aWV3Qm94PSIwIDAgMTAwIDEwMCIgeG1sbnM9Imh0dHA6Ly93d3cudzMub3JnLzIwMDAvc3ZnIj4KICA8Y2lyY2xlIGN4PSI1MCIgY3k9IjUwIiByPSI0OSIgZmlsbD0iIzAwMDAwMCIgc3Ryb2tlPSJibGFjayIgc3Ryb2tlLXdpZHRoPSIwLjUiLz4KICA8Y2lyY2xlIGN4PSI1MCIgY3k9IjUwIiByPSIzOCIgZmlsbD0id2hpdGUiIHN0cm9rZT0iYmxhY2siIHN0cm9rZS13aWR0aD0iMC41Ii8+CiAgPGNpcmNsZSBjeD0iNTAiIGN5PSI1MCIgcj0iMzMiIGZpbGw9IiMwMDAwMDAiIHN0cm9rZT0iYmxhY2siIHN0cm9rZS13aWR0aD0iMC41Ii8+CiAgPGNpcmNsZSBjeD0iNTAiIGN5PSI1MCIgcj0iMjIiIGZpbGw9IndoaXRlIiBzdHJva2U9ImJsYWNrIiBzdHJva2Utd2lkdGg9IjAuNSIvPgo8L3N2Zz4=\" alt=\"\" title=\"\"><br \/>\n<img decoding=\"async\" src=\"data:image\/svg+xml;base64,PHN2ZyB2aWV3Qm94PSIwIDAgMTAwIDEwMCIgeG1sbnM9Imh0dHA6Ly93d3cudzMub3JnLzIwMDAvc3ZnIj4KICA8Y2lyY2xlIGN4PSI1MCIgY3k9IjUwIiByPSI0OSIgZmlsbD0iIzNGQTY0OCIgc3Ryb2tlPSJibGFjayIgc3Ryb2tlLXdpZHRoPSIwLjUiLz4KICA8Y2lyY2xlIGN4PSI1MCIgY3k9IjUwIiByPSIzOCIgZmlsbD0id2hpdGUiIHN0cm9rZT0iYmxhY2siIHN0cm9rZS13aWR0aD0iMC41Ii8+CiAgPGNpcmNsZSBjeD0iNTAiIGN5PSI1MCIgcj0iMzMiIGZpbGw9IiMwMDAwMDAiIHN0cm9rZT0iYmxhY2siIHN0cm9rZS13aWR0aD0iMC41Ii8+CiAgPGNpcmNsZSBjeD0iNTAiIGN5PSI1MCIgcj0iMjIiIGZpbGw9IndoaXRlIiBzdHJva2U9ImJsYWNrIiBzdHJva2Utd2lkdGg9IjAuNSIvPgo8L3N2Zz4=\" alt=\"\" title=\"\"><br \/>\n<img decoding=\"async\" src=\"data:image\/svg+xml;base64,PHN2ZyB2aWV3Qm94PSIwIDAgMTAwIDEwMCIgeG1sbnM9Imh0dHA6Ly93d3cudzMub3JnLzIwMDAvc3ZnIj4KICA8Y2lyY2xlIGN4PSI1MCIgY3k9IjUwIiByPSI0OSIgZmlsbD0iIzQ2QTZEOCIgc3Ryb2tlPSJibGFjayIgc3Ryb2tlLXdpZHRoPSIwLjUiLz4KICA8Y2lyY2xlIGN4PSI1MCIgY3k9IjUwIiByPSIzOCIgZmlsbD0id2hpdGUiIHN0cm9rZT0iYmxhY2siIHN0cm9rZS13aWR0aD0iMC41Ii8+CiAgPGNpcmNsZSBjeD0iNTAiIGN5PSI1MCIgcj0iMzMiIGZpbGw9IiMwMDAwMDAiIHN0cm9rZT0iYmxhY2siIHN0cm9rZS13aWR0aD0iMC41Ii8+CiAgPGNpcmNsZSBjeD0iNTAiIGN5PSI1MCIgcj0iMjIiIGZpbGw9IndoaXRlIiBzdHJva2U9ImJsYWNrIiBzdHJva2Utd2lkdGg9IjAuNSIvPgo8L3N2Zz4=\" alt=\"\" title=\"\"><\/div>\n<\/td>\n<\/tr>\n<\/tbody>\n<\/table>\n<\/div>\n<\/div>\n<\/div>","protected":false},"excerpt":{"rendered":"<p>&nbsp; \u00dcr\u00fcn Ad\u0131: KEMI D\/10 UHMW-PE \u00dcr\u00fcn Kodu: UHMWPED609 Asit-Solvent ve Kimyasal tahliyesi UHMW-PE Kullanim Alan\u0131 : T\u00fcm korozif kimyasallar\u0131n, \u00f6zellikle y\u00fcksek aromatik \u00e7\u00f6z\u00fcc\u00fclerin tahliyesi i\u00e7in kullan\u0131l\u0131r. (Sel Kimyasal Diren\u00e7 Tablosuna bak\u0131n\u0131z). Alt Katman : Yar\u0131 saydam, g\u0131da s\u0131n\u0131f\u0131 UHMW-PE astar, geni\u015f bir yelpazedeki a\u015f\u0131nd\u0131r\u0131c\u0131 kimyasallar ve \u00e7\u00f6z\u00fcc\u00fcler i\u00e7in uygundur. Takviye Katman\u0131 : Y\u00fcksek Mukavemetli [&#8230;]\n","protected":false},"featured_media":22447,"comment_status":"open","ping_status":"closed","template":"","meta":{"jetpack_post_was_ever_published":false},"product_brand":[],"product_cat":[2366],"product_tag":[],"class_list":{"0":"post-21665","1":"product","2":"type-product","3":"status-publish","4":"has-post-thumbnail","6":"product_cat-sel_kimyasal_hortumlar","8":"first","9":"instock","10":"taxable","11":"shipping-taxable","12":"product-type-simple"},"jetpack-related-posts":[],"jetpack_sharing_enabled":true,"jetpack_likes_enabled":true,"_links":{"self":[{"href":"https:\/\/tuzlahortum.com.tr\/fr\/wp-json\/wp\/v2\/product\/21665","targetHints":{"allow":["GET"]}}],"collection":[{"href":"https:\/\/tuzlahortum.com.tr\/fr\/wp-json\/wp\/v2\/product"}],"about":[{"href":"https:\/\/tuzlahortum.com.tr\/fr\/wp-json\/wp\/v2\/types\/product"}],"replies":[{"embeddable":true,"href":"https:\/\/tuzlahortum.com.tr\/fr\/wp-json\/wp\/v2\/comments?post=21665"}],"wp:featuredmedia":[{"embeddable":true,"href":"https:\/\/tuzlahortum.com.tr\/fr\/wp-json\/wp\/v2\/media\/22447"}],"wp:attachment":[{"href":"https:\/\/tuzlahortum.com.tr\/fr\/wp-json\/wp\/v2\/media?parent=21665"}],"wp:term":[{"taxonomy":"product_brand","embeddable":true,"href":"https:\/\/tuzlahortum.com.tr\/fr\/wp-json\/wp\/v2\/product_brand?post=21665"},{"taxonomy":"product_cat","embeddable":true,"href":"https:\/\/tuzlahortum.com.tr\/fr\/wp-json\/wp\/v2\/product_cat?post=21665"},{"taxonomy":"product_tag","embeddable":true,"href":"https:\/\/tuzlahortum.com.tr\/fr\/wp-json\/wp\/v2\/product_tag?post=21665"}],"curies":[{"name":"wp","href":"https:\/\/api.w.org\/{rel}","templated":true}]}}