{"id":21656,"date":"2025-08-11T11:22:36","date_gmt":"2025-08-11T08:22:36","guid":{"rendered":"https:\/\/tuzlahortum.com.tr\/urun\/kemi-sdfc-10-xlpe\/"},"modified":"2025-08-20T15:31:13","modified_gmt":"2025-08-20T12:31:13","slug":"kemi-sdfc-10-xlpe","status":"publish","type":"product","link":"https:\/\/tuzlahortum.com.tr\/fr\/produit\/kemi-sdfc-10-xlpe\/","title":{"rendered":"KEMI SDFC\/10 XLPE"},"content":{"rendered":"<p>&nbsp;<\/p>\n<div class=\"report-container\">\n<div class=\"report-header\">\n<div class=\"standard-text\">Nom du produit : KEMI SDFC\/10 XLPE<\/div>\n<div class=\"standard-text\">Code produit : XLPEFC68F<\/div>\n<\/div>\n<div class=\"product-image-container\">\n<div class=\"key-feature\">\u00c9metteur-r\u00e9cepteur pour solvants acides et produits chimiques XLPE-Glandes plates<\/div>\n<\/div>\n<div class=\"horizontal-line\"><\/div>\n<div class=\"product-details\">\n<div class=\"detail-row\">\n<div class=\"detail-label\">Domaine d&#039;utilisation<\/div>\n<div class=\"detail-value\">: Utilis\u00e9 pour l'aspiration et le refoulement d'une large gamme de produits chimiques, de produits p\u00e9troliers, d'huiles, de solvants hautement aromatiques, d'alcool, etc.<\/div>\n<\/div>\n<div class=\"detail-row\">\n<div class=\"detail-label\">Substrat<\/div>\n<div class=\"detail-value\">: XLPE transparent R\u00e9sistant aux produits chimiques, aux solvants, aux produits p\u00e9troliers et \u00e0 l'huile.<\/div>\n<\/div>\n<div class=\"detail-row\">\n<div class=\"detail-label\">Couche de renforcement<\/div>\n<div class=\"detail-value\">: Textiles synth\u00e9tiques \u00e0 haute r\u00e9sistance, spirale de fil d'acier et fil de cuivre antistatique.<\/div>\n<\/div>\n<div class=\"detail-row\">\n<div class=\"detail-label\">Couche sup\u00e9rieure<\/div>\n<div class=\"detail-value\">: Caoutchouc EPDM \u00e0 joint droit, r\u00e9sistant aux intemp\u00e9ries, \u00e0 l'ozone et \u00e0 l'abrasion.<\/div>\n<\/div>\n<\/div>\n<div class=\"datasheet_table\"><img decoding=\"async\" class=\"alignnone size-full\" src=\"https:\/\/tuzlahortum.com.tr\/wp-content\/uploads\/2025\/08\/datasheet323.svg\" alt=\"\" title=\"\"><\/div>\n<div class=\"table-notes\">Dans la commande : Les conditions de fonctionnement telles que les propri\u00e9t\u00e9s du fluide, la concentration et la temp\u00e9rature de fonctionnement doivent \u00eatre clairement sp\u00e9cifi\u00e9es. Diff\u00e9rents diam\u00e8tres, pressions, couleurs, types de gaines et doubles enroulements d'acier peuvent \u00eatre produits sur demande.<\/div>\n<div class=\"horizontal-line\"><\/div>\n<div class=\"footer\">\n<div class=\"standards-section\">\n<div class=\"standard-item\" style=\"margin-top: 9px;\"><\/div>\n<div class=\"standard-info\"><\/div>\n<\/div>\n<div class=\"temperature-section\">\n<div class=\"temp-icon\"><img decoding=\"async\" src=\"data:image\/svg+xml;base64,PD94bWwgdmVyc2lvbj0iMS4wIiBlbmNvZGluZz0iVVRGLTgiPz4KPHN2ZyBpZD0ia2F0bWFuXzIiIGRhdGEtbmFtZT0ia2F0bWFuIDIiIHhtbG5zPSJodHRwOi8vd3d3LnczLm9yZy8yMDAwL3N2ZyIgdmlld0JveD0iMCAwIDcyLjI3IDE2Ljk4Ij4KICA8ZGVmcz4KICAgIDxzdHlsZT4KICAgICAgLmNscy0xIHsKICAgICAgICBzdHJva2Utd2lkdGg6IC41OXB4OwogICAgICB9CgogICAgICAuY2xzLTEsIC5jbHMtMiwgLmNscy0zLCAuY2xzLTQgewogICAgICAgIGZpbGw6IG5vbmU7CiAgICAgICAgc3Ryb2tlLW1pdGVybGltaXQ6IDMuODY7CiAgICAgIH0KCiAgICAgIC5jbHMtMSwgLmNscy0zLCAuY2xzLTQgewogICAgICAgIHN0cm9rZTogI2E3YTlhYjsKICAgICAgfQoKICAgICAgLmNscy01IHsKICAgICAgICBmaWxsOiAjYTdhOWFiOwogICAgICB9CgogICAgICAuY2xzLTIgewogICAgICAgIHN0cm9rZTogI2ZmZjsKICAgICAgfQoKICAgICAgLmNscy0zIHsKICAgICAgICBzdHJva2Utd2lkdGg6IDIuMDZweDsKICAgICAgfQoKICAgICAgLmNscy00IHsKICAgICAgICBzdHJva2Utd2lkdGg6IC4ycHg7CiAgICAgIH0KICAgIDwvc3R5bGU+CiAgPC9kZWZzPgogIDxnIGlkPSJrYXRtYW5fMSIgZGF0YS1uYW1lPSJrYXRtYW4gMSI+CiAgICA8Zz4KICAgICAgPHBhdGggY2xhc3M9ImNscy0zIiBkPSJNMTEuMzQsMTEuNTdjLS45NCwxLjcxLTIuNzEsMi42Ni00LjgsMi42Ni0zLjA1LDAtNS41MS0yLjQ3LTUuNTEtNS41MlMzLjUsMy4xOSw2LjU1LDMuMTljMS45NCwwLDMuNjUsMSw0LjYzLDIuNTIiLz4KICAgICAgPGNpcmNsZSBjbGFzcz0iY2xzLTUiIGN4PSI2LjU1IiBjeT0iOC42NiIgcj0iMi40Ii8+CiAgICAgIDxjaXJjbGUgY2xhc3M9ImNscy0yIiBjeD0iNi41NSIgY3k9IjguNjYiIHI9IjIuNCIvPgogICAgICA8bGluZSBjbGFzcz0iY2xzLTMiIHgxPSI2OC4zNCIgeTE9IjExLjc2IiB4Mj0iOS45MiIgeTI9IjExLjc2Ii8+CiAgICAgIDxsaW5lIGNsYXNzPSJjbHMtMyIgeDE9IjY4Ljc4IiB5MT0iNS41MSIgeDI9IjkuNzMiIHkyPSI1LjUxIi8+CiAgICAgIDxsaW5lIGNsYXNzPSJjbHMtMyIgeDE9IjU0LjA3IiB5MT0iOC43NSIgeDI9IjguNjQiIHkyPSI4Ljc1Ii8+CiAgICAgIDxwYXRoIGNsYXNzPSJjbHMtMyIgZD0iTTY4LjE1LDUuNTVjMS43MSwwLDMuMDksMS4zOSwzLjA5LDMuMDlzLTEuOTIsMy4wNi0zLjYyLDMuMDYiLz4KICAgICAgPHBhdGggY2xhc3M9ImNscy01IiBkPSJNNTMuOTEsOC43NWMwLS4xNC4xMi0uMjYuMjYtLjI2cy4yNy4xMi4yNy4yNi0uMTIuMjctLjI3LjI3LS4yNi0uMTItLjI2LS4yN1oiLz4KICAgICAgPHBhdGggY2xhc3M9ImNscy0zIiBkPSJNNTMuOTEsOC43NWMwLS4xNC4xMi0uMjYuMjYtLjI2cy4yNy4xMi4yNy4yNi0uMTIuMjctLjI3LjI3LS4yNi0uMTItLjI2LS4yN1oiLz4KICAgICAgPGxpbmUgY2xhc3M9ImNscy0xIiB4MT0iMzYuNDMiIHkxPSIxNi45OCIgeDI9IjM2LjQzIiB5Mj0iMTQuMjQiLz4KICAgICAgPGxpbmUgY2xhc3M9ImNscy0xIiB4MT0iMjguMDUiIHkxPSIxNi45OCIgeDI9IjI4LjA1IiB5Mj0iMTQuMjQiLz4KICAgICAgPGxpbmUgY2xhc3M9ImNscy0xIiB4MT0iMTkuNTkiIHkxPSIxNi45OCIgeDI9IjE5LjU5IiB5Mj0iMTQuMjQiLz4KICAgICAgPGxpbmUgY2xhc3M9ImNscy0xIiB4MT0iNDEuNTciIHkxPSIyLjc0IiB4Mj0iNDEuNTciLz4KICAgICAgPGxpbmUgY2xhc3M9ImNscy0xIiB4MT0iMzMuMjgiIHkxPSIyLjc0IiB4Mj0iMzMuMjgiLz4KICAgICAgPGxpbmUgY2xhc3M9ImNscy0xIiB4MT0iMjQuOTkiIHkxPSIyLjc0IiB4Mj0iMjQuOTkiLz4KICAgICAgPGxpbmUgY2xhc3M9ImNscy0xIiB4MT0iMTYuMDgiIHkxPSIyLjc0IiB4Mj0iMTYuMDgiLz4KICAgICAgPGxpbmUgY2xhc3M9ImNscy0xIiB4MT0iNDQuNjMiIHkxPSIxNi45OCIgeDI9IjQ0LjYzIiB5Mj0iMTQuMjQiLz4KICAgICAgPGxpbmUgY2xhc3M9ImNscy0xIiB4MT0iNDkuNDkiIHkxPSIyLjc0IiB4Mj0iNDkuNDkiLz4KICAgICAgPGxpbmUgY2xhc3M9ImNscy00IiB4MT0iNDAuODgiIHkxPSIxNi45OCIgeDI9IjQwLjg4IiB5Mj0iMTQuMjQiLz4KICAgICAgPGxpbmUgY2xhc3M9ImNscy00IiB4MT0iMzIuMzMiIHkxPSIxNi45OCIgeDI9IjMyLjMzIiB5Mj0iMTQuMjQiLz4KICAgICAgPGxpbmUgY2xhc3M9ImNscy00IiB4MT0iMjMuNzkiIHkxPSIxNi45OCIgeDI9IjIzLjc5IiB5Mj0iMTQuMjQiLz4KICAgICAgPGxpbmUgY2xhc3M9ImNscy00IiB4MT0iMjAuNTkiIHkxPSIyLjc0IiB4Mj0iMjAuNTkiLz4KICAgICAgPGxpbmUgY2xhc3M9ImNscy00IiB4MT0iMjkuMTMiIHkxPSIyLjc0IiB4Mj0iMjkuMTMiLz4KICAgICAgPGxpbmUgY2xhc3M9ImNscy00IiB4MT0iMzcuMTYiIHkxPSIyLjc0IiB4Mj0iMzcuMTYiLz4KICAgICAgPGxpbmUgY2xhc3M9ImNscy00IiB4MT0iNDUuNzEiIHkxPSIyLjc0IiB4Mj0iNDUuNzEiLz4KICAgIDwvZz4KICA8L2c+Cjwvc3ZnPg==\" alt=\"S\u0131cakl\u0131k\" width=\"100\" title=\"\"><\/div>\n<div class=\"temp-values\">\n<div>-40\u00b0C \/ +80\u00b0C<\/div>\n<div>-40\u00b0F \/ +176\u00b0F<\/div>\n<\/div>\n<\/div>\n<div class=\"marking-section\">\n<div class=\"detail-row\">\n<div class=\"detail-label\">Image de marque<\/div>\n<div class=\"detail-value\">: Ruban de transfert ou gaufrage<\/div>\n<\/div>\n<p><img decoding=\"async\" class=\"marking-image\" src=\"data:image\/png;base64,iVBORw0KGgoAAAANSUhEUgAABgMAAAAxCAYAAAD3L9laAAAACXBIWXMAACE3AAAhNwEzWJ96AAAgAElEQVR4nO2dbWxb2Znf\/5tNkZDTCWLKbDNDAZxApAGxlpUXicN+KBXNotDbflAhfXFauYCReoy66DjuoKi30XwYDzJA6zgzQdw6k8AfLGD9RUQEFLYkLHYUEUWhoTmTyBSkwqS6FpacFKBFBxtYnN0k2364fC7PvbzvvPeSlJ8fEGQsiZfnnnvOuec8L\/\/nj\/74pzNfA\/BlMAzDMAzDMAzDMAzDMAzDMAxzLPk8gB8C+FaH28EwDMMwDMMwDMMwDMMwDMMwjEd8rtMNYBiGYRiGYRiGYRiGYRiGYRjGW9gZwDAMwzAMwzAMwzAMwzAMwzDHHHYGMAzDMAzDMAzDMAzDMAzDMMwx5\/PiP\/71S2Wce6ncqbYwDMMwDMMwDMMwDMMwDMMwDOMSf\/JJSv5vhTMg+sU6xr586HuDGIZhGIZhGIZhGIZhGIZhGIbxDpYJYhiGYRiGYRiGYRiGYRiGYZhjDjsDGIZhGIZhGIZhGIZhGIZhGOaY83nzP3HA576Myq\/\/FPWjgCeXd0LgxS8gcvLHAID67\/8pKn99Wv5dLP4XwO8fd6hl7rG5Oo6dj4c73QyGYbqA2YVlRKJcA4ZhGIZhGIZhGIZhGIaRcN8Z8Lkv4\/aP\/xsK\/\/Op65duh9g3Irj0puQMqPz1adz8z1+Tf\/fDnxd73hlQq\/ZhPTPTVQ4YhmE6QyRaZkcAwzAMwzAMwzAMwzAMo8B9maAvfK3rHAHPA+uZaXYEMAwDAJg9t9zpJjAMwzAMwzAMwzAMwzBdBtcMOAaU9uLIZVOdbgbDMF3A0Mg2YoPFTjeDYRiGYRiGYRiGYRiG6TK8qRkgkPznn+Hsv\/0fXn+NNeqdboA3rGdmOt0EpotYfP8thMKHuHtrgZ1EzyGzC5lON4FhGIaxQCE\/jNs3LiCWKOLS997rdHMYhvGB0l4cgWCd5RwNKOSHEQofch8xDPNcc\/OdyyjtxjvdDFOM9rHf\/fZNn1vjjMm5+5iYu9fy815vvxGeOwNGv\/W\/gfovvP6a55ZcNtUTCwTjD6HwIULhQwDSRpp5vpicuy8\/f4ZhGKa72cmfAQDO5mKY54i7txZQfxbE4o8WEQge00i1Nqgc9OPurQVEXimzk5RhGIZhPMJzZ4Ab5H55C09\/\/TdtXePES19C8usXXWpRd1A\/CmA9M23rM6HwIZLpjwAAazqfjUTLGBp5CECKXiFng\/hZM\/Q+t7k6blrbIJYoIjZYRK0aaolsn5y7DwDIZV9FrdpnqS2xRBGnv7mNyCvN6JKd\/DBymynNttB3mN2XUdutoNX\/yfQWTo88ROCFI9N2akHPrXLQL39G73mq252e3JC\/t1btQ3Z1HJWDfsPvS6a3EArXUD8KYHN1XPNvxOcvPjenz9Kof7XGjLqtVtCbG91MIFhHeurDjnx3aS+O\/d1TGEg8sjz+S3txPNhMofZEevaj6S0k01uaf5vLpvC02ofR9JbC2UHfq8XpkW1fI8pq1T5k15pzJhA8wumRhxga2TY87Kv74fQ3t5Ec29L9DGWCWfH8b66O47OjoOFzqVX78KAxZ9JTHyIQrCt+ZoR4XfrMifCh7nPUar+dzDYr92y1HVpt0cLPsefGnBDRuz\/6rBni5+zM8UJ+GJ8e9Lf8rZVr2OkDNVb6xO69mOF03ottAaQxI96Dmi8GjzA08tCSs5eeu944FOe32Fd21hb1dbTQew5Oxp8aK8\/QbDzUjwLIbaaw87EUOBE6eYjRsS3TMaH+HCCt23rPx8oap7deVQ76sZMfxheDRxib2tD9vd490ncbzQmnz9EqtB7o3WOt2of1zLQ850MnDzFhMbDBqG9PhA8tz0M\/yWVT8p63\/iwot69+FEB29TUA5n0uPjOteWL2TM3WvnbHhNM5QvdSPwqgfhRAaTeO0l6cnaUMwzA+MTSyjdH0R1jPTJvagbqVybn7OBE+xMqd+Z6sqepn+3vCGfDgL7+C0id\/aOsasW98Bcmvu9SgLiG7+pplIyoRCtfkzZaewXP23DJig8UWA6\/4WVMyM4IzoPk5I2MtkZ7cwNDItmYtBLpOaS9u6d5nF5Y1D1CxwSIm5u5hPTPTYsQ2uscJNCNWtBZIuq4V1P1\/9uJSy0EpNigZ6W\/fuGBpQR5obJh3GlkBsUQR56\/8pHkYEp4LkUxv4ezFJeWFBotIprdw+8YF0wwDut\/KQb+mo2Fi7j6S6S3Uqn2Ke7b7LAFr\/Zue2sDNa5dbFk8rh3yiF50Bs+eWO3boza6Oo5AfRmwvjpiFKK5cNoW7txYUPyvtxpFdHcelxfda7uNBIwNqIPFIcZDc3z2l+6zWMtOt498jtO4HkIwg6+FpnL24pDn2dPthbRznr3ygacij+7WyzuzvxVHID2PoIKI79gv5M1jLTCMQrDfX6SchS3NgEs2IZvEzscGirqFA3X47c83KPdP9ADA1ItPfGTkO\/Bp7bs0JrftT99sDixmF4ufofiP5M3jz3XcNP7eyNIdatU8xPsRrqH9O2O2Dlu8VNs1GY8WsHVZxOu+JWrUPtWqfQi7E6NmsLM1jbGoDswvGBeJpn1Xai2tG1T7IprCWmUYofKjoJztrC2C+TqxlpjX3NU7Gnxorz9BojtSPArh57bJqXyXtOY36uHLQr7m\/KO3GsZ6ZwcTcvZY9p5U1LpYoaq5B9aOA\/HmtvexOfhhrmWlNZ4H4WXI2aeH0OVpBlKvUukft\/pTeW5cW3zN1qpr17Xp4Gpe+935XZUxSEJeYyanuB6N1HQCya+PYXB3HkM5zNXumZmtfO2OinTlCcz7WOIPksimsZ2Ys7SsZhmGY9jl\/5QMAQOCFI9y8drnDrbFPLNG0FT1V2Z56Ab\/bzwWEe5RatU83ErsdxqY25A3i3VsLrnujTjci1PUINSJ53GBy7r7m4YkIBOuYXVi2\/X2RaBmXFt9z9XAxu7Cse9AKhQ9x9uKSJaMS3Ushf0Zq5\/eMDSh0bT2MfgcoI5y0Du4hwciWXXN\/vGoRiZZx\/j\/8xJfv6hYi0bKjg7pblBoR0qXduOmaUcgPaxrQgKajzb12xXH7xuuuXU+LWrXPsM21ap\/mwdioH8yuaRVyDpZ0ItgB4NOGMSyWeNT29xF2M9bcZH+vaWS0KpXmRXvtjD0\/50S7VA76DZ23Zr\/Xo90+ELPhCg3pHS9xOu9FKCvAztzbXB03jTRPN\/Y9pd24ZhAB7R3Tk\/r7I7e4e2tBvs9uotUR0GSz4dzW4vaNC7rPtH4UwMrSvKsSjaLBVqu9lYMIgOY6rvxd82ftZsk5eY6bq+OmwT8rS9pRb9SX7VKr9uHuT7pn\/Szkh2UHoJjJabZWtF5HWuNGLWZre4HemHBrjkw0sof11jGGYRjGfWj9rj8Ldrglzqg\/a75\/ejErwO\/290RmgEjopRcReulLtj8XOWX\/cNrNrGemXR8gYpRYqRFRqsfNd4w9hbVqSPPnlLKr1\/YhE2eBHWijXT8K4O6tBfl+AsE6xqY2kJ76ELVqn+59rizNKzaggeAR0g1niRRFe9\/QeGH1IBMKH8pOC7GtofAhZhcyGGqk+o9NbRh6B8kRUD8KoHLQj1iiKP9bzyEg9rcYwUUFSALBOoZGtg3HwnqmGQEZCh8qDEG0maeUYbfQ69\/ZhWVEomXEBou67c5lU5YkUHqJ2XPGkaJeUtpTOgBKu6cMHWwrS3MAGs64c8ty1ghlvxTyw7bTwpPpLYyONZ0h9WdBOb2xtCtFe3rlLCFDsng\/QDPlfy0zjcm5+y1zUK8fVpbmUMgPo3LQ33a7xTWgVu3TdGDSYX5Ao78j0bLh2Aqd1JbdymVTlmUeLi0qI\/4ebKbk+xafqVXEOb+\/F7fk7K1V+xz3tRtjz4s5YYXZhWWFfJ5VCvkzuo52p2tru32wIzx3cgx4mRHkdN6L7O\/qzz31s6lV++TMh7XMtKFMRyRaRixRlLMqRKd+LpuS+ybpYH7pfZ96nRDbm10d13xuTsdfu+SyKXlvNzSyjdmFDELhQ+SyKbnNK0tzLWuHGPwwOXdfllWj363cmUfklbLumqNe60TMgjYoi0Rt1Kf70HQUPCZHr7V1w+lz1OOzo6B8Xa321ap9coaIWPRuPTODtcw0Srtx3feWmh\/++SXFvysH\/VjPTEvrRsOY3A2FaKlGiFq+iOZk4IUjU2eq6FAwe7\/pvcP13t1WPm80JtqdI4o2hg\/ldexBNoWISUYUwzAM0z7Xr15FKFxDrRrC4vtvyRkCveKUrRz04\/rVqwCk98j3f\/ampQCdbsHv9nvuDLj743+G0EvWNYEBID3zCYYG39b8XfJP\/i8mps+50bSeRUs+xw1mFzKyod4sCq+dosVDI9u67R91yWAXSxTlDejtG68r2kuHabPoQS3Zm0J+GOevfIChkW0k01uSzqnGxp20Lq0gRueJiy0ZQi4tvifJBU19aOgMIINCQWUUuX3jAhbff0vzM6flTIJhxTMRjQ2RaMXQGSAa\/kQHSSBYb2YFrL7m6gKm1783r12WC7KdHnmo2e6nwgH0ODA0st1RPVXSTae1Yyd\/RvegJ0YNiwa0UPgQlxbfw\/WrVyWt2s2UrXsKhWstfx9LPJKvt5M\/45kzgMbYxNw9xXeQ7M5A4pGmAYf64ezFJbm\/QuFDnL\/yAW6+c1k+ALfT7ki0LD+X0l4cSZVRhQxMgLbBKPBC3fHYyq6Nm8qZAK1SBTSetJ6pGeTYoHsu5M9YagMgSV056et2x55Xc8IKkVfKjq75oCGlooWTqHw3+qD12Q97mi3lZN7rXUMrCKLl2QwWEYmW5QOCkUOG2lXavdzimFsXJGfccpZorhNChqne\/sHp+GsXMshGomU5HR6gukKHuHntsmSoVjmfREOuOhMymd6S5TX1cHqvkWgZtWofPj3oV7xbyckLaDsDnjY0+K0awZ0+RyMm5+5jIPFIU2qg9kQKGhIl6gBp7FJ9sdqTkKMs3Ei0jLMXl1D696fk\/WI3OAOoD9VZ0tTelaV5U2eAOA7NaOcdrvt5gzHR7hxRM5rekuoGHKM9O8MwTDdDZ0NRym5o5GHPOAOA5p6IJJQj0TIir5R75l3iZ\/s9lwmq\/fq3KH1SsfW\/29f+MRD4ltdN61nsFFy0ytDItryxXM\/MOErzt0pa5wArGZ7d2azT5tXIKF856He0sFEEI9B+6jXQNMJRNLAaet6BYN0wwosMChRtWHncLxtRzNBKMaeDmhXIwJAUohXFbAcvJK20ICMQgK7SiPWS2YVMR7+fjH9iVpEeyqLiSkMdZduYXcMq4vXclG1QQwdbvawmyiQS2RHGqNaBnpyibrz0SYLESEZC1Cx3CzuFz92C+pUMnaKzw4zKQb9rciZ2xp6fc8It9KSAnEoEtdsH4nue1qF9jzf8Tua9CGUvhMKHlt9VohycWJhT7\/vFOgSAsj6PH8XmxbWtm8YvzUmtvahY70RdILzeiHTXk7t0cw8rEolWADQlgQj1flHv3ydOtrcXcvoc01MfmtZ9AKCZHUI\/0yvSboVAsC5fh7IUOokoZaZ+71upj0DoORT8RG9MuD1H6HvEvmMYhmG8J5d9VT5Hkfx0r9lWso3AgtJeHJXH\/Ypg4V6A2l856Pes\/e5nBvzhNwi8+AXUf\/u3rl8aaKSV\/tW\/sf25wItfQOTkjz1okb\/kLBZes4OknS8ZFEt7cc8Nt7SYqI0GXujXeuHUqFX75JRes6h5K9DGWMtYB0iGEpJlorRvNaJBgdrj1sZ5IPEIMNHUVmcHrNyZl40NbmcFmPGUIp07GC3vF5MWpVi8gl5QgGSAJUeiXmq\/KBugxdDINkKL7t2POAasyg04JfDCkeW\/pflg1A93IWXYtNvugcGiLJWgZt+BZrkZsUQRtWoItWofsquvWS867wJ0jwOJR6gcRGRpGXVGhBovChVaHXt+zwm30IpMdyoR1G4fUE2MWKIoO8z9Mj7bmfciNFbtvqcGEsWGFIe5sz49tYG7txawuTqO9NSHcmBBMr3ly2GoGw9c4l5Ef7w9xObquG4f+31fLzfaqd7Pqg3laikc2i+2K8Xk9H678fmLlPYkGa3S7ikEXjhCbLCoKW9HspSRaBmzC8tYWZpHbjMl73et1h2jvZJmFp7Fvirkh+Xzh516Z27vf8za61rWUbAunxcrB\/3Pxb6eYRimG6hV+3DtDUmphaT86kcBy4Gm3UAhP4zCdyS7GCltiDI83Y4f7XffGfB3v8L5\/\/SRooifFSr\/5x+i8L\/+n+nf5dY\/Q279a7abFftGBJfe7G1nQP0o4Emhw4m5ewiFDy3JA7ULHVbosCVCEXZuaHvSIU7P8dAuXmxKrURU60Ft6WT0DNUOoMhFkmvwKytATa+8qJyiLkDXCcjxRIdbkgDTk7CgMU6RjmoCwfZS2tWIh1+ncgNWsSNLQkYBo34g2m03PRstHXVqh5ZmeTuQXBgZIf0wCpGxAJDWQ6oHY0UiamLuvuxod0ub3+rY83tOtAu9T7WkggqCRIQdJ3m7fUDSFBQNLxqPvJYGcSpHRHvkAYt67gSNIyvvN1HKMLv6mpA9cd9ma48PVorq0npVe6Ldx0ZSeF5A7WyN\/JcyBciZKQaU1I8C8l6wm9YPv6GzwMuqZ53LphTnnfpRALnGO+PNd99VrNdi5pFYW4sKmw\/9zNpYcCNQxY5EECAVIiTZQUDaD5x9fcnzIBI35wjJZO3vnnquxzLDMEynoHeo5KCt9aSNhfZS3SAZ6ASv2u+JTFDsqz\/FxPR\/tPW\/9MwvvWjKsSK7+prrky+WKMoHeipK5SUUOajOAqADvKQ53r6kh3houvS99309uHUCSsl1o++cIhYO86pWgBWoDoIdmaNehHTkOsm+KrqVDFt2ncG9DL2UV+7Me1LLpV2obgDQakwiA4HbRTxJLoyKqfpBaa9p7ACaY7JkQWZClKfxQobvOCE67cX9Av2b6sz4iVwEu5Hh0nz23q1D7c77Zr0Ab\/cmZPinekNDI9u+ZZOJ643VgqXdDD1zyiLya28jPi8xaIT6lwqYi\/1N\/+3Gs+7V5yhld\/Q1JDaV2W+0dyH5TXpvUPFoLSqP+5HLphSZuEZ1O9S4ka1kVyJIXfustBvH7RsX2m6H3pjwYo74\/T5hGIbpZmKJIibn7stnu2R6S5ZHDQTrmBQy1kLhQ0zO3ZffcZFoGZNz9+W1mq5F7zS6FjE2tSEHlhTyw9K6\/iyguIYTxO8JBOvy91hp49DItuH9j01tyPdP\/RFLFHH31gJKe9I7UH2N5639Ip4XEGbcoVbt8yTCWiyuODSyjZXgvKXN26RBZBlpjGlBBR1JN5I2lGnBIeEGpP9M+q\/nr3zQiO45hf29OAr5M546PkIna7p9VKuGXDca0kGn07q8lB0A+FsrgEimt+TFV88xMpB4hEmdz3vxbLxA1I7uJPpGOOc6v70GSXFQZtXKnXnEEo9weuQhhka2O+6wAaT1oZAfVkTWiWuFXrRdrRrSNY4PJB4ZRumlJzewsjSPzdVxX6SC1I4pMthYjRBPT23I2QF+RJS7xYPNlGNdbaPP6j0zkqco5IcVGUDk6NfT0PcKRRFswSmZy6awvxe3ZayzQzvzvpkJUfZ8fVDv6\/RqNnnBytI8AKWMoYiT8aemtBcHdNYoK1JKdkhPbsh7mrXMNNYy04glijj9zW0MjTw0NbzrraUnNGplqIkliijtNmo+NIqwyobuRn0K0egr6\/G7sI6ZPcdugKQ0icrjZpasVuDE2YtLGEgUFXN1c3UcK0vzuueQ+lEAyfSWvMct5IcdSewNOJTly2VTLRJBFPVPEg5aUO0Eku+rHEhOjXb2kHpjot05YoS6ZgbDMMzzRih8iEsNOdOXo2U8yL4qv5PoZ7S2X796VZaymwDw3W\/fxPkrHyAUPkR66kP82Xeu4\/yVnyAQrGMg8QgPNlOKawFNO+HdWwuyI3nx\/bcU17CL+B4FpLpGtFevHPQbtvHurQWcv\/KBfK+i3SkQrCv2U+r7v\/bG27h57TJC4UMsvv+WfA27DvJeb7+annMGTJ77B5j4F3\/u7MOdt8k4Zj0z7XoUktqrRxtMK8ZQo4OaWKRODUk3DI1sYzS9hUpjQ0kb2538GdeiQG7\/4HVFUS66v6GRbcwuLCOXTWHljjXnh10kLVHtPirtxV01OFMxEaNiyX6Ry6YUByWvIuci0TIuLSq1vcUiqPWjAHKb2n0cGyzqGjHdfjZeMXtu2fyPPIYigUUJD9EA65bcSreTTG9hf7c5bqiIdSE\/jJXgPMamNnzVzddCrhuwF8dE42f7gs66HrVqnxxRrGYSxnIHybEtOTKwXcODFZoRk81I69hgEblqH3byw6ZGsUi0LBvcsqvjLRvibqWd9cros0Zj9vTIQxTywwqpIJIIGk1v+ZqhVtCQzaBx6WXh8HbmvZW55xbivi4UPvRkTa487m8xxpLhEQCS6Y80P+d0\/ImUduO+7XtC4UOcvbikkJeh719ZmkcyvWWYsae3lsYSRdP1MRIto7Qbl6VmZKm5RlZX5JWywpHZlMq0vp92+hy7Ab0xIEpXqlH\/fGxqQzZy6+1fxL2X3xnHdiWCCPEcRM6DBxbfyXbHRLtzRIuX5X1954tAMwzDdJL6M+vroGiDUdtj1NepPwsa2my0fmenLU7QaqNRm+pHAXzxmcE9aLTXiZ3K6me6tf1qes4ZgL\/\/DVD\/Radb4SteGShJb3xlaR7pyQ25GJbXxlDSkhwaeYiVpXk5MocO0245A+pHAdy8dhlDI9tytJ4IRZH3ShERPU5\/U7qvbojGFg8XdjJN7GKmIe2Vk6cbGBrZ7goje1ODVhnlJhpgu6GdfkBRhjv5MyjtnpLHXv0oIBuAOukQIIORaDChKDuvnhGlOq5lprGemfbUGSDWQxCN\/hQhXsifsdT\/E3P3UNq9rCiIzrSSTG9h5c687BCkKGXK+PPTGSBr7wvjWHRKUvCBFzid9+TAcLtWhx7kFPHKSWsUiBCJljte28ZNSALtwWaqJfAll02h9qRPjtpzkxMnpbWIHLqyQ2mwKYumcAY06h2otfKN6OXnqHas1Z8FZE1\/oNXwb3QdvT4IhQ87lulH5yPAWnYPBcyo34mj6S1pnDzuN\/i08nvtjgm354jTIu0MwzDHjfqRVAcmEi0jt5mSs1MDL9SxuTqOQLCOTw\/65f353VsL+HSqX9533nznDSTTHyGXfVX697XLch1PsXaoHOjSME7Xqn04f+UDfHrQ33INu4h2xlw2hUCwjqdP+lCrhlDRuD61kZRH1Pd\/+8YFhMI1+f6fPpEy4GgPsD8m7Y1iiUdIT20guzquuIZdCvlhRT9ZbT\/1cafbr6b3nAHPIV5pGAeCdZT24vLgo0LCVIzMCHWkiIjZJrOQH8ZZSAWsyFBPP3cbikql+4lEyxhNbyE5tiVvkq3cr10qB\/1yhFFLmwy8fk6gQxBFDXUSsTChaAz0i0J+GNm1ccNIwVw2JUtaqHH72XjB7EKm000AoG2EA5oG2E5nqdjBaEyMprcsGRKSwt9VDvrxIJuSX\/RrmWnfCulqIRr\/yFhEzkMjyYJItKybhWJFOzo99aGs2+xldoCRYwrQLp6sRWywKBuDxNTNbmZ2YVm35sPNa\/rvabPPmiEWC3\/aMDz6LREENJ3gamMgOSX39+KeRvDanff1o4Ac1e1HZDFJixDrmRnEPDBWqwkE60iObWFi7p7uvGtn\/BHJ9Jasma+GHFZuI2YXSg6nM8iuSetcaTeu64BSZzMSVt4L1E8U8U\/OXDL20\/9TEWG5HkybMkFWnmM3oGVcrhz04\/rVq7h7a0GWDBXJZVPYyZ9RRJwbnV9C4c7VS6DzETlczdALmKE+aCdYxsqYcDpHGIZhGGPUGZGiDUst0SwGpwCtGd9kdNa6lvjvS4vvITZYbMiEnmnbtmPUZrM2qu9ftB9q3T\/9+4d\/fgmAtC\/6s+9cb8tO0evtF3HsDMj98hae\/vpvXGkEgEbkwGemf1fa+UcA\/ovt65946UtIfv2i5u\/Wf\/5t4O+dDeqBf1JFLPpfHX3WCl4a1UQP4ObquHxotZId0E6bRNmI0fRH8oYw64O+fOWgH5WleaxnZrD4o0UEgnWcHnnoujPAL8ke8WDQ6XoBFA0ESONpbGpDNga6HaVf2oubGrr0eNo4jPQik10UrSy+vLTGnlUDbDdgNCacRNFGomVEFpYxmt6SM49Ku6c6evglIzfdJ81Jo\/sLvGCcgWOGX9kBOx8Py9+nHotNCTVr\/a\/ODuh2Iq+UHT+jdj5L780HgrF51Oc6JqW9uCIaX3z2gRekdcfPtd7KvNdzXnjFeuNAMjYlaXmT7ryb75FYougoGr6d8UeEwjXda9AY8JJQWNKKTY5Jz7xm4IBq515FwyrQlAkiByjtA9WFve08Z6fPsVuJRMua9U2AplxOr9CUCPLX4erGmLAzR7SwmsXAMAzDuAvtISqP+xET6hX1EpJ0YrN+nBdBIl7idfsdOwMe\/OVXUPrkDy42xdwRAAClXz1D6Vcv2L567BtfQfLr2r9bu\/M7APavCQCT\/wqIRR191JT6UUA+yHnBemZGntD1owCyq6\/Zyg5oh538GSTTW\/JmkAa5X5Cm\/NjUhqMUVC8MnKGThwDsHU7EyNdOL85kOMtlU1jPzMjZF35nBxxXAsF616Tpi44AvQwY+jvRAExj\/LhKOKkRdeg\/PeiX17tO9APJSOzvxWUjmR8GSTE7wKvsLzLqiFlgakiezgwxOyC75r2DulfnBMn70XtbLUdhB6d9IMoR6TmH6d3opxNVb94DzYwqPyTUctmUXNdlYu4eatUQCvnhnsl68QIxo8lNZ3UgWEcy\/RHWMtOe7WXpEEjSK6JsDf13aTeO2hMpe8Avh1M3E4lWUMgPK4qJl\/biiswJ0WkkFh72Crs6y6JEkN8OVzdxOkc+a2RuuFEMm2EYhrHG0Mi2XOz25juXsfPxMGrVUE+dV2YXljE2tYH6UQDXr15FKPpTUCMAAA0dSURBVFzrKQezH+3vSpmg0EsvAr973OlmdJzs6mueGng3VZH4YnZAemrDU2cAFZelg0yhAxI3nzksRqUuVNsu1A962q6BYB3f\/9mbAIDbNy4oDGokseRlhJOVRUfMCqBi1+Rc8io74HnDbtE1L9m3mIWyvxtXOgMaafZ647WQH8btGxcANNPh2kGMFDYyvk3M3fNV05\/6Qe9AbLXddhhIPAIah3AaR34YJEWHoBfGdau1UuxkTsnZAZspx0Zkq8\/Q7znhJiQVRP\/tFKd9YPW9V9qLI9k1GVXSXue0w\/6yU3yYpM\/IMZ+e2kAhP\/xc18QQ77ly0K85N0s+OmzsEAofSlJUm03ZSxEqIkxZtmw8bSJKAdEcEg0dhJcZA+T0VDsIzRD3CergC9qf57Kv4kQjkOu4QWeHbtn\/MgzDPA+INTwj0XKL3bAXIInFQLAuB0z0En60v6ucAaGXXkTszO8w+y\/\/O\/D7x51uTkepVft8n3SiAVeMbPMKMWpYT6+7HSg9WI8TDg\/CSUGf1o3+IRmBoZGHWM\/MtBjNxdRmteGLUsRJJsMpWn1BG28rThPKCijkh2UHluhc4uyA9qDaFt0CjfuhkW3Ngt+1aqihJy7VByFeVkkZqI1RlArvVkQjGU28NHqZFeQkjWdxjlE\/6El27Aj6wG4hykyUGj8zqhfgJqPpLaxlpj15n5BjSpKE0JZQWMtMK1IszSB96XYy1qyOPb\/nhJuIEnun25CvcNIHovb+2NSGpqGIIoApE9FNnMz7WrVPjtR3aqilgmShk8bjSox+Tk9Ke4jYYFGOLs+ujWN2QbseyHGH+uDBZqrlGYqZRup9UeWg37CILD1zs2fjFIpyp32t+t0rFhEGmkWHuxWa99RvIvQzOwWQtaDaCoFgawaw1t7FS8jpqXW\/VtF7h9aqfXgqBI+tLM3Lcp3iPKesBK8M617MEXk8P4fOS4ZhGL+hjLnN1XG8HC3Lahq9RCxRRP1ZACt35jF7bhn7u6d6Sh7Iz\/Y7dgboFcJqi9891nQCuPZdjb1JLP4X+OHPXTpY\/+E3wN+5cykRiq72m1z2VTlClqIjvSK7Oo5kessTiaDJufuYmLsnb4jViEX\/dmxIVwyNbMv941a7Sb4iFD7E7LlluY4DIC0G9H2UTSH+rqmH7czIRhpwQyPbWAnOy9ePRMuWsx\/ErAAx8pezA9xDr4hrJxDH\/cTcfU2jFtUFIYMd\/U0s8Uges7dvXMClxffkQ6Mo8eJGKvzm6rgQteyNzm6t2ofbP3gdQyPbmpkbJI8DKKM0jfqBirp70W5y8FKb\/Ip89VJ6jiKtR9NbCsep+m8qB\/0o7cYtG2En5u4r1mI72Bl7fs4JtyGpIPpvpzjpAzKIBoJ1XaP2y\/nhRp0Ma9kjVnE67+WIcwdOuPqRdCig65o5Xyg6XHw\/A0B6agN3by0gt5nq+qKwXjE08hCVg37ksikMJIryXlCsoyX9nXJM0+\/OX\/mgxWFF1wPaN2DrQdldtI9SO3ObxvXG2GuzOLPXUB\/Wqn0K5xrJIIl\/4wTRcTKg8a7T2o\/Wn3m3RxWdnnYIBOu6zmCSNQqFDzUDDtTznPboXo0NL+YIZT88j5lMDMMwfhKJlvHmu+8CkJzKlJXbS4hO8OtXrzquMdkp\/G6\/88yA+i\/ca4Xf3\/X7x12deVDai3sq0WNErdonF\/cVtZPVmDloHmzqazcTlYN+3HzncltRMlqQPi4gaW1NzN1DIT8sR82cHtlWGLr1JIpmF5YVh4XQyZpiM7qyNOdKe8WUfer3Qv5MS3E9df2I09+UDqrtGDp2Ph6WoyrffPdduS\/E7AczCafRxt+KkYjNe3tVPojoZQeo+1lN5XG\/oS69XUbTW6YR0d304hga2e4quQIyaInFq9VQ5KvaABsI1pEc28Lm6jgqB\/24fvUqYoNFqbD3QfPAZzeKN5d9VSHLUquGZGOCuB64TXZtXHZ8FPLDiCUeydGGZIAGJCO82Fda\/aAllUIRvVrcfEd\/jEaiZU0DKUWOUpvMqDzuN\/yeUcGpaoaVwvR2oUhrwNjoHktIY0zUjTYjmd7CeiOjwIh2x55Xc8IKK3fmDYusWikc6UawhpM+2Beyk\/Qgo7vaKUmon52a2YVlzTXO6bynNmsZJtWon42oZR5LFA3vW6zPMTqmHDfiuCZnvRona4sT3Bh\/ThhNb8nBCXdvLciZqeLcTaa3FI6SQn5Yfq7X3ngbsURRqNkUUTinkmPac7XdfhXrHdBnjP6ttW8gGZxLi++1va\/47rdvAnAuXxaJluUMrNs\/eF3ut5yQVWXVeavu2\/qzgMLoLr4fyGie20zh5UYbAHgeOSgWebZTryISLevOBXqeyfRHivVRDPC5fvUqkumPFHt0L5zLbswRNdRXQPfJdjEMwxw3xD2ZV4ENXiO+W0lesZcQ2+9HweOukgliJNYzMx3+\/ml5U6mXHWC2Kdu3quPsgWwEHfAoYk8qWqW98RQj7dQYHUJWluZdLYYpRkOGwoctBqu7txZaFgMy5u20UW+htBuXI7K0vleMcNRC3OxrjVvRuaSXHeC3rm0ofNhTEUazC5lON0GBLNlhsgaQAZYcToS0psRlSZCcML4CwXqLhq8VRKOwSCBYx9mLS55Fv4r3QkX+1OuCXuSyuh\/U7T97cclwnDpZOymyFLB2sDbLOrJzOPciO4AclWZzemCwiM3VcdtrtpXsADfGnhdzwgpubDDdWr\/t9oEc8Wvg1BKdkjv54Za26j07Qs9J7XTe099YyfjRezah8CHOvm5c\/JcCByLRsuYcpSKem6vjms4AvzRVO3VAU2dhqu83Ei23ZOMNjWwr1i8p46S1n4xq+7TbryS\/QpHg6u9R\/74XmF3I4PaNC6gfBVqyeI2c4WqM+lb9LhUN5U6zv5xA7yly1nkp\/SgG4NSqfYpAHElSz3kmlx5uzBE1O\/Ka6X57GYZhGCWl3ThWluYRCNZ7skYA0KyJSvvzXkNsvx\/B4Y6dAZUn\/w713\/6tm23pSQIvfgGRkz927XqFRlp7J7GaHdDN5LIplPbimJi7r5AyIEp7caxnZmzdl2QYO4Xs2rjr\/VE56MfNa5cxe25ZcXivVfuwsjTXspiJEVN2CmNqcfsHr2P23LLiYEISP2Y6\/2RIoAhwLci5xLUD7DM2tdF1h3rKRDEywgFNA6x6XASCdVxafA8rd+YVL7lQ+BDnr3zginExEKw3JL28LZJJGTXrmRnksq+2GBaHRrYxu5DRbINRP8wuZDw5\/IprSyciPtzODti3WOhTlGUx03oXsZodIOJk7PkxJ7odO31gJ1qUnJKlvTgmXGyr3XlPbXbqjJacaR\/JdXj0EA8PaZ0sGNExT3u95w3ak6wszSmeXzK9pWusPHtxCadHHmK9UYhdhBwIXkcvU5Fgve+h3\/fKmiHNlWVFvSzKqLKaxaVHJFqWzwAitNbcvnFB8ezHpjYM97JuMDTyEJur43jgw7ybmLvX4mSJJYo4+7p3ARJuzxGqkdJOTRqGYRjGOr3qBCDqR4GetjX53f4\/+uOfzmwA+BYAvPXVIt76qjUt05vXV1D6xN\/iS91I7BsRXHpz1rXrXXvjbVuGB8Ya0gG8VYajGwkE64i8UlakrKtJprdw9uKSLKngFpRt0O199DwQCNax+KPFY63pTPIdagmuXqVW7UPtiSR7ZufAS\/3QTmFR5nhw3OaEE3qtD6zM+83VcawszcvvbqZ7IEdNJFq2\/L4VC1jb+RyjT8mic9dNaO769Qxr1T5ce+NtAHBFqskKnVpP250jhfywrFf9\/Z+9yXOMYZjnklw2pSgQ362cMJA07bTqiVUGEo8038u93n41n\/+weT8sE9RFrGdm2BHgEWZyAN2ElYLAFCXjttGenQDdw\/NQ3DEQrB8rHVinUb\/HrR8Y5\/BY6L0+sDLvKYvFLKOK8R8nDtheG6O9QCf602\/ZyFD4UM62Xs\/MIOZRXQyRTo3Vdr+X6rKp63cwDMM8TxyH7E2vavf5Ra+334jPdboBjISWXibD6EGyFzsf954WGmOOVv0GhmEYpjcpsPY1wzBoGhWoZhfTSiE\/LAdwTczd73BrGIZhGOZ44jgz4NKi99EMPYMLAQuVg342\/jGWOCEUjosNFjk67Rhymg1GDMMwxwIy+LGcDMMwscGi7BTk\/bs2scSjRqHjhz0hFccwDMMwvYjjmgEMwzAMwzAMwzAMw1hDLJbMaMN9xDAMwzDuwzUDGIZhGIZhGIZhGMZH2MBtDvcRwzAMw3gL1wxgGIZhGIZhGIZhGIZhGIZhmGMOOwMYhmEYhmEYhmEYhmEYhmEY5pijkAna\/E0Ib\/\/VqU61hWEYhmEYhmEYhmEYhmEYhmEYD1A6A572YfNpX6fawjAMwzAMwzAMwzAMwzAMwzCMB7BMEMMwDMMwDMMwDMMwDMMwDMMcc9gZwDAMwzAMwzAMwzAMwzAMwzDHHHYGMAzDMAzDMAzDMAzDMAzDMMwx5\/8D5rSMEZmNXGAAAAAASUVORK5CYII=\" alt=\"Markalama G\u00f6rseli\" title=\"\"><\/p>\n<\/div>\n<div>\n<table style=\"width: 100%;\" cellspacing=\"0\" cellpadding=\"0\">\n<tbody>\n<tr>\n<td style=\"width: 120px; font-weight: bold;\">Norme<\/td>\n<td style=\"width: 400px; text-align: left;\">ISO 1307<\/td>\n<td style=\"width: 120px; font-weight: bold;\">Couleur<\/td>\n<td style=\"width: 400px;\">\n<div class=\"color-icons\"><img decoding=\"async\" src=\"data:image\/svg+xml;base64,PHN2ZyB2aWV3Qm94PSIwIDAgMTAwIDEwMCIgeG1sbnM9Imh0dHA6Ly93d3cudzMub3JnLzIwMDAvc3ZnIj4KICA8Y2lyY2xlIGN4PSI1MCIgY3k9IjUwIiByPSI0OSIgZmlsbD0iIzAwMDAwMCIgc3Ryb2tlPSJibGFjayIgc3Ryb2tlLXdpZHRoPSIwLjUiLz4KICA8Y2lyY2xlIGN4PSI1MCIgY3k9IjUwIiByPSIzOCIgZmlsbD0id2hpdGUiIHN0cm9rZT0iYmxhY2siIHN0cm9rZS13aWR0aD0iMC41Ii8+CiAgPGNpcmNsZSBjeD0iNTAiIGN5PSI1MCIgcj0iMzMiIGZpbGw9IiMwMDAwMDAiIHN0cm9rZT0iYmxhY2siIHN0cm9rZS13aWR0aD0iMC41Ii8+CiAgPGNpcmNsZSBjeD0iNTAiIGN5PSI1MCIgcj0iMjIiIGZpbGw9IndoaXRlIiBzdHJva2U9ImJsYWNrIiBzdHJva2Utd2lkdGg9IjAuNSIvPgo8L3N2Zz4=\" alt=\"\" title=\"\"><br \/>\n<img decoding=\"async\" src=\"data:image\/svg+xml;base64,PHN2ZyB2aWV3Qm94PSIwIDAgMTAwIDEwMCIgeG1sbnM9Imh0dHA6Ly93d3cudzMub3JnLzIwMDAvc3ZnIj4KICA8Y2lyY2xlIGN4PSI1MCIgY3k9IjUwIiByPSI0OSIgZmlsbD0iIzNGQTY0OCIgc3Ryb2tlPSJibGFjayIgc3Ryb2tlLXdpZHRoPSIwLjUiLz4KICA8Y2lyY2xlIGN4PSI1MCIgY3k9IjUwIiByPSIzOCIgZmlsbD0id2hpdGUiIHN0cm9rZT0iYmxhY2siIHN0cm9rZS13aWR0aD0iMC41Ii8+CiAgPGNpcmNsZSBjeD0iNTAiIGN5PSI1MCIgcj0iMzMiIGZpbGw9IiMwMDAwMDAiIHN0cm9rZT0iYmxhY2siIHN0cm9rZS13aWR0aD0iMC41Ii8+CiAgPGNpcmNsZSBjeD0iNTAiIGN5PSI1MCIgcj0iMjIiIGZpbGw9IndoaXRlIiBzdHJva2U9ImJsYWNrIiBzdHJva2Utd2lkdGg9IjAuNSIvPgo8L3N2Zz4=\" alt=\"\" title=\"\"><\/div>\n<\/td>\n<\/tr>\n<\/tbody>\n<\/table>\n<\/div>\n<\/div>\n<\/div>","protected":false},"excerpt":{"rendered":"<p>&nbsp; \u00dcr\u00fcn Ad\u0131: KEMI SDFC\/10 XLPE \u00dcr\u00fcn Kodu: XLPEFC68F Asit-Solvent ve Kimyasal Al\u0131c\u0131\/Verici XLPE-D\u00dcZ Bo\u011fumlu Kullanim Alan\u0131 : Geni\u015f bir kimyasal yelpazesi, petrol \u00fcr\u00fcnleri, ya\u011flar, y\u00fcksek aromatik \u00e7\u00f6z\u00fcc\u00fcler, alkol vb. i\u00e7in emme ve bo\u015faltma ama\u00e7l\u0131 kullan\u0131l\u0131r. (Sel Kimyasal Diren\u00e7 Tablosuna bak\u0131n\u0131z) Alt Katman : Kimyasallar, \u00c7\u00f6z\u00fcc\u00fcler, Petrol \u00dcr\u00fcnleri ve Ya\u011fa Dayan\u0131kl\u0131 \u015eeffaf XLPE. Takviye Katman\u0131 [&#8230;]\n","protected":false},"featured_media":22441,"comment_status":"open","ping_status":"closed","template":"","meta":{"jetpack_post_was_ever_published":false},"product_brand":[],"product_cat":[2366],"product_tag":[],"class_list":{"0":"post-21656","1":"product","2":"type-product","3":"status-publish","4":"has-post-thumbnail","6":"product_cat-sel_kimyasal_hortumlar","8":"first","9":"instock","10":"taxable","11":"shipping-taxable","12":"product-type-simple"},"jetpack-related-posts":[],"jetpack_sharing_enabled":true,"jetpack_likes_enabled":true,"_links":{"self":[{"href":"https:\/\/tuzlahortum.com.tr\/fr\/wp-json\/wp\/v2\/product\/21656","targetHints":{"allow":["GET"]}}],"collection":[{"href":"https:\/\/tuzlahortum.com.tr\/fr\/wp-json\/wp\/v2\/product"}],"about":[{"href":"https:\/\/tuzlahortum.com.tr\/fr\/wp-json\/wp\/v2\/types\/product"}],"replies":[{"embeddable":true,"href":"https:\/\/tuzlahortum.com.tr\/fr\/wp-json\/wp\/v2\/comments?post=21656"}],"wp:featuredmedia":[{"embeddable":true,"href":"https:\/\/tuzlahortum.com.tr\/fr\/wp-json\/wp\/v2\/media\/22441"}],"wp:attachment":[{"href":"https:\/\/tuzlahortum.com.tr\/fr\/wp-json\/wp\/v2\/media?parent=21656"}],"wp:term":[{"taxonomy":"product_brand","embeddable":true,"href":"https:\/\/tuzlahortum.com.tr\/fr\/wp-json\/wp\/v2\/product_brand?post=21656"},{"taxonomy":"product_cat","embeddable":true,"href":"https:\/\/tuzlahortum.com.tr\/fr\/wp-json\/wp\/v2\/product_cat?post=21656"},{"taxonomy":"product_tag","embeddable":true,"href":"https:\/\/tuzlahortum.com.tr\/fr\/wp-json\/wp\/v2\/product_tag?post=21656"}],"curies":[{"name":"wp","href":"https:\/\/api.w.org\/{rel}","templated":true}]}}