{"id":21623,"date":"2025-08-11T11:19:14","date_gmt":"2025-08-11T08:19:14","guid":{"rendered":"https:\/\/tuzlahortum.com.tr\/urun\/pompa-swb\/"},"modified":"2025-08-20T15:38:40","modified_gmt":"2025-08-20T12:38:40","slug":"pompa-swb","status":"publish","type":"product","link":"https:\/\/tuzlahortum.com.tr\/fr\/produit\/pompa-swb\/","title":{"rendered":"PUMP SWB"},"content":{"rendered":"<p>&nbsp;<\/p>\n<div class=\"report-container\">\n<div class=\"report-header\">\n<div class=\"standard-text\">Nom du produit : PUMP SWB<\/div>\n<div class=\"standard-text\">Code produit : OPSW430<\/div>\n<\/div>\n<div class=\"product-image-container\">\n<div class=\"key-feature\">Pompe \u00e0 essence Fil d'acier tress\u00e9 -30\u00b0C<\/div>\n<\/div>\n<div class=\"horizontal-line\"><\/div>\n<div class=\"product-details\">\n<div class=\"detail-row\">\n<div class=\"detail-label\">Domaine d&#039;utilisation<\/div>\n<div class=\"detail-value\">: Pour toutes les applications de distribution d'essence (essence normale, super et diesel).<\/div>\n<\/div>\n<div class=\"detail-row\">\n<div class=\"detail-label\">Substrat<\/div>\n<div class=\"detail-value\">: R\u00e9sistant \u00e0 l'huile, \u00e0 l'essence et au diesel, lisse, noir, en caoutchouc nitrile.<\/div>\n<\/div>\n<div class=\"detail-row\">\n<div class=\"detail-label\">Couche de renforcement<\/div>\n<div class=\"detail-value\">: Treillis m\u00e9tallique en acier monocouche \u00e0 haute r\u00e9sistance<\/div>\n<\/div>\n<div class=\"detail-row\">\n<div class=\"detail-label\">Couche sup\u00e9rieure<\/div>\n<div class=\"detail-value\">: R\u00e9sistant aux flammes, \u00e0 l'huile, au carburant, \u00e0 l'abrasion, \u00e0 l'ozone, \u00e0 la chaleur et aux intemp\u00e9ries, caoutchouc synth\u00e9tique.<\/div>\n<\/div>\n<\/div>\n<div class=\"datasheet_table\"><img decoding=\"async\" class=\"alignnone size-full\" src=\"https:\/\/tuzlahortum.com.tr\/wp-content\/uploads\/2025\/08\/datasheet312.svg\" alt=\"\" title=\"\"><\/div>\n<div class=\"table-notes\">Tube sur demande : Conducteur (\u03a9)<\/div>\n<div class=\"horizontal-line\"><\/div>\n<div class=\"footer\">\n<div class=\"standards-section\">\n<div class=\"standard-item\" style=\"margin-top: 9px;\"><\/div>\n<div class=\"standard-info\"><\/div>\n<\/div>\n<div class=\"temperature-section\">\n<div class=\"temp-icon\"><img decoding=\"async\" src=\"data:image\/svg+xml;base64,PD94bWwgdmVyc2lvbj0iMS4wIiBlbmNvZGluZz0iVVRGLTgiPz4KPHN2ZyBpZD0ia2F0bWFuXzIiIGRhdGEtbmFtZT0ia2F0bWFuIDIiIHhtbG5zPSJodHRwOi8vd3d3LnczLm9yZy8yMDAwL3N2ZyIgdmlld0JveD0iMCAwIDcyLjI3IDE2Ljk4Ij4KICA8ZGVmcz4KICAgIDxzdHlsZT4KICAgICAgLmNscy0xIHsKICAgICAgICBzdHJva2Utd2lkdGg6IC41OXB4OwogICAgICB9CgogICAgICAuY2xzLTEsIC5jbHMtMiwgLmNscy0zLCAuY2xzLTQgewogICAgICAgIGZpbGw6IG5vbmU7CiAgICAgICAgc3Ryb2tlLW1pdGVybGltaXQ6IDMuODY7CiAgICAgIH0KCiAgICAgIC5jbHMtMSwgLmNscy0zLCAuY2xzLTQgewogICAgICAgIHN0cm9rZTogI2E3YTlhYjsKICAgICAgfQoKICAgICAgLmNscy01IHsKICAgICAgICBmaWxsOiAjYTdhOWFiOwogICAgICB9CgogICAgICAuY2xzLTIgewogICAgICAgIHN0cm9rZTogI2ZmZjsKICAgICAgfQoKICAgICAgLmNscy0zIHsKICAgICAgICBzdHJva2Utd2lkdGg6IDIuMDZweDsKICAgICAgfQoKICAgICAgLmNscy00IHsKICAgICAgICBzdHJva2Utd2lkdGg6IC4ycHg7CiAgICAgIH0KICAgIDwvc3R5bGU+CiAgPC9kZWZzPgogIDxnIGlkPSJrYXRtYW5fMSIgZGF0YS1uYW1lPSJrYXRtYW4gMSI+CiAgICA8Zz4KICAgICAgPHBhdGggY2xhc3M9ImNscy0zIiBkPSJNMTEuMzQsMTEuNTdjLS45NCwxLjcxLTIuNzEsMi42Ni00LjgsMi42Ni0zLjA1LDAtNS41MS0yLjQ3LTUuNTEtNS41MlMzLjUsMy4xOSw2LjU1LDMuMTljMS45NCwwLDMuNjUsMSw0LjYzLDIuNTIiLz4KICAgICAgPGNpcmNsZSBjbGFzcz0iY2xzLTUiIGN4PSI2LjU1IiBjeT0iOC42NiIgcj0iMi40Ii8+CiAgICAgIDxjaXJjbGUgY2xhc3M9ImNscy0yIiBjeD0iNi41NSIgY3k9IjguNjYiIHI9IjIuNCIvPgogICAgICA8bGluZSBjbGFzcz0iY2xzLTMiIHgxPSI2OC4zNCIgeTE9IjExLjc2IiB4Mj0iOS45MiIgeTI9IjExLjc2Ii8+CiAgICAgIDxsaW5lIGNsYXNzPSJjbHMtMyIgeDE9IjY4Ljc4IiB5MT0iNS41MSIgeDI9IjkuNzMiIHkyPSI1LjUxIi8+CiAgICAgIDxsaW5lIGNsYXNzPSJjbHMtMyIgeDE9IjU0LjA3IiB5MT0iOC43NSIgeDI9IjguNjQiIHkyPSI4Ljc1Ii8+CiAgICAgIDxwYXRoIGNsYXNzPSJjbHMtMyIgZD0iTTY4LjE1LDUuNTVjMS43MSwwLDMuMDksMS4zOSwzLjA5LDMuMDlzLTEuOTIsMy4wNi0zLjYyLDMuMDYiLz4KICAgICAgPHBhdGggY2xhc3M9ImNscy01IiBkPSJNNTMuOTEsOC43NWMwLS4xNC4xMi0uMjYuMjYtLjI2cy4yNy4xMi4yNy4yNi0uMTIuMjctLjI3LjI3LS4yNi0uMTItLjI2LS4yN1oiLz4KICAgICAgPHBhdGggY2xhc3M9ImNscy0zIiBkPSJNNTMuOTEsOC43NWMwLS4xNC4xMi0uMjYuMjYtLjI2cy4yNy4xMi4yNy4yNi0uMTIuMjctLjI3LjI3LS4yNi0uMTItLjI2LS4yN1oiLz4KICAgICAgPGxpbmUgY2xhc3M9ImNscy0xIiB4MT0iMzYuNDMiIHkxPSIxNi45OCIgeDI9IjM2LjQzIiB5Mj0iMTQuMjQiLz4KICAgICAgPGxpbmUgY2xhc3M9ImNscy0xIiB4MT0iMjguMDUiIHkxPSIxNi45OCIgeDI9IjI4LjA1IiB5Mj0iMTQuMjQiLz4KICAgICAgPGxpbmUgY2xhc3M9ImNscy0xIiB4MT0iMTkuNTkiIHkxPSIxNi45OCIgeDI9IjE5LjU5IiB5Mj0iMTQuMjQiLz4KICAgICAgPGxpbmUgY2xhc3M9ImNscy0xIiB4MT0iNDEuNTciIHkxPSIyLjc0IiB4Mj0iNDEuNTciLz4KICAgICAgPGxpbmUgY2xhc3M9ImNscy0xIiB4MT0iMzMuMjgiIHkxPSIyLjc0IiB4Mj0iMzMuMjgiLz4KICAgICAgPGxpbmUgY2xhc3M9ImNscy0xIiB4MT0iMjQuOTkiIHkxPSIyLjc0IiB4Mj0iMjQuOTkiLz4KICAgICAgPGxpbmUgY2xhc3M9ImNscy0xIiB4MT0iMTYuMDgiIHkxPSIyLjc0IiB4Mj0iMTYuMDgiLz4KICAgICAgPGxpbmUgY2xhc3M9ImNscy0xIiB4MT0iNDQuNjMiIHkxPSIxNi45OCIgeDI9IjQ0LjYzIiB5Mj0iMTQuMjQiLz4KICAgICAgPGxpbmUgY2xhc3M9ImNscy0xIiB4MT0iNDkuNDkiIHkxPSIyLjc0IiB4Mj0iNDkuNDkiLz4KICAgICAgPGxpbmUgY2xhc3M9ImNscy00IiB4MT0iNDAuODgiIHkxPSIxNi45OCIgeDI9IjQwLjg4IiB5Mj0iMTQuMjQiLz4KICAgICAgPGxpbmUgY2xhc3M9ImNscy00IiB4MT0iMzIuMzMiIHkxPSIxNi45OCIgeDI9IjMyLjMzIiB5Mj0iMTQuMjQiLz4KICAgICAgPGxpbmUgY2xhc3M9ImNscy00IiB4MT0iMjMuNzkiIHkxPSIxNi45OCIgeDI9IjIzLjc5IiB5Mj0iMTQuMjQiLz4KICAgICAgPGxpbmUgY2xhc3M9ImNscy00IiB4MT0iMjAuNTkiIHkxPSIyLjc0IiB4Mj0iMjAuNTkiLz4KICAgICAgPGxpbmUgY2xhc3M9ImNscy00IiB4MT0iMjkuMTMiIHkxPSIyLjc0IiB4Mj0iMjkuMTMiLz4KICAgICAgPGxpbmUgY2xhc3M9ImNscy00IiB4MT0iMzcuMTYiIHkxPSIyLjc0IiB4Mj0iMzcuMTYiLz4KICAgICAgPGxpbmUgY2xhc3M9ImNscy00IiB4MT0iNDUuNzEiIHkxPSIyLjc0IiB4Mj0iNDUuNzEiLz4KICAgIDwvZz4KICA8L2c+Cjwvc3ZnPg==\" alt=\"S\u0131cakl\u0131k\" width=\"100\" title=\"\"><\/div>\n<div class=\"temp-values\">\n<div>-30\u00b0C \/ +55\u00b0C (EN OPTION -40\u00b0C \/ +55\u00b0C)<\/div>\n<div>-22\u00b0F \/ +131\u00b0F (EN OPTION -40\u00b0F \/ +131\u00b0F)<\/div>\n<\/div>\n<\/div>\n<div class=\"marking-section\">\n<div class=\"detail-row\">\n<div class=\"detail-label\">Image de marque<\/div>\n<div class=\"detail-value\">: Ruban gaufr\u00e9, jet d'encre ou transfert<\/div>\n<\/div>\n<p><img decoding=\"async\" class=\"marking-image\" src=\"data:image\/png;base64,iVBORw0KGgoAAAANSUhEUgAABf0AAAAoCAYAAABEkVAiAAAACXBIWXMAACE3AAAhNwEzWJ96AAAgAElEQVR4nO2dW4hbV7rn\/1K5fEkf78OZt6Ad2qEzByTDOdCBlgzddAZK8pCcPg8qOdg40FXytN1+SLli7PjBdo1P2X5wbHLKNQ9uO51yNbRxEasKZhwbLBnaTQKWAh3ODFiCmYZuyBZ5m8tOxx3fSvOw9a1a2tp3bd2qvh+EWLWltdde172+9a3\/F\/nB93dMANgBhmEYhmEYhmEYhmEYhmEYhmGGmT9vAvBzAG\/0OSMMwzAMwzAMwzAMwzAMwzAMw3TGg2i\/c8AwDMMwDMMwDMMwDMMwDMMwTDiw0Z9hGIZhGIZhGIZhGIZhGIZh1gmbOvmxoiiIJxJh5SUUdF1HrVoFAMQTCSiKIq5VyuV+ZStU9jai2N7vTDDMBuWjyGq\/s8AwDMMwDMMwDMMwDMMwtgQ2+scTCdxYutliVB8EKuUy9u\/dBwA4NXMayVRKXHttx6v9ylZovN6I4OgqH9BgmH7waaQBRPqdC4ZhGIZhGIZhGIZhGIaxJ7D1eGr6yMAZ\/DcCM6sj\/c4Cw2xIvgHwr9EX\/c4GwzAMwzAMwzAMwzAMwzgS2OjPBv\/es7cRxcv9zgTDbFCWoqv4pt+ZYBiGYRiGYRiGYRiGYRgXOtL0l6mUy6iUK2ElF5i6pvU7C11hO4BfsKwPw\/SFr8Fa\/gzDMAzDMExwVFWFruvQdb3fWRlKkqnUuonRxzAMQ9xYutnvLHji3OxZET9VJp5I4NTM6T7kyD8kBS8z7Pl3IzSj\/+GDh\/gFpov8YpWD9zJMv\/iQZX0YhmEYhmGYDrhw6SIURcHP3nyr31kZOsZzOVy4dBFv\/Pgn0Napkx\/DMBsTOQ7pIGOn9qIoytA8gxXDnn83QjP6d2rwT6ZSoRR0XdOwXCh0nM4g8TIi2NvonZf\/yM44og7yTc8f1dDwUN8jO+PYvDstPj+9V8KLRzXb74\/uSnpOP6Io2LQzDgB49rD1hElY+QeAqBrDyCsqXnylYVWre\/qNFSM74xhNJRH5WyNfq19peHrvfls+KO9296PndrsOrJULPYMdq7ruWC8bnS8jDfw+0uh3NlxxGj9r1arlGK0oCuKJhGvadU2DruuevgsY80GtWoWqqoip9m3Pq7dWOpMR965VqygVi7bfjScSUBTF9pndcCsTuzx7uS\/VkZwG3Y\/KzEverL4bpP7NUH3VNc12Qe3lOVVVxVgmA0VRoOs67heLnhbo8u8o33Z1TflwI0yPQLf2LGNVhvFEAulMRnwuFYuudU54eT8ytwur9mbGT3+h57drq+Z6XykUPLU7yqdTu1MUBdlcTtS5cbq0O96eXtsW4L1v9Ru57fXiPdnLWBLku0EJ0hf60Q7k+ccur8lUyrasKM9uZen0bGHUA5W3U7nIz+pn\/LHD63jgZ851GneDlJO81o0nEi33VxQF6UxGPKPb\/CC\/F7mNh37TtqPTdmPOR13TUCoWLevealyYmj4i\/v\/+seO+888wDMMYrDTfA7O5XJ9zEgxaZ8QTiaE01vc6\/5EffH\/H7wC84feHN5ZutmTwtR2vdpSRqelpMZl3QqVcFkcews5jv\/jV6gh+2Ij07H7KJ7\/FpqYB3oqGruPxmfN4cmvF9jvf+\/ACtuzJtv39ya0VPD5z3tLo\/u+++l8AgO8+XsTjM+cd87hlTxbf+\/ACAOB\/v\/LvQ88\/8Te\/voLNu8fw\/GEF+tvvuH7fTERR8L0PL2Dz7jHLfHz38W\/w1w\/n2\/L+9N59\/OU\/HW77DT23XRltOzqFbe+9i4au4\/\/sfL3lb048f1jBX46e6GhjY73yTvQF\/ucQGP3\/+Oc\/2V7TdR3nZ8+2GXqSqZSn44Tzc5dRKZc9Hz2kcdhtXK9rGn558JDt4lNRFNxYutlmhK9Vq3j\/2HHL39G4v3\/vvkBGQbcyscuzl\/tSHclzEd1P13X88B\/+0TFvp2ZOYyKfb5nnzGlbYVf\/Zqi+5ucuY35uzvI7bs9JnnhmnNIE1p7NKu8njh1vM\/6b53c7wpz3\/bynyM+rKAquXLtqmV+ntizjVL+EuV3Qb5zapNf+Mp7L4eTMaSiKYtn+0pmM8GAldF3H\/r37HJ9NVVU8+PwzAMDP3nzL9sjwjaWbbcamlUKhK4Yfr20LcC7bQcGq3daqVezfu69rGxZ0z1KxiMMHDzl+9\/bdO4gnEq5jRCcE6Qv9agdOeaX5wq7tU57dytLt2RYXFnBu9qzvvJvHOqdyobnCy9wHuI+\/dnNFJ\/d1G3f9lhOVu7lf2L3r2NWjVf3ZtQm\/aXvJvx1O5SHPIWas8mL1PiK\/n7G3P8Mw6wkv7\/lhIc8XdusvO+zmda82hbA4cey4WNfSe6RXrNaG\/cz\/7z\/\/zLNTGRBobfuAReIHnNcbkZ4a\/L3gZMgG7A3+QKux3g75dIAddul7wS3\/rXkxvrNpVxKRAMGrlU9+a3ufiKJg23vvQvnkt+Jvz8pfAABG1Jjlb0aaXvybEnHL69Hm7\/x67m\/alYRy60agZ1zPfBppDIXB3w1FUXDh0sUWL+NBIKaq+NW1q5aLQLuFKmAYAe1+121iqoobSzeh+picvUAecE4Erb9e1b+dwR8wPPPsXiqnpqdtr5ERaWp6OrR89ho7gz9gtOXbd+901cujU4cKK4O+DLUv83VFUfCBTXsgyMOormm2mwN2fT2by2F8SD2UekUylbKs\/3giEYqjjRtp6eSOFaqq+lqodUovnrlTqB9YzTH0N7sy83KiwQsT+XwgbVs\/GyXZ3DgA4L6Lkd4rNA65zc3JVFJ8v9O2N5HPezaWyN58502G8SvXrlrmZWr6SFt5Tk1PW5ZxNpeznOP9pN0pdu0mmUo5ziFT00c8GVvkEw3D0JcZhmEYxo1enBgOTd6HjnMz4TKzOtK3ez9\/WBFGaCKibMfWAxMADOP+06Y3ObF595gwyDd0HX\/98L\/gRbWGkUQc246+i4iiYPPuMWzePYan9+5b3jeqxjCyM25ruI6qMUdP\/k7yb34W82cvpwOILXuywkj\/4lEN3328KDzpN+1KYuuBnyOiKC15XP3K8Fqh35kZbS5W7J6fNgPMz015ePwvracDRhJxkc+oGsOWPVl89\/Gi52dcz3wD4F+HUMt\/fu5yy2dF2S5kMU7NnLb0gjPkHpZt06yUy6hrWlva47lxxFQVK4UCNOmUiDmgulWg93giLo55Z3M5LC4stFyfyOdbjq4vLlxv\/n0SyVQKMVXFRD7fNc9QqzJR1Zgoy24cL09n0o5yNl68AILUfxgoioKTzcW+rutYXLiOSrmMZCqFifykKDOz5IuiKJjITwKAaGPkvSf\/1i7f5rbXTSrlMuZNzY0MD+ZyJ8OELOdA7Ziefzw3jmwu52jwNmO+j4y53xGUh6CGQOqHuq5bGm0m8nnxdwrwRc8WTyTaZCxkxpuGv+vN\/m1GloKgE0fUluKJBCbyk6FL1awUllvGK+r3VmOCXZkPCtQ+yQta13WcmjmNeCKBbC4XyJvbL+lMxraOxnq8Ee2nL\/SrHWiaZjvex5vveFZGXNnY7XU8sRo\/aV6fyOexuHDdlze121gh55XGRbu+75RnufyNDfO057lZbnPpTMZTWVmNu\/K8Zn5\/sYLGupJJ7k6eI+jZVFUVXvET+UnRXuX5slat4tzs2ZZN12xuvGWu9JO2H\/y2G3kconcDwGgHU9NHEFNVlIolj\/deRjKVatYjS\/wwDMP4JZvLibUInXAcpkC2AHBy5jRiqop4Ii7mQ1p7DAO9zn9oRn+SJ\/CKruuYn7ts+7Jlfqnzk+56YW8jipf7eP9n5S9apGeI1a\/qeOnMSWHAl433m\/cYL7UNXYf+9jvCcP\/sYQXPyhUon\/wWEUXB1gMTtkZ\/wDCYP35kLfHj5SRA0PzLjJrus2lX0pfRn36\/qtWhv\/1Oi6TRs4cVfPfrRbx05mRLHp9X1zY6rDY+5M0Ap+svHrX3q4aut8U\/ePawgie3VvC39\/4bomoMm3ePsdG\/yVJ0Fd\/0OxMBsDKCl4ol3Fi62Zxc2g1wmqZ5Mp6bv5NMJRFTVSwXlh0XjpVyxfGIejqTbls00wLZLCVSKhZx5dpVpDMZTOQnu2b0tysTTatjavpIVxacTmlSebgRpP7DQPboPXzwkGgPlXIZpWIRt+\/eEbrscl2nJQ34\/Xv3tRgK6LfJVMo2z25tL0ysdJPXjP7W7ZDqjeRUzOmRocPru0vQ9h7UuEPQhsWVa1fbrqUzxly3uLAg6pY2fGJN455V\/dF1YE1b1Iys+W1+djsP1k6xkkHL5nKex8lBQQ5KJsueHD54CA8+\/0x4OndjPJAZy6Rtjf5ex7Uw8doX+tUOatUa0pmM8EiXkdu7efNC1kn3Op5YjZ+LCwuifYxlMp4M2gRJyWVz445e5LSorVWrvtufptXb8kxtO5vLOd7XrEmfzqQDvfsAEBJQ1M\/c2hR54d83Gbdp\/CSpNwCowKhPszd+MpUS+ZfluZRZw\/BvfnY\/afvBT7uRN3jM8ksVGHXndePEuHdBbFp0spnNMAyzkaFTaiTXUymXMZ4b7+npy06gTXdgTe6mVq0OjdG\/1\/kPTd6Hji16\/S+dyeBXFotHgl7q\/P7X7cVLr9gO4Berg6m+9N3Hi8KAPbKzdWAg7\/jvPv5Nm0Ha8Hb\/DQB7T3XCSb6nE2kfI2\/2+ZehwMJkBPciB9T6+x8BMOIYWMUwaOg6vj16ouVvcpmZJXxGTWVmvi5vCDz3Ie\/T0HU8vefNw2aj8DWAjyKr\/c5GaJCnPuAtIGivWGlu7JrzJHs5WnmiktddGMfz\/ULGyW7c20nipxNpnl7U\/1jTuFAqFtsW4XJAXrMhi+q5Ui5bepTWqlVfRqdBg57PzomhVCx27fSFTDqTCSxJVSoWHfXfdV1HpVxue0aqTzuPX9nz1S5t8mw2e4HKZTYsC5ReE1NV8W4sl5fcz3ohkWYn8dNraR85P2HLs4WJ7AVtRh6\/zdfpWqc65xR83UjT\/VStzP69+zydvKG+H8S5yw5Ky+lEHJURzSl+gjWb8TOvykGIzeM99QHzGCd79xMUU2VxYaFlzLQba\/2k3Sl27YaeW9d1y7lO13XfJ47W7jM477MMwzDDCM0TiqL40pUfJOgZhnU90Iv8B7Yqh3GU1alhqWrM1yYC\/TeslW1mbyOK7f3OhANknB6RDM+yUfq5yaPc6u9mI7YMeeGbGdkZt5W+8YNV\/s33IX18CjwcURTHPJshfXy7srCDvh99pbV\/mPNq3jiRNwH8BuRt6MPo0949PoquH4M\/4WaA6wd2xgk5j1YbubVqVcxBvTbedNtgRp55Ml6lfZzodv1TurWq9YYjeTfa1Zfd79YL\/XRI6FQD2S3v+\/fucw3Ya4a8QYG1zT+773lJq18YmvnTtrEFjGCU06Ld0\/fJWDWRz+PG0s0WiSQrDCmOPK5cu4pTM6c9GbvodIn5hEk\/sNq07LW0D9B5X+gFNLeZx3zz+iZueidUm++sZim9IJB0i9++5WUM8HLCp1vQ\/FopV1ok2ILidYNFPrFk3uDcv3cfXtvxattpAquyXy4UsH\/vPs9Gcj9ph4FTuwlzDqw23xf8bkoxDMMwrZyaOY3bd+\/gweef4fzsWby249WeSD+Gye27d3Bj6SauXLuKn735Fl7b8WpPHKrCohf5D2z0v75wvataptlcDjeWbvr+b5i0qOx4GZGB9fL3illGxu3vMmSwNsvrAGte\/n6N2n4h7XwywD97+EUzT969\/cm7389vgDWJn9HUj1r+TpsdlCezpz9tEvjdZACMWAeMwZeRBj5dR17+g4zdwtNLMEJabK+XjV4yBFgZwmSJmEHFrc7c6stqs2M90c\/no5Mx2VyuLx7OVu+K5P1d17ShejE3o+s6pqaPWAawJr3qqekjLdqpJKtB76zJVAqnZk4LqRAz8UQCDz7\/DKdmTjdlzYyNgjCCGHc7JsHauNbe\/vsxrvW7L3hBk+R5ZIN0QopxA7SPpWRIH+R5Alird3N8l06hvmPXpmW5K1larZOx2avxPG6qOy+QQdvPb7z25yBpd4osTdQp1MbXy\/sfwzBMP6FTb3RSbxhPWJOUKM0Piz7jBfWbbuc\/sGW5Vq3ipz\/+CV7b8aqv\/1h7z52jQ2DwF9rxXfDOJKmZzbvHhLc8QXr+ncrRuOWfNhdI758M6aM+vEroNMGWPVlf0kDiFILpRAMZ+UluyHydNgme+6yTiKK0Pe9GZj3J+sio0hHrQUHWmx0WZENRmGVJpxesJH7ocydSCINY\/8CakcIIyprvc27Ch57PTWu6m8ixCHrl4UySj3aSDllJ2meYkT13zfVLn628e8ctNM\/t+sCvrl21NJaRrrVf6B52klphQjIcZokfkvYx2kfv5AX70ReCYGXUlKWudF23bW9h1CmdGgh7vpBP+IRd71kpDpAV5v7Yqae\/LE\/l9g5Ddaf7OFVL876X9yMK7uv1HcFP2n6wajfyRsSpgGOWmW7IEzEMwwwS5pg3sqQczWE01tY1rWXuM392Sos+67ou3g+npqfb0giCnzyb8+jn+ekzrT0oUH2QuEHrKf8yoQXyZcLh9UYEP21E+p0NR7YemBDGeKuAsZ3y7N59bNmTFRI\/FDx3dFcSUTVmBKS9dx9bD0wESt8t\/xFFEQb1Z81j0k\/vlfDSmZNC9sfLSYMnt1awaVcSEUXB3\/z6Cla1Op7eK+H5wwqePfzCUucfWDPaRxQFEUUR0kIiTw+\/wPOHFWzalcTorqQ4PbEWxNfa6B99RcW2o1MtfxtJxDG660eIKEoz5sKi63OtZz6NNPCHSKPf2QiddCbTop1uRvaAM1PXtI6NCCTXJkNBEe3yNKjQ4lrX9dAXzKViERP5PNKZtDCGkrRPXdMC38+t\/s1Y1RcR9iK7VCzipG4YAk7NnMZkfrIZF6DiySDs5Ok3CO1qubCMbC4HRVFwY+lmM75BCaViMVB92tWLW3tcXLgu+tz83OWuGXvJc53q5fzs2TbDoRzYMZ5I4I9\/\/hPqmoZzs2eHchPgfrEoNnXkNkfetFbGzZiq4tzsWSwuLIi2EU8kMJ4bb5HikPvuiWPHsVwoQFVVEZjbHBjbiRtLN4W2eBAd7SBoWh21ahXxRALpTEZ4kY2JoKa9r+9e9YVOqFWrSKZSwogKtErE0HUKxCyPg53OS6qqivoJQypIRt78mchP4sq1q6iUyzg3e9ZzvpOpJKamp8VnRdku+omu6+I0h9XvgLV5gYz\/MVWFqqqO7cA87soB+OQ07ViTv\/P2jBP5vOj3dt5+8UQCp2ZOCw9Nr\/FvvKQdBLt2ozUNI9TnxjIZ3Jfm+E43ltzqjmEYZtgoFYs4fPAQADTnyYp4X7x99w72790HTdOQTKWEJIyu6xjP5TA1fQQ\/\/fFPAKApJ5kUMo8fXLqIarUm0nrw+WciwLqiKPjyf\/x3nJo5jbqmtaQRxElCfse9ffcOfnnwkHhf+dW1q455BCCCz99YuolKuSLejX\/\/+WciLTo1+8aPfwJd15HOZHBj6SYA4zThz958S6Thd4N\/2PNvZmCN\/oY3jv+XzW4fVe427zUGx8t\/NPUjwGQkjqqxFomdbnmGP7m1gq0HJjC6Oy2M\/pt9eqMHzT955Td0XRjQV7U6VrU6omoMm3enPRnHyehP94uqMWOj4sCEuP7XD+fbNhBagvnujOPZwwo2NQ36q1odDV3H82oNm3YlMZIwrtMGAWDv6R9VY9j23ru2eX185rzrM61nvsH60PKXF8OAsSAm47qd4TieSIhJxsz83OU2PVi\/ZHM522j0uq4P5BE8Q5pj2vS3mHiObhirlgvLmMjnmwtn42Vh3KdHdJD6N+NUX2Gj6zrOz54V8igxVcVEPo+JfF60DXPQQhknSb\/XdrzalTz7oVIuY6VQEOUZTyQQTyQwNX0EdU3D\/NxlT4EvCbt+WimXHbXbS8Ui6pomDMWd9mk76PkA44XV6tlkCSt6iY2pKq5cu4rDBw8NneG\/Uq4gm8shnUm3lKuT5JVsoCMDPBnyFUUR7Z1OQ8llqTXbzYVLF5HOpD0b\/eUFw3kfRtZOWS4s49RMAmOZtHiGtXGt1HOJjl71hU6gGCdy2cjtqVI24pglmkZ\/1cemrozViZPx3LgwUoc9z8kyT3RfWvT+85tveTLeUgw3M7VqFYcPHrJNI21hkK6Uy0hnMhjLZBz7kd24C8BxfjLj5XvyhsJKoeAY+4jKQdd1vH\/suGv6XtN2w2+7ofFNURQoiiLeMS7gIlYKhUCbb9SHY2z0ZxhmnSHbM+ua1uIhruu6GPPoGo39mslRz1j3rUk4a1q9JS35t1bB4c15CfIMlOe6lGe3PJrTkd9XNak86O\/Wz1BvSWOj5d\/MABv9KwP5It5N\/qkRxd8PkJf\/pl3JtmCxMo\/PnOvavcnoTxI\/DV0XxvhnHqV9guZ\/VEgItW4IPL1XwtYDE0aaHj3ivz16Ai8e1bBlT7ZNjodkf\/S332nzzidP\/k1NT356DvLqp+9TXjZJadt5+juxZU92w3v6L0VX8TWG38vfaTd+0ALz6LruuEjvJ7GmHrcVTt6EnUAenOQVWyoWW6R9vHjZD1P9E8tNbeep6SMtRi4yUKQzaeHtMIy8f+w4NK2O8dx4S3DOmKriwqWLiCfiPakbMhRP5Cd9GaqCQhsd5O1CyBra5qClU9NHhtDov6axTgZ78qiXr8uYDe7yd+KJhPhMaZhPC5SKRVzAxcCeP7TJ5mfDKSgrhYKIR0BGvzVpn2JfdLl73Rf8Yo6BYpaRWZP\/ibdc97swdNrcXVxYCH1ulqXratWq2OSio+ydjIO0mWoebwC09Ed5fKmUK0hnMkimkoE0jEvFYuhj99T0ETHXe33PoNNCbgHVg6Rthd92Q0HFjfm8Vb6QvP+9bvoQWtPozzAMs97I5nJi81+WByXHmivXrmJx4Tom8pPNuW8atWpVrKPo80R+EjFVFWlN5CdbZFXpxNi52bNCTqZULGE8N96SRhBoPUr3uXDposizEd\/KPo\/A2vvMWCbT8i6UTKVa0gIM7\/pSsYSp6SMiXtB4brwljWHJPzmmdJp\/MwNr9N9obAfw3hBo+QOGt\/njM+e6qv\/+4lFNeNZv2ZPFqqYJ4\/\/Te\/cx6mDMd8Mt\/6O7mtr4poC4zx9WgAMTvvT5AUOD\/7uPFxFVY9i0M47R3WmxmRFRFHzvP5+E\/vY7rfdqevJHm0e7RxKt0j1k\/CdjP20KOAXxff6w0nYfwJA7eunMSbx05iRWNW1D6vp\/DWBpnWr5A4aRmo7vWVHXNFst2DAkUuSTW4qyXWgGHj54aCAkWPxQq1abRtzubFSQV2w6kxaLWvISCGrgc6t\/M04n7cyG67AoFYvieGkylUI6k8ZY00hIWudWRhnDWzFYYHfzqQiZsJ0O5ufmMD83J6RtxjJpYfyYyOexXFj25HltZ6jxYuxbLhQwNX1EnKbohmMFnTYg791sLoflwrJJ9sZox\/Lx5Q8uXUQ2l0M8kQhVrkFtenNbYYx7nRu9tWb\/pJf5UrHoIbC1vzYbkySRgkInX+io9smZ047yGmGVHRn305kM0pkMtgf0Ih\/P5WzHHr9ey73oC52Un6xZriiKCOLbbvSnhaTxLlgNKc5WGCf8zMjt10raKp3JeDKgW+UtnkiIMUTT6m3X7fojfTYboq3uSaQzabExR+NXWKjN9kj3dGrTlXIZr+14FYqiNE\/9ZHBq5rTtiS8\/aQfFqd3QSQwAYo4nWSZFUXBy5nTo5ckwDDOM0LguPjcN\/QS9TxFmhy\/zZ6e05NP+P\/yHfxRyofJ3ghD3mWc5j255NqdFp8dojW6X5jDkX54HO8m\/GUejv9MLa1BUj8YCs2ajV+QgXWaCpOcl3TDY24hiu\/vXesqTWyt42pTWIVYlyZte3H\/be+8aXujNBfITU37cfu83\/6NNDX6g3dP\/2cMvxL837x7zbRxf1ep42pQUeqwo+N6HF7B595gw7ssyP8KTv7mQ22SKMUAyP1E1hoiiiM0Bv0F8AWNTIvqKIT20ec\/4hjT6fxRdhffwaoON1YLPbewy5CK6d7LKfHKLFnrjufGBNfrXqtU2A0Q3dPzN3C8WcWrmNMYyGWGM8+P5HKT+279vf9IumUp21buODITGBsBZySBkLWNiNij7welURLf6g6Zp0JpSLfSiTcGbvRn9O8uX2cO5W8iyRulMWtSR\/A4oG9LOzZ4V75thyjU4ndiplMuhebqvBeBKNo3+pB8ejia6k4yV302S+bk5sXlHmxRWhFl294ulpoxKWrQBv4FcsxaSInJ+\/LaZbveFTsuPNpKM\/+LN3xntSWseyafyoDL1Oz9ZaelbBZ4OAzmYvCxtNT93GVeuXe1oXqlVqyIdc1wMYE1WyNwf6Vlps9luLpHTq2saLly62Iy5EK60zMlmP5fLyA2SyDNOLKRa5ME6TduOTtsNranPzZ4VmzVuGy9mvNoTGIZhGH8M2unHIOj6cFt2ws6\/o9Hf6YW129hpNroxP2dv4OjkWZzS7ZSXEcEvBtDLf1WrC4\/yfvDkk2Vse+9djOyMC2kcP0b\/IPkflbz4\/+7RHxy+l+7ION7QdTw+c06cGhh5RW0x+tO\/KXAwGfXlDYsXj4zTAJt2xsXmQNANGQqM7PcUw3rgy0gDn64jL\/9BNaLLXF+4LgzbitIe6HMQXjZ0XQ9UlrI0h4zXBarsNUxeeX6MY\/2qfzKchJ0mGXI69XIeRGrVKlYKBUzk88JI3G1kD+dux20gb3ZZvkU27MlGI+pvZEjr35tHMErFUjMIt+Gt7ObpHyZBNknoFFE8keiJnBLJEcmGvX7LOPWyLwSh1ehv9KGq1GfkYL5m+R8\/9+jVnBGz2ZiQ20EnRnRKxyowL\/XHqekjtmtBeXPSieVCASdnTgtt+rA2iA3vd6N\/zM9d9vUeJD+r1TtIJ2lbEWa7kTd8nTZezFB7GvZYfgzDMP1kcWFBvLdS0GCKuzQsUDywqelpfHDpInRdH8j3Ojt6kf++yspGa0oAAA2mSURBVPsMgmFnEDg6gAb\/ThltatFb\/d0rq1odLx7VhMGfPneTzbvT7l+Cv+ewwxzAV0Yuuy1vGwOvWbrnWfkLoftPZRTE03+j89E6MvgPC6TxTB7OZo9HMgo4GXqDGjm6jZ3h248XI0n8AME3H3oNGaDsFu1B66ub7wlOgW97RT88UcjDeTI\/OZDxNLaHuHlEWtJWhNm2ZA3+ZCrlqOcfhP179\/V8HAiz7GSJHyCYwf\/c7Fnb8TXoPNDNvtBp+dGmmarGLMfPSrmCZColFudyQL5hJay+L2+Ekfe7G342lmmz1upUgRVUL05GbTrNU9e00E+edDPtTum0zQ7iHMYwDDMskGOZ4XhzcyidrOidslIuY6opVTRM9CL\/fTP61zUNv2TtPrzeiOCnAxS8txNkQ\/Xo7jFro7\/kSe7FC\/\/JrRW8tPMkACOQbjcxe9Q3bF5ESY5nZGfccRPCLNljJuKyCKENjy17sgAMI3\/rdWPxt\/XAz1t+EwR67o3Gp5EG\/hAZ\/uC9w4ZsAJrIT7YZ\/esmDz3zIpkCZgKDs+Ajo3c6k7Y0AlDwUi\/GKZL4oX8PA3VhYLHeEKW\/W9WXnRwBXQO6Y\/zvhRHV6dmM64awXy+NdeSpGpOCWwaFtPuBNc34oFhJlFC7onIiZCOek6dnLzfNaEwjT2InwzbJtXglyOkH0u6vlMuBNrjCLjuS+KF\/+6UbG7xh9gUznZaf8dsjIgCyOS3z5vigzIV+UW1O\/3SSjgyVj5M8H52Y8HrSYLmwjIl8HjFVRTqTcd3EqlVrzXq0FnIdb8YzAZwD7N5YMgwyfmIueE27m3iZ4wHv86BcpwzDMExwSGrXr8TaIDGey2G5UBBr7WGjF\/l3NPo7eal0ivnldaVQCGVxIS\/+nLyCOkk3TN5rrC8v\/6f37mPz7jFs2ZPFk1srLUZo2YDtVRrnya0VvHTmpPh3N5G9\/P\/ff\/xn2+\/93aM\/IKIo2Lw7jb86GNm3\/\/oKnldr+PboCcvr9FwA8NwinefVmpD3AdaM\/ATFGKDNA6cgvk5EFAVbD0wAcD59sN74BoaWP9MfVgrLSDcj2scTiZbFuKZpqDflJygwnby4k73WBsXTv1KuYCKfRzyREJM3EU8kxDE9L\/OcLPHjV\/e6X1TKFWRzuabnaevzy9ICZmMfeUua63jt+iSAwTvR4ZULly7iG11vCSxFkDwEYBiFesniwvVQ5BvlejEbv2ijR35\/ktu\/\/H1VMrrK7YC8nc1BPuXFyaAYOyvlitDVps92JCTJI6D1eeQyos3EbG68bXPUTQpDNgrLRjcKjg30VhqDJH7o34NCWH0hbKj+7GRxzMF8w4of0S1oE8PcHsMy4NJcsXYvA1pELy5ctzWU\/\/7zz8QpHc1DrIpatSrm6Gxu3LU9Uz+Lm\/o9YPRHan9usR7snAtkz0y5T\/tJu1tQ7Jr9e\/dZzuMkYwh4n+eDxrBgGIZhjHewwwcPQVEU3L57B3\/885\/6nSXfnJs9i8WFBcQTCdy+eyfUoLe9oNf5dzT699JDStO0rhytHWT+qRHF368TL3\/iyceL2Lx7DBFFgfLJb\/Hk1goa+jeIKNuxZU9WGKiffLzoKb2GruPboycQUZSuS\/tsakr2uG1IPL13H1v2ZLE5M4a\/fjhv+Z1tR6dELILRXUk8vVfCs2a6UTWGLXuyLfezOlXw4lEN2LP2WQ4kDBhls6rV1zYFXAz20VdUbDs61fK3iLIdm3enRRrd3lgZJJaiq\/ga7OUPGAsop0Dn3QhkXioWhQ78ZH6yzShKuv+0YCTjdzqTFgvn5cKybfrjDkEfgfADtZaKRbFRYQT5S0LT6lCU7cjmcmID2inPMqSvOEjGMSdkneMLly4inohD17+BomwXi3o64UGQQUJRFDz4\/LPm5n8Fuq5DVdWWwJ0rNuXW63r2g7zZkUylWoIOxxMJTOYnRbtY8WiMceqndU3zbNRZXFjAhHT\/oMha\/BcuXURsTkWtWsVEftLW+E0e8RcuXYQya9yfDHbmjTxD49LQXb9y7SoWF65DVVURlHKQ+od5jHQaM2Oqig8uXcRyYVn0GcBK77zUjPlgaK2uNL9PfcNJ9qdSLosx9sbSTSwuXIeu66LPueUxbHRdx4nmOD9IHrph9YWw0XW9JVaKeWOQgvmuXW9f84zncsjmxrFSWO7Y4NtpWub2OD93uSV2nNdTbclUsm0cTKaSYrwxzzH0vuA0VlTK5eamddLzs5EMXzqTcT0hUK3aSxbSiQEAzf7ZPsbTPEbjQTyRaBkPTkqOEHI+\/KTdLUjK8fbdO2KO1zStKe+YFhvfXudAYG1DedDX+QzDMIMIvZfrui5iPA0b9P46rPNAr\/PfV03\/jcx2AO+tQy3\/Zw8reHJrRRj4yYNc5smtFV8BdnthiDY89w3pITeP+ecPK9iyJ4uRnXFEFMXSYP\/0XglbD\/wcEUVBVI1h64EJy7KggL5WvJAWeKta3fI+zx\/VsNkiyK8VUTWGbe+9a3t9Vavju18vOqaxXvgawBJr+QvcgrZ3K5A56eKOZTIAWo3+iwsLGM+NtwUyJGrVqqM2rVsAnG4sdM\/NnsWVa1dt77+4sOB5cu\/GRku3OXHsuHh+2XuPOD\/bGrRZ13XcLxbFpshEPm\/5u1q1amuI6Uc9e0X2Bl3rY+39bHFhwbPTg1M\/9ePJqet6aB7O83OXcWPJ8N6lUzhEXdPajG10ykc2dhPmTTEKGEkbKObjx3abQf2gVq2KjT8nKRHAKJdsLtfWfhcXrrd8pnHA7vmdgo\/KdRxPJNrKulQs9vyURD88jd0Isy+EDXl2A61BfK2uW9Ulea+HcQogjLRoziejtYzXDXGKHWMFBX8nqL+49Uc6qWb1LmIHxSYCgLFMxvF9pFatig0PuxNRlF8riQWax9zGg+um8cNP2t1ipbAs6stqzAPa680NL6epGIZhGGvGc+OoVastG+PDxmR+EsuFZc6\/RxyN\/vJx642O2wujX\/Y2orBWdhx+vj16Ag1dtzRyf\/fxIh6fOd\/zPLkxuutH4t\/PXF4i5Q2LzbvHLDclXjyq4f\/u+g946cxJIWlk5vnDCr79l\/O2kjryfew2SV5Ua0Bzs+JFB\/IQzx9W8JdmvW0EPoquovfhMxkzpIurKEqbJAxgBK+8cu1q2wK\/Ui7j8MFDA+UtChhGtBPHjguPd5nFhYUWeZL1iN3z67qO87NnLQ1+7x87jmq11uJ9bJXmMKLrOvbv3Yep6SOWmxkAfGkzh01YHs6Vchknjh1vMypT7CZzPy0Vi817t5bJSqFgWRa0mWR+MZ6fuzxQnv7Amsew24bdcmEZqhprMYCtFAqWfeTwwUOW46CXMWV+bq7tPpTPYe1X3WBQvf0pWK\/dGoSuA8Ph7TY\/dxnxRKKtLZ84drzjTW4ab+RyIKO3W9p0nQwgXspSjk00mZ90DZBLG9zpTLqjcevwwUO4sXSzbTxcXFgYuCC9gLHRp2kaPrh00dKmUKtW8f6x4543INOZjNhYHbTxn2EYZhigU\/TDjN0m8rDQ6\/xHfvD9Hb8D8IbVRQoCxiBwIDQrXkYE\/\/XFSChpdYORnXFEFQUvvtI60niPqjGM7koi+oqK1a80PHtYcUxvtCl389whiC4RURRs2mkEwjMbxIPkP6rGMPKKapmeU1693IPySnI+q19peF6teZIrcruPUzkQ8rNZ0Wk9DxtfRhr4ZfRFv7MROmueT94Xzl53+M1HxgkKqEtebGZo49ju93K+nb4TTySEh1qpWHRckMtBfp2wKycqk042esmbjxam9x08av3cz+m7QerfjJf6cqtzyic9P3l6e9mgkT0465qGSrnsmg83un1awmu5K4oigkUCax7sfgMXOmFuF17y5qU+Cbe2qjY9gWOqIfHjZpBRVRVjTY9\/t34NQMQAcetTYeOnj56aOY2JfF5odZqh92ra7KFn8lJeNA4GeX4ytHot607xMpYE+W5QwugLYcwNfqGycepzXq6by9ZPv3dLywq39IO0ZSdHNLvnp3x4ybO8eWKON2DXbuQ8uc0BctDzN378E5EfL3OZVdo0XzqVYdC07QjSbsy\/l2M6VMpl275k196uXLuKdCaDlULBMlYOwzDMMDIsRvhzs2dt51vzad9BxcqmO+z5d+EBG\/09EqbR\/+LqCH66zrT8GWZYOBx9gT9EWMufYRiGCZfbd+8gnkjgZ2++ZbkoMhv9GYbZOFDAYDZYB0PeOHGKZ8IwDMMwjODB+hOVH3Beb0TY4M8wfeLTSIMN\/gzDMEzoqKqKeCLRFoyYYRgGgNCtz+ZyQ6tD3E\/IEXEYYx4xDMMwTL9w1PSvlMuYZ0ckAIbUQBj8EBF8yUZHhukLH0U5eC\/DMAwTLlPT00hn0gC6LynFMMxwslwoYCI\/CSC8deVGggJXr\/f4SAzDMAwTJq5Gf168hMtHkVV8xI7+DMMwDMMw6wJZCrNSdo8LxDDMxoRkfYJo4m90zs2eRaVc4ZNUDMMwDOMDR6M\/wzAMwzAMwzDulIpFLBcK\/c4GwzADChusO8Mt4DnDMAzDMK2w0Z9hGIZhGIZhAnJu9ixq1arr6diVQgGVcpmlPRiGYRiGYRiG6TqRH3x\/x+8AvNHvjDAMwzAMwzAMwzAMwzAMwzAM0xEPNgH4t37ngmEYhmEYhmEYhmEYhmEYhmGYjvm3\/w\/HWnIxyEnuOAAAAABJRU5ErkJggg==\" alt=\"Markalama G\u00f6rseli\" title=\"\"><\/p>\n<\/div>\n<div>\n<table style=\"width: 100%;\" cellspacing=\"0\" cellpadding=\"0\">\n<tbody>\n<tr>\n<td style=\"width: 120px; font-weight: bold;\">Norme<\/td>\n<td style=\"width: 400px; text-align: left;\">TS EN 1360 TYPE 3<br \/>\nISO 1307<\/td>\n<td style=\"width: 120px; font-weight: bold;\">Couleur<\/td>\n<td style=\"width: 400px;\">\n<div class=\"color-icons\"><img decoding=\"async\" src=\"data:image\/svg+xml;base64,PHN2ZyB2aWV3Qm94PSIwIDAgMTAwIDEwMCIgeG1sbnM9Imh0dHA6Ly93d3cudzMub3JnLzIwMDAvc3ZnIj4KICA8Y2lyY2xlIGN4PSI1MCIgY3k9IjUwIiByPSI0OSIgZmlsbD0iIzAwMDAwMCIgc3Ryb2tlPSJibGFjayIgc3Ryb2tlLXdpZHRoPSIwLjUiLz4KICA8Y2lyY2xlIGN4PSI1MCIgY3k9IjUwIiByPSIzOCIgZmlsbD0id2hpdGUiIHN0cm9rZT0iYmxhY2siIHN0cm9rZS13aWR0aD0iMC41Ii8+CiAgPGNpcmNsZSBjeD0iNTAiIGN5PSI1MCIgcj0iMzMiIGZpbGw9IiMwMDAwMDAiIHN0cm9rZT0iYmxhY2siIHN0cm9rZS13aWR0aD0iMC41Ii8+CiAgPGNpcmNsZSBjeD0iNTAiIGN5PSI1MCIgcj0iMjIiIGZpbGw9IndoaXRlIiBzdHJva2U9ImJsYWNrIiBzdHJva2Utd2lkdGg9IjAuNSIvPgo8L3N2Zz4=\" alt=\"\" title=\"\"><br \/>\n<img decoding=\"async\" src=\"data:image\/svg+xml;base64,PHN2ZyB2aWV3Qm94PSIwIDAgMTAwIDEwMCIgeG1sbnM9Imh0dHA6Ly93d3cudzMub3JnLzIwMDAvc3ZnIj4KICA8Y2lyY2xlIGN4PSI1MCIgY3k9IjUwIiByPSI0OSIgZmlsbD0iIzNGQTY0OCIgc3Ryb2tlPSJibGFjayIgc3Ryb2tlLXdpZHRoPSIwLjUiLz4KICA8Y2lyY2xlIGN4PSI1MCIgY3k9IjUwIiByPSIzOCIgZmlsbD0id2hpdGUiIHN0cm9rZT0iYmxhY2siIHN0cm9rZS13aWR0aD0iMC41Ii8+CiAgPGNpcmNsZSBjeD0iNTAiIGN5PSI1MCIgcj0iMzMiIGZpbGw9IiMwMDAwMDAiIHN0cm9rZT0iYmxhY2siIHN0cm9rZS13aWR0aD0iMC41Ii8+CiAgPGNpcmNsZSBjeD0iNTAiIGN5PSI1MCIgcj0iMjIiIGZpbGw9IndoaXRlIiBzdHJva2U9ImJsYWNrIiBzdHJva2Utd2lkdGg9IjAuNSIvPgo8L3N2Zz4=\" alt=\"\" title=\"\"><br \/>\n<img decoding=\"async\" src=\"data:image\/svg+xml;base64,PHN2ZyB2aWV3Qm94PSIwIDAgMTAwIDEwMCIgeG1sbnM9Imh0dHA6Ly93d3cudzMub3JnLzIwMDAvc3ZnIj4KICA8Y2lyY2xlIGN4PSI1MCIgY3k9IjUwIiByPSI0OSIgZmlsbD0iI0U4M0YzRiIgc3Ryb2tlPSJibGFjayIgc3Ryb2tlLXdpZHRoPSIwLjUiLz4KICA8Y2lyY2xlIGN4PSI1MCIgY3k9IjUwIiByPSIzOCIgZmlsbD0id2hpdGUiIHN0cm9rZT0iYmxhY2siIHN0cm9rZS13aWR0aD0iMC41Ii8+CiAgPGNpcmNsZSBjeD0iNTAiIGN5PSI1MCIgcj0iMzMiIGZpbGw9IiMwMDAwMDAiIHN0cm9rZT0iYmxhY2siIHN0cm9rZS13aWR0aD0iMC41Ii8+CiAgPGNpcmNsZSBjeD0iNTAiIGN5PSI1MCIgcj0iMjIiIGZpbGw9IndoaXRlIiBzdHJva2U9ImJsYWNrIiBzdHJva2Utd2lkdGg9IjAuNSIvPgo8L3N2Zz4=\" alt=\"\" title=\"\"><br \/>\n<img decoding=\"async\" src=\"data:image\/svg+xml;base64,PHN2ZyB2aWV3Qm94PSIwIDAgMTAwIDEwMCIgeG1sbnM9Imh0dHA6Ly93d3cudzMub3JnLzIwMDAvc3ZnIj4KICA8Y2lyY2xlIGN4PSI1MCIgY3k9IjUwIiByPSI0OSIgZmlsbD0iIzQ2QTZEOCIgc3Ryb2tlPSJibGFjayIgc3Ryb2tlLXdpZHRoPSIwLjUiLz4KICA8Y2lyY2xlIGN4PSI1MCIgY3k9IjUwIiByPSIzOCIgZmlsbD0id2hpdGUiIHN0cm9rZT0iYmxhY2siIHN0cm9rZS13aWR0aD0iMC41Ii8+CiAgPGNpcmNsZSBjeD0iNTAiIGN5PSI1MCIgcj0iMzMiIGZpbGw9IiMwMDAwMDAiIHN0cm9rZT0iYmxhY2siIHN0cm9rZS13aWR0aD0iMC41Ii8+CiAgPGNpcmNsZSBjeD0iNTAiIGN5PSI1MCIgcj0iMjIiIGZpbGw9IndoaXRlIiBzdHJva2U9ImJsYWNrIiBzdHJva2Utd2lkdGg9IjAuNSIvPgo8L3N2Zz4=\" alt=\"\" title=\"\"><\/div>\n<\/td>\n<\/tr>\n<\/tbody>\n<\/table>\n<\/div>\n<\/div>\n<\/div>","protected":false},"excerpt":{"rendered":"<p>&nbsp; \u00dcr\u00fcn Ad\u0131: POMPA SWB \u00dcr\u00fcn Kodu: OPSW430 Benzin Pompas\u0131 \u00c7elik Tel \u00d6rg\u00fcl\u00fc -30\u00b0C Kullanim Alan\u0131 : T\u00fcm Benzin Da\u011f\u0131t\u0131m Uygulamalar\u0131 \u0130\u00e7in (Normal, Premium Benzin ve Dizel). Alt Katman : Ya\u011fa, benzine ve dizele dayan\u0131kl\u0131, p\u00fcr\u00fczs\u00fcz, siyah, nitril kau\u00e7uk. Takviye Katman\u0131 : Tek Kat Y\u00fcksek Mukavemetli \u00c7elik Tel \u00d6rg\u00fc \u00dcst Katman : Alev, Ya\u011f, Yak\u0131t, [&#8230;]\n","protected":false},"featured_media":22419,"comment_status":"open","ping_status":"closed","template":"","meta":{"jetpack_post_was_ever_published":false},"product_brand":[],"product_cat":[2365],"product_tag":[],"class_list":{"0":"post-21623","1":"product","2":"type-product","3":"status-publish","4":"has-post-thumbnail","6":"product_cat-sel_yakit_pompa_hortumlari","8":"first","9":"instock","10":"taxable","11":"shipping-taxable","12":"product-type-simple"},"jetpack-related-posts":[],"jetpack_sharing_enabled":true,"jetpack_likes_enabled":true,"_links":{"self":[{"href":"https:\/\/tuzlahortum.com.tr\/fr\/wp-json\/wp\/v2\/product\/21623","targetHints":{"allow":["GET"]}}],"collection":[{"href":"https:\/\/tuzlahortum.com.tr\/fr\/wp-json\/wp\/v2\/product"}],"about":[{"href":"https:\/\/tuzlahortum.com.tr\/fr\/wp-json\/wp\/v2\/types\/product"}],"replies":[{"embeddable":true,"href":"https:\/\/tuzlahortum.com.tr\/fr\/wp-json\/wp\/v2\/comments?post=21623"}],"wp:featuredmedia":[{"embeddable":true,"href":"https:\/\/tuzlahortum.com.tr\/fr\/wp-json\/wp\/v2\/media\/22419"}],"wp:attachment":[{"href":"https:\/\/tuzlahortum.com.tr\/fr\/wp-json\/wp\/v2\/media?parent=21623"}],"wp:term":[{"taxonomy":"product_brand","embeddable":true,"href":"https:\/\/tuzlahortum.com.tr\/fr\/wp-json\/wp\/v2\/product_brand?post=21623"},{"taxonomy":"product_cat","embeddable":true,"href":"https:\/\/tuzlahortum.com.tr\/fr\/wp-json\/wp\/v2\/product_cat?post=21623"},{"taxonomy":"product_tag","embeddable":true,"href":"https:\/\/tuzlahortum.com.tr\/fr\/wp-json\/wp\/v2\/product_tag?post=21623"}],"curies":[{"name":"wp","href":"https:\/\/api.w.org\/{rel}","templated":true}]}}