{"id":21596,"date":"2025-08-11T11:16:30","date_gmt":"2025-08-11T08:16:30","guid":{"rendered":"https:\/\/tuzlahortum.com.tr\/urun\/oil-tube\/"},"modified":"2025-08-20T15:38:08","modified_gmt":"2025-08-20T12:38:08","slug":"oil-tube","status":"publish","type":"product","link":"https:\/\/tuzlahortum.com.tr\/fr\/produit\/oil-tube\/","title":{"rendered":"TUBE D'HUILE"},"content":{"rendered":"<p>&nbsp;<\/p>\n<div class=\"report-container\">\n<div class=\"report-header\">\n<div class=\"standard-text\">Nom du produit : TUBE D'HUILE<\/div>\n<div class=\"standard-text\">Code produit : ONTO20<\/div>\n<\/div>\n<div class=\"product-image-container\">\n<div class=\"key-feature\">Tuyau nitrile r\u00e9sistant \u00e0 l'huile<\/div>\n<\/div>\n<div class=\"horizontal-line\"><\/div>\n<div class=\"product-details\">\n<div class=\"detail-row\">\n<div class=\"detail-label\">Domaine d&#039;utilisation<\/div>\n<div class=\"detail-value\">: Services de vidange d'huile.<\/div>\n<\/div>\n<div class=\"detail-row\">\n<div class=\"detail-label\">Substrat<\/div>\n<div class=\"detail-value\">: Caoutchouc nitrile r\u00e9sistant \u00e0 l'huile et au carburant.<\/div>\n<\/div>\n<\/div>\n<div class=\"datasheet_table\"><img decoding=\"async\" class=\"alignnone size-full\" src=\"https:\/\/tuzlahortum.com.tr\/wp-content\/uploads\/2025\/08\/datasheet303.svg\" alt=\"\" title=\"\"><\/div>\n<div class=\"table-notes\"><\/div>\n<div class=\"horizontal-line\"><\/div>\n<div class=\"footer\">\n<div class=\"standards-section\">\n<div class=\"standard-item\" style=\"margin-top: 9px;\"><\/div>\n<div class=\"standard-info\"><\/div>\n<\/div>\n<div class=\"temperature-section\">\n<div class=\"temp-icon\"><img decoding=\"async\" src=\"data:image\/svg+xml;base64,PD94bWwgdmVyc2lvbj0iMS4wIiBlbmNvZGluZz0iVVRGLTgiPz4KPHN2ZyBpZD0ia2F0bWFuXzIiIGRhdGEtbmFtZT0ia2F0bWFuIDIiIHhtbG5zPSJodHRwOi8vd3d3LnczLm9yZy8yMDAwL3N2ZyIgdmlld0JveD0iMCAwIDcyLjI3IDE2Ljk4Ij4KICA8ZGVmcz4KICAgIDxzdHlsZT4KICAgICAgLmNscy0xIHsKICAgICAgICBzdHJva2Utd2lkdGg6IC41OXB4OwogICAgICB9CgogICAgICAuY2xzLTEsIC5jbHMtMiwgLmNscy0zLCAuY2xzLTQgewogICAgICAgIGZpbGw6IG5vbmU7CiAgICAgICAgc3Ryb2tlLW1pdGVybGltaXQ6IDMuODY7CiAgICAgIH0KCiAgICAgIC5jbHMtMSwgLmNscy0zLCAuY2xzLTQgewogICAgICAgIHN0cm9rZTogI2E3YTlhYjsKICAgICAgfQoKICAgICAgLmNscy01IHsKICAgICAgICBmaWxsOiAjYTdhOWFiOwogICAgICB9CgogICAgICAuY2xzLTIgewogICAgICAgIHN0cm9rZTogI2ZmZjsKICAgICAgfQoKICAgICAgLmNscy0zIHsKICAgICAgICBzdHJva2Utd2lkdGg6IDIuMDZweDsKICAgICAgfQoKICAgICAgLmNscy00IHsKICAgICAgICBzdHJva2Utd2lkdGg6IC4ycHg7CiAgICAgIH0KICAgIDwvc3R5bGU+CiAgPC9kZWZzPgogIDxnIGlkPSJrYXRtYW5fMSIgZGF0YS1uYW1lPSJrYXRtYW4gMSI+CiAgICA8Zz4KICAgICAgPHBhdGggY2xhc3M9ImNscy0zIiBkPSJNMTEuMzQsMTEuNTdjLS45NCwxLjcxLTIuNzEsMi42Ni00LjgsMi42Ni0zLjA1LDAtNS41MS0yLjQ3LTUuNTEtNS41MlMzLjUsMy4xOSw2LjU1LDMuMTljMS45NCwwLDMuNjUsMSw0LjYzLDIuNTIiLz4KICAgICAgPGNpcmNsZSBjbGFzcz0iY2xzLTUiIGN4PSI2LjU1IiBjeT0iOC42NiIgcj0iMi40Ii8+CiAgICAgIDxjaXJjbGUgY2xhc3M9ImNscy0yIiBjeD0iNi41NSIgY3k9IjguNjYiIHI9IjIuNCIvPgogICAgICA8bGluZSBjbGFzcz0iY2xzLTMiIHgxPSI2OC4zNCIgeTE9IjExLjc2IiB4Mj0iOS45MiIgeTI9IjExLjc2Ii8+CiAgICAgIDxsaW5lIGNsYXNzPSJjbHMtMyIgeDE9IjY4Ljc4IiB5MT0iNS41MSIgeDI9IjkuNzMiIHkyPSI1LjUxIi8+CiAgICAgIDxsaW5lIGNsYXNzPSJjbHMtMyIgeDE9IjU0LjA3IiB5MT0iOC43NSIgeDI9IjguNjQiIHkyPSI4Ljc1Ii8+CiAgICAgIDxwYXRoIGNsYXNzPSJjbHMtMyIgZD0iTTY4LjE1LDUuNTVjMS43MSwwLDMuMDksMS4zOSwzLjA5LDMuMDlzLTEuOTIsMy4wNi0zLjYyLDMuMDYiLz4KICAgICAgPHBhdGggY2xhc3M9ImNscy01IiBkPSJNNTMuOTEsOC43NWMwLS4xNC4xMi0uMjYuMjYtLjI2cy4yNy4xMi4yNy4yNi0uMTIuMjctLjI3LjI3LS4yNi0uMTItLjI2LS4yN1oiLz4KICAgICAgPHBhdGggY2xhc3M9ImNscy0zIiBkPSJNNTMuOTEsOC43NWMwLS4xNC4xMi0uMjYuMjYtLjI2cy4yNy4xMi4yNy4yNi0uMTIuMjctLjI3LjI3LS4yNi0uMTItLjI2LS4yN1oiLz4KICAgICAgPGxpbmUgY2xhc3M9ImNscy0xIiB4MT0iMzYuNDMiIHkxPSIxNi45OCIgeDI9IjM2LjQzIiB5Mj0iMTQuMjQiLz4KICAgICAgPGxpbmUgY2xhc3M9ImNscy0xIiB4MT0iMjguMDUiIHkxPSIxNi45OCIgeDI9IjI4LjA1IiB5Mj0iMTQuMjQiLz4KICAgICAgPGxpbmUgY2xhc3M9ImNscy0xIiB4MT0iMTkuNTkiIHkxPSIxNi45OCIgeDI9IjE5LjU5IiB5Mj0iMTQuMjQiLz4KICAgICAgPGxpbmUgY2xhc3M9ImNscy0xIiB4MT0iNDEuNTciIHkxPSIyLjc0IiB4Mj0iNDEuNTciLz4KICAgICAgPGxpbmUgY2xhc3M9ImNscy0xIiB4MT0iMzMuMjgiIHkxPSIyLjc0IiB4Mj0iMzMuMjgiLz4KICAgICAgPGxpbmUgY2xhc3M9ImNscy0xIiB4MT0iMjQuOTkiIHkxPSIyLjc0IiB4Mj0iMjQuOTkiLz4KICAgICAgPGxpbmUgY2xhc3M9ImNscy0xIiB4MT0iMTYuMDgiIHkxPSIyLjc0IiB4Mj0iMTYuMDgiLz4KICAgICAgPGxpbmUgY2xhc3M9ImNscy0xIiB4MT0iNDQuNjMiIHkxPSIxNi45OCIgeDI9IjQ0LjYzIiB5Mj0iMTQuMjQiLz4KICAgICAgPGxpbmUgY2xhc3M9ImNscy0xIiB4MT0iNDkuNDkiIHkxPSIyLjc0IiB4Mj0iNDkuNDkiLz4KICAgICAgPGxpbmUgY2xhc3M9ImNscy00IiB4MT0iNDAuODgiIHkxPSIxNi45OCIgeDI9IjQwLjg4IiB5Mj0iMTQuMjQiLz4KICAgICAgPGxpbmUgY2xhc3M9ImNscy00IiB4MT0iMzIuMzMiIHkxPSIxNi45OCIgeDI9IjMyLjMzIiB5Mj0iMTQuMjQiLz4KICAgICAgPGxpbmUgY2xhc3M9ImNscy00IiB4MT0iMjMuNzkiIHkxPSIxNi45OCIgeDI9IjIzLjc5IiB5Mj0iMTQuMjQiLz4KICAgICAgPGxpbmUgY2xhc3M9ImNscy00IiB4MT0iMjAuNTkiIHkxPSIyLjc0IiB4Mj0iMjAuNTkiLz4KICAgICAgPGxpbmUgY2xhc3M9ImNscy00IiB4MT0iMjkuMTMiIHkxPSIyLjc0IiB4Mj0iMjkuMTMiLz4KICAgICAgPGxpbmUgY2xhc3M9ImNscy00IiB4MT0iMzcuMTYiIHkxPSIyLjc0IiB4Mj0iMzcuMTYiLz4KICAgICAgPGxpbmUgY2xhc3M9ImNscy00IiB4MT0iNDUuNzEiIHkxPSIyLjc0IiB4Mj0iNDUuNzEiLz4KICAgIDwvZz4KICA8L2c+Cjwvc3ZnPg==\" alt=\"S\u0131cakl\u0131k\" width=\"100\" title=\"\"><\/div>\n<div class=\"temp-values\">\n<div>-35\u00b0C \/ +70\u00b0C<\/div>\n<div>-31\u00b0F \/ +158\u00b0F<\/div>\n<\/div>\n<\/div>\n<div class=\"marking-section\">\n<div class=\"detail-row\">\n<div class=\"detail-label\">Image de marque<\/div>\n<div class=\"detail-value\">: Gaufrage ou jet d'encre<\/div>\n<\/div>\n<p><img decoding=\"async\" class=\"marking-image\" src=\"data:image\/png;base64,iVBORw0KGgoAAAANSUhEUgAABf0AAAAoCAYAAABEkVAiAAAACXBIWXMAACE3AAAhNwEzWJ96AAAaKElEQVR4nO3dMW\/bWLoG4HcX2w7\/gAlsBncasdgFthGLDDZFxCKDuYXFIkGKK6tIbhpZhZ0pJnZhe4uJXdhuskkhuwmSgnJxBzOFFODOxUxBdVtRzQK7BfUHmD9wC+k7piiSoiRaouz3AYyZyDR1yHNISt855zu\/+48\/3qsBuAciIiIiIiIiIiIiIlpn\/\/4DgP8C8GDFBSEiIiIiIiIiIiIiosX88vtVl4CIiIiIiIiIiIiIiPLBoD8RERERERERERER0S3xh0V3UDbNPMqRmyAI0Pc8AICu69jQdfW7vuchCIJVFY2IiIiIiIiIiIiI6EbNHfTXNA3vP35AyTDyLM\/Ceq6Lp4+fAAA2bRuN5rb63dPHT9Bz3VUVjYiIiIiIiIiIiIjoRs2d3qdWrxcu4E9EREREREREREREdJcxpz8RERERERERERER0S2xcE5\/MfB9+L6fus0w334\/r7dMLAcREd1eJcNQa7cUUckwMPB9riGToOj1BwzXK5o3HeA6HN+82LaJiIiIiPLz\/uOHVRchkyunjbbjTLxeMgy82t9bQYlmd3RwOPE9bd3LP01uQf+XO7vMl09ERDeqbJp4\/\/EDXjx7jm6ns+riTNA0Da9PjtH3PLzc2V11cQpH1gO6chwcHRyuujixqraNH06O8eD+11MHM0QVvX0ugm2biIiIiChfZdNcdREy6bm92Nc1TVubY9A0Lfa1dS7\/NLkF\/Rel6zo2bXvh\/Qx8P7b3iW6Grut4aFmq8fU9LzXQoes6NnR9NOtjvIdKLrS+5808irBkGDNdAD3XhaZpal2KtPeUckVns0x7z7TZL3IespjnfNwVFcsaq8O0tif1lXY+pV6k7mZpV9H9lk1TtZ0gCHDlOKn1OMuxRO+XV46TKTgZPb4s28ZZZQevLM6+aVcLGVSVeiwZBs5Pz2YOGi+iZBioWBaA4f2n2+nMdO9Iau9x9+t51ep1aJqGTdsubNBf2lijuT1zcFv+tlbfUuc+6Z4T9wzK8oFzWn3IPqZdp2nvFXePWGXbJiIiIiKixc3yvaOoovG8dbPM8hcm6L+h6+rL8iJ6rsug\/5LIaMiovufhxbPnsQGBTdtGo7mNnuvi6eMnY7+TaU1PHz+ZOaj4an9vppvWV\/e+RMkwMr2nbHN+eobz09OZ3vOy1cL56dlEwEfOQxbznI\/bTkYLR2+SMgI1LiAm9RWtxzCpF9lmlnYVrqfXJ8cTnZiN5jaePn4SW7a47eOuESD+ums0t\/Hdzu7Ue1\/0+LJsGycIAly2LqbuI2\/hjpTz07OlvndWbcfBpl1F2TTnChrPK64NfR\/s4bud3cydI2ntfeD7ODo4XKijRdM01OpbAIpbf8Bw5uL7jx+wadszBbej7fPNu7fQNC3x2ty0bbza30MQBPjLn\/4MINv03qR7AzDsrJN9fPvom9TOgWnvddlqjXXMrKptExERERHR4vqeh28ffQNg+N2vVq+vuESzC39H+fHnn9Yu8L\/s8nMhX5pLUsAfgAqmzzP15Lap1euJ54nmkxTwB4Zt7++jQFuSWn3rRttm1bZjZy1pmoa\/v3s78Xqj2YzdfhhYa469put6Ynv64eQYesbZI4vSNA2N5vbSc99JwPjKcQqdM10C2pu2vZQ6iQv4A8N6evPubS4fJDZ0HW\/evVUzCeaxadvQNA0D38dlq7VwmW5Kz3VVB94sgxHC7bPnuvg06iCR16OqdlVtn5dwp82io3dq9frEF4Flt20iIiIiIspHeDBqEHxeYUnmFy73OmbEWHb5CzPSn9aHruv4PhTsu2y10O10oes6avUtlAxDzdxYVvqGK6c9kWNMgjXD1CeDG3xvB22nPfZa2TRVcFlSIsQFKYfpqNoTr0e3oWu1el0FMXuui8vWxej1LZRNExu6jlq9njgKfTjaOPn3YdF2pesb2LTt2HqTepIAX9\/z1CwPGRm7oeuoWJYaLR0e+dz3PBwdHKqAeskwUKtvjZVTtg2CAH87OITv++p6lH3lfc0NA6DX50DTvlDB21q9jm6nu5SZKHItAcDFqM6Lque6GPg+Nkbpz24ywF02TRXwH\/i+Gpletavq9Vf7e4kjw+NE75nS7oFh51LvvjvXBxQJche9\/oDhtV82TTy0LADTR7THtc+L1gU2bRslw4Cu6xPp4eQ+dhlzPtJmQqQ9Ex5aFfX\/FauSqe3FvZc8vxrN7bF9LLNtExERERFRfsqmOZpp\/Blls4wXz56jZBi5ZF1ZFomJaNoXCIIATx8\/Qa2+tdDgtGVadvlzC\/q\/PjmeKb+rpIdIChbFBVKz7pduVjiHfzhtQQ9At9NRo7AlNcIy6iQudYLcuNpO+0aDkr4\/mNh\/z3XR7XTw488\/ARjmQo4L+vu+v\/QUKetOAofRFBfdTkeNRI4Gy6Om\/V5E25UEWNPqTQJ556dnKrjfc11UrIoK9MnrZdNU19LTx0\/UtRIEgZotE+4wkn0P74\/X113JKI11huSp5\/YmjrXttFX5qnZ1KUH\/cK76Io\/yFxetC7za38sceJ2XXA9BEODbR9+oNtRzXXheX6XsSep4jBN3z+y5PfxwcqyC27Om0dN1XbXPTwVciyGq7TiqM61smlPbeFz77HueCpAPn4fX15HUW9\/zYj87zftciI701zRt6jM47r16rquu8ejxL6ttExERERFRvmQmr6SB7XY6KJvltcnxLwOTAODB\/a\/h+z56rot\/\/vtfKy5ZNssuf27pfTZ0XeWzzfJTsSy8iUl1ISSQOuvPOgSD1l1lNJIwbv2EIAjUSON1XlgjD33PY3vMmcwiARA7ol1GrE5re8Ng9eILh8eVT0Rzn3c73dE2pYnte+74yOlwgC2ciki2l31N7ns511vf89To5IdL6lEvm2UAk+e1qD6FOnZukpz\/uA7Wy1ZLvbZoOdqjlDXD96xM2XpSeKH2dVkAdpY6TGqfMupfgvxCOgniRvnPK7xYudTVvPUuI\/rj9rGstk1ERERERDdjI5Sqc13TdsoxsPzJVprTX0aQxdH1jZk6EeTnLgeZl0XqLJpOR4QDlnc9KMCZJ\/kKB8DjOlRkZC2QfOOcJ1f3POXLss356Sm+uvflROqVpP1M2\/8y19EIpyhaxvted5CM33d0XUej2VSdONKh\/Gp\/b+x5oGkaXu3v4c27t4kLFsk6CnLfqtXreP\/xAxrN5kTny+uTY7w+OU6chuf7fqaAe61eH3vPrL8LHxcQfz0A1wFaXd9I3EdW0rk0z4cS6eyKGzFftW00mk3oup5aT0l1K\/JsCwDgeX0A1wH99OOLb5+Sr38jNNOhYlnY0HUEQZBrJ5a0xXBKrixlT5LUOZO1bRMRERERUTE1mtv48eef8H+\/\/Yq208ZX975cWnruvLz\/+AHvP37A\/\/z8E54+foK\/\/OnPua6XdtOWUf650\/tcOc6NLoi5mbAY5jTRlB90c9LSHfRcl8EALDcIexdcdzgltz1\/lE4jnEYn7LJ1oWYMVG175jQlyxC+dpaROmce4SBzyTBuvJzhWRFhsn6IvB5e6HjTtvH08RMMfH9s8eeKZaFiVSaeFbL2wvkpxnLiD2enDbff0PWxhcoljVlcipS+56nO6KTzI9P7Bn4Vf73\/9VhZZKHkB\/fj22iWdiK5+fPoEI+mmZpFUlAcADbtKsqmib7nqfUsgGE9GUYJL3d2JxaPr9XrePr4ydhx59kWZj3epPYpgf2KZaFqV3F04KnZcp86nVw7hq9n4fXg+z4azW1ULGvuD+9pz68sbZuIiIiIiIrrOjXx8LvsZaulvoOuC0lFKt9J2k57rljyqtx0+ece6e\/7Pv7ypz\/jq3tfzvSTtjgd0W0SnnmyLilJ7gJZTwS4mdH+eZDgHdNDDYWDrklBUl3Xx4K8wPWI7riR4WXTTEzxFA74h8tQq9fx93dvJ4KhjeZ27Oh3CXCnBU8lBY90QoXLAMiiuuuRDieNnP+0IHdcPW3a9kTAX7yOeQ3Iry3IB69pnbfT2ufVaH0iWQBbUjLNs25RknBKM0l1KO1qnpkZ4TUY4u5DWdo2ERERERHNJrqGXTibATCeGjgIgrEBOEEQjP3ttH3Jd4ZGswlgOAM7us95zFLmaBkHvj9RxqR9yb8l88vwGKoLrwO47uUPy20hX6K7qmyW1U0y\/JpctJetVuIFm5biCijuKO91d9lqodHcLuRof1kEG8g33\/c6m5bCBhiO8u57Hl7u7OJzEKDR3Mambavr6+jgEFeOg7JpqgVpH1qV2Lrf0HVcOQ7OT8\/whabh9ckxSoaBRnMbQRDgxbPn6LkuNm1bjYR4aFmJi5qmpdaRTqhGcxuN5jbajgN9tPArgFvTUZ61DuPq6YeT49i6lRk90X3m2RaEruuJnS\/Tjq3b6agFfeX9BqMFm5IkPReiH+Sj28sHd0AWELdQNk34KccWfa\/w4lKynyR5pI0iIiIiIqLhZ\/lvH30DAHjz7i0+BwFe7uxC0zT8+PNPeLmzi57romQY+HGUEqbveahYFn44OcaD+18jCALU6nVs1bfw7aNvEASB+s56dHCo9nXRusBlqwVN0\/DLb7+q77rhfcwz6v+y1Rp7n\/PTM7QdByXDwPuPH1LLWDIMNQNb1oB98ew5AKh9dTsddfzfPvpGzUB+\/\/EDgOF3F5lB\/+bd28R0vLe1\/FGFDfoPfH+u0Y0cGUvLFu6Vizo6OEwMBAJQN44kX937cuHy0aQgCHDlOKM0YtVCBf3lwTrw\/UKVqwimpUJ58ey5em4cHRyqwHm301HXYbfTwcapjlf7e4nX7cD38XJnV\/37\/PRMPbTlQQ0MPxCUzfIosFqeuNalR39jykjry1YLtfqW6oQKLwp7G0b5h6XV4ZXjjNVT2SmrnPsvd3bV8\/3lzi4eWpbqNI177ufZFjZ0HRspQf8sx9btdFCr19WHtospHXpJz4WkFIbXqX3c0LY9VCxraodG2jMovBh0WNa2TURERERE2YQ\/d\/dH64vJ635o9Hfcfwehdbf6nje2Dlff66vP7dF9BUGAge9DM4yJfcx3DJ\/H3ke+Q2UpY9jkv72JskX\/O\/n\/\/ZmD5ute\/qjCBv3bTjs2RzLROmk0t9H3PI7YL6Dz0zM1+lfyqK2ajMoFbs8I72WRh3L43zJVLu6BCySnJvEiH3DC6bmiH37kQRy3r6wB+yAIcH56hlf7e2oGCnD3Znp4kXrqdroq6D953ocjIuLOe55tQdYIWdRl62Js0eBPOad8k\/uGLLYMXHcAzLu+TrfTSVwP4LZ1RhERERERrVrJMFSKnapdVbN8ZbDTDyfHuGxdqFSwr0+O0XbaqNW3RjPTm+i5rhp1XqvXMfB91OpbADC2r1f7Go4ODtV3KpkJHd7HPCpWZex9avVAvT6tjMMZ2\/3RSPrxMj+0LHwx+s4mA57Cx9\/3PDXrIbqPu1T+qMIG\/YnWRdwinpI\/etO28ebdW\/zno29igyTD0dz55XWm7HzfV6P9G81tPH28+qC\/PFh7rstR\/jPKc5ZXNDC8DJetFrZGHxQAjC3mc1fkVYdFnPHnj9L5lE0z0wyOpE6\/Qczf6aOZCMD4SH8ZTSIfWJPaU\/i95MNsz3XVVFQiIiIiIrp5ktpUbOA6TQwwHCQYHvk9zFxwvTbZMEXndZrOaOA+vK9w1okH97+G7\/vQdR2\/\/Pbr2D5mVTKM1DJPK2N0bbYsxz\/wfZUSJ2k9uLtS\/qjUoH94Ybi8ZM3\/qusbc41OS8p3C2ChY5k33RDdTcEo91rJMFAyjMR8377vc0bLCkVH+69SrV5XgTuO8r8dZl1A9fz0TD3g2QaKYZ5FcJP03F7sbIM4szwXZGHguKB+OK9\/ctD\/+r0Gvo8fTo5RNs3UdQzyPC9ERERERLQ64UVq11G43Ot4DDdZ\/tSg\/7R84zcp2mOVVVK+W2CyB2YWcaO5iabpdrooGQYqViU1tz9lk\/cNMDzafzilavkjvIHxhTO7nc6dG+F9W0knTtzo7DiSyx8YBlV7U7Zfxw8062bWOlwFaTdl08Q\/\/\/2v2G0qViXTZ5i24+D7\/T1omoZN2078m3U4L0REREREFK\/b6eC70UDV9x8\/oNvpqrQz60LitI1mE2\/evUXf6+eSEmdZllH+3+e6tznwC+P6ShsZvepR01nMmgKCgdjVkzpLa18yoydr\/cqI6oplZZ6JlLdGc1vlFP9bQg7tognPnLrpdCoS3F6H+0oc3x9M3UbX9ZipmenC5z3p3JSM0sS285r12gpb\/zpM\/qyy6mPLsrhTyTAS1y2IuhqlFpNcoWmytG0iIiIiIiqWy9aFWvssCAI0mtu5Z3q5aTJA6fz0FBXLGourrINllH9lQf8gCPDdzi5T5qwhCX4n9QKGAxBFDpQHQaCCNUnHUg0F4eYZVbuqIPJtFe4kjAuwhQNbWe8tvu+rhVrnmV2UVL7ozVrTvpjYBhgGe2WBzyvHSS23\/O3kvrXYfd8kuc7D19FNCQeZ1+khLiOws5wfCfL3XBeD0eKx1QztUeo8KeAsr+cRnJX75DzP7WkL5haRnLtp9bfK9hmud1kHIvpz\/Zyb3jkAQK0zs6HriX8zS9smIiIiIqJikQE+kpJ6Hcn35Szfm4toGeVPTe8z8P0bySs8GAXZwl8W83qvcNCr57o4zykjT5GD18vW7XRRNk21snh4wdFwmhLpNSyyT52OSiXVdtoTwRs5loHvzzy6VXL5y9\/T4nzfVwHRV\/t7ePr4ydh9RFJ4zVpfl62LzAGxaeUTFcsauzZk\/9Hg6\/ejMgdBgKMpo\/z90bFXrIrqqBjue\/5g7DyGq9QPp519CpXjJkm9yyKj60Dynk9riyXDUB1O56dnKJsmGs1tNJrbUxd07rmuSk\/V7XTG3qvRbKog9KL1VB2tfTHcV3fmv5d7YMkwxtpukWWtP2B17VOu\/bTUhq9Pjkdrl5QzLRDe9zz0PW\/ULqux9TXLuSEiIiIiotXruS5ePHsOAPjx558SU4MW2WWrhaODQ5QMAz\/+\/FOui94uw7LLnxr0X+YiozfxXjLKjfJ15Thq2slwwb+yCmRW7arK9XvZuphr\/1W7mpomYeD7mQIXWbSdNjZtG5qm4f3HD7hyHATBZ1UOORYZ+RinbJbRaDbHXtP1DTy0LBVwS\/p7Xdcn\/jZq2ujvu+aidYFX+3tjueeAYfBLeqjT6iuO3CvySM\/R7XRQsSwVzPd9H7X6lmpL4QBa2TRVZ8DA99WI\/7Bw\/UuH26Ztw\/cHqswSMO7OEYwFoNZuiQsaRtu3rm+MzYi4mPM6F1XbxqZdxZXTTr2uPc\/Dhq6nLkhaJLquqzqfFhiVzipph33PU20m2rEaddG6GLuHyX23ZJRU2+q57tg9pGQYeLW\/h77nxXY0Re\/BZbOs\/j0IzYwRae1HeF4fmxhft6DopKxZAtt5t8+050L4GSj1knbt99yeWrA8q7bTxqt9Y5T2bHxB31naNhERERERFUPP7alBk22nnSmlbNHI956+5+UWw1mmZZc\/NehPFCcIAvzt4FD1SMWlROl73twL105LsdJz3dyC\/j3XVQu5apoWG3Sddixl00y9UNMWZt3Q9ak32mjA7q67bLVQtatqGlp0Ktq8be\/89AzvPy5+w5VZA9IpFi1bUh72pGl14foPd7gN28112wmCYO7R3NPW50j6\/fnp2cJBv+tAafqytT23h4plZV6QdNXknPU9LzUFSvj8SgA+CAJcti4yjfaX9l6r18dmJ4m4GSSapqXWedo9+OXO7sTxZPmgIvfAsmlC07S1SAsjxzWtbco2ebbPtOeCPAP10cwCeS1tewBqJkKWa\/bKcVRn1EPLGrunZm3bRERERERUHJIxQNO0TOt3FVHVrmLg+1PjcEW17PKnBv01TVvb3E55C4KAI9pCJAj1\/f7eRA5jmTK0LsEACWLFBfwXPZbLVutGUmTddU8fP8Gbd28nbpKL1Fdeo\/17roujg0MVMBN9z8PLnd2F9h0EAV48e443796OXXfLXiNl4Ps4OjhcapqWT52OmuERHXlcRJL+aNqsEwnuXjnO2DNmGMjPNtpfgvrRe9jA9\/Hfz57n8uySdj3vvvqep1LgRFNfFVHFsrCh6wiCIFM7X0X7DK85kFYv4bRoZdPMVIdy3BXLwlZ9ayzon7VtExERERFRcUhKmXUm6bnX1bLL\/7v\/+OO9\/wXwIO6XZdNU0\/bvurR8uXeZjBgtGYbK4Z8WUJC0AHFBiqzB1qwdMLOORtRHAREp37RjCS8aGyftfcPpEabhaMpkJcNQKUyi+czjttU0LVO9DHw\/NmgnHaFZ2qCu6yrFU9\/zEvNiT2sHceXVNE0FJePWSEkrU9zxXY9odie2jcq7A3TaOQ97\/\/EDyqaJK8dRHShpdSJ1Ht13uEM77pjjypJ0P4m7p4U\/TD24\/3XqcaXdp6T8Wc95ljYXPv7ofpPuadPqJq79xGk0m2g0tzHwffz1\/tcT7xs9B0n1FP6bcNnybAtv3r1FxbLG2to0ce0zLEtbz\/IclONLe55GxR3\/tHoL3wNkm1naNhERERERpVuXmGtSOl5JHbsO4gaxrXv5p\/iFQf+MGPQnIlqtqm2rlElFDjhK8JfPjXG6ruOX334FAHy3s1vY0f7hzz5PHz\/JnKN\/XdrnIti2iYiIiIiI1sIvv191CYiIiLJoOw4Go0Dq9wXtjQ\/n5mNqr3G+7+NqFOiXtSmKSFIuScqvrNahfS6CbZuIiIiIiGh9pOb0H\/g+v9iNDG7hiD0ionVzdHCIN+\/e4tNo1fuiGfi+Sg82S8D4rjg\/PcNDy0LPdQubtqzveSib5sQCyFkUvX0ugm2biIiIiIhofaSm9yEiIiqaaQvbrlrJMPA5CG5lepc8VAoe9AeGZZx3oeqit89FsG0TERERERGthfSc\/kREREREREREREREtDaY05+IiIiIiIiIiIiI6LZg0J+IiIiIiIiIiIiI6Jb4A4B\/rLoQRERERERERERERES0sH\/8PyXpYLdFAsP9AAAAAElFTkSuQmCC\" alt=\"Markalama G\u00f6rseli\" title=\"\"><\/p>\n<\/div>\n<div>\n<table style=\"width: 100%;\" cellspacing=\"0\" cellpadding=\"0\">\n<tbody>\n<tr>\n<td style=\"width: 120px; font-weight: bold;\">Norme<\/td>\n<td style=\"width: 400px; text-align: left;\">ISO 1307<\/td>\n<td style=\"width: 120px; font-weight: bold;\">Couleur<\/td>\n<td style=\"width: 400px;\">\n<div class=\"color-icons\"><img decoding=\"async\" src=\"data:image\/svg+xml;base64,PHN2ZyB2aWV3Qm94PSIwIDAgMTAwIDEwMCIgeG1sbnM9Imh0dHA6Ly93d3cudzMub3JnLzIwMDAvc3ZnIj4KICA8Y2lyY2xlIGN4PSI1MCIgY3k9IjUwIiByPSI0OSIgZmlsbD0iIzAwMDAwMCIgc3Ryb2tlPSJibGFjayIgc3Ryb2tlLXdpZHRoPSIwLjUiLz4KICA8Y2lyY2xlIGN4PSI1MCIgY3k9IjUwIiByPSIzOCIgZmlsbD0id2hpdGUiIHN0cm9rZT0iYmxhY2siIHN0cm9rZS13aWR0aD0iMC41Ii8+CiAgPGNpcmNsZSBjeD0iNTAiIGN5PSI1MCIgcj0iMzMiIGZpbGw9IiMwMDAwMDAiIHN0cm9rZT0iYmxhY2siIHN0cm9rZS13aWR0aD0iMC41Ii8+CiAgPGNpcmNsZSBjeD0iNTAiIGN5PSI1MCIgcj0iMjIiIGZpbGw9IndoaXRlIiBzdHJva2U9ImJsYWNrIiBzdHJva2Utd2lkdGg9IjAuNSIvPgo8L3N2Zz4=\" alt=\"\" title=\"\"><\/div>\n<\/td>\n<\/tr>\n<\/tbody>\n<\/table>\n<\/div>\n<\/div>\n<\/div>","protected":false},"excerpt":{"rendered":"<p>&nbsp; \u00dcr\u00fcn Ad\u0131: OIL TUBE \u00dcr\u00fcn Kodu: ONTO20 Ya\u011fa Dayan\u0131kl\u0131 Nitril Hortum Kullanim Alan\u0131 : Ya\u011f De\u015farj Hizmetleri. Alt Katman : Ya\u011fa ve Yak\u0131ta Dayan\u0131kl\u0131 Nitril Kau\u00e7uk. -35\u00b0C \/ +70\u00b0C -31\u00b0F \/ +158\u00b0F Markalama : Kabartmal\u0131 veya M\u00fcrekkep P\u00fcsk\u00fcrtmeli Norm ISO 1307 Renk<\/p>","protected":false},"featured_media":22401,"comment_status":"open","ping_status":"closed","template":"","meta":{"jetpack_post_was_ever_published":false},"product_brand":[],"product_cat":[2364],"product_tag":[],"class_list":{"0":"post-21596","1":"product","2":"type-product","3":"status-publish","4":"has-post-thumbnail","6":"product_cat-sel_akaryakit_hortumlari","8":"first","9":"instock","10":"taxable","11":"shipping-taxable","12":"product-type-simple"},"jetpack-related-posts":[],"jetpack_sharing_enabled":true,"jetpack_likes_enabled":true,"_links":{"self":[{"href":"https:\/\/tuzlahortum.com.tr\/fr\/wp-json\/wp\/v2\/product\/21596","targetHints":{"allow":["GET"]}}],"collection":[{"href":"https:\/\/tuzlahortum.com.tr\/fr\/wp-json\/wp\/v2\/product"}],"about":[{"href":"https:\/\/tuzlahortum.com.tr\/fr\/wp-json\/wp\/v2\/types\/product"}],"replies":[{"embeddable":true,"href":"https:\/\/tuzlahortum.com.tr\/fr\/wp-json\/wp\/v2\/comments?post=21596"}],"wp:featuredmedia":[{"embeddable":true,"href":"https:\/\/tuzlahortum.com.tr\/fr\/wp-json\/wp\/v2\/media\/22401"}],"wp:attachment":[{"href":"https:\/\/tuzlahortum.com.tr\/fr\/wp-json\/wp\/v2\/media?parent=21596"}],"wp:term":[{"taxonomy":"product_brand","embeddable":true,"href":"https:\/\/tuzlahortum.com.tr\/fr\/wp-json\/wp\/v2\/product_brand?post=21596"},{"taxonomy":"product_cat","embeddable":true,"href":"https:\/\/tuzlahortum.com.tr\/fr\/wp-json\/wp\/v2\/product_cat?post=21596"},{"taxonomy":"product_tag","embeddable":true,"href":"https:\/\/tuzlahortum.com.tr\/fr\/wp-json\/wp\/v2\/product_tag?post=21596"}],"curies":[{"name":"wp","href":"https:\/\/api.w.org\/{rel}","templated":true}]}}