{"id":21542,"date":"2025-08-11T11:10:58","date_gmt":"2025-08-11T08:10:58","guid":{"rendered":"https:\/\/tuzlahortum.com.tr\/urun\/fossil-sd-16\/"},"modified":"2025-08-20T15:43:15","modified_gmt":"2025-08-20T12:43:15","slug":"fossil-sd-16","status":"publish","type":"product","link":"https:\/\/tuzlahortum.com.tr\/fr\/produit\/fossil-sd-16\/","title":{"rendered":"FOSSIL SD\/16"},"content":{"rendered":"<p>&nbsp;<\/p>\n<div class=\"report-container\">\n<div class=\"report-header\">\n<div class=\"standard-text\">Nom du produit : FOSSIL SD\/16<\/div>\n<div class=\"standard-text\">Code produit : FSDH45S<\/div>\n<\/div>\n<div class=\"product-image-container\">\n<div class=\"key-feature\">Huile \/ Huile R\u00e9cepteur \/ Transmetteur 16 Bar EN 1761 Type SD<\/div>\n<\/div>\n<div class=\"horizontal-line\"><\/div>\n<div class=\"product-details\">\n<div class=\"detail-row\">\n<div class=\"detail-label\">Domaine d&#039;utilisation<\/div>\n<div class=\"detail-value\">: Aromatik i\u00e7eri\u011fi %50&#8217;ye kadar olan petrol \u00fcr\u00fcnlerinin emi\u015f ve de\u015farj\u0131 i\u00e7in.<\/div>\n<\/div>\n<div class=\"detail-row\">\n<div class=\"detail-label\">Substrat<\/div>\n<div class=\"detail-value\">: R\u00e9sistant \u00e0 l'huile et \u00e0 l'essence, NBR noir.<\/div>\n<\/div>\n<div class=\"detail-row\">\n<div class=\"detail-label\">Couche de renforcement<\/div>\n<div class=\"detail-value\">: Textile synth\u00e9tique \u00e0 haute r\u00e9sistance, 2 spirales en fil d'acier et 2 fils de cuivre antistatique.<\/div>\n<\/div>\n<div class=\"detail-row\">\n<div class=\"detail-label\">Couche sup\u00e9rieure<\/div>\n<div class=\"detail-value\">: Abrasion, ozone, conditions climatiques, flamme, chaleur, p\u00e9trole, huile et eau de mer R\u00e9sistant au caoutchouc synth\u00e9tique sp\u00e9cial.<\/div>\n<\/div>\n<\/div>\n<div class=\"datasheet_table\"><img decoding=\"async\" class=\"alignnone size-full\" src=\"https:\/\/tuzlahortum.com.tr\/wp-content\/uploads\/2025\/08\/datasheet282.svg\" alt=\"\" title=\"\"><\/div>\n<div class=\"table-notes\">Tube sur demande : Conducteur (\u03a9)<\/div>\n<div class=\"horizontal-line\"><\/div>\n<div class=\"footer\">\n<div class=\"standards-section\">\n<div class=\"standard-item\" style=\"margin-top: 9px;\"><img data-recalc-dims=\"1\" width=\"1020\" decoding=\"async\" style=\"margin-right: 10px;\" src=\"https:\/\/i0.wp.com\/tuzlahortum.com.tr\/wp-content\/uploads\/2025\/04\/tse-1.png?fit=1020%2C40&#038;ssl=1\" height=\"40\" alt=\"\" title=\"\"><\/div>\n<div class=\"standard-info\"><\/div>\n<\/div>\n<div class=\"horizontal-line\"><\/div>\n<div class=\"temperature-section\">\n<div class=\"temp-icon\"><img decoding=\"async\" src=\"data:image\/svg+xml;base64,PD94bWwgdmVyc2lvbj0iMS4wIiBlbmNvZGluZz0iVVRGLTgiPz4KPHN2ZyBpZD0ia2F0bWFuXzIiIGRhdGEtbmFtZT0ia2F0bWFuIDIiIHhtbG5zPSJodHRwOi8vd3d3LnczLm9yZy8yMDAwL3N2ZyIgdmlld0JveD0iMCAwIDcyLjI3IDE2Ljk4Ij4KICA8ZGVmcz4KICAgIDxzdHlsZT4KICAgICAgLmNscy0xIHsKICAgICAgICBzdHJva2Utd2lkdGg6IC41OXB4OwogICAgICB9CgogICAgICAuY2xzLTEsIC5jbHMtMiwgLmNscy0zLCAuY2xzLTQgewogICAgICAgIGZpbGw6IG5vbmU7CiAgICAgICAgc3Ryb2tlLW1pdGVybGltaXQ6IDMuODY7CiAgICAgIH0KCiAgICAgIC5jbHMtMSwgLmNscy0zLCAuY2xzLTQgewogICAgICAgIHN0cm9rZTogI2E3YTlhYjsKICAgICAgfQoKICAgICAgLmNscy01IHsKICAgICAgICBmaWxsOiAjYTdhOWFiOwogICAgICB9CgogICAgICAuY2xzLTIgewogICAgICAgIHN0cm9rZTogI2ZmZjsKICAgICAgfQoKICAgICAgLmNscy0zIHsKICAgICAgICBzdHJva2Utd2lkdGg6IDIuMDZweDsKICAgICAgfQoKICAgICAgLmNscy00IHsKICAgICAgICBzdHJva2Utd2lkdGg6IC4ycHg7CiAgICAgIH0KICAgIDwvc3R5bGU+CiAgPC9kZWZzPgogIDxnIGlkPSJrYXRtYW5fMSIgZGF0YS1uYW1lPSJrYXRtYW4gMSI+CiAgICA8Zz4KICAgICAgPHBhdGggY2xhc3M9ImNscy0zIiBkPSJNMTEuMzQsMTEuNTdjLS45NCwxLjcxLTIuNzEsMi42Ni00LjgsMi42Ni0zLjA1LDAtNS41MS0yLjQ3LTUuNTEtNS41MlMzLjUsMy4xOSw2LjU1LDMuMTljMS45NCwwLDMuNjUsMSw0LjYzLDIuNTIiLz4KICAgICAgPGNpcmNsZSBjbGFzcz0iY2xzLTUiIGN4PSI2LjU1IiBjeT0iOC42NiIgcj0iMi40Ii8+CiAgICAgIDxjaXJjbGUgY2xhc3M9ImNscy0yIiBjeD0iNi41NSIgY3k9IjguNjYiIHI9IjIuNCIvPgogICAgICA8bGluZSBjbGFzcz0iY2xzLTMiIHgxPSI2OC4zNCIgeTE9IjExLjc2IiB4Mj0iOS45MiIgeTI9IjExLjc2Ii8+CiAgICAgIDxsaW5lIGNsYXNzPSJjbHMtMyIgeDE9IjY4Ljc4IiB5MT0iNS41MSIgeDI9IjkuNzMiIHkyPSI1LjUxIi8+CiAgICAgIDxsaW5lIGNsYXNzPSJjbHMtMyIgeDE9IjU0LjA3IiB5MT0iOC43NSIgeDI9IjguNjQiIHkyPSI4Ljc1Ii8+CiAgICAgIDxwYXRoIGNsYXNzPSJjbHMtMyIgZD0iTTY4LjE1LDUuNTVjMS43MSwwLDMuMDksMS4zOSwzLjA5LDMuMDlzLTEuOTIsMy4wNi0zLjYyLDMuMDYiLz4KICAgICAgPHBhdGggY2xhc3M9ImNscy01IiBkPSJNNTMuOTEsOC43NWMwLS4xNC4xMi0uMjYuMjYtLjI2cy4yNy4xMi4yNy4yNi0uMTIuMjctLjI3LjI3LS4yNi0uMTItLjI2LS4yN1oiLz4KICAgICAgPHBhdGggY2xhc3M9ImNscy0zIiBkPSJNNTMuOTEsOC43NWMwLS4xNC4xMi0uMjYuMjYtLjI2cy4yNy4xMi4yNy4yNi0uMTIuMjctLjI3LjI3LS4yNi0uMTItLjI2LS4yN1oiLz4KICAgICAgPGxpbmUgY2xhc3M9ImNscy0xIiB4MT0iMzYuNDMiIHkxPSIxNi45OCIgeDI9IjM2LjQzIiB5Mj0iMTQuMjQiLz4KICAgICAgPGxpbmUgY2xhc3M9ImNscy0xIiB4MT0iMjguMDUiIHkxPSIxNi45OCIgeDI9IjI4LjA1IiB5Mj0iMTQuMjQiLz4KICAgICAgPGxpbmUgY2xhc3M9ImNscy0xIiB4MT0iMTkuNTkiIHkxPSIxNi45OCIgeDI9IjE5LjU5IiB5Mj0iMTQuMjQiLz4KICAgICAgPGxpbmUgY2xhc3M9ImNscy0xIiB4MT0iNDEuNTciIHkxPSIyLjc0IiB4Mj0iNDEuNTciLz4KICAgICAgPGxpbmUgY2xhc3M9ImNscy0xIiB4MT0iMzMuMjgiIHkxPSIyLjc0IiB4Mj0iMzMuMjgiLz4KICAgICAgPGxpbmUgY2xhc3M9ImNscy0xIiB4MT0iMjQuOTkiIHkxPSIyLjc0IiB4Mj0iMjQuOTkiLz4KICAgICAgPGxpbmUgY2xhc3M9ImNscy0xIiB4MT0iMTYuMDgiIHkxPSIyLjc0IiB4Mj0iMTYuMDgiLz4KICAgICAgPGxpbmUgY2xhc3M9ImNscy0xIiB4MT0iNDQuNjMiIHkxPSIxNi45OCIgeDI9IjQ0LjYzIiB5Mj0iMTQuMjQiLz4KICAgICAgPGxpbmUgY2xhc3M9ImNscy0xIiB4MT0iNDkuNDkiIHkxPSIyLjc0IiB4Mj0iNDkuNDkiLz4KICAgICAgPGxpbmUgY2xhc3M9ImNscy00IiB4MT0iNDAuODgiIHkxPSIxNi45OCIgeDI9IjQwLjg4IiB5Mj0iMTQuMjQiLz4KICAgICAgPGxpbmUgY2xhc3M9ImNscy00IiB4MT0iMzIuMzMiIHkxPSIxNi45OCIgeDI9IjMyLjMzIiB5Mj0iMTQuMjQiLz4KICAgICAgPGxpbmUgY2xhc3M9ImNscy00IiB4MT0iMjMuNzkiIHkxPSIxNi45OCIgeDI9IjIzLjc5IiB5Mj0iMTQuMjQiLz4KICAgICAgPGxpbmUgY2xhc3M9ImNscy00IiB4MT0iMjAuNTkiIHkxPSIyLjc0IiB4Mj0iMjAuNTkiLz4KICAgICAgPGxpbmUgY2xhc3M9ImNscy00IiB4MT0iMjkuMTMiIHkxPSIyLjc0IiB4Mj0iMjkuMTMiLz4KICAgICAgPGxpbmUgY2xhc3M9ImNscy00IiB4MT0iMzcuMTYiIHkxPSIyLjc0IiB4Mj0iMzcuMTYiLz4KICAgICAgPGxpbmUgY2xhc3M9ImNscy00IiB4MT0iNDUuNzEiIHkxPSIyLjc0IiB4Mj0iNDUuNzEiLz4KICAgIDwvZz4KICA8L2c+Cjwvc3ZnPg==\" alt=\"S\u0131cakl\u0131k\" width=\"100\" title=\"\"><\/div>\n<div class=\"temp-values\">\n<div>-30\u00b0C \/ +70\u00b0C (EN OPTION -55\u00b0C \/ +70\u00b0C)<\/div>\n<div>-22\u00b0F \/ +158\u00b0F (EN OPTION -67\u00b0F \/ +158\u00b0F)<\/div>\n<\/div>\n<\/div>\n<div class=\"marking-section\">\n<div class=\"detail-row\">\n<div class=\"detail-label\">Image de marque<\/div>\n<div class=\"detail-value\">: Ruban de transfert ou gaufrage<\/div>\n<\/div>\n<p><img decoding=\"async\" class=\"marking-image\" src=\"data:image\/png;base64,iVBORw0KGgoAAAANSUhEUgAABf0AAAAoCAYAAABEkVAiAAAACXBIWXMAACE3AAAhNwEzWJ96AAAgAElEQVR4nO2dW2wb17nv\/6J8berZbd8CTdAU7T4AaaAFUqCkgQTNg0gXSdMNiHRgwwG2xCR2fYDIio8vD5Zdb8l+cOzjUCqwXbsJrYcYNmJSD00THJMGjgMbMFmgARLAJNAWaIGM0Ld9dsfNxTfpPAy\/xcXhzHBmOLxJ3w8IYklzWbNmzbp86\/v+39D3v\/v08wCeB8MwDMMwDMMwDMMwDMMwDMMwA806GAb\/X\/W4HAzDMAzDMAzDMAzDMAzDMAzDtEmo1wVgGIZhGIZhGIZhGIZhGIZhGCYY2OjPMAzDMAzDMAzDMAzDMEzbRGMxxBOJXheDYdY869q9QDgSgaIoQZQlMMqlEgBAURSEIxHx+yVNg6ZpvSoWwzAMwzAMwzAMwzAMw6w6FEXB5atXhB1uSdOwe+cutsMxTI9oy+h\/\/uKFvty9+8HT3wNgbEhcvnpF\/H4+M4f5TKZXxWIYhmEYhmEYhmEYhmGYVUU8kcD5ixcafjeiqrh5+xaOHDyEfC7Xo5IxzNrFt7wPh+swDMMwDMMwDMMwDMMwzNokGovh49u3Ggz+uq5jSfLuP332DD6+fatBiYNhmM7TtrwP0312roTw\/MpQr4vBMGuS3w4t449DK70uBsMwDMMwDMMwDMP0BFVVMZ6ewHg63fD7YqGAUzOzAIDJqf0YS6UAGF7\/H3z0IU7OzGIhm+16eRlmLRKY0V\/XdSzmctD1e0FdkrHgSQzh9eUQtvS6IAyzBvnT0Aob\/PuAcCSC6ePHUK1UcLI2oWQYhmEYhmFWJ6qqQtd16Lre66IMBNFYTOQ5ZJhOkEylMDm1HyOqKn63pGmYz8w1yPgcPngI5VK54djp48cQjUUxn5lDtVLpetn7jenjxwYiAsJp7S3Lqvczi7m8pczUoJfficCM\/gvZS6yX3wXY4M+4Yf22KNZti2L5cw33ry32ujirhreHlntdBAZAMpVENBbjSSLDMAzDMMwa4PTZM1AUBS+98GKvi9L3JFMpnD57Bs8\/+xwnT2UCJxqLIZlKCu99oO4AvJC9ZNnm8rkcyqUSxlIpjKcnoCgK4okEorGY43lrhXAkgmgs1utitMWglL9cKlv+ftDL70RfyftMTk0Fcp3Vuvnw45Uh\/JxlfRgXbH7zDazbFsWXJ071uiirho8HyMtfVVWMJhJQFAW6ruNGoWA7kVIUBeFIBLquNxjR7X7vl3giITwYWpWpFTQoex20lzTN0z1VVcWIqjqeF45EoCgKqpWKrfdZOBIROXCWNA3FQsGVp5p8HmCEytq9CzcTlaDepR1UF24w1xdN\/skDyEs9EdFYTNRDtVJBsVDwVG437YO+C6tnCOL6gL936aYdumnP5mPt7mOH07XpmgBsvQ+91tVaw0tfoigKxlIp8b7KpZKj16fX472MM0HRTh\/Tz8h1CTj3X3Z10On+XaY+Brf2IvZyrBfkvtju2tFYzLYvcdvXOLW5IPopecxyaq90nNdxygq334aXeaDTuBVUPdE9wpFIQ3m89kXyfNRNvyjPTZzmYTLtthsvcyKrsX1yar\/4\/+GDh1qWl2HcMp5OY3Jqf0P7XtK0mjd\/\/VtSVVVsCtB3pmka5jMZlEslvHX2DEZUFYqiYDydRjQWw8mZWY5O6RJLmoZ8Lo9kKtkQqTFIlEslVCuVhrnrINHN8g99\/7tPnwDwK68nRmOxhhCI+cxc28b2v\/ztr22dT\/zg6e8B6EwZe8lvlofxTB8b\/ddvi4p\/P7zjbQdKPvfR3SpWXC7UQuoIhp8yOqplXcfju1VP9+0kfp+pXYYUBd+++0cAwD9+9ou+qpNB5t+GH+Pv6H+jP3n3mLHr\/6ifLJdK2L1zV8vfeyUcieA3Fy9YTiiKhQKOHDzkyTCjKAo++exTAPW+3ozTWFIulXByZtbVom1yagqTU\/sdx47LV68gGoth985dlhPVt86eafCEAQzjzJGDh2yNOoqi4PzFC5aL6GqlgsMHDzWV38342e67bAXVhRvk+kqmUjh6\/JjlhMftuG1Vz8VCAfv27G157ieffQpFUbBvz96WGwX0fem6jmd++KOW1\/Z6fcDfu6S6d6ovN+0ZaHwfdvexw+na9I7s3sv08WNCE3bQ52udwKpvX9I07N65q8mAFI5EcPnqlaZvajGXszQABXF8q34tCPz2Mf2M3O5l7OrTqQ6WNA0nZ2Y7+g6Aeh\/10gsvOo6l8URCJHW0G6+DKIfVu6Y5jF0bdtNnysfZsZDN+pIZNI\/zTu1VVVXcvH0LQOs6B5rXv1a46WO9jHetxi2\/9UTQezCPH177Iqv3addGFEXB5atXmjZQ3NRdO+3G65zIamyX2wB7+zNBEI3FhKFe5sjBQ01SI3LfT5i\/XTL20wYVUHcKW4sbVV7mN0HwzA9\/BF3XEY5E8MFHH7o+z2ktGZQt1w3VSkVEfY2n05g+fsz1uXZ9+KCX34mQp6OZnvHzlVDHDP7rt0Xxnc\/\/7Oo\/2ZBNbNwxhm\/f\/SO2vP+e+O\/bd\/+IjTvGHO87pCj4xomj+M7nf24694lzpxFSRxzL\/K07N\/GtOzfFef\/yf36Hb925aXtfu2fYfGAS3\/n8z1Def89FbTnj55no\/lb\/fevOTTxx7jSGPOz+rd\/2EwDAsrYkDP5PnDstrrn5wKTj+Rt3jIljnd7BWuK3oeWBNvgDhrePlWGhk9CCyc6DIJ5I4ObtW552t9v1GqSFkNoFrwYrQzRQX+zbeeLZGfwBiMnZoIQgtiIai4mQfSsmp\/a3NF7EEwnLeo4nEi0jCOM170DyomvFWCoJALjh0qjm9frtQiHTfoknEo7vwy+KomC05qF+o1Bs+rud4ZMxoO\/EzIiqWv7+NxcvWL7DsVQKSYtvxcvx1K+bj1cUpSNtZzUzOTVl2+5pnPASBT2iqjh\/8UJDhFgnSdb6QzviiXhH70\/Gb6vxnH5nN84GFYHgdbFOeDHw0Pi2pGmBRXNMTu1v2U6iMWO91CpywA3j6bTvPl6WvTglGcq99kWTU1OWdT6WSlnWhd08bXJqf9tzMLt2E8ScCGiMYJCNqgzjFVVV8dbZM03rucVcDs8\/+1yTwV+tjUNm4olEw3xC13XMZzJ46YUXRVuliMOPb99aNeschukH+kreh7FmCwwt\/35k444xPHHudNPvhxTFMHI\/peKrc\/OWf1fefw\/DW8O2192wfRRfnjjVpElvd0\/A8Px\/4txpbNwxhnuv\/c+uedcD7T2THSF1RJynv\/yKK6\/99duNRdbDO2UMKQq2vPOfWGexWWPHplfHAQAPrt\/Asrbk+rzVyj0AVwdAy19RFBytLSB0XcdC9hLKpRKisZgwBE5O7a8lXO\/OdzGeTouFy2Iuh3wuL8o6np4QSca8SbgYbdmNnt18Zq7p3GgsJhaEnfR6j8ZiDQv1+cwcNE1r0MCcPn6sqQxyCHu5VMJC9pKoHzrXaeFvfmaZpQ57ei3m8g3vRVVHRHnp3ZvLQotRuc0a56oi4VfRwkgsI1\/jSM07aHJqP8KRCMbTE47eEGTEd2OQV1VVvJtL2Ustj\/d6fTN+3iV5Tvn1kpcluJyMt4u5HDRpfGgVHhyXpBeskk+5ve9axdzGdV3HeHpC6OHKcheyJMR8Zg7lUkn0\/\/RNyO\/A6\/Fyv05RU9FYTIT7j6VSWMhmO1IPfvqYfoXGQaBxjADQMG7b9R3mb5DqAjC0z8vPehtb\/RBPJBy9t0c7vPmgaRrCkYhl3xOOhGv\/bzbaypsEbo3o5voG6v3eeDrtWY\/aS59Hmytuxx3CKuFiPBEXUgLTx485jk3y+4snEq7qymrckuegfvqGpDSOynXspS+SvzeqF3lzYCyVbKgLeS5G81dVVYUH\/nh6wtWGkdd2E8ScqH7vPKKxWO09rj3PaaZ9rKJOWkWUyX3bvj17Ua1UhDNTNBZtmgNWKxXs3rmrQTZoRFUdI7WY9jl\/8QLKpTKisaiYV04fPzYwUj\/hSARvnT0DTVtCNBbFvj17RZ8+CHS7\/IEZ\/Q0DjnvDImAYbewWpk6ZodcaO1dCeLJL93rUQpZnWVpADG8NNxjfH1y\/gceVKoYjYWzYPgrA0JZ\/cL3YZKze9Nq4MI4va0t4cL2IFf0eAMM4HlJHLL3byZPefE+gbiAHgNBTalcN\/oD\/ZyJWLOSJhreGMaQoNeP9efz3tudbloMiGR5eL2Ld1rAng\/\/w1rB4hgfX8i2OXhu8HVrGvV4XwgVxSQ943569YqFQLpVQLBTwwUcfdtwgY4YWalZhzMVCAZNTU1j0mH2evLHcGFGtxhfyvo\/GYlBVtWMhz\/Tsuq7jpRdeFMaXcqmESqWK6ePHmox18nk0CZYx3mVRXNeKXkqimCfytPFBGp5mZCO6ORS\/DGojrY0EtMCQr1GtVEQUibmOCdLMNcreur8jg1q1UnFl\/PB6fTN+32WrjY5W0GaTlacWkc\/lGwweZKiwM4LQ5ofT976QzULX77FXoglFUSy\/k2qlgujtmPg7tUk554S5HVh5rno9nry3F7JZ8W0aG8xRsajv1BjjtY\/pZ+SNMLNEE43bTgnrzd+gcV5ZGDHjiYTlBluQjKiqbf8qz0k6RbVSrW18Nc9z5XZLDgaErJPudmPEqr4XslkxzowmEp7ava7rODUzi7FU0tGjNRqLifJ6nS\/pum7RRkqoVqo4XZPpsJsHmTXp44m4q2\/M6phyqSQ88s3vwg1xmygxL30ROXwAhpQSvXdlxjCymN8BXZskFQFjXjJSM7679UL20m6CmhPV750TBls\/9c6sXchb30raqlwq1aLHJ5rOOzkz2zCnqK9Fy2K8PnzwkGXOC1r30PoIMObdo4lEx6UD1yK0sVkulcRcIRyJDNQcnNZl85k50T5ajan9RDfLH5jRX16UuIUamtUgZDVRWYs8iSHs7KKXv\/7yK66PJY9wAPjiwJEG73XZG3\/Tq+P44sCRhnPJOP\/4bhX6y680GOi\/OjePTa+OY8P20SaP+A3bR4Xh3HxPOnfLO+fx5X90P4Gt32ci6DwZ2uSgTYONO8YcowSGt4aFJM\/DO3\/AupoB\/+t3Fxrelx10jLFpcaPl8audPw2t4PcD4OUPAKO1BUqxUGjqOykpIC2Ou2X0p4WqncHTq5HGLrmoF07OzIqEb14X6V4gD7n5zFyTUWEhmxXeLGajTqs6W02TXnpWXdctn0vX9Zab\/\/K8Q76GpmlY0jSRJMwKOSGqm\/ZEGzJuDfherx8UiqIgmUr5MvgVCwXMZzKe5nPyotDqOWVDhl3dkZemFymTtYJcv3Ibp35QNmYZx4drxzYayORzZUOt9+MjlsfTop4jNdwhJ7W2Mrq63VyUyedyYsE4moh33OgPGP3iyRkro39npX0A2mTcbynvI\/dhqqqibPG3djf9SX\/acCTwNrfavXNXLYGfs0SS7OUeVORGPpcT3oQjNkZ\/qqOFbBbj6bQw0vkpQ7lUEuOxV+OznADePE\/w0hdRjhpzEmN6dnO\/ZX9to82108\/ZtZsg5kRm6vdhoz\/jDitp0nKphCMHD0HTtIYoGDNyH0GyXOVSCfOZTMOaTzbsy+zeuavJ65+k7uQyMMEhj580Hxw01JrtS1GUrsj3Bk03yu\/b6B\/UxMNuEPKziUCspkHt9eUQtvS6EDaQN\/\/9a4tNhuj71xaxblsUG3eMYeOOsQajf0gdEYbpr96et\/TI\/\/rdBXz97kLT78lr\/fHdqqXxe1lbwj9+9gvfz+SXdp7JiRVdxxcHjmD9tqgro\/\/6mrfToztlrOg6lnUd\/3xtHx5cv9HS6D+kKOKdfv2Ot3KuVt4eEIM\/UF+wVCvWElA3CkXEE4meDIZBGTyD0OClDWWjLjqXs6L+PqyfnRZidmXoppG413TqWbWakSEciVi2GXmjrBV+vC29XD8oSNJrcmq\/L4Nfq3dBkgjycfRdmo0phJsIiVb3TaZSGFHVmlTC2lrwlUsl2ySoVoYnN8YoszHMy\/H2Zemv2aqqqpIXVfMGM7Upcj6i4w2poFwtV0gSS5rWUrolWTPeAYbB0cu3Zzdm+6VYKIpItm5gJ\/HTaWkfoC7hZJYjaI5maTRk0LjrRiawFSTd4tUI7DZajOpx0Ue0WDvQpk25VBbGO0qk6wcaj70iew2bxxcvfVE+l\/P0XdrJPwa1qenUboKcE1UqVYyhLo3JMHbEE4kmeReKSJK\/HcpRJdvqaI5NG1rTtQiTt2pSqnbj55KmNfyNvvGFbLbmCFKPqqGcbN1IVr+WGFFVfHz7FnRdh6ZpeOaHP4KiKPhdTSFgEBhLpcTGdD6Xx3wmY5lMul\/pRvl9G\/2rlQoWcznL5HlBEI5EXCWqscJuEjBo\/HhlCD\/vUPLediHZGQB4YGOEfnBtUXi\/D28NC+ma4afqg8nDO3\/wdl\/yYg9goh4k7TyTG+5fW8TmN9+wzRdAkNGevPQf3626ygNA59I7dZtzYDXz8dAK\/jjU\/8l7iVYGcZpUtZuMzQ\/xRCKQCZoXPX8nSBKgU3Uhb1jbvw9jwWdXhngivqo2sJ0gj7xO6U9baXt7ld5JSvI0bsrZrrSPXxayl4TGtV9vfyesjBGRmkHNzlBRl\/nypkctQ97Ldl7RaxE5uWY\/9BX1Mag\/5meapgktcauoYtLH3rfHaLck21EulcS\/ibFUSnhmy1AiUbkfJ+9dtzrEbmVT3GKOyOgkuq5bSvyQtE+1UuloObSaPI9ZviQifRckoydDRq1+31zvVCJ4sz631d\/lOSV56McTcd\/l8Gs88tPH+emL3OYAqc9DO9fnBjkn6mZ\/wAwmlKvCnMzaSpoVMPrdfXv2AgD+8re\/AmjeJNu3Zy\/OX7yAkdq1STPejCEtY8yRzRt75VIJu3eWmrT+z1+8gGKhgFMzszwfDIgRVcUIIPLIyZGkgwL1ceSYNWgbQ50uf1u6MYcPHsIPnv6ep\/86mThxtfH6Sn8m7wWAkDR5e2RjVJZ\/H7KZ7IWe8udpG+rj0B2\/z+TE47vGpM0pJwBQj4TwsylCkQD3ry12PR9CP3IuNDhe\/v2KnKw1CK\/DUaHrOlgDuReozigcezUjL7KnTYnC3CIbbeRFrWy0sFpoeJHekb0t3SbQ65W0DyX\/A9A1XU6q54qFx7IcITFoE\/B+R16g99p4qdYMv\/1QFhkyzJn7UlkyxGy8U00GfwAi6amZ6ePHLI1pbvrvJWkjfjydbvEk\/QmNxUmTRA15iXdjw9PKqClLVum63vQugpL3AepRA53YtG4nEbzzdQ2HPbOXLWGO3rL7jtzSTv9A71LX3WXX8nov0iX3KtvXbj9n1W6CmBOZoXc3KB67TPexMvjPZ+bayq1ZLBSwb89e6LouPJat2uBYKoXLV69gcmq\/bR+6kM3imR\/+qKEfjCcSuHz1CpIdcj7uB8xS5+b1BMmmWf1M51Kdmn82X4siccdSSbF+oijpdsY2q\/t4KaP5+eWf5WvJz099+ng63bZc\/KCXXyYwTX8mWH6+EsIzferlb8bOQGz3+4dSsuDNb07iiwNHXBuZH5b+gHXbotiwfRTrt0UbrtVL2nkmN6y4mOySl\/+ytuTau59Yvy0qJfBlL\/\/fhpbxdwyOl3+\/ks\/lMTm1H+FIBDdv36rlGyjjRqHgebFNYW92i9ROoqojjvqVQZLP5TGWSgkPUiMfQxHFQsHVItOunO3kQegUWm0CRMm9RhMJ3Ki1Ebf6xbquC63gyan9wvtINtpZefCZjSnhSEQY9czOCXJCyvH0hNAWJR16K7xc3w6\/75JyRnTK21\/GyXgK1I2BS5qGDz76UEj0nJyZ9bSQWMzlUS6VXXtjrnYURRFt3G30SSc5WmvbQXsktwvJ2pmlLWQvZnPdmduoXfJ3RVGE8XQxl8Phg4egKEZS0HgigfH0hONirVgo4Kh+TGwoTKQnxBjZT3XoRLFQxFgq1STxI2\/QW22WBAl5I8pSebLRl\/5O0QitcpB4QVVV8axBR7jIuVDCkQj+8re\/YknTPElbGBtYjXlS4om4qAM7o57Zm52M\/06Jf+vnNo5bcl8lX9MtraQSzbjpi2g8pnlltVJxlY9hPJ0W4107kWt27SaIOVGr+7JnNGPmyMFDKKfKmEhPiPZtrN3CmM\/M+e4ni4UCorkoxtNpRGMxjKfTTVFttKZb0jTH6BarzfUtijKwGvRueP7Z58SmyfTxY\/jps88BgBhTqf\/++PYtXMpewkI2C0VRcPP2LZH4WFVV3Lx9C7944UWRj2H6+DG89MKL4lpGxKOxdjp\/8QI++exTAEa0hnwNr1QrlYb7KIoiIiA\/+OhDkbyWrk\/RlCTj9NILL0LXdSRTKUxO7RfPPzk1BUXZIp7\/g48+RD6XF8\/\/wUcfCkeKZ374I3ENymOzVspvpm+N\/oamZnf1C\/uFLTC0\/Fczj+6UhfF+3fXf4cH1Ih5ev9HSiP\/oThl48w0AwJb338OD6zfw8HoRD++UsVyTy+gVfp8pKISXv4\/7bajJMC1rS9iwYwyb33wDD0t\/wNfvLKw5r\/97AK4OkJZ\/P7OQzTYsMOOJhJi8GImd5lwvAIPQ8\/fLWCrVMSk7M+VSqUE6LxyJIByJYHJqP5Y0DfOZOUcjrp0snhEm23+RdidnZnH56hWRrIvq+jTOYDGXw3xmruUilTaX4okEPvnsU9yrGScAa09Gq8SyTnmERqWElGZtUZpIt3N9O\/y+S13XRRsaSyU7avRvZUAjw4asEUvalTSZdkM3EpIOErLxaT4z19OyGLIf9cTl\/YTsoSwbFFpJxcmbUnLy93AkIr53OZqHFoKkf0xjnRN0rJxQdTydFt5dC7VFfK83dJwgQ6Qs8SNL+3TDwEg5EeS+SJ4vlEuGFn2kVj7VYZPSiWRNYsz8OzJKBx2BKOdEoPuStAUZY1phlqkidF3Hvj17besgbmGQplxIo4mEo4HcSZq3nfbs5jy3fZE5EvCwjfSI+Rx5o9Vt2\/baboKYE5khxwi7pM3M2sYYb7Iol0qYSE+I9YexYR7DfGbOU5JymfnMnGjHJJ8n9zuyvM+IqkK3kNAzxsWJBierYqGAheylvpA27BSyB7n83WraEu6ZkpHT\/JscoehnOo\/+b5ZQ0vV7gHRt2bHGfA2\/5af7yNFamkUZ6WfygKfzNdM6zrx5T89M\/9Z1HSO1Z5GvsdbKb6Zvjf6apgWqcTlI7FwJ4cke3fs7n\/\/Z9m\/\/9dS\/BnafL\/7jFJT338OQoiCkjmDTq+NCXubB9Ru4\/+6CpfH64Z0y7ku5AjZsH23wcL9\/bbFnhmq\/zxQUG7YbhqlHHu8xpCiiPilZMGBsImxIjEJ\/+ZU1Zfh\/O7QMd0HETCt0XcfunbswffyYMJoQhtE05nrxGpSe\/yBw+OAhaNoSkqlkg7F0RFVx+uwZhCPhtsJu+4lqpYLdO3cJo70MebpZGdZlFrJZUVe0UCasE\/jWw\/PdeDCZZVTk+4ynJ5rehdfrd4L5zJzwTpa1roPGSd+YDK0EeTAChoEuqFwfaw1VVUX4bz8kNp6WPGv7bXOGPAhJk5zam9MmsrzQAuqRNeQtTtewk62ixSAlP3X69vK1KA2KiCPIwBhPxD1tjvWCxVwO4+k0kqkkTs5UuirtAzTnKzJLu9Tlf8INf\/caNeS08b+QzQb+HcalzWZzwuLJqf1t9Z0UXbJ7564mY7ccvSXfo1wqi6gZPwbAYqHQ8XmLn76IoiqtcnbIkKY44G1z02u7CWJOZMZvEmVmbVGtVHD44CGUS2WxGU19hfHdezey67qOkzOzwoHJPCbKTlW0ZqTvkLzS5bGRnJ+CiHzpd85fvICF7CVRB5NTUyK58b2acZjqdPq4gvnMnKjn02fPYD4zJ+aKdK3x9ASisZi4Fv2dNs\/jtU3dcCSC8xcv4OTMrDjGK1b3WdI0bKnlPFMUxbaMI6pacxAsi\/mR\/PwjqiquJa81KHprPjOHZCqJt86eQbFQ9CV32g\/ll6\/RLn1r9F+rPIkh7FzlXv6AkWBWf\/kVfPN\/n25KTkuG\/PvXFvHFgSNN55J0zsYdYw0a9yF1BJvffAObXv136C+\/4lnipl3aeaZ2CakjCNVCmymJr1vWb\/uJ7d+Gt4bxjRNHO1LmfuRPQyv4PXv5Bwp5UQGHxOQkmUqKSdzps2dQ\/GHrxSstfnphJDQ8U6w3G8yG+aCYz2Qwn8kIr\/HRRFzUwXg6jXwub7lAtVuMejVwqKpqu1gN2rhXrVREaCklC4wnEsK4fvT4MfF3K3Rdx0svvCjCVCkcFrDW4CfJGTdGKdlD7+TMrAi\/pOSdZlkLr9d3op13qWma8PafnNqP3Ts7Y\/SvJ1ls\/j7kunvphReFIZS8GNtJCrmWIeMTLaZ7SbIWtQHAVeJa2oSywirZbhAUC4WavEBUhGI7SVJ5Nd76ieIxl69YKIjrxBPxhsiC8XTat5elE8lUynbs8rKZlM\/lMZ5Oi77QT+6ddsYbWbNcURSRxLfZ6E+bAsb83CoHiR\/mM3MdcVKjNkXa2ACE1FQ4EnEl1WIVFUY5K8ZSKZy\/eKHp73YbYvRzqwgWedyiSM9yqeQ4hgeBl76oXCrhB09\/r0GOizZBrFBrUTgAfHnaW+HUbtqdEzFMO+RzOZRLJYynJ0S7J6\/\/heylhnZ7cma2SeZ0cmpKePXTxmKxUGww3pdL5aZx856uCw926utkTs7M+pKHHVTMEYOy4VdRFJy\/eEH8TEZ6ghzr3FwLgNjkOXLwkBhvP\/joQ8fILTfY3cdNGSny0c215Od\/\/tnnoGkaFrJZfPLZp21F6vdD+YPK+dTS6G\/WAmwXWXPR+bhmHUK32A2i0VjU9zW75cH0+nIIWzp+F3u8eom3w+O7VfzjZ79ASB3Bhu1xDG8NY8P2UWHI37hjDI9qnv1mvjxxCl+eOIUN20cxvDWCDYlRYWgfUhRseec8\/nvb8117FqKdZ2oH8vJ\/fLfq2SufZIEAo16\/fncB67dF8c13\/hNDioIN20fxRaCl7V\/eZoN\/RyHPZ8Mz29CnI0OHk7HHnFSu20vQcMYAABNMSURBVJRLZcdxpZMeVJqmQcvlkM\/lTAbThI3RPxjjg50sAEDhuJ0ZD8nwd3JmVkz6WxkZAHlzyVj8xxMJS01fOcmfG6MUSUFQ+DP9ez4zh\/MXLzS9e6\/Xd6Ldd2n29u8E8rdphuZ7cj6KaqUiPIPZ89A74UhELGAWspd66ukmy124NdgbnlPW\/cp8pjPybeVSWWgKUxmM3wdzLyf5N1VV4XZWbRhGaANgVtpYjHfE6D9mITtClEsl14YVCmUfqa3b\/Ej7tDve0Iai8V+4dp5R81otcoOelfp0r1FYVjlcOjUnUaW+UTain5yZFW3Nr1SLVssLYJWnAqjL2Zk3culZW83Z5HFrSdNw+uwZy\/sEiZ++CGiU4zJLgMlQngB5HuCWdtuN3zmRjMpjLeMR6ieKhSLeOntGbDhRBNrJmVmUSyXH74EcY6qVSlOyd3JsMjOeTjdE1QBGP\/LLPXv7Li8ZwwwSLoz+7YcT+MFpAtgKe+OM\/4VvJ40cxI9XhvDzHifv1V9+pev3XNaW8PW7CwCAL2AYxr9x4iiGFAWbXh13NJA\/uH4DuH4DX52bR0gdwTdOTGPD9tGa0X3Us9d7ULTzTH4gw\/2DgvfnXVdbID2+WxVlfninjC9PnMIT505jSFEwvDXc9ciJbvPx0Ar+ODS4yXtpMTYo5HM5jKcnXEkg9FLP3w+dMsTJBlNzYsrViGzg8CJRY06iKyNL77gxQIzYGIjka8vGDK\/X7ySyt\/94ekKE7waFPJ+yejf1umu8b7FQxHg6zYYIH8jyFZ0wBHtB3rjpdcSBE3IybSNyqntScX43tuSNxU5t2AUJRVPQus0qwqqTNBr9jU3XitRny\/JMZvkfL\/fo1hxEbjdyOXVdFzJpXjaUzMjXicZi0KT1LbW3yan9tuvweCLuqi7yuRyO1hIgjqVSHZPtbacvksdpikqQMecJ8Dq\/C7Ld+J0TyTmOGMYL5VIJL73wYkP\/Tg5IC9ms5TdRLBSE4V72PqfrWaGqKo4eP9a0oSV7njOdYUnTRETG+YsXEI6ERZ6eQaFYKODIwUMi702xUGyQyOt3ulH+nsv78ABU5\/WV1S\/r44b71xYRekrF5jffaJLJcWJZW8IXB45g\/Z3\/WzNUR4AeGf3N+H0mt1BegwfX\/S+0zBsGD67fwBO1f4cUBY99X3kwOBcabC9\/WtTaLQT8LnQ7idvFU9zG88wv5AnYqbqQr2v\/PvyVQU4k1ElIV9a6DN3xLvZzHzmJ7kL2UtPfqS0ZOtpT0nn1KMTJqSlPxokt0mZbJ67fDuTtH08kGhJ\/BYGsje3nXW0ZoE3KfoC8UQF\/xqcgMecVcNuPLdZkA6zo5HpANnAGvYncKXkXv+\/X7VhvJctAeB2XSOKH8Crb1e54o2lLAIx+1ur5SUqCvE399ln9RFD9p7zBYM7DYoeXjSg554Of76SefNt6LuW3L3JLP220tttme+2IwAwmxiZ0Bou5HC5fvSL6DJJ1M\/IA1L\/NaqWCIwcPNciXAMZYafUNkxyQjN2GAhM8+Vxe9A1B6cd3G4p81WtRVIP2DN0of0+N\/gvZLO\/e1fj5SgjP9NjL3y92XuDtGLcf3SkDb77h+bwVXcfju9UGyZp+we8zAcBwxL4uyeBPz+4Vu7paS8l7fxtaxt8xuF7+QN1gYucBTr\/v5qTfLlRa\/jvgvJAhXWMgGD1\/WX+ZDAWdQE4eaZfk1KoMrevMEIDr9ESYPAE7jdPzysYHt89bT0rl7GnvFPk3ObW\/pXFCtfHEDOr6QaHVJI7iiURbupZWOCXxdcKvvMZax22SShoLqK8gzOHyfo8H\/Ce11DStJ4anYqGIaCyGsVoOFqf+zat3m1vZUivc9H9e+3raeGxVz0F+f7LEz1ItkbEX2h1vjHP3i+R65mvJiSGBwTZ+BtV\/WkVaUf1Q8morKGLCrVwPbQiNqKqv5O3VSrX2Xq3Fb932RZevXkE0FvO0SSfnCfDSz7VD0HMi+Z0yTDtomoafPvtcgwTPiKri8tUrwlOZ2lk+l0OxUGjYhDW3QcqlIW88Lmla0yYC01mSqSQWc7laPrTB8Y6XMaKZKwMXoUB0o\/wtjf52nhftsmQx8Q\/6Xk6eI17p5GC5BYaW\/yDxSDIur49FLY3N6yXj46NVLg3Tacgwb1XPQtrHZ1TDozvlvtwk6Rb3AFxdBVr+5VJZaLQmU6kGo5AcnnyjS2H3iqLgg48+xHxmztJARQtHwHnxGrRX5nQt1BxoX3PdiXKpJGRVZE1zAEL32KoMp8+ewT1Jn16GQuSBZsmUQYRChHfv3GXZBmTPUbcGDmrnVl7+fiBjklnvd5AW0gvZS541gN0QETIa1m2RvGvjiXiDkYU2Cwah7voFWb6iVZJK2kg0J5mW24A8\/\/Z6vJxXIKiklp2Gxg8344miKA0GTXmj2OzNCKCWdHe2oT27kd4g72cKq2\/+e30D0y3J2hwA6N5YT5DETy+Sc1Md2cmxmZP5dkPaqR3ktiMbyuUk1O30n5QUtvlehsHHnKxT5uPbt4RDg+bCcY9yORn9RtJz+6ANRytDiJe+iKJhm8ej+ua8vLlpzhPQDSfFTsyJeJOdCZqFbBbVSgXTx4+J7zKeSCDyUaTBYG+3masoCqaPH2twRDHyZdj3O0yw6LqO5599DrquY\/r4Mdy8favXRfIMJYomGalPPvu010XyRLfL39Lo382dtqDv1S1PxXbZuRLCk70uhEfIq3x4axibXjM06mXP8CFFwabXxgE0J5cdUhQo77+Hf\/6vI7ae6RtfNc5dNnnBbnp1HMNbw\/jiwBHL84a3hoUBe\/nz7i1E23mmVqzfFhXe\/A8tFiqUxLfdJMzrYz\/BVw3XHRX\/ftzFuuw2b4eW0R3BlM4ia6eePnsG4UgYun4PirJFLBQoUaAXWiVVt0uaRkaq02fP1BZ6RbHoiCfiYrK3pGkt9Pz96y+by52seXkChoGik8aqS9lLGEuloChKTfvSMEKHI2FhTDMnS5Q3Z6KxGPK5vKibcCSCifSE2CxYtFmAOr2rbiWkdwttwHzw0Yc12Y8yNE2rJSqutxG7ZzUjGzLs2rmdI0A0FsPlq1cAAD94+nvi9+VSSeTLuHz1CuYzcw05h8ybNl6v70RQ75K+0SC1wWXjk933S7qu4UgE5y9eqG0+1N+rF6MkLS6tkiKudmTjEyUkNb9LuR+meidt0IXsJaGXS3+X8Xo8RRwYZdvS1E77rZ8BGpOQAq3Hk\/MXL4gNEPl5GyVjGvsGCs+mNu7kUUzvVFEU3Lx9S\/R\/uq5DVdWGJLuLubzlNZKmRLzRWFT8bJXEvNMYz3\/PdX8dJLquN7xf86Y4JfOt\/725DwlHIpg+fgzVSqXtHBXJVApjqSQWc3nf3wJFaJ0+ewbKjFFu2ghyG01hNX9T1RHRB8vrZLdRleTQEI1FXT9bPpfH9HEjqafXhL4VU5SGjJe+iHLJ0Hi0mMtDURTRz5mdEeWNVrNcHxG0gTLoORFQn0OvtXGT6Syk9T85NYXx2tqEvP7LpRKOHDxk+Z0nU6km2Z9ioYB9e\/Z2q+gMGiMvqG8cNGgeZ4xj5YHIfyTT7fL3XNN\/rfMkhrBzwLz8ia\/fXcAT504jpI5Aef89fPX2PFb0exhStmDzm5MI1UKeKTkssfmAoWuvvP8e7l9bxP1ri8JQPrw1jM1vTlpq1IfUEWw+8Iah16+O4P61RTy4fgMruo4hRcGG7aP4xomj4nivnu9DioL1LTzeH5k2MNp9plb3X799FJteHRc\/f\/3OQsPfQ+qIqGe\/nv4Prt\/Aum1RrNsWFUmG19XKDBibFF43KgaFPw2t4PerwMufOHLwkEiaZDWAn5qZ9ewd1iqp+nzG2uhneP1NCC9Ju8Gs1eKajOB+DBh25dZ1HUdaeMu2S7VSwUI2i\/F0usFoJ5fB\/OyyR1y93pufYSGbtV00O72rbnmruWUxlxftYiyVspSfoYSWbiAvRQpTDa6cuQZjgUzexiAXBEG+y\/nMHC5fDW5CKXtd2hkT5PYcTyQaPMe9bkBSwu9BSlYeFOFIRDy3VV8CNPbDlDiSNhHNUR5mI7LX4+W+3Gqc6bd+hrhRKIg+xmmjeUnThMetjLlfIc9E2tgyGzLMHsUyuq6L8iiKgvF02rIuq5WKbV06yXUdlmQWuoWmaT310iRPbqAxia\/V363GTzmio13q0n7+nXEWc3khV2RuW27HnVbzt1MWkT1O0j5AParUSFrvbh61mMsJA\/1oIuFJG1\/esDPLA3npi+TNb6t+7pIpOlCWyrQ6Hgje6B\/0nAiQo5v6O7qFGUzmMxnMZzI4f\/FCg9PSzdu3cOTgIRQLBei6jnAkgt9cvNCUpPzkzOxAOOiuNkgVQNO0hs3TQSKZSoqxijbEB4lul7+l0X\/Qdk06SSc6pdeXQ7BWKex\/7l9bFJ73w1vD+OY755uOeXy3ivvXFht+N1RbvA4pCja9Ot5g1JZZ0XV8de7X9fP+pb7YJyP1E1YnAvjq7V971qQf3hrGlvffczzm3suv4KGFR73fZ\/Jy\/y9PnGoyvpOXvzmawgv3ry2KzZRvnDjasHFCf1+tvL2KDP5APfv7UUnCBjAWCadmZrtqiKlWKvjFCy\/i9NkzluMIGd6dDH\/kTdxqEeqFxVwOJ31sfviBjPrmxeiSpuGXe\/Y2PZOu69i9cxcmp\/bbel10KmlkL8jnctA0DW+dPdOwECCqlQoO23gLmZGlj4oBy1rMZ+aE0VnmyADpjgbt7e9Wz\/\/wwUNNCz1q5yzv0zloA9gsiTGfmbPsc70eP4iQsbLVeGIYr+caDK123t\/zmUxDNF39XqWWnouHDx5CpVJt0CSXofHcC+VSaU1GwwB1OTG79yt70g1C\/RQLBeE4ILOYy7U9B7CaE7rt082RAW7qkjZ544kEJtITnhPi0gZZPBFvqz\/at2cvLl+90tTPLWSzPU\/SCwQ7JwLq0Y9+onwZxgv79uxt0PoHDLnS0UIcS5omNrgBoz8w+jFO1NtLzJvJgwZFpw4q3S7\/0Pe\/+\/QJAL+yO+Avf\/tr1wrT77gNyXfL\/1gZwnvLw4Fe0w\/rt0WFsfm\/nvpXT+eSrI1V0t7Hd6vQX37F0hi96dVxYWi2Yllbwr3X9jVJ5YTUEXzz3GlHDfqv313AlydONf3+O5\/\/GUCz4X7zgUlsdplg187oD\/h\/plb3X9F1fHnilKXx\/ZvvnMeG7aP46u1f46tz845lp+e3OnbjjjE8ce500zkPrt\/AP1\/b53jdQeWToRX8MvS418XoCOQRRUn1yNPC7thwJNK0UJZDvZ2wys9iRq15vclyIG6MpRQG6jX0086waZVIygnadHB6RvLCdbq2qqo13WfjODeLL\/I6lPMekJyEFW6MuUFunrjBrm1ZIXtyk+SAl7LK7dWPId7N+eSxTl66XiQKvJTPz7t02w5btWdzee3eHd3PzbUAw\/gQjkRa9kd2ZXTzfKsVN32x3XugenfbZt0c36p9drOf8dLHxBMJnL94wXY8IQku0lml771VmwUa+3hzDhc3yNFwJHnXaswx4\/ZbDAIvuXaCzstjRysngVZ\/t2tLfvoeL31tq+v7aVut+gyrd+GlT5c3T8x5buzesxtJOKf7UeTN888+J8rnty+i782pn7P7zmScnqPdMcvLnMiuvZH39WIu1zIXDMMEAUmR2kWiLeZyDdKlTB05R0I\/4ySBZ46Q7FfspPcGvfxOsNHfA0Eb\/X+zPIxnVoYCvaYfQuoINr6cBICWhmM7Nu4Yw7ptUQyrI3isLeHRnXJLD3GS5BneGsa6iLFp8KhStYwOMDO8NYwN2+MYjoQRUrZgWb+Hx5Uq7r+ft5Wi2XzAkKsxH7O+FjXgBqfr+30mp\/s\/vlvBwzt\/sPXiJ0P+P372C9tcAgQ9\/6M7ZcuNi5A6gk2vjWNdJIxl\/R4eXi+uai\/\/fxt+jL9jpdfFYBx46+wZjKVSODkz2xdeWAzDMMxgMn38GMbTadvxxGz0Zximf6AEwmzAdoe8UbJ75y42sjJdxUq7\/8jBQ30p\/ccwawE2+nsgSKP\/T1eGcKYPvPyZwWXD9lF8853zWNF1\/L+tP+51cQaKq0PLOBdaXdI+q5FPPvsUiqI0eHYxDMMwjFfIaGg3nrDRn2H6F9mI+NILLw6ERFMvuXz1Si2vBPdnTG+QcxCxlA\/D9JaWmv5eksUw7jnABn+mTSg6wG8C37XKPQC\/ZYN\/3+NVPoRhGIZhzCRTKYwm4q7lVhiG6T\/yuZxIdrjE33BLKHG1nQwHw3QaXde5\/TFMn+DC6L86Egb2E6+vhPBkrwvBDDyUxPeRTY4BxprfhpZxr9eFYFqypGmc7JNhGIZpi7FUsmu68gzDdA6S9eF5YWtOzsyiXCpzRATDMAzT2ujPBMsWADuXQ70uBrMKIL199vR3z99hSPsw\/Q8lLmMYhmGYdlnSNPY6ZJgBhg3Y3igWCr0uAsMwDNMHtNT0Z4LlxytDeAa9T97LMGuRj7GCPw1x8l6GYRiGWQskUylomoZqpeLoIawoCsKRCHRdZ+MiwzAMwzAMsypgoz\/DMAzDMAzDMAzDMAzDMAzDrBLWAfgbgJu9LQbDMAzDMAzDMAzDMAzDMAzDMO3y\/wHDUadWW\/J3NgAAAABJRU5ErkJggg==\" alt=\"Markalama G\u00f6rseli\" title=\"\"><\/p>\n<\/div>\n<div>\n<table style=\"width: 100%;\" cellspacing=\"0\" cellpadding=\"0\">\n<tbody>\n<tr>\n<td style=\"width: 120px; font-weight: bold;\">Norme<\/td>\n<td style=\"width: 400px; text-align: left;\">TS 9464 EN 1761 TYPE SD<br \/>\nISO 1307<\/td>\n<td style=\"width: 120px; font-weight: bold;\">Couleur<\/td>\n<td style=\"width: 400px;\">\n<div class=\"color-icons\"><img decoding=\"async\" src=\"data:image\/svg+xml;base64,PHN2ZyB2aWV3Qm94PSIwIDAgMTAwIDEwMCIgeG1sbnM9Imh0dHA6Ly93d3cudzMub3JnLzIwMDAvc3ZnIj4KICA8Y2lyY2xlIGN4PSI1MCIgY3k9IjUwIiByPSI0OSIgZmlsbD0iIzAwMDAwMCIgc3Ryb2tlPSJibGFjayIgc3Ryb2tlLXdpZHRoPSIwLjUiLz4KICA8Y2lyY2xlIGN4PSI1MCIgY3k9IjUwIiByPSIzOCIgZmlsbD0id2hpdGUiIHN0cm9rZT0iYmxhY2siIHN0cm9rZS13aWR0aD0iMC41Ii8+CiAgPGNpcmNsZSBjeD0iNTAiIGN5PSI1MCIgcj0iMzMiIGZpbGw9IiMwMDAwMDAiIHN0cm9rZT0iYmxhY2siIHN0cm9rZS13aWR0aD0iMC41Ii8+CiAgPGNpcmNsZSBjeD0iNTAiIGN5PSI1MCIgcj0iMjIiIGZpbGw9IndoaXRlIiBzdHJva2U9ImJsYWNrIiBzdHJva2Utd2lkdGg9IjAuNSIvPgo8L3N2Zz4=\" alt=\"\" title=\"\"><\/div>\n<\/td>\n<\/tr>\n<\/tbody>\n<\/table>\n<\/div>\n<\/div>\n<\/div>","protected":false},"excerpt":{"rendered":"<p>&nbsp; \u00dcr\u00fcn Ad\u0131: FOSSIL SD\/16 \u00dcr\u00fcn Kodu: FSDH45S Petrol \/ Ya\u011f Al\u0131c\u0131\/Verici 16 Bar EN 1761 Type SD Kullanim Alan\u0131 : Aromatik i\u00e7eri\u011fi %50&#8217;ye kadar olan petrol \u00fcr\u00fcnlerinin emi\u015f ve de\u015farj\u0131 i\u00e7in. Alt Katman : Ya\u011fa ve Petrole Dayan\u0131kl\u0131, Siyah NBR. Takviye Katman\u0131 : Y\u00fcksek Mukavemetli Sentetik Tekstil, 2 \u00c7elik Tel Spiral ve 2 Antistaik [&#8230;]\n","protected":false},"featured_media":22367,"comment_status":"open","ping_status":"closed","template":"","meta":{"jetpack_post_was_ever_published":false},"product_brand":[],"product_cat":[2364],"product_tag":[],"class_list":{"0":"post-21542","1":"product","2":"type-product","3":"status-publish","4":"has-post-thumbnail","6":"product_cat-sel_akaryakit_hortumlari","8":"first","9":"instock","10":"taxable","11":"shipping-taxable","12":"product-type-simple"},"jetpack-related-posts":[],"jetpack_sharing_enabled":true,"jetpack_likes_enabled":true,"_links":{"self":[{"href":"https:\/\/tuzlahortum.com.tr\/fr\/wp-json\/wp\/v2\/product\/21542","targetHints":{"allow":["GET"]}}],"collection":[{"href":"https:\/\/tuzlahortum.com.tr\/fr\/wp-json\/wp\/v2\/product"}],"about":[{"href":"https:\/\/tuzlahortum.com.tr\/fr\/wp-json\/wp\/v2\/types\/product"}],"replies":[{"embeddable":true,"href":"https:\/\/tuzlahortum.com.tr\/fr\/wp-json\/wp\/v2\/comments?post=21542"}],"wp:featuredmedia":[{"embeddable":true,"href":"https:\/\/tuzlahortum.com.tr\/fr\/wp-json\/wp\/v2\/media\/22367"}],"wp:attachment":[{"href":"https:\/\/tuzlahortum.com.tr\/fr\/wp-json\/wp\/v2\/media?parent=21542"}],"wp:term":[{"taxonomy":"product_brand","embeddable":true,"href":"https:\/\/tuzlahortum.com.tr\/fr\/wp-json\/wp\/v2\/product_brand?post=21542"},{"taxonomy":"product_cat","embeddable":true,"href":"https:\/\/tuzlahortum.com.tr\/fr\/wp-json\/wp\/v2\/product_cat?post=21542"},{"taxonomy":"product_tag","embeddable":true,"href":"https:\/\/tuzlahortum.com.tr\/fr\/wp-json\/wp\/v2\/product_tag?post=21542"}],"curies":[{"name":"wp","href":"https:\/\/api.w.org\/{rel}","templated":true}]}}