{"id":21536,"date":"2025-08-11T11:10:20","date_gmt":"2025-08-11T08:10:20","guid":{"rendered":"https:\/\/tuzlahortum.com.tr\/urun\/barrel-sd-16\/"},"modified":"2025-08-20T15:43:18","modified_gmt":"2025-08-20T12:43:18","slug":"barrel-sd-16","status":"publish","type":"product","link":"https:\/\/tuzlahortum.com.tr\/fr\/produit\/barrel-sd-16\/","title":{"rendered":"BARREL SD\/16"},"content":{"rendered":"<p>&nbsp;<\/p>\n<div class=\"report-container\">\n<div class=\"report-header\">\n<div class=\"standard-text\">Nom du produit : BARREL SD\/16<\/div>\n<div class=\"standard-text\">Code produit : OSDH451<\/div>\n<\/div>\n<div class=\"product-image-container\">\n<div class=\"key-feature\">Huile \/ Huile R\u00e9cepteur \/ Transmetteur 16 Bar EN 1360 Type 2<\/div>\n<\/div>\n<div class=\"horizontal-line\"><\/div>\n<div class=\"product-details\">\n<div class=\"detail-row\">\n<div class=\"detail-label\">Domaine d&#039;utilisation<\/div>\n<div class=\"detail-value\">: Aromatik i\u00e7eri\u011fi %50&#8217;ye kadar olan petrol \u00fcr\u00fcnlerinin emi\u015f ve de\u015farj\u0131 i\u00e7in.<\/div>\n<\/div>\n<div class=\"detail-row\">\n<div class=\"detail-label\">Substrat<\/div>\n<div class=\"detail-value\">: R\u00e9sistant \u00e0 l'huile et \u00e0 l'essence, NBR noir.<\/div>\n<\/div>\n<div class=\"detail-row\">\n<div class=\"detail-label\">Couche de renforcement<\/div>\n<div class=\"detail-value\">: Textiles synth\u00e9tiques \u00e0 haute r\u00e9sistance, spirale de fil d'acier et fil de cuivre antistatique.<\/div>\n<\/div>\n<div class=\"detail-row\">\n<div class=\"detail-label\">Couche sup\u00e9rieure<\/div>\n<div class=\"detail-value\">: Abrasion, ozone, conditions climatiques, flamme, chaleur, p\u00e9trole, huile et eau de mer R\u00e9sistant au caoutchouc synth\u00e9tique sp\u00e9cial.<\/div>\n<\/div>\n<\/div>\n<div class=\"datasheet_table\"><img decoding=\"async\" class=\"alignnone size-full\" src=\"https:\/\/tuzlahortum.com.tr\/wp-content\/uploads\/2025\/08\/datasheet280.svg\" alt=\"\" title=\"\"><\/div>\n<div class=\"table-notes\">Tube sur demande : Conducteur (\u03a9)<\/div>\n<div class=\"horizontal-line\"><\/div>\n<div class=\"footer\">\n<div class=\"standards-section\">\n<div class=\"standard-item\" style=\"margin-top: 9px;\"><img data-recalc-dims=\"1\" width=\"1020\" decoding=\"async\" style=\"margin-right: 10px;\" src=\"https:\/\/i0.wp.com\/tuzlahortum.com.tr\/wp-content\/uploads\/2025\/04\/tse-1.png?fit=1020%2C40&#038;ssl=1\" height=\"40\" alt=\"\" title=\"\"><\/div>\n<div class=\"standard-info\"><\/div>\n<\/div>\n<div class=\"horizontal-line\"><\/div>\n<div class=\"temperature-section\">\n<div class=\"temp-icon\"><img decoding=\"async\" src=\"data:image\/svg+xml;base64,PD94bWwgdmVyc2lvbj0iMS4wIiBlbmNvZGluZz0iVVRGLTgiPz4KPHN2ZyBpZD0ia2F0bWFuXzIiIGRhdGEtbmFtZT0ia2F0bWFuIDIiIHhtbG5zPSJodHRwOi8vd3d3LnczLm9yZy8yMDAwL3N2ZyIgdmlld0JveD0iMCAwIDcyLjI3IDE2Ljk4Ij4KICA8ZGVmcz4KICAgIDxzdHlsZT4KICAgICAgLmNscy0xIHsKICAgICAgICBzdHJva2Utd2lkdGg6IC41OXB4OwogICAgICB9CgogICAgICAuY2xzLTEsIC5jbHMtMiwgLmNscy0zLCAuY2xzLTQgewogICAgICAgIGZpbGw6IG5vbmU7CiAgICAgICAgc3Ryb2tlLW1pdGVybGltaXQ6IDMuODY7CiAgICAgIH0KCiAgICAgIC5jbHMtMSwgLmNscy0zLCAuY2xzLTQgewogICAgICAgIHN0cm9rZTogI2E3YTlhYjsKICAgICAgfQoKICAgICAgLmNscy01IHsKICAgICAgICBmaWxsOiAjYTdhOWFiOwogICAgICB9CgogICAgICAuY2xzLTIgewogICAgICAgIHN0cm9rZTogI2ZmZjsKICAgICAgfQoKICAgICAgLmNscy0zIHsKICAgICAgICBzdHJva2Utd2lkdGg6IDIuMDZweDsKICAgICAgfQoKICAgICAgLmNscy00IHsKICAgICAgICBzdHJva2Utd2lkdGg6IC4ycHg7CiAgICAgIH0KICAgIDwvc3R5bGU+CiAgPC9kZWZzPgogIDxnIGlkPSJrYXRtYW5fMSIgZGF0YS1uYW1lPSJrYXRtYW4gMSI+CiAgICA8Zz4KICAgICAgPHBhdGggY2xhc3M9ImNscy0zIiBkPSJNMTEuMzQsMTEuNTdjLS45NCwxLjcxLTIuNzEsMi42Ni00LjgsMi42Ni0zLjA1LDAtNS41MS0yLjQ3LTUuNTEtNS41MlMzLjUsMy4xOSw2LjU1LDMuMTljMS45NCwwLDMuNjUsMSw0LjYzLDIuNTIiLz4KICAgICAgPGNpcmNsZSBjbGFzcz0iY2xzLTUiIGN4PSI2LjU1IiBjeT0iOC42NiIgcj0iMi40Ii8+CiAgICAgIDxjaXJjbGUgY2xhc3M9ImNscy0yIiBjeD0iNi41NSIgY3k9IjguNjYiIHI9IjIuNCIvPgogICAgICA8bGluZSBjbGFzcz0iY2xzLTMiIHgxPSI2OC4zNCIgeTE9IjExLjc2IiB4Mj0iOS45MiIgeTI9IjExLjc2Ii8+CiAgICAgIDxsaW5lIGNsYXNzPSJjbHMtMyIgeDE9IjY4Ljc4IiB5MT0iNS41MSIgeDI9IjkuNzMiIHkyPSI1LjUxIi8+CiAgICAgIDxsaW5lIGNsYXNzPSJjbHMtMyIgeDE9IjU0LjA3IiB5MT0iOC43NSIgeDI9IjguNjQiIHkyPSI4Ljc1Ii8+CiAgICAgIDxwYXRoIGNsYXNzPSJjbHMtMyIgZD0iTTY4LjE1LDUuNTVjMS43MSwwLDMuMDksMS4zOSwzLjA5LDMuMDlzLTEuOTIsMy4wNi0zLjYyLDMuMDYiLz4KICAgICAgPHBhdGggY2xhc3M9ImNscy01IiBkPSJNNTMuOTEsOC43NWMwLS4xNC4xMi0uMjYuMjYtLjI2cy4yNy4xMi4yNy4yNi0uMTIuMjctLjI3LjI3LS4yNi0uMTItLjI2LS4yN1oiLz4KICAgICAgPHBhdGggY2xhc3M9ImNscy0zIiBkPSJNNTMuOTEsOC43NWMwLS4xNC4xMi0uMjYuMjYtLjI2cy4yNy4xMi4yNy4yNi0uMTIuMjctLjI3LjI3LS4yNi0uMTItLjI2LS4yN1oiLz4KICAgICAgPGxpbmUgY2xhc3M9ImNscy0xIiB4MT0iMzYuNDMiIHkxPSIxNi45OCIgeDI9IjM2LjQzIiB5Mj0iMTQuMjQiLz4KICAgICAgPGxpbmUgY2xhc3M9ImNscy0xIiB4MT0iMjguMDUiIHkxPSIxNi45OCIgeDI9IjI4LjA1IiB5Mj0iMTQuMjQiLz4KICAgICAgPGxpbmUgY2xhc3M9ImNscy0xIiB4MT0iMTkuNTkiIHkxPSIxNi45OCIgeDI9IjE5LjU5IiB5Mj0iMTQuMjQiLz4KICAgICAgPGxpbmUgY2xhc3M9ImNscy0xIiB4MT0iNDEuNTciIHkxPSIyLjc0IiB4Mj0iNDEuNTciLz4KICAgICAgPGxpbmUgY2xhc3M9ImNscy0xIiB4MT0iMzMuMjgiIHkxPSIyLjc0IiB4Mj0iMzMuMjgiLz4KICAgICAgPGxpbmUgY2xhc3M9ImNscy0xIiB4MT0iMjQuOTkiIHkxPSIyLjc0IiB4Mj0iMjQuOTkiLz4KICAgICAgPGxpbmUgY2xhc3M9ImNscy0xIiB4MT0iMTYuMDgiIHkxPSIyLjc0IiB4Mj0iMTYuMDgiLz4KICAgICAgPGxpbmUgY2xhc3M9ImNscy0xIiB4MT0iNDQuNjMiIHkxPSIxNi45OCIgeDI9IjQ0LjYzIiB5Mj0iMTQuMjQiLz4KICAgICAgPGxpbmUgY2xhc3M9ImNscy0xIiB4MT0iNDkuNDkiIHkxPSIyLjc0IiB4Mj0iNDkuNDkiLz4KICAgICAgPGxpbmUgY2xhc3M9ImNscy00IiB4MT0iNDAuODgiIHkxPSIxNi45OCIgeDI9IjQwLjg4IiB5Mj0iMTQuMjQiLz4KICAgICAgPGxpbmUgY2xhc3M9ImNscy00IiB4MT0iMzIuMzMiIHkxPSIxNi45OCIgeDI9IjMyLjMzIiB5Mj0iMTQuMjQiLz4KICAgICAgPGxpbmUgY2xhc3M9ImNscy00IiB4MT0iMjMuNzkiIHkxPSIxNi45OCIgeDI9IjIzLjc5IiB5Mj0iMTQuMjQiLz4KICAgICAgPGxpbmUgY2xhc3M9ImNscy00IiB4MT0iMjAuNTkiIHkxPSIyLjc0IiB4Mj0iMjAuNTkiLz4KICAgICAgPGxpbmUgY2xhc3M9ImNscy00IiB4MT0iMjkuMTMiIHkxPSIyLjc0IiB4Mj0iMjkuMTMiLz4KICAgICAgPGxpbmUgY2xhc3M9ImNscy00IiB4MT0iMzcuMTYiIHkxPSIyLjc0IiB4Mj0iMzcuMTYiLz4KICAgICAgPGxpbmUgY2xhc3M9ImNscy00IiB4MT0iNDUuNzEiIHkxPSIyLjc0IiB4Mj0iNDUuNzEiLz4KICAgIDwvZz4KICA8L2c+Cjwvc3ZnPg==\" alt=\"S\u0131cakl\u0131k\" width=\"100\" title=\"\"><\/div>\n<div class=\"temp-values\">\n<div>-30\u00b0C \/ +70\u00b0C (EN OPTION -40\u00b0C \/ +70\u00b0C)<\/div>\n<div>-22\u00b0F \/ +158\u00b0F (EN OPTION -40\u00b0F \/+ 176\u00b0F)<\/div>\n<\/div>\n<\/div>\n<div class=\"marking-section\">\n<div class=\"detail-row\">\n<div class=\"detail-label\">Image de marque<\/div>\n<div class=\"detail-value\">: Ruban de transfert ou gaufrage<\/div>\n<\/div>\n<p><img decoding=\"async\" class=\"marking-image\" src=\"data:image\/png;base64,iVBORw0KGgoAAAANSUhEUgAABf0AAAAoCAYAAABEkVAiAAAACXBIWXMAACE3AAAhNwEzWJ96AAAgAElEQVR4nO2dW2hcV5rv\/yVZviTR6uG8hdqh03TPQ5WhGxKYKkPCyQFVGRIyD1I5OCTQUjmX8UMkxdjtB9uKx5cHx8aRFDhuux1ZA21i2iU9jNtmXKWHhARc1TAN54CroM8cpjnZRb8NM9vtxFfpPFR9S6t27XvtuknfD4xVt73X3nuttdf+r2\/9v8hPf\/ziawBeA8MwDMMwDMMwDMMwDMMwDMMwfc0W1AT\/T7pcDoZhGIZhGIZhGIZhGIZhGIZhWmSg2wVgGIZhGIZhGIZhGIZhGIZhGCYcWPRnGIZhGIZhGIZhGIZhGIZhmA3CllY3EIvHIYQIoyyhUSoWAQBCCMTicfl+Vdeh63q3ihUaL69F8BIi3S4GwzAt8DXW8KfIWreLwTAMwzAMwzAMwzAMw2wwWhL9Pz13FqOZTFhlCY2fvfgTALUJiavXvpTvz8\/OYX52tlvFCo2Z1UE83+1CMAwTmHsArg0+6XYxGIZhGIZhGIZhGIZhmA1IYHufRDLZk4L\/Rmfv2gAL\/gzT51wbWMW9bheCYRiGYRiGYRiGYRiG2ZCwp38fMQzg\/VW+ZAzTz\/wFwG8iq90uBsMwDMMwDMMwDMMwDLNBadnTnzAMA8u5HAyD41fbxfurAxjudiGYDc\/QrgR2fPwRVo17+Ot7+7tdnA3H+YGn3S5C3xOLx3F05hgq5TJOnTjZ7eIwDMMwDNMBYvE4KuVyt4vRF8TicVR1HYZhdLsoDMMwjANHZ4415CLtVZyevVVb9V5mObeEpVyu6f1+L78ToYn+iwtXNoRffq\/yPCLYu8ZR\/kz7Gdo9gi27Enh4fbnbRdlw\/DGyhq85eW\/LjGXGkEgm+cGfYRiGYTYJiWQSV699if0ffIhCPt\/t4vQ0Qgh8eu4sKuUyfnXwULeLwzAMwzgQi8eRSCa7XYyW6Jfyl4oly\/f7vfxOhCb6h8Hk9HQo29mIkw+fdNDWJyIEtuyMOX7n8R3vlW1wZwwDQuDJ3QrWXKJNhnYlAu+X9mOH0\/69HDPx9Dsdq3q16Xd+zokTgztjGEomEPlR7VhWv9Px6PaKZdmdyr1qGHh6t+J7\/1t3pwAAT5TjUc+t23HSNVTPE1PjfIdsfTRNw0g6DSEEDMPASj4PXdctvyuEQCweh2EYDSK63ftBicXjSKXT8nUhnw+8Xbop2930YvE4hEVf4PdYNE1DVNNQ1XXb80f7qpTLttF0fq6H3e+AWnSFndBhd8xmSsWi63eCQufLC1bnNJVOyygXP+eJ6qrffa7XI\/tz4uX6mr9rV1\/M9aC2OtJ5m+qxOZVBCIHRTEbWgVKx2LZr7WdQ3M76FiZq3XNqZ2ERpF55+W4QvPb1anvx2uYA\/\/2uH7y0uaimWdZD9Ric6qnbsbZax6mMbudJ7V+97NPpnuDnmnitf279fxh9weT0FABgNDPW1Eb9tGG\/fbE6fqnqOgr5vK++2wqv19DruMl8P6PzEYvHMT875+leyjAMw2wO6F6mPjv0G6ViEVVd79s8s50sf4+J\/lOhbGejif4vr0Xw0lqkY\/vbsjOG4d\/91vE7q3oV9w8c9iR0i9\/9FhEh8MNnn+OH8\/OO33Xb75ph4P6Bw3h0e6Xps2c\/OYItLpMGdmXwcsxW21B\/9x8v\/K2n39sREQLPnj+DrbtHmj57xjDw4It\/aiq7W7nXDAM\/nP8cD75Y9FSGAS2KAS0KAPIcb9szimfPn5HfcTrOoV0JWZ57b73Lor\/C7yNr+FMHovzHMhmcOXe24b2jM8cwPztn2TfG4nFcvfYlSsUi3tn7tuv7fhFC4MKli01C4eT0lIxA8yMIqQ\/Sdg\/1R2eO2QqTVV3HqRMnPYl6o5kMJqenbM+duq939r5t+RDv93qo3xnPZpveNwwDhw8eaiq\/0zGr\/OzFn7h+Jyh0vrygHn8sHsevL11sEoyOzhxDIZ\/H4YOHXAUZL0syzeecfmN37agMTtdX\/R5dL6trm0qncebc2YaB9eT0FN7Z+7Zj\/affGYaBl37+C8vv0PE3DtqnsJzLtSXC08\/y13bWt7D49NzZpgF3q\/2eG1SvTp04icWFBdvvCSFw49ZNAM71tBWo\/hiGgddeedW2rdF1\/9mLP\/Hc5oD2nstUOo3J6SnbfZw5dxaJZBKvvfJqk+ipHoNTPXU71qqu4x8++DDQxMZYJoMjM8cghHA9T5PTUxjNZFDI5z3VA7d7gtf7L\/XNbnXVrf9v5TwBNVGbjmd+dq7hMz9t2G9fbHUPn9Rr33cS0lupN0HGTea6vJTLYbS+KnJyeoqj\/RmGYRjJm6+\/AcMwUMgX+sbWRqVSLst7vK5XQ9ORO0Wny89+MX3AzOpgt4vQxIAWxfDvfotBl+j4oV0JROoD663pZjHbLxEh8NzlC64rAuzY8fFH2HFgsuVytAPxu99aCv5A7bh3fPwRhMeJCfV3zxw\/0iDaO0FR\/k\/rqyL8\/BYAtu4ZBVCbFApr5cNG4B6Azzrg5W\/1cEpMTk9ZisjtxurBlYjF47hx66avyGEv0dlORDUNFy5dbIieaxdBr8fk9LTtZyQGhLUyrtsIIXD12pe2EaKpdBpffftNW6NQWh1o2U3QEEKIJpGJ3v\/Upn4Qo5kxAMCKwyTVry9dtDw\/o5kMxvo0+qVTTE5PW0bY1ISy9rexsfr1taMT\/RQhhOjKPaIVSPjUbPoPet8q4rrVewkR1TRcvfalbRnssBKf7RBCYKReF1byhUDlNBOLx137HzV6P5EMNu4moppm21d5YTw7AQBYzuUaBG8\/bdhvX5xIJi3v4VFNs723e8Wp3oQ1bqLJkdFMxnf9ZBiGYTY+GyHnS78fQyfK31OR\/kwze9cG8HwX93\/vrXcbXg9oUQztTklxesfHk47JXocUEXtwZwwDWtRT9PfD68tN3xvQothWF5V3fPyRraj85E4Jj4t\/aHgvIoaxbc8oIkJg+75f4sHlRVurnx8++9yxbE\/aIGZv2zMqJ1Ce3q3gwReL8vi37Epg+75fIiJE03GpmMutnq9te0bx6PqyqxBPKyUe5WtR\/lvi3iyPgNoEA+3vweVFz7\/bDFwbWEW7U5wLIXBk5hiA2s1jceEKSsUiEskkxrMTEEJgcnrKk6VIWKiReaViEYsLV+S+xzJjGM1kUNV1X5F\/JDx48bNbzuWgK\/2IpkWlOHDm3FmUXim27VwEvR414a0mblR1vWFZvvpbu5UK5mPuJKViEfOmxQskqJsjM0loG89mpQCznMthKbcEYP08JJJJlIrerlNV1+Xv7cpnBdXToOKfaklkJWipx3jqxElUymVZ\/8l+waoNaJom28+VhSuW+06l01KUm5+dk9Yrk9NTiMXjGM9O+E725Ib5WiaSCXn+gvhMdgu1rVFiMvO5a\/fK0Vg8Dk3TbCOGR9Kptu7fzHh2AosLC67tjfomlbHMGKKa1tQHVdtoK0LnzWrSUAgh34\/F4019plZf1ej1\/mPVv9A9heqNn2hqt35DJaVY0fhtz9TnrJdZkxHgsXgcY5mM7TZHlEknrxNQVv1ALB6TfdVoJuO4YsAKIYTcv9oX+m3Dfvtiun\/RCjvDMDCenUAqnZbnz63++K03YY6byDogWrcz8nveGYZhmI3JhUsXUSqWkEgm5P3t6Mwxzzat3YYCF3S9ikQygf0ffCgn9vuBTpc\/NNG\/9nDuLwqkVCzZPlA5ZYbeLAwDeL+DXv5WWInED68v47nLF7B194htZDpBkePEkMcEsXYC9apexY6PP8KWXQnbCYTHxT9YWvg8vr2C4brV0NbdI7blcLMgagdD9fO0qldhvPVuw4TE4zslPLi8iGeOH3Esm9VnD75YlPZKThMlBF3PR7fXI8ke3V7Bqq5j+75xx9+S4L9mGJwEWOEvAH7TAS\/\/lOL9vv+DD6WAWSoWUcjncePWTen73akHP4piVZewEbVy1eqZH+GdHvy92PMs5ZaahNxSsSQj\/VLpdOiCqFrOINdDFXfM9gH0W6ckxlbH3CmsfOTXRX\/rez3VkcWFhaZ7fiGfx+T0NJY9XiNd1wOLtOPZiZbOW00ovWe5aiBVF24XFxbktaYJoGhd2Le6njRBVSmXba+36mFtPvYLly569l33g3k\/k9PTddHffkzXiySSSdlG39n7tuyHDMOQdkleRL1WsRPjVKGzU3i9R1i1tUQygaimdbQPUq+NeeJOrftWzyf0YFspe8t9ZNe\/0LLsmkDuz0KFRN0Lly46fo9W\/HjtC1Uq5XLDeSmhZv3y9bff1PufhO190HzeUum0673Xrh+4eu1LJJJJpNIp32MQ1U\/ffM39tGE\/fbEQQorvqqVepVxG4tuk\/Nytf\/Bbb8IeN11ZuIKjM8cCnXeGYRhmY6IGPNEYIBaP95VNDj0nzc\/OyXs0BTX0A50sf2iKMg1+\/PybnJ6yPSjDMKSA4PffRuH91QEMd7sQNjy6bh9NSaj+8OQpP7S7tag1VYwefMHfTOTjOyUppg\/4\/G27Gdr1dwBqEypWKxAol4FfaqsG\/gkAXPMdkOC\/piQA\/uGzz\/HX9\/ZjzXCPU9\/+3jgA2CYd3qyc74CtD7AeEWrl96smtWt1ib4fSFSxi74u5PO+EmZ6TXjoxFIuJ89PO6Nog14PNVGjVfRvpVzeUA\/ubnVkfna2IwkIU+l0YPuDUydOOgYp0HjGfIx0XHZRviT+OK1eiNVXYxVMlh9qu2qH8L8RUJO4qgKa2l47kdzMzuKn04I\/MVGPnO4X6HqZ26\/6fGHVtunzVvsXEuL9JDcGam1UFartUFf8OPUFfqFtOUX10X7pntPK+GG5vr8gD7O0X\/N4wW8b9tMXq9dS3a86\/milf7CrN2GPm1bkWKM\/RBCGYRimc6jjo5gPh4deglZuCiH60squE+UPHOkfliWC3ZJ6NcLCLxtB+H8eEexd692UC15EYIryf3KnhIfXl7F937jrygA3SIwGgMF4zLdv\/NO7FWzZlcBgj3VqlPegHdZBT+6UgI8\/AlBbaWF3zqS1j5Ik2ev5HaqvvADgOWnwZuCPkTV83YHkvcD6w6dd1OJKvtCSsNkKYUXKhuXBXMgXkEgm23ouWr0eXqNPNwrtjqZ2giI9gyY7dCt7kCSmFHkKOEf3evUD7xYU5FGzuGg+DvLcrlnC6BjLZKRFjGEYmJyeQlTTsJIvOK7K0eq2IYlkAqViSW7PifnZWcsI3E6fLzuLn05b+1TKZUTrE6tOli+9RtXG4kd9eI1qmlxBBTQ+5LZ6P1Gvm5+647XP87Lipx1QFH1tkrqA8Wy2JeG4lcmVdXG\/cUzqtw376YtLxaJtgucw+gi3ehPWtdZ1XVpItWJjxzAMw2w8opqGr7\/9BoZhQNd1vPTzX0AIgX+ur0jvB8iiTwiBpdwS5mdnkUqnXVdR9gqdKH9g0Z8iFdsViRSLxwNnkrYbpPUTn3TZ1seNiHBfg0Ai8uPiH2RiWLLWUYVlP6iJg58GEMWkb36PCWp0boZ2j4SeANezcF+PpAoy8UAJfJ\/erTRMzGx2znfA1odwE8TpAbMbUb+pdCqUB00\/fv5O0MN0O89Fq9cjlU71lVVKq3ixjWgX87NzuHotidFMpiGHQqew8jwfU+w8+jlBFQn3AJpEZE3T5GcUSUzLWivlckPCzZqHdsJyUsacMJtyX7yz9+1AwpkqbLZbICMxzmzxo1r7VMrljvTbhmGgsHAFk9NTmJye6hvRv1yuYBTNUehxJQqc\/Nfpeq5b+3RvstEr6xZo1nk9giLq43i7nAtkhUOrqA3DcM1B4by\/4OKBGtHvhaBt2Ev+CTUyv539Q1jjJqBuSWRqAwzDMAwD1MZEUUDmkKEVbf20QozuyxQo1a1nyqC0u\/wtKcv7P\/gQP3vxJ77+BYl422y8vBbBS2uRbhfDEfJ3txPvSdyvfadmO\/D4Ti0JrZvNjBNqjoBVn0LI0K6EjKhf+6\/eElFIKN+2Z7Tl1RBBGNCickLE74SMmjCYo\/zX+X1kDX\/qUJR\/r0IP0LUI3NYHDpRUcKXPbuR+qCqTAePZbJdL037oeCenp7q2JFO1BuyUl2UsHkcimawJrab6TCIw0Gzb029UymU5aWHuA+i1+h3i6MyxJpHQqh\/RNM0y6ZUQAkfribT9QmJnJwRh6svMFj9q7pJOTvpQEl+K9u8HrCZxKYlvrX3V2pBad8Ky9gEaVw2Efa3UFT9hPgCqk0p2k+jrE9el+v\/Fhvf9ErRdqdfV6\/n1sy+nvth62+vBbq30EXb1JuxxE7B+DfslapNhGGazQ3Z0hDmnTaVcbpiopsTt6ms1z4362mpblXIZo5kxObFNk8StjGu8lNmujFbHr762O35aHTmWyTRtox\/KP1632Ayj\/CqhJfJlwmNmdbDbRZDsODDZ8HpAi0orlzXDwPfHT1n+jjzqVX\/4x7cL9eS\/KXx\/\/LTjfq3sdwa0KLbv+yWAWsJbu4hyKqNKRAxjx8frx6LmBmguu\/2kxJP6ioWweXh9GVvqkxLPXb6AVb2KR7cLeHKnhMd3\/tB2j3w65qcBjm\/bW+tixbY9o3j2\/Bms6lV8f\/xU4BUd\/c49AJ91yMu\/l1nKLWE0k4EQAlevfSltAgr5fKAHfyEEqrre8UhsTYvaPnyH\/RBdyOdxxDgmRcuJ7EQ9L0DJkyDhFBHcixF+S7klTE5PIRaP46tvv5HHupLP+77OTraAbvVmceEKEsn2R\/sfnTkmIy4B4PSJk00DajUJ9Hh2AhcuXUSpWMSpEyf7IjLZzEo+LwUstQ6u+3Q334+HhcA7e99GqViUKz+FEBjLjDVsgwbHlPiaIpMoaajfRLyxeFw+MIQdWW1FIV+Qy3rVCGqy9lnJF2QS105gGAaWczmMZ7N9E+2v+quThY+a4Hp9UmB9XEl\/h2GjptbBsNsnTQZVdR03bt2U1lenLPoNp2005jeIYqTex1TKZctrbBXNXiqW5IobZ6ut5vsl9a3q9ryybpXn7dx6bcNe+mKrstDEcKursOzqTZjjJjPkG8wwDMP0Nq+98ioMw0AqncbRmWP476+8CgAyoIVyiX397Te4snAFiwsLEELgq2+\/kcnnNU3DV99+0zA+PjpzDG++\/obcVlTTsP+DDwEAFy5dxB\/\/9\/8CUAvuVrfhl0q53LAfIYRcrXvj1k2ZvNaqjFevfSmPfyyTweT0FN58\/Y366uFpCDEsj\/\/GrZso5AuYn52FEAI3bt2U9+mXfv4LuQ2rAKFeKf9Sbklevxu3bsqgv1bKb6ZnRf+a\/2t4Cav6hb1rA3i+24VQ2FH3gjfz9G4F997bj1W9avk5Jeyl6P7a37VIE4oqd7KBeeb4Ecdy2U02ADXhmSLPrXjwxaJtuQFg+He\/tf3s3lvvhm6\/A6yL\/lTu2gTHOLBvXH7+w\/l5x3K3grxeAWxT1HNNqzgGtCieu3wB9w8cxsPry+EUso+4NrAK96wXG59SsYjlXE4+gFPkwOT0FKq6jvnZOc+iUlh+\/kEYzWTkMbQbwzBw+sRJeXOPahrGs1mMZ7MwDAOL9YGdndjgFN3ci9Z3iwsLSKVTUnhJpdNygFsqFjE\/O+f5mjvZAs7PzjnaJRXyeVR1HdG6N3y7rJWoDQA10ciq\/qte7lTvaRD596+\/0fFJr1YpFUsYzWSaLKuc2vSyknC7lrz6ipwcUqGo29PKhIja76TSaV9CGbUfuxwEYUPRxal0Wlr8qFHYhXy+o6I\/UBNKx7NZROsJZHtxslDFMAzZdikyTY1Sp\/LHlbpDUdZ+jq1mRzVtei8q7w3tWIFGK37UfAU0SUQPo27Y3bto8sAK1VqK7jV0rmplss994nS\/pHtYELwK7F7bsJe+2Ay1C6B2T\/GC33oT5riJsMt7wTAMw\/QmasS4Ou7X9SruKfdDXYlGp\/EQvabf0WvzylrDuAco21Yjz83bCFp+2o+h5APVXcpYreeioc915bXZ8lKdOCdromj9WNRt9HL56byHWX4zPSv667q+qfyMAWAYwPs97uVPDO6M4ZnjR\/HX9\/Zbfk4WNY+ViHqKzh\/cGcNQMhHY+\/2Hzz4PHEH+6PYKfjj\/eaDftpv7Bw7j6d0Ktu0ZbchdAKzb\/hhvvdsWz3xamfE4gLXPgBI59PRuBZEfCfneM8ePbDrR\/y8AftNBL\/9e51cHD0HXqxjLjDU8cEbrthyxeMxWeFAJy8+\/H1hSkpiaLSsmp6eQSqc8Cz69DkVoH505JqNPiZrQnZTRJu1mfnYOZ86dxXh2wnFiJSxI1DH71JvtIygJqRAC49kJT+2llyCxkFbrGIYBrZ4wVv1cxRyBXftOs+hvZ31CEfRmn3cnalHMNbHYq6AXBsu5JaTSaYxlxuqTYN2x9iF0XZei4+T0FN7Z29uiP1Arsyr6r0fyrz+EqfWP6pEXD3ciquSgMGMYRuh1hhLpEupkRiwebzkPymgmg1KxZCkgW63CIbGAVgH4jTo3DAP7P\/iwrZOWQduwXV+sommajM73kiicCFJvwho3Ef02UcwwDLPZ+fTcWSzllnB05pi0fK3qOiayE1IcJnu6ozMC87NzcpL4yMyxegBH7Z514dJF+bqW9yrbYCVDY+5UPfjEaht+sd5PuSGwxa6M0fpkeaVcls\/C6uuopsnnI3WsROO8+dk5jGXGGn6z2cpvpmdF\/83I+6sDcE+P21n+44W\/bXpvaFcCz13+n9i6ewTPHD\/SZNUzuDMmvfPNUfGPiyUM7oxh6+4RR\/\/3h9eXZVR7RAzLHALfHz\/t6hv\/5E4Jj4vrKwy27\/slIkLg0e0V20kKlR8+s58UePpdewfOD75YxIMvFjGgRbFlZwxDu1PYunsEESEQEQLPfnIExlvvhrpPynWwZhi+VzGoVkjqtXn2\/Bls2zNaS068K9GW1RG9ynm29WlifnYW87Oz0Oo3t5F0St4wx7NZLOWWXAUEVQjrNDXPd+s6bH4oD4tCPo9CPi8ta1LplBTFafCnJv4kamJEOCuCzNGJKmFOyhuGURdbDskB7FhmTApzZ86dReHn7tfdaYWgl4jepVxODsbGs9m2BB5QXiOK3B\/NZLCUW7L0yz514qSM\/L567Usp9IUp+ieSSVtLJDXXQStQRAxd20I+7znRtVfsJgP8QBHCpWLRUyRtWOeOxH2y+FGtffwQZnudn52TlkztivYPs+6ViiUkkklpX0JR\/WbRPxaP20bPBaVSLtdF2nDHh+q5efP1N+QxkNVVKp3ydD8kmyyVVDqNM+fO4sy5s9BNPrPqvs3vl4pFuRrL7p6t3i+FGJbL1Pd\/8GHbV434acNufbGZyekpOWkURh\/sVm\/CGDcxDMMw\/Yl51Zy6kjuKmshMxOLxhtd0n7Z7bV4VTqvLDx88JO+dN27dtF097RXzfvyU0Sx0m1\/bHf9rr7wKXdexuLAgrYo2a\/lVXEV\/p4eIIHj1E7RaDukVu4ebRDIReJvtXur9PCLYu9YfUf6P75Rw\/8BhPHf5ArbtGW0S\/SnZ7tO7lSY7mid3SsC+celfb+cf\/+j6coNQPJRMYHBnDNv2jLqK\/o+Lf8AP5+fla5o0IPHczbNe\/W23WNWreKRX8ej2Cr4XAs+eP4Otu0ewpZ5PIUybnyFalaFYMXll4IWasLJmGA3X5fvjp6Xtz5ZNJPr\/MbKGrzd58l4ndF2HXl9G3yheOFtwOCX87ASlYsnxvtLOJfNk\/1GbADipiL8pS9HfSbTwi1NkQbtW4pEH9+LCgvQwpIkPt+MKY4WgOdq\/XTRa0KTksZHtSM0GY0H+PT87hwuXLoZe1xLJpO11np8Nz06LvPkTyURd9A935Y7dg4nX5NBBbDvCPHeU94AsiQD\/E5xhttdORPuHef7UZL6UxFfN41EuVzBa36c6EeCHSrncJPa2w8efoOcl1cu9Ui7LnAut9AWFfB6JXALj2WxTnoxYPG67Ckf19bfDfL9MpdP1xNBjbRX9g7RhwL4vVjHnCfAzDmm13gQdN6l47QcZhmEYhtl4eBD9W19OEASn5ZBu2Isz9lFFbniN\/ArKJ31i60OQvY5VJPfWdE1EHtwZw3\/77v\/YbmPr7hHP1i8PvljEs+fP1KyBfIrIDy4vypUC298b7wlR3w+UMJkskwZf0MIV\/esPb48dkhvbERG1tSlmy6E1w8CTOyXp8b9ZON9FWx9adt8vqOKFmwVHN\/38g9KO66GKv0HvZf3EUi6H8eyEjBDvxPVXo\/3bnceBVmSoUeokWpnFHFUAVhO+9guFfAHj2axcqdCpNu1FGFWTc9YSSXe+nyE7IipHqVjsygSnihrt75QgvBdQRX8qa1lpQ1bJfIPY03Sybqz3BY3jK2pLrQq5tB2rpLvEv\/353y1\/S8vRvdTRKwtXFPs27wmI\/dBqG7bqi1XUPAF+J4PDrDd+xk0qVJf82FkxDMMwG5+qruOdvW\/DMAwZXBSLx3p+3KdSyOdx+OAhRDUNFy5dRCFfQErJj9brqOU\/c+5sPcAi3PJ33d6HByDAy2sRvLQW6XYxQoGS9Hphy66EZ9H\/0e0VPGMYiAiBrXtGfYn+q3pVCtDb9oz2negPoCWRf8hBeFevV5Bo\/AGOHpL8PrKGP3Uxyp8yxtuJozGT3UEvoCbFcYJufGFFBXfiXLTrenRSCCT7g27SDeGTov0nshM9Ka4PhziZpCbMNRPm+Iz2Qf6VTn7+QWglSTXZdgC1hMBeCfPckcUPlaPg09oHCL+9qtH+EwE9XZ0I8\/xRO6VVQUCjWG6VzNcspvcbYfUD5okxrw+aZNXlxnIuh6Mzx2R0ut8AKroHOE10B23DXjDnCej2ZJzXcZMVYVn\/MQzDMBuDpdySHEOViqWuBXy3Aq3AM+qOAP12DGr5gfYE3XdV9F9cWGhr9Hy\/MLM62O0i+GbAxqZJFZif2IjIESGkr\/99j\/tbMww8ur2CbXtGpaWQm02PysPry9IaZ+vukcCJgNuFm2VPpIWHO7LvAZqFfbpeVlZMXnhargDK9lVaKXO\/cQ\/AZ1328ieRxC76i97vpIjpFgQ5heoAAAwTSURBVAko6itFnL8jpEAelp8\/iRrtPBetXA+n80bCRieEh05EtbrXkc4dL7GUy+HIzDFElWSzQSG\/aKA1YVqN6lUniqpS7GzMCKSuMnESUHXFAqXdFPJ5pNLphohcOyghq1eCrn7Q6vkbAH\/JOYHwzx1Z\/NDffmlHe72ycKXJVzYswj5\/lOh2LDMmX6uQJz71Jb04oecFzWY1UNDtmHGz06Mk3F5zCpBFXSqdxnh2wvdzn3qcVvcLr204aF+sRvl34pk1jHGTGRpvdHvCgmEYhuktxjJjWM7lYBhGX0XHq4xnJ2Ri3H5aoUB0ovyuon+7Iv2qFoP9sPdVKZdD22a7Bkp71wbwfFu23F52HJiUf6vJbYfqfv5P7pRsE84O7ozhR\/\/yz76TvD74YlH6xPu16Xl4fRnPHD+CiBDYvm+850T\/4csX8KRcwf0Dhy0\/f+b4Efn3k7veo9OGdiWktZHVMdP1ehwwgnrtv2rtwpxrQF1B8PRu70SWt4trA6sIHnsVDqViSVoxjGUyDQ+ntUSwNZ9ov8khW+HMubO4J5O0NiKEkEKSU8Rl2DYgY\/VzBLT3XAS9HuSxTEstzYzXI257acVGUIQQuHHrJuZn5yzFFNVWpNPHu7hwJZRIC7XcqXS6QSQjIUYV5Wv1fKrJPoPqrLlOUOSmOcGvmkyqV8TNdT\/wpHxtRzzeuGJwfbWPtZA7msk0WDuSr7tbvTlSF\/TCSs7ZCmTxUymXe+aaVcplKab3OrS6ys4iS03mC\/S+XRwlJ06lUw11OywBl+4l6nlQ+403X3\/D8neUa8VPnVjOLSGVTsvz77c\/r+q6fBg2XzevbdhvXww05gmwGse0gzDGTWbCmihiGIZh+h\/DMPDaK6\/CMAx8eu4svvr2m24XyTelYhHv7H0bQghcvfZlqElvO0Gny+8q+ndyUBz2vjrtv+mXYQDv97iXvyruE1vTI1LQfXKn1BAhPrTr7wBYC8wERZUPaFEM7R7xLPo\/vVvB07sVmdDXr03Pw+vL2L5v3DUZrtUxqzy5U7Iscyu\/G9wZk\/kKHt0u4HH9\/A1oUWzbMyq98R\/dXrFd4WDe\/2A8JvMAAMBDiwTIdL0eB5wEeXS7ICckhi9fkMl81bIESRDcT\/wFwG+66OVPUHSyEAJnzp1FLB6DYdyDEMMyCo4i7vzgllS9VCxa9rOqsJ1IJhsSzMbicUxkJ2Q08rJD9FwrCT\/HMmMNwkQimZCvq7oe2soBK4JcD\/IlFkLgq2+\/qdtflGAYBjRNw6hyPMu5Jcv9mo\/ZTLsS8AaBBJUz585iNDOGQr4gRYlUOiXFjaque7qXB62rViwuLGBcqaNBoXFIIpnEmXNnEZ2tCdHj2QlL8Zu83GkQOD8715DjyBwBXsjnZQ6CC5cuYnHhCjRNk0JYO+u4X5qTgtpfi9FMBuVyRQq11Gaacx0UEIvH6+1mWL6eyE5gWAj5UGOF2kdVdV3uQ8Vv9H8rFPJ5zM\/O9dy4dX52Dlev9b7or1qXVHW96bpTMl\/AXvw8OnMMsXgcp06cbFkgpajyoMFH1LZj8bhs22q\/6HXS2uqeMJYZk2K2aiVF91unfkO16vK6wka1r5rITvgW0Mv1CDizXZ6fNuy3L1bzBBiGYZkXzs89xQthjZtUaGUGwKI\/wzAM07iSbym31PYcZu2A7te1Z+lC30X4d7r8Xff038y8vzqAYfevdZUdH3\/k+Pn9fzwt\/966e0RaurhFjj++U8K2PaMyiaxXKKEvieFecwIAjQl9dxyYtI2qdzvmH2Dtfx\/0d49uF7B93y8REQIDWhTb943LcqpQQl87nPb\/\/fHTltY+ESGwZhiB\/PyBWq6Bh9eXsW3PKAZ3xvDs+TMNnz\/4YtGXDVM\/cr7Ltj4qhw8ewoVLFwHA8uH39An\/SfTckqrPz1qLd5VyWQp269to3s7iwoKjaEAPwEHES6dBzK8OHmr7Une\/18MwDGnxIYTAeDZr+btKuWxrM+A2cOsl0b+Qz0th3UpQIbxGYAetq1YYhhFatD+JpkIIaRVBWE0+UaJGEvtUlkyTPWokdiqdbojUrW3LenKoG1TKZRmxaxiGowBV1fWmcwXUVmA0vl6fnLFqL06+42p9UyPAVUrFYkej7nupfRIkbPZ6tL9an8oWdUv93O6aUtLwMJKwt3q+1HuouW37mcB3uidQYliC9uE0ya7rumzHI+m058S21K+NpNMA\/In+tEqoedWDvzbspy+OxeOyHqgTACp+7ileCGvcpOJm18QwDMNsLuiZwTAMy7F2PzCWGUOpWKyP\/8PPO9VuOl1+V9G\/1wf5nSTMgd3ziGDvWm9H+Tuxqldx\/8BhPFWsZigafc0wGt634kld9B\/cGXP1s1dRE\/r6Ff3VhL5bd4\/g+7rg3W2e3q3gP3f9Dzxz\/Ii0LzLz5E4J9\/\/xtG\/f\/VW9iu+Pn7Kx9qmtAmg1Ev\/746cxqEXl9Sce3V7B98dP2\/xqY\/DHyBq+7mLyXjOU\/Z0izAnDMHD6xMmO5lAxDAPv7H0bk9NTlsI1UHsAdxK5KELNTSD0Q6lYDCWK0wtBrsevDh5CuVxpSExotc2NQKVcxt+\/\/oatVYRhGDh88FDXotXDivYvFYs4fPAQzpw72\/B+VdfxDx982CTEzM\/OSfFR5fDBQ5bjEJpcMgte87NzPRXpD9TOxWgm4zqeOnXipIxyJg4fPNQkdFE\/8+tLFxvyL1Ab67Xj71f6IdpfrVNWorX6eb8k8f3VwUOWddvO\/s0PpWIR+5X+R40Id2uf1I4TyYRn0X8pt4TxbBZCiCbLOzdW8nm5CiNo\/g4qt5++uNOEMW4yQ2KCecKYYRiG2byYg4r6jaimyRWV\/Uinyx\/56Y9fPA7gE7sv\/Nuf\/71jhel1WknCZ+bXq4N4aS0S2vbCJCIEtuyM2X6+aiPqD+6MYUAI28\/t9vHkbkWK75RYVn3Pbj9AY+Q8vf\/0O91WHB\/Qohh8QWvah9sxq6jbD\/o7O2h7JKCvfqfjSbliez6d9u+2vx\/9yz9jcGcM9w8cdp08Uc+b3aqAWnLmmu\/yo9sF1zqwEXh34Cn+1EOiPyGEQCqdRlTTZPSaU2JYSm5oTpjnZamZVX4Wq32Y\/dnJxsQJ8g4u5PPY\/8GHrmUh1Ag9v2VVIRHE6Xe0L6coOj\/XQ0WNfieLG7dyuNFp6xCvORm0unWDKjp5LWvQuuqlbF6uL+FWX9RjrJTLroI0RfjSChC3ukue2V6\/HxZe2glxdOYYxrNZnDpx0lIsvHrtSySSSbyz921UymXZbgr5vOtEHR2\/1zamipx2tCs61k+98vPdINjdA8y4tZd2l9MLblHNbp9bHYPX82O3L7d+zMv2\/dZt9VissGqraj\/qpb82T8h76QfU+5nf\/on6huVcTtoDBW3DXvpiL\/cVp+MIWm\/U3\/sZN1nVt1g8jhu3bgIAXnvl1Z7JFcIwDMM0QhPbvU6lXLZdgd0vIvxybsky8KDfy+8Ei\/4+CEv0f3ktggurg6Fsi2GCMKBF8Td3vgIA\/Oeu13yvIGCA30fWcKKHrH02Ip+eO4vRTMZWIGQYpr+4cesmYvE43nz9DUshTBX9e83bnmGY7kFBAAAL2F6h\/pQSBjIMwzAMs\/noX3+ZPubjPrb1YTYGtKKCkioz\/rgH4DcD3U\/eu9EZqfsLm5OXMgzTf2iaJqOVOaEkwzB+WMrlUK0L\/Uf61IO4k6grBedn57pcGoZhGIZhuoWrpz8PFMLl5bUI\/oqaFzjDdIuXdo\/gWQD\/r1jC\/+W66JuvImv4C\/i8tROyJghiA8AwTG8xOT2NVLpm\/8YR\/AzDBOHUiZO4cOkiVvKFbhel56nqOgzD8GWVxzAMwzDMxsOD6O89WRDjzr9G1vCvEbYEYbpLbG4W4spCzeuULWqYHqSq66EkK2QYpvtMTk\/Jv62SrDIMw7hBiez9etluRvT6GOoej6EYhmEYZlPjKvozDLPxYGsFptehCDWGYTYOhXyeBTuGYQLD\/Yd3eKzPMAzDMAyL\/gzDMAzDMEzbOHXiJCrlsutE3qkTJyGEYLGKYRiGYRiGYRimRSI\/\/fGLxwF80u2CMAzDMAzDMAzDMAzDMAzDMAzTGlsA\/BnAV90tBsMwDMMwDMMwDMMwDMMwDMMwrfL\/AU\/iaYm0uE3EAAAAAElFTkSuQmCC\" alt=\"Markalama G\u00f6rseli\" title=\"\"><\/p>\n<\/div>\n<div>\n<table style=\"width: 100%;\" cellspacing=\"0\" cellpadding=\"0\">\n<tbody>\n<tr>\n<td style=\"width: 120px; font-weight: bold;\">Norme<\/td>\n<td style=\"width: 400px; text-align: left;\">TS EN 1360 TYPE 2<br \/>\nISO 1307<\/td>\n<td style=\"width: 120px; font-weight: bold;\">Couleur<\/td>\n<td style=\"width: 400px;\">\n<div class=\"color-icons\"><img decoding=\"async\" src=\"data:image\/svg+xml;base64,PHN2ZyB2aWV3Qm94PSIwIDAgMTAwIDEwMCIgeG1sbnM9Imh0dHA6Ly93d3cudzMub3JnLzIwMDAvc3ZnIj4KICA8Y2lyY2xlIGN4PSI1MCIgY3k9IjUwIiByPSI0OSIgZmlsbD0iIzAwMDAwMCIgc3Ryb2tlPSJibGFjayIgc3Ryb2tlLXdpZHRoPSIwLjUiLz4KICA8Y2lyY2xlIGN4PSI1MCIgY3k9IjUwIiByPSIzOCIgZmlsbD0id2hpdGUiIHN0cm9rZT0iYmxhY2siIHN0cm9rZS13aWR0aD0iMC41Ii8+CiAgPGNpcmNsZSBjeD0iNTAiIGN5PSI1MCIgcj0iMzMiIGZpbGw9IiMwMDAwMDAiIHN0cm9rZT0iYmxhY2siIHN0cm9rZS13aWR0aD0iMC41Ii8+CiAgPGNpcmNsZSBjeD0iNTAiIGN5PSI1MCIgcj0iMjIiIGZpbGw9IndoaXRlIiBzdHJva2U9ImJsYWNrIiBzdHJva2Utd2lkdGg9IjAuNSIvPgo8L3N2Zz4=\" alt=\"\" title=\"\"><\/div>\n<\/td>\n<\/tr>\n<\/tbody>\n<\/table>\n<\/div>\n<\/div>\n<\/div>","protected":false},"excerpt":{"rendered":"<p>&nbsp; \u00dcr\u00fcn Ad\u0131: BARREL SD\/16 \u00dcr\u00fcn Kodu: OSDH451 Petrol \/ Ya\u011f Al\u0131c\u0131\/Verici 16 Bar EN 1360 Tip 2 Kullanim Alan\u0131 : Aromatik i\u00e7eri\u011fi %50&#8217;ye kadar olan petrol \u00fcr\u00fcnlerinin emi\u015f ve de\u015farj\u0131 i\u00e7in. Alt Katman : Ya\u011f ve Petrol Dayan\u0131kl\u0131, Siyah NBR. Takviye Katman\u0131 : Y\u00fcksek Mukavemetli Sentetik Tekstil, \u00c7elik Tel Spiral ve Antistaik Bak\u0131r Tel. [&#8230;]\n","protected":false},"featured_media":22363,"comment_status":"open","ping_status":"closed","template":"","meta":{"jetpack_post_was_ever_published":false},"product_brand":[],"product_cat":[2364],"product_tag":[],"class_list":{"0":"post-21536","1":"product","2":"type-product","3":"status-publish","4":"has-post-thumbnail","6":"product_cat-sel_akaryakit_hortumlari","8":"first","9":"instock","10":"taxable","11":"shipping-taxable","12":"product-type-simple"},"jetpack-related-posts":[],"jetpack_sharing_enabled":true,"jetpack_likes_enabled":true,"_links":{"self":[{"href":"https:\/\/tuzlahortum.com.tr\/fr\/wp-json\/wp\/v2\/product\/21536","targetHints":{"allow":["GET"]}}],"collection":[{"href":"https:\/\/tuzlahortum.com.tr\/fr\/wp-json\/wp\/v2\/product"}],"about":[{"href":"https:\/\/tuzlahortum.com.tr\/fr\/wp-json\/wp\/v2\/types\/product"}],"replies":[{"embeddable":true,"href":"https:\/\/tuzlahortum.com.tr\/fr\/wp-json\/wp\/v2\/comments?post=21536"}],"wp:featuredmedia":[{"embeddable":true,"href":"https:\/\/tuzlahortum.com.tr\/fr\/wp-json\/wp\/v2\/media\/22363"}],"wp:attachment":[{"href":"https:\/\/tuzlahortum.com.tr\/fr\/wp-json\/wp\/v2\/media?parent=21536"}],"wp:term":[{"taxonomy":"product_brand","embeddable":true,"href":"https:\/\/tuzlahortum.com.tr\/fr\/wp-json\/wp\/v2\/product_brand?post=21536"},{"taxonomy":"product_cat","embeddable":true,"href":"https:\/\/tuzlahortum.com.tr\/fr\/wp-json\/wp\/v2\/product_cat?post=21536"},{"taxonomy":"product_tag","embeddable":true,"href":"https:\/\/tuzlahortum.com.tr\/fr\/wp-json\/wp\/v2\/product_tag?post=21536"}],"curies":[{"name":"wp","href":"https:\/\/api.w.org\/{rel}","templated":true}]}}