{"id":21509,"date":"2025-08-11T11:07:30","date_gmt":"2025-08-11T08:07:30","guid":{"rendered":"https:\/\/tuzlahortum.com.tr\/urun\/white-gr\/"},"modified":"2025-08-20T15:46:46","modified_gmt":"2025-08-20T12:46:46","slug":"white-gr","status":"publish","type":"product","link":"https:\/\/tuzlahortum.com.tr\/fr\/produit\/white-gr\/","title":{"rendered":"GR BLANC"},"content":{"rendered":"<p>&nbsp;<\/p>\n<div class=\"report-container\">\n<div class=\"report-header\">\n<div class=\"standard-text\">Nom du produit : WHITE GR<\/div>\n<div class=\"standard-text\">Code produit : ABFGR850<\/div>\n<\/div>\n<div class=\"product-image-container\">\n<div class=\"key-feature\">Alimentation \u00e0 haut rendement S&amp;D Ducted<\/div>\n<\/div>\n<div class=\"horizontal-line\"><\/div>\n<div class=\"product-details\">\n<div class=\"detail-row\">\n<div class=\"detail-label\">Domaine d&#039;utilisation<\/div>\n<div class=\"detail-value\">: Utilis\u00e9 pour l'aspiration et le d\u00e9chargement de produits abrasifs en vrac (sucre, farine, lait en poudre, granul\u00e9s, etc.).<\/div>\n<\/div>\n<div class=\"detail-row\">\n<div class=\"detail-label\">Substrat<\/div>\n<div class=\"detail-value\">: Couleur blanche, caoutchouc naturel non toxique r\u00e9sistant \u00e0 l'abrasion.<\/div>\n<\/div>\n<div class=\"detail-row\">\n<div class=\"detail-label\">Couche de renforcement<\/div>\n<div class=\"detail-value\">: Textiles synth\u00e9tiques \u00e0 haute r\u00e9sistance, spirale de fil d'acier et fil de cuivre antistatique.<\/div>\n<\/div>\n<div class=\"detail-row\">\n<div class=\"detail-label\">Couche sup\u00e9rieure<\/div>\n<div class=\"detail-value\">: Caoutchouc synth\u00e9tique sp\u00e9cial avec gaine r\u00e9sistante \u00e0 l'abrasion, \u00e0 l'oxyg\u00e8ne et aux intemp\u00e9ries.<\/div>\n<\/div>\n<\/div>\n<div class=\"datasheet_table\"><img decoding=\"async\" class=\"alignnone size-full\" src=\"https:\/\/tuzlahortum.com.tr\/wp-content\/uploads\/2025\/08\/datasheet271.svg\" alt=\"\" title=\"\"><\/div>\n<div class=\"table-notes\">Valeur de la perte d'usure : \u2264 120 mm\u00b3 selon DIN 53516<\/div>\n<div class=\"horizontal-line\"><\/div>\n<div class=\"footer\">\n<div class=\"standards-section\">\n<div class=\"standard-item\" style=\"margin-top: 9px;\"><\/div>\n<div class=\"standard-info\"><\/div>\n<\/div>\n<div class=\"temperature-section\">\n<div class=\"temp-icon\"><img decoding=\"async\" src=\"data:image\/svg+xml;base64,PD94bWwgdmVyc2lvbj0iMS4wIiBlbmNvZGluZz0iVVRGLTgiPz4KPHN2ZyBpZD0ia2F0bWFuXzIiIGRhdGEtbmFtZT0ia2F0bWFuIDIiIHhtbG5zPSJodHRwOi8vd3d3LnczLm9yZy8yMDAwL3N2ZyIgdmlld0JveD0iMCAwIDcyLjI3IDE2Ljk4Ij4KICA8ZGVmcz4KICAgIDxzdHlsZT4KICAgICAgLmNscy0xIHsKICAgICAgICBzdHJva2Utd2lkdGg6IC41OXB4OwogICAgICB9CgogICAgICAuY2xzLTEsIC5jbHMtMiwgLmNscy0zLCAuY2xzLTQgewogICAgICAgIGZpbGw6IG5vbmU7CiAgICAgICAgc3Ryb2tlLW1pdGVybGltaXQ6IDMuODY7CiAgICAgIH0KCiAgICAgIC5jbHMtMSwgLmNscy0zLCAuY2xzLTQgewogICAgICAgIHN0cm9rZTogI2E3YTlhYjsKICAgICAgfQoKICAgICAgLmNscy01IHsKICAgICAgICBmaWxsOiAjYTdhOWFiOwogICAgICB9CgogICAgICAuY2xzLTIgewogICAgICAgIHN0cm9rZTogI2ZmZjsKICAgICAgfQoKICAgICAgLmNscy0zIHsKICAgICAgICBzdHJva2Utd2lkdGg6IDIuMDZweDsKICAgICAgfQoKICAgICAgLmNscy00IHsKICAgICAgICBzdHJva2Utd2lkdGg6IC4ycHg7CiAgICAgIH0KICAgIDwvc3R5bGU+CiAgPC9kZWZzPgogIDxnIGlkPSJrYXRtYW5fMSIgZGF0YS1uYW1lPSJrYXRtYW4gMSI+CiAgICA8Zz4KICAgICAgPHBhdGggY2xhc3M9ImNscy0zIiBkPSJNMTEuMzQsMTEuNTdjLS45NCwxLjcxLTIuNzEsMi42Ni00LjgsMi42Ni0zLjA1LDAtNS41MS0yLjQ3LTUuNTEtNS41MlMzLjUsMy4xOSw2LjU1LDMuMTljMS45NCwwLDMuNjUsMSw0LjYzLDIuNTIiLz4KICAgICAgPGNpcmNsZSBjbGFzcz0iY2xzLTUiIGN4PSI2LjU1IiBjeT0iOC42NiIgcj0iMi40Ii8+CiAgICAgIDxjaXJjbGUgY2xhc3M9ImNscy0yIiBjeD0iNi41NSIgY3k9IjguNjYiIHI9IjIuNCIvPgogICAgICA8bGluZSBjbGFzcz0iY2xzLTMiIHgxPSI2OC4zNCIgeTE9IjExLjc2IiB4Mj0iOS45MiIgeTI9IjExLjc2Ii8+CiAgICAgIDxsaW5lIGNsYXNzPSJjbHMtMyIgeDE9IjY4Ljc4IiB5MT0iNS41MSIgeDI9IjkuNzMiIHkyPSI1LjUxIi8+CiAgICAgIDxsaW5lIGNsYXNzPSJjbHMtMyIgeDE9IjU0LjA3IiB5MT0iOC43NSIgeDI9IjguNjQiIHkyPSI4Ljc1Ii8+CiAgICAgIDxwYXRoIGNsYXNzPSJjbHMtMyIgZD0iTTY4LjE1LDUuNTVjMS43MSwwLDMuMDksMS4zOSwzLjA5LDMuMDlzLTEuOTIsMy4wNi0zLjYyLDMuMDYiLz4KICAgICAgPHBhdGggY2xhc3M9ImNscy01IiBkPSJNNTMuOTEsOC43NWMwLS4xNC4xMi0uMjYuMjYtLjI2cy4yNy4xMi4yNy4yNi0uMTIuMjctLjI3LjI3LS4yNi0uMTItLjI2LS4yN1oiLz4KICAgICAgPHBhdGggY2xhc3M9ImNscy0zIiBkPSJNNTMuOTEsOC43NWMwLS4xNC4xMi0uMjYuMjYtLjI2cy4yNy4xMi4yNy4yNi0uMTIuMjctLjI3LjI3LS4yNi0uMTItLjI2LS4yN1oiLz4KICAgICAgPGxpbmUgY2xhc3M9ImNscy0xIiB4MT0iMzYuNDMiIHkxPSIxNi45OCIgeDI9IjM2LjQzIiB5Mj0iMTQuMjQiLz4KICAgICAgPGxpbmUgY2xhc3M9ImNscy0xIiB4MT0iMjguMDUiIHkxPSIxNi45OCIgeDI9IjI4LjA1IiB5Mj0iMTQuMjQiLz4KICAgICAgPGxpbmUgY2xhc3M9ImNscy0xIiB4MT0iMTkuNTkiIHkxPSIxNi45OCIgeDI9IjE5LjU5IiB5Mj0iMTQuMjQiLz4KICAgICAgPGxpbmUgY2xhc3M9ImNscy0xIiB4MT0iNDEuNTciIHkxPSIyLjc0IiB4Mj0iNDEuNTciLz4KICAgICAgPGxpbmUgY2xhc3M9ImNscy0xIiB4MT0iMzMuMjgiIHkxPSIyLjc0IiB4Mj0iMzMuMjgiLz4KICAgICAgPGxpbmUgY2xhc3M9ImNscy0xIiB4MT0iMjQuOTkiIHkxPSIyLjc0IiB4Mj0iMjQuOTkiLz4KICAgICAgPGxpbmUgY2xhc3M9ImNscy0xIiB4MT0iMTYuMDgiIHkxPSIyLjc0IiB4Mj0iMTYuMDgiLz4KICAgICAgPGxpbmUgY2xhc3M9ImNscy0xIiB4MT0iNDQuNjMiIHkxPSIxNi45OCIgeDI9IjQ0LjYzIiB5Mj0iMTQuMjQiLz4KICAgICAgPGxpbmUgY2xhc3M9ImNscy0xIiB4MT0iNDkuNDkiIHkxPSIyLjc0IiB4Mj0iNDkuNDkiLz4KICAgICAgPGxpbmUgY2xhc3M9ImNscy00IiB4MT0iNDAuODgiIHkxPSIxNi45OCIgeDI9IjQwLjg4IiB5Mj0iMTQuMjQiLz4KICAgICAgPGxpbmUgY2xhc3M9ImNscy00IiB4MT0iMzIuMzMiIHkxPSIxNi45OCIgeDI9IjMyLjMzIiB5Mj0iMTQuMjQiLz4KICAgICAgPGxpbmUgY2xhc3M9ImNscy00IiB4MT0iMjMuNzkiIHkxPSIxNi45OCIgeDI9IjIzLjc5IiB5Mj0iMTQuMjQiLz4KICAgICAgPGxpbmUgY2xhc3M9ImNscy00IiB4MT0iMjAuNTkiIHkxPSIyLjc0IiB4Mj0iMjAuNTkiLz4KICAgICAgPGxpbmUgY2xhc3M9ImNscy00IiB4MT0iMjkuMTMiIHkxPSIyLjc0IiB4Mj0iMjkuMTMiLz4KICAgICAgPGxpbmUgY2xhc3M9ImNscy00IiB4MT0iMzcuMTYiIHkxPSIyLjc0IiB4Mj0iMzcuMTYiLz4KICAgICAgPGxpbmUgY2xhc3M9ImNscy00IiB4MT0iNDUuNzEiIHkxPSIyLjc0IiB4Mj0iNDUuNzEiLz4KICAgIDwvZz4KICA8L2c+Cjwvc3ZnPg==\" alt=\"S\u0131cakl\u0131k\" width=\"100\" title=\"\"><\/div>\n<div class=\"temp-values\">\n<div>-40\u00b0C \/ +80\u00b0C<\/div>\n<div>-40\u00b0F \/ +176\u00b0F<\/div>\n<\/div>\n<\/div>\n<div class=\"marking-section\">\n<div class=\"detail-row\">\n<div class=\"detail-label\">Image de marque<\/div>\n<div class=\"detail-value\">: Ruban de transfert ou gaufrage<\/div>\n<\/div>\n<p><img decoding=\"async\" class=\"marking-image\" src=\"data:image\/png;base64,iVBORw0KGgoAAAANSUhEUgAABf0AAAAoCAYAAABEkVAiAAAACXBIWXMAACE3AAAhNwEzWJ96AAAgAElEQVR4nO2dPW8bWZaGzw4mdf0BFTCz2E3IYBbYhAy6MR2YDLrRG4gV2HAiMbDHicTAdgctaRe2O7ClgFLilgKKiSAFRQXbsIOigx50B8Vkgd2gmAwwE5T+wO0\/sEHxFC+Ltz5ZJKuo9wGMbptk1a37Vfeee857\/ulf\/vDHr4joKwIAAAAAAAAAAAAAAAAAQKn5PXkG\/\/9cczkAAAAAAAAAAAAAAAAAALAgv1t3AQAAAAAAAAAAAAAAAAAAkA8w+gMAAAAAAAAAAAAAAAAAG8Lv110AkB5d12lL19ddDADuJWPHISHEuosBAAAAAAAAAAAAAICShYz+B0eHtNNu51WW3PjXP\/4zERHtdTq019n3\/\/3Jo8c0su11FSs3rm6uYfQHYA0IIeirL75cdzEAAAAAAAAAAAAAAAgls9G\/Vq8X0uC\/6ey02zD4A7Am+r1LePkDAAAAAIC1UqvXM\/1u7DhUqVbpznVpS9f9v2+CYxwAAAAAZoG8T4nQNG0mcgEAsDruXJfOut11FwMAAAAAANxzrm6uM\/3uyaPHdHVzTWfdU9rr7Pt\/50h5AAAAAGwOuRr94SGwXPY6+6Rp2rqLAcC95O3rN+suAgAApOLg6JAq1Sq9ff2Gxo6z7uIAUAgq1SrGQwSapvke4KDYpJWu\/ds\/\/r7E0gAAAMhCyzBKoeZx57o0ME3lZ3udzopLk42RbSvfm2UvfxS5Gf37vR6MYktE13XIKQGwJka2TUPLWncxAAAgMZqm+euGO9ddc2kAKAZ7nQ7ttHfpP77+hlyMCyUHR4dUq9fpz8hhBAAAACydbaOVWbJtlYxsO8LoXw5FkrOu2lm97OWPIjejvxC\/LXyNvE5XNlGC493J8bqLkDvcWSvV6lwEw53rkuu6ysmPP9N1nbZ0nYQQNHYc0jSNKtVq5L3k6wV\/x9eNg78\/dpxYfXcuY1a809TB5FpbtG0Yyu\/xs0SVF2SnDAea3Nei+jGPtWDfVY1BFVEvmCT35\/EX9R25vwoh\/HKF3VseY6rvRPX\/qDHMv4saW8FnTlqPMovUV9T9osod1g9U95brNEmdBInrF3L7RNVF0rlU9UyaplGj2fR\/P7SsxOVvNJt++caOE3n4F9YeaepLdc1Gs+n\/PU3ZuQ25TqLqMM3iMcvYCLtOlnbRdZ0eNpt+XUe1y6L9hts+rH5q9Xrs+IxbW0SN46TrkiiC\/UD1OX9HCEG3ppkod01c3RYx+tc7CNslTdPoYbNJ\/V7P\/yxpexHF12ncuyCubqI2\/knXnknHSPB9oOu6v9ZsGUbo5h4AAAAA5YTX8GU4aAjjznVJCFFaO9cqy18oTf+8Tlc2zegvb8g2ibPuKY1sm65urueeb2AO6KzbpZ8+fZwbCGfdUxqYJu11OrTX2aex49CTR4+pVq+H6ls+efSYiGbDWoO\/43vGwd9\/+\/pN7MaNy5gFVfTMZe+Srm6u5zaT\/CxRZf5wcQ55qAzcmmYpQty3DYP2Ovt01j0N7cfsvRcMB+d\/jyNK73Wvs0\/bhkFDy6LnT5+FfqdWr9OtadKrFy+V32k0m\/4hJ+vMEhF99cWXSkPM90eH1Gg2aWhZyvFYqVYjdW9vTZPevn4zZ0Th341sO3RsBes8aT0STQ80wupCLve3X3+jvEbc\/caOQ69evJzrv2H9QIbvLbd5kjoJEtcv9zr7tNNukxCC\/iPkOeXrxBF8Ji6zPPftdfZpaFn03YuXkYc+VzfXc++fsDolim6PO9elt6\/fJI4Y0jSNPlycz12P33lhZZCp1WtERDS0hkQUXYdCCOr3LhO9A7OMjbBrpG2Xg6NDZdSjEIK+e\/Fyrn6z9hu+Jo8D1ee8Fggbw9wfouZk+XthZI2kDfYh1TO8PzmecyZgje+4\/hVXt2Ftsk522m3fsH8rGbPlfhXXXvLc\/O9\/+jfld+LaNE47PeqdJYSgH16\/CTXGpx0jwfeB67q+1vteZx9GfwAAAGDD+OqLL0kIQS3DKKVz8dhx\/P2xai1bdFZd\/t8t9eogF96XcCAmQZ94iKk2lrwxVRn5+N\/YoLGJDC1LuckfO06oQTWKkW3TDyXwVi8aQohSePkXATZwRBk6RvYo9juVamXyXU+vjmVJdtq7c99lT2EiottJRExatg0jczK8Rfg8MbxsG4byMK5ltIjIG\/OLeIkX+f1RqVZ941S\/d5m71IbKsMzIh0tBwgz+fM0fMxygbuk6fbg4n\/Haj0Jl8JfL8NOnj7EHTKpojTA0TaO9zj4dHB0mKt8iZG0XT5ZFLXPIBu689Th57OkKj3b+tzAPnTT1H8VOu52pXVQOFTItw1BuMjRNox8vzlPfT3WddyfHyrpbF\/weOeue+gdLYUbyMHhuThoRkTdcr6q5JK8x0u\/1SAhBW7pOrZJtpAEAAAAQDa9fyipzKK+\/XPdujSXJxqrLXyhPfzDPTrtdiqQeWeDnUnV0NvSNnfHcxoY30HlvJGv12sxmiI2Ocqizd9+tmd9FJV7JejDBBnpN0+jg6JC2dJ36vUvfm\/nWNJWb9WBZ5efwoiP2N7Y\/LYN+73Itm\/p1cWuamV48lWrV71eaplGtXlcaurx\/8\/qgpmmhUhPed70DgsveJR1MvPmDBzDc1+9cN9abVJbKYlpGi7Z0nSrVKu11OgtHid2aA7\/cRFNJLtW9b03Tl19oNJtz3pT8bP3eZex9g0lavXnA04asVKuFlWhgQ+bYcRLXvTefjUI\/l7XrD44OfcPyrWnSwByQruv+PNhoNpV9dafdnpF14TbYae9SrV6nrUmOnbAyB8eRLM327uSYRl\/YkfOKHN3H9+fvt4yW36eiDoOipGmCdahpD\/zDp512m4bWcKnSLFnahWVZiLw2PuueSg4AdV+yJWweSNNvZFi2S\/Xe5ANKldFfXp8kPbRTzb88R+2026kPxlQyaTJcn97484zgtXp9ph2SeOlzGzLenNbw+9ReZz80smuVNCbzrRBiZj6Mq6cgPJY5giaKrO9U5qx7OvN3eaweHB3OtM+iY0RGCEGfLYu2DYMeNhuFfH+AxeBo67Nu\/vspAAAAxcZbQwzp4OjQlzoMc0QrIrV6nVqGMYlWaNFZ9zRSCrtorLr8uRn9G81G6t9EZR4eO86997DlzdKmwgbx4IZYCOFvVNhIKH\/G5G28DsoocZKMrYkxIoy8E68MLct\/ftnbVA6\/vuxdKicFdVn3fWmUoWUhIXRCvE3zZkmFxTEwB5mMfcH+32g2Ioz+098EjQ8qQ+Vny\/IPvoKGQPa4TGLEcBXt2e\/1\/DHmvXAXa++gYaRWr9O2YSjvTUS+UWXbaM38tiFpMSd5trHjzNTLaFKWv\/76y6TeaoUz2rBhlyhdzoyRPUrUTvqkvxDNynWMyKvTnz59nBhTd+f6KveroHzN0LJ8b\/2d9m5oOVTjaGSP6N3Jceghj+r+Ktk2L6m4Z2yMOjjgw3JV\/1HV4cAc+N73LaO1NKN\/1naRDbZPHj2eMX5zovVavR5qYE\/ab4Kw44HqAF829gfnJl6fsF5nElT9pt\/r0c+\/\/qLUoI+DZWDC1ihc\/rPuqd9PRrZNjWaDKtUqVarVhHPr3Vy5h1IkU1HkKXmf8lnxTJ5n+2+xa265Hyapm6zvVEbVZ4fWkK5urv0Da+7zi46RILzOTBqdBMoF9y0hxNwBEgAAgM1mp92eOJTMSkiWyU7EkcHPnz7z32G8fi0Dqyx\/bkb\/bAXcD9VpFkIUMgnYKtnr7JfmtC0LYfI+8t\/DPivKJnIZjJ0xEc0mkGQ8rV3bT7iWtH+wsaCM4U\/r4r4fOqaBDWL9Xo922u0YiR\/b90APbjLl\/i5LfA0tixrN5owxUp8YPLz7xnvDq2D5JpUBZRWwUaVWr5Ou6\/67kI1Ti8pHDMxBIaN72EuVyHvGZbzrH04MVUKIOcOZEMKPIAn2VdmrWzUHnHVPfeNamv4yME3f+BrnOcv3D0aHMEmMMzwmo7zbZcaOQ\/3eJe119id1txzP7KztIifrVq0ZF5HBioIdD1SesHIZdV2nkeKzRcOmZY\/rWr2WyujPuvzbk0MkGXmuDfanoTWcrOkr2QtOXv\/djoiEXDXcJkEPfY6USiJ7E3VwsCpY9o4Pwrnf5z1Gxo4zc5\/7vifbVA6ODknXdfpLBulQAAAA5Ua2JZXV7lj2Z1hF+deu6R+2GWCJiCx\/NgF9Es69yXDbB41a8qZECDHzOX9WlhO8LPDGSvWMXuh9h\/Y6HfothTGQJ5AyJKQtAuwVB5LBnoAsRVCpVkNfWlNd\/3nP2TANbNbrfyh5HLKMQZiBIykjeyq1suoQd9kIw8+maZofxRNm9C07LFu3zJwZcXMeG+00TQtdbKl+y4YwovT9hY2NSX+3yHydRU9+GFIneZK1XRg+FF8V3NbBtWrw\/Rw0kLMMYNJDlyj4sD5tm8TJP8Wx7I1TyzDo\/ckxfbg49xPsquA1D9E0T8n7k+NU631N02aM4jJpxtlDP4ImXtpnmfA7b9ljxLkHjjbAW2tgfwAAAPePbcOgnz59pA8X51SpVunJo8f0XQEkGdPwbrKW\/OnTRz9KO42TzLpZRfkze\/qzsWJZxldO9JaFf\/3jP+dcmtXz\/QqS6RUB9h5i71+i6YaFPxs7juQ1521+g7r6m0hYPoBFJJ+g25kMePknhw3+HH3CXvlhEibsOasyIoR5Jw8ty49sYZ3pRRP4yvAck1TOIk8G5oAOjjx5oX6v5z\/Xnesu7FmpaQ\/8axUF1m4n8nKXLCtnRpynu3xQVKlW\/bpOYix3J96vaftL2kPrMJmsOHRd9w9V0nr2MnKd5EnWdmEazcZKZdfciTxPMFdJVZIh47lDZiskkvE+wQbp4PyjSpTdaDYnkYyP5+qM54uhZc0kgN42DPr2628S1THfi99TWUgr7cP33WnvUrVaJWeSO2HZfSLPMcLyVotGfYDlUUavRgAAAMWBFVtYRnpE+ctXLxveP3\/79TdE5K3Py+RAvezyZ\/b0F0LQt19\/Q08ePU7157ZgusJFpFav3xsNTV3SvWV40z\/VVZ4aB+6Dp\/8y4A1qUcLsi8ytad5rQ01apkY8e\/LfcE9++Xved+alVYLfYfjdwYsQNmqWPSKDn4sXXCzFsaiXPx+QEOXjbZwX30vJe4uWZ6Ao8Pswqx46eyOvU4Ikb7hOPCPqahfxqnUHG0GH1tBPgCuTl7wP0dTJoWxJ5bel3BgycqJsGU3T6P1E31TFjxfnMwbOuGTWMnKy3qxkkfbhJPScGPmnTx9zWb\/qikjZZYwRbjsYlovJyLZT9Sc4\/gAAAAiD1zlyjr2ywXvfMh1YyCyr\/Atr+qf1BCtrA6ySg3vi5U80NULLWvMj255J9icfCMibmiDrygMRtulkb8tVoqqDWylsN0vC7fuEpzN9uu5iLISub4XOs3Eb96gXfNjYmnpGj2a+l1TXX5azipL+6PcuaafdnjkQ\/TyJACgzQgi6NU3aNgza60wjINIckLcC3hi6vkUPJ16pRTKuywfaW7rue82mIap\/b4rmNGuhs0f02HFoaA1paFmJjJxp9fyzwt7vKvKOxhtaFn0vDv18ELvtXRpaFo3sUaKDv6h+E+f9zZFA8jPJnuNypFAwAnbRA2Rd1\/1DnCId3snU6rUZPXxNe+AbulXv1LNulzTtAY2dsT83tQyD3p0c+4efqnp7oGlSngIjVQTTohKHnEiZaCrt05okYR87TqrowIOjw7kE3WnguiWanfMWHSNRwFhcTO5cN9TBQkUW2TcAAACrhyMZd9pt2m3v0rdff0NCCPpwcU6\/CUGvXrwkXdfpvz99pLPuKfV7PapUq\/TTp4\/03YuXNDBNajSb9OHiPPRaVzfXJISg50+fkaZp9NOnj77TQPAaablz3cj7nHVPQ8soR36y84T8\/ETkX+vnX3+Ze36iqYM6XyOtM0TZyx8kt0S+eZM2LH1TaBlGaU\/WsjDrJbw\/41HHmxpH6geu60Zo\/ToLbaSyErbZ83Ros0vxBO8RHA8HR4dzfSWqDlQSBGCWfu8yF8\/MdbJtGL4mfFqiDhxVsmlyMl3eRLIBLSox7sgeTXKwTBNTTuW91AY4d+LVWalWfcPxZcYEvkVjaA1p2zD85xpaVqp+GNbet6ZZKKkq2YuXcxek1SyM6t+bIO1H5I0lPggimkaB7HX26c51\/YVmGKsy7Cwiw5gWIQT98PoNvZv0oa1J3qOddpuEENTvXVK\/1ws13kf1Gw5nDoMlB+X3p1zHI9vLJ1WdzHd6iHZ8HMHDO\/43Xu8UNXIjLJ\/W2HHo+dNnyrksOC8NTJN22rtUqVZnktPK\/PD6jV+nWbVOhfgt0+9U0j5bknNKGLwmE0L4a0L5gCiOYHJhTXvg9+NgpMOiY0RFWE4LUAxG9ojenRik63qiNcO20Sp9dCQAAGw6cs43z\/Fn6uQ2dsb+Woj3xvJ3icjfI\/B8H3Yt2ZmE1zdsXA5eIy3B+3AZhBDkum5kGeVnGlpDqlSrM88vXyv4\/GwrCF4jrdG87OUPUlij\/7oMuOtE07R7o+XPBEOU3YAnv6yhG5XgdtMZO86cASHNxk3X9ciweeBtbsuU9KUIyIYvuT+ObJsazWao8Ual61+dyGVEGcr6vUvfoJFG2qHoDC2L7iY68UREn3NKErltGDSyR4Xw9N9p75KmaXTnuuS6LtXqddpt72LMhfDqxUty3TtqGa0Zg9uWrk88oivKAx2OmOF63iQGpjkxnu7PrAM0TaO9zj41mg1fCzNPgusS2ctf\/i9L\/vDnaXNpRB3W9nu90rUnH1S9SpgQjqVKwiLSnDXO9w8nUZJJI7BuzYHvYc\/vxrNu158Hq4mN\/uGOI6rxn\/cYKVufu28MTJP2Ovv0\/dEhPX\/6LPK7rYlc3H3bWwMAQNlgmb6x41DLaNHDZpNG9oiEENRoNqhWr9FZdxpx2zJm16kHR4c0tIb+PjvqWkTe+oudsVhxI3iNtPAelO\/TaDb8HFmVajWyjN4zGeS6ru8Q0mg2Q6\/FkuDsNMzrSfka9638QQpr9L+P7LTb9043kyUepptnTuLrRQCw\/MfYcSKlfYg8w3bYpnmZif9ahqH0ggqG3Hoegerw\/KBhJytyHXieXZ5B7ermGp5aMZx1T0svFUO0WD+7Nc0Zqa04wmRERvZoksy3oTTq8njXNM33UAvKBKmQ5Qs2xcufGZgD2uvskxAitZFe5ancaDbp3ckxvTs5JjeHpMCLwu82DkflvAwtw0j1vFH9e9M463bprNv16+ths+FHg+y02zSQpNsYOVpk2dy5bmjuiVq9thQ5x6Fl0dCy\/I1Oo9nwpax4k6Sac6L6TZxxXtY1Z4Mtkcroz4cCnvHfmaxnFuWse7rS5MVpUZWvUq3S+5Nj2jYMct27uc8554j8Popz6FjXIa+cHyVprpWwOY2loBZZjwkh6LsXL0PHeNYxAsrJqxcv6ermmj5cnNMPr9\/MHdSwIefg6JBuTXPtawEAAADxBKPvgxI7VzfTNXYwmpWj\/JJfy4vaZUkflp1ZxLtc07TQ+yQp47uAs2rUteTn\/+qLL327wiLRyGUvf5BYo3\/em7akOq9RWrFxhC1oFvEQX7bckK7ruUnBlA3ZsM9txxEA7P07dhzfGBnWh7Yi6nCZG+ak2c1H9ii0HLV6LXITKA\/6KCmCYB18nsiEjGw7s+TLfWBk24Xwhs6DRfrZwByk2hBOtaZnfxOn68\/zKUs5kG0rNYrDfhcWQVBmghJnizK0LKqZNdppt6lltAqx0ff0pW0akefBuqXrtG20Uhr9w\/v3puK6LrmmSQPT9CV12BAZ7C+r0vPncoW1xV6ns9QcThyG7Bk339DVzfXEk0Z90Lhov+H5yvvDUUleHbuuO5PMl9cvaceySsYvLt9AURk7Dp11T+nDxTm1jNZM3fOBZFmcXNjgv47oMpVXdtK5PO0YUQEt\/+Izsm168ugxvT85pp9\/\/YWIpvuEv\/3j70Q0zVd1396dAAAAksOHxkIIunNd0kqorsHPUFY7wbLKH2v0X5Vea5BFtGLDdH0XSZDLi6plcd9kfWTY6O+6rjfBaJpvAJQT\/Qa96UA8D5tN6vd6dNm7hNE\/grIn710HsgxD1FzdaDaVHokcular1ySdu+IZuKLmm7yTleYNawCGGV\/lRMoyyzD0sN40c9Y9pXcnx74eeN6HEln7UdH6X5Cx49CtaU7adT6BY9ETNS6jftmg9eHifGkHDbNGf29OkOVm5GS+QfmfNPcoartlQda+lzXHD44OS2PwJ5pK+6xDCz2v\/pB1jPAaPK1UFVgtI9umP3\/x5UwSQObt6zeI7AAAAKDkznV9ucC9zj71e9rMWrYMjGybzrqnVKlW6cPFOfV7l7lI4qyKVZQf8j4FwAu\/ba67GGuDDWcjezQj80Gk1gwv0yQk42l8zRtpiNTPxEaEIGmMJqyZzfJIkPiZB+HO2Ug6Z9XqtRCj\/4h22u2Z5DbraocoI12Ucaos4ymsnGHPtozn8qSjpoYjWappGZEIY2c8ySsRP+eOA8Zbougox6xG3ay\/CxKWjJTHZNbDs7A6yZOs7RLHsg9r5EhDVTtycnLW5bybeP8Djy1Jxm1L10kIQU8ePZ6pQ050uwy4LcL6XRQ8rjxd\/GliXb6WnkGmbB0s0h+h7V8OVHNmWb0dAQAALJ+BOfD36bV6bU6GpgycdU8nMp42tYzW2pzWs7KK8v8u9yumAMY2j0UiEDYB3kB\/9iec+tznnMGaNXXLyNZEl1n1R36mqUFhXg9YDi9Pcvixpev+9zZNAz0P2PsNpIcNHncT+ajgH+6nYYcDcmLuJHr+y0Ief7JhQ94oq55BlqAr6qY6zGN\/2jYN5ef873k+V9BQ7eUc8eakbcPIPbpAzgGjemdw2wkhZoxhskeryvAvXy+tIYzrNe53ce84TXtARPNGPB6Tw4yJoLmfB+skT7K2C1F0vfBnyyo3z1eNiTZ6cO0aPCwqupFU7ufBeuX+tah3d9SY5jXdqpDzyGRl2zBor7Pv\/+G2ZpkyRtM0urq5XsumM+8xIo9HAAAAAGwWsjNEWR1rea0iq4WUiVWUP9bTf1kGMTYMLfNeXqhEPtdaVmhryzBKO8Dygp\/f9Y0BlZnPdV2\/V9I+tXqN+r0eDUzTz\/jNcPiVPkmAnISW0aK3rx36bFn3\/oApSL93WXjjTBGRDd6vXrwMlYj5+ddf5qQdGFnXn\/v4qg+BNU3zx0RQr1ku315nfybaiGj2sLaoh9ccGjifc2EaZRH0UK1Uq74U2LKf69Y0fc\/enfauP7\/lgZx89eDokF69eOl\/5nnsevf9HIhCYZm5LV2ng6NDevLosbLd0+p7twzDHzOfY4zy706O6TchZsosl53bJ3gwvIi0j5fgc3dSvuXJmGRtF85NEWyP6ede2ZcXoeBddytErz+4Ril6sml5Pm40mzNzAB\/+pEnqrkIOTV73HCkfNi0bIYR\/qCXPr5yQm2g59bGMMcKRuConFAAAAACUDyEEPX\/6jMaOQ1c31\/Q\/\/\/e\/RLSYY8SqGTsOPX\/6jB5MHC1aRqtUBv9Vlz+B0X91SX\/yvpfqYKFIaJp2r7X8Gfbe501KNbApq1SrUtjR8hIDZuXWHIRu8Gv1WuoyN5pN30j65NFj2jYMqtVrdCuFX6XR+Wo0m\/T29Rs\/oW8R63Ad3LkudE4DtGKSUvMcLXv\/hc2xsvG0Vq+Tq5A+YF1\/ouXr+XvJ0qfSDJr2gLYNw1\/gqCJh+r1Lendy7OvkDswBEc2O66Flrd0LUtVu8uIh6Pk9tCy\/bTxd\/Rq57t1cnfDzBgnWZZCk717XdenWNGnbMGjbMOise5pbXbquS0PLokazSduGQQ80zTdc7bR3I5\/xsndJB0eHfm4hrr9Gs+H317C6IZpvD7m\/3E3KFYYs91er12eSa1eqVdqVyn4rjSlN0xIfntXqtZn20\/WtmZwvy4wKy9IufBigaRr9\/OsvkyjREQkhSJ94WXP93oa0S\/CZgwTlp4Jw5AGXL2gE5WS+08\/nDastw6Bto0W35mBhKZg8rsXtwOtQ13Vpp70rzRvJDn9UdRucI5mpzM5sLg9PIqdFy0Jun7Q5RMLyhLEckSrn12fLom3D8OtWCOEfaPGBcp7kMUZUFD2aDQAAAADpkHNI8V63bAytob9u5zVXmVh1+aHpv0Z22u1SnagtEzmhZPCUSw47KmLizKgN916nk8nI\/v3RIT1\/+mwigdGbMU7LnrhJYKPryLbp1hzA6D8hTwPjphDXr9jozzIlcYaTkW3TtmHQw2ZDOU7Y4zzJtRZlS9dD9aJHtq08AJKjbVS\/DyanXRdR7caJX4O8ff3G121U\/Z5zgaiIqksiorNu8vbkJOOaptFOu53r4f8Pr9\/48k2NZnNOpilMYrDf61HLaM0lbmXGjhN5YBjVHq9evIycd1j2ZLbPzdd1v9eb89YmSmaoZYOrirPu6dINfGnbRQjhL4i5n\/C8ITN2nND3cdQzE3n9NS7qS86z4yjqSP5cda3pu3jxKIA8rtXvXfpyRcENXxr5nai6DUroyfmFVi1\/M7LtSX9rLP19c9Y99ftrsG5vTTP3tUceYySIruv+erzIDlQgHD70KXbcEQAAgFVSqVZ9B9OHIVKvRadWr\/mOw2W0bXH5vf9ffvljjf5lrMRlkeeiV48xmtw32Oiv6m+yLmyZwnYWodFs0vuT4zl5h0q1Sj9enKc+LOJEmUPLondUvtPcvBnZduGT7hWZpBr8I3s0iVRRv0fkOXUd8gGsKx9laH7y6DF9uDife4Y716W\/PH1WaHmokW37h4dBhpZF3714Sd8fHc7NJ\/1eL1epnSjY24SToOZp9OdoqR8vzufeHXHPGNbuUXUaxci26e3rN7GGVE5wutfZVxrtiDyDYrCe+HA8qxH4znXp7es3ib27FyFLu7x68ZIcZ+x7Mwfh\/rxMOFlvmKc2f05UDs9o7pNB2b+x4yilpdLCc2SwLv7y9Bld3VzPtCNHjdc\/xaoAAANMSURBVCVNEJ+Fz9bQP2Ra9vzmui599+LlnMF\/aFlLu3feY4QjSosQzQaSEcyjMXace7NvAgAAkAyOCiwztXrdlyUqI6su\/z\/9yx\/++F9E9J9hX\/jbP\/6+ssIUnbAQ3yx8uDhf6uambNy5LrmuOyNRIMPGQZXxkDfgYb8N+33c7+LKlESORPaUygInSXXdO6pUK6F9Ju5ZZCNFWALF+8STR483znON+xr3WxXc9sG+m7RPBMdR3BhIIjmS9Fpxz5CkDEHS9IFKteqPv7HjJDKO8r2TyDmk+a5cprB2i+oHwfs2mk3a0nXfWzTsd1F1GXbvJP1SnifD2jXJdaJoNJt+\/UY9YxC53YeWFdk2Ye2RtczsvSJLYAVzSzB\/neTP+Pbrb0LLGPY+Sis3kqSvJm2vLO0ie5ZP35HxfSuKNO\/zsOdO+nmwTtLOaVHXUhF3fV3X6eHE4z\/p3CaXQUVcn5L7NktecQKz4DPlpYPPm1xN0+i7Fy\/nDv7TzjFx7c3f4bqNmz9kFn3mNGMkrH\/8z\/\/9b2hdgWLSMgx6d3Ls71ffT+QJv\/36m9DfXN1c08gerVTOFwAAwCxXN9elcLZWSRoyZbEbq5yniMpf\/ihg9E9BXkb\/Wr2+8rBmAIDHrWnm4sUIAABFgJNmCyHo3\/\/0b+suDgCF5f3JMW0bBt25Lv35iy\/XXZzCwvkKhBD01RdfwtO\/JFzdXPsJGom8Q9UPF+eRh8Ew+gMAAACbDTT910AwlBoAsBqC+sIAAFB2Hk4iET6vQJoHgDLDWvtbuk477XZkbo77ipcTwJP26fcuYfAvMHJ0GSeQl736Obrk\/cnxTB6rNFFFAAAAACg3sUZ\/GMjypWUYieQRAAD50+9dFlqDHQAA0rKonj8A9wXXdanf69G2YWycxF9eCCHoznXpN03DoUjBOTg6nJFxeq7IocH5aT5cnM\/8G\/o\/AAAAcD+IlfcBAAAAAADFJIsmPAD3Fc4nsIqk1WWF83bAMLz5VKpV+k0IOMQAAAAAGwqM\/gAAAAAAAAAAAAAAAADAhvC7dRcAAAAAAAAAAAAAAAAAAAD5AKM\/AAAAAAAAAAAAAAAAALAh\/J6I\/kFEP6+3GAAAAAAAAAAAAAAAAAAAWJT\/B0g7baLAeCZYAAAAAElFTkSuQmCC\" alt=\"Markalama G\u00f6rseli\" title=\"\"><\/p>\n<\/div>\n<div>\n<table style=\"width: 100%;\" cellspacing=\"0\" cellpadding=\"0\">\n<tbody>\n<tr>\n<td style=\"width: 120px; font-weight: bold;\">Norme<\/td>\n<td style=\"width: 400px; text-align: left;\">ISO 1307<\/td>\n<td style=\"width: 120px; font-weight: bold;\">Couleur<\/td>\n<td style=\"width: 400px;\">\n<div class=\"color-icons\"><img decoding=\"async\" src=\"data:image\/svg+xml;base64,PHN2ZyB2aWV3Qm94PSIwIDAgMTAwIDEwMCIgeG1sbnM9Imh0dHA6Ly93d3cudzMub3JnLzIwMDAvc3ZnIj4KICA8Y2lyY2xlIGN4PSI1MCIgY3k9IjUwIiByPSI0OSIgZmlsbD0iIzAwMDAwMCIgc3Ryb2tlPSJibGFjayIgc3Ryb2tlLXdpZHRoPSIwLjUiLz4KICA8Y2lyY2xlIGN4PSI1MCIgY3k9IjUwIiByPSIzOCIgZmlsbD0id2hpdGUiIHN0cm9rZT0iYmxhY2siIHN0cm9rZS13aWR0aD0iMC41Ii8+CiAgPGNpcmNsZSBjeD0iNTAiIGN5PSI1MCIgcj0iMzMiIGZpbGw9IiNGRkZGRkYiIHN0cm9rZT0iYmxhY2siIHN0cm9rZS13aWR0aD0iMC41Ii8+CiAgPGNpcmNsZSBjeD0iNTAiIGN5PSI1MCIgcj0iMjIiIGZpbGw9IndoaXRlIiBzdHJva2U9ImJsYWNrIiBzdHJva2Utd2lkdGg9IjAuNSIvPgo8L3N2Zz4=\" alt=\"\" title=\"\"><\/div>\n<\/td>\n<\/tr>\n<\/tbody>\n<\/table>\n<\/div>\n<\/div>\n<\/div>","protected":false},"excerpt":{"rendered":"<p>&nbsp; \u00dcr\u00fcn Ad\u0131: WHITE GR \u00dcr\u00fcn Kodu: ABFGR850 A\u011f\u0131r Hizmet G\u0131da S&amp;D KANALLI Kullanim Alan\u0131 : D\u00f6kme a\u015f\u0131nd\u0131r\u0131c\u0131 \u00fcr\u00fcnlerin emi\u015f ve tahliyesi i\u00e7in kullan\u0131l\u0131r. (\u015eeker, Un, S\u00fct Tozu, Gran\u00fcller vb.) Alt Katman : Beyaz Renk, Toksik Olmayan A\u015f\u0131nmaya Dayan\u0131kl\u0131 Do\u011fal Kau\u00e7uk. Takviye Katman\u0131 : Y\u00fcksek Mukavemetli Sentetik Tekstil, \u00c7elik Tel Spiral ve Antistaik Bak\u0131r Tel. [&#8230;]\n","protected":false},"featured_media":22345,"comment_status":"open","ping_status":"closed","template":"","meta":{"jetpack_post_was_ever_published":false},"product_brand":[],"product_cat":[2362],"product_tag":[],"class_list":{"0":"post-21509","1":"product","2":"type-product","3":"status-publish","4":"has-post-thumbnail","6":"product_cat-sel_asindirici_gida_hortumlari","8":"first","9":"instock","10":"taxable","11":"shipping-taxable","12":"product-type-simple"},"jetpack-related-posts":[],"jetpack_sharing_enabled":true,"jetpack_likes_enabled":true,"_links":{"self":[{"href":"https:\/\/tuzlahortum.com.tr\/fr\/wp-json\/wp\/v2\/product\/21509","targetHints":{"allow":["GET"]}}],"collection":[{"href":"https:\/\/tuzlahortum.com.tr\/fr\/wp-json\/wp\/v2\/product"}],"about":[{"href":"https:\/\/tuzlahortum.com.tr\/fr\/wp-json\/wp\/v2\/types\/product"}],"replies":[{"embeddable":true,"href":"https:\/\/tuzlahortum.com.tr\/fr\/wp-json\/wp\/v2\/comments?post=21509"}],"wp:featuredmedia":[{"embeddable":true,"href":"https:\/\/tuzlahortum.com.tr\/fr\/wp-json\/wp\/v2\/media\/22345"}],"wp:attachment":[{"href":"https:\/\/tuzlahortum.com.tr\/fr\/wp-json\/wp\/v2\/media?parent=21509"}],"wp:term":[{"taxonomy":"product_brand","embeddable":true,"href":"https:\/\/tuzlahortum.com.tr\/fr\/wp-json\/wp\/v2\/product_brand?post=21509"},{"taxonomy":"product_cat","embeddable":true,"href":"https:\/\/tuzlahortum.com.tr\/fr\/wp-json\/wp\/v2\/product_cat?post=21509"},{"taxonomy":"product_tag","embeddable":true,"href":"https:\/\/tuzlahortum.com.tr\/fr\/wp-json\/wp\/v2\/product_tag?post=21509"}],"curies":[{"name":"wp","href":"https:\/\/api.w.org\/{rel}","templated":true}]}}