{"id":21500,"date":"2025-08-11T11:06:35","date_gmt":"2025-08-11T08:06:35","guid":{"rendered":"https:\/\/tuzlahortum.com.tr\/urun\/white-hd-sd\/"},"modified":"2025-08-21T09:18:17","modified_gmt":"2025-08-21T06:18:17","slug":"white-hd-sd","status":"publish","type":"product","link":"https:\/\/tuzlahortum.com.tr\/fr\/produit\/white-hd-sd\/","title":{"rendered":"BLANC HD\/SD"},"content":{"rendered":"<p><!DOCTYPE html><\/p>\n<div class=\"report-container\">\n<div class=\"report-header\">\n<div class=\"standard-text\">Nom du produit : WHITE HD\/SD<\/div>\n<div class=\"standard-text\">Code produit : ABFSD848<\/div>\n<\/p><\/div>\n<div class=\"product-image-container\">\n<div class=\"key-feature\" >\n      Produits alimentaires en vrac \u00e0 usage intensif S&amp;D\n      <\/div>\n<\/p><\/div>\n<div class=\"horizontal-line\"><\/div>\n<div class=\"product-details\">\n<div class=\"detail-row\">\n<div class=\"detail-label\">Domaine d&#039;utilisation<\/div>\n<div class=\"detail-value\">: Pour le d\u00e9chargement de produits abrasifs en vrac (sucre, farine, lait en poudre, granul\u00e9s, etc.).<\/div>\n<\/p><\/div>\n<div class=\"detail-row\">\n<div class=\"detail-label\">Substrat<\/div>\n<div class=\"detail-value\">: Couleur blanche, caoutchouc naturel non toxique r\u00e9sistant \u00e0 l'abrasion.<\/div>\n<\/p><\/div>\n<div class=\"detail-row\">\n<div class=\"detail-label\">Couche de renforcement<\/div>\n<div class=\"detail-value\">: Textiles synth\u00e9tiques \u00e0 haute r\u00e9sistance, spirale de fil d'acier et fil de cuivre antistatique.<\/div>\n<\/p><\/div>\n<div class=\"detail-row\">\n<div class=\"detail-label\">Couche sup\u00e9rieure<\/div>\n<div class=\"detail-value\">: Caoutchouc synth\u00e9tique sp\u00e9cial micro perfor\u00e9, r\u00e9sistant \u00e0 l'abrasion, \u00e0 l'ozone et aux intemp\u00e9ries.\n<\/div>\n<\/p><\/div>\n<\/p><\/div>\n<div class=\"datasheet_table\">\n        <img decoding=\"async\" class=\"alignnone size-full\" src=\"https:\/\/tuzlahortum.com.tr\/wp-content\/uploads\/2025\/08\/datasheet268.svg\">\n    <\/div>\n<div class=\"table-notes\">\n      Valeur de la perte d'usure : \u2264 120 mm\u00b3 selon DIN 53516\n    <\/div>\n<div class=\"horizontal-line\"><\/div>\n<div class=\"footer\">\n<div class=\"standards-section\">\n<div class=\"standard-item\" style=\"margin-top: 9px;\">\n                  <\/div>\n<div class=\"standard-info\"><\/div>\n<\/p><\/div>\n<div class=\"temperature-section\">\n<div class=\"temp-icon\">\n          <img decoding=\"async\" src=\"data:image\/svg+xml;base64,PD94bWwgdmVyc2lvbj0iMS4wIiBlbmNvZGluZz0iVVRGLTgiPz4KPHN2ZyBpZD0ia2F0bWFuXzIiIGRhdGEtbmFtZT0ia2F0bWFuIDIiIHhtbG5zPSJodHRwOi8vd3d3LnczLm9yZy8yMDAwL3N2ZyIgdmlld0JveD0iMCAwIDcyLjI3IDE2Ljk4Ij4KICA8ZGVmcz4KICAgIDxzdHlsZT4KICAgICAgLmNscy0xIHsKICAgICAgICBzdHJva2Utd2lkdGg6IC41OXB4OwogICAgICB9CgogICAgICAuY2xzLTEsIC5jbHMtMiwgLmNscy0zLCAuY2xzLTQgewogICAgICAgIGZpbGw6IG5vbmU7CiAgICAgICAgc3Ryb2tlLW1pdGVybGltaXQ6IDMuODY7CiAgICAgIH0KCiAgICAgIC5jbHMtMSwgLmNscy0zLCAuY2xzLTQgewogICAgICAgIHN0cm9rZTogI2E3YTlhYjsKICAgICAgfQoKICAgICAgLmNscy01IHsKICAgICAgICBmaWxsOiAjYTdhOWFiOwogICAgICB9CgogICAgICAuY2xzLTIgewogICAgICAgIHN0cm9rZTogI2ZmZjsKICAgICAgfQoKICAgICAgLmNscy0zIHsKICAgICAgICBzdHJva2Utd2lkdGg6IDIuMDZweDsKICAgICAgfQoKICAgICAgLmNscy00IHsKICAgICAgICBzdHJva2Utd2lkdGg6IC4ycHg7CiAgICAgIH0KICAgIDwvc3R5bGU+CiAgPC9kZWZzPgogIDxnIGlkPSJrYXRtYW5fMSIgZGF0YS1uYW1lPSJrYXRtYW4gMSI+CiAgICA8Zz4KICAgICAgPHBhdGggY2xhc3M9ImNscy0zIiBkPSJNMTEuMzQsMTEuNTdjLS45NCwxLjcxLTIuNzEsMi42Ni00LjgsMi42Ni0zLjA1LDAtNS41MS0yLjQ3LTUuNTEtNS41MlMzLjUsMy4xOSw2LjU1LDMuMTljMS45NCwwLDMuNjUsMSw0LjYzLDIuNTIiLz4KICAgICAgPGNpcmNsZSBjbGFzcz0iY2xzLTUiIGN4PSI2LjU1IiBjeT0iOC42NiIgcj0iMi40Ii8+CiAgICAgIDxjaXJjbGUgY2xhc3M9ImNscy0yIiBjeD0iNi41NSIgY3k9IjguNjYiIHI9IjIuNCIvPgogICAgICA8bGluZSBjbGFzcz0iY2xzLTMiIHgxPSI2OC4zNCIgeTE9IjExLjc2IiB4Mj0iOS45MiIgeTI9IjExLjc2Ii8+CiAgICAgIDxsaW5lIGNsYXNzPSJjbHMtMyIgeDE9IjY4Ljc4IiB5MT0iNS41MSIgeDI9IjkuNzMiIHkyPSI1LjUxIi8+CiAgICAgIDxsaW5lIGNsYXNzPSJjbHMtMyIgeDE9IjU0LjA3IiB5MT0iOC43NSIgeDI9IjguNjQiIHkyPSI4Ljc1Ii8+CiAgICAgIDxwYXRoIGNsYXNzPSJjbHMtMyIgZD0iTTY4LjE1LDUuNTVjMS43MSwwLDMuMDksMS4zOSwzLjA5LDMuMDlzLTEuOTIsMy4wNi0zLjYyLDMuMDYiLz4KICAgICAgPHBhdGggY2xhc3M9ImNscy01IiBkPSJNNTMuOTEsOC43NWMwLS4xNC4xMi0uMjYuMjYtLjI2cy4yNy4xMi4yNy4yNi0uMTIuMjctLjI3LjI3LS4yNi0uMTItLjI2LS4yN1oiLz4KICAgICAgPHBhdGggY2xhc3M9ImNscy0zIiBkPSJNNTMuOTEsOC43NWMwLS4xNC4xMi0uMjYuMjYtLjI2cy4yNy4xMi4yNy4yNi0uMTIuMjctLjI3LjI3LS4yNi0uMTItLjI2LS4yN1oiLz4KICAgICAgPGxpbmUgY2xhc3M9ImNscy0xIiB4MT0iMzYuNDMiIHkxPSIxNi45OCIgeDI9IjM2LjQzIiB5Mj0iMTQuMjQiLz4KICAgICAgPGxpbmUgY2xhc3M9ImNscy0xIiB4MT0iMjguMDUiIHkxPSIxNi45OCIgeDI9IjI4LjA1IiB5Mj0iMTQuMjQiLz4KICAgICAgPGxpbmUgY2xhc3M9ImNscy0xIiB4MT0iMTkuNTkiIHkxPSIxNi45OCIgeDI9IjE5LjU5IiB5Mj0iMTQuMjQiLz4KICAgICAgPGxpbmUgY2xhc3M9ImNscy0xIiB4MT0iNDEuNTciIHkxPSIyLjc0IiB4Mj0iNDEuNTciLz4KICAgICAgPGxpbmUgY2xhc3M9ImNscy0xIiB4MT0iMzMuMjgiIHkxPSIyLjc0IiB4Mj0iMzMuMjgiLz4KICAgICAgPGxpbmUgY2xhc3M9ImNscy0xIiB4MT0iMjQuOTkiIHkxPSIyLjc0IiB4Mj0iMjQuOTkiLz4KICAgICAgPGxpbmUgY2xhc3M9ImNscy0xIiB4MT0iMTYuMDgiIHkxPSIyLjc0IiB4Mj0iMTYuMDgiLz4KICAgICAgPGxpbmUgY2xhc3M9ImNscy0xIiB4MT0iNDQuNjMiIHkxPSIxNi45OCIgeDI9IjQ0LjYzIiB5Mj0iMTQuMjQiLz4KICAgICAgPGxpbmUgY2xhc3M9ImNscy0xIiB4MT0iNDkuNDkiIHkxPSIyLjc0IiB4Mj0iNDkuNDkiLz4KICAgICAgPGxpbmUgY2xhc3M9ImNscy00IiB4MT0iNDAuODgiIHkxPSIxNi45OCIgeDI9IjQwLjg4IiB5Mj0iMTQuMjQiLz4KICAgICAgPGxpbmUgY2xhc3M9ImNscy00IiB4MT0iMzIuMzMiIHkxPSIxNi45OCIgeDI9IjMyLjMzIiB5Mj0iMTQuMjQiLz4KICAgICAgPGxpbmUgY2xhc3M9ImNscy00IiB4MT0iMjMuNzkiIHkxPSIxNi45OCIgeDI9IjIzLjc5IiB5Mj0iMTQuMjQiLz4KICAgICAgPGxpbmUgY2xhc3M9ImNscy00IiB4MT0iMjAuNTkiIHkxPSIyLjc0IiB4Mj0iMjAuNTkiLz4KICAgICAgPGxpbmUgY2xhc3M9ImNscy00IiB4MT0iMjkuMTMiIHkxPSIyLjc0IiB4Mj0iMjkuMTMiLz4KICAgICAgPGxpbmUgY2xhc3M9ImNscy00IiB4MT0iMzcuMTYiIHkxPSIyLjc0IiB4Mj0iMzcuMTYiLz4KICAgICAgPGxpbmUgY2xhc3M9ImNscy00IiB4MT0iNDUuNzEiIHkxPSIyLjc0IiB4Mj0iNDUuNzEiLz4KICAgIDwvZz4KICA8L2c+Cjwvc3ZnPg==\" alt=\"S\u0131cakl\u0131k\" width=\"100\" title=\"\">\n        <\/div>\n<div class=\"temp-values\">\n<div>-40\u00b0C \/ +80\u00b0C<\/div>\n<div>-40\u00b0F \/ +176\u00b0F<\/div>\n<\/p><\/div>\n<\/p><\/div>\n<div class=\"marking-section\">\n<div class=\"detail-row\">\n<div class=\"detail-label\">Image de marque<\/div>\n<div class=\"detail-value\">: Ruban de transfert ou gaufrage<\/div>\n<\/p><\/div>\n<p>                <img decoding=\"async\" src=\"data:image\/png;base64,iVBORw0KGgoAAAANSUhEUgAABf0AAAAoCAYAAABEkVAiAAAACXBIWXMAACE3AAAhNwEzWJ96AAAgAElEQVR4nO2dv2\/b2JbHzz68NsT2IrBvsdtYxS6wjVS8B0wRsUgwW0gsEqSRVSQvjawF8qMY24WTKRK7kN3kJYXsJkgKSsUGSUENsLOYKahmgJlCbh7wXkH1C+Yf2II8V5cUf4uSKPn7AYLYlkhe8v7gveee8z3\/8C\/\/9If\/IaJvCAAAAAAAAAAAAAAAAAAA28yPv9t0CQAAAAAAAAAAAAAAAAAAUAww+gMAAAAAAAAAAAAAAAAAOwKM\/gAAAAAAAAAAAAAAAADAjvD7ZQ5uaBrtVatFlaUQZrZNQ8MgIqKWrlNFVcVnF\/3+popVKG\/evSVFUTZdDABuHI7j0OOHjzZdDAAAAAAAAASqqvrWvWlxHIe+Og7d8taW\/PNXxyHbtosuJgAAAADWSG6jf0vX6dXZaZFlKYSJZQmjf1NvUa1eF5\/tgtG\/2+tRQ9M2XQwAbiQvT15suggAAAAAAAD4aOo6dXsHmY+bWBZNrAnV6jXvd\/fniTXZibUzAAAAcJPJbfRv6q0iywFSoCgKtTv7my4GADeSmW3T1WCw6WIAAAAAAACwwMSy6MG9+6m\/3+31hLEfAAAAALsHNP23iMPjI8j6ALAhnj15uukiAABAahRFoVq9XjoZRgAAAAAAAAAAq2cpTX+Zi\/45TSyrqNPlxnGcTRdhJexVq9TU9U0XA4AbiRv6vPnxDQAA0tLQNHp1dkpj00QuEgAi2KtWab+zj439GLq9Hl1PpzQ2zU0XBQAAANg5\/vr3v226CKl4cO9+qE2kVq\/T+48fNlCi7PzrH\/554W\/bXv4kCjT6Q\/NvlRweH226CADcWJ7DGAAA2DJuaw0icvWZAQDhHB4fUa1ep4k1ETnBwJyGplG3d0Az24bRHwAAAABgyyjM6L8s3V4vV\/KhIFm1DLeBhqb5EhIHuZ5ORYLRN+\/ehkoAvTx5QdfTaeQO1uOHj8hxHGrpLRFRwMfIf4u7dvDcXA+Hx0e0V63SyDBoaAwT7nYOH5e2Pveq1djNkWXvh4+PunZDa8TWUx4u+uc0Nk3fdRuaRu3Ofui14p5VrV6nlt6iiqoWWsZd52owINu2N12MRLi9RrUB7h9yGw8eG0fYcTLcX6OivhRFoTfv3hJRfF9q6To19RbNbJtuKQopikIjYxhqjJHPGXVdLlcQx3HoB3McaeThckRdWz530vgaR1R9tTsdamgNmtl2pAdq3PVmtk2Xg8uF5xzXDpioe0\/zTIIEn1EQvk+i+Xso7jxJBJ+noih0eHxEtzWNFEXx6t2klycvEiMDu72eb8wcmyZd9M8j225Ufcxsm4bGMHO0UEvXqd3ZF\/fNZQ+r1zD4HfGDZ6jL2xfCypW1bwTJWy+qqlK3dyCOI3LHpqExDM25krfdhFGr16nbOyDHcUIjJ\/jdHHXP3D7ixj\/5e2FMrAldDQa5o1rl\/hZ2zw1No8PjI9HmZ7ZNL09epDL2xj1rx3FoZAxLZzSu1euin8jvea5rouT6kt9Dz588DZ0vxNVp0rs1aW6bNB7X6nVqd\/apoWnib2PTjKyP4Fziejolx3GooqrU0nVsjAAAAABbjOM4wqFRnvNtEzx3UlWVXp2dbro4mVl3+Utj9AfRJHn5K4oijAnX02moMZgXw9fTaeiijCf+cqLg6+mUJpYVa8h2HCfSkMF\/58Wpbc8yGT34uKJkVZa9Hz4+jIll0dVgQO1Op5CoDMdx6MG9+6ELzbFp0tg0hXSDvMkT96y4jIfHR5CKSonjOHTRP990MVKRtOHE+t55jk1Du9MhIqKGFt5PHMchVVWpoqrU0LRII0pTb1GtXqeRYdDMtqnR6ZCqqqGGBt4QdRwndkMu6v7YSPfg3v0FI1pFVYX3ZxR8bu6DeZ5jlBFlv7NPFVWNbX9J12vq+kIYZlw7YKLuPc0zCRJ8RjKqqorx8qJ\/HmvIjKvHKBRFofcfP\/jeeYqiUFPX6bam0X\/euRu5off67HRhnGxoGjU0jR4\/fBRqLIsrX1PXaWQYqSVEwq7PZW\/qOl30z2MjLPeqVVIUhWa2Le4xb18IkqdvBO8jT73sVav0\/uOHhXO6RtEqtfQWPXvy1DcW5Gk3UTiOE3suvlbY+KZ6z4yI6GvC8427hnv+Rqp6ChLWpmQamiaM10xFVenNu7eRbV4m6Vk3NC2x3a4bNuyPDEOMky1d9y3AknJp8XtI7mtBlmmDSWO2u3FRCx1bgvcil7mhaTQ2TXr+5KmvLQWvZds2XQ0uqds7oG7vAEb\/HWViWTTz2q9t29TtHdDV4HLDpQIAAFA0I8MQc7q9arUQx+t1w85+E5rbDraJdZcfiXxLTrfXS9x9kz8PM3zJfwv7XDYIVZHwbymuBoNCjMTfBzzL2BtNNpIEIwDS4DgOPXvyFPr0KUkyRAIX2YNQ\/jkIt7tavRb5HW7jrkeru+CsqGroZmVTbxGR68mct572qtWNeAiMPMMJS7DI1Op1Ma6PUhhYOOcE\/5OfxesSez\/wc5\/ZdqiX9rK8effW5yUvPxtFUSLrvdvr+YyjsjGEy51kCAyjqeticyyOWr2+cP2JZfnG+3ZnP7YMPHnMMtavqy\/krZfD4yNxzzPbXmjvbsRd9PizLMF3chAe1\/aqewufcX92HGfpyLEkz+8wgm0qDPmcwTw2Wa7HDhL8T+473d4BqSXxKJM3YuR5W9Y+wO+hyw0aSJu6Tq2QTcLvpHqT64VpaFqqSBgen3nTHuweE8uioWcI4n6RdY0BAACg\/Mjv\/bA56zbA96AoSmnmlVlYd\/kL8\/R3vb6KMyTGeczEsUsTFEVRfJ73cfDzt+3ZwmdyvUyn19QMfM7PTFGUlYb3sJeQDHuhppF3ev\/xQyl28cLKOjIMIUvgevzHG2TicBxHeFKFeTZOLEuEA0U9j+Czcst1KTzsLvrn9P7j5p9lmVmVIbLM5EkMQ+Q34ldUlVRVDR2\/J9aEmroeaWRg72T3uxbZti2ik1p6i16ezMd3uf2nMbYEPd5Vz4OVDYV71erS74\/g8+OxIsy7taFp1NR1akjyJkzLMyKNTTPVezBMpoOvPffKLtdGnyyr8SzgaRpHVAKpILLXsTw+s6xMU9dFGYLn4\/fu9XRKjx8+EnXAkVzuu7kT6bEcbAe1el1I77nek\/HjCl9\/Ztv04N79BdmRN+\/e0vcJMjjcJ8O88dfRF6LIWy\/yccH+xMfW6vXIOknbbpLg8UhVVQo+WR7Xwpwn8hjRgu1IfkZNXU8lURVkZBihxv+9alXM\/+RnxYnNeOM1TflfnrxYeNZygjQ3UmXz3v63PeP19XS6MM7yfSYZxOX30A8ppIvyvmOJwuVL5b7b7uz7vPCbui7ep1F9Pi6CVcaVZzK8d1ajdDJNoDjY6\/PlyYutkLYEAACQjVq9Tr\/89it9dRwaGkN6\/PBRZDRtWen2Dqilt+iWotDjh49oYlmR0Y1lZN3lL8zT\/\/3HD\/TXv\/8t079urxd5vqExpAf37mf+F6eLuW3IXm1J8MIk3NP\/Wvp58XPeKEjj7QPCaeq6CIvnxVFe5AXYX0JyNPDiOcugwMYm7nNBr1GwSFoZDrBo0Lod4QnIbVtRlNDxhs8jb\/qyt3\/QUMXXmHkbA1mxPYMqG83Y0L4uxqYpPGCj7u0Hc5z7\/Bf9vjh\/GTZLg3AEwtg0V7IhwfXJmuRczxztxM+mEYi0aEha8c8C+txXg4EY24PHxTGxLKEBryhKoqcsfx5mdJlYFn3zxz8lSmzwOdIY59bZF5apFyJ3jAkajPnYb+\/cXVm5GR5rgg4SqqqKdhPmPKGqFSJaLqmy4zi+OW7Wfv3y5EXke429jDiCgpE99ZfxRJpYlug7cZFe64TbWDDX1MgwUssnxW0crAPbtkWUgrxpTjS\/v6vBYGGMtW2bvr1zN9Oaaey9j8r4PgHFc9OcXgAA4CbBzr6yRPi22YYq3tyb72Hb5AfXWf6Nyvtso37UutirVjPprle90Jww48lU6sBhn3MHx0R+OWT5HXmjJSt8LOufh6F4CU6zEszZAMIJhsCDaFTPA5SjSYiijTq2bQsDUpg3bNg4Nvake4LG0n2vLS8jqSBv0G1i05ONTbKRteV5Z8oRP3kpq5cey9Y5jkPfr2ijnutzHCH9JGtZhh0XNfllw1fW9iJvtKY9NmoMSjJGyptwaT3B19UX8tYLEzcur0OKjZ0kgmNcsLzB+ZScGHcZ5LxDWeqJc\/pEwecKGzPknBDLEBaJGoTfJ1lQveiyrERJYGWJPOKxO7hxsE7kjb2wZxe30ZSlz\/B1KjmfNygninJr00UAAACwIbq9A6rV69T2cugFZWK3AY72fX12mjqCsUyso\/y5jf7jJTwQ09DSW\/T+44fM\/4pIoloGst6HPNEPLirZ0MCT9GBD4t\/ZEw3kpxqzcC4Dsm5YmgX4TeU5vPxTIxtOZEmIKOJ0\/efnmhspHMcRsgnsuShLUSwTVSNfaxNGf9nIyv2SNf6Xva+yoqqq2Hy86J+vbKzk5xm1ARtlvOf3YNSmaJKBLY65sTadfmbeENs8ev7u91ffF\/LWC7PpsOP5fMlv9IzaPGK4TqbYbA+loWn0vz\/\/RD\/+\/BN9+vKZfvnt18hoYI4WJnIjhn70jssSli7nlMjrACFvUKSR9mE4ie66DOdF9pmsG5dgvTiOk7ldrVLODQAAQLlhBYnD4yOfeso20e50hLT1t3fubp36yzrKn1vTf2QYpChK5jDdYPhpFJUYL+ddp6Fpmb3u5Qn4dDoVz06W06jV62QbBl1Ppz4ZjbBzgHwU0WbZIGR7YfZFR2BUIvTWgcvVYIDnkwE2Uk+siU+DP0pHnnX9g+1azikSPG5oDKmp63Rb00hRXvg075f1RpATiK4buY83dZ2uBgMRzVCE5+g8KXJ5PB66vQNSFIWup9OVygdUxOZmfF8O1nslw6Zo1jbjOF8zHZdX+7wh9cksrKMv5K0XhseATXkhyfI+ci4Ongtf9M+p2zsQUUtE\/g2Cm2xc2xORXP52GaZhypKERBTZBzi\/AVOr1xfyo0Qx33zKXx95pH0+ffnsm2u\/PHmxchmVpt4qLGSc3+971Sp0\/UvItbf+i8qrFMZetUqjDUaqAAAAKAc8f\/q6ZZ7+jDz\/28Z7WGX5c3v6O45DF\/1+Zs39m7zgSUveaIV5SP+ihr+bGK+28LnsdQajfzmQZU94pw\/9Zj2449r5pouxVQS9ipO8\/flzNpoFz+M4TqiO+cy2hcQPG3p2YaE6kiR++L6W1VXcq1ZF4tigRvcm4c0NonJtRJQNNqZ1ewf0+uw007tZzpexS0Y5vhdFUejTl89CBmvdOI4jJuVyvfDPYRJJcTmXssIOHEWdbx2oqkrdXk9saAajmKaeDNXM06e\/6J+Le+NNwjDanY6QLZrZNo0MI5Ohk2g5SaigtA8n9Y3rr8HPOKR7GWTZO7lNyBr87z9+SMwlkgZEiJYblmVIKw\/L4yjexwAAUB44hxPnvrqeTun5k6fCSWBsmj77UPD3q8HAlzdL\/j14ruvplF6evKCxadKbd2+p2+vRm3dvF86RlbAyP3\/yVMzn48rI98\/HBn8Pnovvn8iNAO32eiIhfV7Him0vf5Dcnv5gNbDWcR72qtWFBK1yuD4vNmRDP28AxC06RoaRW1u4SF6evIhc\/MkGsyTKcj9RVFSV2p2O6ORXgwFdDQZisd\/QGpnyPYD0XPTPS9EGluH9xw+hf09jIIs6licEQThyS5ZImFgTanc61NAaoR6arOtf8Qwk\/MLjTcmovnk5uKTD4yP6zktwPrPtnTBqDg2Dvjs+ooqqCs\/Wq4x5CljqIsjMtunPXgLZMiBvaLte7Nn72+HxUegxUW10G7kaXAoDXVPXqanrQuZqaAxjDTR5pX3y0NJbkdGeRTsRsMZlrV6niqrSq7NTekWu9uXQGNLIMGLbUlS7IaLMYcwcLclzLk7iywnIZ7a9EqO\/oig+j\/iyGuqi3iOcwyNomL+eTuk\/79xdSJr9488\/iXlP2Fg\/Nk2RIDvvZn3e\/EvynJqlfZq6Tt3eAU0sK7JNce4bRblFTc\/g2u0d0IN7+epSVVUxrgZzeIwMQ2yauI4\/7tgwNk36wRwv5f1flmTMYJGrwSW1O\/s0Ns3YMYfbXpbNMgAAAKtnZBjCDqSqFZpYE2m9XBdzn5Fh0Kcvn8Xv19OpMBYTud7itXpN\/M6R1vK5Xp68EA4Uf\/3730SkPh8zs2168+5t5nu46J\/7rvPcy5c0Nk1S3im+8ze0hq+MRPNk8u7G9ETMWfaqVd+5Gr9pvvvnOSjbz5h2p7NV5b\/ony9V\/iClNfqPDCOXvME2G+wURfElWs0Kh5Nf+4z67Olf8y08OTFmGn1O21vIbpq4yWsWT6my3E8ch8dH9DWQyJMHh7Fp0kX\/nN68e4vojAKZ2fbKw+zXwTJeg1mPZcOkrGcsJ5mMklqYWJYn8VNbSNwZJUnyg2nSoWfwJ9otL+YfTFMYgIiKu7ehMSyNN3C7sy8SPnMi8oamZTY83YQxb2JZ9PzJU5+BV1EUsQEwsSx6\/PBRaN+ab55lk\/bJw7plGB8\/fETvP35YMKgfHlep2zug709eRLanItvNxJpQrV4X+R+CDhUsscgLp7lkXzYv6ajNPCJK3OQoIxPLihzbgnMyTljc0LRIKRl5c3Tdz4K9\/CeWlWk++fjhI\/GOvJ5e06uz09Tv3Vq9HtsmgpvFjuPQg3v3F3IdcE6Bbu+A\/vzwUaZ3hFv2g9TfB+vnot+nhtag9x8\/0Pee92awf3D931KUndksBwCAXUGeW7tz7fn8kfMz2p6DyS1vTcU5XdSFY+e\/q2rFJ+XJ\/\/j3+ffmx+SdP\/N1+RoVVSVnOvXll+TzB8sYPI98\/6p3T44kZ873L9+D\/HOee9h0+eXzFLGGKa3R37ZnpfViWhWyQSsP3CB4ASLLZPCigheh7KnGk\/1qysSCYH28Ojulbu\/AM\/SPfV5ctm3Tg3v3hSccWJ5nSN6bmTADI3v971WrkUbd6fSamuR\/iSV5KNueZz9vNGT1hi8zl4NLSbIouzEv6OWqKLfEol5VK6Vo21xvz588pW7vgPaqrqG2KK3pXWPoRaTd1jSq1WtCr5zI7Suvzk6FZ4gMP+dd2hRjHMehb+\/c9fIe1XxSKuwFP11SGisNnAuJrz13qLgW\/7OxmiMBiIrzzC97VIvrOezf4GhoDTd57UeVHty7n2qM4+cY\/fnmNjTnUkXpnJP+9Q\/\/vPC3sWnSK3I39qJy4KTFdZRaHEuvp1P65o9\/8vUZXmRWVJX+8u4tfXvn7tZtIIF4Hty7T4fHRyIiiqNPWDKAaB4pg7oHAIBy0dA0+vTlMxGRWE83tIYwGP\/3l89irc2yl7wJwL87jiPW1vLvTSLfuV6dnVJ7uk+qqgqJoJbeov\/9+SeybTu3M+Hh8ZHvOu8\/fvCVOXj+YJlZBpjzBNbqNWF8l8\/Fx9q2Taqqivfa4fGR7xnetPIHKa3R\/6axV60uLdkiNwh58RA0rE0sS3iq2YHFaxjyJDFIXBhz0XBW62XZxP08uHc\/dkEX5b3FUj8c0jM2TboaXArdzpFhLB3uA8jrE7uxyRhmXCCa6\/rmOTYMWVs6+Oxc79Yq1eq1UENEUPdf1vOPM+SMjCE1NC1T4sRtgDX8XY\/Wcebjw2SULvrn9OPPP1FT1+lycFkKj3\/29GUDbUVVqaFpmQzUSWPpLmF70UccgcQbObwACCZrFN4jCf2oKFz99fAkq0W9r8PgiDci955ZVoWIaL+zH7rJVWS7mQYiJIPSZOwNzc4UeeV9wso7Nselj0gLk6C66PdFm+Ck5Ywb5dqhlt7KFDmyKWOl7NW1zOZa1vKH9Wt3HjiMLYfjRY3KoeXd3gE1NE2Mwdh83S0cx6FnT57SsydP6bX3rmWup9PUG28AAAA2Q9A2J8+p5TU40aJHf\/DYtOeS52ZNXV86mneZMgfXEGnOJUeUjs1xpL3vppRfJtbo74ZN50sqG3fONMRpxcYxMoaRk9ckg1fe8xZBUc9Z9uR3nK\/ib8yeJAEUtTEAyguHZX\/zxz95ns9jGP0L4HkJPKG3DXlcCW5Y8kswyugnS4zJWsNJRjlepK5zsaoot9ZynaLvjTXgm7ouNkpkNhEhxP1s6GlNu5ua+zvplb4KxqZJE8vyaZ3b0rxknXr+ZcG2bbHx0O0drGyjQYb7Eof8zqXJLN\/nsu67nAA4LetyqFgXI2Mo8hLJC8vD46OtylPE0j5hsimrhI21RZyHpbLY+yzt+mYd\/QsUi23PfIaJPGMRAACA3YQdClRVpb1q1eeBvi1wTi2elzuOI2ye28A6yh9r9A\/uQqyTvFqxcTq2y9zLKvVxZaPXsqiqShNyJ3lh0j1VyeNsrvePSXxRzCK8j4sePN0kmOEelklElfGmgiRm+WhoDfFz1E50RZpABGG9ZleiY8\/72+p1yIOw8TtqERzXd8s+drLERtgGevx9FZ+k8aJ\/7utnnJiZJVqK9kznSSu\/E4NE1TtL3wU1GYPHhR2bBG8gLWNw4cm5LNPBLKvnn9QXiiBvvSTB3vXryjHASYVZdkluv47jiGS+LO1ThkibTROUmySaR2oQkZd4dJ5Yl+VoVklUP49jnssme1RWmeCI36LXWgAAAADYDp4\/eSqisH\/57dcFbfltgGUKG5q2lfewjvJvVN7nJnmjxfFaSta3LLInf5hRn\/WlbNsWk\/Zt280rM9ym1cAiquiImbzwTiJRvsXuruE4Tqm1kctMluSD4Ub\/iad7vbdRD2U2lIbJJhAt9mVGDXjObQtyWYPyMPLfg99dlmDdjjxvf0VRIiVZloHLHuUpEV3vX73jwt+LcrvPasjlY2XDZpHcDkmsnYWoZ1IkeeulbPDmedPz+g6Wl5P5tjv7RAQjaRQVaVMkmKOi2+utzOjP9ZXH4M3HvDo79SXbZlhKj73y1y27tUowbwQAAAB2BznSfNuM5Yyc85JoM9Hsy7CO8v+u8DOmwHEcuhoMQpPQ3TTanU6hnmlymDl33EVvQHcRxZIKSOJbDGPTlDzZ8nvKpjFEswEt66BwKSU\/LbuX8jq4GlxulcG2LKhSJNbjh4\/owb37C\/9GnlyAHBEgI+v6cyjbug0iiqIIL9Pgtbl8FVUN7St8XJkNOfzs5egeOSF4mKSG7Pm5yk0YzknC5YjaXMkLG1mbur4wTiqKIrx1o+qdEy8FiTLyJiEnnU06tt3pRI7tspyMfB5OLCVv7GYhri8USd56UVWVWjESMPMNlfX0xam3ccPlnQY2cnhjh+uq7BF2crsPEpQvykvYeMSs+z0833xavdMLJ237y7u3vr\/LY94q2gcnk44izwZbBZErAAAAwFbDttixadLh8RF1ez168+7tVhnLZ7ZNF\/1zup5O6c27t9Tt9Qp1pF416y5\/rKf\/xLIyJXZchot+P7dcSRRl10NVFKXQBA1E8UkjGDdZ5NwTcF3h8LsKG68u+udE5NYre1zmgcOsZrYtkjbK1\/r+5IVYfEcZVIPMbJsuB5dCRzdvSPcuMZO0oEE2uH3PbDtWj72p66l0\/YnW7+Vfq9fp8PhIXH9oDBfKN7NtqqgqvXn3lh4\/fCTK2O50xNid16t6lfC7ZW6s83sZs9Z\/t3cgJn5E7jN54xmmZra9csPO1eBS5CRZRrIsDDmSgL1uub29khIbBut9Ylm+en9w7754Dt1eTxh5g8fF0dJ1+s6L9nIcJ7bPcLts6S16KY31RG69ym1Wrp9lomWS+kKR5K2XV2en4r11NRj4jMS1el141K\/LGBm8Tvjm0YF4ptOQcvFGjbwRl5dlzzWTvIvanY4YE+QNqGUM0y1dF309rI2Gbfqt0qtcdpyIiniKgud6QViOaGbbNJLarxxVID9beUwoWmKQ+xMR0fcnLxY0+9udTq7IIz4Gkojbw7ryEgEAANgOrgaXYs316cvnwu2R6+DZk6c0sSy6Ggzol99+FeuzbWHd5d+ovM9Nhxe+RSPrI4d5+QS90LfF4ztpE4dDqldN0gaVbDzJiuM4YjE6Nk0am6bPq1peLKuqGrm5EPes2HB004GszyJ\/\/fvfIj+bWJZoVzyGxBkv5bba0LTQ77Kuv\/vzauUv4saGq8Eg1Fh40T+nV2enwkAZhhw9syni6i3MyHzRPxde3YfHR6HjQdx9dXsHsRPEB\/fupzI+27ZNI8Ogpq5Tu7O\/YMxdBtvbkGJv119++3XhO5z0PgjnG1AUhT59+bzwuRylEEZcfSQlDef38V61Su8\/fvBFksjv6mAukix6\/nn6QlHkqRc5uoHbHhu35fcjUbRBNmlukNXBJSpCJOrzsGfKOS3S9pc4lj2XK\/lo+TadiMgXVZLW0Jv0rIcRBvH3Hz+I9quqlZUn9+X8EsGE2ElEzf9Yjsi2bZ+RnceLpq6LZytH4caNJXnhTSCiuQyRHM0hb+RkTeJb5ug2sMhetSr6lZscEJKuAAAAwE1iI\/I+wDXYstdT0VSlCV1SAkdM\/orl8PhoqYUqGxfleuHFeNDjM08YFh930+t9YlmxBmsQT1pD\/VzCJ1zuSj5+U0aEsWlGGgqHhhFrkHn+5GmpjR+O4whPahnbtmONzyPDEN6oq4YNgLK8TFHE1U+YhjhzNRhE1nvUM03DRf88cdy56Pd9z15RFJEwVi57cNOS++Qy41pcXyiSrPXCz1z2NGdjrWzwf\/7k6do8kDlZL5c56+dlRG5Te9Wqb55Q1Cb5c8+ziQlGGvGmTlPXVy75w+W4nTJichku+uc+SSFutxzeXTQTy6LnT54uRMSwnB6R++z\/nEFmlTeCyhjdBqLZq1Z9YxFHtwAAALiZtDv7dHh8RK\/PTrfWJvT67FTIEm0j6y5\/rKd\/S9eFfu1NJ2yRvQxhyb+KolavSdryi178rJvrOE6slz8PAnEh1myQCC9HXXxnmWukjURIGrSWvZ94bdQ6tfRWIZI5e9UqffrymUaGQWNz7POw40Vbu7Mf+lyjyu7eVy1URz9VeYwAAANQSURBVPkmsote\/knenRxFEp5UN9kzVI4e4u8nHTdKkAmRN7PSlCHuHqKI+q7r4ThMvK4bfjehdmdfjAFj06SrwWXisTNvwy6NLAaXM4uhK+7619MpXQ0uI42gQ89TvN3Z9+moXw0uIz0\/+X6SkO8h6b4mlkUjw6CKqsbml8nzfNhY3O50xPjM9Z4UVRCsd8dx6AfPKB71TKOeTVJdBHl58oLG5phaemshx8LYHC9syMh69nH3tGxfkL+f1K7j6itPvVxPp\/TtnbvU1HVqaA1xz1yWy8Fl6P2t0uA+Nk1PLnEc+3nU5mjUM8rjqZ+lf8S102\/v3KVu78C3icSao2nLEEZcG3t58oIc5ys1tIYwUA6NIc1sm5p6a6GdFSUFNzSG1O50qKFpoRI\/Wcccbothz8G2bXpw7754tjyeuPcef\/487z0id4yfWBa1O\/sLOUUmluXbiJAJe76ybGVUewflg+W5eDOYx+1u74CeJUSdAQAA2E1YynGbqajqVsoSMesu\/z\/8yz\/94X+I6JuwD7u93lY\/zCKRpS2WZV0yNACARUaGgcUOAGBn4Lna1WCwkxuaAKyKT18+0161inlBAu1Ohw6Pj8hxHPqPf\/v3TRcHRCDLnamqSt8dH9HIMHzvhZau06uzU7ron4sNHjkBPK9R15XTDwAAgDuX3waC8qKMqqorl2UsijCZxm0vfwI\/QtN\/A2xTZmkAdgnHcWAUAwDsFJzQfdV5MQDYNa4Gl\/Tq7NRLJB4dxXOT4cTwRO7zAuWlqes+Z72wjeChF1nX7uyL7170z\/MYEQAAABTEto\/Btm1v9T1se\/mTgNF\/zbQ7nUIkYAAA2bkaXK5cJxgAANaFnOQWeUoAyMbQMKjbO6CK5+G1ywu+vHAeADn\/AignF\/1+qjYc973r6bSwyHYAAAAAbJ5YeR9QPC1dh9EfgA2BBT0AYJfYq1bp8Pio8LxDANwUOIEwDJ3RvD47pYk1icz3AgAAAAAASsmPMPoDAAAAAAAAAAAAAAAAALvBj7\/bdAkAAAAAAAAAAAAAAAAAAFAMMPoDAAAAAAAAAAAAAAAAADsCjP4AAAAAAAAAAAAAAAAAwI7weyL6LyL6x00XBAAAAAAAAAAAAAAAAAAAS\/F\/\/w89\/lazCWmbJgAAAABJRU5ErkJggg==\" alt=\"Markalama G\u00f6rseli\" class=\"marking-image\" title=\"\">\n              <\/div>\n<div>\n<table cellpadding=\"0\" cellspacing=\"0\" style=\"width: 100%\">\n<tr>\n<td style=\"width: 120px;font-weight: bold;\">\n            Norme\n          <\/td>\n<td style=\"width: 400px;text-align: left;\">\n                    ISO 1307\n                    <\/td>\n<td style=\"width: 120px;font-weight: bold\">\n            Couleur\n          <\/td>\n<td style=\"width: 400px;\">\n<div class = \"color-icons\">\n                                          <img decoding=\"async\" src=\"data:image\/svg+xml;base64,PHN2ZyB2aWV3Qm94PSIwIDAgMTAwIDEwMCIgeG1sbnM9Imh0dHA6Ly93d3cudzMub3JnLzIwMDAvc3ZnIj4KICA8Y2lyY2xlIGN4PSI1MCIgY3k9IjUwIiByPSI0OSIgZmlsbD0iIzAwMDAwMCIgc3Ryb2tlPSJibGFjayIgc3Ryb2tlLXdpZHRoPSIwLjUiLz4KICA8Y2lyY2xlIGN4PSI1MCIgY3k9IjUwIiByPSIzOCIgZmlsbD0id2hpdGUiIHN0cm9rZT0iYmxhY2siIHN0cm9rZS13aWR0aD0iMC41Ii8+CiAgPGNpcmNsZSBjeD0iNTAiIGN5PSI1MCIgcj0iMzMiIGZpbGw9IiNGRkZGRkYiIHN0cm9rZT0iYmxhY2siIHN0cm9rZS13aWR0aD0iMC41Ii8+CiAgPGNpcmNsZSBjeD0iNTAiIGN5PSI1MCIgcj0iMjIiIGZpbGw9IndoaXRlIiBzdHJva2U9ImJsYWNrIiBzdHJva2Utd2lkdGg9IjAuNSIvPgo8L3N2Zz4=\" alt=\"\" title=\"\">\n                                      <\/div>\n<\/td>\n<\/tr>\n<\/table><\/div>\n<\/p><\/div>\n<\/p><\/div>","protected":false},"excerpt":{"rendered":"<p>\u00dcr\u00fcn Ad\u0131: WHITE HD\/SD \u00dcr\u00fcn Kodu: ABFSD848 Heavy Duty Bulk Food S&amp;D Kullanim Alan\u0131 : D\u00f6kme a\u015f\u0131nd\u0131r\u0131c\u0131 \u00fcr\u00fcnlerin (\u015feker, un, s\u00fct tozu, gran\u00fcller vb.) bo\u015falt\u0131lmas\u0131 i\u00e7in. Alt Katman : Beyaz Renk, Toksik Olmayan A\u015f\u0131nmaya Dayan\u0131kl\u0131 Do\u011fal Kau\u00e7uk. Takviye Katman\u0131 : Y\u00fcksek Mukavemetli Sentetik Tekstil, \u00c7elik Tel Spiral ve Antistaik Bak\u0131r Tel. \u00dcst Katman : A\u015f\u0131nmaya, [&#8230;]\n","protected":false},"featured_media":22343,"comment_status":"open","ping_status":"closed","template":"","meta":{"jetpack_post_was_ever_published":false},"product_brand":[],"product_cat":[2362],"product_tag":[],"class_list":{"0":"post-21500","1":"product","2":"type-product","3":"status-publish","4":"has-post-thumbnail","6":"product_cat-sel_asindirici_gida_hortumlari","8":"first","9":"instock","10":"taxable","11":"shipping-taxable","12":"product-type-simple"},"jetpack-related-posts":[],"jetpack_sharing_enabled":true,"jetpack_likes_enabled":true,"_links":{"self":[{"href":"https:\/\/tuzlahortum.com.tr\/fr\/wp-json\/wp\/v2\/product\/21500","targetHints":{"allow":["GET"]}}],"collection":[{"href":"https:\/\/tuzlahortum.com.tr\/fr\/wp-json\/wp\/v2\/product"}],"about":[{"href":"https:\/\/tuzlahortum.com.tr\/fr\/wp-json\/wp\/v2\/types\/product"}],"replies":[{"embeddable":true,"href":"https:\/\/tuzlahortum.com.tr\/fr\/wp-json\/wp\/v2\/comments?post=21500"}],"wp:featuredmedia":[{"embeddable":true,"href":"https:\/\/tuzlahortum.com.tr\/fr\/wp-json\/wp\/v2\/media\/22343"}],"wp:attachment":[{"href":"https:\/\/tuzlahortum.com.tr\/fr\/wp-json\/wp\/v2\/media?parent=21500"}],"wp:term":[{"taxonomy":"product_brand","embeddable":true,"href":"https:\/\/tuzlahortum.com.tr\/fr\/wp-json\/wp\/v2\/product_brand?post=21500"},{"taxonomy":"product_cat","embeddable":true,"href":"https:\/\/tuzlahortum.com.tr\/fr\/wp-json\/wp\/v2\/product_cat?post=21500"},{"taxonomy":"product_tag","embeddable":true,"href":"https:\/\/tuzlahortum.com.tr\/fr\/wp-json\/wp\/v2\/product_tag?post=21500"}],"curies":[{"name":"wp","href":"https:\/\/api.w.org\/{rel}","templated":true}]}}