{"id":21476,"date":"2025-08-11T11:04:10","date_gmt":"2025-08-11T08:04:10","guid":{"rendered":"https:\/\/tuzlahortum.com.tr\/urun\/mey-sd-6\/"},"modified":"2025-08-21T09:20:55","modified_gmt":"2025-08-21T06:20:55","slug":"mey-sd-6","status":"publish","type":"product","link":"https:\/\/tuzlahortum.com.tr\/fr\/produit\/mey-sd-6\/","title":{"rendered":"MEY SD\/6"},"content":{"rendered":"<p><!DOCTYPE html><\/p>\n<div class=\"report-container\">\n<div class=\"report-header\">\n<div class=\"standard-text\">Nom du produit : MEY SD\/6<\/div>\n<div class=\"standard-text\">Code produit : FSDBW801<\/div>\n<\/p><\/div>\n<div class=\"product-image-container\">\n<div class=\"key-feature\" >\n      R\u00e9cepteur\/\u00e9metteur de bi\u00e8re et de vin\n      <\/div>\n<\/p><\/div>\n<div class=\"horizontal-line\"><\/div>\n<div class=\"product-details\">\n<div class=\"detail-row\">\n<div class=\"detail-label\">Domaine d&#039;utilisation<\/div>\n<div class=\"detail-value\">: Pour l'aspiration et le transfert de boissons telles que le vin, les liqueurs, la bi\u00e8re, les jus de fruits, l'eau min\u00e9rale, etc.<\/div>\n<\/p><\/div>\n<div class=\"detail-row\">\n<div class=\"detail-label\">Substrat<\/div>\n<div class=\"detail-value\">: Couleur blanche, non toxique, sans go\u00fbt ni odeur, caoutchouc EPDM.<\/div>\n<\/p><\/div>\n<div class=\"detail-row\">\n<div class=\"detail-label\">Couche de renforcement<\/div>\n<div class=\"detail-value\">: Tulle synth\u00e9tique \u00e0 haute r\u00e9sistance et spirale en fil d'acier.<\/div>\n<\/p><\/div>\n<div class=\"detail-row\">\n<div class=\"detail-label\">Couche sup\u00e9rieure<\/div>\n<div class=\"detail-value\">: R\u00e9sistant \u00e0 l'air, \u00e0 l'oxyg\u00e8ne et \u00e0 l'abrasion, caoutchouc synth\u00e9tique sp\u00e9cial.<\/div>\n<\/p><\/div>\n<\/p><\/div>\n<div class=\"datasheet_table\">\n        <img decoding=\"async\" class=\"alignnone size-full\" src=\"https:\/\/tuzlahortum.com.tr\/wp-content\/uploads\/2025\/08\/datasheet260.svg\">\n    <\/div>\n<div class=\"table-notes\">\n      St\u00e9rilisation : Vapeur \u00e0 130\u00b0C pendant 15 minutes maximum, soude caustique (%5) \u00e0 60\u00b0C pendant 15 minutes maximum.\n    <\/div>\n<div class=\"horizontal-line\"><\/div>\n<div class=\"footer\">\n<div class=\"standards-section\">\n<div class=\"standard-item\" style=\"margin-top: 9px;\">\n                  <\/div>\n<div class=\"standard-info\"><\/div>\n<\/p><\/div>\n<div class=\"temperature-section\">\n<div class=\"temp-icon\">\n          <img decoding=\"async\" src=\"data:image\/svg+xml;base64,PD94bWwgdmVyc2lvbj0iMS4wIiBlbmNvZGluZz0iVVRGLTgiPz4KPHN2ZyBpZD0ia2F0bWFuXzIiIGRhdGEtbmFtZT0ia2F0bWFuIDIiIHhtbG5zPSJodHRwOi8vd3d3LnczLm9yZy8yMDAwL3N2ZyIgdmlld0JveD0iMCAwIDcyLjI3IDE2Ljk4Ij4KICA8ZGVmcz4KICAgIDxzdHlsZT4KICAgICAgLmNscy0xIHsKICAgICAgICBzdHJva2Utd2lkdGg6IC41OXB4OwogICAgICB9CgogICAgICAuY2xzLTEsIC5jbHMtMiwgLmNscy0zLCAuY2xzLTQgewogICAgICAgIGZpbGw6IG5vbmU7CiAgICAgICAgc3Ryb2tlLW1pdGVybGltaXQ6IDMuODY7CiAgICAgIH0KCiAgICAgIC5jbHMtMSwgLmNscy0zLCAuY2xzLTQgewogICAgICAgIHN0cm9rZTogI2E3YTlhYjsKICAgICAgfQoKICAgICAgLmNscy01IHsKICAgICAgICBmaWxsOiAjYTdhOWFiOwogICAgICB9CgogICAgICAuY2xzLTIgewogICAgICAgIHN0cm9rZTogI2ZmZjsKICAgICAgfQoKICAgICAgLmNscy0zIHsKICAgICAgICBzdHJva2Utd2lkdGg6IDIuMDZweDsKICAgICAgfQoKICAgICAgLmNscy00IHsKICAgICAgICBzdHJva2Utd2lkdGg6IC4ycHg7CiAgICAgIH0KICAgIDwvc3R5bGU+CiAgPC9kZWZzPgogIDxnIGlkPSJrYXRtYW5fMSIgZGF0YS1uYW1lPSJrYXRtYW4gMSI+CiAgICA8Zz4KICAgICAgPHBhdGggY2xhc3M9ImNscy0zIiBkPSJNMTEuMzQsMTEuNTdjLS45NCwxLjcxLTIuNzEsMi42Ni00LjgsMi42Ni0zLjA1LDAtNS41MS0yLjQ3LTUuNTEtNS41MlMzLjUsMy4xOSw2LjU1LDMuMTljMS45NCwwLDMuNjUsMSw0LjYzLDIuNTIiLz4KICAgICAgPGNpcmNsZSBjbGFzcz0iY2xzLTUiIGN4PSI2LjU1IiBjeT0iOC42NiIgcj0iMi40Ii8+CiAgICAgIDxjaXJjbGUgY2xhc3M9ImNscy0yIiBjeD0iNi41NSIgY3k9IjguNjYiIHI9IjIuNCIvPgogICAgICA8bGluZSBjbGFzcz0iY2xzLTMiIHgxPSI2OC4zNCIgeTE9IjExLjc2IiB4Mj0iOS45MiIgeTI9IjExLjc2Ii8+CiAgICAgIDxsaW5lIGNsYXNzPSJjbHMtMyIgeDE9IjY4Ljc4IiB5MT0iNS41MSIgeDI9IjkuNzMiIHkyPSI1LjUxIi8+CiAgICAgIDxsaW5lIGNsYXNzPSJjbHMtMyIgeDE9IjU0LjA3IiB5MT0iOC43NSIgeDI9IjguNjQiIHkyPSI4Ljc1Ii8+CiAgICAgIDxwYXRoIGNsYXNzPSJjbHMtMyIgZD0iTTY4LjE1LDUuNTVjMS43MSwwLDMuMDksMS4zOSwzLjA5LDMuMDlzLTEuOTIsMy4wNi0zLjYyLDMuMDYiLz4KICAgICAgPHBhdGggY2xhc3M9ImNscy01IiBkPSJNNTMuOTEsOC43NWMwLS4xNC4xMi0uMjYuMjYtLjI2cy4yNy4xMi4yNy4yNi0uMTIuMjctLjI3LjI3LS4yNi0uMTItLjI2LS4yN1oiLz4KICAgICAgPHBhdGggY2xhc3M9ImNscy0zIiBkPSJNNTMuOTEsOC43NWMwLS4xNC4xMi0uMjYuMjYtLjI2cy4yNy4xMi4yNy4yNi0uMTIuMjctLjI3LjI3LS4yNi0uMTItLjI2LS4yN1oiLz4KICAgICAgPGxpbmUgY2xhc3M9ImNscy0xIiB4MT0iMzYuNDMiIHkxPSIxNi45OCIgeDI9IjM2LjQzIiB5Mj0iMTQuMjQiLz4KICAgICAgPGxpbmUgY2xhc3M9ImNscy0xIiB4MT0iMjguMDUiIHkxPSIxNi45OCIgeDI9IjI4LjA1IiB5Mj0iMTQuMjQiLz4KICAgICAgPGxpbmUgY2xhc3M9ImNscy0xIiB4MT0iMTkuNTkiIHkxPSIxNi45OCIgeDI9IjE5LjU5IiB5Mj0iMTQuMjQiLz4KICAgICAgPGxpbmUgY2xhc3M9ImNscy0xIiB4MT0iNDEuNTciIHkxPSIyLjc0IiB4Mj0iNDEuNTciLz4KICAgICAgPGxpbmUgY2xhc3M9ImNscy0xIiB4MT0iMzMuMjgiIHkxPSIyLjc0IiB4Mj0iMzMuMjgiLz4KICAgICAgPGxpbmUgY2xhc3M9ImNscy0xIiB4MT0iMjQuOTkiIHkxPSIyLjc0IiB4Mj0iMjQuOTkiLz4KICAgICAgPGxpbmUgY2xhc3M9ImNscy0xIiB4MT0iMTYuMDgiIHkxPSIyLjc0IiB4Mj0iMTYuMDgiLz4KICAgICAgPGxpbmUgY2xhc3M9ImNscy0xIiB4MT0iNDQuNjMiIHkxPSIxNi45OCIgeDI9IjQ0LjYzIiB5Mj0iMTQuMjQiLz4KICAgICAgPGxpbmUgY2xhc3M9ImNscy0xIiB4MT0iNDkuNDkiIHkxPSIyLjc0IiB4Mj0iNDkuNDkiLz4KICAgICAgPGxpbmUgY2xhc3M9ImNscy00IiB4MT0iNDAuODgiIHkxPSIxNi45OCIgeDI9IjQwLjg4IiB5Mj0iMTQuMjQiLz4KICAgICAgPGxpbmUgY2xhc3M9ImNscy00IiB4MT0iMzIuMzMiIHkxPSIxNi45OCIgeDI9IjMyLjMzIiB5Mj0iMTQuMjQiLz4KICAgICAgPGxpbmUgY2xhc3M9ImNscy00IiB4MT0iMjMuNzkiIHkxPSIxNi45OCIgeDI9IjIzLjc5IiB5Mj0iMTQuMjQiLz4KICAgICAgPGxpbmUgY2xhc3M9ImNscy00IiB4MT0iMjAuNTkiIHkxPSIyLjc0IiB4Mj0iMjAuNTkiLz4KICAgICAgPGxpbmUgY2xhc3M9ImNscy00IiB4MT0iMjkuMTMiIHkxPSIyLjc0IiB4Mj0iMjkuMTMiLz4KICAgICAgPGxpbmUgY2xhc3M9ImNscy00IiB4MT0iMzcuMTYiIHkxPSIyLjc0IiB4Mj0iMzcuMTYiLz4KICAgICAgPGxpbmUgY2xhc3M9ImNscy00IiB4MT0iNDUuNzEiIHkxPSIyLjc0IiB4Mj0iNDUuNzEiLz4KICAgIDwvZz4KICA8L2c+Cjwvc3ZnPg==\" alt=\"S\u0131cakl\u0131k\" width=\"100\" title=\"\">\n        <\/div>\n<div class=\"temp-values\">\n<div>-40\u00b0C \/ +120\u00b0C<\/div>\n<div>-40\u00b0F \/ +248\u00b0F<\/div>\n<\/p><\/div>\n<\/p><\/div>\n<div class=\"marking-section\">\n<div class=\"detail-row\">\n<div class=\"detail-label\">Image de marque<\/div>\n<div class=\"detail-value\">: Ruban de transfert ou gaufrage<\/div>\n<\/p><\/div>\n<p>                <img decoding=\"async\" src=\"data:image\/png;base64,iVBORw0KGgoAAAANSUhEUgAABf0AAAAvCAYAAABZlGCaAAAACXBIWXMAACE3AAAhNwEzWJ96AAAgAElEQVR4nO3db2wj550f8C9JUX9Xs0aKAg04Sq\/XBDXFJE1cYCk6QK\/paS2\/6aKVT3svYmAVUG\/WwAqQDHSBrIHlAtbhFMASsAK8BU5CZGDzoqusDnGBq+XVNUaLW4r7IhfEppjW96KIKOfeJLVGu6Io8U9fDJ\/RcDhDDof\/htL3AwSxVsPhw+HDR5zf83t+j+f38tdjAO6CiIiIiIiIiIiIiIi6mrfTDSAiIiIiIiIiIiIiouZg0J+IiIiIiIiIiIiI6Jxg0J+IiIiIiIiIiIiI6JzoaeTBXjmAvutvNKstTZNZug+gsn25eAKn8USnmtU0\/dFp9E6Md7oZRBdSZnnlXIwjREREROSMVw7Ac1kCABQPFHguSygeKCik9zvcMiIiIiKV46C\/R5JweetDeCSpme1pChH0943IGJi7dfbvQNcH67xyAIOxO51uBtGFdF4mDomIiIguuoH52bJ7Rbty8QROd57BP3YFALT\/Pt15pt2HEhEREXWa46B\/TyjoyoD\/eTcYe6fTTSC6sDLLK51uAhERERE1ST6ZwtG9BdvH905NwicHWtgiIiIiouZoqLwPtZc\/EmZZn3Mkn0yhqCjwjsjw8ubB9bIbm8zypwvNFwrCK0nIlcYuIiKibldUlLq+3\/VEwgz6ExERUVdoWtC\/3iwJqp+T5afkXsr1N1FUFFxafYBe3jy4Hpdr00U3vPoAXjmAg9evIZ9k0J\/oPPGFguiPTuPF\/O1ON6Vr+CNh+CfGcRTj\/Q8RERE5Iz16iJ5IuNPNqCkXT0C5\/qbp776y93mbW+NMZnnFNK7T7e2vpmlB\/5OPt5kF20J9U5NdMRCQPXldpixXb7hfZnmFG7PRheYLBeGVAygqCvLJVKebQ0RNNnT3DnoiYeTiCWQ3NjvdHNfzygFcWn0fHknC8eo6vyMQERERkeu4qrxPs2ZX\/jDyjaacxy08koSB+dlON6NsNcfQ0mLNkjTZjU2cbGzCNxqs2Hz40GKG0Mg3GkT\/zFnmWV902jJIfhRbQH43Ba8cwNDSYtXznmxtI7u2XjZRJbLc+qYmLc9t1cbeifG6JmVOPt4GwIB\/NygqCo5X1zvdjJr6piZN+65wsrWN47X1in\/3hYIYult7c\/DsxqYWCHLyGEDNYrCST+8js3S\/rsCJR5IwGLuD3olxeCQJhfQ+jmLv4mRru+bjhlffBwA8n79d8ZxeOYBLS4sV7RcGY3fQMxos+714bcbsB3FsZnnFcmJcvHfG56v1ngov7i3UDMR75QAG5me1awWoY3p2Y9O0Xxj5x9TxTVzban0gt5uqKwhmde0E8Vy53ZRlRm3vxDgG5mbhCwUBqK8ts3y\/Zl\/om5pEf3Rae1xRUbTPivGaOu33jfJHwhiYu4WCcojnMzcrft87Ma5maFv0A3F9a\/WTap\/P051nOF5dZ1knG5yOxZ3kj4S17zDdFLxupM\/WOyaKsVx8jgrpfRT29uELqd\/RuUKCiIiIusHTtZ\/g5ONt\/NPoNEKvXe10cxz5m7f\/M4YUBX88N4uR0dFON6du7Wy\/q4L+ZK5\/ZtoVNd\/1NS9Ptp6gPzpd9XizoIlQz6oQrxxAQZddahYoLyqKdpNWa4Lkxfxt04BMPpnCi\/nbOF5bx6X3FrUgEADkd1OWbT6NJ3C8to7+6HTF5IaVk60nAMDVG13gKLbQFYEu74hctT\/1lPYEMQZWvZJkqx+e7jxr6DGiDZbtg\/rZPpi4VlewWP85VTMvH+D5zM2qwd6iosBX2ozeNyJXPJ9Pdy3NxoreiavwyoGy31m9tp7RIHoiYQzAetwT753xetV6T7XjJAn5Kr\/3hYKQHj3UAlv6fx8M3UHf1CSev327akBYtCNXeg3V+kBPJKyVCbET\/K71Gmv1t76pyYqJXl8oiEurD3C8tm45UTC0tFgRnPVIkha0NS6fdNrvG1VQlKrP6wuNlj7fV5ExvIdeOaA9tnhQfRyrOX68Nq6VpSNrTsfiThLlI7tt7xqnfdbJmCjGcv14e3RvAcOPHqrjRZ2T1tT9Cntp5KRh7b990Ruum9AjIiIyOrq3gFeKHvxqL92VQf\/Ezg7GHv01AOAzScLIez\/ucIvq0+72e1t6dmqYVw6gP3qj082oUCuQk0+mmloCQkwwnMYTpjdV+vZUu17GDExfKKjWZNXdOOaTKS0Tvx7Ha+vILK\/UPK5YNoHRfYPsRSKy\/rpJIb2PXDyh\/a8saBEJ28oc7xSPJOFSjVU6Qt\/UZFl2tv51Dsbeqfl4cbxZ0Ej8m35CQU9MwuYsVv+Y6TGMM+00dPeOFtzS9w8RCPOFgjXHIn\/kCoD6JmyHlhYtr2Gz+CPhsoC\/8W9Pf3Ta9Lr7DZ8Fs89Lf\/RGRVCwE\/RtMn0tY+p74xutvNa+ERmA+hlpNCDpC1Wu2iNr3TIW6yeGztveNVZ9thljIqCOh+J97Z+Zbl7DqStkNzZxFFvAUWwBhfQ+PJKEPCd+iIjI5Y5K92fHXZqAKssyPr88jEOY3xu5Xbvb37RMf08p06FZWDdYNTA\/64qgg5FY2my1AsFuoNTupiV9U5NaxvXx6nrFTZwov9I3NVn1eokMHI8kVWQJi9IguWTKcuJgYH62YkNl8aVftK1WoEhkIHvlgCtWcJC1btycPLuxWRG48coBSBs\/hVcOaGVkjKptzGPFyWMA8xJsIuu6JxJWV\/fUuHHWl6I4mLiGoqKgd2Icl0qbzfoj4aoB6txuSnsuIxE89UhSRVuME4T1GJi75SiL1smGPYIvFDwL6BnOI8oj+SPhqucXqyIK6f2K98WsD+hXPQ3MzZqWpGmWvug0APU7w\/OZt7Tr64+EtXrbZtddPK6Q3ocy9YOK9\/jS6vuWq3yc9vtG5JMpbV8FI\/F3rMdkgkW89\/X0VePnU\/QTsQKiW1Y\/dZrTsbjdRHBbfK\/rRvX02WaMiXrHa+sYWlpE78RVbuh7QfkjYQw\/eojsxibvXYmIyPWu\/ff\/hsTODv61LONvv\/kKioqCr64+6Jqs\/4AsY\/jpJ9hPpyGl97H9ta\/DI0l4+aMPEZDlTjevpna3v2lB\/\/7odM1yL0a5eAKHM2+Z3jzmkylXLX3uBGMmottkNzYrAuCCKF\/TTH1TkzheW0d2Y7Ms6K+\/Ua12vfQTSYOxOxUZqKI0iMjWqaddPjmgLSHPbmxW\/SyI8hjM8ne3k63zszl5oVQvf2hp0bUlpY5iC9rn1x8J1wyG+UrBT33N5pOtbW0ystZEtBgLfCZBVH3w1Fj+R8vyd9A37E5oNJM+oGcMYhUVBS\/mb9cc78Q57I7rx2vr8FxWg+2iXnYrgsQeSdLKvWWWyvdMOI0ncBRb0Pq8sQ3icUexdyvej9N4Al9Gvu+qwHZutxT0Hyn\/Iqj2dUn7byPxb42UHCoqiuHzeaXmXglkzo1jsfgsuGEColmq9dlmjIl6J1vbGMJZIke3TpxQ47ivAxERdYvw2BjiP3uM7x4cAvAglUwBXRL0BwBJkiCNjuJ\/rq3jlaIHODjE5+l0VwT9gfa2v6PlfURdUzJnFVB3i+yjx6b\/nrMowdMosXRabLQoiOx9\/RJ1M7VKJAhOsu97IuGyDSSrEW13yw0\/mTuKvdvpJjSV2wMRRUU5qxc\/Yv+PnXGD7ZOtJ8jFEzWDNuJ6GD+HIrtfMP5etK3eJfwigNypTdlPd6wnKWoFt0X5mHomOvSbX5tloDeD\/rxmAUv93wmrNpzGzYPhbgr4A2f9VbwXgvF1Gf+2iUmtwl66oefXfz59oe7bLMtN7IzFXjlQd2ksp6sHxRhXbYzoRrX6bCNjotXzdOMScyIiIrqYQq9dxaev\/yl+\/eoVfG1iHImdHaR2dzvdrLr8i+g0fv3qFXz6+p9ClmUkdnawn27svqed2tF+x5n++QZvIAWr4I7YZMuJ87BCQJS5cLNCel8rOaDXqmwxfcmOk43H6J0YL5sA6FQwTegZDdZcHp9PprSbSU54uVdmecX1QXJSGTP67ZZX0GeF67MzjUFUY510EXStdwn\/8doHGJi71bENHxspE6cFBS0C5GbEyipfKAjfaLAlq2ZEgLOQ3jcN0olgXE8kbNkGjzTsugC\/mVw8AczdqvjOZAxmGl+ntgFzHftPUOf0ToxjMPaO1reLioLjtQ9MS818Ze9zAGppG\/2m1NVW0RpZ7YtyETSzdKYoF+cLBYGNpp2W2qTevuAfu8IxlYiIup4kSfiTv\/ovAIC\/W76P4NIKDgGktn6O4Gh3JPmMjI5i5L\/+FADwyZ\/\/AN9++gx\/f3kYgc9+2eGW2dOO9jsO+hfS+3g+c7Pukj4eSbKVveSRJNcHvVvFI0kdD2DX0jsxjpOtbbXUTqi8vv7ZEurxppcA6ItOq0H\/UhmP09LGa\/oyD1Z8hqzQZq+ksJOdLDLLGg34Zzc2UUjvo29qsmpmn93j6IzYm+G8EcFrJ2Vp2kULQB3YD8L2RMKOxxkRlO4JBXFiyPzPLK9gYO5WxSSAlulf5w1\/Lp5AbuwKeiJhDMzPtr0MQO\/EOI4clNkRY5V+wtIucbzncmv2pRHvhZ0sdqs29F1\/oys2L82VArKinI+4tmISSvRX\/d85\/Zh\/0QK69RDft2r1g76pSXhHZGQfPW5o0s5qLO6bmizblBqAtidFtfaJ2vWCWs7K3mSWWAnSaP\/wR8LoiYSRiyeqTvDZPc4rB9B3\/Q0U9tItSyRxOiaa0TaGN9lMm9wtF09gYO5WXWXofKEgS5wREdG5ki9llw8D+McuSIgyI+4JuyGhy0yr2t9QTf+Tre26v\/SIzY7IWv\/MtOsDtP6Jq2dBf119\/ZOtbRQVpbQ0fRRo8pfi3olxLSv3ZOuJdjMo6kZXo9+UM7N0H\/nkLnqn3mhrxv1pk0r7nGxs4jSegH\/sStW+Yvc4OnPeNqkUE2ID82rgyK11m\/uj09pn2E6ZidOdZ6UScc43T8yn99VMdN1YJQJy+eSuNikgggH60j85B0GyzPIKhkt7tbQr2\/9k64kW0Li89SEyS\/e1cdoOMVadfHy+AhwnW9vq52LuFrxyAMdr664OjBcVReuDPaGzbH4R5M8+eqxOUumCjj02S87ZoU\/EyCe7a9lvLbWC6oJYgem0hGGtsTi3myq9z4dn321eG4cvFMTA3K2y\/Uv0+qPT6qTibgq9E1dxWkf7xEqRgnJY9+vR64mEMTB3CxmgajDf7nG+ERkDc7eQiycc\/82y6rONjolmuDKwe4m\/5b0T47b6mr+0R8x5K4dFRETukfz4Cb5MpvC1iXGMjI7i6dpPUFQO8a3oNADg07V1eKRhvBr9IfZ2d\/HbrW28FAoi9NrVip\/tnutfzs0iJcvwSMMYkST83fJ97RxO1NNmYxvref376TT+78YmvCMBfGP1AVJb2\/hqKFhxDre2X5yr2e3Xa9pGvtQcXjmA\/uiNTjejJn2GlAieAMDJxuPS7+0NDi\/uLcBrEazvnZo03ZhXZGYer65rN1p2V5wMxt7B85mbalt1k1b+SBj+iXH0TU02dcm3XlFRtJtc\/9jFXMXidvlkyrVBcbsG5m5ZrmIRG2GbqVZSLbuxafo4J48BUPEY\/QowUTasFhG40Zf9qld+NwVMjJeV8BGB0lwypW2eKoKsPbo2OgkQiWCcVw6gf2ba9mRF39RkRS134cW9harXK59MaSVuvHIAQ0uLGMJZX89ubFZ9LWKsascKEau+1IoxObu2rv3d6iv9rRF\/z8RkqRWn\/b5R+WSqrFSRyPovpPe1\/+kz\/UVAt9EyFB5JKstAr6fM00VW71icT6ZwMHGtLIB8vLqOl+K\/gEeSLDdQPtna1r7XZJZWHLW13pVLbletzzY6JlZzUVcod7OiomgJTHYmfwbv3kEunnD1JDEREXW3383cxCtFD369k8AXc7fwcuwvAACfQs3I\/+ajvwYAJEJBZJZX8O2nz\/A7APvxX+DzmZv4zt4X+PvLwwh9dlU71682HuOLpcWyc3mkYQRL3x1\/A+B7c+rq1\/\/x6p\/gO3tf4JeeIkK\/\/Ye625\/Y2Sl7HgDa8yRCQbyYv112fn0bvY9+CkTfQhCoeP2\/Sqfhk+Wycx2vreNbH\/0tDgE83\/o5vjc3i\/10Gl9Gvq+dQ5TPaXf7P93dxRfR6ba338i1Qf98MoWje86yN7vZwPxsy4LOzSQy1rIbmzjdelJRX79vatJWZmg+mULe4ndWN0\/GLFm\/bhPdWnonxjG0tFhRWuO0tNQ8s7RSsVS+WcRNp5MN+gA1S9g3GqxYmVBI7yO7sallBNo9jiqd5zGn1oRGtZJqpzvmQT4njwGqB0YOS8GrajyShEvvnQV0hpYWcTBxrexmXQRlq+3xIuqkixIXIpO\/qChnkw9TantP4wltcqCRTVEzS\/e1+tuZpRVbwaVqG3R6JclyDBUOZ96C9OihISAcxGDoDgbmb+EotmDaN\/STMa2oyW\/UzoDZaTyBF\/O3ywKDHknSJgCq1UV32u8bbnNpdYt3RO0L+gkq8f+9ukkwrb\/WmYUsasWbaSQg6iZDS4umqzt8oSD6o9Pad4SB+Vnkk7sVwXZRfuZk60ndwb9qY7HxvVKTBZ6hd2LccvVkdm297Ph2Ed+TjNdGX24xu7Fp+zhfKIjeiavIPnpc8Vzi9Vutxqi3zzodE620Y3yk1jmKLaB3YhzSo4c4nLlpOmZ65YC638ZIAMr19pbnIyKii8UjScDBITzSMCRJwiHUsjseaRg+WS1vegi1Jv9xaX+755fVDH3viAzsfaHteyfO5R2RK87luaz+DJSXQj07h7O4pPF5BNHmjOH8+jYOSxLSl4fVn+VA2bl8pZUI+nP9vnSO33mKGCn9t\/4cxv3\/2tl+jyR1pP1Grg3667OiLwp\/qexDt\/BPXEV2YxMnW9sY1AX8taB2i8pBeOUA+qYmz5a\/13nN+qYmtf0GTreeIKfbfLeoKHgxfxs+OdD0ANTp1hMA6vvshFjarwYl1eFZn+XrkYbhCwVtH0flTra2z8WYk4snKgKPYhJIevQQyvU3XZmhVkjv43Dmpq22DcbuVNQuF4EaQA3e2Pn8ig3pxbmM5VBE9qsInopgayOB3ezGJgbmZ7Vs\/3bUky8qCg5ev4beiXH0RMLwj51NlIqM2NxuquLaayu4zmnt4mwpo7934qp6XSJXtC9vPZEwhpYWtQxqNxCTTaKEj8jkF\/1Uv3LlNJ7QJrOatUojn0w5LqXlJr5QUJvc0ff5yx99qH0uxIRAf\/SGtppCfOkevHs2\/hQPrDfAbdZYLN5XK05KjTWDf+KquvFwqSQRoH6\/EtdMlIC0fdxYWFsdIa6LLxTES\/FPtMnYesdLqz7rdEyk86moKFCuv4lL7y3ipfgnyCdTON1J4Ci2UOqr0\/CFgiik9137HYqIiM6Plz\/6EJ+n0\/ju6CgkSUJq6+f4R0XBq2NjAIBE5AokSUJwdBSB936MVHQXsqwG9V\/5qwdI7e7iX5UmB8S5XrE4V6p0XyFD3UjWNxrUzvGyXHvPSjPB0dHKNoeCZ202nN\/YRrn083cMbf6eybmC7\/0YialJjMgy\/hBP4POf3cY\/+bNJ7RzfdVAap9vbb+TaoP9F1OyNZVtN1NHXl0QA1PI7dkmPHjoKrosJBwCOJkr0GZ2AemOoX25\/vLaOS80O+ovSPjZLH+kVFUVbWaHPQBI3HmomsGz7OKp0FHu3001oitOdZ6aBkYH52VJAZdY0kJmLJ6pmxZtx8hgA+MPIN7T\/Hozd0cpz2bmRFp9d4CyDsz86rdW1Ptna1kqG1TqfKNMjMtrFWCQCdeIzKyYDenT1\/hshsv37ozdsbRqdWV5pyuSAvqSZyFQWf3f02c2CuB7t2vxZ3y\/0WrkXUCG9j+O1daCULa3W+Z8tZR2f7SGj57TfA2efQzO13mdRpkcEJ0XJJ\/H+aCtXQsGy4+oNCpu93ydb2+p1OidEeRdjprf4HQAtIN03NVm20kZfiqyQtl71U+9Y7JEk9M9MVzxfLZ1aeZHfTaFYmigTk2Wi3UVFKZuMsnNcIZ3Wyp\/pA\/DiMSdb25abrTrts\/WOiXR+5ZMpHLx+Df7SvhM92mS\/rGZCXn\/zXCSGEBGR+wVkGQFdzCZoCPyGS8FjQM0Wr\/ZzrXOJnz\/58x\/g20+fAU+fITUxXnYOJ+pps7GN9bx+\/c+pt\/8dXil68Mt4At\/67T+UneOitV+vZtDfqm6tU3aXiFSrmVuL1c14tbrIteR2W5vhJjaI6zZ9U5M4XlsvWybfjtUK3iYsc9HzhYJamQexeqGZ8rrVBP5I\/X1QZJ4Nxu6ULTv3SBKGV98v6zt2j6MzmeWVc78Rn9jos50bV9txvLqO\/qi6eblYgVONCMCLVTkAtCzNoaVFnEa+r2Xk2gmGaXXS5YCW0a8PIOk38xWBqHyDfcWY7d8JYkNzQJ1wNluB5NcmQS5OoENd8fNMV0c97Jp9Ps5Wa0mmpZdEcL9nNHiWiV7aALgeTic0ukU+mYJy\/U145QCGVx+cfa6TqYrSHi\/mb+MotlBW9q+oKHg+85bjAKDVWNyq0oKtklm6j8zSffRHpzEYu6P9+1FsoSzYbvc4EYD3R8K4tPq+dr+Q3djEUWyhaj9uRp+1MyZacbqCk9zntDQhqL9fLOylGfAnIqJzKbWrJrP5x8L43dNn+PzyJfz7JmSXt1NiZweyLCMTUV9Dpsu+l7W6\/TWD\/p0KElarmetUtbrIneSRJAzMz3a6GY6IoL9+KbYbr7Fd+rJB9apW51sEzfyRcEN7NogyA4LVTbDd40i9Nnayrbudvj843fi2FQrpfS3rtnfqDdsTbvos\/udv34b06KE2OSayb+1sYCrqpPtCo2flUHTnFpv56ku\/NGNpv762fyeDyiI73Dhui7+XRcW6fEkt4noVD1oz\/ogVF94R6ywIJ20Qr1mtn9\/clVGFvbTlygk7e0WIz4roj\/r3RuxF4QsFtb7MMhTWisqhVrILUMt3ifIz5ccp2vUEGt9Y2mwsFmULATX4rd9Y1z92peXfxRv53qavAWv2c73HAeXX2Fcah9rFaky0\/VgiIiKiLpD8+AkuRd8CAHy5\/Jd4Kf4L\/Mcuqwrxv+69i9DqB\/g\/niJeefoJAOA\/dNFraEf7vU09W52KimK6YddF0z8z3bWBcmOQv5uy1JpNBFHN3svTUiDT32CWtag7r24opmbMvTDZfNbucYSaGYTUetr+HKVyKvXKJ1PILK1o5xDlguwEYESg1VfKjhYlf\/TnBlDXOe0QJbj0wT436S2VIXO66qlsZYSNyRcnRIDWKwdMA7HtaEO9shubUK6\/afo\/O5M\/YpVJ75RaRs84sZUz9NdWbizc7Qbmb5XVlFcTMCpLL4m674X0vrbic\/DunYrjGuErTS7lkyk8n7mpZcdnlu639D0UE2c+h99BvXIA\/dEbAKCVKuqP3jCdRLRzHHB2bY9iCyik99UJYZetUDPq1u\/wREREdHEd7KUxDHWT2eKB0rRyMu0kkv2+WvRAUbrvNbSj\/R0L+ouauOe9pEYt+huhbqWv4d\/roF59O9UK8Iqb63oz+U62trW+bMzI029K7R9rLFsvs6wuPR+MvaNtLJZPpioCc3aPu+jyyZRrSne0mj5okreRUdxOJ1vb2ufS7p4gxs2oj9fWy\/q3+rmrHSwTQVNxfYz1z\/OGOuqNlvbRE32vlQGjWpMKYrwyZoQ3Ws9fX7aoVRuN6lermJVJ0r9uYxv6o9OW43zZZEGD+zc0m3ifRH81vm\/G\/mpn9cBF5JEk9EenUVQUHMXeRWbpvrY\/iLFfDMypKzGPYu9qKxvFng9OVBuL2z0BLSbOjOOpXf0z6vUS4+\/x2rq2N4GT43onxrXvK8dr69peO+I9aAanY2LVc5YmbeysLiMiIiLqpN2dBJ6u\/QT\/fOIqkjM3kJy5gW9O2d+X0w3iP3uM+M8e44\/nZvHZ9f+E\/diPKmrnu1k721+zvI\/Vxnqt0OznOo0n2tp+JwbmZxteKt5pfVOTyCzdhz8SdnW2k9h74HQngYG52Yob9uO1da2eq92b+aKiILuxqWUZeySp4rEi8KjfnM6pS+8tIrN8X3uOobt3kN3YrHhOu8dddEcXZPWDPxLGYOwdAGLzSXdNtorNwMXm2lU3M9XVNRd7VwjZtXWtjxeVQ9s1\/ct+NgRtTnWbepod3wh1P4MbLf0bcGlpUStTc7y6XnZN\/JGwNulsDFaJvUfqLQMlAnliM0z9hE4rZDc20Tc1iYG5WyjspctWjYisbWMb1M+DWj\/96N5C2WsU\/Uq8J62asHDK2D+NP4vSJFr7TYKQvlAQXklCLplq+L1p5rnaSewJ4h2RtfHweO0DFPbSFa\/j+du3MTA3q00qHt1bQO\/UpKNJ9FpjsVk5qVZ+r9KPb2abVteSWVpBz2hQ+w5k\/Lne48Sqi5PS51jU+ReJDM3gdEysRtR\/L+y5628rERERkV5qdxdDU2\/inwH4bDeFf\/vejzvdpLo9XfsJXo79BQDgfy\/\/Zde9hna3v2bQn1rHHwm7sqxDvbxyAF\/Z+9zRY2ttvuaPhDHcpM2kRYkdsXzeI0napqDGgIUojWAklttb0QeLzp73CYDmbPTmCwVxafWB9nNPJGxa69fucReZKIF03gzM3dICrmasVjb0RMJVP8eZ5ZWKvu\/kMVZOSsHbWhv6FhVFq2veH52GfyysfXb1fdwrBzAwP2vr+UXmLmCe2a7\/fTPLxBQVBcdrH1R9v4Da7+nh9TdN+7I+Y12cI18a67wjclkwUX+dxMbFdiaIqvUBkUXdSsdr69rf0aGlRW1Ddr2sbrNQ4Kyf+EJBDD96WLZvgb4PiRJMRs3s9\/UyTkIY3\/eKlSomkxZDd++gJxK27Df1aOa52s04Flq9Z+I7g3AaT9h6rfWMxeJ988oBSI8eaqsO21H+S4xvTjatLipK2fc448\/1HgdA26Bd0F\/7RjkdE2sR48ZF2vT8PPOPXSkrq9XtyVlERER0cXW0pv9FVyvQQ811afX9skx3UX6elQMAAAUASURBVHbnNJ4oC\/gPLS06ysgXmaNGWmkfl5c+umhaHYx0I3VVSmuCkY06jSe0AGutz8qLe2dlunyhYNmkllg1AKhjrJ3JNn1Gp1lmd63fN8KYadpMIrCmD1yL66UPbr2Yv112zFk9\/ycNPbfxvK2QT6YqgoR6L+ZvVwRoM0v3caybCPBIUsXEaD6ZKltF4hZis17APKBf6\/fkDsaxWJ0AXAegBpBFQLpvarLlKyhEoPoifEdxOiZWI773FdL7\/MydE75QUNv8PRdPaBPhRERE3S44Oorna+8jNX8L37n7Tqeb48ir0R\/iN7Ef4TexHyHyZ91Vlghof\/trZvpLTcqyPg9qZaXXo29qsusyrz2SVFe2ulcOwB8JwzdaGUC3ex6zxzppi3jMpdUHyMUTyG5sIreb0m7QfKEgekaDGJifNV1Kb9UOQL1BFxnKRvlk6iyQWSqXQZ2XWV5xXYmbRhX20pb11wvKIU63nphmcRZKmfN2zt\/IY4Da9eGPV9XyPLU2lcwnUziYuIaBebVMl0eS1D0rPt7WguiXVh\/AKw2jd2qyZlZuLp6ATw4gb9jE1\/j7QpWSQVavTUwYFCweV1QUZJZW0DsxXnG9qr2nZcdVCQqKa9U3NaltSAqoAarTeEKrUa4nSlVUe+5qfUCU6LAbrKz1GsVzWZXbEBn5fdFpbWL3ZGsb2bV1y\/f+KLaA061t9E5NlpWmy8UTWs1xq3bU0uo6+idbT9AzGrRcDSN+b7UBrFWfdLJ\/Q63+fRE5HYvVPYcO0fvauLapeHZjE4W9NPqmJuseT+3KbmyiPzqtbaTeTX8bnVwDJ2MiYN3XRdC\/kUlScg\/xnUK8n2IlcP\/MtGuTJoiIiOoReu0q8Fp3J3u8Gv1hp5vQkHa23\/N7+esxAHetDnBatuU8atb+AB5JwuWtD11d\/56aQ92IbqGpZYqoMUVFwZeR73dV\/WmidhJ\/9\/9f6N\/wc0J0AVz+6EP4QkFkNzarrpyhcr5QEJc\/+hAAcPD6NWb6dzlfKKiW14o\/KysrNTA\/i\/7oDTyfect0Ill8x3f7PnJEROROfVOTpvs6uY1+\/zSjgfnZNrfGmZxFmc5ub381rOnfAf0z0wz4XxBiHwE\/N9B1DTWbkoFMIjMiUz7fZRuzEpFzx2vrGFpa1DZS76Zs\/04aunsHgHoDxoB\/dxqYny0rt5qLJyomvjJL9+EbDZYl77Ry7xYiIrpY6t1TyY26\/W9it7e\/Ggb928wjSeiP3uh0M6gNxJ4BAOAf665STueVKJdAROZEqYuTj81LxxDR+ZPd2NTKG\/Zdf+Nc3\/g0i9gLBFADwNSdso8ea2WiCrpN3Y2ez9yELxSEt1TbP68rt5XfS7MPEBERkSvVDPpzqWJz9YSCOF77oNPNoDbQ1989+XgbYBCt41hzl6g2ta49PytEF8mL+dsYmLvFgL9NYrPynki47mXW5B6F9L7tlS35ZAp5i3Pwc0NERERuVLOmPxERERERERERERERdQdvpxtARERERERERERERETNwaA\/EREREREREREREdE5waA\/EREREREREREREdE54fm9\/PU\/AvBHHW4HEREREREREREREREREREREREREREREREREREREREREREREREREREREREREREREREREREREREREREREREREREREREREREREREREREREREREREREREREREREREREREREXWH\/w+Wxuh37kntcgAAAABJRU5ErkJggg==\" alt=\"Markalama G\u00f6rseli\" class=\"marking-image\" title=\"\">\n              <\/div>\n<div>\n<table cellpadding=\"0\" cellspacing=\"0\" style=\"width: 100%\">\n<tr>\n<td style=\"width: 120px;font-weight: bold;\">\n            Norme\n          <\/td>\n<td style=\"width: 400px;text-align: left;\">\n                    R\u00c9POND AUX EXIGENCES DE LA FDA ET DE L'EUROPE<br \/>\n                    ISO 1307\n                    <\/td>\n<td style=\"width: 120px;font-weight: bold\">\n            Couleur\n          <\/td>\n<td style=\"width: 400px;\">\n<div class = \"color-icons\">\n                                                            <img decoding=\"async\" src=\"data:image\/svg+xml;base64,PHN2ZyB2aWV3Qm94PSIwIDAgMTAwIDEwMCIgeG1sbnM9Imh0dHA6Ly93d3cudzMub3JnLzIwMDAvc3ZnIj4KICA8Y2lyY2xlIGN4PSI1MCIgY3k9IjUwIiByPSI0OSIgZmlsbD0iIzAwMDAwMCIgc3Ryb2tlPSJibGFjayIgc3Ryb2tlLXdpZHRoPSIwLjUiLz4KICA8Y2lyY2xlIGN4PSI1MCIgY3k9IjUwIiByPSIzOCIgZmlsbD0id2hpdGUiIHN0cm9rZT0iYmxhY2siIHN0cm9rZS13aWR0aD0iMC41Ii8+CiAgPGNpcmNsZSBjeD0iNTAiIGN5PSI1MCIgcj0iMzMiIGZpbGw9IiNGRkZGRkYiIHN0cm9rZT0iYmxhY2siIHN0cm9rZS13aWR0aD0iMC41Ii8+CiAgPGNpcmNsZSBjeD0iNTAiIGN5PSI1MCIgcj0iMjIiIGZpbGw9IndoaXRlIiBzdHJva2U9ImJsYWNrIiBzdHJva2Utd2lkdGg9IjAuNSIvPgo8L3N2Zz4=\" alt=\"\" title=\"\"><br \/>\n                                  <img decoding=\"async\" src=\"data:image\/svg+xml;base64,PHN2ZyB2aWV3Qm94PSIwIDAgMTAwIDEwMCIgeG1sbnM9Imh0dHA6Ly93d3cudzMub3JnLzIwMDAvc3ZnIj4KICA8Y2lyY2xlIGN4PSI1MCIgY3k9IjUwIiByPSI0OSIgZmlsbD0iI0U4M0YzRiIgc3Ryb2tlPSJibGFjayIgc3Ryb2tlLXdpZHRoPSIwLjUiLz4KICA8Y2lyY2xlIGN4PSI1MCIgY3k9IjUwIiByPSIzOCIgZmlsbD0id2hpdGUiIHN0cm9rZT0iYmxhY2siIHN0cm9rZS13aWR0aD0iMC41Ii8+CiAgPGNpcmNsZSBjeD0iNTAiIGN5PSI1MCIgcj0iMzMiIGZpbGw9IiNGRkZGRkYiIHN0cm9rZT0iYmxhY2siIHN0cm9rZS13aWR0aD0iMC41Ii8+CiAgPGNpcmNsZSBjeD0iNTAiIGN5PSI1MCIgcj0iMjIiIGZpbGw9IndoaXRlIiBzdHJva2U9ImJsYWNrIiBzdHJva2Utd2lkdGg9IjAuNSIvPgo8L3N2Zz4=\" alt=\"\" title=\"\"><br \/>\n                                  <img decoding=\"async\" src=\"data:image\/svg+xml;base64,PHN2ZyB2aWV3Qm94PSIwIDAgMTAwIDEwMCIgeG1sbnM9Imh0dHA6Ly93d3cudzMub3JnLzIwMDAvc3ZnIj4KICA8Y2lyY2xlIGN4PSI1MCIgY3k9IjUwIiByPSI0OSIgZmlsbD0iIzQ2QTZEOCIgc3Ryb2tlPSJibGFjayIgc3Ryb2tlLXdpZHRoPSIwLjUiLz4KICA8Y2lyY2xlIGN4PSI1MCIgY3k9IjUwIiByPSIzOCIgZmlsbD0id2hpdGUiIHN0cm9rZT0iYmxhY2siIHN0cm9rZS13aWR0aD0iMC41Ii8+CiAgPGNpcmNsZSBjeD0iNTAiIGN5PSI1MCIgcj0iMzMiIGZpbGw9IiNGRkZGRkYiIHN0cm9rZT0iYmxhY2siIHN0cm9rZS13aWR0aD0iMC41Ii8+CiAgPGNpcmNsZSBjeD0iNTAiIGN5PSI1MCIgcj0iMjIiIGZpbGw9IndoaXRlIiBzdHJva2U9ImJsYWNrIiBzdHJva2Utd2lkdGg9IjAuNSIvPgo8L3N2Zz4=\" alt=\"\" title=\"\">\n                                                      <\/div>\n<\/td>\n<\/tr>\n<\/table><\/div>\n<\/p><\/div>\n<\/p><\/div>","protected":false},"excerpt":{"rendered":"<p>\u00dcr\u00fcn Ad\u0131: MEY SD\/6 \u00dcr\u00fcn Kodu: FSDBW801 Bira ve \u015earap Al\u0131c\u0131\/Verici Kullanim Alan\u0131 : \u015earap, lik\u00f6r, bira, meyve sular\u0131, maden suyu vb. i\u00e7eceklerin emi\u015f ve transferi i\u00e7in. Alt Katman : Beyaz Renk, Toksik Olmayan, Tat ve Koku \u0130\u00e7ermeyen, EPDM Kau\u00e7uk. Takviye Katman\u0131 : Y\u00fcksek \u00c7ekme Sentetik T\u00fcl ve \u00c7elik Tel Spriral. \u00dcst Katman : Hava, [&#8230;]\n","protected":false},"featured_media":22530,"comment_status":"open","ping_status":"closed","template":"","meta":{"jetpack_post_was_ever_published":false},"product_brand":[],"product_cat":[2361],"product_tag":[],"class_list":{"0":"post-21476","1":"product","2":"type-product","3":"status-publish","4":"has-post-thumbnail","6":"product_cat-sel_gida_hortumlari","8":"first","9":"instock","10":"taxable","11":"shipping-taxable","12":"product-type-simple"},"jetpack-related-posts":[],"jetpack_sharing_enabled":true,"jetpack_likes_enabled":true,"_links":{"self":[{"href":"https:\/\/tuzlahortum.com.tr\/fr\/wp-json\/wp\/v2\/product\/21476","targetHints":{"allow":["GET"]}}],"collection":[{"href":"https:\/\/tuzlahortum.com.tr\/fr\/wp-json\/wp\/v2\/product"}],"about":[{"href":"https:\/\/tuzlahortum.com.tr\/fr\/wp-json\/wp\/v2\/types\/product"}],"replies":[{"embeddable":true,"href":"https:\/\/tuzlahortum.com.tr\/fr\/wp-json\/wp\/v2\/comments?post=21476"}],"wp:featuredmedia":[{"embeddable":true,"href":"https:\/\/tuzlahortum.com.tr\/fr\/wp-json\/wp\/v2\/media\/22530"}],"wp:attachment":[{"href":"https:\/\/tuzlahortum.com.tr\/fr\/wp-json\/wp\/v2\/media?parent=21476"}],"wp:term":[{"taxonomy":"product_brand","embeddable":true,"href":"https:\/\/tuzlahortum.com.tr\/fr\/wp-json\/wp\/v2\/product_brand?post=21476"},{"taxonomy":"product_cat","embeddable":true,"href":"https:\/\/tuzlahortum.com.tr\/fr\/wp-json\/wp\/v2\/product_cat?post=21476"},{"taxonomy":"product_tag","embeddable":true,"href":"https:\/\/tuzlahortum.com.tr\/fr\/wp-json\/wp\/v2\/product_tag?post=21476"}],"curies":[{"name":"wp","href":"https:\/\/api.w.org\/{rel}","templated":true}]}}