{"id":21464,"date":"2025-08-11T11:02:55","date_gmt":"2025-08-11T08:02:55","guid":{"rendered":"https:\/\/tuzlahortum.com.tr\/urun\/mitank-sd-6\/"},"modified":"2025-08-20T15:47:21","modified_gmt":"2025-08-20T12:47:21","slug":"mitank-sd-6","status":"publish","type":"product","link":"https:\/\/tuzlahortum.com.tr\/fr\/produit\/mitank-sd-6\/","title":{"rendered":"MITANK SD\/6"},"content":{"rendered":"<p>&nbsp;<\/p>\n<div class=\"report-container\">\n<div class=\"report-header\">\n<div class=\"standard-text\">Nom du produit : MITANK SD\/6<\/div>\n<div class=\"standard-text\">Code produit : MT871<\/div>\n<\/div>\n<div class=\"product-image-container\">\n<div class=\"key-feature\">Allaitement et distribution<\/div>\n<\/div>\n<div class=\"horizontal-line\"><\/div>\n<div class=\"product-details\">\n<div class=\"detail-row\">\n<div class=\"detail-label\">Domaine d&#039;utilisation<\/div>\n<div class=\"detail-value\">: Aspiration et \u00e9vacuation du lait pour utilisation dans un camion-citerne ou un wagon-citerne.<\/div>\n<\/div>\n<div class=\"detail-row\">\n<div class=\"detail-label\">Substrat<\/div>\n<div class=\"detail-value\">: Blanc, non toxique, sans saveur ni odeur, r\u00e9sistant aux huiles v\u00e9g\u00e9tales, caoutchouc NBR de qualit\u00e9 alimentaire.<\/div>\n<\/div>\n<div class=\"detail-row\">\n<div class=\"detail-label\">Couche de renforcement<\/div>\n<div class=\"detail-value\">: Textile synth\u00e9tique \u00e0 haute r\u00e9sistance et spirale en fil d'acier.<\/div>\n<\/div>\n<div class=\"detail-row\">\n<div class=\"detail-label\">Couche sup\u00e9rieure<\/div>\n<div class=\"detail-value\">: R\u00e9sistant \u00e0 l'huile, aux intemp\u00e9ries, \u00e0 l'ozone et \u00e0 l'abrasion, caoutchouc synth\u00e9tique sp\u00e9cial.<\/div>\n<\/div>\n<\/div>\n<div class=\"datasheet_table\"><img decoding=\"async\" class=\"alignnone size-full\" src=\"https:\/\/tuzlahortum.com.tr\/wp-content\/uploads\/2025\/08\/datasheet256.svg\" alt=\"\" title=\"\"><\/div>\n<div class=\"table-notes\">St\u00e9rilisation : Vapeur \u00e0 120\u00b0C pendant 15 minutes maximum, soude caustique (%5) \u00e0 50\u00b0C pendant 15 minutes maximum.<\/div>\n<div class=\"horizontal-line\"><\/div>\n<div class=\"footer\">\n<div class=\"standards-section\">\n<div class=\"standard-item\" style=\"margin-top: 9px;\"><\/div>\n<div class=\"standard-info\"><\/div>\n<\/div>\n<div class=\"temperature-section\">\n<div class=\"temp-icon\"><img decoding=\"async\" src=\"data:image\/svg+xml;base64,PD94bWwgdmVyc2lvbj0iMS4wIiBlbmNvZGluZz0iVVRGLTgiPz4KPHN2ZyBpZD0ia2F0bWFuXzIiIGRhdGEtbmFtZT0ia2F0bWFuIDIiIHhtbG5zPSJodHRwOi8vd3d3LnczLm9yZy8yMDAwL3N2ZyIgdmlld0JveD0iMCAwIDcyLjI3IDE2Ljk4Ij4KICA8ZGVmcz4KICAgIDxzdHlsZT4KICAgICAgLmNscy0xIHsKICAgICAgICBzdHJva2Utd2lkdGg6IC41OXB4OwogICAgICB9CgogICAgICAuY2xzLTEsIC5jbHMtMiwgLmNscy0zLCAuY2xzLTQgewogICAgICAgIGZpbGw6IG5vbmU7CiAgICAgICAgc3Ryb2tlLW1pdGVybGltaXQ6IDMuODY7CiAgICAgIH0KCiAgICAgIC5jbHMtMSwgLmNscy0zLCAuY2xzLTQgewogICAgICAgIHN0cm9rZTogI2E3YTlhYjsKICAgICAgfQoKICAgICAgLmNscy01IHsKICAgICAgICBmaWxsOiAjYTdhOWFiOwogICAgICB9CgogICAgICAuY2xzLTIgewogICAgICAgIHN0cm9rZTogI2ZmZjsKICAgICAgfQoKICAgICAgLmNscy0zIHsKICAgICAgICBzdHJva2Utd2lkdGg6IDIuMDZweDsKICAgICAgfQoKICAgICAgLmNscy00IHsKICAgICAgICBzdHJva2Utd2lkdGg6IC4ycHg7CiAgICAgIH0KICAgIDwvc3R5bGU+CiAgPC9kZWZzPgogIDxnIGlkPSJrYXRtYW5fMSIgZGF0YS1uYW1lPSJrYXRtYW4gMSI+CiAgICA8Zz4KICAgICAgPHBhdGggY2xhc3M9ImNscy0zIiBkPSJNMTEuMzQsMTEuNTdjLS45NCwxLjcxLTIuNzEsMi42Ni00LjgsMi42Ni0zLjA1LDAtNS41MS0yLjQ3LTUuNTEtNS41MlMzLjUsMy4xOSw2LjU1LDMuMTljMS45NCwwLDMuNjUsMSw0LjYzLDIuNTIiLz4KICAgICAgPGNpcmNsZSBjbGFzcz0iY2xzLTUiIGN4PSI2LjU1IiBjeT0iOC42NiIgcj0iMi40Ii8+CiAgICAgIDxjaXJjbGUgY2xhc3M9ImNscy0yIiBjeD0iNi41NSIgY3k9IjguNjYiIHI9IjIuNCIvPgogICAgICA8bGluZSBjbGFzcz0iY2xzLTMiIHgxPSI2OC4zNCIgeTE9IjExLjc2IiB4Mj0iOS45MiIgeTI9IjExLjc2Ii8+CiAgICAgIDxsaW5lIGNsYXNzPSJjbHMtMyIgeDE9IjY4Ljc4IiB5MT0iNS41MSIgeDI9IjkuNzMiIHkyPSI1LjUxIi8+CiAgICAgIDxsaW5lIGNsYXNzPSJjbHMtMyIgeDE9IjU0LjA3IiB5MT0iOC43NSIgeDI9IjguNjQiIHkyPSI4Ljc1Ii8+CiAgICAgIDxwYXRoIGNsYXNzPSJjbHMtMyIgZD0iTTY4LjE1LDUuNTVjMS43MSwwLDMuMDksMS4zOSwzLjA5LDMuMDlzLTEuOTIsMy4wNi0zLjYyLDMuMDYiLz4KICAgICAgPHBhdGggY2xhc3M9ImNscy01IiBkPSJNNTMuOTEsOC43NWMwLS4xNC4xMi0uMjYuMjYtLjI2cy4yNy4xMi4yNy4yNi0uMTIuMjctLjI3LjI3LS4yNi0uMTItLjI2LS4yN1oiLz4KICAgICAgPHBhdGggY2xhc3M9ImNscy0zIiBkPSJNNTMuOTEsOC43NWMwLS4xNC4xMi0uMjYuMjYtLjI2cy4yNy4xMi4yNy4yNi0uMTIuMjctLjI3LjI3LS4yNi0uMTItLjI2LS4yN1oiLz4KICAgICAgPGxpbmUgY2xhc3M9ImNscy0xIiB4MT0iMzYuNDMiIHkxPSIxNi45OCIgeDI9IjM2LjQzIiB5Mj0iMTQuMjQiLz4KICAgICAgPGxpbmUgY2xhc3M9ImNscy0xIiB4MT0iMjguMDUiIHkxPSIxNi45OCIgeDI9IjI4LjA1IiB5Mj0iMTQuMjQiLz4KICAgICAgPGxpbmUgY2xhc3M9ImNscy0xIiB4MT0iMTkuNTkiIHkxPSIxNi45OCIgeDI9IjE5LjU5IiB5Mj0iMTQuMjQiLz4KICAgICAgPGxpbmUgY2xhc3M9ImNscy0xIiB4MT0iNDEuNTciIHkxPSIyLjc0IiB4Mj0iNDEuNTciLz4KICAgICAgPGxpbmUgY2xhc3M9ImNscy0xIiB4MT0iMzMuMjgiIHkxPSIyLjc0IiB4Mj0iMzMuMjgiLz4KICAgICAgPGxpbmUgY2xhc3M9ImNscy0xIiB4MT0iMjQuOTkiIHkxPSIyLjc0IiB4Mj0iMjQuOTkiLz4KICAgICAgPGxpbmUgY2xhc3M9ImNscy0xIiB4MT0iMTYuMDgiIHkxPSIyLjc0IiB4Mj0iMTYuMDgiLz4KICAgICAgPGxpbmUgY2xhc3M9ImNscy0xIiB4MT0iNDQuNjMiIHkxPSIxNi45OCIgeDI9IjQ0LjYzIiB5Mj0iMTQuMjQiLz4KICAgICAgPGxpbmUgY2xhc3M9ImNscy0xIiB4MT0iNDkuNDkiIHkxPSIyLjc0IiB4Mj0iNDkuNDkiLz4KICAgICAgPGxpbmUgY2xhc3M9ImNscy00IiB4MT0iNDAuODgiIHkxPSIxNi45OCIgeDI9IjQwLjg4IiB5Mj0iMTQuMjQiLz4KICAgICAgPGxpbmUgY2xhc3M9ImNscy00IiB4MT0iMzIuMzMiIHkxPSIxNi45OCIgeDI9IjMyLjMzIiB5Mj0iMTQuMjQiLz4KICAgICAgPGxpbmUgY2xhc3M9ImNscy00IiB4MT0iMjMuNzkiIHkxPSIxNi45OCIgeDI9IjIzLjc5IiB5Mj0iMTQuMjQiLz4KICAgICAgPGxpbmUgY2xhc3M9ImNscy00IiB4MT0iMjAuNTkiIHkxPSIyLjc0IiB4Mj0iMjAuNTkiLz4KICAgICAgPGxpbmUgY2xhc3M9ImNscy00IiB4MT0iMjkuMTMiIHkxPSIyLjc0IiB4Mj0iMjkuMTMiLz4KICAgICAgPGxpbmUgY2xhc3M9ImNscy00IiB4MT0iMzcuMTYiIHkxPSIyLjc0IiB4Mj0iMzcuMTYiLz4KICAgICAgPGxpbmUgY2xhc3M9ImNscy00IiB4MT0iNDUuNzEiIHkxPSIyLjc0IiB4Mj0iNDUuNzEiLz4KICAgIDwvZz4KICA8L2c+Cjwvc3ZnPg==\" alt=\"S\u0131cakl\u0131k\" width=\"100\" title=\"\"><\/div>\n<div class=\"temp-values\">\n<div>-40\u00b0C \/ +80\u00b0C<\/div>\n<div>-40\u00b0F \/ +176\u00b0F<\/div>\n<\/div>\n<\/div>\n<div class=\"marking-section\">\n<div class=\"detail-row\">\n<div class=\"detail-label\">Image de marque<\/div>\n<div class=\"detail-value\">: Ruban de transfert ou gaufrage<\/div>\n<\/div>\n<p><img decoding=\"async\" class=\"marking-image\" src=\"data:image\/png;base64,iVBORw0KGgoAAAANSUhEUgAABf4AAAAoCAYAAACvpushAAAACXBIWXMAACE3AAAhNwEzWJ96AAAgAElEQVR4nO2db2xb15nmnyoWFVoMy1AWTDsCy7QMFuEGMbNp1XRgVLSnM3CzQUQvsjvpoFtJAyzaAruwBBRoPxQrabEoEGAA2dgP23zYsTQoMJ1BZkwHndTodC0qEDqp2o4ZI1VmJmzDEIpNrSyGoWmxomx2P1y+V4eX9z\/\/XUrvDzASW+Llueeee869z3nf5\/0ELv9rFMACGIZhGIZhGIZhGIZhGIZhGIbpdWaOAPABiHW5IQzDMAzDMAzDMAzDMAzDMAzDNI+vr9stYBiGYRiGYRiGYRiGYRiGYRimdbDwzzAMwzAMwzAMwzAMwzAMwzAHiCPNHmAy7EXI09+KtrSMxXQRmdIeQp5+TIa98r8ncztI5spdbFlriAXcmI0OdbsZDHMoWUoXsZgudrsZDMMwDMMwDMMwDMMwDKNJU8L\/8rkRxALuVrWlZSRzOzXh\/whmo\/79H6RwIIT\/y6ePO26zhWEOA4VKFeezpW43g2EYhmEYhmEczcLoMKL+AcufW0oXcco\/gLfzu5gIezGztoWF0WHMrG0hld9tQ0sZhmEY5uDSlPDvRNH\/oDMd8bHozzBd4tJ6AYVKtdvNYBiGYRiGYRhHQ6L\/ioXAu4nwIwh5+hH1D+DjShWxgBs+V5\/8X4ZhGIZhrNG01Q\/TOXyuPrb4YZgukSntYS613e1mMAzDMAzDMExPsJIrW3p+HuPAQoZhGIZpKS0T\/guVKmbWtpAp7bXqkLY5qCmAs9EhjnRgOsLjr2WQKe3h8unjdXUyDjMza3e63QSGYQ45C6PDmI74MJ\/K80Ykwxjgc\/UhHvQc6ro80xEfFtNFzlZkGIZhGIcyFx2qtyh3MJ9YfE\/1351qA69E6x2qV9qfzJVx5tqG5c+1TPhP5XcP9YN1uwl5+jEd8XW7GcwhIFPakzfw4kFPl1vjDJK5MhLs7c8wTJeJBwcBSLWMGIbRZ2F0GJNhLzKlvQNR48sqk2EvFkaH4XM9xBuFDMMwDMMwhxRHWf3YLQCk5CAW\/rl8+ni3m4BMaQ9L6bsAgAsRn2H2QTJXxkqujE95jjREjc+n8gD2fRzpd81Cn9P6zlN+l6FovZgu4oPSfcPfpd8bC7jrdgHF\/tDaoU3ld3E1ew8AGj6vBR1XFHai\/gFc0KjvQO1T45TfhVjgqKVMkUStvVH\/gOrnxPPWug4HjZm1rW43wZBYwI1Y4CiSuR1DgSMe9CDqH2j43ZCnXxZJlBu5czWbMbPigVF76LsAIJEtmZqzYwE3JsJehDz9KFQe4NJ6wZSYMx3xwed6SLdvxPZcXP8IhUq17t\/00DvHCxFfncctHVuNydq5GTGX2pavhxm0rpnZa6rXrkLlARLZe6rZflbGpLJNeqiNTzV8rj5Mhr0Yr83v0txV1GwLnediulh3PnbOQwtxDFObrmbvmdpYDHn6a2O\/KrdDq78ypT0ksiXTUb5a5y5iNF6s9rfW5wDgarakOa5aOUasQPOI1nw1HfGhUKmqfi+NIaN26d1rrTwnak+h8gAX1wuGv293Dugm4vwttX1\/HPpcfZiOPCpbiqTyu7i0Xmg4BzNrgN78Sf2sRqHywDASX7mGFCoP5PlC+Tm19Zuu2YWIT3ftYRiGYRjm8PDr32bxP5Pr+NpTJ\/Hl0ae73Rxb\/HjtJv7ynVv4biyCf\/vpYLebY5lOt99Rwn\/UP9CS9IqDZocTMykYt5tM6b78gqMm5iu5tF5AIltCLOBu+F06zljAjZCn35b\/o9pLKG36RP0DhsI\/CRI+Vx9iL2mL4\/R7c9EhhfC\/3x9awv\/M2pb8HRdMZGwspouYWdtqeDlL5sq4uF7AdMTXYPlkJKz4XH24fPq46eh92oDR+v35VB6L6SJCnv6eSUlrhsV0sSc2EmOBo5iN+jGeH8Qzr2d1f3dh9Jh0\/6SgEP6PYDbqRzJXbhCY6FqbF\/6l9ii\/g7h8+jhiATcypT1cXP\/I8HiTYW\/DBmg86MHU6qahGDYWcCMe9OBU1qV5r8SDg5iN+lGoVOVzpP4wROUco\/4BLJ8bqbtXYwE3LkR8OHNtQ3VMTYS9pub6udS2pXtP7ZpF\/QPyMYwEbaN2zUaHMLW62SBeG40B9WMZn5fa+FTic\/Vh+dyIIphAWosurhdUN\/PoPJO5HYXwb\/081FC3TpPalMyVMbW6qSue0jUQN4X1+muhMoyZtS1TYrHWuYvozQF2+htQv08A6Vxno0OYT203CNOtGiNWGQ965Gugdv8ujA5rCv\/jQQ+mIz4ksiXddhndazR\/NCvgXoj4LFng2J0Dusn+\/FY\/FtTGKj2nKudmM2uAvvB\/VPfzs9EhzfVAbc0DpHVvtuTH1Oqm4fo9l9qWAzSmI49y1D\/DMAzDMPiPf3cD7x6L4OobN7HTg8L\/hxsbePFnRdz3fQYf\/+QdvPGN3hL+u9H+g6WQH1CcEO2vhKLYtaBow05SqFTll6dUftd09FmhUsUlExFvVrkoRCNfPn3cVIbE1Oqm7gv9xfUC5i2+uBUqVZy\/ftv09aDfG69ZSiiPRT8\/DN7\/VLukl4j6B3Sjxo1+3gnigoA2s3bHUMTyufqwMDqs+jPJxkD\/3qLNLK3ISwA4VROBWmGhEvL0q4qZgHQuV86e6PoGtSjijTdp6UWbi90+J5FGEXqf6Zro2Ukmw17dOTMWcOPK2RO6x6DoZLPZcXRdOhE4YLe\/9e4Fuu+dYjlH\/X7K72r4GZ27z9WnOr\/Sz9\/OV5pqQ9Q\/gCtnTzZ1jJCnX+7TpRZtjjhtDqAsEgANz0yz0SHVsUrn0EloE0LZbyFPv25b9NYYJZRhayb4hGGcxJlrG5hLbeMTi+\/B53oIwMGt48cwDNNJ6L3300d6c059bGQEwzuSRtOL59CN9jsq4p9pZFrD3qXbUJqx1ktHwmBjQMlE+BFZ1CAoen8y7MWEQjBRe2lTCtuJ7D3TdREurn9kyr7ILJnSnvyyGatFGxshbj6QLy21ZzFdxHwqj0LlgebLm1o\/LaWLcuTXzNodw3ZQH\/pcfZp9TCLtRPgRw3PqdS6tF3oyNT4eHNS0b1COkW6wMHoMgDSezGxIiXZVM2tbuLhekKMhSeDRs6ugDTgS5bRsaQB1UTWV39XdAMoorLZmo365vfOpvJzRQPe1UfSlGbs6ZVGfiZqwvJgumhLzRLHfrDB85tqGqjUUna\/RdbCCXtEio3tyMuyV569EtoSZtTvIlPYEv+s+LIwe6+jmNEX90liifgx5+rEwegzxoMdwk3E\/4r9xjCr7S4w0vnz6OB5\/LdPsKWhit79F+xi6T+ja0mdT+V3N69TMGLEDzRt6wj79v3KOiVrcWFSbAyhKPxZwI+ofsC2AUZ0IO773nZwDmiEu2E0pz5E2BFL5XTl7grJxov4B1b5VrgF0f5kdZ2rzMh1Drd\/o3qXgA3qOI4ui2ai\/9kxo\/P2JbAkLlWG50LGTsjIYxgy0HiRz5Z58JmcYhnEar770B5heX8eT\/+EFvHDxb\/BPO\/34P1\/6TE\/Z\/vzia5\/DxsYGRkY+h8ifXwUA\/MPLz+KxkZEut8wcnW5\/y4T\/WMCN308+YekzyVwZ56\/f0lzEtSpGHxZ8rj7MWvBx7jSJbEkzgtFqFBl5F4uQcBby9JsSpigLwefqQ6FSxUqubFr4p6j\/VlnXUBSzlQgyehmbiw41tHsy7EU86EEyt6O5EaTWT7GAG6f8A5hZ25J9X\/WiTo1sfmhzwqwXeS+TKe31bFr8hI74ElfJ5Ogkc9Eh2ad8Zu2Oqc+QaJbK78rntZguYjw4iHjQI0eCaZHK78r3YyzgxmK60ceZxrOaECZ6qpuB7p\/FdLFuDE2tbsriy4WIT3N8pfK7ht+n\/DllM3xQum+qrTRXFCpVOQvEqkc33SNUv2Qs4G6Z6NeMpQ5lK6Xyuzh\/\/bb87+Rfv3xuRJ4vO1HwU8yymVrdrBMVM6U9nL9+uza\/a7dFvEZqgq\/ys5JA8gALo8MIefqbEoqNsNvf9LlEttRwLywKVnxadLpYK\/Wf2qb4KYXwL4qrPleffB5mr4HaHJDMlfH+SyE5Yt\/u9aTggVZkOrZzDmiG\/bFVH4Qi1i46f\/22\/P4xtbqJWM1CMhZwN\/Stcg2g+dbsNVCbl5NCDazxoKeu32gNmU9t19kUkRVdMrdj+rspU3My7MVYwM3CP9Nz0Np3\/vqtbjeFYRjmQOD1evH5557Dz996C3\/vewbwAf\/rn97rKeH\/sZERPDYyglcSy3j3WAQA8INfvodv94jw3+n2dzUnNxZwYzryaDeb4GiUXu5OQ+ulUUuYaDcUSUeWIFYKGwJoWeEzMYp5tiZyGqEmhighwdAqYtbI2wbXJSEUIlaSyu\/K19UJUePtxqwo7US07Hy6bfNDhQoBqBZSNEJpMUa2GWrjVQnND6dURLv9wonVpucuUVgiiwUR+jetrJpOQPNIMleW+6UZO5gVOaNCfwOmU9D5qa1RyVxZHnd61k+thMaD3tpoJMbpRftrcVG4x9ppl2O3v2m8aFkHdutZQguxLcp7V\/y70gpInF+afcbQW6PNIK4BVjMz9XDaHEBj7arivhKfqZXrD2VumTkHq7ZbWtDYV86\/1E6ta2Q18lnreximV2jF\/MkwDMPU8\/nnnsO\/L9zAiVvv4L\/9uxG8u76ODze0M2qdyFc\/+wSevLOOJ++s46uffQI\/f+stFIutrfPVTjrV\/qYi\/vWsXlrBnM1od4oy62UkKwhn+3GSj75SSGyHX74R9BJEKdPzqXwtxXvHUPAge4xWRP2LUczSxpb1a9gOYZasB\/RElExpT1ckoutqNgOjl0nmyj0fFadm99PtDZuF0WPwufqQyu+2JJtiLrVt+jgruXJdbQGRsUBj0VS70JpYqFRV1yGylwAahadOIYpWhcoDxIMejAXcLS+G2g3EZxJtkV2ygfuUp7Nuh82IFnaFxmSujMlwf9vOtRX93UtiTiq\/K4vn4vmK84rWpkArNjE+bkFRX0DaaOrU\/BPy9GM26kcs4IbP9RCSuR1cEmogiSyfk6KczlzbkC2EAGApfdf0XB\/y9MvjstmskGSurJp9rFZo2w6FyoOmfm4WvWwVhmknhcoD1booejg56I1hGOag8aPp\/wQA+MfUO3jqzV30\/S6DN2MFfCH6VJdbZo7HRkaw\/i3p+fGVxDK+UxjBiev\/F\/\/8X\/8QXq\/zg1U71f6m3gRn1rYsC0lWohztCrDJ3E7PC\/\/kge1UyDZAzUefIpTaaS2ghKK6KMqL7DyuZu8ZCv+0yXJxvdC01\/98ahuZ0p7lInEhQRDRs1Cyi9J6QA16QRYjlgmxqO9hKBBntYCyk6DNODW7n7hgrdHpgplirQu7BZPtRrkCjeNbFBtpTWo2ehMwZwHRaYsSJTQOpLXyvlxAdQqbto5Hgq4TorPF5wut9pB42unsF7uWSsD+uLI6dj6oRTG361xb0d\/jwcGe2Wgl4V9cU5XCvnKO+VTtvFsxvzTLflHfuy09rtYcEPUPNBShjQc9iAc9OH\/9dsN1J0GdargQs1E\/EtmSqTmGnqfU7hXx88p7MWRyHjMz5ltFPOhpyYZsprRXZ3fX7TWIOTy8na9oZjJrEfUPqGZMMgzDMO3j5q1tVB8+ierDHty8dQtfiHa7RdZJ5XeBPmDTH8KHGxvwRiLdbpIl2tn+prbUF9NFnLm2YemPXcHnMGG2GGw3oQ0fZXQ\/ZQHYtaWxC2020MPlmEVbBLJVoqh\/OyRzZVlojQc9loQWMUKNipd2OgqSUsHVrhtlRIgvjb0UpWkF8pbuVcSNN3EMiqIjWeR0ErLgkuxlrPUviStSxKi9ZYt8\/oHGqEcSm5wgXLcbZT0DyvSxaz0krldKWw1GQhxXV86esJwxReOe1teDAvXLZNiLOYdbGxK0kTKmEuEv2uEpi\/0CrcnwochZO8eaDHvl55xUfrdlmXt6c4AYSEBzP83DesERC6PDddZryVzZ9PysZ+ElevVTBhpQX3vGKIqf+o3E9GbQGht0rlQQvhUchvWNcR5ilpQZxOLbDMMwh5UPNzbwSmIZv\/5tFoAUjf9KYlm2gHn1jRW8+sYKAKBYLOLVN1bw1z9dlf\/+SmIZ\/5h6p+5Y9Hflsf76p6t49Y0VvPD0Z\/CNI+\/jG0fexwtPfwavJJbx47Wbts9B63vENtLxlW389W+zeCWxLNsO0bHo78pj0fl\/NxbBy9Xf4HuBAqoPe+r68LC1X0ln89wZU5BA5mTiwUG5YCw91AH7GwGdFP1Fixp6IaPoVWX7tPC5+jAdeRRzqW3bUf\/iplYiW8JCZdjSMej7JbugLcysbSEWcCMWOIrx4GDbU7TpZVctqlrcDHnmdWny8bn6WvpS6gQKlWrPRxl9XMvOkKIq9+1+aLOulb7OZpmO+OTxSwUUrQhXydyOvPHUTAQkWX\/FAkdl8UcUv7Q2JEKeI5rWc8ncTss3iibCXk3xqlmLJDWveLKDUStqKUJiHBHyHJFf5lu9YabV31SkvJcoVKpyYXWKgJas6Mq4mr1nwt\/fXrS\/HfTGXqu5tF6QMwZno37MRv21Pikhkb1nOEd0Y4wkczuYhb8uS4\/qhog1dNTmmGaFLFFgt5M9IEbdvv9SCMB+cWmzbbM6B1DQgLhpFfUP4MaLQd3o80xpD2eubcjFx+2g1Ucza1tYPjcirZF\/6qmzLZ1Z2zIU860Glmjhc\/VhtjaGlce6tF7A5dPH5ezRhdFhJHM78nzRzIZD1D\/Q08ENTG9BtmKzUT+mVo2zCi9EfHW1YRiGYQ4jf\/TDX+HdYxFc+uGv8Iuv9eGLyQLu+0aQeu1niAXc+Mb\/OwkA8P10FZnSHr5TGEHf70p4+uQ6\/sdbWfyw7zM4ktxE5tgG\/suPbuLHDz+BE2+8g18c89Ud678\/F8SfpgdRfdiD7\/zsX\/C\/v\/rHAICv\/MU16RiZTWRObuAxiwVnP9zYqPueeNCDlzdqAR9vrCCZK9cdX2zjrehT+KMf\/gq3Tz6FpR\/+CuvfGsEfJv4F5dDTSP3kHcSDmbpjAZD745prA3\/1Z+cAACe\/d0U6xt\/dwPq3goeq\/Wo4WvgnH2Sr9HKUAAkDTifk6Uc86EEiW8JSuoioUFAXkF4wOxVVTEKmGMlK0aup\/C6uZu+Z6tMLEZ9c4Neq1\/98Kl837sgax4ooPhv1NwgWFCE3l9pGLODGwuhwW8aHWCNBGQUovrCLL5uFShVTq5sdz+5oJ3YKzjoRsrgS7X7I3mUpXezo9fqkq6\/BHupCxGcp+yse9MjCzMLocIPwMRn2IuTpN6zvQj7\/4uaWGVGVPKpVSZkTgH4\/+UTDv82n8qpCvt680azwT+KfGJm7kitjMuzFeNDTYA8lojX3LKaLpl7oraDV38lcueeEf0ASFMkiBpDG1GS4H5NhLzKlPcys3dHcAGhVIVEzdHIjN1Paw9TqZl3kt7TZLa11i+mirhDbjTFC67wym0r8GbAfmS\/+npVnU6XADuxvIIjWe2YR12kxICHk6cfyuRE8\/tr7psRkO3OAsq2p\/C6SubIc2KA2f86n8nJ7Wv1MT8EidC5i8W0zc3lUZaPHiInwIw1BFWI2xJJivC6mixgLuOX7ka5fPOjBQmUYl9YLltcCyvJwSgFm5vAws3YHV86ewNv5Xd1njMunjyPqH5ADjBiGYRhjjAJNP2kjo9bn6gPu222RdYza6HP1wepbkM\/Vh9v2m2SJXmi\/o4X\/wxaRQhHUvQL58iay9+rEOHpBeTvfmchpErDiCg\/JeNBTq0NQMiXiNxP1f3H9IwDSyzqJx\/OpvGUR5fLp4xgPDqpGdSVzZZy5toEbLwZb7tesrJEgIt6HkljlrYtynk\/lD4Twnyntydex11lMF+VNIrKRoij7VH63o9eLInopgmsy7K0V4N42JTTFAu46YZAiIM9f318KZ6N+hDz9hvVdRMsgggQ6J\/hvdwK1jQ4xMllZ\/0BEtEvaP96+ONVq8f8gUahU5YKl44oi0yFPP66cPYEz1zYannvEzdhWFJ92GrRZJ2UauOvWNtrQsxsE0g4KlWqD7Z1aFs3+Bo+9+hd6G\/xmotKViGt7prSHpfRdTIQfkdcHs5lUrZoDVoR+0\/qedjEbHVLtX7oP9URHpVWaWcTPKdHKlppa3cRKrozx4CBigaPy86iUKSA901oR\/5stDM0wdklkS5hP5bEwOoyJsBdXs\/fk94jJsBen\/AOIBwfhcz2EqdXNng7gYxiGaQX\/8PKz+MEv38NXv\/Q5PDYygjdjBdy8dQtfOf0H8Hq98NVsff7kS6clK5rVGwgeexRPRiJ4dWQEsdUbeDo6hMdGRvDnfwxEf\/keXvjis6rH+lHpJrJ3buGFp\/8NvvmDnwAAvhuLIHrzN\/IxrKL2PfjpKgqVB\/j682P4SrGo2UYA+MXXPlc7f+nvf\/v8E3gzs4Fvnt0\/lnT+Y9IXvrECn+shjIwE8ZW\/uIaof0Dow2db1n76Tqe3Xw1HC\/+HjenIoz3hcUuIdjqJbEnXI75diH6tymiqMSG9Xkzl1sNu1H+hUkUs4MZ0xIePK1XM1Yr8kr2DFSiq6zKO1\/r2nryZQFY0VgoHm4H6UK0AFwmiPlefnJ4\/C79cmM9K\/zoZMcLwIEAZJ\/HgoFxcshs2P8TU6iZCniOyz\/SkSvFhNShbQMyiiQc9mAx7ZaGKBJVMST80QSnMSRGQJIRri6qp\/K5mhoLRd2p9t979MrO21ZYXX7HoqHh8ioANefoRCxzVjCaeWdtSFaZvvBjEZNiLlRZGWmuJvb18jxYq1VoR+X1LvPHgoLxGLIwON4iO4kZNJ85db+wtn7P+4G8Gse6HlE04iAsRX208uuXsQiXNjBG9czHaaKDI6ZCnH1F\/Y1Q62QtKmwPGxb7NQvOQnaAYEroLlSqeeT1bG4sfyYEE48FBU\/eunTkgFnBjoraJQ4hWSWq0K\/Mu5OmXN6PFLAUqJhz1D2iON6C1hX0zpT1cEuYDNRbTRbk\/o\/4BTNQ2zkn8p+dVhnE6c6ltJLIlTIS98nNdMleuzQ1HsJS+a5i1yTAMc1h4bGQE3xYE9y9En6ortvsnXzot\/7\/X68XXnx\/T\/LvRsb48+jQA4JXEMr5\/\/3EAQOyfM3XHsIOVNivbaOX8AcjHev77b+DHDz+B1zKb+OpngW\/Hzxza9isxFP5bbS1iRRy0+5Kp9eKqlmprhXZGnelaSTgUEu8W00Uspe\/KL0pKW492Iop1PtdDmi\/EZm131KL+zUBRyED95oGdqH8RekmdjvjkaNBEtoTLaJ3wT1HgAFQj8AqVBwDq7VYAKcqarnkrCwV2g161D9HjavYeJsNeTNREAqDRTqBTzKfysrhMEbLSfWIs\/NNG4tTqJhLZkiwGSp7H9T6wZl4Y9y0mpPEqFp7UQtxgtIu4fiyfGzGMdm1Hxhv1Zaa01\/D9mdJ9hDz9GAu4LdmI0CbpwuiwafHQDIch40\/KmCvh7fyu\/KylzLjopM0P0L6xZxYp86qAxXRRFqW1xmQz7WxmvaJodVHIFttCwn\/UP4BP1QTuD0xuEBJq2R\/NQJlNYiaheO82Y\/+iNwfMRYcc9WwrFuYVsxNEax3KZlXDrr+\/lq2bFVL5XaTWtrBUuzcA6G7UKqExwDDdgsawUldYSt9t+v5gGIZh7FEsFvHhxgZCnn705aRniuCxzul5rYCK5n76iKRpDVV38Ii3d+pQdqL9hsJ\/1D\/QNUHP7vdqbS7opdp2m4XRY91ugi3oJY9ePKQIuM7VKLgqRDDrbcyQCGoGZdS\/GWajQ3X1BWjzwG7Uv1a77EZ9knivBr3Aki2MEopoVv6sF2pRmGX+AL5wkMAjRnp2I31aaaF0ab0gi2Zi1L4RNMdMrW7KmSeXTx+Xr53ZKDES7cYCbvleaqXApnevdRvK6KECs2pQ4XYr7G8cdqYorB5iBoaebZGTuFgTTYHGwptOt\/lpV38XKlUspe9iNup33FpD430s4AZy0r+Jfu9vC\/fDvi1Md68fCfvKDQg6l2b7WG0O8An1XaSN3\/3vFosCtws1v1U9mx6qdaLXLuqnblrDiTUSov4B08I\/jQG2UWEYhmEYBpAE52f\/Zh1bR4fxvcAe3vmi9JzzZCTS5ZaZ58drN\/HizyQ94c3YE\/jPv9vGyEhEstTpATrV\/q57c3BKH+RU9l5EGQWu9NlvN2ZfeKy8dJNwD8B0GvW0SvFS6hezmwfG7bIfkUcvuWrHoM2TXo7YbwYtf92DgHh\/WC0G2SqW0nfr7qFEtiTP+xM2NsTESM1YwI0rZ08CMC\/e01wQ9Q+0JZpaL3uGUCsG2m6o4LkRzWyQO8HuS3ym0DrfTkfR24U20pvJOGn3ufZqf39i8T3NP0bQOYc8R+osBQn6\/1N+lzwPOF1sbdWGpTgHUAZLprSHZ17P4sy1DfnPUvpuS75PDbo+evOdWgaG2ZozgPOvpxp0bZy8Oc0wDMMwTOfY2NjApv9xVB+WamM+GYn0lOgPADdvbeO+7zju+47j5q1tfP6552zVJegWnWp\/197SC5UqZta2Dpy9hh16qaCvGuKmhR0hzy5ikbnpiA9z0SHVP8C+P7hZSLi3GyUtbh6YtU4wap\/dTbJUfrc+QlEBCaHjGptP5MWrfFk8CJt2ZMd0UBEzYq520d9fCfW5aLljhChGJ7Ilee0gMcOsqCh6ibcjmlqMalXb0BU3SzspHlEkLo15tT90T1vdwBWzSpwA9avaeiQWy+3kHKY3zsWxLY6fZsenOMbbea52+9uo1gXZ5DhtraHzFTMcxXtZzKID9gsCdxNav5VR8NRGs7VKtNCbAzKl+x09f3FjRgu1ZyEjK1DxHm53BofRuhiycW+06lozDMMwDNPbfLixgZ+\/9RaejETwnaNZvFz9Db4b6y3B\/931dfz8rbfwzbPP4uXqb\/CNI+\/jK6ef6XazTNPp9hta\/cysbbUlik9NCG3Vd9ELWCq\/21Zf\/lYwGfY6Lo3dKhciPiymi12z+fG5+nQ3T6hY1EqubLDhKMoAAAk0SURBVDqzgo4pesBaZSL8iOxZOZ\/aRkynZkUyV8b567cxGfbW\/Hbr7wOxuKiV7JBUfrfuHJSCHlkHieKMEkmUkjzwZ6NDgl\/8fsRer2YLUNHkg4ro59ytiH81EtkSFirSOJ8Ie3U3xqjo7IWIr86CZmZtq05Et3J+SYVHdyszPsRCuQujx5DK78pjTJpXJFs38d87Adn8JHM7ml66n3T1YTriw1jAbar+AkD1aYbkYzuBq9l7iPoHGoqNirVYgM7dE\/GgB1fOnsDM2pZqv9KYKFSqdWOimUj5kKcfV86ekP\/eznO129\/0s\/PXb6tuCpBF3tsOjK6mOcTn6lOdP8jnn\/6\/29DzTzw4iPnUtrwujAt1P+xiNAeoPder2fC0CnFjRmk\/JWZkxQJuIRuyTx5vWtdrXzjfa+tGhnTvnkQiW8LM2lbDd03XCl\/rtVWJ+Gx+kJ95GIZhGIYx5nN\/+QvcPvkUXl7\/Gf7qz851uzmWeXd9HU+9uYvqw0P4fv5Gz51DN9pvKPx38oWl1d\/VioKM7cRIsO4VyC9aL7qqHZCIYCSEx4ODuLheQCJ7z1J\/T4a9dVGwVhE9zJO5siwUqEGC5mK6iMV0EfGgp040EAWTifAjqseQvmf\/pVuZrSC+LBJXa8fV8+aeqJ1DoVLFM69nEQ8O1mUx9KpNldJ7\/qDS6s1PvaLr4gaVHlQ\/YzbqN7zPkrkyJsP9tfF7BG\/nKwAkUbS+2PSQaW\/6FeFeNLNG6HniA1LRZDF7bT6Vx+XTxxHy9OPGi0EkczsoVKp1GxV6FmALo8O6wpKda0rnq5f5sZIrYzri05wP1Nolzmlax54IP6IbTTuzttWw\/jczzhbTRTlr6\/Lp43IkuugrTnOaFeycBwC5uOnC6LBcq+WD0n180tWHeHBQbpNyTFgZo8r+Eq\/LfCrfVqHSTn+La9z7L4WQzJXlDY5Tfpe8rhQqVc3M0FbMRXaR5itt2xdR+FfbuIkF3Fg+N4Jkrtz0HE0FdPUKyNLzD81JS+m7GA8Oym00mxFmZQ6gyPKofwBz0SH5+YSejdoFbaBJGS\/1xW9pLva5+rB8bkQel5NhrxDUoD7e7Bb2tQrdS5NhL+JBD5K5HXndE69ZMlc2\/d5kZS5hmHYjPrtlSntceJphGKbD0LPcxw7J1rZKsVhE9eF9Z49eoxvt76xSy9QxHXnUEZ7IraDTEd+Z0p6ufY0IRa+KkbhmmY36m4r6n436ZdFCL+r\/8unjdVGPiWxJNUKTXgTVoPNTIx70qG560EvguI61hxgZJ4nl++KUz9Uni1q9RrvFMKfQ6g3VVt3rUgaJNHb07rP5VF4WzKWI1fqf0z09HfFhJVc2FdmczO1gFtJ3m4mm1suIUTvGYrqIsYBbFpOU9+yiYqNASaszp8TC3XrCDwlzdL7K39Vrl945GdUNUFsHmxlnmdIeZta25Ihy5bHsisJ2zgOQClIvnxuBz9VXEz0bj5HK79ZtRNI1E9c6PbT6K5kra4rBrcJOf5NdFwnAWrZfahHPRDczzdSK+Wr93AkR1pnSHhLZEuJBTy1Cf3\/dVgYX6GFlDsiU9uSAh9moX55zOwFtGI8HB+vOjWxGaawqNyAW00XDiP92Z6DMp7blwr1a6x6dh1kos+OqgzL\/mMNL1D8gWz5+ULqPmEZAE8MwDNMe\/vb5J3Dz1gZeePqpbjfFFp9\/7jl8P7+CQqWKb559ttvNsUw32m8o\/JNHOrNvGdMKlC9ejDVEQcro5V+MXk1k7zUU4tWjU1H\/Uf8AbrwYxKX1guo4o\/FiNUouFnBjIuxV\/ZwoKBn14ZWzJxtqcoQ8\/bh8+nhPWlUlBTsKpjtkSnuy8BcPejDjUhf4MqU9nLm2gYXR4bpxmintYT6Vx2K6iOVzI4gF3Lh8+jiSr+0YbuiI80e7stqmVjfxQel+XaFvynRotxCrRPRY15vLKEso6h9ALHDUVHRoprSHpfTdjp+TERTJuzB6rE6sX0wXdcXkdpDK7+Lx197HwuhwXdYHsB\/RLtqvAM1H6Kbyu\/J60gns9PfU6iauZu9hNupvWEdos8CpEcpqnv5aP3eC1Q8g9XdhtFr3PCDZDN5q6rh6c8D567dw5exJhT++FKlu5VnMKlez9zTXFronlLaKF9cLmmK6uOnX7jFJ2ZVz0SFMhB9p2GyULIDumH4uFWt9JBxU64c5nND8Q4EGiWxJXgOcMlcyDMMcdL48+jS+3O1GNMnXnx\/rdhOaotPt\/wQu\/2sMwLLWL\/x+8onOtcbhnLm20bIH\/itnT\/SsRQrTfkSbHqMCiHZZTBcxtbopbzpYaZfP1deTgj\/RynuZ6RyS+HIEmdJ9R0TRmoVtFroLzaFiQXgntEeveDw9I0ytbvbcJqWd\/hbXFKdcp4MK9XUn59FufOf7L4UQ8vTrWiDRWHXy3EzrHmBvDVkYHcZ0xIdUfhfPvJ5tdfMYxjQ+V1\/N\/rBcl+X5\/kshZEr3NW3P5qJDGAu4HV+3j2EYxi5S5qu29bKT0Hqmmgx7LTlrdItkbkf1eapX2k\/BkxY5w1Y\/XSAWcLPoz+hiZC3SCsiL18r3dKJd7YayL5jewyhi3anweOsuTosiNGfdIz389+LYsdPfTq\/JdJDoRl934zuX0ncxG\/XjQsSHi+sfqW4mOW1uUKOZdY9s8AD9ujIM0y4mw1657kvUP4BC5UFDZs3567exfG5E3gAAGmsnMQzDHGTIGaKX6fU5u9fbbwQL\/13gIBT0ZXofSrMdP0SbUIVKVfYVZRiGcSKxWuHqVH63Jze6GMYJXFz\/SLZam4486jg7sk5woSb624wOY5imyZT25DpIV2u1XZSbcJSNItqQiWtfprSHT+YPRk08hmEYhukGhsI\/p9Xt04rIoJCnH1ez9+Roa4bpBpnSnvzgvZIrmypwehBgIY1hGKfTy9H+DOMUpI3+bTni\/zCyVKujI9qqMEwnMRvFmintaW7O8aYVwzAMwzSHocc\/wzAMwzAMwzBMrxHy9B\/qDf\/Dfv4MwzAMwzCHnDOcN8cwDMMwDMMwzIHjsIveh\/38GYZhGIZhDjss\/DMMwzAMwzAMwzAMwzAMwzDMAYKFf4ZhGIZhGIZhGIZhGIZhGIY5QBwBkAEw3+V2MAzDMAzDMAzDMAzDMAzDMAzTPJn\/D0L9liL6ousMAAAAAElFTkSuQmCC\" alt=\"Markalama G\u00f6rseli\" title=\"\"><\/p>\n<\/div>\n<div>\n<table style=\"width: 100%;\" cellspacing=\"0\" cellpadding=\"0\">\n<tbody>\n<tr>\n<td style=\"width: 120px; font-weight: bold;\">Norme<\/td>\n<td style=\"width: 400px; text-align: left;\">R\u00c9POND AUX EXIGENCES DE LA FDA ET DE L'EUROPE<br \/>\nISO 1307<\/td>\n<td style=\"width: 120px; font-weight: bold;\">Couleur<\/td>\n<td style=\"width: 400px;\">\n<div class=\"color-icons\"><img decoding=\"async\" src=\"data:image\/svg+xml;base64,PHN2ZyB2aWV3Qm94PSIwIDAgMTAwIDEwMCIgeG1sbnM9Imh0dHA6Ly93d3cudzMub3JnLzIwMDAvc3ZnIj4KICA8Y2lyY2xlIGN4PSI1MCIgY3k9IjUwIiByPSI0OSIgZmlsbD0iI0U4M0YzRiIgc3Ryb2tlPSJibGFjayIgc3Ryb2tlLXdpZHRoPSIwLjUiLz4KICA8Y2lyY2xlIGN4PSI1MCIgY3k9IjUwIiByPSIzOCIgZmlsbD0id2hpdGUiIHN0cm9rZT0iYmxhY2siIHN0cm9rZS13aWR0aD0iMC41Ii8+CiAgPGNpcmNsZSBjeD0iNTAiIGN5PSI1MCIgcj0iMzMiIGZpbGw9IiNGRkZGRkYiIHN0cm9rZT0iYmxhY2siIHN0cm9rZS13aWR0aD0iMC41Ii8+CiAgPGNpcmNsZSBjeD0iNTAiIGN5PSI1MCIgcj0iMjIiIGZpbGw9IndoaXRlIiBzdHJva2U9ImJsYWNrIiBzdHJva2Utd2lkdGg9IjAuNSIvPgo8L3N2Zz4=\" alt=\"\" title=\"\"><br \/>\n<img decoding=\"async\" src=\"data:image\/svg+xml;base64,PHN2ZyB2aWV3Qm94PSIwIDAgMTAwIDEwMCIgeG1sbnM9Imh0dHA6Ly93d3cudzMub3JnLzIwMDAvc3ZnIj4KICA8Y2lyY2xlIGN4PSI1MCIgY3k9IjUwIiByPSI0OSIgZmlsbD0iIzQ2QTZEOCIgc3Ryb2tlPSJibGFjayIgc3Ryb2tlLXdpZHRoPSIwLjUiLz4KICA8Y2lyY2xlIGN4PSI1MCIgY3k9IjUwIiByPSIzOCIgZmlsbD0id2hpdGUiIHN0cm9rZT0iYmxhY2siIHN0cm9rZS13aWR0aD0iMC41Ii8+CiAgPGNpcmNsZSBjeD0iNTAiIGN5PSI1MCIgcj0iMzMiIGZpbGw9IiNGRkZGRkYiIHN0cm9rZT0iYmxhY2siIHN0cm9rZS13aWR0aD0iMC41Ii8+CiAgPGNpcmNsZSBjeD0iNTAiIGN5PSI1MCIgcj0iMjIiIGZpbGw9IndoaXRlIiBzdHJva2U9ImJsYWNrIiBzdHJva2Utd2lkdGg9IjAuNSIvPgo8L3N2Zz4=\" alt=\"\" title=\"\"><br \/>\n<img decoding=\"async\" src=\"data:image\/svg+xml;base64,PHN2ZyB2aWV3Qm94PSIwIDAgMTAwIDEwMCIgeG1sbnM9Imh0dHA6Ly93d3cudzMub3JnLzIwMDAvc3ZnIj4KICA8Y2lyY2xlIGN4PSI1MCIgY3k9IjUwIiByPSI0OSIgZmlsbD0iIzAwMDAwMCIgc3Ryb2tlPSJibGFjayIgc3Ryb2tlLXdpZHRoPSIwLjUiLz4KICA8Y2lyY2xlIGN4PSI1MCIgY3k9IjUwIiByPSIzOCIgZmlsbD0id2hpdGUiIHN0cm9rZT0iYmxhY2siIHN0cm9rZS13aWR0aD0iMC41Ii8+CiAgPGNpcmNsZSBjeD0iNTAiIGN5PSI1MCIgcj0iMzMiIGZpbGw9IiNGRkZGRkYiIHN0cm9rZT0iYmxhY2siIHN0cm9rZS13aWR0aD0iMC41Ii8+CiAgPGNpcmNsZSBjeD0iNTAiIGN5PSI1MCIgcj0iMjIiIGZpbGw9IndoaXRlIiBzdHJva2U9ImJsYWNrIiBzdHJva2Utd2lkdGg9IjAuNSIvPgo8L3N2Zz4=\" alt=\"\" title=\"\"><\/div>\n<\/td>\n<\/tr>\n<\/tbody>\n<\/table>\n<\/div>\n<\/div>\n<\/div>","protected":false},"excerpt":{"rendered":"<p>&nbsp; \u00dcr\u00fcn Ad\u0131: MITANK SD\/6 \u00dcr\u00fcn Kodu: MT871 S\u00fct Emme ve Da\u011f\u0131t\u0131m Kullanim Alan\u0131 : Tank kamyonu veya tank vagonunda kullan\u0131lmak \u00fczere s\u00fct emi\u015fi ve de\u015farj\u0131. Alt Katman : Beyaz, Toksik Olmayan, Tat ve Koku \u0130\u00e7ermeyen, Bitkisel Ya\u011flara Dayan\u0131kl\u0131, G\u0131da Kalitesinde NBR Kau\u00e7uk. Takviye Katman\u0131 : Y\u00fcksek Mukavemetli Sentetik Tekstil ve \u00c7elik Tel Spiral. \u00dcst [&#8230;]\n","protected":false},"featured_media":22315,"comment_status":"open","ping_status":"closed","template":"","meta":{"jetpack_post_was_ever_published":false},"product_brand":[],"product_cat":[2361],"product_tag":[],"class_list":{"0":"post-21464","1":"product","2":"type-product","3":"status-publish","4":"has-post-thumbnail","6":"product_cat-sel_gida_hortumlari","8":"first","9":"instock","10":"taxable","11":"shipping-taxable","12":"product-type-simple"},"jetpack-related-posts":[],"jetpack_sharing_enabled":true,"jetpack_likes_enabled":true,"_links":{"self":[{"href":"https:\/\/tuzlahortum.com.tr\/fr\/wp-json\/wp\/v2\/product\/21464","targetHints":{"allow":["GET"]}}],"collection":[{"href":"https:\/\/tuzlahortum.com.tr\/fr\/wp-json\/wp\/v2\/product"}],"about":[{"href":"https:\/\/tuzlahortum.com.tr\/fr\/wp-json\/wp\/v2\/types\/product"}],"replies":[{"embeddable":true,"href":"https:\/\/tuzlahortum.com.tr\/fr\/wp-json\/wp\/v2\/comments?post=21464"}],"wp:featuredmedia":[{"embeddable":true,"href":"https:\/\/tuzlahortum.com.tr\/fr\/wp-json\/wp\/v2\/media\/22315"}],"wp:attachment":[{"href":"https:\/\/tuzlahortum.com.tr\/fr\/wp-json\/wp\/v2\/media?parent=21464"}],"wp:term":[{"taxonomy":"product_brand","embeddable":true,"href":"https:\/\/tuzlahortum.com.tr\/fr\/wp-json\/wp\/v2\/product_brand?post=21464"},{"taxonomy":"product_cat","embeddable":true,"href":"https:\/\/tuzlahortum.com.tr\/fr\/wp-json\/wp\/v2\/product_cat?post=21464"},{"taxonomy":"product_tag","embeddable":true,"href":"https:\/\/tuzlahortum.com.tr\/fr\/wp-json\/wp\/v2\/product_tag?post=21464"}],"curies":[{"name":"wp","href":"https:\/\/api.w.org\/{rel}","templated":true}]}}