{"id":21461,"date":"2025-08-11T11:02:37","date_gmt":"2025-08-11T08:02:37","guid":{"rendered":"https:\/\/tuzlahortum.com.tr\/urun\/mitank-d-6\/"},"modified":"2025-08-20T15:47:23","modified_gmt":"2025-08-20T12:47:23","slug":"mitank-d-6","status":"publish","type":"product","link":"https:\/\/tuzlahortum.com.tr\/fr\/produit\/mitank-d-6\/","title":{"rendered":"MITANK D\/6"},"content":{"rendered":"<p>&nbsp;<\/p>\n<div class=\"report-container\">\n<div class=\"report-header\">\n<div class=\"standard-text\">Nom du produit : MITANK D\/6<\/div>\n<div class=\"standard-text\">Code produit : MT861<\/div>\n<\/div>\n<div class=\"product-image-container\">\n<div class=\"key-feature\">\u00c9vacuation du lait<\/div>\n<\/div>\n<div class=\"horizontal-line\"><\/div>\n<div class=\"product-details\">\n<div class=\"detail-row\">\n<div class=\"detail-label\">Domaine d&#039;utilisation<\/div>\n<div class=\"detail-value\">: Utilisation pour le d\u00e9chargement du lait dans un camion-citerne ou un wagon-citerne.<\/div>\n<\/div>\n<div class=\"detail-row\">\n<div class=\"detail-label\">Substrat<\/div>\n<div class=\"detail-value\">: Blanc, non toxique, sans saveur ni odeur, r\u00e9sistant aux huiles v\u00e9g\u00e9tales, caoutchouc NBR de qualit\u00e9 alimentaire.<\/div>\n<\/div>\n<div class=\"detail-row\">\n<div class=\"detail-label\">Couche de renforcement<\/div>\n<div class=\"detail-value\">: Textiles synth\u00e9tiques \u00e0 haute r\u00e9sistance.<\/div>\n<\/div>\n<div class=\"detail-row\">\n<div class=\"detail-label\">Couche sup\u00e9rieure<\/div>\n<div class=\"detail-value\">: R\u00e9sistant \u00e0 l'huile, aux intemp\u00e9ries, \u00e0 l'ozone et \u00e0 l'abrasion, caoutchouc synth\u00e9tique sp\u00e9cial.<\/div>\n<\/div>\n<\/div>\n<div class=\"datasheet_table\"><img decoding=\"async\" class=\"alignnone size-full\" src=\"https:\/\/tuzlahortum.com.tr\/wp-content\/uploads\/2025\/08\/datasheet255.svg\" alt=\"\" title=\"\"><\/div>\n<div class=\"table-notes\">St\u00e9rilisation : Vapeur \u00e0 120\u00b0C pendant 15 minutes maximum, soude caustique (%5) \u00e0 50\u00b0C pendant 15 minutes maximum.<\/div>\n<div class=\"horizontal-line\"><\/div>\n<div class=\"footer\">\n<div class=\"standards-section\">\n<div class=\"standard-item\" style=\"margin-top: 9px;\"><\/div>\n<div class=\"standard-info\"><\/div>\n<\/div>\n<div class=\"temperature-section\">\n<div class=\"temp-icon\"><img decoding=\"async\" src=\"data:image\/svg+xml;base64,PD94bWwgdmVyc2lvbj0iMS4wIiBlbmNvZGluZz0iVVRGLTgiPz4KPHN2ZyBpZD0ia2F0bWFuXzIiIGRhdGEtbmFtZT0ia2F0bWFuIDIiIHhtbG5zPSJodHRwOi8vd3d3LnczLm9yZy8yMDAwL3N2ZyIgdmlld0JveD0iMCAwIDcyLjI3IDE2Ljk4Ij4KICA8ZGVmcz4KICAgIDxzdHlsZT4KICAgICAgLmNscy0xIHsKICAgICAgICBzdHJva2Utd2lkdGg6IC41OXB4OwogICAgICB9CgogICAgICAuY2xzLTEsIC5jbHMtMiwgLmNscy0zLCAuY2xzLTQgewogICAgICAgIGZpbGw6IG5vbmU7CiAgICAgICAgc3Ryb2tlLW1pdGVybGltaXQ6IDMuODY7CiAgICAgIH0KCiAgICAgIC5jbHMtMSwgLmNscy0zLCAuY2xzLTQgewogICAgICAgIHN0cm9rZTogI2E3YTlhYjsKICAgICAgfQoKICAgICAgLmNscy01IHsKICAgICAgICBmaWxsOiAjYTdhOWFiOwogICAgICB9CgogICAgICAuY2xzLTIgewogICAgICAgIHN0cm9rZTogI2ZmZjsKICAgICAgfQoKICAgICAgLmNscy0zIHsKICAgICAgICBzdHJva2Utd2lkdGg6IDIuMDZweDsKICAgICAgfQoKICAgICAgLmNscy00IHsKICAgICAgICBzdHJva2Utd2lkdGg6IC4ycHg7CiAgICAgIH0KICAgIDwvc3R5bGU+CiAgPC9kZWZzPgogIDxnIGlkPSJrYXRtYW5fMSIgZGF0YS1uYW1lPSJrYXRtYW4gMSI+CiAgICA8Zz4KICAgICAgPHBhdGggY2xhc3M9ImNscy0zIiBkPSJNMTEuMzQsMTEuNTdjLS45NCwxLjcxLTIuNzEsMi42Ni00LjgsMi42Ni0zLjA1LDAtNS41MS0yLjQ3LTUuNTEtNS41MlMzLjUsMy4xOSw2LjU1LDMuMTljMS45NCwwLDMuNjUsMSw0LjYzLDIuNTIiLz4KICAgICAgPGNpcmNsZSBjbGFzcz0iY2xzLTUiIGN4PSI2LjU1IiBjeT0iOC42NiIgcj0iMi40Ii8+CiAgICAgIDxjaXJjbGUgY2xhc3M9ImNscy0yIiBjeD0iNi41NSIgY3k9IjguNjYiIHI9IjIuNCIvPgogICAgICA8bGluZSBjbGFzcz0iY2xzLTMiIHgxPSI2OC4zNCIgeTE9IjExLjc2IiB4Mj0iOS45MiIgeTI9IjExLjc2Ii8+CiAgICAgIDxsaW5lIGNsYXNzPSJjbHMtMyIgeDE9IjY4Ljc4IiB5MT0iNS41MSIgeDI9IjkuNzMiIHkyPSI1LjUxIi8+CiAgICAgIDxsaW5lIGNsYXNzPSJjbHMtMyIgeDE9IjU0LjA3IiB5MT0iOC43NSIgeDI9IjguNjQiIHkyPSI4Ljc1Ii8+CiAgICAgIDxwYXRoIGNsYXNzPSJjbHMtMyIgZD0iTTY4LjE1LDUuNTVjMS43MSwwLDMuMDksMS4zOSwzLjA5LDMuMDlzLTEuOTIsMy4wNi0zLjYyLDMuMDYiLz4KICAgICAgPHBhdGggY2xhc3M9ImNscy01IiBkPSJNNTMuOTEsOC43NWMwLS4xNC4xMi0uMjYuMjYtLjI2cy4yNy4xMi4yNy4yNi0uMTIuMjctLjI3LjI3LS4yNi0uMTItLjI2LS4yN1oiLz4KICAgICAgPHBhdGggY2xhc3M9ImNscy0zIiBkPSJNNTMuOTEsOC43NWMwLS4xNC4xMi0uMjYuMjYtLjI2cy4yNy4xMi4yNy4yNi0uMTIuMjctLjI3LjI3LS4yNi0uMTItLjI2LS4yN1oiLz4KICAgICAgPGxpbmUgY2xhc3M9ImNscy0xIiB4MT0iMzYuNDMiIHkxPSIxNi45OCIgeDI9IjM2LjQzIiB5Mj0iMTQuMjQiLz4KICAgICAgPGxpbmUgY2xhc3M9ImNscy0xIiB4MT0iMjguMDUiIHkxPSIxNi45OCIgeDI9IjI4LjA1IiB5Mj0iMTQuMjQiLz4KICAgICAgPGxpbmUgY2xhc3M9ImNscy0xIiB4MT0iMTkuNTkiIHkxPSIxNi45OCIgeDI9IjE5LjU5IiB5Mj0iMTQuMjQiLz4KICAgICAgPGxpbmUgY2xhc3M9ImNscy0xIiB4MT0iNDEuNTciIHkxPSIyLjc0IiB4Mj0iNDEuNTciLz4KICAgICAgPGxpbmUgY2xhc3M9ImNscy0xIiB4MT0iMzMuMjgiIHkxPSIyLjc0IiB4Mj0iMzMuMjgiLz4KICAgICAgPGxpbmUgY2xhc3M9ImNscy0xIiB4MT0iMjQuOTkiIHkxPSIyLjc0IiB4Mj0iMjQuOTkiLz4KICAgICAgPGxpbmUgY2xhc3M9ImNscy0xIiB4MT0iMTYuMDgiIHkxPSIyLjc0IiB4Mj0iMTYuMDgiLz4KICAgICAgPGxpbmUgY2xhc3M9ImNscy0xIiB4MT0iNDQuNjMiIHkxPSIxNi45OCIgeDI9IjQ0LjYzIiB5Mj0iMTQuMjQiLz4KICAgICAgPGxpbmUgY2xhc3M9ImNscy0xIiB4MT0iNDkuNDkiIHkxPSIyLjc0IiB4Mj0iNDkuNDkiLz4KICAgICAgPGxpbmUgY2xhc3M9ImNscy00IiB4MT0iNDAuODgiIHkxPSIxNi45OCIgeDI9IjQwLjg4IiB5Mj0iMTQuMjQiLz4KICAgICAgPGxpbmUgY2xhc3M9ImNscy00IiB4MT0iMzIuMzMiIHkxPSIxNi45OCIgeDI9IjMyLjMzIiB5Mj0iMTQuMjQiLz4KICAgICAgPGxpbmUgY2xhc3M9ImNscy00IiB4MT0iMjMuNzkiIHkxPSIxNi45OCIgeDI9IjIzLjc5IiB5Mj0iMTQuMjQiLz4KICAgICAgPGxpbmUgY2xhc3M9ImNscy00IiB4MT0iMjAuNTkiIHkxPSIyLjc0IiB4Mj0iMjAuNTkiLz4KICAgICAgPGxpbmUgY2xhc3M9ImNscy00IiB4MT0iMjkuMTMiIHkxPSIyLjc0IiB4Mj0iMjkuMTMiLz4KICAgICAgPGxpbmUgY2xhc3M9ImNscy00IiB4MT0iMzcuMTYiIHkxPSIyLjc0IiB4Mj0iMzcuMTYiLz4KICAgICAgPGxpbmUgY2xhc3M9ImNscy00IiB4MT0iNDUuNzEiIHkxPSIyLjc0IiB4Mj0iNDUuNzEiLz4KICAgIDwvZz4KICA8L2c+Cjwvc3ZnPg==\" alt=\"S\u0131cakl\u0131k\" width=\"100\" title=\"\"><\/div>\n<div class=\"temp-values\">\n<div>-40\u00b0C \/ +80\u00b0C<\/div>\n<div>-40\u00b0F \/ +176\u00b0F<\/div>\n<\/div>\n<\/div>\n<div class=\"marking-section\">\n<div class=\"detail-row\">\n<div class=\"detail-label\">Image de marque<\/div>\n<div class=\"detail-value\">: Ruban de transfert ou gaufrage<\/div>\n<\/div>\n<p><img decoding=\"async\" class=\"marking-image\" src=\"data:image\/png;base64,iVBORw0KGgoAAAANSUhEUgAABf4AAAAoCAYAAACvpushAAAACXBIWXMAACE3AAAhNwEzWJ96AAAgAElEQVR4nO2dbWxbV3rn\/5EtqrQZDk1ZNe0RaHrD7E64gU2nXcXdCrHstAPP7MCSF9k0GWRWMrrAdD50LWGBBF0UkPRl01lsIQm7QFKgqGRMME1ns2vZmKbGNGNRC7WTaJqYMQxmMGbWDOF16HHEcBjajCiH2Q\/kc3V4eV\/JS95L6fkBRiKJ9\/Lce88595zn5f88hPlf+gBEwTAMwzAMwzAMwzAMwzAMwzBMpxPfiYrRf8nuljAMwzAMwzAMwzAMwzAMwzAM0zQnuuxuAcMwDMMwDMMwDMMwDMMwDMMw1sGGf4ZhGIZhGIZhGIZhGIZhGIbZQrDhn2EYhmEYhmEYhmEYhmEYhmG2EDubOXgk6MFk1I+ov8eq9ljCicu3EMsUMRRwY+lUv\/T76XgWU\/E1G1tmDVPRXkxG\/XY3g2G2JWdX7mAhmbe7GQzDMAzDMAzDMAzDMAyjSlOG\/\/nBffC5OGmgnYQ83Wz0ZxibiGWKbPRnGIZhGIZhGINE\/T2YGehr6NiJ1buYGejD+WQeR\/w9eD+7jiP+Hkys3rW4lQzDMAyzNWnK8M9G\/\/YzM7DX7iYwzLZlegtkDDEMwzAMwzBMu\/C5ujAUcGM6njV8zEHPToyFvdKxy5kiov4e\/LpUdpzaAMMwDMM4maYM\/04hVyojnl2v+XkrMhRwYyTosbsZTIeQKmzgfPIzAOAsEQtYSOYRyxTtbgbDMAzDMIwqPlfXlt0LGYXvgTMxI7k7FHBjLOxtYWsYhmGcQcjTjZCnM0yzavaQqL+nIwLD5bZjotPbr4dlvSueXcfRS2mrTsco0GiKJLM9OZ\/8DFPxNXYWWUCuVDYVpcQwDMMwDGMHS6f6MZfIbVtpwvGID8NBD05cvmV3UxiGYRhGl7Gwt2MCNR9auKH4+5mBPgwF3G1ujXlimaLi+qDT26+HZYZ\/K6IqrPKyxLPrWy7KYyzs5bRGxhSL6QIA4HgHTGBOZy6RQ6qwYXczGGxGRDTq7W43PleXNHdvxXdTJ0CLuFThAY9jpiWIkVpmMsPE47h\/MlZA+4WZgT5Fw3+jfbXdiHtCM+\/OkKdbCpQaCrgdfY0MwzAMwzDtwFH5JFZ5WU5cvrWlFno+V5cjov1F79LV00FdR8TE6l3MJnIYCrixdKq\/5m\/kKVw61S9pPppJ\/6Tj5JxduYOFZB4jQQ8unNyveQ7qJ0rtU\/rcVLS3xhMr3o8vxx5VPFa8rgsn92tG36t5T4HK5uVcxGc4el80io4Edyt+5tAbKaQKGxgLezE\/uM\/QebcjqcIGZhOf2t0MXah\/LiTzOLtyR\/Oz1Bfl447GgpInmfq4Vj9Vao\/a2B6P+KR5zcic7XN14cLJAzXjPpYp4syV27oGAZqvZhM51WJw4pyx54cfIlcq684NhNo1zgz0YTzik37OlcqYS+RU5zq1eU3OQws3VOcctc\/L8bm68Om3HwGwOReoodWuXKmMhWQe0\/G1uueg1weUMHJdRiMdxsJezAz01QQUxDJFnF25o3i9dJ3y\/tjIdchRuy6SZJtNfKrYj+XvHTXENmuNYzXk1y72jzNXPpYcyXKoj4tZn420We+YhWQeE6t3pXsU8nTj5jMhzfaJ7zYa03L05jW9e6k0L1UyxNYwm8ipXg8ZZuXjKp5dx8Tq3br5sNm5qFFoXsyVytjzww\/r\/k7zuNozoPurN8drjftYpoiJ1buWOHqNvAuMtitV2MBcIqf5nO2AxpGS0V\/pnTSxerfus3rvIr1+1szzHAl6MDOwFyFPd83vF9MFTKx+Ujd3y+euVGEDi+kCRoIeTEZ7EeOof4ZhGIap4U9+9FPMJXJ4YtcGVl58zu7mNMTgf30d793vxrmIDy8\/+7TdzTFNu9vvfBEjBuORPY7TmzpvIH14MX2vDS2Rf2dl4xnL3Dd8TCxTbImjSDQYjwQ9TUnuVAycH+sadAm6D5XIrm7Fv9Pm6ZywCWTqmY5nOypKW6+f+Vxdtss\/+VxdmIz2AjBeO0FuXAMqxrALJw\/oHisaRNWwOip\/fnBfjYEFoOv2O8KROxTYJfx\/4w53n6sL4xGf45yHZPSVvzuHAm5cPR10zDs15OnGZNSPpVP9jmkTUOs81soao3HT6mCLsbC3ZqyTcQ8ARsMPKx4zXHV6LyTzLZnDfa4uRQMpBWtMVec4OSFPt6phNervwdKpfkfMEQCkPuBzdSn2z4PV9YVSIIj4u2aM9uT0aDbrNeTpls5hZA1r5HxyQ7rdjIW9CHm6JeeTyFS0V\/GdND+4r62p7VrPkxxNSuvWkaAHV08HDWm+T6x+In1XJ6TtMwzDMEw7OZ\/Moxg6jPfu179vO4EPEgn8zPsvUAwdxvsdoAAgx472Oyrin6mHjAJOYzF9T3NjKhqWjXDQs1Mx8i1XKisWO1HagIoGu1ypLEX8GGE6voYhA9F0Zji7cge5UlnaWBlFLnklGmAWknkcN1DsarlqhFGL9qeiv1F\/D0tIaRDLFDtOI5cM+2oRunYb\/QFIUdgUbahH1N8jyLVUIqRHww8j5OmWNvZahsflTBHjEZ9mXyfjptJ59GSF5HPdWNgrjVGKiKffk6H8Yrqg2mYjzgf5sSHPToQ83UgVNpAqPNA8Ftg0itL\/G+nnC8k8PhLOfdCzEyNBj9TnrJRV0DqPnhEx5OmumXOp3dRnyDBr1JFqJfLrovk+6u\/BZLRXdTzoPddWGLZjmaLuO4LG5bLC82qkzUrHUN+mQo\/UV88nP5Oc6vJCniFPtzTXWWHkVWJmoE+6NzQvHfTslMY+ZWDJ54fJqF96x8cyReneiceqYXYuahbxfFF\/j2L\/BZSdQ2S8TRU2DPdP+flpbNCYbUaznYIc4tl1044IeY2fI36X1L8mo70tcy6ZRc3ZRU5nYDPz7CvVdxFQ6ctKddrk7yKzkqxmn+fMwF7p\/8X3zfHqe95owV4x6n807N1SWeDbkVimWJOVdfV0kJ8pwzBME\/z5UyH84PoNHIn48LP4dVy7vYbnB4\/C6+2MguqPRSJ48fpP8X72Y3zn8f34m7dWAAB\/8HuDNrfMGHa03zLDf6hqAMiVvjB8jN4GptFimkaMHp2CuAh2EqnCBuLZdVWDwEWT0f6ioYygtF2jxU7km\/vlTNGwkZOi\/q2KDBKjmCejvaY2Skrp\/6KkyXQ8q2sc0NL3FyMlOdpfG3nEXKcwHNytavgfVnEGtYuov0fqv6J0hxY0HnKlMo5eSiNXKmMqvoabz4SqBsFdmptAMQNIzTitZcCMZ9dNGZxoXKUKG1J7gcocRZHdWhIESlIfcuTtIakUKuqthzjHiNH\/WpxXyM6YcN3FzWcOwefqwnDQY9lm3AoDHwAcvZSW1hlT8TXMD+6T3jfT8WzbNdXl10VR41F\/D8YjPkXJJACGn6uVkMNM7b1YK7tVn2XXSJuVjvG5unD1dBAhT3eNk2oxXZCc6yNBT43zipzeqcJGSwxEPleXNI8tpgs4c+Vj6W9ziZwwzv01DibxOCW5lLlEDvOD+1TfPWbnIiugtZGS4Z\/6gFbEvxkju9K1kZzQUMAtOTcbgfrEXAPSPEr9mCLXfa4uDAV2qb5z24WYzSdfD4tz\/InLt6Rn8lFhQ3JgKRnV5e8ikv8y+kzNPM+RoEdyFilJQ42FvZprGzmiY\/As2u\/kZVoDyXUZCRphGIZhlHl+8CieHzyK\/3frFkJvpPDAdwDxS2\/jlRe+bnfTDEPyOH\/z1gqeu1UN+HprpWOM\/+1uv2V55SFPNy6c3I+lU\/2G\/109HdQ0tE7F1xr6t1WKow0F3I6IzlVDa\/NkxwaINgl0z8xKDVll5BWjmIcCbkvSwIcCbinDQs+QIUZoKfUfivYXDRBMPUYlaJyI2rzhBJkf6sdmsil8rh0ANg19BI3xgx5tH7boZFYycusZMM0gFvOVy0SRfjd9p13SLiQBRg7ciuGqMaenmNHglOwhMvDNJnJ1BirRWOAECYhcqVxjNLZ7fIrIHWZyaCy1umg1RSiL30lQ35M7sUer7zZ631mN+JzkmSPx7LrULvl9E8eIkjGZaiU4IXqcoDF0UCa\/Il6LkhTQEb8LAPB+ttTU988mctL9aHTMikZlq9ansUxRujdOmPtobNC8LiJKcol\/E+sT6F0DZUsBzUk3qT1PsY1Ka6+FZL5mrtRDdAw64fkw1hD19+Dsyp2OXZ8zDMM4iXw+j\/JvVPZNTlp7mkEMPDcThO4U2tV+2wVljUYabkecovGqhtrmyY6UZ3GjQ1kSSpsfJWgzaJXWP0Uxm5X40UM00mtdF2VbqBmQRNkRRhnKrOhU1Az8dhsVx8JeaaPfSLTWR7JsrovpAqbjWcUofTk0tskYJWKlvr9oYFBybCxWJX5imaKijnE7IMO4OOc18y7+tcMWinRfLyq8o0gGTvyc3YjOXKe0Cah1mCkZzmgstcMAI2rNi5BDIOrvke6dKE\/UKqk2cd2gnKGRr\/mcnE4yWn1UDaaR9wG9n+narSjKS+dodHy0qt6D3rmGAm5MRXslOSolSMZK7L9T0V7Txmor622cT+arGVGb71xRbq\/ZACut52nkfW72e5zg5GWsY6sE+DEMw9jNY5EIfvzEDvyZ7xb+29cfx\/de+wm+99pPkM93jtTxd795HK\/+5m28+pu3Mfi1Q3j+ry7j+4tLdjfLMO1qf1NSP1pSL1bw5dijDR2nlCLaaYyFvY6OUKGUYCUdfTI8G9XitAJ63rT5JzkP0ijWgjSDU4WNprX+xSjmyWiv5UacqL8H8ey6pqGNojSVZH64qK8x5hK5jt9YKKXEDwvyF+02MJKmL1CJhG\/EGCSP7DfjrNuULak3cGvp+5tFz9iVK5XbLtUh57gga5QrlTEe8WE4uLtpKRknRFkYKSj6fraEkaB20dp2s1yVU3FSm4BNnf\/jAXdNdDCw6Syy0lBnFlF2cCS4G7OJnBTtb7bWkBnI6aHWx8TfK8mLOXl9J0fN+XNEqG+gJLnWiNRPKxCzG1tV70E+90X9PXVFaikbVO6MIjlLkh6jgJHJqB+ziZxhJ7k4r+u1T\/kaNteVSg6zI216nkrO+UahefVIB423rQr1LzNyXZTtyTAMw7SObwwcxjcA\/MWby3j1wSEAQHTlKr77zeP2NswE1Nbn\/+oyXu96BD\/KFHA6kcBjkYjNLTNGO9rfVMT\/icu3cHblDqbjWcP\/Oq1Qph2IRbicChn75Vr+YjRlO6OLqR0U1UMGCaWITyVoo9VM1H+uVJZS\/q2S+JGjJw2SK5UFyaN6LfdNuQS3oyJLnUSuVMZs4lO7m9EwauNPzAIwK4NlBeORPfC5upAqbJi+v2S0aCZqjxxiSmn\/9LMVBkwaV05Ol6R+EMsUpf5itmijCDmU7DQAE\/LC6ExzLKtkhIiyH83KYxlhuNpnlQxG9F4jZza9+8zWGjIDGaTMZrtQn6Qi350ArSl8rq6adQPNmySnJBpsxTnWCudLM7JoI0LfsTIoSJRIE89LdTvkayzKAlVz+hwPuOuyRM30r1DVMa50vzczu2rXfmIRej2DPl1rs9JNgPLzpPf8SNBjmWOs2UwRxjoakcWiYCeGYRim9QT37kHX5wV0fV5AcO8eu5vTEPS+95eLHVOoWKSV7W8q4l\/U9jXKUMDNEiM6jEf2OH6RSgX2FpJ5zAz0SYt40YjUzmug7yXjAEWvUhq+3qZxKOCWovIajfp3QpQ4GWBIw1tELidx4vIt+Fw7cE6jeON2xGjBWafyfraEqL8SgTkS9NQ5AhbThbZLs4Q83TXOTLP3V+y3jW4EybBBMiCiQcBKSQqnoyTXQMU79QpUKkl5jFaz0xpZDzDOR3SYiZGaYj9q9XwprhuVDLeL6QJmSn0IeboxVc20c2p\/jGfXpQj5mYE+DAc9UtFsu9cPWlCbQ56ddX1gKr6Gyai\/Zn6wUnZGlG5qxMm0WWz9AS6c3A+gsl4z0zalWg10XrluPkX2i1H8PtcOzA\/ug8\/VhXMRX11dCPqOeHYd0\/EsQp6dOBfxmXKS03ssJZPEAyr9jub5pVNfxVwih4Oebmlc6RU8Fh3mzTr61J7nYvqelBV49XQQC8k8LqbvIZa53\/AcQ84Eu+rpMLXEs+umCjQPB3dvi3UZwzCMnO8vLmE6nsW5iA8vP\/s0vjX7I7x3vxt\/\/lQIT4X68PuvvwsA+Pvnfgu5Uhm\/\/\/q7iPp78Pq3B\/EPv0jhD9\/6EE\/s2sCPx5\/FX69cxR++9X8Vz\/VvDj+C5364gnh2HX\/\/3G\/h+lOV+TlVeIAD\/+WCdI5GUGvz\/\/y3R5H+JKfZRrr+yagfL42cwPde+wkupu8pngsA\/t3\/vgqfqwuXx45jJJFAf38Qr\/3TDUz\/5TvSObZb++U0ZfhnrCfk6e4ICRYqlJYqbGAxXajbPIyGvW0zLooLSNqcUfQqZSAYcTZNRnsRq8pE0QbJKPHseo1MBm0E253OL898EBE3dqJBZDFdwPzgPnbIobYoYyezmL4nybdsOsU2o2Db7VgUoxhDVWODmftMxkXKhjJT4E9ElC2RF9\/U0i0eCrhVpeem41lDEjlT0V6F9txXND4taTgeH1q4oftdWgwL0f4EySHobcjV6s7EMkXLHWZq9zuWKdoulWQHk1G\/aiZgK+UNRYfZUMCNhWRljBiRx2qkzVrHAMpSLeJ7no41O483Ki3ZCBOrn0gGaAo6ACrvn7lETrPtVsxFjRDPrtfI+chlfKiP0LqrUWeqfO3ic+2QnqmY0WgUchbLzz0S9ODsyh3D\/URtTl5I5hWleCgwRsS3Won4V1tbkgwczaNyaS2jqL3Hzly5jZvPHJKcTsRiuqDbb8S1bDMOE63nWckGzEmZMGNhr7QuXUwXTDtr6Dvk7WfsYy6Rw\/zgPskhpsVQwI2ov6ehelAMwzCdznQ8i2LoMOYS1zDy9tv4W99RwAf84PoNpD\/J4YO9FQmY1\/6psi\/8+MDj+BjAB4kE\/ns8i48PPI6\/BfDO22\/jB9fVz\/XPdq7j737jUeAA8D\/+8Rd45YWvAwD+06tv1pzjyWPHTLX\/HY02\/\/jah1jOFFXb+LJw\/dPxa3hppJJdWgwdVjwXAOnnv1u9hj\/4vcHKPfzLd2rOsZ3ar4SjQyAeWrjR0L9O1vefjPo7JjJFnk4vFtNVkplpFWrFbOlno\/IT4gZ82uTmmRam4uZCL4KqFVDfH1a4\/1rj4uzKHUdHG7aLrbLBoL5HY6BW5sdYpJVVDAd3YyjgRq5UlvrYqAknE8km0Lw4EvTUjfWlU\/34cuxRXWfdpmzJ5ueOWBiZqgUZNMV\/dhS3p2sXZVAo6rLRzJ+Qh2MItjI0NsT6A1bKYxllYvWu6jiVOwRapeVuBYvpAs6u3KlzlEX9PZgf3Ierp4OOWweSvAvVWVEy\/Iu\/p77ykcl1xdKp\/pp\/F07ul87ZyJpKay2q5sg0gxknul4BbyuKy2tBcntyjEjr0LvKrCPH7POcWL2r6PAYCXqwdKq\/TgpJD44WdxYLyTzi2XVcOLlfc46r1Mg4gMV0oaP39AzDMI1yLuKDO3UNo+GH8eSxY\/jdX70Ld+oahoO78a3Dj2D\/7evYf\/s6XvjtR3H4QC\/2376Oxz5JoL+\/H995fD\/cqWv43V+9iyePHcPxgBvu1DWc9H1Rc67vPL4fj0Ui+Je3fg536hpO\/\/OA9P10jt\/J\/6IhnXn597zw249KbX4q1KfZRgAYDT8Md+qaFBB90vcF3KlrOB5w15zrW4cfwVOhPunnwa+FpDbQOUbDD2+79ivBu3UH0WkySKNhL2YTOamAHumGt1vmR8koQT8vJPOViHYY2yw0GvUfyxThc3Xhwsn9mFj9BIvpAhaSeUxG\/W27FyQhANTrMYv6rVR0zufaUVNojqLEtytbaYNRW\/DSUyPF1W4ZI9rkkzNtZqCvRlpLj\/HIHukcFPU\/P7gPsTc20\/+NjlNR3ociU+lYLQOmlv5xKxxmrTIAqck1GJVSmli9W\/e34aAH4xEflk714+iltGX3Q61vbFdDTiUjpV7CA2h9LYP3ZUbd2n6kPm4aabN4jPg9etHZJJUT8nQjnl033U\/UrkOpJogVUEQ4SWwNB3dL3xP192Ay2qvoiG5mLiKpHuVjH2geL9dKJ4cp9Q36L2UE0PdYNV5nE7mGshloXZgrlXHmym3Es+uYGejDWNgrOcSNOMPlWUY+1w6Mhh+WDNJHL6UVjzPjTG2lE02U24tn1yXH77mIT1q7HnojpXq8kQwfM2g9z4nVuxXJzcAuHA+4MRLcLfW7sbAXF9P32h7AwFjH2ZU7uHByP24+cwiL6QI+KjzAVHxNygY96NmJsbAX8ey6oiQWwzDMduDlZ5\/Gy8LPKy8+V\/P32\/85KP3\/V\/v7cXvgsPTz8\/39eH7wqPTzSyMnaiLG5ee6\/qffBlCJNt819b\/gc3Xh5\/\/+X+H+1FE0Q32bN7MnfwfQbOMrL3wdrwjHyuWGxHMBwO3o4wCAP\/nRTzGXeAdP7NrAyovP1Zxju7VfDhv+HcSkghSEkyEDPxn95QX22oFo7JZHdg0JGz6jsjvNaP1PVrWFz0V80qZkOp41HaHUKGLxNnkkjbj5Fp0R84P7JIPJcqa4rQ3\/E6uf2N0ESzmfzCM60Ifh4G6pP7Sy2KUW8ew6ZhO5qlRPL3yuLoyGvYaMCOTlXkjmMZfISdH\/F04eqDPG6J2P5Hw2JSvuGzJgxrPrTcvLiMfPDPRpzkdakc3NQJkSSo6FTZ1\/t6qxjnSi5cf5XF0YC3txLuKzLGtmO8r5aHE++VnLZFz0oGdOUi7kWNaSxwIaa7P8mE+\/\/UhdUVmtYyej\/obmObX+VtFEN1\/zxygUZECGL4qIHgt7FcdSM3ORKIUkR08mKC4Z9jflFKn94t+pwC89L7Pz2HQ8W\/e7xXShYQcCtWOhWkcBqBgeqcht1N9jyIisVlvi5jMhycEunmcq2isZ1Z0ABRWlChs1ckKL6QKung7qOn2jMkePURp9niTftZguYGL1LoYCblw4eaC6dnjYsOHfKfef2SSeXcfRS2mMhb0Yrco5Vea\/nZiM+qWMqK0gu8kwDNNJXLu9hmLoMIqoSNB8t791699W8X52HcXQYfzs8wI+SCQaylawk1a2X9fwv3Sq37bCn41qrjaqHatHs9rKWoyFvR1ZYJUMPdPxNWkjIZfhaCXic9aKDCEjqBHkUf9GGAq4JaO56DxoZ9T\/RVmBYzXqJZF2YzaRk4qgbUeM6I12GlQoTx7xbwdkwMqVyphL5DAZ9WMs7DV032ns0Gen42tS1sB4xCdlGhklliliLNyN4wG31Of1DJhWIM4ldhWPpqjNkKe7zphJEbrHA27T2tIX0\/c69h3G6CN3mFlZuFWPhWQe4xEfRsMP2+b4aBepwgbOXPkYN58JSZkGTslwEeusVPrBZl0CoNY5JNZNMYvVz5j66kXZu48yHL\/SpGGYznM84Jber0MBd1N7jVZAc\/\/55Gc17x+x6O9I0KPY38jhB5gf81Y9T6ojU6mRYFwiT8wWZJxDrlTGbCKHeHa9bi3SaA0nhmEYpjH+4s1lxLPr+I9P9GP5\/9zAV1xdeH7wX9vdLMPk83m8fPnn8Lm68MdP9APv3cARfw8eizxtd9MM0a72c8S\/A6CClZ3ISHB3TVFH0cjYDkQdX60NidliZGLUvxHkUf3kPACsjfpXMwKIRdKUjG9aKeQ+1w5L2tapVDYgn9rdDMsR5X6A1usHqyFGWtLPNN+ZiRAnI9JsIldN\/\/dgMtqLgyYjS5czRYyFvYj6e6QC5FYaMDclMdRfrzRHttvZJtZ8UDPSN+K4petwQgFF8VmqGU5Jp9xJzj4ntkmEHGZUHBtoj77\/XLXYZ8jTbViWpR1QQWyKcJcjOvvV5I6UEJ+\/1WupWOY+ENf4mw7x7HpNLST5vEnvG7n+vxP5tUVFX5XOQ1mv8ex63futldkjhJbDSOk5U1\/WOh+Amjo9dkDf3ci4cHJfZBiGYRi7eOftt\/FHvzpQ+eG9m3jzj75pb4Ma4JUr7+LP7geB+8Drnjsddw3tar+tOZC5UplT+VDRsG6nJr6VUHowoVRUtlVoad3KESWBjECyS7FM0dB3yJ+fuDm2SlddNNzKjQ20mZM\/D0Je\/4DZRHRcbTVEx5hdxS4\/khm9UoUNad4nnWWzUGFMn6tLyrQxaoQUHWStMGCSEbyip10\/r4tjtJ3GCDFqUw+zxn+nOQ9zOkY9mpvlfdNOnNgmERojxzUMv62AHJgALCtuZQV6zi7RkOoUZw5JCin9M\/Is6TmIhm2lv1PWIRUEdiIU6d\/s3K+UMUDzIUm2if9aCZ1fa55XeiepOa+ITX1\/feeQ03CCM5phGIZhnEp\/fz96Mh8CUF4jdAIhTze6Pi+g6\/MCgns7T7a6Xe3XjfhvlWFiOVPEbOLTupRTK6BzilHQToU04TuZcxGfJLPTTpkfMfKPdICVIIkmM8VrKe25GaP9uYgPsUyxRt6kGcTIMXmqM2kaG5HakBctpvvYqZN9M8Sz61va+UhyP\/T\/TmEukZOM\/mPVIuF6iNG+VKhRjJ40+hxrZUusN2CK51LKaKD5vt3vJ1GaQ60Q5YWT+zES9NTIVhiBDLJOiaqMZe5XM0L8dXP4SNAjzXVOiR6niHbAOW2SI88oa4c8FjGXyGF+cJ\/07JxgSBcLYo9HfHVzGI1z+fOk+iRnrtxWXFuQFrv4HU5BXuRZrve+WeC3VgbITsQsBPF+WiFLVikOvFv6HrshZxQVWFb623Bwd827UqzZoZaBtvm8W+vIGQq4MRr2qsp2jlbHhplxQRmB7chOYhiGYZhO4fuLS1jOFPHHT\/Tjwxcex61bt\/DksRN2N8sw+XweL116G7lSGX86FMH1A5X1dqdo+tvRfl3Dv1WF+oxg9XdZUZCx1UxG\/R1ffGok6MH5QB5DgV1tvRZayOtFspLB0Gzx2pmBvU0ZYUQjxWziU8OF3uQbyFRhA3NVLUxAOUqaNkJqGRdU8DdXKks6qVdw+ysAAAhhSURBVCFPd815t2NWQDvnNzsQo+utMpZpGUyMZuGIusLnFIxmIvS5mYG9NdG\/9H00FkKenYavkWRLAGMGTC1pnMo5HtScYyGZx1jYK80355N55Erlmt9pzS16UYqNGAQpClfr2OVMESNBj+q1KrVrNOyVHL5q5z7o2al5\/5RkqJrpZ+eTn0nz79KpfmmcR\/09UjaXvC8ZoZHrkCM\/noob0vFqbWrku832Wy1EhxlgrA9acb+AyliZR0UujwpB2g09q6i\/R3Ku0rObjPYK2vK1DleqT3L1dBDT8SximSJShY2qEdkjnUvt\/lr5TM0iP69axL\/az0Dl+YU83VhI5ptu51R1LGv1h1imKI17emYk9QYYd7TJ77nPtQPnBIedkmFZboBvdQ2U97MljASVI\/hpbh8JejAV7cVs4lP4XDswM7BXqAFUHxxAtSaA1kf807qU1qaxzH3kSmWEPN0YE+ZJM0b8ZupNMAzDMMxWZTqeRTF0GHjvBt4cOIyvdlgh3w8SCbz64BDQBUSvfYiXRjrHaQHY037W+LeRoYC7JrqrU\/G5utqiWyqHNmx6WQYUvWrWiE+bjWYiwiejfkmWxGjUv5YxOuTplgwDhChjpFX0bDyyB1PxNcWIXzI6bCcW0wXHRVS2Aq2i142gNdZjmaJhZ+tcIoehgFt3nJ1P5qXPXT0dVD3f\/OA+HL2UNmRIJJ1\/arMeUX+P5nVPx7M1xqfpeFaqdzIe8dU5HHOlMqbjWdXzyce4HLOF5kVjobzIpYhYoFMpslqrXTTHKSEabZQ4US2mLtJMP6OxPRRwqz67idVPVI9Xo5HrkKN1XVpjtZHvNttv9RAdZkaMb1bcL2BTFnIs7HVUkd+J1bvS\/VUaG1oZZSFPt2btH7X6QlY\/UzMoafpr\/V3J2DpaLQIey9xv2hhL6ymt6z1fLQ6ttE414\/zTuufx7HrN+vJiuiAV+B0O7pbeSa02\/Mcy9zEJv+I6sFJbp1eqKSZfi5IDSo7o7G3leokCU4BaqUw5Zmoy1Tottv5arxMRZQLp+Tslq4thGGYr88SuDfwDgCMdKonX39+Pff+YwN1dfTh8oNfu5pjGjvZ3dqh5h0ORh4x5SEIH0I9UV5K1MUqz8jwU3QagTtrKLBQlqBbtT1H9apyL+BQjdkl6oNMzT8zSiOGPsY7FdEHa3GnJnS0k86rGs1RhQ3Ks6RnSREQjgFyuwgpShQ2cuHxLcbznSmWcuHyrrRtb0RCkZQARI7DNGKnsuCY9zly5rWrUO7tyx1GSOtRfnCAXooVo7G93WylyXpTosptYpqjqrFHLOD27ckfT6ZcrlXF25Y5jDZX03NXap\/f3dhPPritmlFXk4j625Pzy57yQzEv3IervkQzZrR4ztC5WCuSgOVrpnRTPruPMlduK56R3R6vbTu3Tmpe13qtKiJlUTno3MZuIhajFMcMwDMO0lpUXn8PbX1vDy88+bXdTGuKr\/f345X84hutP9eAbA4ftbo5p7Gi\/bsT\/l2OPtqMdHYHR6DQjjFWjnjqJkGenlFpthOMBN6aivTjoqe9mdJ6Qwt+ISmTYLlXDPp1D7z5G\/T3SZ8XoEr3zV9pXMSZ+VHhQ9zmj92N+cJ9kMEkVNlQXtWrn+ko1WlftOIrgHdaJ2Pe5unD1dBALyTwupu8hV\/oCUX9PTbr6dmE6nt1yG8FY5j4QN5aOr\/bZVOGB6r3RMlZtHr95nJH2nF25IxkWxIg\/pc+dT+YxWnWkpQobWM4UJYdArlSWxofWecR20vVo1T6g+6GH0jXGs+s49MZNjIW90ti8mC5goSr7o8T5ZL5hLWKt+50rfWG4z0+s3q2LuNNqV6qwoVoLhdqkR0ooaGu2n6mRK5Vx9FK6ev93w+fagXh2HXOJnOrxdJ0pWYHdRq5Djtp1yaOF5TTy3Y30W7Vrr\/18UTqvliGwkTbrzReL6YLuNZmZAwm9c2rNiUDFyBvLFCXHeq70BS6m72lmCk7F17CQzGMkuBvHA274XDuQK32B5UwRi+l7it\/VzFxkJXOJHEKebtXvob+r9Q+1fmbk2uQYPWZi9S4upgvS+0NvHjD6HWpjl4zYY2Gv9Hxp7h+P7Kn7fCP9Vo3FdAFjYS\/ORXx1baNsT2oX9TmtdxK9K80a\/ht5nuSMifp7pFoz1IbK2FB+z6j1qXOC1B7jTEbDD9eswWKZIoaDux3lmGcYhtmqPHnsmN1NaAqv1wtvh2j6K9Hu9j+E+V8OAVhS+wAb\/jexyvBPBtjtZmxlrCdXKmPPDyuV2K+eDnKkjAFypTIOvXGzqewLhmEYhmEYJxH190iSeFYGK3UaI0EPLpzcDwA49EZqywV6bAXGIz7MDPTh6KV0TQ2z+cF9mn33y7FHt3XfZhhma1KpcdMZKuxq869e3U2noFYrrtPbr8OJzuhdW4zxyB42+jOWQBFiIU83G\/0NMrF6l43+DMMwDMNsKeLZdam+yWS0FzGDNXe2GjMDewHAkiLSjHWItTKGAm7MJnI1xouFZB7HA24sneqvMSwZrR3FMAzTqaQKGx3\/vnK6ZKkend5+PXQN\/+xR38QKY2HI062pZ80wZiDd406TjbILrWKLDMMwDMMwncx0fA1Dp\/rhc3UZkr7balSuewdypXJDkkNM6xAlA6fja4o2hrMrd7CcKaoGyIk13hiGYRiGMYau1A9jLT5XF0dmM5ZBxTg7KT3MTlKFBx3vTWcYhmEYhlFjKtq7raPdqaiyUmFnhmEYhmGYbcYJNvwzDMMwDMMwDMMwDMMwDMMwzNbhhPOrFzAMwzAMwzAMwzAMwzAMwzAMYxg2\/DMMwzAMwzAMwzAMwzAMwzDMFoIN\/wzDMAzDMAzDMAzDMAzDMAyzhfj\/FIR1j8zJsP4AAAAASUVORK5CYII=\" alt=\"Markalama G\u00f6rseli\" title=\"\"><\/p>\n<\/div>\n<div>\n<table style=\"width: 100%;\" cellspacing=\"0\" cellpadding=\"0\">\n<tbody>\n<tr>\n<td style=\"width: 120px; font-weight: bold;\">Norme<\/td>\n<td style=\"width: 400px; text-align: left;\">R\u00c9POND AUX EXIGENCES DE LA FDA ET DE L'EUROPE<br \/>\nISO 1307<\/td>\n<td style=\"width: 120px; font-weight: bold;\">Couleur<\/td>\n<td style=\"width: 400px;\">\n<div class=\"color-icons\"><img decoding=\"async\" src=\"data:image\/svg+xml;base64,PHN2ZyB2aWV3Qm94PSIwIDAgMTAwIDEwMCIgeG1sbnM9Imh0dHA6Ly93d3cudzMub3JnLzIwMDAvc3ZnIj4KICA8Y2lyY2xlIGN4PSI1MCIgY3k9IjUwIiByPSI0OSIgZmlsbD0iI0U4M0YzRiIgc3Ryb2tlPSJibGFjayIgc3Ryb2tlLXdpZHRoPSIwLjUiLz4KICA8Y2lyY2xlIGN4PSI1MCIgY3k9IjUwIiByPSIzOCIgZmlsbD0id2hpdGUiIHN0cm9rZT0iYmxhY2siIHN0cm9rZS13aWR0aD0iMC41Ii8+CiAgPGNpcmNsZSBjeD0iNTAiIGN5PSI1MCIgcj0iMzMiIGZpbGw9IiNGRkZGRkYiIHN0cm9rZT0iYmxhY2siIHN0cm9rZS13aWR0aD0iMC41Ii8+CiAgPGNpcmNsZSBjeD0iNTAiIGN5PSI1MCIgcj0iMjIiIGZpbGw9IndoaXRlIiBzdHJva2U9ImJsYWNrIiBzdHJva2Utd2lkdGg9IjAuNSIvPgo8L3N2Zz4=\" alt=\"\" title=\"\"><br \/>\n<img decoding=\"async\" src=\"data:image\/svg+xml;base64,PHN2ZyB2aWV3Qm94PSIwIDAgMTAwIDEwMCIgeG1sbnM9Imh0dHA6Ly93d3cudzMub3JnLzIwMDAvc3ZnIj4KICA8Y2lyY2xlIGN4PSI1MCIgY3k9IjUwIiByPSI0OSIgZmlsbD0iIzQ2QTZEOCIgc3Ryb2tlPSJibGFjayIgc3Ryb2tlLXdpZHRoPSIwLjUiLz4KICA8Y2lyY2xlIGN4PSI1MCIgY3k9IjUwIiByPSIzOCIgZmlsbD0id2hpdGUiIHN0cm9rZT0iYmxhY2siIHN0cm9rZS13aWR0aD0iMC41Ii8+CiAgPGNpcmNsZSBjeD0iNTAiIGN5PSI1MCIgcj0iMzMiIGZpbGw9IiNGRkZGRkYiIHN0cm9rZT0iYmxhY2siIHN0cm9rZS13aWR0aD0iMC41Ii8+CiAgPGNpcmNsZSBjeD0iNTAiIGN5PSI1MCIgcj0iMjIiIGZpbGw9IndoaXRlIiBzdHJva2U9ImJsYWNrIiBzdHJva2Utd2lkdGg9IjAuNSIvPgo8L3N2Zz4=\" alt=\"\" title=\"\"><br \/>\n<img decoding=\"async\" src=\"data:image\/svg+xml;base64,PHN2ZyB2aWV3Qm94PSIwIDAgMTAwIDEwMCIgeG1sbnM9Imh0dHA6Ly93d3cudzMub3JnLzIwMDAvc3ZnIj4KICA8Y2lyY2xlIGN4PSI1MCIgY3k9IjUwIiByPSI0OSIgZmlsbD0iIzAwMDAwMCIgc3Ryb2tlPSJibGFjayIgc3Ryb2tlLXdpZHRoPSIwLjUiLz4KICA8Y2lyY2xlIGN4PSI1MCIgY3k9IjUwIiByPSIzOCIgZmlsbD0id2hpdGUiIHN0cm9rZT0iYmxhY2siIHN0cm9rZS13aWR0aD0iMC41Ii8+CiAgPGNpcmNsZSBjeD0iNTAiIGN5PSI1MCIgcj0iMzMiIGZpbGw9IiNGRkZGRkYiIHN0cm9rZT0iYmxhY2siIHN0cm9rZS13aWR0aD0iMC41Ii8+CiAgPGNpcmNsZSBjeD0iNTAiIGN5PSI1MCIgcj0iMjIiIGZpbGw9IndoaXRlIiBzdHJva2U9ImJsYWNrIiBzdHJva2Utd2lkdGg9IjAuNSIvPgo8L3N2Zz4=\" alt=\"\" title=\"\"><\/div>\n<\/td>\n<\/tr>\n<\/tbody>\n<\/table>\n<\/div>\n<\/div>\n<\/div>","protected":false},"excerpt":{"rendered":"<p>&nbsp; \u00dcr\u00fcn Ad\u0131: MITANK D\/6 \u00dcr\u00fcn Kodu: MT861 S\u00fct Tahliye Kullanim Alan\u0131 : Tank kamyonu veya tank vagonunda s\u00fct bo\u015falt\u0131m\u0131 i\u00e7in kullan\u0131m. Alt Katman : Beyaz, Toksik Olmayan, Tat ve Koku \u0130\u00e7ermeyen, Bitkisel Ya\u011flara Dayan\u0131kl\u0131, G\u0131da Kalitesinde NBR Kau\u00e7uk. Takviye Katman\u0131 : Y\u00fcksek Mukavemetli Sentetik Tekstil. \u00dcst Katman : Ya\u011f, Hava Ko\u015fullar\u0131, Ozon ve A\u015f\u0131nmaya [&#8230;]\n","protected":false},"featured_media":22313,"comment_status":"open","ping_status":"closed","template":"","meta":{"jetpack_post_was_ever_published":false},"product_brand":[],"product_cat":[2361],"product_tag":[],"class_list":{"0":"post-21461","1":"product","2":"type-product","3":"status-publish","4":"has-post-thumbnail","6":"product_cat-sel_gida_hortumlari","8":"first","9":"instock","10":"taxable","11":"shipping-taxable","12":"product-type-simple"},"jetpack-related-posts":[],"jetpack_sharing_enabled":true,"jetpack_likes_enabled":true,"_links":{"self":[{"href":"https:\/\/tuzlahortum.com.tr\/fr\/wp-json\/wp\/v2\/product\/21461","targetHints":{"allow":["GET"]}}],"collection":[{"href":"https:\/\/tuzlahortum.com.tr\/fr\/wp-json\/wp\/v2\/product"}],"about":[{"href":"https:\/\/tuzlahortum.com.tr\/fr\/wp-json\/wp\/v2\/types\/product"}],"replies":[{"embeddable":true,"href":"https:\/\/tuzlahortum.com.tr\/fr\/wp-json\/wp\/v2\/comments?post=21461"}],"wp:featuredmedia":[{"embeddable":true,"href":"https:\/\/tuzlahortum.com.tr\/fr\/wp-json\/wp\/v2\/media\/22313"}],"wp:attachment":[{"href":"https:\/\/tuzlahortum.com.tr\/fr\/wp-json\/wp\/v2\/media?parent=21461"}],"wp:term":[{"taxonomy":"product_brand","embeddable":true,"href":"https:\/\/tuzlahortum.com.tr\/fr\/wp-json\/wp\/v2\/product_brand?post=21461"},{"taxonomy":"product_cat","embeddable":true,"href":"https:\/\/tuzlahortum.com.tr\/fr\/wp-json\/wp\/v2\/product_cat?post=21461"},{"taxonomy":"product_tag","embeddable":true,"href":"https:\/\/tuzlahortum.com.tr\/fr\/wp-json\/wp\/v2\/product_tag?post=21461"}],"curies":[{"name":"wp","href":"https:\/\/api.w.org\/{rel}","templated":true}]}}