{"id":21368,"date":"2025-08-11T10:53:00","date_gmt":"2025-08-11T07:53:00","guid":{"rendered":"https:\/\/tuzlahortum.com.tr\/urun\/buhar-1b\/"},"modified":"2025-08-20T15:55:14","modified_gmt":"2025-08-20T12:55:14","slug":"buhar-1b","status":"publish","type":"product","link":"https:\/\/tuzlahortum.com.tr\/fr\/produit\/buhar-1b\/","title":{"rendered":"STEAM - 1B"},"content":{"rendered":"<p>&nbsp;<\/p>\n<div class=\"report-container\">\n<div class=\"report-header\">\n<div class=\"standard-text\">Nom du produit : STEAM-1B<\/div>\n<div class=\"standard-text\">Code produit : ST561<\/div>\n<\/div>\n<div class=\"product-image-container\">\n<div class=\"key-feature\">Textile Vapeur ISO 6134-1B - Rev\u00eatement r\u00e9sistant \u00e0 l'huile<\/div>\n<\/div>\n<div class=\"horizontal-line\"><\/div>\n<div class=\"product-details\">\n<div class=\"detail-row\">\n<div class=\"detail-label\">Domaine d&#039;utilisation<\/div>\n<div class=\"detail-value\">: Pour les services g\u00e9n\u00e9raux de vapeur satur\u00e9e \u00e0 une pression de service maximale de 6 bars (87 PSI).<\/div>\n<\/div>\n<div class=\"detail-row\">\n<div class=\"detail-label\">Substrat<\/div>\n<div class=\"detail-value\">: Caoutchouc EPDM r\u00e9sistant aux vapeurs satur\u00e9es.<\/div>\n<\/div>\n<div class=\"detail-row\">\n<div class=\"detail-label\">Couche de renforcement<\/div>\n<div class=\"detail-value\">: Textiles synth\u00e9tiques \u00e0 haute r\u00e9sistance et fil de cuivre antistatique.<\/div>\n<\/div>\n<div class=\"detail-row\">\n<div class=\"detail-label\">Couche sup\u00e9rieure<\/div>\n<div class=\"detail-value\">: Caoutchouc synth\u00e9tique sp\u00e9cial microperfor\u00e9 r\u00e9sistant \u00e0 l'abrasion, \u00e0 la chaleur, \u00e0 la vapeur, \u00e0 l'ozone et aux intemp\u00e9ries.<\/div>\n<\/div>\n<\/div>\n<div class=\"datasheet_table\"><img decoding=\"async\" class=\"alignnone size-full\" src=\"https:\/\/tuzlahortum.com.tr\/wp-content\/uploads\/2025\/08\/datasheet224.svg\" alt=\"\" title=\"\"><\/div>\n<div class=\"table-notes\"><\/div>\n<div class=\"horizontal-line\"><\/div>\n<div class=\"footer\">\n<div class=\"standards-section\">\n<div class=\"standard-item\" style=\"margin-top: 9px;\"><img data-recalc-dims=\"1\" width=\"1020\" decoding=\"async\" style=\"margin-right: 10px;\" src=\"https:\/\/i0.wp.com\/tuzlahortum.com.tr\/wp-content\/uploads\/2025\/04\/tse-1.png?fit=1020%2C40&#038;ssl=1\" height=\"40\" alt=\"\" title=\"\"><\/div>\n<div class=\"standard-info\"><\/div>\n<\/div>\n<div class=\"horizontal-line\"><\/div>\n<div class=\"temperature-section\">\n<div class=\"temp-icon\"><img decoding=\"async\" src=\"data:image\/svg+xml;base64,PD94bWwgdmVyc2lvbj0iMS4wIiBlbmNvZGluZz0iVVRGLTgiPz4KPHN2ZyBpZD0ia2F0bWFuXzIiIGRhdGEtbmFtZT0ia2F0bWFuIDIiIHhtbG5zPSJodHRwOi8vd3d3LnczLm9yZy8yMDAwL3N2ZyIgdmlld0JveD0iMCAwIDcyLjI3IDE2Ljk4Ij4KICA8ZGVmcz4KICAgIDxzdHlsZT4KICAgICAgLmNscy0xIHsKICAgICAgICBzdHJva2Utd2lkdGg6IC41OXB4OwogICAgICB9CgogICAgICAuY2xzLTEsIC5jbHMtMiwgLmNscy0zLCAuY2xzLTQgewogICAgICAgIGZpbGw6IG5vbmU7CiAgICAgICAgc3Ryb2tlLW1pdGVybGltaXQ6IDMuODY7CiAgICAgIH0KCiAgICAgIC5jbHMtMSwgLmNscy0zLCAuY2xzLTQgewogICAgICAgIHN0cm9rZTogI2E3YTlhYjsKICAgICAgfQoKICAgICAgLmNscy01IHsKICAgICAgICBmaWxsOiAjYTdhOWFiOwogICAgICB9CgogICAgICAuY2xzLTIgewogICAgICAgIHN0cm9rZTogI2ZmZjsKICAgICAgfQoKICAgICAgLmNscy0zIHsKICAgICAgICBzdHJva2Utd2lkdGg6IDIuMDZweDsKICAgICAgfQoKICAgICAgLmNscy00IHsKICAgICAgICBzdHJva2Utd2lkdGg6IC4ycHg7CiAgICAgIH0KICAgIDwvc3R5bGU+CiAgPC9kZWZzPgogIDxnIGlkPSJrYXRtYW5fMSIgZGF0YS1uYW1lPSJrYXRtYW4gMSI+CiAgICA8Zz4KICAgICAgPHBhdGggY2xhc3M9ImNscy0zIiBkPSJNMTEuMzQsMTEuNTdjLS45NCwxLjcxLTIuNzEsMi42Ni00LjgsMi42Ni0zLjA1LDAtNS41MS0yLjQ3LTUuNTEtNS41MlMzLjUsMy4xOSw2LjU1LDMuMTljMS45NCwwLDMuNjUsMSw0LjYzLDIuNTIiLz4KICAgICAgPGNpcmNsZSBjbGFzcz0iY2xzLTUiIGN4PSI2LjU1IiBjeT0iOC42NiIgcj0iMi40Ii8+CiAgICAgIDxjaXJjbGUgY2xhc3M9ImNscy0yIiBjeD0iNi41NSIgY3k9IjguNjYiIHI9IjIuNCIvPgogICAgICA8bGluZSBjbGFzcz0iY2xzLTMiIHgxPSI2OC4zNCIgeTE9IjExLjc2IiB4Mj0iOS45MiIgeTI9IjExLjc2Ii8+CiAgICAgIDxsaW5lIGNsYXNzPSJjbHMtMyIgeDE9IjY4Ljc4IiB5MT0iNS41MSIgeDI9IjkuNzMiIHkyPSI1LjUxIi8+CiAgICAgIDxsaW5lIGNsYXNzPSJjbHMtMyIgeDE9IjU0LjA3IiB5MT0iOC43NSIgeDI9IjguNjQiIHkyPSI4Ljc1Ii8+CiAgICAgIDxwYXRoIGNsYXNzPSJjbHMtMyIgZD0iTTY4LjE1LDUuNTVjMS43MSwwLDMuMDksMS4zOSwzLjA5LDMuMDlzLTEuOTIsMy4wNi0zLjYyLDMuMDYiLz4KICAgICAgPHBhdGggY2xhc3M9ImNscy01IiBkPSJNNTMuOTEsOC43NWMwLS4xNC4xMi0uMjYuMjYtLjI2cy4yNy4xMi4yNy4yNi0uMTIuMjctLjI3LjI3LS4yNi0uMTItLjI2LS4yN1oiLz4KICAgICAgPHBhdGggY2xhc3M9ImNscy0zIiBkPSJNNTMuOTEsOC43NWMwLS4xNC4xMi0uMjYuMjYtLjI2cy4yNy4xMi4yNy4yNi0uMTIuMjctLjI3LjI3LS4yNi0uMTItLjI2LS4yN1oiLz4KICAgICAgPGxpbmUgY2xhc3M9ImNscy0xIiB4MT0iMzYuNDMiIHkxPSIxNi45OCIgeDI9IjM2LjQzIiB5Mj0iMTQuMjQiLz4KICAgICAgPGxpbmUgY2xhc3M9ImNscy0xIiB4MT0iMjguMDUiIHkxPSIxNi45OCIgeDI9IjI4LjA1IiB5Mj0iMTQuMjQiLz4KICAgICAgPGxpbmUgY2xhc3M9ImNscy0xIiB4MT0iMTkuNTkiIHkxPSIxNi45OCIgeDI9IjE5LjU5IiB5Mj0iMTQuMjQiLz4KICAgICAgPGxpbmUgY2xhc3M9ImNscy0xIiB4MT0iNDEuNTciIHkxPSIyLjc0IiB4Mj0iNDEuNTciLz4KICAgICAgPGxpbmUgY2xhc3M9ImNscy0xIiB4MT0iMzMuMjgiIHkxPSIyLjc0IiB4Mj0iMzMuMjgiLz4KICAgICAgPGxpbmUgY2xhc3M9ImNscy0xIiB4MT0iMjQuOTkiIHkxPSIyLjc0IiB4Mj0iMjQuOTkiLz4KICAgICAgPGxpbmUgY2xhc3M9ImNscy0xIiB4MT0iMTYuMDgiIHkxPSIyLjc0IiB4Mj0iMTYuMDgiLz4KICAgICAgPGxpbmUgY2xhc3M9ImNscy0xIiB4MT0iNDQuNjMiIHkxPSIxNi45OCIgeDI9IjQ0LjYzIiB5Mj0iMTQuMjQiLz4KICAgICAgPGxpbmUgY2xhc3M9ImNscy0xIiB4MT0iNDkuNDkiIHkxPSIyLjc0IiB4Mj0iNDkuNDkiLz4KICAgICAgPGxpbmUgY2xhc3M9ImNscy00IiB4MT0iNDAuODgiIHkxPSIxNi45OCIgeDI9IjQwLjg4IiB5Mj0iMTQuMjQiLz4KICAgICAgPGxpbmUgY2xhc3M9ImNscy00IiB4MT0iMzIuMzMiIHkxPSIxNi45OCIgeDI9IjMyLjMzIiB5Mj0iMTQuMjQiLz4KICAgICAgPGxpbmUgY2xhc3M9ImNscy00IiB4MT0iMjMuNzkiIHkxPSIxNi45OCIgeDI9IjIzLjc5IiB5Mj0iMTQuMjQiLz4KICAgICAgPGxpbmUgY2xhc3M9ImNscy00IiB4MT0iMjAuNTkiIHkxPSIyLjc0IiB4Mj0iMjAuNTkiLz4KICAgICAgPGxpbmUgY2xhc3M9ImNscy00IiB4MT0iMjkuMTMiIHkxPSIyLjc0IiB4Mj0iMjkuMTMiLz4KICAgICAgPGxpbmUgY2xhc3M9ImNscy00IiB4MT0iMzcuMTYiIHkxPSIyLjc0IiB4Mj0iMzcuMTYiLz4KICAgICAgPGxpbmUgY2xhc3M9ImNscy00IiB4MT0iNDUuNzEiIHkxPSIyLjc0IiB4Mj0iNDUuNzEiLz4KICAgIDwvZz4KICA8L2c+Cjwvc3ZnPg==\" alt=\"S\u0131cakl\u0131k\" width=\"100\" title=\"\"><\/div>\n<div class=\"temp-values\">\n<div>-40\u00b0C \/ +165\u00b0C<\/div>\n<div>-40\u00b0F \/ +329\u00b0F<\/div>\n<\/div>\n<\/div>\n<div class=\"marking-section\">\n<div class=\"detail-row\">\n<div class=\"detail-label\">Image de marque<\/div>\n<div class=\"detail-value\">: Ruban de transfert ou gaufrage<\/div>\n<\/div>\n<p><img decoding=\"async\" class=\"marking-image\" src=\"data:image\/png;base64,iVBORw0KGgoAAAANSUhEUgAABf4AAAAoCAYAAACvpushAAAACXBIWXMAACE3AAAhNwEzWJ96AAAgAElEQVR4nO2da2gcZ7rn\/7pYkcdRsf6wc1BUcGyfXFBDMqAJqNkkdoa4G9Y68QepYGycAbk3Y48HjtQHfIETSQuW88EXWFkH4rE3tMTZMfZAS4cdr7zQnTC5crohI0gGWiQekvlQiphhwUMpnvgmaz90P6\/erq5bd1d3dcvPD4RldVfV81a99V6e93n\/T8s\/\/P2OHQCGwTAMwzAMwzAMwzAMwzAMwzBMszPbDmAHgP8esCEMwzAMwzAMwzAMwzAMwzAMw1TPB61BW8AwDMMwDMMwDMMwDMMwDMMwjH+w459hGIZhGIZhGIZhGIZhGIZhNhHtQRvAlE9XRwue274laDMY5rHk2+\/W8O2dtaDNYBiGYRiGYRiGYRiGYRhbqnL8D2kazl4475ctvnHowEFkMxn0h8O4ev2a+Pv01EVMT00FaJk\/nOzrwv5dW4M2g2EeS\/7b+7fZ8c8wDMMwDMMwDMMwDMM0NFVJ\/TSi03+z8+LfdbDTn2EC4nf6PXz25\/tBm8EwDMMwDMMwDMMwDMMwjrDGf5Nx7PltQZvAMI8t536\/GrQJDMMwDMMwDMMwDLMpUFUVN24uYEjTgjaFYTYlvmr8L+VyMAzDz1NWRCPYUAv279qKF3\/YEbQZDPNY8qs\/3GGJH4ZhGIZpYlRVhWEYm3au4IaiKOhRVSzlckGbwjAMwzA4d+E8BgsO\/7MXzmNQG8Kp4yeg63rAltWP\/nAY\/eFw0Ga4sqzrmEsmLT8b0jT0qGqdLSqfbCaDbCZT8vdmt98N3xz\/2UwGhw4c9Ot0jImujhaO9meYgFi9v45ff3knaDMYhmEYhqmCsxfOQ1EUvL5vIGhTAmFsYhz94TD2vPxK0KYwmwBFUTAci6E31ItsJovZRCJokxiGaQIURUEkGsVw7DB6Q6Giz\/rDYfz25gKmpy4+Nm1KfziMkfho0Ga4ks1kbB3\/g9pQUyxeTE\/B0nHe7Pa74WvEf7X4tcoyn0xuuhXCN57bhqe2tQVqQ0tnF1qfesbxO2tfL7oe++jbW1i\/ay2Z0rarL\/+d2ytYv72ycfz2brRu78b699\/h0cpXttcXxztcQ7bH7Xzyte0w21prZHvM5WztfhYtW5+0Pbbetm4Wzi2uYvX+etBmeKY3FEIkGhX\/T6dSJdF95XRs2UwGiqKUDMysWNZ1x\/aXruvWYfWGQlAUxdNOMq\/f9fI9L\/bJ93dZ15FOpTxFj0aiUXEPDcPAe6mU7b3y8nwMw\/A1apPujxes7mE55ZOppG7RMW73wGt98\/K9SspHExsa21i9i15RVVWcx85OeoZ276GqqtgbjUJRFBiGgflk0lPdlZ9RJYPNcrErh1tdqefOU3oednWQbLWzieqcm81ObYGf5aV77rVdcbLLrR8ICjmijp6NjDwPsXtX3dpJt7I7He\/lvsnvMJCvA+lUyva7PaoqzquqqoiqHNI028m7n7i9J+bvAdZtjNt9r0e7xBSjKAo++ORj8Vwi0ShCoV6cPH6irPNU2i9Vg\/nd8Ou7DMO4o6oqzl44XzSOWMrlcOb0JIZjhxEptAdjE+OIRCOPXfR\/vchmMmXN\/RoNapObwVlvRb3tbyjHv1+rLNlMZlM1Dk9ta8Oh534QtBlofeoZdL75juN31m+v4N7cZMkCgHzs3Xd\/abtAQN958P67uP\/+u+LvW\/oGsOW1N7H2zSLu\/s9f2l7fyzUAoP3HA+gYiAMA7vyLc52jazuxlvsI95KTjosNftDa\/Sw6f\/4OWjrzzn1zOTv+MY62nX2O53jw6W\/w4P13a27rZuHL2w\/x26+\/D9oMTyiKgktXLpe0oyPxUSzlcjh5\/ISYeF+9fs3zeZ\/esRO9oZCnY6anLmJ6asryM1VVxTle3zfg6ASgqMQzpycdoz0URcGNmwsAgEMHDjpO\/umcTt8j+57esdPyc3k7KvGWMY5Tx0\/YOl96QyH86srlkoXtsYlxpFMpnDp+omSS6+Ve+73Tju6PF+R7WEn5ZCqpW3SMYRh49eVXbM\/v9jy9fK\/S8pGN8oB6JD7q6Z5YMRIfxaCmIZ1KWdbfsYlxDMdiAKzfw0g0KqKd5XMeOnDQ1dE7qGkYmxjHUi5X80hpp3J4qStObZCf9EjtmVW9GY7FMBIfxanjJywdrHSsW7vlVF7DMPD26UlfHLhUx8+cnvTk+Hd7DpXW81pC0XRmp76iKLh6\/VrRotJIfBTzyWSJE9OtnXSrf27HzyYSOHN60vZYejdkDMOw7IMGNQ0j8VFhk67rmJ66iJH4KEbiozV3\/A9pGt6aGIeiKK79lZf2zem+ubXxjP+MxEehKArOnJ7EfDKJsYlxDGoa5pJznhdihjQNZy+cLzmvX+2aHfRupFMpHDty1PG7l65cRm8oVLe+hWE2M1bzKHmclM1kisarj2P0fz2gsaeqqvjgk4+DNqdsDMPA6\/sGYBiGZT\/S6ARhPyf3bQKOPb8NXR0tQZvhiZbt3eh88x20dj8btCmOtIV2S7\/v8eV8T\/zsbNXncb7GHmz9p38TTv9K2fLST\/GENu6TVZufc4vNs0Bi5fQnekMh3Li5EOiquHxtr3YMaUOOn8s7G2qN1WAV2FhwsYpEJoeS3W62SDRaFDHXbARdPpIZqBWVls\/K6S8fU+4AT1EU7C3U9fdS6ZLP7RyC8vFmpz\/9\/ZwHW+g9nE3MlGN22biVwwsj8dG6tAuy41i1qB+q2gMA6A31lnwmt3\/VRCrTc622vP3hsKjj79ksYJZLJBptqG3rvaGQuO9vmxzrZy+ct2y\/BzWtpu2LFcOxGMYmSsdoI\/G4rS3UB43E467nn00kYBgGelS1pkkUrRYa7XBr35jGJBKNYj6ZFHXq5PETWNZ1RKIRT8fbOTuoXavHeDUi7Z6xQlVVTzsSGYZxZkjTcOPmgphH0e6evhd+VLLIl06l8OrLr+DM6UkYhiGi\/2\/cXKjrvG8zs1wIkm7WYOlVKVdTM5YhCPsbKuKfKeXFv+vA\/l1bgzajhLvvFkfdt\/ynbrSH9giHesdrb+Lur08GYZorLZ1dRVHx7aHdWMt96Hrc+u0VPFxcKPl7e98AWrZ3o21nH9p29TnuNKiGtm5nmSWZh4sLJba27exD+0sH0NL5JNpCu9Ha\/ayrzNHjzu\/0e\/jsz\/eDNsMTsoRBNpPBbGJGdChD2hAGNQ3Lui6cVdNTF03H96M\/HC4kjMnaXief1GfO9nMnJ9ZeaTIYiUY8RW70hkJQVdW2U9zrcYJZLf3hsBisLheiJnVdF\/cWyDstzRGNw7GYmFTOJ5Pi3uUd1ofFPbeLijU\/J5llnwcK88m5omevqj2i3pifOV272vKZz1lJ3RqOHRaOB7+ptHxjhShX+ThVVTESH0WPqiISjYpjvRCRZBCsoiBlCSIrJ4ZcDoroprrbGwpZyp7I56bz2+1q8Qu3chC0JVwmEo1gUNPEBLHWtlKCWEqWam6jqCxWTiNaKChH9sncFihKl2\/lpYWdtEd5Lhlzm9cbCuFw7DB6VBXDsRhmEzMNMSmzK6NaeB+BjXolL5QdLrQvZvKyostF5y9HrtR8vHwO832j9gYo7n+AfN80HDsMRVE81QGSKRvUNOyNRmoWVe31XQbc2zcZq\/vGBEOPqiKXWyr6m67rnhzliqLgrcICl2EYmE3MIJvJFOlcn7twvi65KCLRqG2928tORoapChr7yoFTS7kcpqcuFvVZstQeyXbPJhJY1nWMxEfFWPTSlcu8+8YH3poYx2xiBsOxw6JfLXccEyQ9qoqReBxLuZyYBwIQ4+JGJwj7fXP894ZCniJNZJyyQgOlkwmv+Kl5HDSNmtDXyrn9cHEBnW+cQ1tod1FEfaNhts1NGod49NeVIvkh4sGnv8HWk\/+Ols4n0d43UDPHPwA8WrmFh4sLQqbIjvXbKyV2rH29iIe5j7D1n\/4NQH7B4z47\/h059\/vmifYnp8ZSLlfSdmYzGaQLUXTkoDQPmEbi8YIjMus4mMpLBVQ22DJH\/NNE34290ail44X00+sB3V95ax6Qv7e53JKQITA7UDcipUvlG9KpFEbiccw79IP1HNia+2Na7HB65tWWT6bSuqUoCgY1rSZbgCspn6qqoq7Lk5Ns4ZgbNxcKzr3Dnh3\/gwU7nO5lfvFj1TLKmiIwZxMJcZ\/IydJTsNdu7CQ7TOsh2+JUDsIwjJJ7l81ksJRbwtkL59Gjqo4Lhn6xlMuJRVezPeT8sopa7anI8V\/6bqRTabEjxWnxxgk52nreYeHNDqvn8F4qJbaO94fD0OugJe9GxCainJ6PYRg4dOCgqOPGEUPcW6u6ZJYzofrq9Z22kkOZTSTEDiK535Md44cOHCyyJd+\/pxzfYTMziRkMalrN+08KQrh05bLj97y0b0Q5MjJM7al0zi1H2h87clQ802wmg2VdF+14JBqt+SKu0wKY265ThmHsiUSjJe2\/1Xj60pXLRf3RkDaEXxw5KnLY0Hib+tmR+GjRd5jyiUSjiESjRRKeS7mca3\/dSFB9MNepeu\/UrJR62++b419RlIq39Np1to\/7wG7\/rq148YcdQZtRFg8WFxra6Q9sJAB+8OlvsOWln+aT5VYR\/b5+dxWPvl5EW2g3WhySAFfLw9xHePDpb1wTLDvxaOUrPFq5hdYydg88rvzqD3fw7Z21oM3wDDmS7CKmaz1xcsOcWJecZV7sGtKGLJ269dzuSY6x6amLJc7P2URCaN2anS9uz6XZI1YapXx2UbnVUkn5qK4YhlHyuWEYmEnMlJVPQV5IsLODovjtAjDIUW4+Xtd19KiqY3SJncO0FriVw425ZFJIR1hF4ftNNpNFfzgsZH0I87M1O477w\/0AUHXkMjnJ3BZvnJCdyn71E7quFy0sBY2cONZcRnkRRm7b5TmIW12SI5yrcULI0fj94X7RpslJb63sWMrlyrruUi5XVG9qMd9Kp1KYnppybee8tG\/M5oPawPwu0+L6N5dMirx\/\/eH+mo9f5TZQhmV+GKYyKKeb3P+nUym8fXrScndkRJpjUdT5SHy0KP\/G9NQU0qmUGD\/3qCpuFLT\/m30uFSTy+L8ZIuWtaPYy1Mv+wKV+nCYElWr7mQfvzUhXR0vDRvs70gQJY0nTf23pQ7Ru70ZbaHfV0e+PVr4S8jm1wi9ZHk7q687q\/XX8+ss7QZtREY0a+UCDurwsympZEzo7uZ96yfwAGx2x3f0lZ43ZAUg06nPxi6DKt5TLoafg1BvStJrJVpRTPi91haSAvOx6oe3RTs49N\/sq3UHZGwrZOkxrQbO9JyR5ZR7Lmp1FvaFQibwM4E+Ai5fFGyfKibb2C9ql0x\/ux6phIJvJWr67qqpKcmNJRKJRDGpDWNb1siSE6Hn4MT8gKSC5rtJ8xY\/z02KQ1fNcMsmqVEOu0HbWyvHv9V320r4xm4+NxSxracnpqYvoD2d9lzS0w0ruh2V+GKY8rGR9lnUdM4mZovG6\/NnhgozdbCKB6akpzCYSWPzic0s\/IO1qH47FhKRgPq9TBLOJmZonrN+M0AKKYRhQVVUstnjN0dMIDBZkouSdkb2hkGW+pEakXvZX5fhPp1I1jbi8ev1aRcdRlupm5o3ntuGpbW1Bm1E+nV1BW+BIa\/ezIjnu2teLaO1+tiBNtAewkPEp57yAf875WtLS4M+oETi3uIrV++tBm1ERkWikIds\/khrJZrLQC3qNkWi0ZLunGdIHNsv9yDI\/S7lcTaOyvCTiJGeNnR312K4eJEGVzzAMpBMzGImPYiQ+WrNBfznl24hktHZoyM7K3lDI9X2tR2JdO+dKvWV+qkWepNTDYZQrOCrNE9RQIaEvRb33hkJF9acSqZ9aIEdb+12\/6FmYn4NV4ut8Et3DRVI7AMSknt4RORHooKah74UfebKF2mWrd43ss0p8bf4OYP3M6HnX+nlGohHfIhuXckuIRKOWyafrSbntW28ohOHYYYRCIeQKOtFBv0dM+Ti9k\/T3eoxlN8aYpXI\/soQmR\/4zjDNDhX5czu\/yXiqF6amLGNQ0S7\/e9NTFksCJ\/G7ZjZxGYxPjJe\/ffHIOvzhytEhm9eyF8+gN9VruzGacofsr513oTYQqVnMJAhrLkh84m8kgEo3UJUm8H9TD\/tZqDj525Che3zeAQwcOev5xc\/IwwFPb2nDouR8EbUZFbHnppwCAtdxHAVtiTXtfXsOM7CMd\/NbuZyp2iLd0dqG1IB+E77+r3sga0rarT8j8PGzQZxQ0X95+iN9+\/X3QZpQNOSbyUZSN1ckpilI0yaOoSNJOduK9wgDErLNKTv9Gd0jScxmJj7qWtRlphPJRYl+K+veToMsnS6X4vbDSGwqhPxx2lHipp8yPH8gJuOuRUFZ2OMoTU\/qdNPNpMSj\/+4amvB9tF9XLSs4lR1v7eb\/khNBm552c+Np8jN0kU1XVIqc\/sNE3eLMn79w2jNIdj2QfvQ8Eaax6qUt0nDnRaSXQrjH5eVI7lHd6+6P9SuUOMqKvkvZtbGIckWhU6L\/fuLnATtkAqXS82SiRpNSOyDkHgA2Zn3z\/2Bz9H8MEgVqIGM873jd21+3fN4CTx09A13XHQAzyDQ7HYqJ\/m56aEovc1DfLPz2qKqL\/z5yeFP3lcCyGDz75uK5SsJsJGqvmpWv7Xb7dmFCf1KxSbbW0vyrHP5B\/sWlVwssPR2W4c+z5bejqaAnaDEc6Xnuz6OcJbRw\/OPHvaNvZh\/W73+Hewv+oyXVbOrvQtqvP9scN+s7aN3mH\/6OVr7B+eyX\/mUtuArtrP6GNi10ED3MfVlM832jd1VfyjDp\/\/g4633wHQD6\/QTPsTgiCc4vNKYVE2riKouDq9Wu4cXMBI\/G4750G6dhb\/dg5Rq1kEMjp4DZppAkXyf0QJPNTiUPSahBJP35Dz6U3FMIHn3yMS1cuYzgW8+xEtrOzUQYz1ZZPppK6BeQdZCRT4nd0ip\/lqwRa8FrWddy4uYA\/\/ukbnKty++3YxDhu3FzAjZsLAIC3pUmTjJVTbmxiHFevX\/N9gaVc8tvJ40U\/N24uiG2x9QwyoXGtXCfo\/aQIUqtFAT\/Gw+QABSqTDZIXVBe\/+ByLX3xedn4F83O4dOWyqFuziUSJ0\/zYkaOYTyZx6MBBPL1jJ57esVO8v4M29Yom+a++\/ApeffmVgiTARcvvWuEkv6XruthNdvX6NWE\/tSVudUnOH1BthLKqqkJeRN4xJC9wj02M48NPPhYO8GoJckHar\/atWbbzbzbyyc03nEMU5GG3260R0fVl0S7I79Nesei9eXdqMky1jMTj+K20+Lqs6zh1\/ARe3zdQ1PfPJZN4esdO0W9T\/z89NSUS+ObPZx9kI48Z5J1vs4kE9u8bKFrMvnTlclMlqbXi1PETeHrHTrET8vV9A+IeZjMZPL1jJ\/pe+JG4f\/T\/ZV3H9NRFPL1jJ17fNwDDMHDm9GTR\/+VzLes6+l74EZ7esROGYeCPf\/oGi198jmwmW3RMuZivs5TLietkMxlHG4GN533q+AkAEOeiXGDyueTyD2lD+OOfvsEHn3yMY0eOFp3jcbLfisA1\/p2odADdyNGfbjy3vR37d20N2gxXtrz2puXfH63cwt1fnxTOdL9p7X5GOK\/LJZ\/ENx\/tTpH+QH4RoH37ANpDe\/BwcaHiaz9aueV4fD1p29mHtp3WCyH3F6bw4NPrdbaoOfjsL\/fx2Z\/vB21GRWQzGcwnk8JxQhGXI\/FRMQjwQwaFZBqssEuwtCHzs9GmZzNZRKJRy+3VMhSNnP9uXu5HlvlJp1JCo9or9XQSzCYSiEQjYlAciUYRiUYxNjEuBg5OfZ3dvc5mMhXrtvtJteWTqaRubdgxg+FYzHfNaj\/LVwnkfJC3Qg9qGnpDITG4LBc5Gns+mbR9\/6xkfmjRLGjHDknAmDEMA8eOHK2r3BnJQJCcDy0gkg0k90N5Siiiu9x7aHbIK0pX0Q6HchcS5PwN8sJEPlF5l+fFE7vFtjOnJy0TbhuGgZOmScyZ05MY1DThOLQqy7EjR4UjodKFHbv5AUkRyH0LkK\/7bpHolSb2HSokLzX\/jZzessPRMAy8fXqyKHE1RUcahoHZxIzY+eQVu\/wU9aSS9o2iPA3DKCw2jYrFcA4uqy9zyTmMTYzj0pXLBemoCBRFqWu+ED\/IlyNUNB7d6P\/SDRNowTCNxHAsVtL\/nzk9WdHu1GNHjuLchfMY1DT89uYCDh04WNKe0\/zg2JGjJdfQdR2HDhzEkKbhrcKuwkg0ig8\/+bhim4KG2iIKnKb7IY9vaUcS9f2GYUDXdfEdOs78f\/lc\/eF+cTxJAMrXoe+XGxxnZfNG8F\/W0Ub5mLlkEm9NjIu\/5xc6lKJzyfeD8l6Zz2HeNbrZ7beioR3\/jeDUqDcnf9zc+uut3c\/giYF\/xt1fnwzalBLaC0l912+vFEW7P8x9hPa+gQ25ngp4tHIL95LNIWO15bU38Wjlq6LFDybP+H8076IhgMKWymUMaUNFE+megkxCb6g3ELk1GizI26W9RvwDebmMSDSKIW2o4IhtDpkfACJJz9jEOPaatpL3h8O4ej1sOYhtFhqlfLqui4WvkfgoDh3wx\/EbZPn6w+Gi65EDGcg7G\/3Iq0COY7MjFthwypFcTTOgKArGJsZLtOJryUZ+j97Cv8UR\/TRhogS\/cmRcOTjtZqmkXZcd3IZhYFmybTgWq1onl7T5vThjDcMQCyhW0d40GaoVdkns8v2Oc9LwjZwe5bU5drsbAOudEnPJZMHZPVrkiFQURSQ3LGcxsB5SWE6U277NJ+eQzWSL+v3pqSkMxw5DURSE2PFfd2YTCYRCvRjUNNGenCpIezQT88mk2EGjKIpYgKTAE3b8M0wps4kElnUdYxPjYs556cplnDp+oqJAs3xC77AI7Dh1\/ETRGETeNe6E3K+Ykwk3E+cunMdcck7sfB6OxbCUy4kcN9lMBoqiYDh2WAR\/UNs1XEiYTME6h2OHMZecE\/+Xz0X9rWEYiEQjoh81n6NczNfpD4fFMxzShorGzGYbgXywSzaTEQERdK4hbQh7o9GicxmGIe4H5U6jncF0jsfNfisa2vH\/uPET9Qm8+MOOoM3wxJ1\/KW0A2nb14Yk3zqEttBsdA\/+M+zWQ+1m\/veIYVW+3EwGAiIAnmR\/iUcEB3tL5JNp29dk6xM3XbgvtQWv3M1i\/+x2+\/9efebK\/ZXs3tvTZT8zWvln0xSH\/4P13cd+UrLilswsd\/xhHe98AnnjjHL7\/15\/VbGdGM3L1y7\/h2ztrQZtRNaSLSEkb90YjYkI2HIthLjlX1eR4WdeF\/IkZK8eHnQwCdXgk7+LkNKGJPsn9VCPzA+QneeSsM1OLREYbEa4nxAAhP2jIDw7OXjiP9AvWDlw7OQs3p6GqqraOpfwz9C8ir5ryldrlvW6ZoahdGiT7FfXtV\/nKRR5ov75vQDhGKTFqJBqpyPFPQRX5hYtrGNQ0zCXniu4XOUCc9P\/dbLebKPiRtNFqx4tamCwOahouXbnsGDzip335725sT99I9LpU9C\/tCKB6k\/PBSWkYBk4dP1HhM8o7rJd1XWxVHtI0EVUUiUY9tRNP79hZ9H9FUTCoaUIW6tWXXymZrJOkjTxBd5J3qaVDtz8cFn1kfgdMvg2ihIJvTYw73oeNXAb+7IJx2t1EOxCo34xEI+I+kv6\/1S6LaqhVX1Ju+2Z3HVpYa1bnTrNz8vgJzCRmoBbkuOrp9Perbso7SyPRKLosdt0wDFNKOpVCNpPB2QvnRT969sJ5DMcOlx2AoRfGIqTRvxzXi4Ia5PkrjU8JVVVx9fq1on4gnUqVLB40E4OaVtS+mXeryzukFdOOaWrLvJ6LZJHmk0kRCHTj5oLtLmyv2F0HgMjTY2djfj6+MSd3PBc27gctPCmKgsUvPi86x+NmvxlXx79d9E2llLNqXqnest2KoKr2VKXhXOut480e7b\/29SLuJSfR+cZZtP94oCaO\/0d\/XSlxaMs4Ov4LGv7mpLbrd1fxaOUWWrufQVvvHlvHu\/nabSu30PnG2fyCQWgP1jzo+7du73a0Ee+\/W7NI\/PW7q7iXnERr97No7X4G7aE9LPlTYPX+Oi79obETM5eLruvQCzIexZPpaFVOFF3XHSVXzOw1bRmUyWesj3py0r6XSolOVY74rwSzk1OmFo5\/GdoSOJtICCeb0+JHOfdaxk4KBcjfdz8d\/zLllk+m3LpldXwtov5lqilfuZAkTDqVKooen08mhaxRNcjyYJFoxOT4p8W1yt6x\/nDYtv5NT9VmPKXrupCMkaV1am0fPRsa35qT2pKDvz\/cL6JJ5eO8YrWQUc19pIWKmcSMGDPPJZMiAqzS+pWXnkmIxTHzAgLJszQKshSdvPPl0IGD+OCTj0W\/adffyDlsyoF0XmW8RjSSozK\/CDCJq9evFe51xLPj36u2f636klq3b0z9kCUR6omfdfO9VFrIT9K7wUl9GcYdkliMRKMiMpryYs0nk5hNzIixmFX\/NqRp6FFVEXSxv+D8N\/sMZccpLZArilK06ACgLjKcmxU5KI4W45sNua4tS7I5zUIt7Xd1\/I9NjNck4aEXKl1lOnTgoOXLbl6JKRdzVJOfHHv+STy1ra1m568X5Px2i56vN20FmR8A6HzjrO332kO7PS9YrOU+xPrtlXwU\/0s\/9eT4bwTWch\/mFzlCu9nxX+DSH77D6v31oM2oGfJkWk7EVg\/oev3hMP74p28svxOJRlwdvulUWjh0gfzArl5RHLW6juxkq4XjOGiCKJ8c9V\/rAatd+fyqLzTYo4hxIp1K+5ZgeEOmpvhe7RWLa83l+KDtshTRr9dBa1oenJPWvyxNIy8MVJPY1+\/3Z6N+FdtCmtbkmK0UOk9\/uF844FQHR11Q0DMx13WqS5FoVOzWMCPPj8p9PrImbDUYhoHpqYu4dOVyWfM1ev7lSk75RT3aN6ZxoR2fjUI6lcJZFDsQm1WCkWGCgKL\/R+KjGI7FhLxJfziMk8dPiLmoeaFwsJDvZjbRZQH\/jlMAAA1iSURBVNknziZmSnbUpVMpDGmaGIMDG33hfEEWj\/HOsSNHhZQgLcRU4zOtN8u6jpPHTwjpw9mEgkGT7HEjUy\/7WeqnAejqaMGh534QtBk15dG3t8r6vlmOp1raC9H+brRs70bL9m7PEjgPFxew5bU30bazz9Nxj769hbvv\/tL+c5beqTvf3lnD1S\/\/FrQZNccwVgO5rjyJsoN2ljkN1EjuhyaK9XRIygNUOwd2r5D3KM+hV6vBKSVArOc1g74WUBz1f7igT1lLrMpHybHsFtkqTQZqpqtGThNZe1t2VgMbUcL94X7HxZz5ZNL2s3o5Gp0GzH7bR8m4qL0zP1dajKDo8mbQIverfpkTtwLFCVqJq9ev1SzQiK7jVGetnomc6M4KOV9DkI6Gaq7tJs0SVF9Sq\/aNaQxIosnunRzSNAxqQ1jK5WxzmPhZN2W5H4Cd\/gxTCYZh4MzpScwmZoT0Tm8ohBs3FzCbSFhG4mczWaGnbhirQs+c3mHa3Uaoqoq3Cjk5Ns7BUf6Vks1kxP2dTShFEjTNgryTvz\/c33RlqJf9gTr+abv8487Jvi50dbQEbYYvtGzvtvz7+t1VrN\/9Lr8TwEZOp13Svl\/\/3l\/ZFdL3X7+9gkd\/tXaut3Y\/i5bOJ8uSwHlQcPwDwJb\/csB1t8D63dXAd0HYPaPHlfHM5ogKcHOcK0peSqyezgkv0ZDk9PeiJ01yP\/R7PaGIXrtJKpXVnDvA\/bnknRt+PxeKVq01QZXPiZnETNU7\/IhKykeOY7sFLaorhmFUdF9Um0htO0jLHyh\/56JddHbeYZO1rWO6rgeW4NFLpLDf9tHElSas5ug02cmVv751jpFGgCL9zZHYlZ7HinQqXdc2gRz41A9aQQnVZNx2yFWa2LcSnNqiStpZuR1yol59CWHVvinKhjPCKXcH0zxQP2m345MieZ36Ob\/rJsn90O8Mw1SGruvY8\/IriESjou0ejsUwqGl4+\/Rk0XxvemoKkWgEvaGQGHMu6zretljwG5sYx3AsJv5PkdLs8K8cVVXF+GLQpySy9YaC78if0GzUy35Xx\/98cs63hFUyVkl3\/LoWDSaWdd02MWKj8Nz2duzftTVoM3yjQ9KvN0evr+U+RHvfANp\/PICHiwt4tPKV+Kyls0scu357peizamntflY4u+\/NTdo63jsLiYnLkcBZv72CtdxHaAvtRvuPB\/Dg\/XexfjeYyGovtHY\/K2SPOLEv8Nlf7uOzP98P2gxfOHvhPFZFEtJiKNkiUL0zpxxk7WS7yfq5C+cL0iz9ro5\/kvupdwI5IF+GwcK2UlmTGMhrVpPjRV6QUBQFN24uYHrqomXZZDmaZogANtOo5SMJjWqjhystH01AFEXB2MR40TtJ2zgB98UrciabHSPkbPTq5JNtM2uVywleNwORaNQymXitoXtsJ58jJ\/itt212yLsQZHu8OoSdoOS9+ev4P4coF3kxzu6zIW2oKBhJLSz0yt8xExKJmmvbrw7HYhjShmyTJQ4XdjeV0876tcBTKeW0b4ZhiIXUIU0rko6iZ9QI7xTjnWwmi0FNQ28oVPRMgXy0v50EVy0huR\/6nWGY6kinUnj15VdEhD5p8veH+zE9dVHM5V7fNyAkZgzDKJHrkfMHABDfmZ66yLI+FUJJZM9dOI\/FLz5vOj18wzBw6MBBLOs6rl6\/VkiEuxEI0egEYb+r479WCQDrca1qEwXWg2ZN6NthkaC2LbQHrd3PAMhL9Zgdyw8XF9DeN4CWzifR+fN38PD3C0DBSd7eNyCc8w8XF3y1tW1XIdr\/7neO0fYPcx\/mHf87+9DS2eXZgf9gcQFtod2FJL+7fbe\/Elp39aEDxc+oZXs32kJ70NL5JAD\/73MzMv4fm2OwkJ88R8Xv8pax3lAIh2OHRUcyX2U7m9dojtt+TsmZyBbAeeJGkz8vTtp0KhXYVk6KIlcUBVevX8NsYgZAfpU+IiUwlhckKEHh2QvnMagNIZ1KC8dMJBoRizHLuu6QbNj+XlstoNcTP8onU07dcmN66iKuXq\/O8V9p+XRdF5IBg5qGLkURzrVh6V2cS845Xj+dSmEkPoreUAiXrlzGbGKm6LpeIxJl3fuzF86jZ0rFUi5XNImSnbPZTMZ2ZwDJsVBitaCwqiuq2iPuTb2jlM0LkWYHbK5kIaDUQTs2MY7eUMgy6Wu5eDlXOpUu2l6\/lMsVaYp63VVlfg6K0iXayvx1Ns5DE\/QhbQjzyaS4b\/JuiFqwkWC59BqyA5LadnmBzlwGQlXVuiwykS2KoohkidlMFoZhQFVVoY8M5AOovFJpUmK\/KLd9ox1\/bxUSPJIeMf3ejIvnjzNzySTemhgXjsDeUC+WckvoD\/eLOlBOn+8HhmHgVGGhnp2JDOMPuq7j2JGjGInHxRiY+tzpqYuif7Waz1AAzd7CogEAIf\/Fi73VQfd7LjmHwcKiSzMh54pIp9INlz\/KjSDsZ43\/APmJ+gRe\/GFH0GZUxBYLx7\/M\/f9T6hBY+3qxyPm\/5aWflnzn0cotPPj0N77ZCWxICD1ykdiR8wq07urznKxXTvLb8dqbDeFQb9vZJ+SNrFjLfRS45FDQXP3yb\/j2zlrQZvgCdR69oRB6RPLE0g5kNpGoOlJ+4\/zWTE\/lJ2tqQdcRcHaK0GekA+k2eQ\/K2UjSdJSwynwPSNdSJp1KiUGuk2PLTr8WsJdaAfL3LkjHvx\/lk\/Fat7xADoNqnInVlO\/t05NCKz8SjZZs3XTSmCfk99p8DtIj9gothNAkSma5sFDRTLjVFast4rVEbrfkxL52n1s5lShJtB\/RPl7O9V7B8WrVnpkXMZ1weg6UyE++5tjEOHpUFR988rGn8\/vBUi4ncsSYd72Yk3Sb3\/PZRML2ecnnrxWGYQinNyVLlKUOZBu89gf1WrRwotz2jRK3k6NYhpM5Nienjp8okgGRsRpT1YMgx1QMs5mZnprCbCKBq9evifxRl65ctsz5A6BIJgjYWJhrtvFqo0LStbUMuqglqqpCLewQIamcZiII+10d\/81aGWoBTRz8olmj\/Z1Yv72Ce3OTtlI995KTWP\/+O0un\/9o3i7j3v075KpXT0tlVtAvBifXbK8KB3x7a7dnxD2wk+W3Z3o22XX0N7VR\/8Olv8OD9d4M2I1BW76\/j0h\/8zSMRJLRdbCQ+aukQAFD3CF15O6aTU0TX9SL9\/EaO2qNJqPkeL+s6fnHkqIW8Rw779w0UtrWW9qXNPoht9PJVG\/VfTfl0XcehAwfxqyuXS6JoZhMJzw6Nk8dPlJyD3vdyxiPZTAanjp8ocZhR3d0sTjPDMEr0Y+sFTaDsHKn0eaO0cXpBQ5eibomlXA7Hjhyt+vxW9VzXdct6SPfESorHL8h5HolGSt7ZQwcOCmeEzHwyafuu1lPf\/+TxE8jllsRCjZl0KiUilb1A0kDpVCrQd7+c9s2u7qRTqUAcxEz1UL01t0FUBxqlrWQYxh8Mw8Dr+wYQiUZFEEBvKITFLz4vJAVOQFVVXLpyuag\/psTAm2Ws2ghQ7q9mpd4BJH4ThP0t\/\/D3O14F8Du7L\/zxT9\/Uz5oG59CBg74N8I89\/yR+8fw2X85VL1o6u9D61DO2n69\/\/51nbf6W7d1o29mH1u3dQoLH6diW7d3577pcg2R9Hn17C+t3V4tspr850dr9LFq2Pll0HS\/XLrpOYQGhVjiViey3w8s9eBw49\/tVXP3yb0GbURMoOlnWHs9mMq6DJYoAXLZJeqkoiienDB1P5\/OyBZ+0e+Vr09+8LLh6\/a6X73nRCyb9ajqXF8c2aRHLUZZO1\/Cy6F5reQN65l6uU275rK7jhlw\/vNrmVf\/Z7XvVlC8SjQpb30ulKtp1Q+eg6Hy7+uv2Hsvl8Fp3Zaze1VpgVw63uhLk1m+3e+P1c3P7VImGeTntJ0XBl1snnNoot+ta1UMrm8tpg7zYSxPdV19+xfIZUMQ\/SUU5XbPSd6GcZ2NXDjn3gNPuDLv3aPGLz6EoitD4rSVenqHX9g0o7n\/N+XaY5sTcBnkZs1aLW19Z6XcZhvGGqqoYjh0uCqbKZjKijwTyYwlZDmgzMxKPN4VcjVPePpIDbXTsgiGb3X4XfsKO\/zLwy\/Hf1dGC\/7v\/P6Oro8UHqxiGKYdv76zhv\/7v\/xe0GQzDMAzD1JEPP\/kYPaqK+WSyKOn24wQ5FwzDwKsvv8IRlAzDMExgDBVyt5h3\/UxPXcRsIhGgZQyzqfhJa9AWPI6c7Otipz\/DBMR4hie5DMMwDPO4MT11EQBEYsHHjXyOgLzMz2xihp3+DMMwTKDMJZPoe+FHwsmfTqXw6suvsNOfYXzGVeOfBslMfktttTy1rQ37d231wRqGYcrls7\/cx2d\/vh+0GQzDMAzD1BlK5Av4M6ZvNgzDwLKuY1VR2KnCMAzDNAxnTk+yjj\/D1BBXqR+GYRiGYRiGYZhmR85\/8zhCmvtB5sNgGIZhGIZh6oa7xj\/DMAzDMAzDMAzDMAzDMAzDME0Da\/wzDMMwDMMwDMMwDMMwDMMwzGaCHf8MwzAMwzAMwzAMwzAMwzAMs4loB\/BXAB8EbAfDMAzDMAzDMAzDMAzDMAzDMNXz1\/8P5so1XFcV\/\/gAAAAASUVORK5CYII=\" alt=\"Markalama G\u00f6rseli\" title=\"\"><\/p>\n<\/div>\n<div>\n<table style=\"width: 100%;\" cellspacing=\"0\" cellpadding=\"0\">\n<tbody>\n<tr>\n<td style=\"width: 120px; font-weight: bold;\">Norme<\/td>\n<td style=\"width: 400px; text-align: left;\">TS EN ISO 6134 TYPE 1 CLASSE B<br \/>\nISO 1307<\/td>\n<td style=\"width: 120px; font-weight: bold;\">Couleur<\/td>\n<td style=\"width: 400px;\">\n<div class=\"color-icons\"><img decoding=\"async\" src=\"data:image\/svg+xml;base64,PHN2ZyB2aWV3Qm94PSIwIDAgMTAwIDEwMCIgeG1sbnM9Imh0dHA6Ly93d3cudzMub3JnLzIwMDAvc3ZnIj4KICA8Y2lyY2xlIGN4PSI1MCIgY3k9IjUwIiByPSI0OSIgZmlsbD0iI0U4M0YzRiIgc3Ryb2tlPSJibGFjayIgc3Ryb2tlLXdpZHRoPSIwLjUiLz4KICA8Y2lyY2xlIGN4PSI1MCIgY3k9IjUwIiByPSIzOCIgZmlsbD0id2hpdGUiIHN0cm9rZT0iYmxhY2siIHN0cm9rZS13aWR0aD0iMC41Ii8+CiAgPGNpcmNsZSBjeD0iNTAiIGN5PSI1MCIgcj0iMzMiIGZpbGw9IiMwMDAwMDAiIHN0cm9rZT0iYmxhY2siIHN0cm9rZS13aWR0aD0iMC41Ii8+CiAgPGNpcmNsZSBjeD0iNTAiIGN5PSI1MCIgcj0iMjIiIGZpbGw9IndoaXRlIiBzdHJva2U9ImJsYWNrIiBzdHJva2Utd2lkdGg9IjAuNSIvPgo8L3N2Zz4=\" alt=\"\" title=\"\"><br \/>\n<img decoding=\"async\" src=\"data:image\/svg+xml;base64,PHN2ZyB2aWV3Qm94PSIwIDAgMTAwIDEwMCIgeG1sbnM9Imh0dHA6Ly93d3cudzMub3JnLzIwMDAvc3ZnIj4KICA8Y2lyY2xlIGN4PSI1MCIgY3k9IjUwIiByPSI0OSIgZmlsbD0iIzAwMDAwMCIgc3Ryb2tlPSJibGFjayIgc3Ryb2tlLXdpZHRoPSIwLjUiLz4KICA8Y2lyY2xlIGN4PSI1MCIgY3k9IjUwIiByPSIzOCIgZmlsbD0id2hpdGUiIHN0cm9rZT0iYmxhY2siIHN0cm9rZS13aWR0aD0iMC41Ii8+CiAgPGNpcmNsZSBjeD0iNTAiIGN5PSI1MCIgcj0iMzMiIGZpbGw9IiMwMDAwMDAiIHN0cm9rZT0iYmxhY2siIHN0cm9rZS13aWR0aD0iMC41Ii8+CiAgPGNpcmNsZSBjeD0iNTAiIGN5PSI1MCIgcj0iMjIiIGZpbGw9IndoaXRlIiBzdHJva2U9ImJsYWNrIiBzdHJva2Utd2lkdGg9IjAuNSIvPgo8L3N2Zz4=\" alt=\"\" title=\"\"><\/div>\n<\/td>\n<\/tr>\n<\/tbody>\n<\/table>\n<\/div>\n<\/div>\n<\/div>","protected":false},"excerpt":{"rendered":"<p>&nbsp; \u00dcr\u00fcn Ad\u0131: BUHAR-1B \u00dcr\u00fcn Kodu: ST561 Tekstil Buhar ISO 6134-1B &#8211; Ya\u011f Diren\u00e7li Kaplama Kullanim Alan\u0131 : Maksimum 6 Bar (87 PSI) \u00c7al\u0131\u015fma Bas\u0131nc\u0131nda Genel Doymu\u015f Buhar Hizmetleri \u0130\u00e7in. Alt Katman : Doymu\u015f buhara dayan\u0131kl\u0131 EPDM kau\u00e7uk. Takviye Katman\u0131 : Y\u00fcksek Mukavemetli Sentetik Tekstil ve Antistatik Bak\u0131r Tel. \u00dcst Katman : A\u015f\u0131nmaya, \u0131s\u0131ya, buhara, [&#8230;]\n","protected":false},"featured_media":22252,"comment_status":"open","ping_status":"closed","template":"","meta":{"jetpack_post_was_ever_published":false},"product_brand":[],"product_cat":[2358],"product_tag":[],"class_list":{"0":"post-21368","1":"product","2":"type-product","3":"status-publish","4":"has-post-thumbnail","6":"product_cat-sel_buhar_hortumlari","8":"first","9":"instock","10":"taxable","11":"shipping-taxable","12":"product-type-simple"},"jetpack-related-posts":[],"jetpack_sharing_enabled":true,"jetpack_likes_enabled":true,"_links":{"self":[{"href":"https:\/\/tuzlahortum.com.tr\/fr\/wp-json\/wp\/v2\/product\/21368","targetHints":{"allow":["GET"]}}],"collection":[{"href":"https:\/\/tuzlahortum.com.tr\/fr\/wp-json\/wp\/v2\/product"}],"about":[{"href":"https:\/\/tuzlahortum.com.tr\/fr\/wp-json\/wp\/v2\/types\/product"}],"replies":[{"embeddable":true,"href":"https:\/\/tuzlahortum.com.tr\/fr\/wp-json\/wp\/v2\/comments?post=21368"}],"wp:featuredmedia":[{"embeddable":true,"href":"https:\/\/tuzlahortum.com.tr\/fr\/wp-json\/wp\/v2\/media\/22252"}],"wp:attachment":[{"href":"https:\/\/tuzlahortum.com.tr\/fr\/wp-json\/wp\/v2\/media?parent=21368"}],"wp:term":[{"taxonomy":"product_brand","embeddable":true,"href":"https:\/\/tuzlahortum.com.tr\/fr\/wp-json\/wp\/v2\/product_brand?post=21368"},{"taxonomy":"product_cat","embeddable":true,"href":"https:\/\/tuzlahortum.com.tr\/fr\/wp-json\/wp\/v2\/product_cat?post=21368"},{"taxonomy":"product_tag","embeddable":true,"href":"https:\/\/tuzlahortum.com.tr\/fr\/wp-json\/wp\/v2\/product_tag?post=21368"}],"curies":[{"name":"wp","href":"https:\/\/api.w.org\/{rel}","templated":true}]}}