{"id":21365,"date":"2025-08-11T10:52:42","date_gmt":"2025-08-11T07:52:42","guid":{"rendered":"https:\/\/tuzlahortum.com.tr\/urun\/buhar-1a\/"},"modified":"2025-08-20T15:55:16","modified_gmt":"2025-08-20T12:55:16","slug":"buhar-1a","status":"publish","type":"product","link":"https:\/\/tuzlahortum.com.tr\/fr\/produit\/buhar-1a\/","title":{"rendered":"STEAM - 1A"},"content":{"rendered":"<p>&nbsp;<\/p>\n<div class=\"report-container\">\n<div class=\"report-header\">\n<div class=\"standard-text\">Nom du produit : STEAM - 1A<\/div>\n<div class=\"standard-text\">Code produit : ST560<\/div>\n<\/div>\n<div class=\"product-image-container\">\n<div class=\"key-feature\">Vapeur textile ISO 6134-1A<\/div>\n<\/div>\n<div class=\"horizontal-line\"><\/div>\n<div class=\"product-details\">\n<div class=\"detail-row\">\n<div class=\"detail-label\">Domaine d&#039;utilisation<\/div>\n<div class=\"detail-value\">: Pour les services g\u00e9n\u00e9raux de vapeur satur\u00e9e \u00e0 une pression de service maximale de 6 bars (87 PSI).<\/div>\n<\/div>\n<div class=\"detail-row\">\n<div class=\"detail-label\">Substrat<\/div>\n<div class=\"detail-value\">: Caoutchouc EPDM r\u00e9sistant aux vapeurs satur\u00e9es.<\/div>\n<\/div>\n<div class=\"detail-row\">\n<div class=\"detail-label\">Couche de renforcement<\/div>\n<div class=\"detail-value\">: Textiles synth\u00e9tiques \u00e0 haute r\u00e9sistance et fil de cuivre antistatique.<\/div>\n<\/div>\n<div class=\"detail-row\">\n<div class=\"detail-label\">Couche sup\u00e9rieure<\/div>\n<div class=\"detail-value\">: Caoutchouc synth\u00e9tique sp\u00e9cial microperfor\u00e9 r\u00e9sistant \u00e0 l'abrasion, \u00e0 la chaleur, \u00e0 la vapeur, \u00e0 l'ozone et aux intemp\u00e9ries.<\/div>\n<\/div>\n<\/div>\n<div class=\"datasheet_table\"><img decoding=\"async\" class=\"alignnone size-full\" src=\"https:\/\/tuzlahortum.com.tr\/wp-content\/uploads\/2025\/08\/datasheet223.svg\" alt=\"\" title=\"\"><\/div>\n<div class=\"table-notes\"><\/div>\n<div class=\"horizontal-line\"><\/div>\n<div class=\"footer\">\n<div class=\"standards-section\">\n<div class=\"standard-item\" style=\"margin-top: 9px;\"><img data-recalc-dims=\"1\" width=\"1020\" decoding=\"async\" style=\"margin-right: 10px;\" src=\"https:\/\/i0.wp.com\/tuzlahortum.com.tr\/wp-content\/uploads\/2025\/04\/tse-1.png?fit=1020%2C40&#038;ssl=1\" height=\"40\" alt=\"\" title=\"\"><\/div>\n<div class=\"standard-info\"><\/div>\n<\/div>\n<div class=\"horizontal-line\"><\/div>\n<div class=\"temperature-section\">\n<div class=\"temp-icon\"><img decoding=\"async\" src=\"data:image\/svg+xml;base64,PD94bWwgdmVyc2lvbj0iMS4wIiBlbmNvZGluZz0iVVRGLTgiPz4KPHN2ZyBpZD0ia2F0bWFuXzIiIGRhdGEtbmFtZT0ia2F0bWFuIDIiIHhtbG5zPSJodHRwOi8vd3d3LnczLm9yZy8yMDAwL3N2ZyIgdmlld0JveD0iMCAwIDcyLjI3IDE2Ljk4Ij4KICA8ZGVmcz4KICAgIDxzdHlsZT4KICAgICAgLmNscy0xIHsKICAgICAgICBzdHJva2Utd2lkdGg6IC41OXB4OwogICAgICB9CgogICAgICAuY2xzLTEsIC5jbHMtMiwgLmNscy0zLCAuY2xzLTQgewogICAgICAgIGZpbGw6IG5vbmU7CiAgICAgICAgc3Ryb2tlLW1pdGVybGltaXQ6IDMuODY7CiAgICAgIH0KCiAgICAgIC5jbHMtMSwgLmNscy0zLCAuY2xzLTQgewogICAgICAgIHN0cm9rZTogI2E3YTlhYjsKICAgICAgfQoKICAgICAgLmNscy01IHsKICAgICAgICBmaWxsOiAjYTdhOWFiOwogICAgICB9CgogICAgICAuY2xzLTIgewogICAgICAgIHN0cm9rZTogI2ZmZjsKICAgICAgfQoKICAgICAgLmNscy0zIHsKICAgICAgICBzdHJva2Utd2lkdGg6IDIuMDZweDsKICAgICAgfQoKICAgICAgLmNscy00IHsKICAgICAgICBzdHJva2Utd2lkdGg6IC4ycHg7CiAgICAgIH0KICAgIDwvc3R5bGU+CiAgPC9kZWZzPgogIDxnIGlkPSJrYXRtYW5fMSIgZGF0YS1uYW1lPSJrYXRtYW4gMSI+CiAgICA8Zz4KICAgICAgPHBhdGggY2xhc3M9ImNscy0zIiBkPSJNMTEuMzQsMTEuNTdjLS45NCwxLjcxLTIuNzEsMi42Ni00LjgsMi42Ni0zLjA1LDAtNS41MS0yLjQ3LTUuNTEtNS41MlMzLjUsMy4xOSw2LjU1LDMuMTljMS45NCwwLDMuNjUsMSw0LjYzLDIuNTIiLz4KICAgICAgPGNpcmNsZSBjbGFzcz0iY2xzLTUiIGN4PSI2LjU1IiBjeT0iOC42NiIgcj0iMi40Ii8+CiAgICAgIDxjaXJjbGUgY2xhc3M9ImNscy0yIiBjeD0iNi41NSIgY3k9IjguNjYiIHI9IjIuNCIvPgogICAgICA8bGluZSBjbGFzcz0iY2xzLTMiIHgxPSI2OC4zNCIgeTE9IjExLjc2IiB4Mj0iOS45MiIgeTI9IjExLjc2Ii8+CiAgICAgIDxsaW5lIGNsYXNzPSJjbHMtMyIgeDE9IjY4Ljc4IiB5MT0iNS41MSIgeDI9IjkuNzMiIHkyPSI1LjUxIi8+CiAgICAgIDxsaW5lIGNsYXNzPSJjbHMtMyIgeDE9IjU0LjA3IiB5MT0iOC43NSIgeDI9IjguNjQiIHkyPSI4Ljc1Ii8+CiAgICAgIDxwYXRoIGNsYXNzPSJjbHMtMyIgZD0iTTY4LjE1LDUuNTVjMS43MSwwLDMuMDksMS4zOSwzLjA5LDMuMDlzLTEuOTIsMy4wNi0zLjYyLDMuMDYiLz4KICAgICAgPHBhdGggY2xhc3M9ImNscy01IiBkPSJNNTMuOTEsOC43NWMwLS4xNC4xMi0uMjYuMjYtLjI2cy4yNy4xMi4yNy4yNi0uMTIuMjctLjI3LjI3LS4yNi0uMTItLjI2LS4yN1oiLz4KICAgICAgPHBhdGggY2xhc3M9ImNscy0zIiBkPSJNNTMuOTEsOC43NWMwLS4xNC4xMi0uMjYuMjYtLjI2cy4yNy4xMi4yNy4yNi0uMTIuMjctLjI3LjI3LS4yNi0uMTItLjI2LS4yN1oiLz4KICAgICAgPGxpbmUgY2xhc3M9ImNscy0xIiB4MT0iMzYuNDMiIHkxPSIxNi45OCIgeDI9IjM2LjQzIiB5Mj0iMTQuMjQiLz4KICAgICAgPGxpbmUgY2xhc3M9ImNscy0xIiB4MT0iMjguMDUiIHkxPSIxNi45OCIgeDI9IjI4LjA1IiB5Mj0iMTQuMjQiLz4KICAgICAgPGxpbmUgY2xhc3M9ImNscy0xIiB4MT0iMTkuNTkiIHkxPSIxNi45OCIgeDI9IjE5LjU5IiB5Mj0iMTQuMjQiLz4KICAgICAgPGxpbmUgY2xhc3M9ImNscy0xIiB4MT0iNDEuNTciIHkxPSIyLjc0IiB4Mj0iNDEuNTciLz4KICAgICAgPGxpbmUgY2xhc3M9ImNscy0xIiB4MT0iMzMuMjgiIHkxPSIyLjc0IiB4Mj0iMzMuMjgiLz4KICAgICAgPGxpbmUgY2xhc3M9ImNscy0xIiB4MT0iMjQuOTkiIHkxPSIyLjc0IiB4Mj0iMjQuOTkiLz4KICAgICAgPGxpbmUgY2xhc3M9ImNscy0xIiB4MT0iMTYuMDgiIHkxPSIyLjc0IiB4Mj0iMTYuMDgiLz4KICAgICAgPGxpbmUgY2xhc3M9ImNscy0xIiB4MT0iNDQuNjMiIHkxPSIxNi45OCIgeDI9IjQ0LjYzIiB5Mj0iMTQuMjQiLz4KICAgICAgPGxpbmUgY2xhc3M9ImNscy0xIiB4MT0iNDkuNDkiIHkxPSIyLjc0IiB4Mj0iNDkuNDkiLz4KICAgICAgPGxpbmUgY2xhc3M9ImNscy00IiB4MT0iNDAuODgiIHkxPSIxNi45OCIgeDI9IjQwLjg4IiB5Mj0iMTQuMjQiLz4KICAgICAgPGxpbmUgY2xhc3M9ImNscy00IiB4MT0iMzIuMzMiIHkxPSIxNi45OCIgeDI9IjMyLjMzIiB5Mj0iMTQuMjQiLz4KICAgICAgPGxpbmUgY2xhc3M9ImNscy00IiB4MT0iMjMuNzkiIHkxPSIxNi45OCIgeDI9IjIzLjc5IiB5Mj0iMTQuMjQiLz4KICAgICAgPGxpbmUgY2xhc3M9ImNscy00IiB4MT0iMjAuNTkiIHkxPSIyLjc0IiB4Mj0iMjAuNTkiLz4KICAgICAgPGxpbmUgY2xhc3M9ImNscy00IiB4MT0iMjkuMTMiIHkxPSIyLjc0IiB4Mj0iMjkuMTMiLz4KICAgICAgPGxpbmUgY2xhc3M9ImNscy00IiB4MT0iMzcuMTYiIHkxPSIyLjc0IiB4Mj0iMzcuMTYiLz4KICAgICAgPGxpbmUgY2xhc3M9ImNscy00IiB4MT0iNDUuNzEiIHkxPSIyLjc0IiB4Mj0iNDUuNzEiLz4KICAgIDwvZz4KICA8L2c+Cjwvc3ZnPg==\" alt=\"S\u0131cakl\u0131k\" width=\"100\" title=\"\"><\/div>\n<div class=\"temp-values\">\n<div>-40\u00b0C \/ +165\u00b0C<\/div>\n<div>-40\u00b0F \/ +329\u00b0F<\/div>\n<\/div>\n<\/div>\n<div class=\"marking-section\">\n<div class=\"detail-row\">\n<div class=\"detail-label\">Image de marque<\/div>\n<div class=\"detail-value\">: Ruban de transfert ou gaufrage<\/div>\n<\/div>\n<p><img decoding=\"async\" class=\"marking-image\" src=\"data:image\/png;base64,iVBORw0KGgoAAAANSUhEUgAABf0AAAAoCAYAAABEkVAiAAAACXBIWXMAACE3AAAhNwEzWJ96AAAgAElEQVR4nO2df2gc57nvv7IUR0ms4RouBUUDp\/G5SdBCW1AKu\/c0P1rq3T+ik17QLtTG54C0N7Xr\/iHtAf+AE0lQ27mgSFBZF+pjn7IS3Cuswq4OHF\/5wm7KbZq0nYVEkARWpClx\/xjZtP\/kMLYT17Hs+8fsM3pndmZ2dnd2Znf1fCDE2t2ZeWbed+Z953mf5\/v0\/O3ffP0RGIZhGIZhGIZhGIZhGIZhGIbpdH66L2wLGIZhGIZhGIZhGIZhGIZhGIbxB3b6MwzDMAzDMAzDMAzDMAzDMEyXwE5\/hmEYhmEYhmEYhmEYhmEYhukS+hrdUJIkjKVSkCTJT3uapqQoKCkKAGAykzE+31ZV5HO5sMzyjecP9uHMCwNhm8Ewe5L3\/\/wVLn18J2wzGIZhGIZhGIZhGIZhGMaRhp3+cwvziCcSftriC0uLEJz+U8bnJUXpCqf\/mRcG8O2v7Q\/bDIbZk8z8XgvbBIZhGIZhGIZhGIZhGIZxpWF5n3Z0+Hc735MfZ4c\/w4TE6idf4ObdnbDNYBiGYRiGYRiGYZiuIJ5IQJblsM1gmK6k4Uh\/JnhY1odhwuH2\/Ucs68MwDMMwDMMwDMMwPiBJEiYzUxhLpXBb07C0eLEr1DkYpp3wzel\/8vgJaFr40hfbqhq2CS3h5DcO4OmnesM2g2H2JJc+voPb9x+FbQbDMAzDMA0ynk7jtqbtWYeCJEm4dOUyjh05GrYpTBcxHIlgq1wO2wyGYTqMeCKBuYV5o0aoJEmYW5jHeHoCx44cbQvfYhBEYzGsrl0N2wxP\/JevP2P7+WQmY5JWb1dKimI7B+p0+2vhi9O\/pCgoFgp+7IqxYWB\/D449\/2TYZjDMnuTm3R2sfvJF2GYwDMMwDNMgFE0oSRJKigK1S4OE3Fhdu4rhSATJVGrPLnww\/mF12J09dZr7FcMwNZFlGatrVzEkyPmUFAWyLGNIljEcieDX772LpcWLWMlmQ7SUYbqDtpH3WV27imgs1vR+lhYvYmlx0QeL2oczIwMY2N8Tthkm+n\/0c9fvH362ia9++0s8unfbcdsHH2zgweaG7fb7R\/8J+55+Fg9vfor7Gz8zPu8bGUXfC6NVnzsd4\/7\/WcTDW39w\/F1P\/wAe\/8c5AMBfc+fx6PNbjr\/dN\/gc9v99xvF7fHkHX21uYKf8jvNvfISuBeB+LYH6zpMxM6N0TpSBLMuYzEzhcCJhvIRtlcvI5\/KmSVM90QS0muxlm61yGRfOnXf8fnp2BsORCJYWLxoF1+1IplIYSyVRLBRrTvYmMxlEY1Gs5\/KuL5u0T7ffkX0Xzp23jVobjkQwmZkyatpsqyryuXzNMScai2E8PWGqhVMsFLCey9sumPtxreuFro8XrNcwmUphPD2B4UgEAKBpGt4uFLCcXa4Z\/TcciWB6dqbuY9I1cssyrNWeXn9Xb\/sR8UQCk5kp47pslctYWrzYUJAEtc+2quLMqdNV35NDkyIurX1DTJ+WJAmapmElu+xpvkTRwYDu1Gmls7TWeVjx0g9aQa1rIssy5hbmHZ831OdqPbfod3ZsqyqWFi\/60h61+lc9dmmaVvPeCIPxdNro+9a+Qs8heg9xuldrPSe9joF21GpPSZIwnk4jmUoajpJtVUWxUMDS4kXHcxJtKimKMY4F4ZwdT6cRT8QBwDUyTRwH7O7lWte91jOe8R96xgHASjZrLACoquo6v7MymcmY+vR6Lufbc80J6m9ennfxRALj6Qnf51wMsxeRZRljqZQponpbVbGcXcZKNmu8x9JcVR+Xo3jz3Pk9uVDfKuh55vUdrB1Zz+WQz+WRTCUxlkqFbU7dBG1\/2zj9GXueP9iHHxx6Imwzquh9ZqTm930jo\/jyFz+pcjDTtg8\/23Tcft\/Tz9oeY9\/BwZrHFo\/R88QB999FXjZ+2\/vMCB587uI4f+JA7fOOvIwHmxv4a661E8P9338dj33\/deNvt2tJdnk9T2aX9\/9yH+\/\/+X7YZnhiOBLB6tpVw9kvfj49G0EylcSZU6exVS43tMDqx6LseDoNAIgnyq4vhUOyjGgsBlmWazr9x9MTlcjNkuvvaJ9uvxuORBCNxaquIX1nvb5DlclpPBHHa6+O2u4zmUoZL8Yi8UQC8UQCxUIBZ0+dNjk5\/LjW9ULXxwviNXxrYb5qsiJJEsZSKYylUjUX4iVJ8nRca7vRNuPptOP+3drT6+8aaT+n7YYjEVy6chkr2WzdzgNaVLG7HyRJMiJ4nZhbmDctWpBzHUBNx388kUA0FsO2qrbc4V\/rPESisZjRD6KxWKBOZk3TMByJQJIkDMly1XUR7yc752o8kcCQLGM9l3c9DvVNJw4nEjh25GjTDk+3\/tWIXfFEoq2CcHSH+QQA4M1z5033K0Ucivc\/3asnj58w9at6npN2NNqeTvfGkCxjPJ3GWCqFs6dOm2y1e7YuLV7EWCqFIVluebS\/3djgRDKVRDQWw1a5bLt4V+u613rGM\/5DwSWvvTpqLJJdu76B8fSEZ6e\/XR8ZS6V8e645Id4btRYYxip9k2GY5ojGYnhrYd4U3V8sFEwOfbWyEFdSSpjMTGFIlo35No1xe0Xyp5VcOHceJUVBSVEQT8Q78hlHC7YlRelIp3\/Q9u9r+RGYpmj34r0Pb32KnRubxn8Pb31qfNdzcBCPp9p79bD30K4Tvy\/yii\/77BsZNe3Xb3oPjZgc\/l63Ifw6z73AzO87Z2IxPTtjvPhuVyKtSopiTI6GIxGT0y9oxGN7tYNSPN32GcTLPjlcrNeX0CMnq7OAJEnCG0IExVa5bLQLEU8kPDs5241oLGaaqNC5iS\/qtCjTKlq5\/0bbLxqLmRz+W+Wy5Zqk65pgD0cixjFWsstV34+n0659KBqLmbJTxOcCyZ24QRG2yzbH9pNa52GFIoit\/w4KalO7tqTPnM6HXnrLTTq1JEnCv1QyDhqlVv9yQ7wnSopiqqs1mZmCLLzchwmNFXp2ltnR\/YYwdtL5EHYLfq3EqT3Fe0PTtKrrLS5quKFnYeQq+6z9+0axjg21oN\/W2\/+Y8Ign4qbxXtM05HN5z2PbZCZTNX8Q+\/NbAd17h13mo5IkhTpvZphuQJIkXLu+YZLz0TQN333xJZw8fsJ20S2fy+G1V0dNgQhzC\/O4dn2DF3l9gJ7TkiR19Duo+P9OI2j7fYn0l2XZSJn1C6doj1p0UyHf78mP49tf2x+2Ga7c3\/gZdixR5j39A+j\/0c+xb1CP1u85ONi2cjK9ggO8N\/Ky5+3u\/nP1Ddp7aASP\/8Nb6Ok\/gMf+7kjVdfGbh7c+xb7BZz39ttHz3MusfvIFbt7dCdsMT4jRg9boyt30yJjxubUIDxWv8RKZ6VTApxbRWNT495AsQ7aJjrUjmUriwjl7x1hQjj5KMwX06AiahMqyjEtXLmM4EsF4egIr2axp3BK3O3bkqMmZRNtanUwijV7rRlhaXKxq+z\/+6YarHeQ02lZVHDty1NSe0VgMl65croqqdaLRwkQkedGKiOJG24+ui6ZpOHn8hPE9XROKsj92xFs0ZLLidK+lQ76ey9k62sierXLZKIw2HIng2vUNwy6nKHlZiLB9O6BIeqfzsCJOlMOY9FPWlCwPVX03HBkGoPdP67NOtNVrJKu1\/wG6I3h6dsaIhGs008Fr\/7KDosVExIJ0erZP+NH+hytjhd01Iqfeei5nRF5Rpg5FBFvP0TpWUsSy13eQetuT7mG7zCLa7qwHWSZAd6zTIoLXcbhRvNzLtCCjaVrNPtxO2SOM\/fPLq0NOHJdExx\/dS0HVnkimko4ZTuzwZ5jGscpKAmYpH2I4EsFbC\/OG81kc5y6cO498Lm98PyTL2PzoQ6xks7aydow3KEt9SJaNrCqaS3QKq2tXjToQI9\/8FjRNw6UrlzvmuR20\/b5E+tMN+Mc\/3fD83+ZHH7q+pF04dx7Hjhyt+79uKiDU7lH+Tjy6d9skb7Pv4GCI1jjTe2gEPf0H8OjeHWNRoreJKPidzzbx4IONyn5a61j\/6re\/xJf\/8x89\/dbv89wL3L7\/CJc+vhO2GZ6hAUJPsTa\/EGuahjOnTjvKzwSFqJUMuEdXibgNfl730SzkFCsWCqaJqqqqOHn8BAB7KQValFjJZqscPKqq4rVXRztaI5ba5oKN1mZJUfDdF18KZExOeqxFUC+NtJ8YGWitXVFSFLxZ+b0X2SGCnGZOUjCaplXmP\/bfU79cyS4bL0jiYoVblM9h4dnSaj3VWuchQtFJmqZhW1VrZgW1gq3yFgCYUtWJiGCL9XuKfq9H99qOlWxWyDaI1vi1M7X6V72UFMWIJm\/GLj+he9Lat8Rntngv53M510wOK9T3ypU+0QhO7Sk+K+ykxFayWYx881ue709VVes6t0a5cO68p\/oQlEn0Nss2dByaVl23zQtin7bOH3RpD\/3ZeDiAwA5a\/LIjiOMzTDdCQS5USwfQ36F+fPyE6T2KAtPE+RvVByFoYVAMrBpPp42gK6YxSKKS5gPrHehDjcZiUFXV6Bd+zWODIkj7Q5P38ZqKulc5+Y0DePqp3rDNaBi34rntQu+w7vjeKb+DnRt6VH5fk8562g+gZzy0gp3PNl2LGFtpxXl2O5c+voPb9x+FbUbduDmRwnyZlisOOSoeCnh3Bjk584KS9gF2HTp2g7HoQHGafLrVEegGJ4dTvwvi3DRNM\/SpW0U97Sf2AbsJtBjJ6uVlxUsUrN2ihMjJ4ydw7MjRBgsI6w45L474Zql1HiLkxBXlloKO9idHlfW4pPNPWL8Xi7A2S7FQBOCtL9lRT5R1Pajqds3fuDnb3Lap97lP11\/TNNfMCuu9bPf8Inksse3E9PhmF3Lc2tMtA7reZy0dp1WLMiVF8VQfQlwkDeIZw7QHYhCI3T2zO08M5pluF0DC0j4MUz+yLGN6dgara1eN+3dbVXH21GmcPH6iagym2kyi3A9Q\/Y6nqiounDuPH1RqiNC2eh2RdEBn152Q5Oj07Ixr9nm7QvLF0VgMk5mpKpnZdico+xuW9ykpStODsdvEfXp2piGHwYVz5zuqoe0Y2N+DY88\/GbYZXQ\/p3O98tolH9+7oWvweigR75okDwL3GomD8pOXn2WXcvLuD1U++CNuMhmhXnUMaKxp10NlJ\/FAUtqZpLT1v0SnlNLYUC8WKLvaw7fft2i5+4be8Xz2sZJcxmZnCZGaqZVkF9bSfLDh07a4J6XFHYzEMRyI1J9d+RME2OoGXhQW3oKR9vELOypJSwm1Nw1gqhWgs6rkQrR9Y5Z5oEcDqsLU+F8j2ZqLC\/SKMKOvJTMZUi2O78jJvXXQgmaCSouDk8ROmQrb1FMP2yyEP6BkA1ueM2N6tfP\/wcxyptVAdFJRlYq2T4wZJjql1bMO0F5KkB0U5z6kKgcob2kn8kMO\/1XNMhukWxtPpqjpRlPGqy\/yYs3LXc3kjCIKyScWsHxqfrO+LtChI2QDTszOYSE\/YziOY2pCkz1a5bKgCTM\/OdMxiiiRJuFSphSTODa9d3wh9juOFoOxv2Ol\/4dx5TwXgrHh19DR6kt0wMJ8ZGcDA\/p6wzWgKsXDswzbU8+85OGjo4e\/c2AS+vCN8\/lzDmQqiM70d6hi06jy7mRmlcyOvDycSkCRvGupBQinSJaVkRMZTHQK3l3b6XTyRqHLwUGTW24VCS6veixG7teQTnMafsVSyq6TnrISp272SzWI8PWFE+7fiOtfTftRfvEht1JqviJGGrSiiSwsUTi9JQUr71MthIdJ\/W1Uxh\/lQojLpGTUciVRF\/i8tXsRkZsok9QPsXvewA1Ra2b9oocOaJUN63SJDlfoYdjr3hOjwB2A7JjhBNRe2bBZZxOOJ41E90fvionYrGao4u\/04Trs4\/ZN1FgmPJ+KYzEwZf1v14Jlgsatn4gXqd14yglqJ+Py21regeWur55gM0+lQhLLo4yspihGIS9H8VkpKyciao\/twq1w2LfhRzTnzdnoNsHK5XNGmTxjziPVcDhc81hJjzIjXLOxnc6OIknOqqoY+x6mXVtrfsNOfJlr1QoUBGXueP9iHHxx6ImwzGqanfwD7Do1g\/\/dfBwDslH\/TFs5vK30VTfuHtz417KPCuL2HRhpyhvf0D6DvhVFjX+1AK86zm3n\/L\/fx\/p\/vh21G3RQLBWMR9tr1DSwtXkSxjfRxrU6RkqJ4cvoXC0UMybIh8UOOCkr71J2R7TsxKRaKxmR3de0qVrLLXRWFUiwUEE8kMJmZgiwPYTm7HLgjkySjWhHtH3b7iVGwkcri13ou15SDi5wbY6kkhmTZNY3UKu0jV+7FWjIprYYkXkQ7vC4k+g1NyocjEaNvkMN7q1w27CJ7RekfP64hZTw1sq9W9C+9b6VMxXFFSkoJY6lUJetLXxCgqP\/p2Rnb2jM0ftC+DicSWFq86NkmemlyGg+p2Oz07AyWFi9CVVVjPPUSgU6ZG61qz5KiGH3n0pXLWMkuN91O7eAkp\/sGAG5rGiYzGVM2oNM21r\/nFuYbKgLPNAcVhBeRpAFfZMuCgmTN4okEDicSRrS\/uCBaLBTZ6c8wNrgV6l3P5Uw1pJYWL0KWh0zjP80\/x5QkorEY\/uXKZbz26qjtWK2PedvGMWi\/Z0+dxlZ6y5hHUBHwC+fOd3Qm2Fa5XMkiH0Y8kUCxUMBWeQvxRBzDkUilvsFtQypdv967f69klyFJAxhPp7Gtqsjn8sbf1n2Jf+tKK7eRTCWxtHjR2KYRatnsZqP1\/KnP0N\/iviRJMv6m9xZJGoAsy1havGhss9fst9Kw059pDZ1WvLf\/9Z87frdzY9NU0NdP9g0+h\/4fOR+7FhSRv\/PZrgb\/Tvkd7Bt8Fn0jo\/jqt2uu29sde9\/gc+jpPwAANbcPimbPc68x8\/v2cJLXC2nwRWMxDMky5hbmMYd5bJXLyOfypslXs6yuXXW0wS7y0s5BV1JKGE+nEU\/Ea0aIU5SVKPFDjhF9gK0vuyuZSjrqGPsdEbCeyxnOIzHSpVgo4O1CsaaDut5rHTQr2WVjIjKWSmEslYKmaXi7UEA+l69rwj0ciTie73ou73qt6DoPybIxOfaDZtuvWWjyR\/c0AExmpnD21OmGjz09O2NahHMK3hAdciTtM5ZKGXqTYTrZ7CKraSExnogH+qKnvxAkTBI+FNkvOv1JyomuqZP8Uz1MZjJCNLpz3Qkn\/OhfTvespml406bAdz6XQ0lRTJ+XFMWI5HeSCrtw7rzhkJPliw05rZ2c8hfOnTfaiFKs6Rx+7CG4abc\/1t8GIm7tSQub5GSZzExhW1UrxeWXm3LiB71QRogF2HeLNk5hPZdzLQBML+LRWNR4Lod1DnuZtwtFzC3MGxl2w5EIxlKptpOCq8XbhSLiiYRJ4mfX4d8+wTMM005EYzG8tTBvyoZ2enZrmoalxUVEY7GK079kevc7efwEfv3eu6asPyvDkUglUKVkmp\/QvtdzObwxO1OZj+nvE8VCoaEA5XaAgvcAXebl7KnTlSCnLC5duWy8A2qaBlkeMv6WpAFo2m3j+urO6t2ApWgsZtrXtesbxjWiuRgdn\/ZB71b1Ih5nde2qYSPNi8X9r+fyJhvFRZs\/\/ukGTh4\/YQQ\/yGuyaV\/xRNz0TkyZIWL26OZHH9btL+h0+620rdO\/UW3+sNOlm+F78uP49tf2h22GLzy6dwdf\/faXeNQiTfue\/gMN69L39A+gt1LIViy8+6D8Gzz2\/dexb\/BZ9PQPuNruduydG5t4sLnRkG1+4sd57iVWP\/kCN+\/uhG1Gw1g1jwF9sJ+ejWAyM4U3z533xUlZby2XuCDDQ9Ag5ubkIfK5vBE5SoNiM9I+lDkQBJqm4diRo1hdu2oarOOJhBEh\/2ObwlZE0IVJ66WkKDh76rTgsIERaUPRPDTRqQU51u2P4+5MU1XViNYdT0\/45vRvtv2aQdTTtzK3MF\/lOG30GEOyDM3GfnLI+XEcv4kbsgtF4zNaSAz6ntGfZVOGZA9F8muaBlVVUS5vYQy7jtVdWYv6rqmTcx2A4fyth1b3r5KiONpk3a8Yye5U50LU2\/a7P1oLL1u\/c6NRPf9623NpcdGIkiSGZBnj6TTG0+m6ahwQftRmawYnJwI5hezmK9aFyncqjiJ2+gdPsVDAeHlCDzKpzAF0B5z3LJx2oFgo4A1txiTxc9hmjGEYZhcKNrOOSVaZLC9QEd\/Njz5ENBbDpSuXq5z1YsCEHaqq4uTxE8aYAOhjzOZHH2Lkm9+qy552gOYeND+hd2X6NyHLQ6b5i3XOYp3fSJJk7Gs4EsGA8Le4LdVd0Y\/R2DuzeBxx3\/o5mPdvZ6N4PvSuIn4H7C4G2dkt7qMRh3mn22+lbZ3+nVg9ulk6LcofAB5sblTJ9\/QcHETfyCj6\/2EO9zcW2y6afJ9Qb2Cn\/I7x74e3\/oBH9+7oCwqRlxty3H\/1q1\/g\/q9+4YudzdLK8+w2bt9\/hEsf3wnbjKbQNA2vvTpaqQAfNQqFAvqAMbcwj3Il8jRIxIKboq2iXr\/bYgRpdpPEj1yZ8LSjzrgdW+UyvvviS6Z2oQF+SJZd01k7AYrcPSycH01OorEY5hbmA4m0WVq8WCnm6m\/UZ1jtJzrjKJp3PD1hOMpEKYJ6WM\/lUVJKxrmsrl3Fd198qcr+XXmWfBNn0RqcIv0BmBw3QSDq0Yr\/F2WH9M\/1TADSwG42KpzwGo1uxa\/+JabcE\/FEHPFEAvKajGNHjnq6N0j31+m7VjK3MG88s6wL0peuXLa9PwiyedtSgLBR3NrzzKnTWK5kV9H9S4yn01DV7UALWTeD+JJM0g\/DkYgR4XY4ETfNC5YWF22zAouFQmWxzz57j2kdtCg+PTtj1DQheaxOgrITx1IpHK5InImR\/p2mCc0wQaBpGs6cOo2SUjIybWlOaZX38bq\/k8dPYG5Br89Ei9kEBQM7Of31bSaMcYXu63bIim6EN2ZnMJZKGu+8\/359wyQXee36BjRNM+YB167rvhxxLkqBFNOzehYsjbura1cNaUral6qqkGXZCNSanp0xAp4afQZaj\/POe+9CVVXDZjcb5xbmMV6eMBYcVteu1jx\/Wrg4duSoIRk5np5oeNGi0+230rZO\/73GyW8cwNNP9YZtRt082NwwSccQO59t4vHUDPaPZvDggw3fo8l3bmzi3r\/+xPH7p\/6Hs8Onj6Lfy7+p+u7hZ5vojbyM3kMjrs7wu\/+8+7LVe2jEkDmqp2ixm421zs8LfpznXuHSx3dw+\/6jsM3whWKhYEQJkr4yvUhPpCdc0+a9IBZYqoUYvW11wu7q+kdrZiDQi30ylTScM\/kGnZFiyqKV1bWrLYl81DQN+VzOOE9yblDxKaeFj3qutRW3+jnN7NcOVVWxks2aUuMnM1PGoo4XJ2yzkjFitP9kZgrHjvgXNNBo+zUDvbhsV6KXgN3U22gshngi3pCDT7STIqLGUinTvsTIk0ayJujFz45m25mcMVYnq7iQGI3FoLq0h5\/2qRWZHpr4W6Ve6LkXcVgU8MpWuVz1Ak3O0kYWnPzqX3YyXkuLi8Z+rH1LlmVMZqYqRee9RS61ckFUbDNR1ojkAUjb2+n+jlQWc8oBteeWsHBPtr0xOwNJkjCRnmiJ078VY4kY2UaFeOlZQ89WL4hF75jgIcdfWPjVN0m3P5lK4nbl\/mNpH4apDQX+kLTOkCxjenbGkCypZ65TLBQgndOD1KZnZ0zj2fTsjPFv8T2OnKNixgFJoHZy8LA1+9n6t119GxHru6z4tzXjnf4W\/QfFQrGqgHK9OB3Hi42Nnr\/Y7uPpiabe6TvdfiuuTv9kKoUxQXMxSPRCEvUPtk4PGDe9YC+0Ur92YH8Pjj3\/ZMv2HwYPNjew\/\/uvo+fgYNtFkxvSPE8cMAoOGzyha\/L3Rl4B4G11eOezTTz6\/Jae4fDCaNucq9\/n2a3cvLuD1U++CNuMlqBHXukTo8nMVOCp\/OLxrDI8NHB6sSmfy1dqACQwUHEUdZpurMhWuWzIMemR6bUXPjqJYqGAkqLg1++9a0x03JywfmGN9m8VQbQfRa5ane7rubxv55bP5SvPhajp5YqkfdrR6SFG9E5mMo6\/CfJ+oih1XTJHdwKLL5tidE+j8j5+v8C2un\/RfqyLB6trVwOTV\/MCnate\/2a3z2yVy1jP5TCeTldFndttX2\/mhh\/tSYuRqqoa17WeLJcwpX3E6y7aS3VUGCZIaKwbjkSMIo0s7cMw3iBpHXGxPBqL4dr1DZODnlQ8xGj9yUzGVCsqn8uZJEPt5qCUMRlPJKrq8Kxkl2vWimPMUBANZRXoz8Lh2hu2ERRIQe8zkiT5FiEfBEHY7+r0p1SdMGg0lcQpcshNLzhszowMYGB\/T9hm+M7D\/7iF3oOD2Hdw0PQ5Sct4wSod1Cz7Bp9DT8We3mdGHLX5e\/oPoPfQiG0Wgx1f\/e6X2D+aQe8zI9g3+Bwe3vpDzW1EnX0rD29+6um4TrTqPLuRGaW9nFqtgHSng3a2kPY2AMcXeZLtcYsGoZROMTo1qBRy0S4nhwpp8NXrINVlVmItaZewI1wo8rpV52eHGO2fDCBgwa79qL+4TdZonuKlv1gjWan\/+Tmfsc6bdutwNOb00DTNsf81K9VCtg1VIsbt0Gt+OEef+m0f9QOSFrLuR8xAoGvdLvWnWtW\/7PaTTKWMe2UlmzUdO5lKtvw5IcsyrK55q6yPCNWJcHuvGLJp76ARbR9qQNqq1ljRyrHE+gwUbWed\/u5ld6F0yPZ7cYHUrQ\/42T9I4sfLcRmGqWarXMbIN7+FyUwG4+kJo\/C8vvi\/jHwuVxVES2MAZQZb\/X9iFjFBCwrib\/XfNVfUfq9CEqXxRAK\/fu9dALXrGbUTW+UyXnt1FIAeNC7WdegEgrI\/VHkfvzRNO5nnD\/bhB4eeCNuMQHl46w\/ofWbEcErbse8\/6d\/57fQnyRsv9A6\/4tkZ\/uCDDewf1aMOH\/vOD\/HXXO3o+Wble9xo1Xl2G+\/\/5T7e\/\/P9sM3oWrw6jrZPjwwAAAvySURBVKKxWE2nCUn80L+DQnRKkG6tld2oxa3A7KpFK7PT2hmK9h9LpRy1P1sJ9Rex8JaI6MxoxlHodVuS+ALgOfqJJptigUYRksdx6mNb5XJL+p+1WJYTdI2drpHf9u3q+g9jOBLBdkXyh6BivhRB2gnOpFY4sUWHv1VnNxqLtuwlrdHFx1ovveL41gltKlJPBFlYY4nYB8XMgHbLPmLqhxb8nOaI8UQCcwvz0DTNtQinn32TJH6A6gwUhmG8s7S4iJKiGBnmw5EI5hbmMRwZrpKwe7tQQDKVxHAkYorat5OqkySpUrx+whift1UVF86dD\/S9sNug9rAW8+0UxP6kabc7yuEPBGd\/KE7\/bVXFcna5YwpOtZJOLN7rhZ7+Acfo8oc3P9WjzyOvoKd\/sUrvv29k1FgQ2LnVXMS7FV3ORte5\/+p39gWG+0ZG9f8iL+P+xs887ffRvdt4sLmBvpFRx\/MKkladZ7cx8\/vueHmUK1lZtSQIgoxGFB10VBjISjKVxFgq5Uk\/miR+6N9BUlIURGMxjKcnqiaWw5GIoxM3nkhAVVXH604SG+0S9Vsv4+m0Y7Euv5zb9aKqqtFezU6cGmk\/0fk3nk5XOdqtuqNOkCPZGglJ97JXx9dAJdIKoKKru44MylDpFMSiqU460lRUMp5IBNbvSM+dshCs+u67xXz1+yGMxSgrfvUvJyjLy+5cg9Zhp+O5pavbOR9rFYcNMiJ4MpNxXLQTbffa58POUNjtf+ZntHguYh8k55FYd0Hffsi0P6YzELNP7TI6SFo4yMU0kviRJCnwOSbDdBu6XI9iivonmVa9ALB+b6sVpz3N3ZwK8A5HIviXK5dN83q3Gm2MO9uqinwuj2QqiUtXLqOklALJkPaTkqJgq1zGWCqF6dkZqOq2EVzTCQRtv6vTf2lxMbCbqRWRJH4XK\/Sb78mP49tf2x+2Gb6zb\/A5PJ7aLbjywFJI9sHmBh77zg\/R038A\/T\/6Oe797zNGRH\/voRHs\/\/t\/AqDLAO2U3\/HNrp7+AewbfLZi0zvO0e39A8bCQ8\/BQc\/ZBuT07+k\/gL4XRvHVb+2d7a2m1efZLax+8gVu3t0J2wxfmFuYN5ycumzC7ssyOauBYF\/wDwsFN90iMEiDvRYk8UP\/DhLSp47GYnhrYd5wOA5HInirEgmtaZrpPCVJMqKk3zx3vmpBZjydbssMAa9EYzFMz84gmUpW6VNTYa2wpEyWFi9ida05eZJm2k8sKKxPrPVtqcAxUFsvv6SUMJZK4XAigeHIMrbKZUiSZEzKvV5TioylNGux79IChDXrcmnxou2+orEoorEYtlUV6yE4RQ5XHMklRXF0BhULRaNAeFBY28LaH8hWuh\/KNvc7LZL6IV3mZV9+9S87kqmUsUBr1052kh6t1F4lB2PERjaUvtOLc+861qkIMaD3KTuCWrQlzePhyDDePHfe1KZypWgigKoMEzfo2RVWNDP1iyFZRjKVMp6RTnMVytaYzEyZ9NepjezuKaZ9IV3vIVnGpSuXcezIUeMZND07Y\/TPlexyoHaRxE8n14ximHZiaXER67mcUXdmSJaxunYV67mcMR8tKYohb2KF5q40pwB262pxNk7jHDtyFKqqYiWbxeZHHxpBK53CtqoavuOSUjJliXQCYdgfqrzPXqcbovz7X\/+56\/c7Nzar9O0f3voDdm5sVvTvn8WTp\/\/NdtsHPjvNewXJmx3LQoSIuNDQF3nFs\/NeLOj72N\/9MDSnf6vPsxu4ff8RLn18J2wzfEGMqJ7MTGEyM2U4+qxyGE7OvHr4459uOH5HhZgA50KR1t8T8USiZnrmKy++VI+pvlEsFDCp6lFpJB1jxfpySoU7gV2ZFDpf8TvRKWzF67UOA3opp8JdpOEvfgdUR5e77c\/tfOuJ6CGncDO65M2033J22egjThI5tZwZxUIBc5iHJEm4dn2j6nzqiURcyS5jMjNlOHnJgSYeS8TpOk9mMnpRZpc+20rIZicnLLDrxCX9\/KCkQEi3f9cG5+\/tnMS0SORH5JqXffnVv1bXrrp+L+6HzpvuDVXdBtBaaR\/xuHaFbkXn42RmCslU0nAoE04OwEaL+NYLjaXxRALxRMJYzBHHfqC+8Z32GZbMKmVQkezDeHrCkEQDqvvfSnYZ4+k0hmQZv37v3apn2HoIzyOmOZazy0ZwwLXrG6a6TYD74m6rOHPqtGMWGcMwjaGqKl558SWMp9OYzExBkiQj4Gtp8aJjEIyYJQDoYznVBmAYpj72hW3AXuXY80\/i6ad6wzajpTz6\/Jajtv1f\/9dZPHSR7nmwuYH7v\/qFr\/b0VSRvHt76tKb0DhXZdZIocuKr3\/0SANBzcNCQ2AmaIM6z01n95Avcvv8obDN8QdM0HDty1JTeTkUjxReos6dOBxoVQVEDtZwK9FIXZGRuvWiahh87SBQBusPB6lwrKQrOnjpdlXUhFvOk\/XYiS4uLJkkmSZKM8yO2yuWqFN2gaHaBq5n22yqXcdbFcXBWSG12QtM00zlYHVz1RBevZLPG76md7L5rZ8Tr7rWwo5\/FjmthLdxb7\/dB42f\/csLaz4uFgsnxT4vU0VispYsz4oLkYZtoNvHZToXlxXOwGzfF37S6PU8eP1FVrJd0kon1XM6zI4TkAAHnBY0gEMcGcSF1q1yucuJTRCJQ\/Qy7cO486\/x3ICvZrKmdxfkqRfIyDNM9rGSzOHn8hBFoMiTLRmCMqCVP+v60QCBuyw5\/f1hdu4rJTKZm4Ea7Qhkjk5mMbWBVuxOG\/a6R\/qSvxejyDn49aAb29+DkNw74sq+wIGex4\/fl3+DBBxuOTudH927j3r\/+BI9954fojbxiyNHs3NjEgw828GBzw3a7h5\/f0rMHbrpr\/ZN9j768U\/W5W\/Q78eCDyvGf2G2nR1\/eqXneDz7YMCLtewef9VWeyA6y56FFmqeZ8+x2bt7d6Zoof4Iqv5M+vqh9XVIULGeXa+qHU8SjE14irkTtavp9re3sZEK82FPvb738juy3cyBslcv4waujmMxM4XAiAUmSakad5HM5lBQF4+kJk5Nmq1xGSVGqCloR9VzrVlLLDr14VhHJVNK0yFRSFBQLRU91ezRN83S+1nartU1JUbCey2FIlms6hJzavdH2o21VVcV4esJYACsWCljJLnuOXlxaXMR2ZR9UIDafyztGb9O1tPYNWhgk2YQhWW4oYoruoVb3PbvzkGXZuH9rtedKNmtyIgZBSSkZkjr293TJ6It23zs9n9yeSU54fSbW27\/s7HI6fj6Xt+3ndv1wafEiorGooedLOPXnRsjn8piejWAiPVH1XKLCzrQAIUkSSoqCleyyY\/YZ9UdN0+paTG+kPen+TaZSOFwZ3ymLRX\/O5W3tdLp+QRcrdXreUbYaPSNFLWe766N\/fhvJVNLUd7iAY+eia3uXTM+gkqK0fCGnnmeLn88hhtnrUAYPFeuWJEnPYvsogZPHT1Sk9qaM31MNp6Czfrodym7sZKyBZp1G0Pb3\/O3ffN0x3HV17WpHX0w\/8bNYyJkXBnDs+Sd92RfDMPWR+c1\/4P+pfw3bDIZhGIZhAkCSJGx+9CEAVBWD3UuQlMqQLOPCufOeFmYZhmEYxm9kWcYbszOOevJiVkC3I1fkYzsBJ39opzjhnWR1O93+GvyUnf4e8cvp\/\/RTvfi\/\/+0\/+2ARwzD18v5f7uO\/v\/152GYwDMMwDBMgby3MYyyVwnZFX3gvQkWBNU3Dd198iWVxGIZhmFCJJxKVYvWRmhlfDMM0xE9Z0z9gzv\/X4NLNGYYx89YH7jUOGIZhGIbpPqiGwZCgab\/XiCfiAPTCuOxQYRiGYcKmWCjg2JGjWM\/lcLZSTJvHJ4bxF9dIf8Z\/Ol3Ln2E6le27O\/j3z74M2wyGYRiGYUJgMpMB4Jye3u0MRyJ4a2Eer706GrYpDMMwDMMwTOtxl\/dhGIZhGIZhGIZhGIZhGIZhGKZjYHkfhmEYhmEYhmEYhmEYhmEYhukW2OnPMAzDMAzDMAzDMAzDMAzDMF0CO\/0ZhmEYhmEYhmEYhmEYhmEYpkvoA\/C9sI1gGIZhGIZhGIZhGIZhGIZhGKZp\/vT\/AVSvtHP+AxyXAAAAAElFTkSuQmCC\" alt=\"Markalama G\u00f6rseli\" title=\"\"><\/p>\n<\/div>\n<div>\n<table style=\"width: 100%;\" cellspacing=\"0\" cellpadding=\"0\">\n<tbody>\n<tr>\n<td style=\"width: 120px; font-weight: bold;\">Norme<\/td>\n<td style=\"width: 400px; text-align: left;\">TS EN ISO 6134 TYPE 1 CLASSE A<br \/>\nISO 1307<\/td>\n<td style=\"width: 120px; font-weight: bold;\">Couleur<\/td>\n<td style=\"width: 400px;\">\n<div class=\"color-icons\"><img decoding=\"async\" src=\"data:image\/svg+xml;base64,PHN2ZyB2aWV3Qm94PSIwIDAgMTAwIDEwMCIgeG1sbnM9Imh0dHA6Ly93d3cudzMub3JnLzIwMDAvc3ZnIj4KICA8Y2lyY2xlIGN4PSI1MCIgY3k9IjUwIiByPSI0OSIgZmlsbD0iI0U4M0YzRiIgc3Ryb2tlPSJibGFjayIgc3Ryb2tlLXdpZHRoPSIwLjUiLz4KICA8Y2lyY2xlIGN4PSI1MCIgY3k9IjUwIiByPSIzOCIgZmlsbD0id2hpdGUiIHN0cm9rZT0iYmxhY2siIHN0cm9rZS13aWR0aD0iMC41Ii8+CiAgPGNpcmNsZSBjeD0iNTAiIGN5PSI1MCIgcj0iMzMiIGZpbGw9IiMwMDAwMDAiIHN0cm9rZT0iYmxhY2siIHN0cm9rZS13aWR0aD0iMC41Ii8+CiAgPGNpcmNsZSBjeD0iNTAiIGN5PSI1MCIgcj0iMjIiIGZpbGw9IndoaXRlIiBzdHJva2U9ImJsYWNrIiBzdHJva2Utd2lkdGg9IjAuNSIvPgo8L3N2Zz4=\" alt=\"\" title=\"\"><br \/>\n<img decoding=\"async\" src=\"data:image\/svg+xml;base64,PHN2ZyB2aWV3Qm94PSIwIDAgMTAwIDEwMCIgeG1sbnM9Imh0dHA6Ly93d3cudzMub3JnLzIwMDAvc3ZnIj4KICA8Y2lyY2xlIGN4PSI1MCIgY3k9IjUwIiByPSI0OSIgZmlsbD0iIzAwMDAwMCIgc3Ryb2tlPSJibGFjayIgc3Ryb2tlLXdpZHRoPSIwLjUiLz4KICA8Y2lyY2xlIGN4PSI1MCIgY3k9IjUwIiByPSIzOCIgZmlsbD0id2hpdGUiIHN0cm9rZT0iYmxhY2siIHN0cm9rZS13aWR0aD0iMC41Ii8+CiAgPGNpcmNsZSBjeD0iNTAiIGN5PSI1MCIgcj0iMzMiIGZpbGw9IiMwMDAwMDAiIHN0cm9rZT0iYmxhY2siIHN0cm9rZS13aWR0aD0iMC41Ii8+CiAgPGNpcmNsZSBjeD0iNTAiIGN5PSI1MCIgcj0iMjIiIGZpbGw9IndoaXRlIiBzdHJva2U9ImJsYWNrIiBzdHJva2Utd2lkdGg9IjAuNSIvPgo8L3N2Zz4=\" alt=\"\" title=\"\"><\/div>\n<\/td>\n<\/tr>\n<\/tbody>\n<\/table>\n<\/div>\n<\/div>\n<\/div>","protected":false},"excerpt":{"rendered":"<p>&nbsp; \u00dcr\u00fcn Ad\u0131: BUHAR &#8211; 1A \u00dcr\u00fcn Kodu: ST560 Tekstil Buhar ISO 6134-1A Kullanim Alan\u0131 : Maksimum 6 Bar (87 PSI) \u00e7al\u0131\u015fma bas\u0131nc\u0131nda genel doymu\u015f buhar hizmetleri i\u00e7in. Alt Katman : Doymu\u015f buhara dayan\u0131kl\u0131 EPDM kau\u00e7uk. Takviye Katman\u0131 : Y\u00fcksek Mukavemetli Sentetik Tekstil ve Antistatik Bak\u0131r Tel. \u00dcst Katman : A\u015f\u0131nmaya, \u0131s\u0131ya, buhara, ozona ve [&#8230;]\n","protected":false},"featured_media":22250,"comment_status":"open","ping_status":"closed","template":"","meta":{"jetpack_post_was_ever_published":false},"product_brand":[],"product_cat":[2358],"product_tag":[],"class_list":{"0":"post-21365","1":"product","2":"type-product","3":"status-publish","4":"has-post-thumbnail","6":"product_cat-sel_buhar_hortumlari","8":"first","9":"instock","10":"taxable","11":"shipping-taxable","12":"product-type-simple"},"jetpack-related-posts":[],"jetpack_sharing_enabled":true,"jetpack_likes_enabled":true,"_links":{"self":[{"href":"https:\/\/tuzlahortum.com.tr\/fr\/wp-json\/wp\/v2\/product\/21365","targetHints":{"allow":["GET"]}}],"collection":[{"href":"https:\/\/tuzlahortum.com.tr\/fr\/wp-json\/wp\/v2\/product"}],"about":[{"href":"https:\/\/tuzlahortum.com.tr\/fr\/wp-json\/wp\/v2\/types\/product"}],"replies":[{"embeddable":true,"href":"https:\/\/tuzlahortum.com.tr\/fr\/wp-json\/wp\/v2\/comments?post=21365"}],"wp:featuredmedia":[{"embeddable":true,"href":"https:\/\/tuzlahortum.com.tr\/fr\/wp-json\/wp\/v2\/media\/22250"}],"wp:attachment":[{"href":"https:\/\/tuzlahortum.com.tr\/fr\/wp-json\/wp\/v2\/media?parent=21365"}],"wp:term":[{"taxonomy":"product_brand","embeddable":true,"href":"https:\/\/tuzlahortum.com.tr\/fr\/wp-json\/wp\/v2\/product_brand?post=21365"},{"taxonomy":"product_cat","embeddable":true,"href":"https:\/\/tuzlahortum.com.tr\/fr\/wp-json\/wp\/v2\/product_cat?post=21365"},{"taxonomy":"product_tag","embeddable":true,"href":"https:\/\/tuzlahortum.com.tr\/fr\/wp-json\/wp\/v2\/product_tag?post=21365"}],"curies":[{"name":"wp","href":"https:\/\/api.w.org\/{rel}","templated":true}]}}