{"id":21359,"date":"2025-08-11T10:52:04","date_gmt":"2025-08-11T07:52:04","guid":{"rendered":"https:\/\/tuzlahortum.com.tr\/urun\/isi-gr\/"},"modified":"2025-08-20T15:55:23","modified_gmt":"2025-08-20T12:55:23","slug":"isi-gr","status":"publish","type":"product","link":"https:\/\/tuzlahortum.com.tr\/fr\/produit\/isi-gr\/","title":{"rendered":"ISI-GR"},"content":{"rendered":"<p>&nbsp;<\/p>\n<div class=\"report-container\">\n<div class=\"report-header\">\n<div class=\"standard-text\">Nom du produit : ISI-GR<\/div>\n<div class=\"standard-text\">Code produit : HWGR16K<\/div>\n<\/div>\n<div class=\"product-image-container\">\n<div class=\"key-feature\">R\u00e9cepteur \/ \u00e9metteur d'eau chaude DUCTED<\/div>\n<\/div>\n<div class=\"horizontal-line\"><\/div>\n<div class=\"product-details\">\n<div class=\"detail-row\">\n<div class=\"detail-label\">Domaine d&#039;utilisation<\/div>\n<div class=\"detail-value\">: Pour l'aspiration et le transfert d'eau chaude \u00e0 tr\u00e8s faible teneur en produits chimiques dans les applications industrielles.<\/div>\n<\/div>\n<div class=\"detail-row\">\n<div class=\"detail-label\">Substrat<\/div>\n<div class=\"detail-value\">: Caoutchouc EPDM<\/div>\n<\/div>\n<div class=\"detail-row\">\n<div class=\"detail-label\">Couche de renforcement<\/div>\n<div class=\"detail-value\">: Textile synth\u00e9tique \u00e0 haute r\u00e9sistance et spirale en fil d'acier.<\/div>\n<\/div>\n<div class=\"detail-row\">\n<div class=\"detail-label\">Couche sup\u00e9rieure<\/div>\n<div class=\"detail-value\">: R\u00e9sistant \u00e0 l'abrasion, \u00e0 la chaleur, \u00e0 l'oxyg\u00e8ne et aux intemp\u00e9ries, caoutchouc EPDM cannel\u00e9.<\/div>\n<\/div>\n<\/div>\n<div class=\"datasheet_table\"><img decoding=\"async\" class=\"alignnone size-full\" src=\"https:\/\/tuzlahortum.com.tr\/wp-content\/uploads\/2025\/08\/datasheet220.svg\" alt=\"\" title=\"\"><\/div>\n<div class=\"table-notes\"><\/div>\n<div class=\"horizontal-line\"><\/div>\n<div class=\"footer\">\n<div class=\"standards-section\">\n<div class=\"standard-item\" style=\"margin-top: 9px;\"><\/div>\n<div class=\"standard-info\"><\/div>\n<\/div>\n<div class=\"temperature-section\">\n<div class=\"temp-icon\"><img decoding=\"async\" src=\"data:image\/svg+xml;base64,PD94bWwgdmVyc2lvbj0iMS4wIiBlbmNvZGluZz0iVVRGLTgiPz4KPHN2ZyBpZD0ia2F0bWFuXzIiIGRhdGEtbmFtZT0ia2F0bWFuIDIiIHhtbG5zPSJodHRwOi8vd3d3LnczLm9yZy8yMDAwL3N2ZyIgdmlld0JveD0iMCAwIDcyLjI3IDE2Ljk4Ij4KICA8ZGVmcz4KICAgIDxzdHlsZT4KICAgICAgLmNscy0xIHsKICAgICAgICBzdHJva2Utd2lkdGg6IC41OXB4OwogICAgICB9CgogICAgICAuY2xzLTEsIC5jbHMtMiwgLmNscy0zLCAuY2xzLTQgewogICAgICAgIGZpbGw6IG5vbmU7CiAgICAgICAgc3Ryb2tlLW1pdGVybGltaXQ6IDMuODY7CiAgICAgIH0KCiAgICAgIC5jbHMtMSwgLmNscy0zLCAuY2xzLTQgewogICAgICAgIHN0cm9rZTogI2E3YTlhYjsKICAgICAgfQoKICAgICAgLmNscy01IHsKICAgICAgICBmaWxsOiAjYTdhOWFiOwogICAgICB9CgogICAgICAuY2xzLTIgewogICAgICAgIHN0cm9rZTogI2ZmZjsKICAgICAgfQoKICAgICAgLmNscy0zIHsKICAgICAgICBzdHJva2Utd2lkdGg6IDIuMDZweDsKICAgICAgfQoKICAgICAgLmNscy00IHsKICAgICAgICBzdHJva2Utd2lkdGg6IC4ycHg7CiAgICAgIH0KICAgIDwvc3R5bGU+CiAgPC9kZWZzPgogIDxnIGlkPSJrYXRtYW5fMSIgZGF0YS1uYW1lPSJrYXRtYW4gMSI+CiAgICA8Zz4KICAgICAgPHBhdGggY2xhc3M9ImNscy0zIiBkPSJNMTEuMzQsMTEuNTdjLS45NCwxLjcxLTIuNzEsMi42Ni00LjgsMi42Ni0zLjA1LDAtNS41MS0yLjQ3LTUuNTEtNS41MlMzLjUsMy4xOSw2LjU1LDMuMTljMS45NCwwLDMuNjUsMSw0LjYzLDIuNTIiLz4KICAgICAgPGNpcmNsZSBjbGFzcz0iY2xzLTUiIGN4PSI2LjU1IiBjeT0iOC42NiIgcj0iMi40Ii8+CiAgICAgIDxjaXJjbGUgY2xhc3M9ImNscy0yIiBjeD0iNi41NSIgY3k9IjguNjYiIHI9IjIuNCIvPgogICAgICA8bGluZSBjbGFzcz0iY2xzLTMiIHgxPSI2OC4zNCIgeTE9IjExLjc2IiB4Mj0iOS45MiIgeTI9IjExLjc2Ii8+CiAgICAgIDxsaW5lIGNsYXNzPSJjbHMtMyIgeDE9IjY4Ljc4IiB5MT0iNS41MSIgeDI9IjkuNzMiIHkyPSI1LjUxIi8+CiAgICAgIDxsaW5lIGNsYXNzPSJjbHMtMyIgeDE9IjU0LjA3IiB5MT0iOC43NSIgeDI9IjguNjQiIHkyPSI4Ljc1Ii8+CiAgICAgIDxwYXRoIGNsYXNzPSJjbHMtMyIgZD0iTTY4LjE1LDUuNTVjMS43MSwwLDMuMDksMS4zOSwzLjA5LDMuMDlzLTEuOTIsMy4wNi0zLjYyLDMuMDYiLz4KICAgICAgPHBhdGggY2xhc3M9ImNscy01IiBkPSJNNTMuOTEsOC43NWMwLS4xNC4xMi0uMjYuMjYtLjI2cy4yNy4xMi4yNy4yNi0uMTIuMjctLjI3LjI3LS4yNi0uMTItLjI2LS4yN1oiLz4KICAgICAgPHBhdGggY2xhc3M9ImNscy0zIiBkPSJNNTMuOTEsOC43NWMwLS4xNC4xMi0uMjYuMjYtLjI2cy4yNy4xMi4yNy4yNi0uMTIuMjctLjI3LjI3LS4yNi0uMTItLjI2LS4yN1oiLz4KICAgICAgPGxpbmUgY2xhc3M9ImNscy0xIiB4MT0iMzYuNDMiIHkxPSIxNi45OCIgeDI9IjM2LjQzIiB5Mj0iMTQuMjQiLz4KICAgICAgPGxpbmUgY2xhc3M9ImNscy0xIiB4MT0iMjguMDUiIHkxPSIxNi45OCIgeDI9IjI4LjA1IiB5Mj0iMTQuMjQiLz4KICAgICAgPGxpbmUgY2xhc3M9ImNscy0xIiB4MT0iMTkuNTkiIHkxPSIxNi45OCIgeDI9IjE5LjU5IiB5Mj0iMTQuMjQiLz4KICAgICAgPGxpbmUgY2xhc3M9ImNscy0xIiB4MT0iNDEuNTciIHkxPSIyLjc0IiB4Mj0iNDEuNTciLz4KICAgICAgPGxpbmUgY2xhc3M9ImNscy0xIiB4MT0iMzMuMjgiIHkxPSIyLjc0IiB4Mj0iMzMuMjgiLz4KICAgICAgPGxpbmUgY2xhc3M9ImNscy0xIiB4MT0iMjQuOTkiIHkxPSIyLjc0IiB4Mj0iMjQuOTkiLz4KICAgICAgPGxpbmUgY2xhc3M9ImNscy0xIiB4MT0iMTYuMDgiIHkxPSIyLjc0IiB4Mj0iMTYuMDgiLz4KICAgICAgPGxpbmUgY2xhc3M9ImNscy0xIiB4MT0iNDQuNjMiIHkxPSIxNi45OCIgeDI9IjQ0LjYzIiB5Mj0iMTQuMjQiLz4KICAgICAgPGxpbmUgY2xhc3M9ImNscy0xIiB4MT0iNDkuNDkiIHkxPSIyLjc0IiB4Mj0iNDkuNDkiLz4KICAgICAgPGxpbmUgY2xhc3M9ImNscy00IiB4MT0iNDAuODgiIHkxPSIxNi45OCIgeDI9IjQwLjg4IiB5Mj0iMTQuMjQiLz4KICAgICAgPGxpbmUgY2xhc3M9ImNscy00IiB4MT0iMzIuMzMiIHkxPSIxNi45OCIgeDI9IjMyLjMzIiB5Mj0iMTQuMjQiLz4KICAgICAgPGxpbmUgY2xhc3M9ImNscy00IiB4MT0iMjMuNzkiIHkxPSIxNi45OCIgeDI9IjIzLjc5IiB5Mj0iMTQuMjQiLz4KICAgICAgPGxpbmUgY2xhc3M9ImNscy00IiB4MT0iMjAuNTkiIHkxPSIyLjc0IiB4Mj0iMjAuNTkiLz4KICAgICAgPGxpbmUgY2xhc3M9ImNscy00IiB4MT0iMjkuMTMiIHkxPSIyLjc0IiB4Mj0iMjkuMTMiLz4KICAgICAgPGxpbmUgY2xhc3M9ImNscy00IiB4MT0iMzcuMTYiIHkxPSIyLjc0IiB4Mj0iMzcuMTYiLz4KICAgICAgPGxpbmUgY2xhc3M9ImNscy00IiB4MT0iNDUuNzEiIHkxPSIyLjc0IiB4Mj0iNDUuNzEiLz4KICAgIDwvZz4KICA8L2c+Cjwvc3ZnPg==\" alt=\"S\u0131cakl\u0131k\" width=\"100\" title=\"\"><\/div>\n<div class=\"temp-values\">\n<div>-40\u00b0C \/ +125\u00b0C<\/div>\n<div>-40\u00b0F \/ +257\u00b0F<\/div>\n<\/div>\n<\/div>\n<div class=\"marking-section\">\n<div class=\"detail-row\">\n<div class=\"detail-label\">Image de marque<\/div>\n<div class=\"detail-value\">: Ruban de transfert ou gaufrage<\/div>\n<\/div>\n<p><img decoding=\"async\" class=\"marking-image\" src=\"data:image\/png;base64,iVBORw0KGgoAAAANSUhEUgAABf0AAAAoCAYAAABEkVAiAAAACXBIWXMAACE3AAAhNwEzWJ96AAAfx0lEQVR4nO3dW2wbZ5Yn8L8ulpWxXYCxQDcUFjAdzzgBC+gXJQCJzUx6BjEJbGs7D2Jh24H9IHO9dtwPEhvw5aEtz0ByFvAFaFkP49idpQRsDLsXpB6SVhYgE0zSSQYkkBbQHaAIdxbOPpRs9AALN0pxx5Ytax\/Ir1xFVhWvxYv0\/wGNjiWxeEgWb+c73zl9f\/PXP\/hnAP8EIiIiIiIiIiIiIiLqaf2dDoCIiIiIiIiIiIiIiFqDSX8iIiIiIiIiIiIioi2CSX8iIiIiIiIiIiIioi1isJkLR6JRTMSPtCqWlihoGs7PzAIAYqqKcTVm\/u78zCwKmtap0Frmf\/2n\/4CX9jb10BFRA9bWN\/Ff\/vf\/w90HG50OhYiIiIiIiIiIyFHDmeNQOIyr16+1MpaWC8gyQuGw+W9JkjoYTWu8se85JvyJOuTG7b8w4U9ERERERERERF2t4fY+1mQ6tceeoT6cHt3T6TCItqW7Dzbw3u0HnQ6DiIiIiIiIiIjIE0vGe8jhl3Zhz1Bfp8Mg2paufvUAa+ubnQ6DqGGyLCMgy1jVdei63ulwiIiIiIiItrWgovREVxKv75C9UhRe0DQYhlHx816P30vLkv6LyaTZS59a7\/ldA3jrh7s6HQbRtvTlv6\/j\/TvfdToMoqZMJqYwrqo4PzOLxWSy0+EQkYeLly9hIbmwJWZR+UGSJFy9fg2HDr7Z6VCIiIiIGnb23HRPJJ3n565gfm7O8Xc3bt1sczSNOXTwTeRzuYqf93r8Xhpu71Mum8m26lDk4PTLbOtD1ClXv2JbH+p9B6JRAKj7gwIRtVcoHMa4quKdLp+d1Uk3bt1EKBxGTFU7HQoRERERUVfqmvY+oXC4Jasr+Vxuy1X9vPL9IfyjvLPTYbTV4OgYBl8ew9O7X2N9+ZeOfzOg\/Ag7Xv0pBl4YNX\/29N7XePzFLTxZWW7omPUaev0oBkfH0Ld3xLz+9Y\/fxYb2qePfixjcbN6\/h8df\/BpP7\/2xJfFR896\/8x2+\/NN6p8Oo6uy5aQQVBednZl0rQ8VrrNtrZFBRMJmYQqSUHF7VdaRT6YoVfXFdtSiPZyIeRyQaQT6Xd6wUmEwkEAqHHGMMKgrOnpv2vA0xVcW4GkM2k3WsZhe\/r8VSKo10KlXzZay3tdplxLFrJcsyJhNTOBCNmts\/C5qGdCpdU9W+2Da6qusoaJrtvixX0DQsJhdqbgHUinMvEo1iMjFlnlcFTcP83BVkMxnP646pKibiR8zLGYaBjzIZxwppr9ts5fbY+H3uitvjdt4YhoHF5AIXbepQ7TEX51m922T9NpmYAgDbc1CSJPM5UtC0qrtrq52v1V6jvJ7PgPf7wKquY37uiutriCRJmIjHEVNjCMiyeZlsJuP4eIhYrc\/NfC5nvmfV81pKREREtF0ZhoETx46joGm4cPmS+b2\/lxQ0DSeOHQdQ\/I4pPkv2inbH3zVJf3K3HYf39u8dsSXzy+1UpzE4Wpk87x\/Zj53qNHa8ehCPUrO25Hm1Y9bLKYb+kf0YPnwBT1aW8ShV+YW8agwvFBcGHqVmHRcuqL3W1jd7pso\/qCgIhcOe\/QC9tg0GFQU3bt20XT5QSjRHohH85Mdjtr+tdQuiUzxelw2FQwiFwwiFwxXJTaV0vaseyehxNWbeD07J8IAs1xx7Ppev6zLl95337QwjqARraovn9NiIn589pyCmxnD65CnPBJ2IRdynkiS5xhcKhzERj+PMyVM1JdOaPfdiqooLly9VHPPq9WuerQMvXr6E8bIqX0mSMK6qGFfVii2oXrfZSjzu9d6OZs9doPp5E4lGa35cqPpjLirq\/+Hv\/r5rEv\/iHAKAMydPASjejhu3bta82AoAR+JHEJBlLKXSjr+vdq5V6y1b7X3gQDSKQwffrHhdcrstAVnGRDyOcVXFmZOnbAt+Ilbrc3N+7grGVRUBWUZMVfmcICIiIqqioGnm95TF5EJPJv2zmaxZWJJOpc1imV7R7vhb1t6H\/PHGvufw0l6uzVgNjo7Zku1P732NjW9WsPHNivmz\/pH9GFRe8y0GUeFvjeHpva9tMQ4oP2r8+P\/55+gb3n6LPd3mxu2\/4O6DjU6H4TuRhBFJnlVdtyUti9WUiZZcl0gAeSWcxXWWE6vgmkty25rgCyoK5C5f9Z+Ix2tKQp89N13x2ORzOTNJGVSUqh\/YQuEQAO+EdrkLly\/VlWRsRCgctiX8C5pWsTPE6T4SyVpB3Cf2yx5p6VAsP8\/dely4fKnrz+1uYxiGeY6I\/wmSJNW0A6RdYqXq+6VUyvxCMBGP1\/VcDIXDCMgyDMPoWDJckiTH9kTW22J9XMSCWHEXwJGqxzcMA0ul21bL3xMRERFtd0FFMXeAT8SPVHz36gWRaASSJEGWZcTUmO1zZC9od\/wtyyZHopG6L+O1Rd0wjIZOvl47Yb3sGerbllX+1ex49SAAYPPht3j4q5\/Zqvn79o5g59jP0T+yH4+\/+LUv1983vAeDLjEM7BvFzsMX0Te8GzvVafxlxrnNz8Y3K3j4q59V\/HzHqwcxNJZA3\/BuDL48hsdf3PLlNlB1dx9s4L3bvVHl36xxVTWTo9Yhr7Is4+r1awgqCibiR7CYTMIwjIr2JKI9Wy3t1ayv0bIs29o\/WJNaihKsuKxIXBe0guOxy5OxoXAYelnCa35urqLVxf\/5v98AAP72By94xu41vKiey1gr98UbvRtrNa1T5boY\/FQtrvJKf8HpMZuIx80k6GRiytx+6AeRrBNbTUV8oXAYV69fM1uaHDqYc7zcqq7j0ME3beeRuOzbM7OO1duNtgH089wt53TeWO+TifiRmnaJUFFB0yoec0mSzG3N46qK06Wq+k4TszecZmUtpVIVu1uciIWDj6q0xwIae12zchooJl5DArKMSDRqq9oXz91sJoMzJ0\/ZnqPicmdqfCwWkwvmIkL5c5KIiIiI7CRJwgcfFjtKLCaT5ve8Dz5c9r3Yq1WCioKVP\/weAHDi2HFkMxlIkmT+rNu1O\/6WJf0n4nFMxON1XaagabaWEeW\/22q9+et1+KVd2DPU1+kwukrf8B70j+wHAKz\/5pcVve8379\/Dw\/dOo2\/vCDYfrvkSw4DyGvqGdwMAHr132hbDxp0VrP\/ml9ipTqNveDcGlB+59vd38viLWxgcHUP\/yH4MKK8x6d9BV796gLX1zU6H0RYiQZTNZGwtcXRdx4ljx\/HJ55+ZVfTVeqxXYxgGVnUdAVlGoCxJo1g+aDj1thPVzW5J8meJ1WLP+gPRSFe2fChoGpZSqZoq\/UUFf7H3uD0xZxgGTp88VbWaXbTeKWhaTUmxxWTSTLZHSjME\/Gh9IkmSefvm567YHtd8Loe3Z2Zx4fIlM35rDOJy52dmK25TPpfzpV2Ln+duLfK5XM3nDVVnGAbenpk1zyWntkztZj3Xra+11sXWWpL+XgsH7bCYTCKmxkqLliHztljbgJUn\/MXlllKpmp+7umVGidMiLxERERE5M4w1y393R5vLeom4Gb+7jrb3qacv9Hbz\/K4BvPXDXZ0Oo+v0P7\/f\/G9rO59ym\/fv+RbDwL5R8zo27lTG8GRlGZsPvy3+bQMzBMQx2d6nc77893W8f+e7TofRNmJV36n3s0iqWP+uWSJZWv76H7RUSDu9N1gHPjqxJpDdjtEtRDKu1sE91XbGeXGr8vdiXfzxq+rDetwlh2SdNenpFoPbbfLrg5Nf526txHnTK5U43a7WyvBqMyvcLlMvt+fqYjJZ8\/PXulDX7CJtM7zO1YKmuT5H633uiusRi75EREREVN1E\/AhiqorJRAKyLGN+7kpHPzs24uy5aUSiUVy9fg35XA7zc1d6qvtLO+JvuNK\/+OXDv4EDov1BvQqatiW2vJ9+mQnfbtW3dwQAbD38y\/1l5kDz11PaTUDt1yvDe1vB2hvc7Q0mm8mW+v9Vti1pRD6XRygchiwHbD8vTw4FFaWij7phGI6JOrlUfS0SXaIi23qMXtZMb\/pG+vmLFnui76MfFdCyJRHulOgT\/b6LQ4+dY\/BrF4IbP85d6k6ifVb57IjzM7MVrymTiQQmE1PmlyXRvkvsJqh1x5F4ja3nuVpOtNuspbWPIJcG5epl81z84sesDS6EEREREdVOtLoE7O0aRevbXhBUFFwtzZASrXrzuVxDueROaEf8TSX9Dx18s+5KplA4VNNlrAMZt5tXvj+Ef5R3djqMrvT07rNE+47RMax\/\/G7nYilrLdQqYifB0z\/7t1uB3L1\/5zt8+af1TofRNtZK82oJyVYlatySNNbe9ZOJKSiWxKlIELsl8EU7C\/FhJZvJYCIeRyQa7cqkv3WQZS0ORKOQJOce9V6s76X1JvPEdbUyQWclzr1aEuFuMYyralP9yOvlx7lLnWN9HMuH+964ddPxcb5x66Zr+yhZDtiGoheff6Gak\/6tOFfqbe0TiUYwmXhWxFPQNJw4dtzXBapAaZGhFQsMTPoTERERNcf62bVXiYKbXr0NfsXfVE\/\/fC5X9wf2yURi2ybza3WCbX1cbT5cw+b9e+jbO4Idrx9F\/8iLeLyyXFff\/G42sG\/UnFlgXeCg9tlOVf6dIpJJ1iSN+O+CplmSOEHL74Pm752UV7Pnc\/lS7\/Pua\/kgSRKOlIZZVnsPzWYymExMmUOXRCVxrcl\/a8K\/V3sdOslmMohEo5hMTEGWA1hILrQlqe7HuVsPUcXNBYTmifMHqGwvZd3pspRKQddXIUl7MBGPm\/MunHaVjqsqDMPAYjJpDrEV7cZqUe9ioNNtKm\/tI14D3FrqOO1SuXD5UtNztZzOVfE6JEkSrl6\/hsXkQun+bXyBgbtniIiIaCs5c\/IUdF3H2XPTkCTJ\/Mx54fIlfJTJIJ1KI6goOHtuGkupFNKpNGJqDOOqau5ILf+307FWdR3nZ2Yhy3JxjloqhEg0WnGMeonjiuspzqa7YsbsFWNAls25T9Z\/ux1L3P5INIIPPlw2vyOeOHbcPEa9hSG9Hn+5lg3ypdZ4Y99zeOV7Q50Oo6s9Wp7D8OELAIpDdQeU1wAUe\/xvaL\/Fk98t+zbE14uo0Lfa\/O5bxx0B\/SMvYvi\/\/UvlMSwzAB7\/G4f4tts7Xz3A3QcbnQ6jKWfPTXd9cteaBBJtUBTHxKlTYrXgeMzyanbx\/05DYBsVU2OuiwhOLT\/cLhNUFHMF\/6Mq1bgFTTNb3ARKH8guoPiBIZ1KVx162Uhrn0a189xbTC6YMxzGVdVMtooPwl6LKV7tA5dSac+qbD\/O3VqFwmFMxOMAmhsIvB2FwmHXrcqiZU+50ydPYX7uii2pbBhrmExMeRavHDr4pm2XRyNJ6UYXdcZLQ9mtrX3EuW7dtl0um8mgoBXM3bjif42eZ5OJhHnel7\/2LCYXzIXMycQUJhNTWNX10iD5haaS+N0wjJmIiIioUflczvwuIpLDZiFHKoRsJmsWX589N43TpYRyPpfDuKra5rIFZNn89\/mZWYTCYdux8rl88VgofoYU3zOsx2gk6Z9OpV1jjqkxzxgnE1PmZcWuVfHvYFIxjyOOdX5m1mwJOxGPYyIeRz6Xsx2j3qR5r8dfrmuT\/qJ90HayZ6iPVf412NA+xaPULHaq07afD7wwioEXRrHj9aNY\/80v8WRlua1xDR+tTOJvfLOCh7\/6WcXP+4Z3ew75ffzxu74OI6ZKa+ubeO9271f590qLA5HIlmW5VFFbrIbWtAL0Uo93a2JN3C6nhJBI7K9ahg5bK3WtH3CaESjNDXDitg3P6zLZTKamth8njh2vaDVSrA5QMJmY8uwZ3mhrn0a089zL53I4c\/KU2YcSKD4GYgEgn8uZFRLlvNoH1rI40spz141IhrpZTC7UfCxyV6zKX3BdrCp\/zMTOG6\/B0taEfTur0CVJMhfC0g5D2d2I54rw6eef1dV+x6vnqEjmW83PzUGWA7YvkQFZNr\/oLCaTdc\/mEs9JIiIiol4my7JZsCaKOYBnn\/N0fRX5XM78LCo+r4nPQaIoScxlE8cqzkgL2o5lGGvIZjKQJMk25896jEaUX4+IWS7N2\/OK0Xr7g0rQ9h07FA6ZCXJxWTH3zRpr+TFaFb\/1Ors5\/nJdm\/Tfjg6\/tAvP7xrodBg94cnKMja032JAeQ2Dyo\/QP7LfHLDbN7wbO9VpbP75HjburHQ40vpsPvwWj1KzW6ZdUS+5uLKGtfXNToexbaxa2qRkMxlbixTx\/2KA66qum2+YTkkot8S2eAONRCMtSfq3Uj2JLcMw8JMfjyESjZqVuOL+EgOYNEuVuSA+WIkPF1tNOpVCPpfDAcv9Is6TUDiMC5cv2ZKZrdLKc7cRYssv1W5V1ysS4bIcwIFoFFevX8OZk6dqWoCrVoHfybZLIuG\/WuMw3vm5Ocd5GGIeSrOt0QzDwFsuz7\/TJ09hobRbp3zW10Q8Dl1ftVVREREREW0HAVnGJ59\/hjXDMAvHPv38M+yRJEiShLPnphFTY+b3jxu3bmJV182\/\/eDDZVvCfuUPv7f93nqsycQUYmoMeyQJi8kFzM\/NIaaqFceoVyQa9Yy5Wozlt3\/lD78H8Kxwq\/z2i2OJXa0XL1+qOMZ2ir8ck\/5d4vldAzj00l91OoyesvlwDU9Wls2K\/v6RF7Hj1Z9icHQMALDjPx6sOem\/67+7f0F2q9Yv99gyVLh\/36hnJX\/5MYdeP4odrx9F3\/Bu3wYEk7vb95\/g\/TvfdTqMlvBq4eDW3qITNK2AcTxbSa9sz5NHKByGYmmF45ZQE72jy6u0n\/X1b00F6PzclbqHxlovI0mS+abfSKuXbCZjLl7IsoxxVTWrwY\/Ej5jbO4V2VvkDnTn3dF3HYjJpJghFn\/biYk\/Usb1KszsJW3nuulnV9Yq4V3W9bbMLthpd1x2fu6FwGjdu3cQvzk1XJP2L7ZSOmMn0WhhG+1sLCgdKr4PNLnDWexucZgWIfqVe7b6s7bBEJdUvSv1mj8SPMOlPRERE25JUSjYL5Ynf8mR8Pb8v\/1vxbzHfKp1K4cLlS03v4K4Wk1eM5be\/fEe907GsRS\/pVBrjqtrUQNxej9\/KM+kfCoc9t+36yav\/qhevL\/PN3JZGkj31OPHDXdgz1Ofb8beDp\/f+iEepYuXs4OiY2eu\/XdYtSf8hHPVM+pd7vLKMHa8fBQDsGB2zHYv8d3Glc4ma7cra8\/pZ7+dcxe+DShB7Sm94TtXNkiRZtjeGyt5w9wAovgk32lu7lQzDwFIqhXFVxUT8SE2VxW6sSUy3HuPt7OffLbKZDPK5HD75\/DOzmkJv4n520qpz10s6lfb1MwcV5XM5szLH2s5GluWOff5tRKOtfVrh\/Mxs0wuLhmEgXRroe+PWzbpfs9nah4iIiKg+4rupaJEqKv17idjNK3aOil75vaId8bPSvwu88v0hvLHvuU6HsWU8WVk2q\/1rtfGN+46Ap3e\/dvy5aCdU7++cbN6\/96xd0asHmfRvo3\/VH+HLP613OoyOsVYNuyVZRPK8lUNaRZIoqChmD0FrLE4DUZ2q461VuF6Dhg5Eo11ROSpW7q39AJtRvB+nHLf+NVvpL6oL\/BrOa02etzIGMc9BDD9utVadu9QddIekv9hBI3r+W3nNWmiVehcpra19enkniPW1KtDAQu1WbGNGRERE5If5uSvm9+MPPlxuy2fcVnvr2HEUNM22o76XtCP+jib9C5rGD+gAh\/d2gVra95i++xZAsZ2QG\/G7eobxPl5ZxoDyGvqGd2NwdKztg4i3q4u\/295V\/tZkalBRXAflAq1PXIoKWzGkyHp8p4Gozv38a+s7HQqHuiLpb60sdmrJ0ypBRUFAlhtOAlp3UPiVRBTnXsAyrKjdMTSqFecudS+xWHTm5KmKdjl+fiESPT3rTXiLeAOy7LpL9satm7YWXM9e1yvb8\/QSr0VDIiIiIqLtzDPp7+fwv3wub0vAtOq6rImBWoeZ1WLVp7YQb+x7Dq98b8iXY29VQ2M\/x+OP38XmQ+dkrWirs\/nwW1+uf+ObFQwor6F\/ZD8G9o1WzA0Y2DeK\/pH9xb+tY5DwhvYpNu\/fQ9\/eEQy+zKR\/O7zz1QPcfbDR6TA6Lp\/Lmf2ryxNcoiIdaH3iVdM0BGTZrFLVyo5vHYgKOL8Oi8TV\/NwVx9f7oKLg7Lnpuvpy+y2dSmMyMYUD0SgkadYz4SaXKpDdWgFZE3dOP2\/0PXAiHjf\/26+EuzW2iXi8op2NdedGeQwT8TiWUinH+64diwWtOHep80QLKMD5MWp3MlxcX1BRfF8oEm3ByocYy3IAgH\/n7GQi4dq6yrpQVutzN+Cw24aIiIiIKhmGgfm5KwCKM+FkOWD7vt8LCpqGxeQCgkoQ71y\/hnQq3VMtfdodv2fSv6BpTQ27q4cf15VOpZrqmey3PUN9rPKv045XD2LHqz\/FwL5RrH\/8Lja0Tyt\/X+qNX\/67VnmifYqhsQQAYOfhi3j03mkzuT+wbxQ7D18EUFx02NB+W9+xS739B14YRf\/Iixzq66O19U28d\/tBp8PoCkupNELhMELhMC5evmRWnwcVBRcvXwJQ\/IDQ7IDIcgWtYEvGlydtxEBUUQVeXvkqKmKLtyHlWBmbz+Vw9tw0ANjad3TSUiqFycSU2Yfb633qwuVLZpuaxWTSloQUCzWAU9K\/sX7+kiRhIh43q5mzmYyviU8x42AyMVXqaVi8L8RAXqcYQuEwzp6bRkyNVfQTlyQJZ0vDQAH\/EoHNnrvidhT\/trlzUixyiLZGVBtZlnGh9PoGOD8OsiwjX\/ZvPz0bAh2s83I5zLuMgBDPo6VUypbIFwtTk4kp8zkWVBRzsU3zoSXVZCJRGrQdxNszs7bnhSzL5mv1amm3TC3E86jTM1uIiIiIut1SKmUWX8tywFbo1Svm566YeQnxWbaXtDt+9vTvoMMv7cLzuwY6HUZPEcN5+0f2Y\/jwBWw+\/NZMjPePvIi+4d3m3z7+4te+xLB5\/x4ef\/wudrx+FH3DuzF89F+Kuwq+W7P18n\/yxS3X3QhubAN9X\/2pOZiYWu\/iyhrW1jc7HUZXyGYymNSnSu1KVMfe+OV9rVvBmqB0Srg59Um3sla5eyV8xE6GSDTSVIJ1MjHl+aZsbZ3hRS\/tQhNJe7ekv7ViXVy3aMUhy7KtX72o2BBqTSiHwmHXdiCGYeDtGX9fgxaSC+b5duHyJVsSVig\/98RtCyoKbty6aUt2WyuF3RaCvG4zULwvqw3RbfbcBWAOiv3bH7zgeV3ViPshn8u1rVCj11R7zPO5nO1cEQnxX5ybRlAJwjCK7+V+VxE5nce1yOdyrs918ZqVTqVtt3ExuYCJeBwBWcYnn39m3mZhyYeiGbEYGYlGEYlGsarr0HXd9loHVL6e1XLM7TSwnIiIiKgR1u+Pokiq1\/T6bWh3\/P2+XwM5en7XAA699FedDqPnPPqfZ2zV833DuzHwwigGXhi1JfwfpWZ9rZJf\/\/hdW\/udvuHd9oT\/ynJDw3jFQF8AGBwdQ9\/wnuaDpQq37z\/B+3e+63QYXcMwDLx17LhrZeVSKlU1CdqIaonRar+PRCMAqie2RTKo3kSan5ZSaQD2YbDlDMPAoYNv2qpzg4pSMaD2zMlTtmSeqDCvthjixTCMiuP6oaBpOOMx1+DMyVMVj+\/83JytPaBo0VLeGuS8jwsWzZ671D0KmoYTx47bfraYXIBhGLadL5OJKezx+YO5ONcDsuz7Nmtd183nkbXNEQCcn\/FuO9aoE8eOVwzrtbbBAorvN7Xu0hXtzwDgoxbvRCMiIiLaaiLRKD74cBkffLjsWOjXC86em8aNWzfx6eef2b4T94p2x+9Z6R8Kh81KNGq+Gs\/qxA93Yc9QX8uOt9U8vX8PG9+s4Ondr20\/33y4hofvncbAvlEMjo6hf+RFs3\/+03tf4+m9P2L943cdB+i6HbNRj1Kz2LizgsGXx8w5AhvfrODJ75Zd+\/HXEsPjf7sFPFdcwOjfN+pbm6Lt7OLK1hveKxKLXokar+R4QdPwxo\/HLL3mJbPfXLUEjJjJUm9yU7fMXclmsp6\/d6vizOdyjpe1ymYyngN\/qy0a1Dofxnrfi8u49cXOZjIYzxWrhkPhMHSX+7igafjJj8cwrqqIRCO2\/uP5XA4LyYWG+vl7zdHJZrKu\/fLdYhTHdOMVS7pUkT8RP2K2zMlmMlhMLrhe7vzMLLKZLGJqzLYIIs4Hp6HNtc4OqqWXeavOXafr9jpvnDT6\/NsOqj3mbue6rus4dPBNs++9JEnIZjKYn7titqCxauRxc4s3m8kgEo06Dvpu5LEWt9\/p+VlM7q8hpsYQkGUUNM225dhLLc\/7cmIhM6aqOFB6PRMtsPK5HJZSacfrdrt\/xZfVZhY4iYiIiLaTXurf76abivka0c74+\/7mr3\/wzwD+yS0QJv2faVXS\/5XvD+F\/vL63Jcciovr8q\/4Iid\/+udNhEPnmxq2bCIXDOHHseMvnMBCRvyLRKK5evwYA+Ie\/+3sms11IkoQPPlxGQJZxfmbWcaGPiIiIqNsFFaUn2tSItoxOeiUJL1rlluv1+L2wp38HcHgvUedc\/N3Wq\/InEqxtOrphaDER1SebyWBV1xGQZUwmpiqq\/alIzCMwDMOX+QNERERE7bAVduv2+vfOXo\/fC3v6t9kb+57DK98b6nQYRNvSO189wN0HG50Og8g31oS\/Hz25ich\/YpCtaLVGlcRMFzF\/gYiIiIiI7Dwr\/fO5XEv72BNw+\/5j\/NeP73c6DKJt6fb9x50OgchXkiSZvbGJqDelUymMqzHMz11hQtvF6ZOncPHyJV+GzBMRERERbQWePf2JiIiIiIiIiIiIiKh3sL0PEREREREREREREdEWwaQ\/EREREREREREREdEWwaQ\/EREREREREREREdEWMQhgEcAnnQ2DiIiIiIiIiIiIiIia9f8BFM51wZ9zfxcAAAAASUVORK5CYII=\" alt=\"Markalama G\u00f6rseli\" title=\"\"><\/p>\n<\/div>\n<div>\n<table style=\"width: 100%;\" cellspacing=\"0\" cellpadding=\"0\">\n<tbody>\n<tr>\n<td style=\"width: 120px; font-weight: bold;\">Norme<\/td>\n<td style=\"width: 400px; text-align: left;\">ISO 1307<\/td>\n<td style=\"width: 120px; font-weight: bold;\">Couleur<\/td>\n<td style=\"width: 400px;\">\n<div class=\"color-icons\"><img decoding=\"async\" src=\"data:image\/svg+xml;base64,PHN2ZyB2aWV3Qm94PSIwIDAgMTAwIDEwMCIgeG1sbnM9Imh0dHA6Ly93d3cudzMub3JnLzIwMDAvc3ZnIj4KICA8Y2lyY2xlIGN4PSI1MCIgY3k9IjUwIiByPSI0OSIgZmlsbD0iIzAwMDAwMCIgc3Ryb2tlPSJibGFjayIgc3Ryb2tlLXdpZHRoPSIwLjUiLz4KICA8Y2lyY2xlIGN4PSI1MCIgY3k9IjUwIiByPSIzOCIgZmlsbD0id2hpdGUiIHN0cm9rZT0iYmxhY2siIHN0cm9rZS13aWR0aD0iMC41Ii8+CiAgPGNpcmNsZSBjeD0iNTAiIGN5PSI1MCIgcj0iMzMiIGZpbGw9IiMwMDAwMDAiIHN0cm9rZT0iYmxhY2siIHN0cm9rZS13aWR0aD0iMC41Ii8+CiAgPGNpcmNsZSBjeD0iNTAiIGN5PSI1MCIgcj0iMjIiIGZpbGw9IndoaXRlIiBzdHJva2U9ImJsYWNrIiBzdHJva2Utd2lkdGg9IjAuNSIvPgo8L3N2Zz4=\" alt=\"\" title=\"\"><\/div>\n<\/td>\n<\/tr>\n<\/tbody>\n<\/table>\n<\/div>\n<\/div>\n<\/div>","protected":false},"excerpt":{"rendered":"<p>&nbsp; \u00dcr\u00fcn Ad\u0131: ISI-GR \u00dcr\u00fcn Kodu: HWGR16K S\u0131cak Su Al\u0131c\u0131\/Verici KANALLI Kullanim Alan\u0131 : End\u00fcstriyel uygulamalarda \u00e7ok hafif kimyasal i\u00e7erikli s\u0131cak suyun emi\u015f ve transferi i\u00e7in. Alt Katman : EPDM Kau\u00e7uk Takviye Katman\u0131 : Y\u00fcksek Mukavemetli Sentetik Tekstil ve \u00c7elik Tel Spiral. \u00dcst Katman : A\u015f\u0131nmaya, Is\u0131ya, Oksijene ve Hava Ko\u015fullar\u0131na Dayan\u0131kl\u0131, Kanal\u0131 EPDM Kau\u00e7uk. [&#8230;]\n","protected":false},"featured_media":22246,"comment_status":"open","ping_status":"closed","template":"","meta":{"jetpack_post_was_ever_published":false},"product_brand":[],"product_cat":[2357],"product_tag":[],"class_list":{"0":"post-21359","1":"product","2":"type-product","3":"status-publish","4":"has-post-thumbnail","6":"product_cat-sel_sicak_su_hortumlari","8":"first","9":"instock","10":"taxable","11":"shipping-taxable","12":"product-type-simple"},"jetpack-related-posts":[],"jetpack_sharing_enabled":true,"jetpack_likes_enabled":true,"_links":{"self":[{"href":"https:\/\/tuzlahortum.com.tr\/fr\/wp-json\/wp\/v2\/product\/21359","targetHints":{"allow":["GET"]}}],"collection":[{"href":"https:\/\/tuzlahortum.com.tr\/fr\/wp-json\/wp\/v2\/product"}],"about":[{"href":"https:\/\/tuzlahortum.com.tr\/fr\/wp-json\/wp\/v2\/types\/product"}],"replies":[{"embeddable":true,"href":"https:\/\/tuzlahortum.com.tr\/fr\/wp-json\/wp\/v2\/comments?post=21359"}],"wp:featuredmedia":[{"embeddable":true,"href":"https:\/\/tuzlahortum.com.tr\/fr\/wp-json\/wp\/v2\/media\/22246"}],"wp:attachment":[{"href":"https:\/\/tuzlahortum.com.tr\/fr\/wp-json\/wp\/v2\/media?parent=21359"}],"wp:term":[{"taxonomy":"product_brand","embeddable":true,"href":"https:\/\/tuzlahortum.com.tr\/fr\/wp-json\/wp\/v2\/product_brand?post=21359"},{"taxonomy":"product_cat","embeddable":true,"href":"https:\/\/tuzlahortum.com.tr\/fr\/wp-json\/wp\/v2\/product_cat?post=21359"},{"taxonomy":"product_tag","embeddable":true,"href":"https:\/\/tuzlahortum.com.tr\/fr\/wp-json\/wp\/v2\/product_tag?post=21359"}],"curies":[{"name":"wp","href":"https:\/\/api.w.org\/{rel}","templated":true}]}}