{"id":21353,"date":"2025-08-11T10:51:27","date_gmt":"2025-08-11T07:51:27","guid":{"rendered":"https:\/\/tuzlahortum.com.tr\/urun\/isi-sdc\/"},"modified":"2025-08-20T15:55:25","modified_gmt":"2025-08-20T12:55:25","slug":"isi-sdc","status":"publish","type":"product","link":"https:\/\/tuzlahortum.com.tr\/fr\/produit\/isi-sdc\/","title":{"rendered":"ISI SDC"},"content":{"rendered":"<p>&nbsp;<\/p>\n<div class=\"report-container\">\n<div class=\"report-header\">\n<div class=\"standard-text\">Nom du produit : ISI SDC<\/div>\n<div class=\"standard-text\">Code produit : HWC164<\/div>\n<\/div>\n<div class=\"product-image-container\">\n<div class=\"key-feature\">R\u00e9cepteur \/ \u00e9metteur d'eau chaude DUCTED<\/div>\n<\/div>\n<div class=\"horizontal-line\"><\/div>\n<div class=\"product-details\">\n<div class=\"detail-row\">\n<div class=\"detail-label\">Domaine d&#039;utilisation<\/div>\n<div class=\"detail-value\">: Pour l'aspiration et le transfert d'eau chaude \u00e0 tr\u00e8s faible teneur en produits chimiques dans les applications industrielles.<\/div>\n<\/div>\n<div class=\"detail-row\">\n<div class=\"detail-label\">Substrat<\/div>\n<div class=\"detail-value\">: Caoutchouc EPDM<\/div>\n<\/div>\n<div class=\"detail-row\">\n<div class=\"detail-label\">Couche de renforcement<\/div>\n<div class=\"detail-value\">: Textile synth\u00e9tique \u00e0 haute r\u00e9sistance et spirale en fil d'acier.<\/div>\n<\/div>\n<div class=\"detail-row\">\n<div class=\"detail-label\">Couche sup\u00e9rieure<\/div>\n<div class=\"detail-value\">: Caoutchouc EPDM nou\u00e9, r\u00e9sistant \u00e0 l'abrasion, \u00e0 la chaleur, \u00e0 l'ozone et aux intemp\u00e9ries.<\/div>\n<\/div>\n<\/div>\n<div class=\"datasheet_table\"><img decoding=\"async\" class=\"alignnone size-full\" src=\"https:\/\/tuzlahortum.com.tr\/wp-content\/uploads\/2025\/08\/datasheet218.svg\" alt=\"\" title=\"\"><\/div>\n<div class=\"table-notes\"><\/div>\n<div class=\"horizontal-line\"><\/div>\n<div class=\"footer\">\n<div class=\"standards-section\">\n<div class=\"standard-item\" style=\"margin-top: 9px;\"><\/div>\n<div class=\"standard-info\"><\/div>\n<\/div>\n<div class=\"temperature-section\">\n<div class=\"temp-icon\"><img decoding=\"async\" src=\"data:image\/svg+xml;base64,PD94bWwgdmVyc2lvbj0iMS4wIiBlbmNvZGluZz0iVVRGLTgiPz4KPHN2ZyBpZD0ia2F0bWFuXzIiIGRhdGEtbmFtZT0ia2F0bWFuIDIiIHhtbG5zPSJodHRwOi8vd3d3LnczLm9yZy8yMDAwL3N2ZyIgdmlld0JveD0iMCAwIDcyLjI3IDE2Ljk4Ij4KICA8ZGVmcz4KICAgIDxzdHlsZT4KICAgICAgLmNscy0xIHsKICAgICAgICBzdHJva2Utd2lkdGg6IC41OXB4OwogICAgICB9CgogICAgICAuY2xzLTEsIC5jbHMtMiwgLmNscy0zLCAuY2xzLTQgewogICAgICAgIGZpbGw6IG5vbmU7CiAgICAgICAgc3Ryb2tlLW1pdGVybGltaXQ6IDMuODY7CiAgICAgIH0KCiAgICAgIC5jbHMtMSwgLmNscy0zLCAuY2xzLTQgewogICAgICAgIHN0cm9rZTogI2E3YTlhYjsKICAgICAgfQoKICAgICAgLmNscy01IHsKICAgICAgICBmaWxsOiAjYTdhOWFiOwogICAgICB9CgogICAgICAuY2xzLTIgewogICAgICAgIHN0cm9rZTogI2ZmZjsKICAgICAgfQoKICAgICAgLmNscy0zIHsKICAgICAgICBzdHJva2Utd2lkdGg6IDIuMDZweDsKICAgICAgfQoKICAgICAgLmNscy00IHsKICAgICAgICBzdHJva2Utd2lkdGg6IC4ycHg7CiAgICAgIH0KICAgIDwvc3R5bGU+CiAgPC9kZWZzPgogIDxnIGlkPSJrYXRtYW5fMSIgZGF0YS1uYW1lPSJrYXRtYW4gMSI+CiAgICA8Zz4KICAgICAgPHBhdGggY2xhc3M9ImNscy0zIiBkPSJNMTEuMzQsMTEuNTdjLS45NCwxLjcxLTIuNzEsMi42Ni00LjgsMi42Ni0zLjA1LDAtNS41MS0yLjQ3LTUuNTEtNS41MlMzLjUsMy4xOSw2LjU1LDMuMTljMS45NCwwLDMuNjUsMSw0LjYzLDIuNTIiLz4KICAgICAgPGNpcmNsZSBjbGFzcz0iY2xzLTUiIGN4PSI2LjU1IiBjeT0iOC42NiIgcj0iMi40Ii8+CiAgICAgIDxjaXJjbGUgY2xhc3M9ImNscy0yIiBjeD0iNi41NSIgY3k9IjguNjYiIHI9IjIuNCIvPgogICAgICA8bGluZSBjbGFzcz0iY2xzLTMiIHgxPSI2OC4zNCIgeTE9IjExLjc2IiB4Mj0iOS45MiIgeTI9IjExLjc2Ii8+CiAgICAgIDxsaW5lIGNsYXNzPSJjbHMtMyIgeDE9IjY4Ljc4IiB5MT0iNS41MSIgeDI9IjkuNzMiIHkyPSI1LjUxIi8+CiAgICAgIDxsaW5lIGNsYXNzPSJjbHMtMyIgeDE9IjU0LjA3IiB5MT0iOC43NSIgeDI9IjguNjQiIHkyPSI4Ljc1Ii8+CiAgICAgIDxwYXRoIGNsYXNzPSJjbHMtMyIgZD0iTTY4LjE1LDUuNTVjMS43MSwwLDMuMDksMS4zOSwzLjA5LDMuMDlzLTEuOTIsMy4wNi0zLjYyLDMuMDYiLz4KICAgICAgPHBhdGggY2xhc3M9ImNscy01IiBkPSJNNTMuOTEsOC43NWMwLS4xNC4xMi0uMjYuMjYtLjI2cy4yNy4xMi4yNy4yNi0uMTIuMjctLjI3LjI3LS4yNi0uMTItLjI2LS4yN1oiLz4KICAgICAgPHBhdGggY2xhc3M9ImNscy0zIiBkPSJNNTMuOTEsOC43NWMwLS4xNC4xMi0uMjYuMjYtLjI2cy4yNy4xMi4yNy4yNi0uMTIuMjctLjI3LjI3LS4yNi0uMTItLjI2LS4yN1oiLz4KICAgICAgPGxpbmUgY2xhc3M9ImNscy0xIiB4MT0iMzYuNDMiIHkxPSIxNi45OCIgeDI9IjM2LjQzIiB5Mj0iMTQuMjQiLz4KICAgICAgPGxpbmUgY2xhc3M9ImNscy0xIiB4MT0iMjguMDUiIHkxPSIxNi45OCIgeDI9IjI4LjA1IiB5Mj0iMTQuMjQiLz4KICAgICAgPGxpbmUgY2xhc3M9ImNscy0xIiB4MT0iMTkuNTkiIHkxPSIxNi45OCIgeDI9IjE5LjU5IiB5Mj0iMTQuMjQiLz4KICAgICAgPGxpbmUgY2xhc3M9ImNscy0xIiB4MT0iNDEuNTciIHkxPSIyLjc0IiB4Mj0iNDEuNTciLz4KICAgICAgPGxpbmUgY2xhc3M9ImNscy0xIiB4MT0iMzMuMjgiIHkxPSIyLjc0IiB4Mj0iMzMuMjgiLz4KICAgICAgPGxpbmUgY2xhc3M9ImNscy0xIiB4MT0iMjQuOTkiIHkxPSIyLjc0IiB4Mj0iMjQuOTkiLz4KICAgICAgPGxpbmUgY2xhc3M9ImNscy0xIiB4MT0iMTYuMDgiIHkxPSIyLjc0IiB4Mj0iMTYuMDgiLz4KICAgICAgPGxpbmUgY2xhc3M9ImNscy0xIiB4MT0iNDQuNjMiIHkxPSIxNi45OCIgeDI9IjQ0LjYzIiB5Mj0iMTQuMjQiLz4KICAgICAgPGxpbmUgY2xhc3M9ImNscy0xIiB4MT0iNDkuNDkiIHkxPSIyLjc0IiB4Mj0iNDkuNDkiLz4KICAgICAgPGxpbmUgY2xhc3M9ImNscy00IiB4MT0iNDAuODgiIHkxPSIxNi45OCIgeDI9IjQwLjg4IiB5Mj0iMTQuMjQiLz4KICAgICAgPGxpbmUgY2xhc3M9ImNscy00IiB4MT0iMzIuMzMiIHkxPSIxNi45OCIgeDI9IjMyLjMzIiB5Mj0iMTQuMjQiLz4KICAgICAgPGxpbmUgY2xhc3M9ImNscy00IiB4MT0iMjMuNzkiIHkxPSIxNi45OCIgeDI9IjIzLjc5IiB5Mj0iMTQuMjQiLz4KICAgICAgPGxpbmUgY2xhc3M9ImNscy00IiB4MT0iMjAuNTkiIHkxPSIyLjc0IiB4Mj0iMjAuNTkiLz4KICAgICAgPGxpbmUgY2xhc3M9ImNscy00IiB4MT0iMjkuMTMiIHkxPSIyLjc0IiB4Mj0iMjkuMTMiLz4KICAgICAgPGxpbmUgY2xhc3M9ImNscy00IiB4MT0iMzcuMTYiIHkxPSIyLjc0IiB4Mj0iMzcuMTYiLz4KICAgICAgPGxpbmUgY2xhc3M9ImNscy00IiB4MT0iNDUuNzEiIHkxPSIyLjc0IiB4Mj0iNDUuNzEiLz4KICAgIDwvZz4KICA8L2c+Cjwvc3ZnPg==\" alt=\"S\u0131cakl\u0131k\" width=\"100\" title=\"\"><\/div>\n<div class=\"temp-values\">\n<div>-40\u00b0C \/ +125\u00b0C<\/div>\n<div>-40\u00b0F \/ +257\u00b0F<\/div>\n<\/div>\n<\/div>\n<div class=\"marking-section\">\n<div class=\"detail-row\">\n<div class=\"detail-label\">Image de marque<\/div>\n<div class=\"detail-value\">: Ruban de transfert ou gaufrage<\/div>\n<\/div>\n<p><img decoding=\"async\" class=\"marking-image\" src=\"data:image\/png;base64,iVBORw0KGgoAAAANSUhEUgAABf0AAAAoCAYAAABEkVAiAAAACXBIWXMAACE3AAAhNwEzWJ96AAAgAElEQVR4nO3dbWgcV5ov8L9eLcd2cc3CDIoKduxdJ3RBvmgD3Yx3k13ibrjRTD5IzY2Mc0Hq9djrwJV6wI5hx9IulrNg2RBZH+LY8W0JJsaaS0sXJlEudMdMXodumAh2B6pxPMTzoWUxHy5eSvFEli1pP3SfclV3VfV7V7f0\/4Gx3a2qOlV9ulX9nOc8p+Wv\/vJH\/wrgX0BERERERERERERERE2t1e0GEBERERERERERERFRdTDoT0RERERERERERES0TTDoT0RERERERERERES0TbRXsrE\/EMBQaLhabamKlKriwvkJAMBAMIj+4ID+3IXzE0ipqltNq5r\/89\/\/As\/vr+ilI6IyrK5v4X\/8v\/+P+w833G4KERERERERERGRpbIjx16fD1evX6tmW6quR5bh9fn0\/0uS5GJrquO1g7sZ8Cdyyc07f2bAn4iIiIiIiIiIGlrZ5X2MwXSqj32dLXird5\/bzSDake4\/3MAHdx663QwiIiIiIiIiIiJHTBlvIm88vwf7OlvcbgbRjnT19w+xur7ldjOIyibLMnpkGcvpNNLptNvNISIiIiIi2tE8itIUVUmcvkM2S1J4SlWhaVre483efidVC\/rPRiJ6LX2qvmf3tOHY88+43QyiHenOgyf49bffu90MooqMhEfRHwziwvkJzEYibjeHqCFMXr6EmcjMtljzqVauXr+Gt89PcLCQiIiIqMrOjY81RdB5euoKpqemLJ+7OXerzq0pz7HBo0gmEnmPN3v7nZRd3idXPBav1q7IwqkXmOVP5JbJpVW3m0BUsSOBAACUfKNAtF15fT70B4N4r8HXqHLTufEx+AMBjIRH3W4KERERERGVoGHK+3h9vqqMriQTCRwbPFqFFjWOF3\/YidcO7na7GXXV3tuH9r\/pw+b9u1hffMfyZ9qUl9Fx+HW0HejVH9tcuYvHX83hydJiWfvM1dr9HDpfOY7Wg71o6doLANh6sIInS4t4\/NWvsLW2mv\/zPwlb7+z777BxbwlPvl7M2y5XS9c+dP4kjDblZf24G+rnWL99A5sr3xTVdqqO36Qf4Xd\/Wne7GQWdGx+DR1Fw4fyEbcaq+Iy1+4z0KApGwqPwZ4PDy+k05qPzeSP64ljFyG3PUCgEf8CPZCJpmSkwEg7D6\/NattGjKDg3PuZ4DgPBIPqDA4jH4pbZ7OL5YixE5zEfjRa9jfFcC20j9l0sWZYxEh7FkUBAn\/6ZUlXMR+eLytoX00aX02mkVNV0LXOlVBWzkZmis3qr0fdEUFH0q5SqYnrqCuKxmOOxB4JBDIWG9e00TcMnsZhl5rbTORvZvTa17rvifOz6jaZpmI3MlD1oI8syfjE+BkmSbM9xJBzGUGhY72PJRMLxdRUKXVvxepY6HbXWRCDb2NclSdL7YkpVC85iLdQvCn0WFLq+lfaJct4jxvNOJpIYCoXQHwxieuoKs\/2JiIiImpSmaTh14iRSqoqLly\/p3\/ubSUpVcerESQCZ75g9suxyi0pT7\/Y3TNCf7J16YY\/bTai71v3dpmB+rl3BMbT39uVv130Iu4Jj6Dg8iEfRCVOAvNA+c7X39mFXMD+I0bK\/Gx2vHEd79hgb6mdPn9u91\/EYbcpL6Pjx61j74Kxt8L6lax+6fvYuWrsP5W27W3kJax+cNR2Tamvy6+bI8vcoCrw+n2M9QKdpgx5Fwc25W6bte7KBZn\/Aj5++2mf62WKnIFq1x2lbr88Lr88Hr8+XF8hSssdddgg69QcH9OtgFQzvkeWi255MJEvaJvfaOZ+nDx7FU1RZPKvXRjx+blzBQHAAb50+4xg4FG0R11SSJNv2eX0+DIVCOHv6TFEDE5X2vYFgEBcvX8rb59Xr1xxLB05evoT+YND0mCRJ6A8G9QClMQjrdM5G4nUv9Twq7btA4X7jDwSKfl2McvuQ1TmeGx\/DUChkekwkZLz2ap9jsLfQtRUZ9X\/\/t3\/XMIF\/8VoBwNnTZwBkzuPm3K2iBzUBYDg0jB5ZxkJ03vL5Qq9poRqulfSJarxH4rEYkokEvD4fRsKjeCt7rYiIiIiouaRUVf+eMhuZacqgfzwW17+XzEfnm242ar3bX7XyPlQbrx3cjRd\/0Ol2MxpKe2+fKeC\/uXIXG\/eWsHFvSX+stfsQ2pWXyj5Gy\/5uU8B\/68GKfoytte8yP9O1Fx2HXy9r310\/exctXfssn9\/1Py+aAv4b95aw9WDl6fPBMbTs7y75uFS6937\/EPcfbrjdjJoTgS4RfFpOp01By8wMAJsZLCUSgWmngLM4Zi4xCq7aBLeNASuPokBu8FH\/oVCoqCD0uWx2NvD0tUkmEnrw1KMoBW\/YvD4vAOeAdq6Lly+VFPwsh9fnMwX8U6qaNzPE6hqJILIgrol52+GqLopVy75biouXL5Xct419yIosy3rAX9M007UUme\/FENsa\/wiSJBU106JeBrLZ8wvRqH7jPRQKldTnvT4femQZmqaVPBBTTVZ9oprvkdnIDACgPxhsioXmiIiIiCifR1H0e92h0DBSqlowKanR+AN+SJIESZIwEBwwfS9uBvVuf9Uy\/f0Bf8nbOE1H1jStrEXVttNCbPs6W3Zkln8hHYcHAQBba99h7f03TRnzLfu7savv52jtPoTHX\/2q\/GP8eFD\/96PohKlcUEvXPnQcfh0drxzH+kfWC5kAwMN\/NgeGRNvalJf0AYP12zdMP9N2sFefKbC5chdr77+plwLqODyIzr4wWrr2ovOV43gU5cLZtbS6voUP7jx0uxl1YQzkGBd5lWUZV69fg0dRMBQaxmwkAk3T8sqTiGzgYsqrGT+jZVk2ZQ8bg22K4snbVgSuU2rKct+5wVivz4d0TiBuemoqrwTHH\/54DwDw1z864Nh2p8WLStnGmHUtftHbMc6qsMrKFQs\/FWpXbqa\/YPWaDYVCenB2JDyqTz+shaHQMICnU01F+7w+H65ev6YHnI8NJiy3W06ncWzwqKkfiW3fPj9heQNVbhnAWvbdXFb9xnhNhkLDRc0SMRIBeasBIrHeg6Zppmz8kXBYLysFFM7wTqlq3rWVJEmfPtwfDDZMprg4Z6s1qRai0bwMeSti4OCTAmWogPI+Pwpt79QnKnmP5IrHYlhOp9Ejy\/AHAq4OcBARERFReSRJwocfZ2JbC9GoPpv\/w48Xa57sVS0eRcHSf\/w7AOizXSVJ0h9rdPVuf9WC\/kOhUN608EJSqmoqGZH73HarzV+qN57fg2f3tLndjIbS0rVPz4Jf\/+idvBI5Ww9WsPbBW2jZ312wbr6TtoOZwPuTpcW89QG21laxfvsGHi8tmjLwCxFt6\/rZu2g70Iv2w4N5QX8xg0EMaBjP4fFXc5kZDNmZDusfTVV0juRscmkVq+tbbjejLkTgKh6LmUripNNpnDpxEp9++YWeRV+oxnohmqbpwaOenMCpYrjRsKptJzJZ7YLkTwOrmZr1RwL+hgxOpVQVC9FoUZn+IkCbqYluDvhpmoa3Tp8pmHkrSu+kVLWoetyzkYgebPdn1xCoRfaBJEn6+U1PXTG9rslEAm+fn8DFy5f09hvbILa7cH4i75ySiURNysjUsu8WI5lIFN1vcqVUFWdPn0F\/MGgZ9JflHgCZ4LXxui1EoxgJj+rZKOVcU03T8Pb5Cf24VuWP6s3Yp4yfacZBzWKC\/k4DB\/Xg1Ceq\/R6Jx2LZ43gb8nOViIiIiIqXTi\/r\/26mTHkjcY\/L9ttztbxPKXWhd5pn97Th2PPPuN2MhtP6rLnsjZ1SgvGWx8kOLGx8W\/1jiBkILV1788r0iCz\/DfUzy4C+cZDAeC2ouu48eIJff\/u9282oGzGqb1WTOp1d+NX4c5USv9xyP\/89hgxpq98NIphqNwXRGEC220ejEEHCYhfuKTQzzoldlr8T4+BPrbI+jPtdsAgiGoOxdm2wO6da3TjVqu8WS\/SbUl8Tq8Cvkdif8eY\/83\/r2QylKnbx10JrQ9htUyq798RsJFL0+8Q4IFbpYGglCvWJar1HxHEa+XOViIiIiIozFBqGPxDAQDAIWZbzkrCagZj1fm58DMlEAtNTV5qqXFE92l92pn+mM9RuwQFR\/qBUKVUtecp7Izr1wh7s62xxuxlUA7mLC28YBg\/EIMDmyl3LbbcerOSVDaLqm1zaOTMojHWg7cqjxWPxbP2\/\/LIl5UgmkvD6fHp2sZAbtPIoSl4ddU3TLAOIcjb7WgTgREa2cR\/NrJI62uXU8xcl9kTdx1rcAMqGQLhVAFKUo8ksemzdhlrNQrBTi76704kyVbn15y+cn8h774pyQ9NTVxCPxfQyWWI2QbEZ6OKzrJT3RC5R1rKY0j6CnF2UN52zbkotVes9Il6LHlmu+\/uOiIiIiKpLkiRcvX4NAHBs8Kh+bypK3zYDY9xYlOpNJhJlxZLdUI\/2VxT0P3XiZMmZX16ft6gsIeOCjDvNiz\/sxGsHd7vdjIa0ef9pMLyjty+vPE7VjrNyN1NK52\/68sr7VKqYGQK5ZYuofn6TfoTf\/Wnd7WbUjTHTvFBAsloLONrNHDDWrh8Jj0IxBE5FgNgugC\/KbIibFVGKwh8INGTQX5x7sYGzI4EAJKm4+ttGxt+lpQYZxbFqtXCn6HvFBMLt2tAfDFZUJ71Utei7O4HxeuUu7ntz7pbl9bw5d8u2BI0s95gWH8\/08+LLzlTjNSm1tI8\/4DctiJxSVZw6cbLmA0HVeo8Yy1vVaiCQiIiIiOrPeE\/drERSSrOeQ63aX1F5n3gspi+KWOyfSrKqdgou3mtva21VD5p3vHIcXW9Mok15uerHEUH3tgO92P2\/fon23j60dO2r+nGo8Ux+vXOy\/N0iglzGQJ\/4d0pVDYFVj+F5j\/68ldxsdvG3eLyRSJKE4ewim4UCZ6JsiFh0acCw6HIxjAH\/7ZSZK67LSHgUk5cv1W3hqVr03VKI7PJmGkDwBwKYvHwJQH4ZJzGjRDw3PXVFLy0l1pWwImYFzEYiel8QZb2KUeqgWy6r0j5en8+xPJHVbJCL2etSCbs+UYv3CGeqEBEREdXW2dNncGzwKFKqiuXsGnunTpzU7zuPDR7V73sXolEcGzyq32NPT13BscGj+n3ghfMTtvsS66heyK6jNhIO4+bcrbx9lCr3OMlEQj9OoTZqmoazp8\/g1ImT+v+d9mU8\/5tztzASDuPc+JhpHzut\/bmqtpAvVcdrB3fjxR90ut2MhvZocQpdb1wEALQpL6FNeQlApsb\/hvo5nny9WPECt+u3b6BNeRktXXvR2n0Iu4JjADIzADa+XcLj385VvG4ANZ73fv8Q9x9uuN2MipwbH2v44K7xl5cog6JYBk6tAqspy33mZrOLv60WgS3XQHDAdhDBqhSJ3TYeRdEDg58UyBJOqape4qZHlnHx8iVcxCWkVBXz0XksRKOO51ZOaZ9y1bPvzUZm9DUc+oNB9AeD0DQNn8RimI\/OOw6mOJUPXIjOO2aL16LvFsvr82EoFAJQ2YLAteT1+WynBIuSPbneOn0G01NXTAFlTVvFSHjUccanuLkGMpn75QSky72R7s8ufm4s7SP6lHF6dK54LIaUmtJnvYo\/5b6eTn2ikvdIMcdt1D5IRERE1KySiYT+XWQ2MoMeWX6aYBL1Ih6LI5lIIJlIYCQ8irdOn9G3y53dKUmSnkxz4fwEvD6fvi9\/zG\/al3FG6k9f7dP3Ie4lSzEfnTcdR9x3JhMJDAQHHNs4Eh7Vz198hxL78kQUfT\/JRALDoWFcOD+hB9P\/8Md7+mxU4z5KTXxp9vbnatigvxgB2Un2dbYwy78IG+pneBSd0APxQtuBXrQd6EXHK8ex\/tE7FZXl2XqwgrX330TXz95FS9de\/fHW7kNo7T6EjsOv4\/FXv8L64jtlH4May+r6Fj6489DtZlSsXhnPlRKBbFmWs7XjM9nQqppCOlvj3Rjwe7rQaH5gTwT2lw2LDhtr0htvcCrRk103wIpddq\/TNvFYrKhyJKdOnMwrgeJRFJwbVzASHnWsZV5uaZ9y1LPvJRMJnD19xpQpLUmSHtwUJQitBiGcygcWMzhSzb5rZyQ8apvlDmS+BDQTTdMwG5mxHRTKvTbxWAwj4VHHxWmNAft6ZqBLkqR\/AZq3WPzcjuiTwmdffoGebI3\/Yt6fpfaJSt4j9ueQ3LGlN4mIiIhqTTasneRRPKbvkR5FQTq9jGQiod8ji\/tIcX8mkpJEsFjsK7NGmidvX\/FYDJIkmdb5M+6jHLnH8SgpJBMJSJJkWnPPqo2552\/8ju31efUAuXFfxuthdQ13WvtzNWzQfyd64\/k9eHZPm9vNaApPlhaxoX6ONuUltCsvo7X7kL4IbkvXXuwKjmHrP1ew8e1S2cfYXPkGfz5\/BG3Ky2hXXkJr93No7T6kP99x+HVgbbVm6wpQfU0urWJ1fcvtZuwYy4YyKfFYzFQiRfwtFnBdTqf1X5hWwTG7wLb4BeoP+KsS9K+m2Uik6EXnNU3DT1\/tgz8Q0DOExfWSJAkXL1+CasgyF+TsjYS4udhu5qNRJBMJHDFcF9FPvD4fLl6+ZAqyVks1+245zp4+07BlVpbT6bxAuCz34EgggKvXr+Hs6TNFDXQVysB3s7yRCPgvF7kYryhvmUusO1KNEmR2fcKt9wgRERERla5HlvHpl19gOZ3Wv2N89uUX+nNenw\/+gF9\/7ubcLVPQ\/+bcLdO2TvsS35N7ZBmzkRlMT01hIBjEzblb+veZcvgDAdNxzo0rGAgOoCcbzM7df24bP\/x4Ud\/W6vzFvnLPX8y2nbx8CR9+vJgNmpc+cNHs7c\/FoH+DeHZPG449\/4zbzWgqW2ureLK0qGf0t3Y\/h47Dr6O9NzMdqePHgxUF\/YUN9TNsqJ8BAFr2d6Ojtw\/thwfR0rUX7YcHGfTfBu48eIJff\/u9282oCqfSEnZlN9ygqin04+lIen55nkxGqWIohWMX6BM1rXOztJOJZDaoVp3M1OmpKyUviGncRpIkLP3HvwMor9RLPBbTBy9kWUZ\/MKhn\/g6HhvXpnUI9s\/wBd\/peOp3GbCSiT6v0BwJ6hrg\/ELAs+1LpTMJq9l07y+l0XruX02nMRGYaup5\/Op22fI94ffO4OXcLvxgfywv6Z0rUDJc0fVjT3Ft75Uj286bSgcRSz6HcPlHOe4SIiIiI3CFJEiRDsDd31njud1vj\/3O3LbQvEVQWawLMR6O4ePlSxd+f7Y4j2uTU5txtnfYFZM7fmIwzH51HfzCInh3cfiPHoL\/X57Ote1trTnVhnTh9ma\/kXMoJ9pTi1At7sK+zpWb73wk2V77Bo2gmc7a9t0+v9V9NWw9WsH77BjYfrGBXcAwtXXvRdrC3KoML5J7JJS7eW2\/GWtziF58xYGxcEHVfNnBqFZiSJMkwvdFr+qUqSZnFt3tkuSECW5qmYSEaRX8wiKHQcFEZz3aMwVW72uf1rOffKOKxGJKJBD798gv9hixdwXW2Uq2+62Q+Ol\/Te456SyYSWE6n88rZyLLs2n1mOcot7VMN1eoTlbxHGnFhdCIiIiIqnfhu2pNNJhOZ\/s1EzDL2B\/z6d4yB7NpbzaAe7WemfwN48YedeO3gbrebsW08WVrUs\/1reYzcNQWKJcoQOWntfs52IKHtYC8AYPPBChcTroLfpB\/hd39ad7sZrjFmiNoFxkXwvJqLtIqgn0dR9BqCxrZYLYhqlR1vzA7ud7hJORII6JmubhIj96IGYKVZ25nrOGq5bkClmf4iS71Wi\/Mag+fVbINYz0Esflxt1eq7O03aIugvZqqImv9GTvXrq6XUwUBjaZ9GnnFRSKXvke1YLoyIiIhoJ5meuqJ\/P\/7w48W63HtX2z+dOImUqmI2EtFn1DeTerS\/tSZ7LVJKVfnFAeDivTtM24Fe\/d+bOUF7EcQ3rh1g1LK\/G13H30XX8XfRWsTgARU2+fXOzvI3BlPtasaJ4HG1A5eiNnp\/djTbuH\/jgqhW2dRP21Zc5mmjZKiKjGcgU5KnVjyKgh5ZLjs4aZxBUavgpuh7oj6iG20oVzX6Lj2d7nr29Bm99r1dDfxqEv2p1IC3+PkeWcYf\/njP9Ee4OXfLNPPG6\/OZauk3M6cBOiIiIiIiaiyOmf61XPwvmUiasi6rdSxjYKDYRdaKsVyjshCvHdyNF3\/QWZN9b1edfT\/H49s3sLVmHawVQfWtte\/KPkbH4cx6AJsr31gf4+DTwP3W96Udp+PwYGY7i0z9jXtLaN\/fhzblZbTsv5H3\/K6+n2e2XfuOJYWq4L3fP8T9hxtuN8N1YvGYodBwXp1qkZEOVD\/wqqoqemRZz55Vc\/ZvXBAVsP4cFsG16akrlp\/3HkXBufGxkuqF19p8dB4j4VEcCQQgSROOWexyNjParhTQ0wEZ1fLxcn8HDoVC+r9rFXA3tm0oFMoL9BpnbuS2YSgUwkI0annt6jFYUI2+20jEOgRinQLBOBBYyf2Usfal1bWo1WwSO+J4HkWp+YCMKL+Vu4ixLGcqddaqb9TiPdJjMbOFiIiIiJrHbCQCTVvFcGgYstyjL+rbLMQMYUnah\/euX9PL4zSLerffMeifUtWKFrsrRS2ONR+NVlQzudb2dbYwy79EHYcH0XH4dbQd7MX67Rv6Arum5185DgB5zxWrtfs5dPaFsbX2HdY\/egcb6uemAYa2g73Y9cYkgEzg3m5gwHK\/PwnrWfxiAWIjUZqopWsvut6YxNoHb+mB\/85XjuvrFJR7bvTU6voWPrjz0O1mNISF6LyejTp5+ZK+IKxHUTB5+RKAzC+nSheuzJVSU6ZgfG4gSQQiJUmCpml5ZThENnvmHKKWZTqSiQTOjWdKcRnLirhpIRrFSHhUrw\/u9HtKLKTUI8vZG7SnATwxUANYBf3Lq+cvSRKGQiF9emc8FqtpQFascTASHs3WNMxcC7HYqFUbvD4fzo2PYSA4gAvnJ0yvqSRJODc+VvYCusWqtO+K88j8bGV9UgRwRcmWcojAsz8QMJWdEq9BJYFpWZZxMfs5AlifryzLSOb8v5aeLrbsKfzDpu0SmLaZhCCu1UI0arpeYgBoJDyq92WPouiDWmoNSj\/V4j0i+qumaXUfpCEiIiKiys1GIrhwPrMOpiTtMyV6NYuzp8\/ocQlxj91M6t1+1vR30RvP78Gze9rcbkZTEUHv1u5D6HrjIrbWvtOD7q3dz6Gla6\/+s4+\/+lVZx2jPHqOla69et3\/jXiarvvW\/dZtq8j\/+rf0x9vybfSBnc+WuZfs2vl3Cxr0ltB3oRWv3ITxz5v9ic+WuqdxPZjBi+yzw6JbJpVWsrm+53YyGEI\/FMJIe1RfxsaqNn1tvuxqMwSarQKBVnXQjY5a7U11uMZPBH\/BXFGAdCY86\/lI+Nni0qP2ns7PQRNDeLuhvzMYVx06pKjRNgyzLptIk01NXTNsWG1D2+nym0iRGmqbh7exNYa3MRGb0\/nbx8iVTcFjI7Xvi3DyKgptzt0zBbmNZFbuBIKdzBjLXslB5mUr7LgB9Adu\/\/tEBx2MVIq5DMpEoO3kiHovhF1omEPzhx4tIJhKmPlbsgF+ha5tMJEyviQiI\/2J8DB7FA03LDLDXegEuq\/5SjGQiYfueEp8N89F50znORmYwFAqhR5bx6Zdf6OcsLNQgOaXS94jTPhth4JSIiIiISmf8\/tispSeb\/Rzq3X5Xa\/rvZM\/uacOx559xuxlN59Evz2JD\/Vz\/f0vXXrQd6EXbgV5TwP9RdKLoDPxc67dv4PHtG6bH9GMYAv5Plhbx+Ku5kve\/uXI3k8FvU57o0S\/PYnPlrv7\/3ID\/2vtv2m5Lxbnz4Al+\/e33bjejYWiahn86cdI2e3MhGq1Jje1CgdFCz4tpcIWCUCLbvdQAXy0tROcBmBeDzaVpGo4NHjVlDXsUJW\/xzbOnz5gCdyLDvNBgiBNN0\/L2WwspVcXZ7MwSK2dPn8l7faenpkzlAUXpGOPrm1JVPYulFirtu41G0zTTwJGxj+U+V66UquLUiZOmx2YjM9A0zTTDZCQ8in01vgEWfaoe05nT6bTeX41ljgDgwnnn8l7lqsV7RAzEfBKLV6+hRERERFQ3\/kAAH368iA8\/XrRM9GsG58bHcHPuFj78eLHk9bkagWj\/Z19+UZf2O2b6i1rIlFHN8kOnXtiDfZ0tVdvfdrP5YAUb95awef+u6fGttVWsffAW2g72or23D63dz+lB8c2Vu9hc+Qbrt\/Nr4Tvt08r67Rt4vLSIjh8PovXZQ0\/XCXiwksnS\/+2cZU39re+\/02cF5D33YAUb3y5ZlvXJO8f338yUMVJeRmv3ocy295Zsz41KM7m0\/QZNRGDRKYDkFBxPqSpee7XPUGteyq4kP1OwTJpYk6XU4GbasO5K3CKQZHzerkxNMpGw3NYoHos5LuRbaNCg2PVhjNdebGNXFiUei6E\/kQmieX0+pG2ucUpV8dNX+9AfDMIf8JvqoicTCcxEZsqq5++0jk48FretBW7XRrFPO05tmc9mGw+FhvWSOfFYDLORGdvtLpyfQDwWx0BwwBSgFv3BGPAUil07qJhSNtXqu1bHduo3Vkp5\/zntfzYSwXI6jZHwqF4u6JNYrKjAdKFra9en0uk0jg0e1eveS5KEeCyG6akrlvef5Vwfu\/bGYzH4AwEMh4b1kma551PKZ5o4f6trlbmGqxgIDqBHlpFSVUxPXSlqBkW551zJe8TqM6XUWR9ERERE1HiaqX6\/nUZK5itHPdvf8ld\/+aN\/BfAvdg0R08+p8in4wos\/7MT\/fmV\/VfZFRKX5TfoRwp\/\/p9vNIKqZm3O34PX5cOrESQboiGz4AwFcvX4NAPD3f\/t3NZ\/V0syuXr8GfyCAeCyWN1uDiIiIiMrnUZSmKFOznE7b3i83SxBelMrN1eztd8Ka\/i7g4r1E7pn8evtl+RMJxvIhrL1NZC8ei2E5nUaPLGMkPJqX7U8ZmfVQMjNwarG2CxEREdFO1gylQAtp9u+dzd5+J6zpX2f\/IO\/Ciz\/odLsZRDB0PjYAAADNSURBVDvSzTt\/xv2HG243g6hmjAH\/WtQKJ9pOxFoFoqQZ5TOunbKdvxAREREREW03jpn+yUSiaiVtKOP+ww384+0HbjeDaEe68+Cx200gqilJkpBMJPSFgonI3nw0iv7gAKanrnCQzMb01BV4fT7HBbeJiIiIiKjxONb0JyIiIiIiIiIiIiKi5sHyPkRERERERERERERE2wSD\/kRERERERERERERE2wSD\/kRERERERERERERE20Q7gFkAn7rbDCIiIiIiIiIiIiIiqtR\/AdbLe+lXSt2dAAAAAElFTkSuQmCC\" alt=\"Markalama G\u00f6rseli\" title=\"\"><\/p>\n<\/div>\n<div>\n<table style=\"width: 100%;\" cellspacing=\"0\" cellpadding=\"0\">\n<tbody>\n<tr>\n<td style=\"width: 120px; font-weight: bold;\">Norme<\/td>\n<td style=\"width: 400px; text-align: left;\">ISO 1307<\/td>\n<td style=\"width: 120px; font-weight: bold;\">Couleur<\/td>\n<td style=\"width: 400px;\">\n<div class=\"color-icons\"><img decoding=\"async\" src=\"data:image\/svg+xml;base64,PHN2ZyB2aWV3Qm94PSIwIDAgMTAwIDEwMCIgeG1sbnM9Imh0dHA6Ly93d3cudzMub3JnLzIwMDAvc3ZnIj4KICA8Y2lyY2xlIGN4PSI1MCIgY3k9IjUwIiByPSI0OSIgZmlsbD0iIzAwMDAwMCIgc3Ryb2tlPSJibGFjayIgc3Ryb2tlLXdpZHRoPSIwLjUiLz4KICA8Y2lyY2xlIGN4PSI1MCIgY3k9IjUwIiByPSIzOCIgZmlsbD0id2hpdGUiIHN0cm9rZT0iYmxhY2siIHN0cm9rZS13aWR0aD0iMC41Ii8+CiAgPGNpcmNsZSBjeD0iNTAiIGN5PSI1MCIgcj0iMzMiIGZpbGw9IiMwMDAwMDAiIHN0cm9rZT0iYmxhY2siIHN0cm9rZS13aWR0aD0iMC41Ii8+CiAgPGNpcmNsZSBjeD0iNTAiIGN5PSI1MCIgcj0iMjIiIGZpbGw9IndoaXRlIiBzdHJva2U9ImJsYWNrIiBzdHJva2Utd2lkdGg9IjAuNSIvPgo8L3N2Zz4=\" alt=\"\" title=\"\"><\/div>\n<\/td>\n<\/tr>\n<\/tbody>\n<\/table>\n<\/div>\n<\/div>\n<\/div>","protected":false},"excerpt":{"rendered":"<p>&nbsp; \u00dcr\u00fcn Ad\u0131: ISI SDC \u00dcr\u00fcn Kodu: HWC164 S\u0131cak Su Al\u0131c\u0131\/Verici KANALLI Kullanim Alan\u0131 : End\u00fcstriyel uygulamalarda \u00e7ok hafif kimyasal i\u00e7erikli s\u0131cak suyun emi\u015f ve transferi i\u00e7in. Alt Katman : EPDM Kau\u00e7uk Takviye Katman\u0131 : Y\u00fcksek Mukavemetli Sentetik Tekstil ve \u00c7elik Tel Spiral. \u00dcst Katman : A\u015f\u0131nmaya, Is\u0131ya, ozona ve hava ko\u015fullar\u0131na dayan\u0131kl\u0131, bo\u011fumlu EPDM [&#8230;]\n","protected":false},"featured_media":22242,"comment_status":"open","ping_status":"closed","template":"","meta":{"jetpack_post_was_ever_published":false},"product_brand":[],"product_cat":[2357],"product_tag":[],"class_list":{"0":"post-21353","1":"product","2":"type-product","3":"status-publish","4":"has-post-thumbnail","6":"product_cat-sel_sicak_su_hortumlari","8":"first","9":"instock","10":"taxable","11":"shipping-taxable","12":"product-type-simple"},"jetpack-related-posts":[],"jetpack_sharing_enabled":true,"jetpack_likes_enabled":true,"_links":{"self":[{"href":"https:\/\/tuzlahortum.com.tr\/fr\/wp-json\/wp\/v2\/product\/21353","targetHints":{"allow":["GET"]}}],"collection":[{"href":"https:\/\/tuzlahortum.com.tr\/fr\/wp-json\/wp\/v2\/product"}],"about":[{"href":"https:\/\/tuzlahortum.com.tr\/fr\/wp-json\/wp\/v2\/types\/product"}],"replies":[{"embeddable":true,"href":"https:\/\/tuzlahortum.com.tr\/fr\/wp-json\/wp\/v2\/comments?post=21353"}],"wp:featuredmedia":[{"embeddable":true,"href":"https:\/\/tuzlahortum.com.tr\/fr\/wp-json\/wp\/v2\/media\/22242"}],"wp:attachment":[{"href":"https:\/\/tuzlahortum.com.tr\/fr\/wp-json\/wp\/v2\/media?parent=21353"}],"wp:term":[{"taxonomy":"product_brand","embeddable":true,"href":"https:\/\/tuzlahortum.com.tr\/fr\/wp-json\/wp\/v2\/product_brand?post=21353"},{"taxonomy":"product_cat","embeddable":true,"href":"https:\/\/tuzlahortum.com.tr\/fr\/wp-json\/wp\/v2\/product_cat?post=21353"},{"taxonomy":"product_tag","embeddable":true,"href":"https:\/\/tuzlahortum.com.tr\/fr\/wp-json\/wp\/v2\/product_tag?post=21353"}],"curies":[{"name":"wp","href":"https:\/\/api.w.org\/{rel}","templated":true}]}}