{"id":21350,"date":"2025-08-11T10:51:09","date_gmt":"2025-08-11T07:51:09","guid":{"rendered":"https:\/\/tuzlahortum.com.tr\/urun\/isi-sd-10\/"},"modified":"2025-08-20T15:55:28","modified_gmt":"2025-08-20T12:55:28","slug":"isi-sd-10","status":"publish","type":"product","link":"https:\/\/tuzlahortum.com.tr\/fr\/produit\/isi-sd-10\/","title":{"rendered":"ISI SD\/10"},"content":{"rendered":"<p>&nbsp;<\/p>\n<div class=\"report-container\">\n<div class=\"report-header\">\n<div class=\"standard-text\">Nom du produit : ISI SD\/10<\/div>\n<div class=\"standard-text\">Code produit : HWSD163<\/div>\n<\/div>\n<div class=\"product-image-container\">\n<div class=\"key-feature\">R\u00e9cepteur\/\u00e9metteur d'eau chaude<\/div>\n<\/div>\n<div class=\"horizontal-line\"><\/div>\n<div class=\"product-details\">\n<div class=\"detail-row\">\n<div class=\"detail-label\">Domaine d&#039;utilisation<\/div>\n<div class=\"detail-value\">: Pour l'aspiration et le transfert d'eau chaude \u00e0 tr\u00e8s faible teneur en produits chimiques dans les applications industrielles.<\/div>\n<\/div>\n<div class=\"detail-row\">\n<div class=\"detail-label\">Substrat<\/div>\n<div class=\"detail-value\">: Caoutchouc EPDM.<\/div>\n<\/div>\n<div class=\"detail-row\">\n<div class=\"detail-label\">Couche de renforcement<\/div>\n<div class=\"detail-value\">: Textile synth\u00e9tique \u00e0 haute r\u00e9sistance et spirale en fil d'acier.<\/div>\n<\/div>\n<div class=\"detail-row\">\n<div class=\"detail-label\">Couche sup\u00e9rieure<\/div>\n<div class=\"detail-value\">: R\u00e9sistant \u00e0 l'abrasion, \u00e0 la chaleur, \u00e0 l'oxyg\u00e8ne et aux intemp\u00e9ries, caoutchouc EPDM.<\/div>\n<\/div>\n<\/div>\n<div class=\"datasheet_table\"><img decoding=\"async\" class=\"alignnone size-full\" src=\"https:\/\/tuzlahortum.com.tr\/wp-content\/uploads\/2025\/08\/datasheet217.svg\" alt=\"\" title=\"\"><\/div>\n<div class=\"table-notes\"><\/div>\n<div class=\"horizontal-line\"><\/div>\n<div class=\"footer\">\n<div class=\"standards-section\">\n<div class=\"standard-item\" style=\"margin-top: 9px;\"><\/div>\n<div class=\"standard-info\"><\/div>\n<\/div>\n<div class=\"temperature-section\">\n<div class=\"temp-icon\"><img decoding=\"async\" src=\"data:image\/svg+xml;base64,PD94bWwgdmVyc2lvbj0iMS4wIiBlbmNvZGluZz0iVVRGLTgiPz4KPHN2ZyBpZD0ia2F0bWFuXzIiIGRhdGEtbmFtZT0ia2F0bWFuIDIiIHhtbG5zPSJodHRwOi8vd3d3LnczLm9yZy8yMDAwL3N2ZyIgdmlld0JveD0iMCAwIDcyLjI3IDE2Ljk4Ij4KICA8ZGVmcz4KICAgIDxzdHlsZT4KICAgICAgLmNscy0xIHsKICAgICAgICBzdHJva2Utd2lkdGg6IC41OXB4OwogICAgICB9CgogICAgICAuY2xzLTEsIC5jbHMtMiwgLmNscy0zLCAuY2xzLTQgewogICAgICAgIGZpbGw6IG5vbmU7CiAgICAgICAgc3Ryb2tlLW1pdGVybGltaXQ6IDMuODY7CiAgICAgIH0KCiAgICAgIC5jbHMtMSwgLmNscy0zLCAuY2xzLTQgewogICAgICAgIHN0cm9rZTogI2E3YTlhYjsKICAgICAgfQoKICAgICAgLmNscy01IHsKICAgICAgICBmaWxsOiAjYTdhOWFiOwogICAgICB9CgogICAgICAuY2xzLTIgewogICAgICAgIHN0cm9rZTogI2ZmZjsKICAgICAgfQoKICAgICAgLmNscy0zIHsKICAgICAgICBzdHJva2Utd2lkdGg6IDIuMDZweDsKICAgICAgfQoKICAgICAgLmNscy00IHsKICAgICAgICBzdHJva2Utd2lkdGg6IC4ycHg7CiAgICAgIH0KICAgIDwvc3R5bGU+CiAgPC9kZWZzPgogIDxnIGlkPSJrYXRtYW5fMSIgZGF0YS1uYW1lPSJrYXRtYW4gMSI+CiAgICA8Zz4KICAgICAgPHBhdGggY2xhc3M9ImNscy0zIiBkPSJNMTEuMzQsMTEuNTdjLS45NCwxLjcxLTIuNzEsMi42Ni00LjgsMi42Ni0zLjA1LDAtNS41MS0yLjQ3LTUuNTEtNS41MlMzLjUsMy4xOSw2LjU1LDMuMTljMS45NCwwLDMuNjUsMSw0LjYzLDIuNTIiLz4KICAgICAgPGNpcmNsZSBjbGFzcz0iY2xzLTUiIGN4PSI2LjU1IiBjeT0iOC42NiIgcj0iMi40Ii8+CiAgICAgIDxjaXJjbGUgY2xhc3M9ImNscy0yIiBjeD0iNi41NSIgY3k9IjguNjYiIHI9IjIuNCIvPgogICAgICA8bGluZSBjbGFzcz0iY2xzLTMiIHgxPSI2OC4zNCIgeTE9IjExLjc2IiB4Mj0iOS45MiIgeTI9IjExLjc2Ii8+CiAgICAgIDxsaW5lIGNsYXNzPSJjbHMtMyIgeDE9IjY4Ljc4IiB5MT0iNS41MSIgeDI9IjkuNzMiIHkyPSI1LjUxIi8+CiAgICAgIDxsaW5lIGNsYXNzPSJjbHMtMyIgeDE9IjU0LjA3IiB5MT0iOC43NSIgeDI9IjguNjQiIHkyPSI4Ljc1Ii8+CiAgICAgIDxwYXRoIGNsYXNzPSJjbHMtMyIgZD0iTTY4LjE1LDUuNTVjMS43MSwwLDMuMDksMS4zOSwzLjA5LDMuMDlzLTEuOTIsMy4wNi0zLjYyLDMuMDYiLz4KICAgICAgPHBhdGggY2xhc3M9ImNscy01IiBkPSJNNTMuOTEsOC43NWMwLS4xNC4xMi0uMjYuMjYtLjI2cy4yNy4xMi4yNy4yNi0uMTIuMjctLjI3LjI3LS4yNi0uMTItLjI2LS4yN1oiLz4KICAgICAgPHBhdGggY2xhc3M9ImNscy0zIiBkPSJNNTMuOTEsOC43NWMwLS4xNC4xMi0uMjYuMjYtLjI2cy4yNy4xMi4yNy4yNi0uMTIuMjctLjI3LjI3LS4yNi0uMTItLjI2LS4yN1oiLz4KICAgICAgPGxpbmUgY2xhc3M9ImNscy0xIiB4MT0iMzYuNDMiIHkxPSIxNi45OCIgeDI9IjM2LjQzIiB5Mj0iMTQuMjQiLz4KICAgICAgPGxpbmUgY2xhc3M9ImNscy0xIiB4MT0iMjguMDUiIHkxPSIxNi45OCIgeDI9IjI4LjA1IiB5Mj0iMTQuMjQiLz4KICAgICAgPGxpbmUgY2xhc3M9ImNscy0xIiB4MT0iMTkuNTkiIHkxPSIxNi45OCIgeDI9IjE5LjU5IiB5Mj0iMTQuMjQiLz4KICAgICAgPGxpbmUgY2xhc3M9ImNscy0xIiB4MT0iNDEuNTciIHkxPSIyLjc0IiB4Mj0iNDEuNTciLz4KICAgICAgPGxpbmUgY2xhc3M9ImNscy0xIiB4MT0iMzMuMjgiIHkxPSIyLjc0IiB4Mj0iMzMuMjgiLz4KICAgICAgPGxpbmUgY2xhc3M9ImNscy0xIiB4MT0iMjQuOTkiIHkxPSIyLjc0IiB4Mj0iMjQuOTkiLz4KICAgICAgPGxpbmUgY2xhc3M9ImNscy0xIiB4MT0iMTYuMDgiIHkxPSIyLjc0IiB4Mj0iMTYuMDgiLz4KICAgICAgPGxpbmUgY2xhc3M9ImNscy0xIiB4MT0iNDQuNjMiIHkxPSIxNi45OCIgeDI9IjQ0LjYzIiB5Mj0iMTQuMjQiLz4KICAgICAgPGxpbmUgY2xhc3M9ImNscy0xIiB4MT0iNDkuNDkiIHkxPSIyLjc0IiB4Mj0iNDkuNDkiLz4KICAgICAgPGxpbmUgY2xhc3M9ImNscy00IiB4MT0iNDAuODgiIHkxPSIxNi45OCIgeDI9IjQwLjg4IiB5Mj0iMTQuMjQiLz4KICAgICAgPGxpbmUgY2xhc3M9ImNscy00IiB4MT0iMzIuMzMiIHkxPSIxNi45OCIgeDI9IjMyLjMzIiB5Mj0iMTQuMjQiLz4KICAgICAgPGxpbmUgY2xhc3M9ImNscy00IiB4MT0iMjMuNzkiIHkxPSIxNi45OCIgeDI9IjIzLjc5IiB5Mj0iMTQuMjQiLz4KICAgICAgPGxpbmUgY2xhc3M9ImNscy00IiB4MT0iMjAuNTkiIHkxPSIyLjc0IiB4Mj0iMjAuNTkiLz4KICAgICAgPGxpbmUgY2xhc3M9ImNscy00IiB4MT0iMjkuMTMiIHkxPSIyLjc0IiB4Mj0iMjkuMTMiLz4KICAgICAgPGxpbmUgY2xhc3M9ImNscy00IiB4MT0iMzcuMTYiIHkxPSIyLjc0IiB4Mj0iMzcuMTYiLz4KICAgICAgPGxpbmUgY2xhc3M9ImNscy00IiB4MT0iNDUuNzEiIHkxPSIyLjc0IiB4Mj0iNDUuNzEiLz4KICAgIDwvZz4KICA8L2c+Cjwvc3ZnPg==\" alt=\"S\u0131cakl\u0131k\" width=\"100\" title=\"\"><\/div>\n<div class=\"temp-values\">\n<div>-40\u00b0C \/ +125\u00b0C<\/div>\n<div>-40\u00b0F \/ +257\u00b0F<\/div>\n<\/div>\n<\/div>\n<div class=\"marking-section\">\n<div class=\"detail-row\">\n<div class=\"detail-label\">Image de marque<\/div>\n<div class=\"detail-value\">: Ruban de transfert ou gaufrage<\/div>\n<\/div>\n<p><img decoding=\"async\" class=\"marking-image\" src=\"data:image\/png;base64,iVBORw0KGgoAAAANSUhEUgAABf0AAAAoCAYAAABEkVAiAAAACXBIWXMAACE3AAAhNwEzWJ96AAAgAElEQVR4nO3dXWwb55kv8D8lWVESa1DfNJA1wMbd2oEGyC6gBCB73Dpd2ORF1BY4EheRoRZQeBy7zoXEAP64WElALffCloHIWiBGnCwl4ESwClAukFS5oBK0bpsDEkgF7AagkPjA3otRhNMbFyOnVmRLOhfkO5oZzvBzyCGl\/w8IkojizDPDl9Twmed9Xt8\/\/sPz2yAiIiIiIiIiIiIiokb3qyavIyAiIiIiIiIiIiIiIncw6U9EREREREREREREtEsw6U9EREREREREREREtEu0lPtESZIwMjaKTll2M56KXb40juV0GgAwO3dL\/\/lyOo3Ll8a9Css1Lz\/Xiv84fsDrMIj2pA\/vPcJoUvM6DCIiIiIiIiIiIkdlJ\/1v3HwX\/kDAzVhcIUmS\/t\/1GF+lxgNS4V8iItetbWzj6tKa12EQERERERERERHlVXZ7n92YUK93Ay88g4PPNnsdBtGeNPvl37G2se11GERERERERERERHmVXelPtdXe6sPZF\/d7HQZ5oKnjCHxP78fWg1VsP1j1Opw96etvNnHji4deh0FUEXGzPpVMehwJERERERHR3iZJEroUxeswiuL0HVKW5bpr+25H0zS9FbxRo8dfiCtJf03T8LNXe6CqqhubIxtnX9yP9laf12GQB9reeAe+tv1Y\/+AiNpn098TVv7CtDzU2WZYxO3cLmqah+5\/+2etwiOpCl6Lg9cjruHDuvNeh1C1\/IIBgKLgr1sUiIiIiqiddimJai7Seff\/5Q7Y\/7w2HMRQdrnE0pUslkxjoP5nz80aPv5Cy2\/sYLafTTPhX0cFnmzHwwjNeh0EeaOo4Al9bZobHZvqOx9HsTZ\/\/dQO\/V7\/1OgyiipwIhQCwyp\/IaGRsFL3hMPrCYa9DqUuyLOPGzXcxGIlAboAKKCIiIiIi2lE37X1m5265sk7AQP\/JXZfUGP\/B3lu8t+2NdwAAG7+bxNbqVzmP+9ra0fqTKJoPdcN3oAMAsL3+EJvpO9j49H3bNjiFtmmn9fgpNCuvoKnjsP6zzfQf8fj\/zGHz3lLu7\/e8haaDh3N+DgBbX9\/F5vId2+c5aVGO6fu024fdsYhz09Lds7Pv1bvYWHi7pH1TRiNU+XcpCkbGRrGcTjtWY\/aFw+gN9+F2fB7z8bjt7wxFo+gL9+nT2xYTCUxNXjdNIxP7KoY1HkmScOPmuwCAi+fO59wslmUZV65NOMY4MjaKLkXJewyiUuLs6TPQNM3x8WKIO+nFPMd6rPmes6KqmJq8XtLN8r5wGIOR1\/Xpn5qm4ZNEAtOx6aKm+fkDfgDAJ4lFADvn0iqz3UXH82vlxtiTJAkjY6M4EQpBkiT92C5fGrd9DQVZljEUHdafB2Reh\/n4PGZisZzfdzpmK7sKilqMXSD\/uEklU5iJxfKek3wGIxEEQ0EA9scoXktxLaZpGmZi05ianCy47XznVtM03I7PYzGRKCvuavEHAvqxGl9PfyCgV\/tcvjSe9\/1VaFwA+V\/TfO+bYp5faEyU+x4Rx62qKlZUFZKiYCg6zBkRRERERA1sMZHAxXPnG2qGgdXU5HVMTU5iKBptiAp9q1rHXzdJf7L38nOtePm7rV6HUXPNh7oBAL6nc9cxaOo4ore8MfK17UdLdw9aunvw+NP3sfHp+0Vv08rX1o62N94xJfv17SjH0Kwcw2b6j\/g2Po7t9Z2kcNPBw\/p+7I5p39HX8Piz32Bj4e2CMWT29QoAYPP+Enxt7XgqPIrm7I0Au2Nxirup4zDaTr2D9fffZOK\/BB\/ee4QvHzzxOoyCJEkqeNO0U5bhDwSQSqZsH796bQK9lmrXYCiEYCiEs6fP6Am7YvblRNM0dCkKJElCpyznJMhEjABsE6PBUAidsozb8Xnb7RuTeP5AwDbJWE7s1XjOiVCo6LZ4dq+NJEnoDYfRGw7rFw7FxCNuincpimOMwVAIg5HXMdB\/smCCudKxJ0kSZudumRLG4tjynSNxoSoSmcafj4wp6Av34cK58zk3rOp17Ar54hNtVop5XazsxpCRaP9kPJ+SJGEoOgxJai+YmC50boOhUFHjtJbERfbteFx\/X\/SFw7hybUL\/Hev4sgqGQvAHAlhRVcf3cqUFLeWOiUreI8bnXL40jtm5W\/pnDWf2EhERETWmmdg0NE1DKplEKpl0pfC61sT3iUzivBGT\/rWN35X2PlQ944G9V+VfSNvPr+gJ\/+31h9i8v4TN+0um6v6Wo\/3wtbWXvY\/Wn0TN1f3ZfWyt3tV\/1qwcc6zqz2ff0dfQevxUwd\/ztbXrMTxJ38G+o6+ZEv52Wl7q0Z+z\/WA1J+bWnrdKjnevWtvYxtWl+q\/yd8NQNGpKCKaSSawYEjtXrk0UTH4VSySY7C4wxM+cKobFDIS0Q+WtqGK2\/nc9kiTJlFx04g8Ecl6bVDJpStQNRl7P+\/qIZHW+xKTdc4qJr1I3br5rmr2QSib15GW+czQyNqof84qq6udFPLdLURDMtjRySzXHbrFKmWljjC1fwh9ANrm\/UwluPJeltHYRzxX\/GD9HhqLDddMiRjbcpJmavK7\/vNQx3xvuAwBMx6bdC65ETmPCrfeI8fNmMPK6i5ETERERUS31Za9duxQFXYrSkF1SRFvOwUgEK6pa1uK2Xqp1\/K5U+pdTPVco+bCcTpc1hb3cae\/1aOCFZ3Dw2Wavw6grzcorejufJ0sL+DZurj5s6e5B60\/ewuNP3zdV4JfC19aut8bZWr2L9ffeNG2r+XvdaO15K5NUd6iat5tpIGLzte1Hy9F+PP7sN3ljFAn+7QerphsaW6t3bWcgiH3Yxd16\/BT2HT+Fpo7D8B3osG1\/RGazX\/4daxvbXodREyKRs5xO4+zpM\/pn82AkoieOBiMRTE1OIpVM5iziI9qzFdNebTmdhj8QgCx35jzWpXQByCR7ZUs1tfFvjNMfRuPvOP1NssYuptUVU4XstHhRqc8RVdeZ85BbNW4kXpsVVcVA\/8mcc3Lj5rv4dYE2ONYqfyPrayZ6eIuEYJeiVO1CxHjtcDse19v5iHY\/4hxlZgkkbZ9nfd3Ec\/2BgOPrWW4bwGqOXSvruDGek95wuGDrIzu343HH5L9Y88F4PiVJwh\/+\/CdIkoQToZBtOxiry5fGc86tPxDQpw9nqsW9r\/YXx2u3JpV4jQq1gjLeOPikiNZF5Xx+5Ht+vjFR6XvEaiY2jSvXJhAMhbigLxEREVGDEteNAPDjH\/4IqqoiGArp7SobwZVrE7hybQIrqopXfvgjAJlil8FIxOPIilPr+F1J+ovp+aUytoywsvviuJe0t\/pw9sXCbWj2GtE6Z\/vBak7CH8jcCLBW\/Zeq6Xs77XnWP7iQk5jfvLeE9ffeLHm7T5YWsP23VbSdyrQmanmpB48\/m3P8\/eZsHE+y\/fy31x9m2gllt2Ebe\/ZmwOPP5kxxP\/7sN9iXnV3QdKADm0z65\/X1N5u48cVDr8OoiaCh1\/MFS0\/qmVgMitKF3nAYwVDQlWTdcnoZwE7ls5FiSLJZW6iICmGnvwuSJKFLUaBpGtY0DZ2yXNWEdSUuXxrXL7b8gQDUPD3eRSXu5UvjOcnJVDKJH\/\/wRwWTv2LWw2K2n38+avbmgkj29oX7cPlSdc6hqDRZUVVTwlLTNFw4dx7+QACdsoxgKGh63YOGhK11TIrnujUzxahaY7cYmqbljJtSeuRfvjSOmVjMNukvSZJ+vm4bxqJYW6E3HLa90VGsVDKp33AQa0t4Tbwn5i3tlsTNp2K++OS7cVAL+caE2++RxUQCVzCBTlkueKOSiIiIiOqfuJ5r1MJp4\/WopjVeh4Zaxe9pex9OE3Z29sX9aG\/1eR1G3RHtdDbvO\/elr7SKvdnQHsdpW9vra2XNJNi8t9Nux6laX4\/D0M8fyCTynywtFLWf7b+Z4zbFWkHbo72iERbvdYuoZl1Op20T5CJRXMwCqMUQf9yslfiiV7pgfVw8tuKQbBJJLtHCwm4b9UK0sQHsE8h2nBLGxVyk5av0d9qmSP669brbEdteTCRsj0MkMJ1iyHc81bh4rdbYLZZx3JTyuqSSybxV+sZtWZO5qrpS8v7siO3kI2dv1JVCziahS+X0nrhw7nzRY0fctLLeOKilQmPCrfeIcT\/1+rlKRERERMW7em0C\/kAAQ9Fh3I7HMROLNdQNAH8ggMFIJLsOYRAzsZipgKne1Sr+siv9q73ow8jYaFkD7vKl8bqs7CzFwWebMfDCM16HQVWytfqV3mbHSVPHEX3dgs30HVf339xx2PVt7iaf\/3UDv1e\/9TqMmhEVvE6fm8ZqYjcq562tZESS0ZqwEu1SBFEhnM5WW1uJx1PJFNY0Ta8qLqYlSSOQJKmsv4ni73SpLfNSyRQGI5GqJv1FsnbZ4TVdTCzmjaEa1fz5VGvs7nXBUAgjY6P6zRFN0zATm7adWfR\/\/\/s+gEyrG+PixKlkEmdPnylqjBvXkCj388x4g6KY1j5CsMazA9x8j4j2VtbxTURERESNR7T6WU6nMXDuPIBMxXkjLY4r1rWaicX0FpSdhhac9a4W8Zed9D97+kxZPYeKHUDlJhpqnQSohvEfNP4xVMvW13fRfKg709u\/bbLsvv35bK7exT4AvgMdaP5et2Pf\/nIVMxNBtPbZzLb2odrZS1X+wE4VcjGVuG4u5isWD7JWT09NXsdQdNjULgUwJojtk3QnDJX+K6qKK5hwfSFXNxkTj8Uotxe6aGNSamsZ42K61bIz9vInP51iOBEKQZJK721fiWqM3b1AJIpTyZTp533hcM7iuZIk6deKTmNe9LIX\/IFA0TfG3Hg9ymnt89HHC6ZrW9FyqZrcfI+Im3PVvBFIRERERN6RpMbvCtHoOWG34y+7vY+maZianCz5H8rv5eda8fJ3W70Oo25trX4FAPC17cfTF36LfUf781bMV7IPAGg79Q5ae95CU8cRV\/dRiFjEN18bI3Lfh\/ce4csHT7wOY9ezq5AWSUHRZqhTlvU\/eMb2KXaJui5F0RN+oqJd\/F493uUfjET0YyuUjBczLYaiw7h6baLkhJs4\/mL6+TcKcU4kScJHHy+gLxyu2cWd22O3FJIkmWZuNAJZljEUjeo34KxTVtPZ9+uKqmYXnL2uH9tQdNjxdR2MRPS2RSuqitvxeNHJ91JvuNmxtvYRi\/rme39aHxOL6VbCaUxU4z3CPv5ERERE1ZVKJjHQfxJTk9cBZK6dB\/pP4nY8Dk3TcPHceZw9fUb\/znv29Bl9tutyOo2zp8\/gYrZd5XI6jYH+k3oF+UwshoH+k\/p14uVL4xjoPwkAuHHzXYyMjaJLUUzbKIfTfsR3pXwxLiYSjscPwPH4e8NhjIyN4uq1CX2NOrGNvRa\/lSsL+ZJ7xgONfVeq2p4sLWDf0f5Me5y2\/WjtiaK1J4rtB6vYvL+UWci3wsr87QermYVvj74GANh39DXsO\/oattcfYuveEp6k7xTdW78cvrZ2fcFit2cZkLO1jW1cXWrsKv8uRXFcVL2cvtfVspxeRjAUMrWJENXR4o+pqKZOJZN6smxFVW0vPuz6c4vnWReBrYTTuV1Op\/U\/9IWeIxYcBjLHUyh5OxOb1hOmYgqmWGB1Pj6f99iM+3LrHDip5dhbTqf1FoOdsowr1yZwBRNYTqcxH5\/XL4qd5GsfKC58nfft7tgtliRJpor4ar+e5XIaA5qm4dc2i1Evp9P42as9OQuIi4WknRYsXkwkcPb0GQAo+4LYqa1UIeL1BXZa+\/SGwxiKDutf1OyItkWS1I7ebBJ+KDqMgf7yXst8Y6LS90g+9XgjlYiIiGg3mJq8rq9R1xfuw4Vs2x1RWDRvWXdNXwMtZv7\/3nCfaVvBUFD\/vrqiqpBlWZ9xevnSuH4NPzV53bSNcq77xH6W02lINyV9P1OT19GlKHljnIlN6\/8\/FB12PP7M99wu0\/GLmcID\/SdN2yg3\/hVVhSS5E38qmaxZ\/FZ1m\/QXB7qXDLzwDA4+2+x1GHVv\/b030fbGO6aFcH0HOtByoAct3T3YvL+Eb\/\/3xYpa\/2wsvA3f0\/vR0t2zs4+2\/WhWjqFZOYbW46ew\/sFF06wAtzRlW\/tsP1ityvbJ3uyXf8faxrbXYVTEWPVZzzKf7cN6MlhUQ2uaBlVVkU4voxeZ5JIxcepUaSpa2HxiqGYXPendPB\/lbCvfc36ZTVrmk0omcfHceVNyT5Ik\/QZAvl7mpS7gW4laj72zp89gdu6WpeJewchY5oLp15fG9Ysqq0rak7g9dp2I3vV2KknYeiWVTNom74HccyMWjc3cXFFsnzcTmzb9fi2JKv9UMlnS63r29Bn9vbicXsaV7OJpxSp1TFTyHrGz167JiYiIiGpNFA6J7xhiTb0uRYGcnU2saRq6lC7TLE5\/wG9qzypmoYptiaIVsa1O07ZyZzCLbZR7DGItKNmyH+v27WI0focyfqeyHr9d3MZzWO53PudzXn78ueeievFb1W3Sf69pb\/Xh7Iv7vQ6jIWyvr+HRv\/8CTR1H0NLdg6aDh\/XKeABoPtSNp35xBevvvVnRfr6Nj2Pj0\/fRoryCZuWYaXFd34EOtL3xDh5d\/Z+uryvQwtY+Nff1N5u48cVDr8PYM1YsLVLEv0XVu\/i3+OMnFhu29gMXnCr9xbaNi67WgxVVxS+z0\/qKMR+PI5VM4kQoBH\/Ar\/cvBzLHfuXahF71bCRuhuym1j6Cpmn46as9CBrOiRhHogI6na28d5PbY7dU+WaV1INMmx3z+iDBUBDBUAjynIyB\/pNFJenFjArnx71rb7TTqmi+qN\/\/\/vOHcn62mEjgCjI38sSXgXI5jQmv3iNEREREVJ6RsVH0hfv09qAffbygJ43F\/xsT9Xf+\/CcAMP2+uGEwFB1GMBTUE\/zWbf3hz3\/Sq9l\/\/MMfAci0+TFuoxxO+xEx54txZGwUwVBQ\/93ZuVt5tyWOP51Oo\/uf\/hldioIbN981bWOvxW\/FpH+dOPvifrS3+rwOo6FsrX6FjQXR479dr8D3HehA86FuNHUcqbhSPtPqZw6PP5sDADQrr2Df0dfQfKgbvrb9aHmpR3\/MLeIGxhMu4lszu2Xx3nytJYaiUVemh7lBzbY6EXfEd5L2qey\/MwkwxSGxaiQScCuqakrsix57YvtqCRWtTuySd6U8Z2RsFIORCIDSk5aqqmImFtOnFwZDIQxFh7MtjEK2NzZqWenv1dhbTCT0SnBZlvU2KwDweuR1fUqlUSUzCd0cu\/nYxbeYWKz6wq+Vsms5NTU5idm5W\/AHAugNh03HIEkSBiMR05ebYng100FURgFwnLlQjHLiL3dMlPMeISIiIiJvWJO9xpmhnbKMTsNj1utn63PzbUuSJEiKYlobazGx6Mr3Nrv9lBNjoW2J45+avK7PFhazDPZy\/EZ5k\/7iS5oXnPrCFuL0Zd4fCOSdGl1IOcmeYh18thkDLzxTte3vBdvra5l+\/veX8Mz53wLIVMxvuNweZzN9B5vpO3jm\/G8zNxeUY64m\/Zs6jugLE2+xn39NfP7XDfxe\/dbrMPYc45Q\/URVt7UktFujN1yLFH\/Dr\/z0Ujdruyx\/wl9TGolpmYtMYjETQKcsIhkIVJQ0XEwmkkklT73PjjQ1ZlvW2M3ulkldVVUxNTgLILAJbresXt8ZuPoXWFmg0t+Pz8AcC2V6XO0nqkbFR9IbDHkZWGtHaZzGRqPmNBzfGRCXvkUZoHUdERERExcn0jU8hGApCzn5vFDPFG4VocXkiFMRiIqG3RGoUtYiflf51YPwHXLzXLWJBX2O7n2p4srSAfcdPlfVckdS305zt5795f8n1tkFkb7dU+ZdrJ4HZafu4sVegm0muVDKlt5sQ\/QKNyWljlb6IIV+lv5heZ+dEKATA+2pWVVX16X294b6Kkv7AzmwGsVinUaVV\/uKcVzOxaeyVaNf8ptwYRN\/9cqekFt6+O2N3LxE3PYyJY1F1DmSS6MaFdUU7mmpy+szLR3zefNLgLbMqeY+wtz8RERFRY9M0TS8oWU6n8Ydsm5lGsphI6DNWR8ZGsfRf\/+lxRKWpVfyeJv2NC7HtVS8\/14qXv9vqdRhUQ+KGxPaD1dzHRD\/\/Krb24VoBOz689whfPnjidRie0rTMTQ+nO8rGxJubicud3uiZRWxWsm1TBLEg6mDkdQD2iSZRzV6IqLiuh8TrTsWzfUset5ywWdy4FGIGRTXPmXi9jQsX1TqGcrgxdmlnOutyOp2zJsVQNFrVmRrG\/ZdCPOfKtQnT4tqCPxDA7Nwt\/UvUbppxU+5ibkRERERE5I28Sf9qfUHRNA0zsemc6fBubVtohC\/aF7rbvQ6hoTR\/rxu+73TgydKC7eO+tnY0dRwBAGyvl7cwq6+tHfuOn8LGwtuOv9OUrcjHo9L20ay8olf6b1ra9\/ja2vUbAtbHStXUccS0jXyzC\/aqtY1t3PjiG6\/D8Jyo+BSVydbPzd5sOwu3\/x6ks9sTlbNpy\/Z3FkTN3IxYsW3tE9Afc+pLPTI2qve9r4ek22IigX\/TRiFJEnrDYb3VhpPBSESf9mdlbB9jPbZKKv1FbHbbdZOomM+ch+umY5QkSR8b1hhkWYY\/EHBs2SSOvVqxuzF264lxjFhvju20L6psIWIxVdjuXNS6Tc7OzabqT\/3tlGXMzt3CiqrilewCaYA5gV6N8VGN90inzawWIiIiImocy+k0FhOL6FK6sovMpvRCpUYhZggHQ0FcvTYBTdP0dfMaQa3jz5v0v3xpvGo7rsW+6r0n7s++9zReOMAOS8XytbXjqb5R+A50oOlABx4vLZiq5X0HOtD286vwte0HADxJ3ylrP0+FR9GsHEPTgQ5sfPq+aTFgX1s7Wn8SNSy2W9w+fG3taHmpR28JtL3+MKeaX9xI2H6wWvYCxKK10b7\/8Rqe\/GVBbxHUamhFtGUzw2Avmv3y7\/j6m02vw\/BcKpnEiqqiU5Zx4+a7GOg\/qSd1hqJRPbE5H593db\/WxJGxtYeIC9hp8ZK2PA7sVLNn+hHaJ7czFzWKqfe\/lzRNwyeJBHrDYfSF+\/Im\/f2BAEbGRtEX7sPlS+OmY5QkCSNjo7btY0Q\/eevixsUQ+xTbdft1N7odj2MoOgxJkvTqaLFI7pVrE3qS0RrDlWsTekujmVjMlDT2BwL6hWu1kpNujF1RAV7Oa2QlXu\/ldLrsBLr4DBiKDutV9+JmmXi8XH3hsH4h6zRjJ\/dnpbfeKZbx9Sl1ts3U5HXbn4t2RCuqituG8WqcVTAYiejrGfzb2CiAzOdBNWb7VOM9Ij5DVXXF3WCJiIiIqCaM37eW\/us\/G27NJuMM4eV0GjduvutxRKXxIn5mnD3S3upjlX+Jmg4e1ivW9x0\/hX3HT2Fr9S6219eyFf6H9d\/dTP\/Rtn1OIb62dj353qwcw9PKsUwS\/m+ZbRnXCth+sOrYhkfE52Tjd2\/n9OxvEa19Kmi\/8+QvC2g+1A3fgQ48M7aIzftLaPpOx87sgvtLZZ2X3ebrbzbxwZes8hemY9N6ovejj3Nn0WiahttVWAhX9D4H7JOBxsftklPiImUxTwsbMZNB9FevpKo432LwqWSy6BvN8\/F59IbDBRf0FcfXpSiYnbtlahFivEC7HY+bEoelVPnPzt1yfGwmFqtqVa+qqlhMJBAMhdClKLZ9DFPJpCkG4+yGoegwhqLDerLb2u7JKUGb75gB4PvPHyoYe6VjtzccxlB0GFOT1wvO9ihkZGwU\/kAAA\/0ny57hOB+fx1B0GMFQCHf+\/CeoqmoaY8WuP1Ho3M47JMRFpRGQSfhXe3Ff47oLagmfbU6vlWhHpKqqqbpefHb2hsP6DTxJkvRxWo3PVTfeI3YqXSeEiIiIiLzVKcvQ0mnTun2NRJIk\/Tt9Ix6DF\/E31WQvlOPnLzyL9laf12E0lM17S1j\/4KKpbU9Tx2E0H+o2Jfy3Vu\/i23h5M0e219ew\/t6b2Fq9q\/\/Md6ADzYe6zQn\/9YfZWEpfBHZjYdK2PdHO7IHy+\/k\/WVowxS5uAACZmDd+V1lyabe48cU3WNvY9jqMujETizkmn8QiP9VowWFd\/LSUx42LpOZLQhkfq5dKBjG7Athpe2JnanJSrwwGMhcJ\/kAgZ50F60w5sc18N0MKWUwkSkoIluviufOONxbser2L8WisPBfJW2My8+K581VbL0HEZvffxT5eb2ZiMf2cdmZbwwjW1kvlunjuvOn9mGn1mBnf\/kBAT1D3hsNVb\/kj4jiR5\/3nFuP561IUfZyuqGpV3mPVeI\/0ZW\/CrKhqQ4xnIiIiIso1O3dL\/6cRdcoyPvp4AbNzt\/SZs43Ei\/jzVvqLXsiUWXzRqTdqqQ4+24xfvvisK9varUS1+7alZ\/5m+g4eXV1Cy0s9mRY8HUfga9uP7fWH2Fr9Ck\/+suDY799pm1Zbq1\/h0b\/\/Ai3dPWhRXkFTx2FTpfzWvSU8\/uw3tgn\/ra\/v5vxMf+zeUk5LIqGp44i+j60C\/fy3Hz3Meyzr772JfUdfQ3M29kwroTvY+PR9VvkD+PyvG\/jw3iOvw3CVpmk5FdFWK6pqSjZbXTh3Xu\/p16UoehuaqcnrBRNDYr+lJupSyZTe4sTuueJxTdNyHpdlWT+eQvudicX0FihWhc5LJo7Cla3Wc1\/oOdOxaQRDwYKLiV6+NI7FxCL6wn2mpF0qmcRiYtF0U0AopiLXaaysqCrm4\/NFV\/NWOvZEgnIwEkFfuE8fD\/Px+Zy2JMbYf\/pqD3rDYQRDQdPaDqlkEtOx6YKJ+EpVMnaNsVrPSTlV1KW8\/5y2r2kafvpqD0bGRnEiFNLbBU1NXi+qyr\/Q6+80pi5fGoemrSEYCuqLIs\/H57GiqugN97lyfuzMx+cxGIk4Lqhd6meaeD3tzoOqqhjoP6nPpBCfrZljL\/81y6fS94g1LrG2S7EzPoiIiIio\/ogiskbWaZm52mhqHb\/vH\/\/hecdy19m5Ww0\/INzixhR8YfLYd\/Av8lOubIt2h31H+9HaE8Xm\/SWsv\/em1+HsagBshNgAAAGKSURBVP\/r0wf4\/P9teB0GUVX4AwHMzt3Sk35EZO+jjxfQpSi4HY87LgROmVkCou3bT1\/tYaU\/ERERkUuMbRnrnVMhirV9ZL0ytso1avT4C\/gVe\/rX2MvPtTLhTzmaRT\/\/Clr7UGEf3nvEhD\/takHD4sZE5GwmNo0r1ybQGw4XNaNprxrJTj0uNKOHiIiIiEojZk03MlVVG\/o6utHjL4Q9\/WuMi\/eSla+tXe\/nv1mgtQ+Vb21jGze+4OK9tLsVs7gxEQHz8bjePqjaCwc3KuMU8Fqs8UFERERERO7JW+k\/0H+yVnHsCe2tPlxdKn3hV9rd5O8\/h39NJqFpGv7jg5TX4exaaxtb+PqbTa\/DIKoqUS3S6BUjRLVw4dx5DEWHXWvfuNtomoaL587DH\/DzM4WIiIiIqMHk7elPREREREREREREREQN41ds70NEREREREREREREtEsw6U9EREREREREREREtEsw6U9EREREREREREREtEu0APgXr4MgIiIiIiIiIiIiIqKK\/ff\/B4RMmBpg2HyiAAAAAElFTkSuQmCC\" alt=\"Markalama G\u00f6rseli\" title=\"\"><\/p>\n<\/div>\n<div>\n<table style=\"width: 100%;\" cellspacing=\"0\" cellpadding=\"0\">\n<tbody>\n<tr>\n<td style=\"width: 120px; font-weight: bold;\">Norme<\/td>\n<td style=\"width: 400px; text-align: left;\">ISO 1307<\/td>\n<td style=\"width: 120px; font-weight: bold;\">Couleur<\/td>\n<td style=\"width: 400px;\">\n<div class=\"color-icons\"><img decoding=\"async\" src=\"data:image\/svg+xml;base64,PHN2ZyB2aWV3Qm94PSIwIDAgMTAwIDEwMCIgeG1sbnM9Imh0dHA6Ly93d3cudzMub3JnLzIwMDAvc3ZnIj4KICA8Y2lyY2xlIGN4PSI1MCIgY3k9IjUwIiByPSI0OSIgZmlsbD0iIzAwMDAwMCIgc3Ryb2tlPSJibGFjayIgc3Ryb2tlLXdpZHRoPSIwLjUiLz4KICA8Y2lyY2xlIGN4PSI1MCIgY3k9IjUwIiByPSIzOCIgZmlsbD0id2hpdGUiIHN0cm9rZT0iYmxhY2siIHN0cm9rZS13aWR0aD0iMC41Ii8+CiAgPGNpcmNsZSBjeD0iNTAiIGN5PSI1MCIgcj0iMzMiIGZpbGw9IiMwMDAwMDAiIHN0cm9rZT0iYmxhY2siIHN0cm9rZS13aWR0aD0iMC41Ii8+CiAgPGNpcmNsZSBjeD0iNTAiIGN5PSI1MCIgcj0iMjIiIGZpbGw9IndoaXRlIiBzdHJva2U9ImJsYWNrIiBzdHJva2Utd2lkdGg9IjAuNSIvPgo8L3N2Zz4=\" alt=\"\" title=\"\"><\/div>\n<\/td>\n<\/tr>\n<\/tbody>\n<\/table>\n<\/div>\n<\/div>\n<\/div>","protected":false},"excerpt":{"rendered":"<p>&nbsp; \u00dcr\u00fcn Ad\u0131: ISI SD \/ 10 \u00dcr\u00fcn Kodu: HWSD163 S\u0131cak Su Al\u0131c\u0131\/Verici Kullanim Alan\u0131 : End\u00fcstriyel uygulamalarda \u00e7ok hafif kimyasal i\u00e7erikli s\u0131cak suyun emi\u015f ve transferi i\u00e7in. Alt Katman : EPDM Kau\u00e7uk. Takviye Katman\u0131 : Y\u00fcksek Mukavemetli Sentetik Tekstil ve \u00c7elik Tel Spiral. \u00dcst Katman : A\u015f\u0131nmaya, Is\u0131ya, Oksijene ve Hava Ko\u015fullar\u0131na Dayan\u0131kl\u0131, EPDM [&#8230;]\n","protected":false},"featured_media":22240,"comment_status":"open","ping_status":"closed","template":"","meta":{"jetpack_post_was_ever_published":false},"product_brand":[],"product_cat":[2357],"product_tag":[],"class_list":{"0":"post-21350","1":"product","2":"type-product","3":"status-publish","4":"has-post-thumbnail","6":"product_cat-sel_sicak_su_hortumlari","8":"first","9":"instock","10":"taxable","11":"shipping-taxable","12":"product-type-simple"},"jetpack-related-posts":[{"id":21347,"url":"https:\/\/tuzlahortum.com.tr\/fr\/produit\/isi-10\/","url_meta":{"origin":21350,"position":0},"title":"TEMP\u00c9RATURE -10","author":"admin","date":"11 ao\u00fbt 2025","format":false,"excerpt":"\u00a0 \u00dcr\u00fcn Ad\u0131: ISI-10 \u00dcr\u00fcn Kodu: HWD160 S\u0131cak Su Kullanim Alan\u0131 : End\u00fcstriyel uygulamalarda \u00e7ok hafif kimyasal i\u00e7erikli s\u0131cak suyun ta\u015f\u0131nmas\u0131 i\u00e7in. Alt Katman : EPDM Kau\u00e7uk. Takviye Katman\u0131 : Y\u00fcksek Mukavemetli Sentetik Tekstil. \u00dcst Katman : A\u015f\u0131nmaya, Is\u0131ya, Oksijene ve Hava Ko\u015fullar\u0131na Dayan\u0131kl\u0131, EPDM Kau\u00e7uk. -40\u00b0C \/ +125\u00b0C -40\u00b0F\u2026","rel":"","context":"Article similaire","block_context":{"text":"Article similaire","link":""},"img":{"alt_text":"","src":"https:\/\/i0.wp.com\/tuzlahortum.com.tr\/wp-content\/uploads\/2025\/08\/isisd10-p.png?fit=532%2C532&ssl=1&resize=350%2C200","width":350,"height":200,"srcset":"https:\/\/i0.wp.com\/tuzlahortum.com.tr\/wp-content\/uploads\/2025\/08\/isisd10-p.png?fit=532%2C532&ssl=1&resize=350%2C200 1x, https:\/\/i0.wp.com\/tuzlahortum.com.tr\/wp-content\/uploads\/2025\/08\/isisd10-p.png?fit=532%2C532&ssl=1&resize=525%2C300 1.5x"},"classes":[]},{"id":21386,"url":"https:\/\/tuzlahortum.com.tr\/fr\/produit\/alize-sd-200c\/","url_meta":{"origin":21350,"position":1},"title":"ALIZE SD 200\u00b0C","author":"admin","date":"11 ao\u00fbt 2025","format":false,"excerpt":"\u00a0 \u00dcr\u00fcn Ad\u0131: ALIZE SD 200\u00b0C \u00dcr\u00fcn Kodu: HABSD508 S\u0131cak Hava \u00dcfleyici Al\u0131c\u0131\/Verici Kullanim Alan\u0131 : Kompres\u00f6rden tankere s\u0131cak ve kuru hava transferi, \u00f6zellikle dar b\u00fck\u00fclme yar\u0131\u00e7ap\u0131n\u0131n gerekti\u011fi durumlarda. Alt Katman : Is\u0131ya Dayan\u0131kl\u0131 Beyaz EPDM Kau\u00e7uk Takviye Katman\u0131 : Y\u00fcksek Mukavemetli Sentetik Tekstil ve \u00c7elik Tel Spiral. \u00dcst Katman\u2026","rel":"","context":"Article similaire","block_context":{"text":"Article similaire","link":""},"img":{"alt_text":"","src":"https:\/\/i0.wp.com\/tuzlahortum.com.tr\/wp-content\/uploads\/2025\/08\/alizesd200-p.png?fit=523%2C523&ssl=1&resize=350%2C200","width":350,"height":200},"classes":[]},{"id":21632,"url":"https:\/\/tuzlahortum.com.tr\/fr\/produit\/kemi-sd-10-epdm\/","url_meta":{"origin":21350,"position":2},"title":"KEMI SD\/10 EPDM","author":"admin","date":"11 ao\u00fbt 2025","format":false,"excerpt":"\u00a0 \u00dcr\u00fcn Ad\u0131: KEMI SD\/10 EPDM \u00dcr\u00fcn Kodu: ASD621 Kimyasal Al\u0131c\u0131\/Verici EPDM Kullanim Alan\u0131 : Kimyasal Diren\u00e7 Tablosuna Bak\u0131n\u0131z), Deniz ve End\u00fcstriyel Su \u0130\u00e7in Emme ve Bo\u015faltma Ama\u00e7l\u0131 Geni\u015f Kimyasal Yelpazesi \u0130\u00e7in. Alt Katman : Kimyasal Dayan\u0131ml\u0131 Siyah EPDM Kau\u00e7uk. Takviye Katman\u0131 : Y\u00fcksek Mukavemetli Sentetik Tekstil, \u00c7elik Tel Spiral\u2026","rel":"","context":"Article similaire","block_context":{"text":"Article similaire","link":""},"img":{"alt_text":"","src":"https:\/\/i0.wp.com\/tuzlahortum.com.tr\/wp-content\/uploads\/2025\/08\/kemisd10epdm-p-1.png?fit=523%2C523&ssl=1&resize=350%2C200","width":350,"height":200},"classes":[]},{"id":22786,"url":"https:\/\/tuzlahortum.com.tr\/fr\/produit\/cannes-sd\/","url_meta":{"origin":21350,"position":3},"title":"CANNES-SD","author":"admin","date":"11 ao\u00fbt 2025","format":false,"excerpt":"\u00a0 \u00dcr\u00fcn Ad\u0131: CANNES-SD \u00dcr\u00fcn Kodu: MEWSD936 Denizcilik Tipi Sulu Egzos Hortumu Al\u0131c\u0131\/Verici Kullanim Alan\u0131 : Deniz ara\u00e7lar\u0131n\u0131n so\u011futma sistemlerinde y\u00fcksek s\u0131cakl\u0131ktaki \u0131slak egzoz gazlar\u0131n\u0131n ve deniz suyunun ta\u015f\u0131nmas\u0131 i\u00e7in. Alt Katman : Is\u0131 ve Deniz Suyuna Dayan\u0131kl\u0131 \u00d6zel Siyah EPDM Kau\u00e7uk. Takviye Katman\u0131 : Y\u00fcksek Mukavemetli Sentetik Tekstil ve\u2026","rel":"","context":"Article similaire","block_context":{"text":"Article similaire","link":""},"img":{"alt_text":"","src":"https:\/\/i0.wp.com\/tuzlahortum.com.tr\/wp-content\/uploads\/2025\/08\/Cancun-SD-1.png?fit=339%2C339&ssl=1&resize=350%2C200","width":350,"height":200},"classes":[]},{"id":21344,"url":"https:\/\/tuzlahortum.com.tr\/fr\/produit\/isi-rad\/","url_meta":{"origin":21350,"position":4},"title":"HEAT RAD","author":"admin","date":"11 ao\u00fbt 2025","format":false,"excerpt":"\u00a0 \u00dcr\u00fcn Ad\u0131: ISI RAD \u00dcr\u00fcn Kodu: HWR162 Radyat\u00f6r Kullanim Alan\u0131 : So\u011futma sistemlerinde, otomotiv ve sabit motorlarda antifriz s\u0131v\u0131lar\u0131 ile kar\u0131\u015ft\u0131r\u0131lm\u0131\u015f s\u0131cak suyun ta\u015f\u0131nmas\u0131 i\u00e7in. Alt Katman : Is\u0131 ve Antifriz S\u0131v\u0131lar\u0131na Dayan\u0131kl\u0131 EPDM Kau\u00e7uk. Takviye Katman\u0131 : Y\u00fcksek Mukavemetli Sentetik Tekstil. \u00dcst Katman : Is\u0131 ve Hava Ko\u015fullar\u0131na\u2026","rel":"","context":"Article similaire","block_context":{"text":"Article similaire","link":""},"img":{"alt_text":"","src":"https:\/\/i0.wp.com\/tuzlahortum.com.tr\/wp-content\/uploads\/2025\/08\/isirad-p.png?fit=532%2C532&ssl=1&resize=350%2C200","width":350,"height":200,"srcset":"https:\/\/i0.wp.com\/tuzlahortum.com.tr\/wp-content\/uploads\/2025\/08\/isirad-p.png?fit=532%2C532&ssl=1&resize=350%2C200 1x, https:\/\/i0.wp.com\/tuzlahortum.com.tr\/wp-content\/uploads\/2025\/08\/isirad-p.png?fit=532%2C532&ssl=1&resize=525%2C300 1.5x"},"classes":[]},{"id":21353,"url":"https:\/\/tuzlahortum.com.tr\/fr\/produit\/isi-sdc\/","url_meta":{"origin":21350,"position":5},"title":"ISI SDC","author":"admin","date":"11 ao\u00fbt 2025","format":false,"excerpt":"\u00a0 \u00dcr\u00fcn Ad\u0131: ISI SDC \u00dcr\u00fcn Kodu: HWC164 S\u0131cak Su Al\u0131c\u0131\/Verici KANALLI Kullanim Alan\u0131 : End\u00fcstriyel uygulamalarda \u00e7ok hafif kimyasal i\u00e7erikli s\u0131cak suyun emi\u015f ve transferi i\u00e7in. Alt Katman : EPDM Kau\u00e7uk Takviye Katman\u0131 : Y\u00fcksek Mukavemetli Sentetik Tekstil ve \u00c7elik Tel Spiral. \u00dcst Katman : A\u015f\u0131nmaya, Is\u0131ya, ozona ve\u2026","rel":"","context":"Article similaire","block_context":{"text":"Article similaire","link":""},"img":{"alt_text":"","src":"https:\/\/i0.wp.com\/tuzlahortum.com.tr\/wp-content\/uploads\/2025\/08\/isisdc-p.png?fit=517%2C517&ssl=1&resize=350%2C200","width":350,"height":200},"classes":[]}],"jetpack_sharing_enabled":true,"jetpack_likes_enabled":true,"_links":{"self":[{"href":"https:\/\/tuzlahortum.com.tr\/fr\/wp-json\/wp\/v2\/product\/21350","targetHints":{"allow":["GET"]}}],"collection":[{"href":"https:\/\/tuzlahortum.com.tr\/fr\/wp-json\/wp\/v2\/product"}],"about":[{"href":"https:\/\/tuzlahortum.com.tr\/fr\/wp-json\/wp\/v2\/types\/product"}],"replies":[{"embeddable":true,"href":"https:\/\/tuzlahortum.com.tr\/fr\/wp-json\/wp\/v2\/comments?post=21350"}],"wp:featuredmedia":[{"embeddable":true,"href":"https:\/\/tuzlahortum.com.tr\/fr\/wp-json\/wp\/v2\/media\/22240"}],"wp:attachment":[{"href":"https:\/\/tuzlahortum.com.tr\/fr\/wp-json\/wp\/v2\/media?parent=21350"}],"wp:term":[{"taxonomy":"product_brand","embeddable":true,"href":"https:\/\/tuzlahortum.com.tr\/fr\/wp-json\/wp\/v2\/product_brand?post=21350"},{"taxonomy":"product_cat","embeddable":true,"href":"https:\/\/tuzlahortum.com.tr\/fr\/wp-json\/wp\/v2\/product_cat?post=21350"},{"taxonomy":"product_tag","embeddable":true,"href":"https:\/\/tuzlahortum.com.tr\/fr\/wp-json\/wp\/v2\/product_tag?post=21350"}],"curies":[{"name":"wp","href":"https:\/\/api.w.org\/{rel}","templated":true}]}}