{"id":21335,"date":"2025-08-11T10:49:38","date_gmt":"2025-08-11T07:49:38","guid":{"rendered":"https:\/\/tuzlahortum.com.tr\/urun\/uranus\/"},"modified":"2025-08-20T15:59:47","modified_gmt":"2025-08-20T12:59:47","slug":"uranus","status":"publish","type":"product","link":"https:\/\/tuzlahortum.com.tr\/fr\/produit\/uranus\/","title":{"rendered":"URANUS"},"content":{"rendered":"<p>&nbsp;<\/p>\n<div class=\"report-container\">\n<div class=\"report-header\">\n<div class=\"standard-text\">Nom du produit : URANUS<\/div>\n<div class=\"standard-text\">Code produit : LPGW270<\/div>\n<\/div>\n<div class=\"product-image-container\">\n<div class=\"key-feature\">Source de GPL<\/div>\n<\/div>\n<div class=\"horizontal-line\"><\/div>\n<div class=\"product-details\">\n<div class=\"detail-row\">\n<div class=\"detail-label\">Domaine d&#039;utilisation<\/div>\n<div class=\"detail-value\">: Pour le soudage au GPL.<\/div>\n<\/div>\n<div class=\"detail-row\">\n<div class=\"detail-label\">Substrat<\/div>\n<div class=\"detail-value\">: Caoutchouc synth\u00e9tique sp\u00e9cial noir r\u00e9sistant au GPL et au propane.<\/div>\n<\/div>\n<div class=\"detail-row\">\n<div class=\"detail-label\">Couche de renforcement<\/div>\n<div class=\"detail-value\">: Textiles synth\u00e9tiques \u00e0 haute r\u00e9sistance.<\/div>\n<\/div>\n<div class=\"detail-row\">\n<div class=\"detail-label\">Couche sup\u00e9rieure<\/div>\n<div class=\"detail-value\">: R\u00e9sistant \u00e0 l'abrasion, \u00e0 la flamme, \u00e0 l'oxyg\u00e8ne, \u00e0 l'air et \u00e0 l'huile Caoutchouc synth\u00e9tique sp\u00e9cial.<\/div>\n<\/div>\n<\/div>\n<div class=\"datasheet_table\"><img decoding=\"async\" class=\"alignnone size-full\" src=\"https:\/\/tuzlahortum.com.tr\/wp-content\/uploads\/2025\/08\/datasheet212.svg\" alt=\"\" title=\"\"><\/div>\n<div class=\"table-notes\"><\/div>\n<div class=\"horizontal-line\"><\/div>\n<div class=\"footer\">\n<div class=\"standards-section\">\n<div class=\"standard-item\" style=\"margin-top: 9px;\"><img data-recalc-dims=\"1\" width=\"1020\" decoding=\"async\" style=\"margin-right: 10px;\" src=\"https:\/\/i0.wp.com\/tuzlahortum.com.tr\/wp-content\/uploads\/2025\/04\/tse-1.png?fit=1020%2C40&#038;ssl=1\" height=\"40\" alt=\"\" title=\"\"><\/div>\n<div class=\"standard-info\"><\/div>\n<\/div>\n<div class=\"horizontal-line\"><\/div>\n<div class=\"temperature-section\">\n<div class=\"temp-icon\"><img decoding=\"async\" src=\"data:image\/svg+xml;base64,PD94bWwgdmVyc2lvbj0iMS4wIiBlbmNvZGluZz0iVVRGLTgiPz4KPHN2ZyBpZD0ia2F0bWFuXzIiIGRhdGEtbmFtZT0ia2F0bWFuIDIiIHhtbG5zPSJodHRwOi8vd3d3LnczLm9yZy8yMDAwL3N2ZyIgdmlld0JveD0iMCAwIDcyLjI3IDE2Ljk4Ij4KICA8ZGVmcz4KICAgIDxzdHlsZT4KICAgICAgLmNscy0xIHsKICAgICAgICBzdHJva2Utd2lkdGg6IC41OXB4OwogICAgICB9CgogICAgICAuY2xzLTEsIC5jbHMtMiwgLmNscy0zLCAuY2xzLTQgewogICAgICAgIGZpbGw6IG5vbmU7CiAgICAgICAgc3Ryb2tlLW1pdGVybGltaXQ6IDMuODY7CiAgICAgIH0KCiAgICAgIC5jbHMtMSwgLmNscy0zLCAuY2xzLTQgewogICAgICAgIHN0cm9rZTogI2E3YTlhYjsKICAgICAgfQoKICAgICAgLmNscy01IHsKICAgICAgICBmaWxsOiAjYTdhOWFiOwogICAgICB9CgogICAgICAuY2xzLTIgewogICAgICAgIHN0cm9rZTogI2ZmZjsKICAgICAgfQoKICAgICAgLmNscy0zIHsKICAgICAgICBzdHJva2Utd2lkdGg6IDIuMDZweDsKICAgICAgfQoKICAgICAgLmNscy00IHsKICAgICAgICBzdHJva2Utd2lkdGg6IC4ycHg7CiAgICAgIH0KICAgIDwvc3R5bGU+CiAgPC9kZWZzPgogIDxnIGlkPSJrYXRtYW5fMSIgZGF0YS1uYW1lPSJrYXRtYW4gMSI+CiAgICA8Zz4KICAgICAgPHBhdGggY2xhc3M9ImNscy0zIiBkPSJNMTEuMzQsMTEuNTdjLS45NCwxLjcxLTIuNzEsMi42Ni00LjgsMi42Ni0zLjA1LDAtNS41MS0yLjQ3LTUuNTEtNS41MlMzLjUsMy4xOSw2LjU1LDMuMTljMS45NCwwLDMuNjUsMSw0LjYzLDIuNTIiLz4KICAgICAgPGNpcmNsZSBjbGFzcz0iY2xzLTUiIGN4PSI2LjU1IiBjeT0iOC42NiIgcj0iMi40Ii8+CiAgICAgIDxjaXJjbGUgY2xhc3M9ImNscy0yIiBjeD0iNi41NSIgY3k9IjguNjYiIHI9IjIuNCIvPgogICAgICA8bGluZSBjbGFzcz0iY2xzLTMiIHgxPSI2OC4zNCIgeTE9IjExLjc2IiB4Mj0iOS45MiIgeTI9IjExLjc2Ii8+CiAgICAgIDxsaW5lIGNsYXNzPSJjbHMtMyIgeDE9IjY4Ljc4IiB5MT0iNS41MSIgeDI9IjkuNzMiIHkyPSI1LjUxIi8+CiAgICAgIDxsaW5lIGNsYXNzPSJjbHMtMyIgeDE9IjU0LjA3IiB5MT0iOC43NSIgeDI9IjguNjQiIHkyPSI4Ljc1Ii8+CiAgICAgIDxwYXRoIGNsYXNzPSJjbHMtMyIgZD0iTTY4LjE1LDUuNTVjMS43MSwwLDMuMDksMS4zOSwzLjA5LDMuMDlzLTEuOTIsMy4wNi0zLjYyLDMuMDYiLz4KICAgICAgPHBhdGggY2xhc3M9ImNscy01IiBkPSJNNTMuOTEsOC43NWMwLS4xNC4xMi0uMjYuMjYtLjI2cy4yNy4xMi4yNy4yNi0uMTIuMjctLjI3LjI3LS4yNi0uMTItLjI2LS4yN1oiLz4KICAgICAgPHBhdGggY2xhc3M9ImNscy0zIiBkPSJNNTMuOTEsOC43NWMwLS4xNC4xMi0uMjYuMjYtLjI2cy4yNy4xMi4yNy4yNi0uMTIuMjctLjI3LjI3LS4yNi0uMTItLjI2LS4yN1oiLz4KICAgICAgPGxpbmUgY2xhc3M9ImNscy0xIiB4MT0iMzYuNDMiIHkxPSIxNi45OCIgeDI9IjM2LjQzIiB5Mj0iMTQuMjQiLz4KICAgICAgPGxpbmUgY2xhc3M9ImNscy0xIiB4MT0iMjguMDUiIHkxPSIxNi45OCIgeDI9IjI4LjA1IiB5Mj0iMTQuMjQiLz4KICAgICAgPGxpbmUgY2xhc3M9ImNscy0xIiB4MT0iMTkuNTkiIHkxPSIxNi45OCIgeDI9IjE5LjU5IiB5Mj0iMTQuMjQiLz4KICAgICAgPGxpbmUgY2xhc3M9ImNscy0xIiB4MT0iNDEuNTciIHkxPSIyLjc0IiB4Mj0iNDEuNTciLz4KICAgICAgPGxpbmUgY2xhc3M9ImNscy0xIiB4MT0iMzMuMjgiIHkxPSIyLjc0IiB4Mj0iMzMuMjgiLz4KICAgICAgPGxpbmUgY2xhc3M9ImNscy0xIiB4MT0iMjQuOTkiIHkxPSIyLjc0IiB4Mj0iMjQuOTkiLz4KICAgICAgPGxpbmUgY2xhc3M9ImNscy0xIiB4MT0iMTYuMDgiIHkxPSIyLjc0IiB4Mj0iMTYuMDgiLz4KICAgICAgPGxpbmUgY2xhc3M9ImNscy0xIiB4MT0iNDQuNjMiIHkxPSIxNi45OCIgeDI9IjQ0LjYzIiB5Mj0iMTQuMjQiLz4KICAgICAgPGxpbmUgY2xhc3M9ImNscy0xIiB4MT0iNDkuNDkiIHkxPSIyLjc0IiB4Mj0iNDkuNDkiLz4KICAgICAgPGxpbmUgY2xhc3M9ImNscy00IiB4MT0iNDAuODgiIHkxPSIxNi45OCIgeDI9IjQwLjg4IiB5Mj0iMTQuMjQiLz4KICAgICAgPGxpbmUgY2xhc3M9ImNscy00IiB4MT0iMzIuMzMiIHkxPSIxNi45OCIgeDI9IjMyLjMzIiB5Mj0iMTQuMjQiLz4KICAgICAgPGxpbmUgY2xhc3M9ImNscy00IiB4MT0iMjMuNzkiIHkxPSIxNi45OCIgeDI9IjIzLjc5IiB5Mj0iMTQuMjQiLz4KICAgICAgPGxpbmUgY2xhc3M9ImNscy00IiB4MT0iMjAuNTkiIHkxPSIyLjc0IiB4Mj0iMjAuNTkiLz4KICAgICAgPGxpbmUgY2xhc3M9ImNscy00IiB4MT0iMjkuMTMiIHkxPSIyLjc0IiB4Mj0iMjkuMTMiLz4KICAgICAgPGxpbmUgY2xhc3M9ImNscy00IiB4MT0iMzcuMTYiIHkxPSIyLjc0IiB4Mj0iMzcuMTYiLz4KICAgICAgPGxpbmUgY2xhc3M9ImNscy00IiB4MT0iNDUuNzEiIHkxPSIyLjc0IiB4Mj0iNDUuNzEiLz4KICAgIDwvZz4KICA8L2c+Cjwvc3ZnPg==\" alt=\"S\u0131cakl\u0131k\" width=\"100\" title=\"\"><\/div>\n<div class=\"temp-values\">\n<div>-30\u00b0C \/ +80\u00b0C<\/div>\n<div>-22\u00b0F \/ +176\u00b0F<\/div>\n<\/div>\n<\/div>\n<div class=\"marking-section\">\n<div class=\"detail-row\">\n<div class=\"detail-label\">Image de marque<\/div>\n<div class=\"detail-value\">: Gaufrage ou jet d'encre<\/div>\n<\/div>\n<p><img decoding=\"async\" class=\"marking-image\" src=\"data:image\/png;base64,iVBORw0KGgoAAAANSUhEUgAABf0AAAAsCAYAAADfABI0AAAACXBIWXMAACE3AAAhNwEzWJ96AAAfF0lEQVR4nO2dT2\/b1prGH5KyNiqUeKMA1zIw6qIGanvjTawABgYJ0GjTu5lEwKxmcOt+gDgfwPEHiP0B6nR5Czhe9W6UABkMEKBONt7Y7sBdxAspi2hj16g2iknO4vAckRT\/HOqP\/yjPDzDa2KR4dHj4knzOe57X6P7zb\/8N4L9ACCGEEEIIIYQQQgghhJAbTQ7AvwH496ttBiGEEEIIIYQQQgghhBBChsW86gYQQgghhBBCCCGEEEIIIWQ0UPQnhBBCCCGEEEIIIYQQQiYEiv6EEEIIIYQQQgghhBBCyIRA0Z8QQgghhBBCCCGEEEIImRAo+hNCCCGEEEIIIYQQQgghEwJFf0IIIYQQQgghhBBCCCFkQqDoTwghhBBCCCGEEEIIIYRMCBT9CSGE3FzyxatuwfVmmP5h304GHAPRTPJ3I4QQQgghhHzx5EbxIWa5BnNudRQflYjzYQfOyQ5yD3YBAO7pEez99bEflxBCyPXDWtqAUari4n8eAd3zq27OtcNa3oJxex4Xje8y72uWa7DubuHifx7BPT0aQ+vIZWBMzyN3fxf2+ydwWo1s+xZmkau9hr2\/DudkZ0wtvCLyReTu78Jt7\/E5khBCCCGEEDKRjET0t+5uXUrGlNHeE\/8tVcd2DLNSh\/HVLJwPO3A7zf42FGZhfl0HANgHzyN\/H4XTamgJJ\/Jz3L+aiS\/ZOtultTVpX9UPn36D6\/V74LNLVZjlGozpeQBiAsZpNSK3HRWyTVHI40e288696H26f8JtvYo8z32f4X1Xt\/sn3Pae6LcIkTFpHOgeDwCsxacAgudt0O3kNuExndSffsKfndSnYcLHlP0jr2G304T7aU9LUBqkvcP0T9x2UYSvpdR4EHVd5YswK3WY5ZrYptWIHWdhwv2qu6\/uOEuKGUn9ohv3BsEoVdVks1m6F7j+zUodxp0qjMIs3E5TnNuY2GQUZmHOrQZj2fG2XlwYMrb4Pycu1g58vHwR5kwNyBdhLT5NPccB8kV1XzcrddinFEVvKma5ps6n0\/4t0+SYteyNgblVFXtjx2m+CGvuR7GNF0sHvccE2pDxXhhF1POBcXsexrT4GcWzS9LxA22JiKH+eAVAPGPE3I90jpP2\/EgIIYQQQgj5MhiJ6D9JS6SlcOZ8+g2IEmwKZZgLawBCL6G+30d+7sIanJMd2O+eJB9\/blUIWd3z5Jc23\/Hcs6NoYS2lrUq8jmqHT0C0\/S\/D+SJyKz\/3TbxIAU5mzY1D6PO3KfLvp0d9Gb\/mnXuJ5wVLG7DfPYntB2t5C2alJ94aAOCtbLHf\/tD\/PVPGQdrxAG\/ljPcZaaKpGgPdP+EcbyduEx7Taf0pCYstqX3qw39Ma2mjb0WQgSpQqcNcXIOz\/ywxE3WQ9g7TP3HbRdF3LaWNA0RcV7XXSvQBAMu7puw3jxPFY5nJ64\/DVqkKa+EpLhrfJe6r+idm0kxt58WlqJgxirg3CGqy5mQn0Pb+a7YKs1KHc7zdl9FrlmuwVl4EfmeUxPZpGe46sSXqmH3fY2lDTDjc\/jY4JgY4XiC2dM9hv38Ca+UFzG9WYR\/\/pC34WnM\/Avki3E6TWdA3HPvgOYyZhzCm52HN\/ag9+WOUqr1ngLc\/wFxcE+J0qYqLN4\/6tjcrdfFc0WnC9Y4x6D1GfeYA98LYv4eeD9z2HpzjbZhzq7AWn0Z+pyzo3hP9MdSYnoe18iIQ9wEvBsnYub8efKbROE7Ssx0hhBBCCCHky2E0or+He3o0kI3ARNE9h3vWLwQbhVmYlXpqVrNRfij+J1+EWa5pLce3ljaGfmHVRdppAOJ8ux9fAYASFWRWvD1GOwj39Aj4HBSvjFJViZ9RY9DtNIFOK7jP7XmRnbi8Bbe91yeOWksbSjz072+UREaetfJCHCtKSEsYB9byFvD5PPbcqjEAaGfZWgtPtbPCw0T1Z+L2fzWDWZFTxV6WdFi09D7XrNSV4O92mnBbr8Tfbn8rVlF42dY64z1re4Hh+qfv+BHCbKwYFTUOIPow0L6lDSX8yPhgVuqiXxbXEkVza+WFEPzlRKGXnY18EebSM9hvf0j9TkblMZAk+lfiVy2o7xTuF29cmJW6EKBHKB4rQTL0uWal3rtm23tw23swKo974+tkJ3CurLtbYls5Jr3PQL6oHVeTYouaKIm71guz6toxyzXY3nkc9HjhWOa0GjDbezBKVX3BN1+E+Y24VscxWUMuH3t\/HbkHu5kmf9Sk2uGmWC1zsKlEf2N6vi\/myfgeNbk6SMwGBrsXxsUhY3oeljcxJrEPn\/e+U6k6VLZ\/eF95TYav10D88Qn+TqsBnP0u2lt+qJ4Z41YpJbWVdlyEEEIIIYQQYMSif9aXOunNr4v09L\/OuGdHkUKRtfJCZK0trsXb8UzPBzK+jPLDRCFObecJ7Vn9erMiX0IB9GerHzxX2f6ZbCQGwN5f73\/BLlWRe7ArRMaIvnBPXva3y5ddHRZWpUgIoC9T2ShVxWqHwmyskBY3DnIPdntZfDHny5yp9Y5VfgjoiKX5IqyFpwMJq1H9mYRzErwOZd8DiBVJzcU1tW9YSHQKszCXnsHZfzaW9gIYqn\/CZJlgixsHYaKuK7f1SsSNSj1WfJUTJgACWf3u6ZGYtCrXYGu00yzX4HhWOJFt01jNFRn3Fp\/CXFgTceHw+ch896V1kvOxEcyCjbpmj3\/qXee+CUmjVFXfyz9555zsiO1LPXugJGJjy30Rj5ImVPyiJiCu\/bR7XNZY5hxvwypVRTs0YrO0BHI7zbHatZHLw23vwT09EvdHjTFmFGZ7VmEfvHjUEZYxcgLXP8bkBGXcCsWBYjYGuxdGrkKYW1WT+M7BZu+a9tprzq3C\/LqeuNIm63HlvT7yekWwz\/pWFe2vC0ul\/K3YfrusRA9CCCGEEELIzcW8yoPL7CrtHw1v2OuKzH4LL+P2I4U\/53BT\/Nv3wpuGufRs8MbpUigD6L38h3Hbe1pZxePAn00rM2dT6Z7DPXkp9gkvr\/fEOLfT7BNc3fYenD+88zkTFO3SkKJzXBul\/7K0MvBnAqdhzq0mjq+rRGUzHmz2\/c3tNIVVkob\/+TBc1\/7x21\/4ryv\/pFCcRYZ\/hYW\/\/waZHI2rQZBUmyAN+6An9Bu3Na9LDWRsDGcVy\/6QQiUAcZ17WfxR27rtvcDEgXt61OtLL+Zlpnvei\/n5W7GbhWN+eBIgy\/HiYpnTEhMjurFEtiHODovcTJSljMYYU2Og1QjGlQ\/BVUgSNQn3x\/boJvaGuBeGCYzl0DWtVlZleN4aBapGwsdo2yLneHvsCRSEEEIIIYSQyWa0ov9UMV24jxLduufKiiHx56\/xioKXRkzWbOBFu72nLH6SkAKVPzN97ISsJa4NZ7+L\/97+Nvu+U8FzogTBCLEQ8PzfkWGCwcP\/ch+1r5psaO8p6yQdaxUpEF\/K5M8QjFvYj2PU\/SPtIrS3j4t9KaTZNNgHz\/H5l5m+rM9BBHaj8rj\/d76M30GR9kbh\/jIrdVgrL5B7sIvcg11Yy1tafWRMzys7o3D\/fP5lBp9\/melfCRR1rSWI8aOIcamFgKWI2T1X4p4UOodiqn9\/52Oj9\/kpmCVRLJhZ\/oNhTM+L8by0oSyX5Bj3979ZrgXGftR5t5Y2AivYIrdPOIYfZV+lMQaUhV9oDMhnMaAn9EtbPwDCOmhEDHovTP3c0HWvJvnyxcyxzijMZl6x2seYn6dUnShCCCGEEELIF8dI7X3ky24aF78uBwQRXQuMm0zgRTMiE05a+7idpiqqaZWq6RY\/n0VGqbW8NVLf8iTiPH2vHJnBl+UlWgpk4RoBUnwcwIc4Cb+oGWml4mUbuq1XcPNFmAtrWrYGzv4zYR9VrsEZ0pt4nJhzq1eSQTzK\/pG2DQCUp3xsZn2hjNzf36nzrlY1aF47g2a2SmFP9zjK+iNkjaXqMHi+8AMRcV2Gi+0CXsHdmVpqAV3VlxG1EiLxiXmXGbPUOYgR\/9UkryfIO62GGKMa9iuRxMQywPveFaRPiOaLSky+dvH9pjDVG2\/S4klilaqAt3LMWt5SvzdQhXF7vq8QvaqT46uJ4t\/efvuD8IWPOEZ4DLmdpvjsfDH1\/q2usYht7IPnvfoAB88DllqjfPYY9F4YiW9Cxe3+2fdn\/0oC3XuDObcKa+Hp0JN0RuUxkKHIdubPz98SFmvlGi7e\/mPsz4eEEEIIIYSQ68NIMv0zZ++GLRMKZViLT1N\/hs04vSqMwizMBeFpHvdCqYpPetl4KitPY8m5c7KjVgZYC09H0eRI\/DYYudprIdyNIjN1FOSLPZFAV1D1xBTg8rJaZXakEmD8f\/P6UmYe+ldxpIm\/bqepLEKspY3xNH4IpJAsM1fD9hDjZpT9E4hDXpZtrP1OYTZYp6Mwi9z93aAI5Rt7fmHP\/\/\/aAjeCtTd0J1iUFU0o2199zofBaqn4Vzj4r0v3k7Ajco63cfHmUW8ixBP3Ej8zrmh0DDImup3meOqeFMp9K9qspQ1x\/rrnkZZWQHzMH8TiJy2Wyb5PXN2A3gqR6zppeJOQNSOcw00Re7x4by1twFraELVRDjcDtnRxmeyyCHV4e+vBy9hjRKHiSMRqkEDbE64xZSXmFapWMSJmnA\/CMPfCPryi3ABiC6vLVYJp14f6vJUXaiXHoCK6Oo+FWUx9\/14Ucx\/DM66c5DBKVUx9\/15rpQchhBBCCCFkMhhJpr\/95nG673OhHPtCaxRmYaQIPepY11yMMEpVTP3nx9i\/x3m0+q19AKgX3bjCtFGfm3uwqzKpx2WjYr9\/AmvlBQBPtKrUYcn2nrwUy\/vHnElmfl0H7twL\/M6YeahewGXmbGCfhbV4MbF7PlJbAgBqIivAVLGXOe35b\/tRdgYfe5ZCbusVDE9YsU+TMxzt459gfrOqxCPdbOG41Tlue29kK3Cc\/WfCNsTLurZ8mfLOx0awuOKY2jto\/4RxWg1RdDhfhHV3S3ze3GpsbHION8WxS\/dg3RW2HGalHhDkZYFMWXwXQDA7PcM1Ja0\/3NMj7e\/ofGzA6m4ECvrKAr5hX+\/Y44bHOwDzm95KgXDNAX\/bXIjvmfv7O+3iwzrI4uIAtAtFZ8Ws1CPvbW57TxQwjeg7v3gpY7vzsQELYiLVThATh4plKWLvl4y1tAFjej4xhpiVuij4ur+uNblsv3mszr\/TaiBXey2uqXBB85UXoih3qQpETNTFbl+YDayc9B8jKZvfyN+Cm9r6eJyDTbG60BPTnZOdxBiRNWYPcy9Mev5KrTmQcn2Y5ZqK4YDnu384mO++e3oE53hbxCc5gSKfD7y\/JcXvuO\/pHG4GnjOd422g04K59AxGYVasDGk1YL9\/wqx\/QgghhBBCJpyRZfrbB88TfwbNFJ0YuucimzVCGJTWPrK2gUT+v07mp9veUy+IftuAUeO0Grj4dbnvJV+uZsjVXo89g9us1JXwJX+kgGbvr2d6kXVPj\/osFUaB7I\/Aj++FPkqYU8VJfRM8WcaAtJoB0MtCvCa4nSY+\/+sunMPNoBDlCeC52uvxZyAO2T8ym1YWHXZPj3pFt8Nt77TEtu+eqGK2TqvRKxoZ2t4vIspscYlf+ErDnFvt+Wu\/f5KytQ\/fZJmcwFWrUiImqCKPHR7vC2tqIs7WsOQY+USltwoD8CZqxpHlD2\/CM1R\/BghOOIQJT\/ICCNQoGKSoqE4sG9Qu6kvA700fu81XXo0LjcmTQEFo+W\/v\/LqfQl75sghzTKZ5uLaM3N7tNGOPkdTGYcdB+P4\/6ue7oe+FEYTF8CiS+sVa3hIJD9594+LNo8zPG2Hs\/XVcvHmkim372yHrNIwCp9XAReO7Xm2bcg1T379nPCCEEEIIIWTCGamn\/6C4p0daotC1LSDrI\/xdcis\/i8y+P7ZjRSe1PD6Uoe6c7Ijsr5kabKQLeM7BJsyZWp9oOGrcTrOXdZgvwizdg1F+qCxbzKVnsN\/+ELmvMT0fbz2gOw4i2iMz4+JsKZyTHSVMGIVZJQbqZmyOAikIRq2GUHYG3ndR7W41YHXPe37DKW2VY8aYnoc192OqyAEk9MGI6xmogqVem4xSVXiYexnl1t0tLWF2mPYO0j\/quBHbOq0GLPkPX3a2nAiN2t6cW+0X5LrnuGh8J66hr8Skmczm1l2FYhRmlZWNc7ydeVw7x9vi+JXHMD7siBjiTVYMEk\/c0yO4Z0fRqzi8yZ5xTvRYC0\/VZOq4svwBIcD2net8Ebn7wsYKnVbf38PWPhLnZAfW9IYQNmOyfK9DLJsUjFIVRv5WX9yREwDO8bYqZh2+PxuFWZH1HxdDouLR51588BPlM5\/0d\/XvqGeiUcftGNyTlzAW1sR1nrICM0vMHvZe6F85IG0h3fZeplgfhXOwGShsbi1tiO815OpTt70Hu70HG73C6ebXdfUcF1cHJ3ZFStSY8KwfVbz1JmIZLwghhBBCCJlsroXoj8\/nk+MhHPouzh\/bIuvVK3oXhcpcmypGWmQgX9Sy+HE7TXU8a3kraAcwLjxREK0G3NMjZU8Sa8\/hK3I4KBdvHmUfL52W2sfFnnqpTrJlGYas1jhqDHTP+8aA+\/lPGJ5ImmbxAwiBJfdgF+bCmlYGpo5oMw6k2OGc7PQsKTSK7A7b3qz9o4txW78IZFyGZXi1TpbimMrWp9McyHJCZgkb0\/PKwiuLBdLnX2b0NvQE8XFmmfqz7O3D52OzO4vFE9VyD3ZFnQRf7Pdb+xjT87C+8l3vXr2bRIufIWIZRb4g0tLH8vWzv\/C2mnifW4WFLTWOrOWtQK2Kca0iGRcjHQcakwxZYvaw90L\/caTtoVGqak2aJ\/3d7TRx8eaRKuBrTM8j92BXWPwMUlw45hjuSVNM\/nkWTma5Fin6Z7nXWCsveuO1vQf73ZPLj4mEEEIIIYSQSyez6C89bTOTtNT89rzWMuZwZpLuflH7pmFMRwt4cvm97mdJH3Hl4x0S0ZS1D7wMt5jMV6P8ENDJgj54LjJ1vSzEJGTRxki885Wlz5zj7fQiqZ7tSRTuX5f3EqpqIPg8zANt6TRhoNpfdHpMSDsDY3o+Vgw1yg8BHZsUT0g3K3WYi3q1Mq4SKQhdVqHusfVPlgzbJAsWfyFezeKYAVufd4N7NTvH20LQlH7zmoWAs2BW6iK+dppw9p8Fspgz2VnE3VN8tj5ue28s30EHZUcSsjvz25PE2f8AIiboTLqkxbIAumP0C\/H+dw431So1iVGYFePGmxBUlly+4uOG18+DrKi5DqStLFAMUah2UEZ9L5T3FnNuNT0RQme12PE23NYrVcDdnFsdmegfPs4oVkLJ2g\/onsM+fH5l8ZAQQgghhBBy+WQW\/ZWn7TCEX6zymtnfYSFCd7+ofWOQYm9cQT1VYE43S8rzypYCY1jEUTYPnWb0suwpUZBP1+IHEAUrrZUXsYWT1XFiiv35M1GjbDniRAAdL\/8425PLRhYWNQqzMBfX+sQA9\/QIqCB2fMmX8VEIPtLOAN1zuGcxhRdLVW2LH6Bn9RQ7Bi6bNPHokiZXJFn7RxbUdv9qBq5h\/5j3nxezXIMxPQ\/n02+ByUOVbRlzngGfl36o+G1s28K2PkOsgpAFfZEvah8\/K2ri9OTlQBnSqvZBjCDot\/VJEvmShM\/ECVFNYmOHjPmnR9EiY6EsrvUEix8\/abEMAEyv8Hna+ZTj8kvx+par1NBpKTut8Cott3sE+3RdFMmVk1KeHddNK4SqxmSKVaJc8ZNl9dIoGMu98MMOrFJVJF3EFIxXRdM1Ew9k1r+1+DS+qLYOQz5P6eKeHqlaNIQQQgghhJAvh8yiv\/tXczhRyZcZl\/lzpB\/uIMfXzHB0W68Az2vaDWXmm5V6rBdzEs7BZs\/vPvSZqqDjwWZsVufUf\/yftsUP4PmGJ2ROS69cY3oe1t2tYPHHfFFZe4Q9dY1SFbmVn2Hvr\/e3NV+EufRM7HdDMh+dg01Yy1uRYoDbegUsbSjPbL+Q5rcOyWJ\/EocaAx8bsSKlWuqvafHjt3q6cvJFTH3\/Hs4f25H1DKzFp1pi+CgZpH+UKHjWK5apBPqwmFIoiwLTlccBcTB2e0m+KFYGIbqGQBTD2voE8E1Sjr34+oDZ5P6Cx2Gy2PoECif7BESjVO0VeR60jky+Z9UWLniuio7HiHDG9LwqbB1r8RMiKZYBAG5\/K9qSFpu752oCQcdqaxKQRdfl\/U7G2XBsV5Zbx9vC4mVp43Is9EaEmsjxznES7pl4PjDv3BuL\/V0c47gXOic7MBfXEifF5CRf1vuPffB8YGsna\/EpjJmHkXUBZFuB4Z+nnFYD7jVItCCEEEIIIYRcPplFf+dkZyRCJ5BQiGxM++ngF8yt5S0hIH0+Vxn3gOfhm6EP3E4zYCci9\/Vb+ySJK077N5E5rGnxA3i+5bXXyX9\/IHy1p75\/38vwvD2vBK9w8UspLlrLWzAXRQE\/nP0O3P4WZuleb78Y+57rRpIYIK0bzLlVMWFTqgoB0D8OOs2RXAvSzsD9FD8G3PYeIMeAppWAffyTsnpKwlraSJwUG\/Z6s5ZE5risbeGeef7OhbLK2gQ8KxkNgXNU7dXtHyBoQZS7vwun\/VtwRczJy8D2zsmOyjjP1V73Mmfld40R1GVRY7ejN7mqxqZHbuXn\/u+Z0drM3l+H82FnbIKvzKY1K\/XAxKKubZzbafYy20MToVKYBaD8sAP7+oqF+zPkc\/d3RaHWKVGY3P\/3NIzKY+RCExCBOOqzaPKvFIv7bPf0SFwH+aK2xU+asOn\/Tmm47T0YFdG3lyn4XhVystp+9wTu2RHM0j1YSxvBCf+5VRiFWTiHm8JCb3peTAzcIHsfGSec9m+p27qf9oBKHcbMw0A9ikHRjdnjuhcmTYoZ0\/O91QUDnMtB9pETTYCwNJNFz9FpqQK+AMQkbIwdT5IVWiDO3ZDxSQghhBBCCBk916OQ7zXj4u0\/VKHJsM2B22nCfp89u8\/5sKOy\/WUGpVpSfnqUnJHaegWUa5ksfuTERJx9iSzmJoX8cNasc7zdl8Fmv3msfGyNwqwQMEOimr2\/fqOKGronL2EsrIm+za8HRGd7f13VYjAKs4DfyqXThP32h6HtHZTgAJHdGNtO38oDXVsDdM+V2JHahjFi74t+NedW1VjrG28nO9pZ6iNrr2b\/SOz9deTu76pVNxL39EisYAh9tr2\/rgp++icWnJN4QV2tINH08je+6n1ueIwqsmbUd8dbWF0WRzWm54M1QDJcS27rFYy51b6JUH8\/61i\/2W9\/6J1Tf6z0zp8Osf0OL476V3bJmJ+yUkyuttC1+AHiY1lgIkkjbsjVbllE1ZuMs\/8MOPtdjXl7f73vfuyc7MDI31LXub2\/Lu7jN0hQlbFFZ5Wi87EBC1tqonJYWxidmD3Oe6Hftsz8uh5YRaVibsIxR42yB5L3h6j6Bd1zXLz9R2zfX1YNHEIIIYQQQsjNJbPoP7SH6RUhM\/S08Px6ZcFJWXTS\/bQXn3XpFaiN84R123tCKMjfgpG\/Bdc7jnO4CedTcuad87EB4zBYQDDteIAntibYU0jx0fy6Dtz+VrTLK2AY9aIpX1SN6XlliSHb454ewW29GqtnrPNhB0Z7L5PlhuzbuD72i7VGYRZuNygg2O+eiAmbO\/eEyDPkOOhjqtjbPkH0dDtNNX78Im7aqgrnZEcI7flbff2m+nNYEoozA1ACqnO83Rs30\/PCU\/3sd2E\/oOnNnLW9w\/RPGPf0CJ\/\/dbeXXf\/5PHEs+K8vKRA6rUasoG4UZuGevIQr26Xz\/VJiB4DkGKC7KidhXA+yskfF1ztiAtE9PRIrazSz\/f2rcPyZu2ltCbffPT0SbZHnqPunKvScNgmR1Pdu98\/oeHj2O5yz31Otk5zj7f7rdcBYJm1CdAt4Oq0GTLmSIsLmZtII15mJ\/L7d88A27ulRfMxKulbi7mEx+2TdPm4fNXHdPdc7n952cnVilCWOHIdJ97pMMXuc98LuOez3T3r3HY9A0fQRF7iV3z3uenXbe7j4dVlYkt2513sG88aW87ER2Q868Vb7+YMQQgghhBAy0Rjdf\/7tGQDtdL4vQvQnhBByrZF2HeHCq6SH9J5H9xyf\/3VXezWFWamLFTAZ9yPXkHwRudrrgD2RDkZhFrm\/vwMg7Hcmsb6DrA\/AGEIIIYQQQgiZRC69kO9VwcwnQgiZHJyDTZgzNZEp+wVkpGcmX4S1IIoJS4stXcIWTDepYC0JYs39qFbkZUl88Ne1sZa3cPHr8hhbefkYpaqyaeP4JoQQQgghhEwiV1rIlxBCCBkEafNhzq1eqh\/3jcGz1TLKDwe6Z9vvn8BaeTFy2xNyudjHP8GYeThQLSL78DmMUnUix4C08UqrqUQIIYQQQgghN5XM9j6EEELItSFfpP3MuGDfEo4BQgghhBBCCLmRmFfdAEIIIWRgKEiOD\/Yt4RgghBBCCCGEkBsJRX9CCCGEEEIIIYQQQgghZEKg6E8IIYQQQgghhBBCCCGETAgU\/QkhhBBCCCGEEEIIIYSQCYGiPyGEEEIIIYQQQgghhBAyIVD0J4QQQgghhBBCCCGEEEImhByA\/73qRhBCCCGEEEIIIYQQQgghhBBCCCGEEEIIIYQQQgghhBBCCCGEEEIIIYQQQgghhBBCCCGEEEIIIYQQQgghhBBCCCGEEEIIIYQQQggh4+L\/AWnrR0XeYO\/bAAAAAElFTkSuQmCC\" alt=\"Markalama G\u00f6rseli\" title=\"\"><\/p>\n<\/div>\n<div>\n<table style=\"width: 100%;\" cellspacing=\"0\" cellpadding=\"0\">\n<tbody>\n<tr>\n<td style=\"width: 120px; font-weight: bold;\">Norme<\/td>\n<td style=\"width: 400px; text-align: left;\">BS 3217 - TYPE 2<br \/>\nBS 5120 - CLB TYPE N<br \/>\nTS EN 559<br \/>\nISO 1307<\/td>\n<td style=\"width: 120px; font-weight: bold;\">Couleur<\/td>\n<td style=\"width: 400px;\">\n<div class=\"color-icons\"><img decoding=\"async\" src=\"data:image\/svg+xml;base64,PHN2ZyB2aWV3Qm94PSIwIDAgMTAwIDEwMCIgeG1sbnM9Imh0dHA6Ly93d3cudzMub3JnLzIwMDAvc3ZnIj4KICA8Y2lyY2xlIGN4PSI1MCIgY3k9IjUwIiByPSI0OSIgZmlsbD0iIzAwMDAwMCIgc3Ryb2tlPSJibGFjayIgc3Ryb2tlLXdpZHRoPSIwLjUiLz4KICA8Y2lyY2xlIGN4PSI1MCIgY3k9IjUwIiByPSIzOCIgZmlsbD0id2hpdGUiIHN0cm9rZT0iYmxhY2siIHN0cm9rZS13aWR0aD0iMC41Ii8+CiAgPGNpcmNsZSBjeD0iNTAiIGN5PSI1MCIgcj0iMzMiIGZpbGw9IiMwMDAwMDAiIHN0cm9rZT0iYmxhY2siIHN0cm9rZS13aWR0aD0iMC41Ii8+CiAgPGNpcmNsZSBjeD0iNTAiIGN5PSI1MCIgcj0iMjIiIGZpbGw9IndoaXRlIiBzdHJva2U9ImJsYWNrIiBzdHJva2Utd2lkdGg9IjAuNSIvPgo8L3N2Zz4=\" alt=\"\" title=\"\"><br \/>\n<img decoding=\"async\" src=\"data:image\/svg+xml;base64,PHN2ZyB2aWV3Qm94PSIwIDAgMTAwIDEwMCIgeG1sbnM9Imh0dHA6Ly93d3cudzMub3JnLzIwMDAvc3ZnIj4KICA8Y2lyY2xlIGN4PSI1MCIgY3k9IjUwIiByPSI0OSIgZmlsbD0iI0ZGRDcwMCIgc3Ryb2tlPSJibGFjayIgc3Ryb2tlLXdpZHRoPSIwLjUiLz4KICA8Y2lyY2xlIGN4PSI1MCIgY3k9IjUwIiByPSIzOCIgZmlsbD0id2hpdGUiIHN0cm9rZT0iYmxhY2siIHN0cm9rZS13aWR0aD0iMC41Ii8+CiAgPGNpcmNsZSBjeD0iNTAiIGN5PSI1MCIgcj0iMzMiIGZpbGw9IiMwMDAwMDAiIHN0cm9rZT0iYmxhY2siIHN0cm9rZS13aWR0aD0iMC41Ii8+CiAgPGNpcmNsZSBjeD0iNTAiIGN5PSI1MCIgcj0iMjIiIGZpbGw9IndoaXRlIiBzdHJva2U9ImJsYWNrIiBzdHJva2Utd2lkdGg9IjAuNSIvPgo8L3N2Zz4=\" alt=\"\" title=\"\"><\/div>\n<\/td>\n<\/tr>\n<\/tbody>\n<\/table>\n<\/div>\n<\/div>\n<\/div>","protected":false},"excerpt":{"rendered":"<p>&nbsp; \u00dcr\u00fcn Ad\u0131: URANUS \u00dcr\u00fcn Kodu: LPGW270 LPG Kaynak Kullanim Alan\u0131 : LPG ile Kaynak \u0130\u00e7in. Alt Katman : Siyah LPG ve Propan Dayan\u0131kl\u0131 \u00d6zel Sentetik Kau\u00e7uk. Takviye Katman\u0131 : Y\u00fcksek Mukavemetli Sentetik Tekstil. \u00dcst Katman : A\u015f\u0131nmaya, Alev, Oksijen, Hava ve Ya\u011fa Dayan\u0131kl\u0131 \u00d6zel Sentetik Kau\u00e7uk. -30\u00b0C \/ +80\u00b0C -22\u00b0F \/ +176\u00b0F Markalama : [&#8230;]\n","protected":false},"featured_media":22230,"comment_status":"open","ping_status":"closed","template":"","meta":{"jetpack_post_was_ever_published":false},"product_brand":[],"product_cat":[2356],"product_tag":[],"class_list":{"0":"post-21335","1":"product","2":"type-product","3":"status-publish","4":"has-post-thumbnail","6":"product_cat-sel_kaynak_hortumlari","8":"first","9":"instock","10":"taxable","11":"shipping-taxable","12":"product-type-simple"},"jetpack-related-posts":[],"jetpack_sharing_enabled":true,"jetpack_likes_enabled":true,"_links":{"self":[{"href":"https:\/\/tuzlahortum.com.tr\/fr\/wp-json\/wp\/v2\/product\/21335","targetHints":{"allow":["GET"]}}],"collection":[{"href":"https:\/\/tuzlahortum.com.tr\/fr\/wp-json\/wp\/v2\/product"}],"about":[{"href":"https:\/\/tuzlahortum.com.tr\/fr\/wp-json\/wp\/v2\/types\/product"}],"replies":[{"embeddable":true,"href":"https:\/\/tuzlahortum.com.tr\/fr\/wp-json\/wp\/v2\/comments?post=21335"}],"wp:featuredmedia":[{"embeddable":true,"href":"https:\/\/tuzlahortum.com.tr\/fr\/wp-json\/wp\/v2\/media\/22230"}],"wp:attachment":[{"href":"https:\/\/tuzlahortum.com.tr\/fr\/wp-json\/wp\/v2\/media?parent=21335"}],"wp:term":[{"taxonomy":"product_brand","embeddable":true,"href":"https:\/\/tuzlahortum.com.tr\/fr\/wp-json\/wp\/v2\/product_brand?post=21335"},{"taxonomy":"product_cat","embeddable":true,"href":"https:\/\/tuzlahortum.com.tr\/fr\/wp-json\/wp\/v2\/product_cat?post=21335"},{"taxonomy":"product_tag","embeddable":true,"href":"https:\/\/tuzlahortum.com.tr\/fr\/wp-json\/wp\/v2\/product_tag?post=21335"}],"curies":[{"name":"wp","href":"https:\/\/api.w.org\/{rel}","templated":true}]}}