{"id":21309,"date":"2025-08-11T10:46:56","date_gmt":"2025-08-11T07:46:56","guid":{"rendered":"https:\/\/tuzlahortum.com.tr\/urun\/mars\/"},"modified":"2025-08-20T16:00:09","modified_gmt":"2025-08-20T13:00:09","slug":"mars","status":"publish","type":"product","link":"https:\/\/tuzlahortum.com.tr\/fr\/produit\/mars\/","title":{"rendered":"MARS"},"content":{"rendered":"<p>&nbsp;<\/p>\n<div class=\"report-container\">\n<div class=\"report-header\">\n<div class=\"standard-text\">Nom du produit : MARS<\/div>\n<div class=\"standard-text\">Code produit : ADS240<\/div>\n<\/div>\n<div class=\"product-image-container\">\n<div class=\"key-feature\">Extraction de l'air et des poussi\u00e8res<\/div>\n<\/div>\n<div class=\"horizontal-line\"><\/div>\n<div class=\"product-details\">\n<div class=\"detail-row\">\n<div class=\"detail-label\">Domaine d&#039;utilisation<\/div>\n<div class=\"detail-value\">: Pour l'aspiration et le transfert d'air, de poussi\u00e8res, de grains, de mat\u00e9riaux pulv\u00e9rulents, etc.<\/div>\n<\/div>\n<div class=\"detail-row\">\n<div class=\"detail-label\">Substrat<\/div>\n<div class=\"detail-value\">: Caoutchouc naturel et synth\u00e9tique.<\/div>\n<\/div>\n<div class=\"detail-row\">\n<div class=\"detail-label\">Couche de renforcement<\/div>\n<div class=\"detail-value\">: Textile synth\u00e9tique et spirale en fil d'acier<\/div>\n<\/div>\n<div class=\"detail-row\">\n<div class=\"detail-label\">Couche sup\u00e9rieure<\/div>\n<div class=\"detail-value\">: R\u00e9sistant \u00e0 l'abrasion, \u00e0 l'ozone, \u00e0 la chaleur et aux intemp\u00e9ries Caoutchouc synth\u00e9tique noir sp\u00e9cial, noueux<\/div>\n<\/div>\n<\/div>\n<div class=\"datasheet_table\"><img decoding=\"async\" class=\"alignnone size-full\" src=\"https:\/\/tuzlahortum.com.tr\/wp-content\/uploads\/2025\/08\/datasheet203.svg\" alt=\"\" title=\"\"><\/div>\n<div class=\"table-notes\"><\/div>\n<div class=\"horizontal-line\"><\/div>\n<div class=\"footer\">\n<div class=\"standards-section\">\n<div class=\"standard-item\" style=\"margin-top: 9px;\"><\/div>\n<div class=\"standard-info\"><\/div>\n<\/div>\n<div class=\"temperature-section\">\n<div class=\"temp-icon\"><img decoding=\"async\" src=\"data:image\/svg+xml;base64,PD94bWwgdmVyc2lvbj0iMS4wIiBlbmNvZGluZz0iVVRGLTgiPz4KPHN2ZyBpZD0ia2F0bWFuXzIiIGRhdGEtbmFtZT0ia2F0bWFuIDIiIHhtbG5zPSJodHRwOi8vd3d3LnczLm9yZy8yMDAwL3N2ZyIgdmlld0JveD0iMCAwIDcyLjI3IDE2Ljk4Ij4KICA8ZGVmcz4KICAgIDxzdHlsZT4KICAgICAgLmNscy0xIHsKICAgICAgICBzdHJva2Utd2lkdGg6IC41OXB4OwogICAgICB9CgogICAgICAuY2xzLTEsIC5jbHMtMiwgLmNscy0zLCAuY2xzLTQgewogICAgICAgIGZpbGw6IG5vbmU7CiAgICAgICAgc3Ryb2tlLW1pdGVybGltaXQ6IDMuODY7CiAgICAgIH0KCiAgICAgIC5jbHMtMSwgLmNscy0zLCAuY2xzLTQgewogICAgICAgIHN0cm9rZTogI2E3YTlhYjsKICAgICAgfQoKICAgICAgLmNscy01IHsKICAgICAgICBmaWxsOiAjYTdhOWFiOwogICAgICB9CgogICAgICAuY2xzLTIgewogICAgICAgIHN0cm9rZTogI2ZmZjsKICAgICAgfQoKICAgICAgLmNscy0zIHsKICAgICAgICBzdHJva2Utd2lkdGg6IDIuMDZweDsKICAgICAgfQoKICAgICAgLmNscy00IHsKICAgICAgICBzdHJva2Utd2lkdGg6IC4ycHg7CiAgICAgIH0KICAgIDwvc3R5bGU+CiAgPC9kZWZzPgogIDxnIGlkPSJrYXRtYW5fMSIgZGF0YS1uYW1lPSJrYXRtYW4gMSI+CiAgICA8Zz4KICAgICAgPHBhdGggY2xhc3M9ImNscy0zIiBkPSJNMTEuMzQsMTEuNTdjLS45NCwxLjcxLTIuNzEsMi42Ni00LjgsMi42Ni0zLjA1LDAtNS41MS0yLjQ3LTUuNTEtNS41MlMzLjUsMy4xOSw2LjU1LDMuMTljMS45NCwwLDMuNjUsMSw0LjYzLDIuNTIiLz4KICAgICAgPGNpcmNsZSBjbGFzcz0iY2xzLTUiIGN4PSI2LjU1IiBjeT0iOC42NiIgcj0iMi40Ii8+CiAgICAgIDxjaXJjbGUgY2xhc3M9ImNscy0yIiBjeD0iNi41NSIgY3k9IjguNjYiIHI9IjIuNCIvPgogICAgICA8bGluZSBjbGFzcz0iY2xzLTMiIHgxPSI2OC4zNCIgeTE9IjExLjc2IiB4Mj0iOS45MiIgeTI9IjExLjc2Ii8+CiAgICAgIDxsaW5lIGNsYXNzPSJjbHMtMyIgeDE9IjY4Ljc4IiB5MT0iNS41MSIgeDI9IjkuNzMiIHkyPSI1LjUxIi8+CiAgICAgIDxsaW5lIGNsYXNzPSJjbHMtMyIgeDE9IjU0LjA3IiB5MT0iOC43NSIgeDI9IjguNjQiIHkyPSI4Ljc1Ii8+CiAgICAgIDxwYXRoIGNsYXNzPSJjbHMtMyIgZD0iTTY4LjE1LDUuNTVjMS43MSwwLDMuMDksMS4zOSwzLjA5LDMuMDlzLTEuOTIsMy4wNi0zLjYyLDMuMDYiLz4KICAgICAgPHBhdGggY2xhc3M9ImNscy01IiBkPSJNNTMuOTEsOC43NWMwLS4xNC4xMi0uMjYuMjYtLjI2cy4yNy4xMi4yNy4yNi0uMTIuMjctLjI3LjI3LS4yNi0uMTItLjI2LS4yN1oiLz4KICAgICAgPHBhdGggY2xhc3M9ImNscy0zIiBkPSJNNTMuOTEsOC43NWMwLS4xNC4xMi0uMjYuMjYtLjI2cy4yNy4xMi4yNy4yNi0uMTIuMjctLjI3LjI3LS4yNi0uMTItLjI2LS4yN1oiLz4KICAgICAgPGxpbmUgY2xhc3M9ImNscy0xIiB4MT0iMzYuNDMiIHkxPSIxNi45OCIgeDI9IjM2LjQzIiB5Mj0iMTQuMjQiLz4KICAgICAgPGxpbmUgY2xhc3M9ImNscy0xIiB4MT0iMjguMDUiIHkxPSIxNi45OCIgeDI9IjI4LjA1IiB5Mj0iMTQuMjQiLz4KICAgICAgPGxpbmUgY2xhc3M9ImNscy0xIiB4MT0iMTkuNTkiIHkxPSIxNi45OCIgeDI9IjE5LjU5IiB5Mj0iMTQuMjQiLz4KICAgICAgPGxpbmUgY2xhc3M9ImNscy0xIiB4MT0iNDEuNTciIHkxPSIyLjc0IiB4Mj0iNDEuNTciLz4KICAgICAgPGxpbmUgY2xhc3M9ImNscy0xIiB4MT0iMzMuMjgiIHkxPSIyLjc0IiB4Mj0iMzMuMjgiLz4KICAgICAgPGxpbmUgY2xhc3M9ImNscy0xIiB4MT0iMjQuOTkiIHkxPSIyLjc0IiB4Mj0iMjQuOTkiLz4KICAgICAgPGxpbmUgY2xhc3M9ImNscy0xIiB4MT0iMTYuMDgiIHkxPSIyLjc0IiB4Mj0iMTYuMDgiLz4KICAgICAgPGxpbmUgY2xhc3M9ImNscy0xIiB4MT0iNDQuNjMiIHkxPSIxNi45OCIgeDI9IjQ0LjYzIiB5Mj0iMTQuMjQiLz4KICAgICAgPGxpbmUgY2xhc3M9ImNscy0xIiB4MT0iNDkuNDkiIHkxPSIyLjc0IiB4Mj0iNDkuNDkiLz4KICAgICAgPGxpbmUgY2xhc3M9ImNscy00IiB4MT0iNDAuODgiIHkxPSIxNi45OCIgeDI9IjQwLjg4IiB5Mj0iMTQuMjQiLz4KICAgICAgPGxpbmUgY2xhc3M9ImNscy00IiB4MT0iMzIuMzMiIHkxPSIxNi45OCIgeDI9IjMyLjMzIiB5Mj0iMTQuMjQiLz4KICAgICAgPGxpbmUgY2xhc3M9ImNscy00IiB4MT0iMjMuNzkiIHkxPSIxNi45OCIgeDI9IjIzLjc5IiB5Mj0iMTQuMjQiLz4KICAgICAgPGxpbmUgY2xhc3M9ImNscy00IiB4MT0iMjAuNTkiIHkxPSIyLjc0IiB4Mj0iMjAuNTkiLz4KICAgICAgPGxpbmUgY2xhc3M9ImNscy00IiB4MT0iMjkuMTMiIHkxPSIyLjc0IiB4Mj0iMjkuMTMiLz4KICAgICAgPGxpbmUgY2xhc3M9ImNscy00IiB4MT0iMzcuMTYiIHkxPSIyLjc0IiB4Mj0iMzcuMTYiLz4KICAgICAgPGxpbmUgY2xhc3M9ImNscy00IiB4MT0iNDUuNzEiIHkxPSIyLjc0IiB4Mj0iNDUuNzEiLz4KICAgIDwvZz4KICA8L2c+Cjwvc3ZnPg==\" alt=\"S\u0131cakl\u0131k\" width=\"100\" title=\"\"><\/div>\n<div class=\"temp-values\">\n<div>-20\u00b0C \/ +70\u00b0C<\/div>\n<div>-40\u00b0F \/ +158\u00b0F<\/div>\n<\/div>\n<\/div>\n<div class=\"marking-section\">\n<div class=\"detail-row\">\n<div class=\"detail-label\">Image de marque<\/div>\n<div class=\"detail-value\">: Gaufrage ou jet d'encre<\/div>\n<\/div>\n<p><img decoding=\"async\" class=\"marking-image\" src=\"data:image\/png;base64,iVBORw0KGgoAAAANSUhEUgAABf0AAAAoCAYAAABEkVAiAAAACXBIWXMAACE3AAAhNwEzWJ96AAAdeElEQVR4nO3dX2xTV74v8G\/+kQmUHQ6TORJkCzJqpDu2dBnu3Kr2w3SgUuNetWrLTfZDMnmoY+nA8JJkpAQeStIpMA8dkOpEuurQB+M+IHhwKJ2eVqqNLkH0wRm1V8yM5NxKHJVWDkhnEE12OqRDApwHZ60u\/9veTmxvO\/l+JASJt7d\/e3vb2L\/1W79V9\/Tejt8BeBNERERERERERERERFTT6p0OgIiIiIiIiIiIiIiISoNJfyIiIiIiIiIiIiKiDYJJfyIiIiIiIiIiIiKiDaJxPXf2eL0YHB4qVSwl09\/bBwDoMQx0Gz3y95PBCczE406FVTL\/2fcWFp991ekwiDYl\/Wwvmue+dDoMIiIiIiIiIiKinNac9Nd1HRcuXSxlLCXXruvweL3KbyYci6VUljqfYcKfyCHb\/naNCX8iIiIiIiIiIqpqa27v067rpYyDbPr2xSNOh0C0abVdOet0CERERERERERERJbW1d6HKmvx2Vex1PmM02EQbUo7Pz2Hxvt3nA6DiIiIiIiIiDYAl9sNTdOcDqMg0zQxm0jkvC29w0r1mksmkUwms35f6\/FbKVnSPxaN4uhhVqGXy+OW7bjPKn8iR9QvLaL1+gWnwyAiIiIiIiKiDeLE+FhNJJ1n4nG5fmqmam\/9LkwGJzAZDGb9vtbjt7Lm9j6ZZhOzpdoV5bBwoB8rO3c7HQbRptR25SzqlxadDoOIiIiIiIiIiKigqmrvc+v2VyXZT2fHT0uyn2qxsnM35n\/1a6fDqKj9rQ14Z18LAGDgiwe4\/eCx5fb+PVvw+t4tuLnwCL\/965LltsNPN+O13U24fm8Fv5v93nLba889ZXn7h3eWEfyPf1pus6OpDu\/sa8HBtkZ0bE2Ns80vP8GVu8t4a\/b7gsdGzmqe+xLb\/\/wnp8MoyOV248T4WN7bTdPE1WgMsWgUpmkW3Mfpk6fyTt8DUhUJLrcbs4kETp88lXMbXdfhDwzA4\/XC5XbL388mEohFYwiHQmmxrGWEPV+1QS6apuHd984BAMKh84hFowXvI2Kaic8UHFUX2+Y6Jz2GgW6jJ+9955JJxFafn\/XyBwLo8nXBNE1bM\/DU5\/1yZApTkUja7Xael1g0hsuRSN5ry4rH60WP0QOP15u2XtBMPJ4znsy4rLYB0s+91fXi8XrhDwygy+eTv4tFowiHzmMmHs+7T7tEnIXOt6BpGvyBAHqMHnleUq\/jKCaDE5ZTO8Xr0841ILYF7L2e7G5fzPtJj2HAHxhIe5\/Id+5zKfa9Rn3cYp7HQtcaEREREVE1Oz4yilg0ihPjY+g2DKfDKZppmujv7cOiaeLd986lffavBZWOv6qS\/pTb\/ReP4HHLdqfDqKgdTXU42Ja6PA\/taiqYWB\/qbMb+1gZb+x7qbEbH1np0bK0vmPQXMVjd\/vreLXj+xneYX36Sdfv+1gZce+4p7GiqS\/v9jqY6+PdsgX\/PFrz1\/78vGAc558c1snivpmkFpwV2+XwYTA7hN4eP5EzAqfso1FfQ5XZbPp7L7caFSxdz7sfldsPldsMfGMBkcALhUAhA+Xvpdfl88jFM07SVYBfbe7xeXI5ELBOtVvG363rB4+s2DMzE4zh6+MiakufCQGBAJonFwIwV9Xmfic9k3W7neRGJ+\/7evqJi7zEMvH32TN59erxeDA4P4djIaFby1ypmlZ1zf2J8DP5AIOv3XT4funw+XI5EcGxktKh9ZhJxFjrfQOp5++N759IGQcR9uw0D3YaB4yOjeRPQ6uuzxzAsE9WFXstr3d7O+4kYiMu1v3znPlc8xb7XCMU+j4WuNSIiIiKiaia+F0xFpmoy6T+bSMjvt7ForOaS\/pWOv2Ttfag8ljqfweKzrzodhqNe37vF8vb9rQ22E\/4i2S\/+bfd+hR5\/uLM5520feLfJhP\/88hNM31vB9L2VtOr+oaebswYFqDps+9s1tNz63OkwSqpd13Hh0sWy\/ueirz6GmoSbicflH0HTNAwOD1Vs4aIXfF3y310+X9GPmy85XUoerzdvAtMOl9udlijuKbIafT1cbrecSWFHl8+Xdk5N05TXiDpQ0a7rGBweKmmsKn8gkJbwF3HMKQM83YaBweHhssWg0jQtK+E\/m0hkDXq8ffaMrYT1G+NjVbs4WOYxzCWTmInH0waOrM59tb7XEBERERFVI7WobS6ZLFggVm10XYeu69A0DS63C7OJRNr3tmpX6fhLVunvcrvWUPWWf8q21crQm8m3XLwX+1sb0LG1Pm8bnEKDAqpDu5rSf97dhJsLjwre7\/kb32H63kra7zq21uMD7zbsb23A0NPNWdX6h3Y1yQGG8DcPMfDFg7Tb\/Xu24J19LXhr9vucswTIeW01UuWfKdcCL6LVhsfrhaZp+MPZM3jlpZfL8vj+wIBMrl2ORHD65Km0JJ5oWzI4PITjI6Pytlyt2S5cugiP12u5cJAdmqaltW0BUknnYlp1iMpzO+1GrPT39mXto8vnw4nxMbTrOlxuNwaHh\/K2TbKSmeTv8vnWtJ9c8j0HIvEqqqa7fD5bsyjURP7pk6eyqrB1Xccbq9fscYtK7\/UQyeB8cfgDAdmiZnB4SM72mAwGs15jYsAGyP0c2+UPBGTCfzaRwNHDR+QME03T0qbiDg4Pob\/X+nHE663YRZ\/KTVwrAGQbIvWcqefeHxjI2aJnre81uaznOSMiIiIiqgU\/tK+N48AvnwMAvPveuazvytWqXdcx\/dkNAKm8x9HDR6BpGj765OOsWdLVqNLxlyzpL6ZhF2MumcQrL72c80vYbCKxrgTPRrD47KtY6nzG6TCqgn\/vlrwtcDIT+VZe253a9ubCI+xvbcBru5rW3Frn9oPHeGv2e1nNf7CtMW1g4MBPGuV2mQl\/IDUQkFn1T9Vj56fn0Hj\/jtNhlIx4TxVJdNH2ohyDq2IAeC6ZzNmWwzRNTAaDBdvllJL6\/9NMPA6P14sXfF1F9+f+w9kz8sNRKcWiUczE45j+7IZs4bKWZL04TnGMYhChnIPoyWQSp0+eklX+Hq+nYNI\/VdmQmm1yORLJSviL\/R49fAS6rpftOlFnfIRDoaw4xM9q8rlUgyj5iIEbkQhXj900TRwbGZUDLOK1XOj5VQcsqoU6QHU8R\/umcCiUVqHfbRhZz081vtcQEREREVU79fvDbGK2ZpL+KnEMpmkimUzWRNJfVYn4HW3v067rNXlhVcLjlu24zyp\/6fU9uav51cVxC1HXCRCL\/YpZBGulJvkzW\/SI1kGZMwRUTPhXp\/qlRbRev+B0GGURDp2X\/y7X+69I5hZK\/FYyCSda+4jFYYHiWvyIwel2XUdPmXofmqaJy6uDEHbWaMiktvaZDE7IaYKVaPGjJmzttI5KX7A1ZrltOa8Tj9cj\/62+NlThUEiey3KvO6E+h1ej0bzHrsZqFZNaVFHOFklr8cLq+09qEevc7xVqkl99roRqfK8hIiIiIqp23YaBHvmnB5PBCVuztavJ4PBQat3C4WFomobJ4ERNdYypRPxrrvQvVc+hfCMZYmG2tdgIMwQWDvRjZedup8OoGqL\/fmYrnmJa+4iE\/+0HjzF9b0VW+x9sa0T4m4frjpF9+TeOtitnUb+06HQYZaH+R67r7WV9rGrpn6229olFY2kJarstfsKh8+gxetC+2nImFo2ua7HdfGLRmOwvr+s6ilk2VK0QFz3Nuw2jpC1+8lnPuXDyOhGfQeaSScvEcDlmd+SS3ps+\/7Of2a8+H9EjUiz+OxWZqpoWNiJuO60eXW635XFWy3sNEREREVEt0DRNrq92fGRUfif+6JOPa2ZxXHVNuYO\/fA7JZBLhUAj\/769\/cTgyeyoR\/5qT\/slkEv29fUVXvel6u60VotdS5bhRrOzcjflf\/drpMKrGlbvLOLSrCa\/v3YKbqxX6gmjtI7axIlr7iMr76XsrqRY\/u5vWnPQXAwlAdtX+zYVHONjWiEO7mvDbpjr27a8RzXNfYvuf\/+R0GBVRrulvc6tT017w+eByn3d8tF2d0SCqp0UisZgWP8dGRuWioZXokV7s8yOO8+rqwE4sGkO3YVSkxY96ju08jlo44A8MlG0Qxa5qrAS3ikk9Vy63y3I\/p0+ewgurs1rsrAFQacnknOXt4lhzffmotvcaIiIiIiKiarGu9j4z8bhczM7un6nVtgqU3\/0Xj+Bxy3anw6gaH95ZBpBa+FZ1aFcTdjTV4faDx\/iLjcV4xaCA2N\/1v6eS\/2rivlhDnc3y35mzEP4yn\/p5R1MdvnpRw\/DTzetqJUSV8eMaXby3mojKXU3TcOHSRZwYH3O0WkC09plNJGQidWoNLX5E9TyQmoqnV1HPQLUtjGiXoybSy9niJ3Mx3NnEbMH7JJNJmfh3ud346JOP4Q8Equqc1opC169pmrIdkMfrLVt7qnLLdZzV9l5DRERERLQek8EJ9Pf2YSYeh2maOD4yiqOHj2ButXCtv7dPzuKeicfR39uHyeAEgNRaaf29fbJlbDgUQn9vn\/xeqO5LrB929PARDA4P4cT4GC5cuigf43KRa98JuWI+evgIjq+uv2UVI5AqWOrv7cNsIpG2r9lEImtf6vm4cOkiBoeH8dEnH6ftw8n4AVQ8\/kwlW8iXSmOp8xksPvuq02FUlSt3l\/HO8hPsaKrDoV1NuHI3lbQXrX3Ez1b2tzbI9jui0l\/cL3O\/ubyzryWrUr9ja71M4oe\/eZh1e\/ibhxjqbJaP\/c6+Fryzr0W2F3r\/64eW\/f6p8rb97Rpabn3udBg1bzI4ISuLRVW8aFkzE48jFo1Z9isvJbW1j9pGZC0tfoDUf9rTn90AALwxPoajh6tj7RU1qZ95nF0+X0la\/ORru6e2XplLJm2fS3Xx33Zdx4nxMZwYH5Ptia5GY47PANgoJoNB2Z5qcHioZOfVqg1jJVrulPK9Rlx7+WyE1pFEREREVL3mkkk5m3wymPqOJ75biZnbohCty9eFyeCE\/HlweAinT56S36W6DSPt+9+iaabtC\/ih9a\/H65GfoX+x7+dp+yjW1Wg07XHU9bu6jR7LGHVdl2t6nT55CoPDQ5b7Uo+\/x+jB4PAQZhOJtH0U2za+1uPPVLVlxzPxODo7frqmP7XsWy7em2V++YlMyIsWPSJRDwDvf124NY8YILi58CgtOS\/2e+An1uNfove\/+kck\/OeXn8iFgTM9f+O7rBkAHVvr4d+zBdeeewrXnnuKawFUkTZW+ZeEaP+Wa+0Xj9eLE+NjmP7sBk6Mj5U9FrXtjDrTTPQ6B36YCWCH6LMn9l0tbeh+WLMgPZl7dbXqX7T4WQ\/Rdi\/zj0jumqaJ3xQxCBKLRnF8ZDQr0SoGat4+ewbTn92o2cr0aiM+kLbruvxQv165rgfxpxIV96V8r3G53ZbHQ0RERERUTu26Lr9bic+mgsvtkp+vNU2Dy+2WP2f+Le6n\/l79bJ7al0v52Z3177V+ls98HI\/XI2PWle+kuWJUj9\/j9UJPOx8\/xJy5L03T5Kz3zHO42eLPxEr\/KrL47KtY6nzG6TCq0od3luHfs0X2xxcJ\/9sPHuPmwiMc2m3dz1+08Pkwo5r\/+t9XcGhXU2q\/eRL3Vq7cXcbAFw\/y9uufX36C\/\/F\/F7G\/tQGv790iBw\/UuD7wbsPzN74r+rGptHZ+eg6N9+84HcaGMZtI4MAvn4PL7V5NjnuyFuP0BwLQNA3HVqe3lYNI6IupeapYNAp\/ICBb\/NitfJ4MTqDbMKBpGk6Mj+GVl14uedzFUFv7iCS\/EItG8TZSCzT1GD04fbI8Pc9j0Sh+f\/JU0bM3piIRTEUiadeI+uFWXWDK7gwCyi0WjWImHofH64U\/MIDLkUhVrmVQrGp5ryEiIiIiWq\/pz25gLpmUCd\/rq7PM23V9dQZ3l0wMnxgfk7N5gdQsXPF5H0gtyqv+rO5L\/XkmHscv9v1czuxW71Msl9ud9ThqQrxQjJnHn\/mzx+vNefyTwQmEQyEMDg9n3WczxZ+paiv9N5vHLdtxn1X+eV25u4x5pcWPqNx\/38YCvB1b67G\/tSG1nzvpSX\/RXkdt1ZPL8ze+Q90H86j7YB7\/8u8LMsk\/v\/zE1gK9Nxce4bd\/XcLzN77Dv\/z7Aga+eCAX\/j3Y1ijjI2fULy2i9foFp8PYkGYTCUwGg+jv7cMv9v0cr7z0suw5CADdhlG2iuB8rX2EmJIgV2cEFGKapjwGl9vteCV6vtY+AOTUQ6C4Y8wlcwae2tpo0TTXlUCORaOyd2Fnx0\/T+iICqVZKtH6i2j9zHYa1spp1Wel2OOt9rxHX3kacRUpEREREtUFU8Qvtui6TzwCyilsyf85M1qs\/Z+5L\/DwVmZLfG9eT8Lcbs1WMmcef+XO+4xez8SeDwaz7bLb4VQUr\/W\/d\/qokD1Qsj9e75sfO9+VsPb2QxAIZ5bJwoB8rO3eXbf8bQfibhxh+uln2yQeAsI3WPmpl\/aHdTXlnBRza1YTgf\/yz4P5EuyF15oGdxL96\/\/A3qX7+X72oybgy2wBR5bRdOYv6pUWnw6gq5erHLRawMU1Tttzo8vlKskhNJjXJvV3TMDg8nHfbF3xdRVWSh0MhDAQG0K7reGN8LC1BXWniOE3TtOy7KFr8lOpcx6JRzCWTaNd1dBsGJoMTJascFx84333vnJyJ4fF6cw7eaNrmXvi+mN78s4kELkci6DYMdBtGWsuralfsGgSVfK8hIiIiIqo14VAImqahx+iRyf5aamtpmibCofPweD3oMQxMRSKW3\/mrTSXid7y9DxfoA1Z27sb8r37tdBhV7\/2vU0l\/kfC\/ufBIVstbeU1J8r\/5sx9Zbmcn6Q8AE7f+Cf+eLdjRVAf\/ni2276cSC\/qqgxJUec1zX2L7n\/\/kdBgVoybzrZJfLrfbMpG93pHncChU9p7+aq9+sZhtPsW2+AGAYyOjuHDpolxAtBTsPj+C2trHTvV2qVv8TAYnZPudVOI\/WLJ9A0A4dL7gDIVC16Lar3Lt+\/ihIiPXwEM56LqOmTy3pV8ns0Xt9\/TJU3Lx21JU+6+Xrrdb3i6Oda3J+kq81xARERER1ZJwKCRnAf\/h7BnHCr7X4\/jIqMxZXP\/shvxeWisqEb+j7X1M08Rl9ujF\/ReP4HHL5q5UtCMzyW9nAV8Asv9\/IQfbGm0vqntz4ZGszB\/qbLZ1H6pOP95ki\/eqI\/emmT67QU1mWiXi1AVpqrVqVm3tY1ex24tqdADwBwaKum8+YqEgwN6guNrax471tvjJNBWJyDj9gYGyzRDJRZx7XZl6mYt7NaGf61oVC8CKxZTy+eN753Dh0sWyJ4\/VBWnVayGT+jwWWzwhKkpSj1GZBXdzEcdqVU2kLnDFIhEiIiIiIiL7CpYYl6uibS6ZxOmTp9K+xJX6seaSyZLts1yJraXOZ7D47Ktl2fdG9P43D2W1\/pWMRXlzURP+\/zv+j7xteK4995TcPmxjnQAgVe1\/\/n9uRcfWehxsa5TrAwgH2xrRsbU+7\/52NNXJWQvzD+23B6LS2fa3a2i59bnTYVRMZmVvrkr+2UQCLrcb3YaB86HzOd\/71AR3rirjHsNAYrW1Rj7lnjaoJkUngxOW\/xeI1m\/FtvgBUqPz05\/dKEmyW5x3IL0XvxVxnHPJpOUipT1GD7oNo+QtfoBUNf7g8JCc8WC32n9weBjhUMgymWt1ncwmEnIhJH8gIPsgqrp8PjkTItcxz8Rn5Dl\/Y3wsbZ0CwR8IyH3EMhZKLrVkMpnWMsnOa\/DqGlpLTQaDctGoSg7UqGbicXlN5nv+0o8z+9xXw3sNEREREVGtSH3\/WpSfszVNs2wRW21EAZOmbcfbZ8\/AFXLD4\/Wk9eCvZpWOv2DSv5ILsZX6saYikaITOJX2LRfvLUr461TSf\/reiq3WPgd+krrEbz94bDlIcHPhEfa3NuDATxptJ\/2v3F3GO6uLCw91Nqcl\/Xc01ckBgY5t9Qh\/\/TAt3o6t9fjAu03OLLAzgEGl17aJqvy7fD4MDg\/JqtmZeDxnoiwcOi+nlf3xvXM4NjIqk88iqSta2ZimmTVw4HK75f0ngxO4HIlk9Xnv8vnSpq6VY8aX2tqnUGI5Fo3K9j\/FtvhJJpMIh0Lrau8jZiW8MT4mE7CiEtuK2tonFo1aDhKo\/f5L3eInHArJwSR\/YKDg+U5tF8Dg8BD8gQH8\/uQpxKLRtPuID59iv7kG8cOh8\/K8i+3UxHGPYaQtAJyrf30sGsUb5ph8Dk6Mj2EyOKHMXgjI6v7UB7TsxHSpTUWm5PFkvgb11TUk1NfxWtdROH3yFN5971xpgl6DqciUvCYzn79aeq8hIiIiIqoFM\/G4bOkzl0zWXDscIPUdUBSZVUu70mJUOn42E3fQP\/7781jqfMbpMGrK7QePUffBvO3tRaV\/oaT6h3eXsb+1AYd2NcFuk47MBX07ttbLxP7+1gZ0bE11z3rzZz\/Cmz\/7EW4uPML86iCBqPAXsdkZwKDS2vnpOTTev+N0GGUxODxk+Z+HaZryP\/tMU5EI\/IEBmVC2WgBdTY4KarsZEcdcMimTcZmr1YdDoZIt\/qoS1b0z8XjBBPTVaExWzHf5fEUPFk8GJ9BtGLYrpgstKj+bSNhKLqsVzIUq0GcTCVlB3uXz5X3+10K06hPnwM45FNeJpml4++wZvI0zctFVILs6O1e86oCLpmk4MT6Wt\/1OvkER0zRxfGRUJr9FolnMeFH9PmN2YrlMBoPo8nUVfA1avY7tEOfEqUr4mXjc9vOX69yX+r2m0OsSSL3WS71uBRERERFRJaifjWulMj6Tpv3QGr0Wj6HS8Tva03+zu3doxOkQNjQ18X797yuW206v3p6ZkC9k4tYPC\/iqvf2n761ktRPa39qAg22Nafu\/ufAIA188sP14VBr1S4tovX7B6TAcMZtIoL+3z7IdxrGR0YLtX8KhUM7E9OmTp7IGA9p1HR6vFx6vN+2DxuVIpKTJZ0FU7AP22rGoyWCrPur5mKaJyeBE0ffLJRaNor+3r6h+\/nZbAYlt2nW9YB\/8YqnHb6daob+3L6vq2uV2y+tEpS5wlOtxrRacBlLHfdyi9VEsGs26PTPhf\/rkqYrOHCz0GhWDFett01SO11+xj1+o+n4yOJHz3FfDew0RERERUa1wud346JOPceHSxZqrkBf8gQAuXLqIjz75uCbbeFY6\/oKV\/nYqnzaLUrYf+vZ\/\/QYrO3eXbH8bzfzyk6we+VZu\/+Mxpu+tyMV1gVQLHbGPQvuavrcit9nf2iD3I36Xby2AmwuPEP7mYaqNz9b0MbQrd5cx\/akJ\/54teG13E\/a3NmBHUx3ml5\/g5sIjvP\/1Q9uthKi0dn56DvVLi4U3rCGFEr+ziQRm4jMFE6Ri2\/7ePnQbBrp8XfI\/I9FiZSoyZflYk8EgwqGQvL+u62l91WcTiYL7UGNR\/7ajXdflvu30O08mk7gciaBd17E9o1pf7GeuwGyEcCgEj9cDTdPyLhhrdbziubF7nKINUWox4Rlb95mKTMnnweV2y6pn9drJdZziNqvYRNW9SJZ7vN6C7YaOjYxiMjghZ5aoldmi\/VQ4dN6yOts0TRw9fAQ9hoEXVq9V9dxcjcZsJeunIhEkEgkMBAbkOgHiOcvXVz9XLOKYrQZtCp1vsc0rL72MHsNAt9EjX4Op13E85ywbld3XzWwigcngRFGDXXavUbvn49jIKKYiU\/CvnntN02yf+\/W+1xS79lOh9wEiIiIiomqWWdxUi2ox2a+qZPx1T+\/t+B2AN\/NtcOv2VxULptp1dvy0JPt53LIdX499jMct2wtvTEQl1Xj\/DvaeetnpMIiIiIiIiIhoE8tsSVmtTNPMW4xTK0l4tRWoqtbjt8Ke\/g64d2iECX8ih\/zrxbxjnEREREREREREFbHedp3VoJiZs9Wo1uO3wp7+FfbP9v+GxWdfdToMok2p5dbnaLn1udNhEBERERERERERlU3BSv9StbShlIalRez+P\/\/mdBhEm1Lz3JdOh0BERERERERERFRWbO9TYY3376Dx\/h2nwyAiIiIiIiIiIiKiDYjtfYiIiIiIiIiIiIiINggm\/YmIiIiIiIiIiIiINggm\/YmIiIiIiIiIiIiINohGAGEA086GQURERERERERERERE6\/Vfv+O3ShzxzQYAAAAASUVORK5CYII=\" alt=\"Markalama G\u00f6rseli\" title=\"\"><\/p>\n<\/div>\n<div>\n<table style=\"width: 100%;\" cellspacing=\"0\" cellpadding=\"0\">\n<tbody>\n<tr>\n<td style=\"width: 120px; font-weight: bold;\">Norme<\/td>\n<td style=\"width: 400px; text-align: left;\">ISO 1307<\/td>\n<td style=\"width: 120px; font-weight: bold;\">Couleur<\/td>\n<td style=\"width: 400px;\">\n<div class=\"color-icons\"><img decoding=\"async\" src=\"data:image\/svg+xml;base64,PHN2ZyB2aWV3Qm94PSIwIDAgMTAwIDEwMCIgeG1sbnM9Imh0dHA6Ly93d3cudzMub3JnLzIwMDAvc3ZnIj4KICA8Y2lyY2xlIGN4PSI1MCIgY3k9IjUwIiByPSI0OSIgZmlsbD0iIzAwMDAwMCIgc3Ryb2tlPSJibGFjayIgc3Ryb2tlLXdpZHRoPSIwLjUiLz4KICA8Y2lyY2xlIGN4PSI1MCIgY3k9IjUwIiByPSIzOCIgZmlsbD0id2hpdGUiIHN0cm9rZT0iYmxhY2siIHN0cm9rZS13aWR0aD0iMC41Ii8+CiAgPGNpcmNsZSBjeD0iNTAiIGN5PSI1MCIgcj0iMzMiIGZpbGw9IiMwMDAwMDAiIHN0cm9rZT0iYmxhY2siIHN0cm9rZS13aWR0aD0iMC41Ii8+CiAgPGNpcmNsZSBjeD0iNTAiIGN5PSI1MCIgcj0iMjIiIGZpbGw9IndoaXRlIiBzdHJva2U9ImJsYWNrIiBzdHJva2Utd2lkdGg9IjAuNSIvPgo8L3N2Zz4=\" alt=\"\" title=\"\"><\/div>\n<\/td>\n<\/tr>\n<\/tbody>\n<\/table>\n<\/div>\n<\/div>\n<\/div>","protected":false},"excerpt":{"rendered":"<p>&nbsp; \u00dcr\u00fcn Ad\u0131: MARS \u00dcr\u00fcn Kodu: ADS240 Hava ve Toz Emme Kullanim Alan\u0131 : Hava, toz, tah\u0131l, toz madde vb. emi\u015f ve transferi i\u00e7in. Alt Katman : Do\u011fal ve Sentetik Kau\u00e7uk. Takviye Katman\u0131 : Sentetik Tekstil ve \u00c7elik Tel Spiral \u00dcst Katman : A\u015f\u0131nma, Ozon, Is\u0131 ve Hava Ko\u015fullar\u0131na Dayan\u0131kl\u0131 \u00d6zel Siyah Sentetik Kau\u00e7uk, Bo\u011fumlu [&#8230;]\n","protected":false},"featured_media":22217,"comment_status":"open","ping_status":"closed","template":"","meta":{"jetpack_post_was_ever_published":false},"product_brand":[],"product_cat":[2355],"product_tag":[],"class_list":{"0":"post-21309","1":"product","2":"type-product","3":"status-publish","4":"has-post-thumbnail","6":"product_cat-sel_hava_gaz_hartumlari","8":"first","9":"instock","10":"taxable","11":"shipping-taxable","12":"product-type-simple"},"jetpack-related-posts":[],"jetpack_sharing_enabled":true,"jetpack_likes_enabled":true,"_links":{"self":[{"href":"https:\/\/tuzlahortum.com.tr\/fr\/wp-json\/wp\/v2\/product\/21309","targetHints":{"allow":["GET"]}}],"collection":[{"href":"https:\/\/tuzlahortum.com.tr\/fr\/wp-json\/wp\/v2\/product"}],"about":[{"href":"https:\/\/tuzlahortum.com.tr\/fr\/wp-json\/wp\/v2\/types\/product"}],"replies":[{"embeddable":true,"href":"https:\/\/tuzlahortum.com.tr\/fr\/wp-json\/wp\/v2\/comments?post=21309"}],"wp:featuredmedia":[{"embeddable":true,"href":"https:\/\/tuzlahortum.com.tr\/fr\/wp-json\/wp\/v2\/media\/22217"}],"wp:attachment":[{"href":"https:\/\/tuzlahortum.com.tr\/fr\/wp-json\/wp\/v2\/media?parent=21309"}],"wp:term":[{"taxonomy":"product_brand","embeddable":true,"href":"https:\/\/tuzlahortum.com.tr\/fr\/wp-json\/wp\/v2\/product_brand?post=21309"},{"taxonomy":"product_cat","embeddable":true,"href":"https:\/\/tuzlahortum.com.tr\/fr\/wp-json\/wp\/v2\/product_cat?post=21309"},{"taxonomy":"product_tag","embeddable":true,"href":"https:\/\/tuzlahortum.com.tr\/fr\/wp-json\/wp\/v2\/product_tag?post=21309"}],"curies":[{"name":"wp","href":"https:\/\/api.w.org\/{rel}","templated":true}]}}