{"id":21306,"date":"2025-08-11T10:46:36","date_gmt":"2025-08-11T07:46:36","guid":{"rendered":"https:\/\/tuzlahortum.com.tr\/urun\/moon-40\/"},"modified":"2025-08-20T16:00:11","modified_gmt":"2025-08-20T13:00:11","slug":"moon-40","status":"publish","type":"product","link":"https:\/\/tuzlahortum.com.tr\/fr\/produit\/moon-40\/","title":{"rendered":"MOON-40"},"content":{"rendered":"<p>&nbsp;<\/p>\n<div class=\"report-container\">\n<div class=\"report-header\">\n<div class=\"standard-text\">Nom du produit : MOON-40<\/div>\n<div class=\"standard-text\">Code produit : ASW205<\/div>\n<\/div>\n<div class=\"product-image-container\">\n<div class=\"key-feature\">Air renforc\u00e9 par des fils d'acier<\/div>\n<\/div>\n<div class=\"horizontal-line\"><\/div>\n<div class=\"product-details\">\n<div class=\"detail-row\">\n<div class=\"detail-label\">Domaine d&#039;utilisation<\/div>\n<div class=\"detail-value\">: Pour le transfert d'air \u00e0 haute pression dans les mines<\/div>\n<\/div>\n<div class=\"detail-row\">\n<div class=\"detail-label\">Substrat<\/div>\n<div class=\"detail-value\">: Caoutchouc synth\u00e9tique NBR, r\u00e9sistant \u00e0 l'huile, aux brouillards, \u00e0 l'air m\u00e9lang\u00e9 et aux fluides inertes.<\/div>\n<\/div>\n<div class=\"detail-row\">\n<div class=\"detail-label\">Couche de renforcement<\/div>\n<div class=\"detail-value\">: Fil d'acier \u00e0 haute r\u00e9sistance<\/div>\n<\/div>\n<div class=\"detail-row\">\n<div class=\"detail-label\">Couche sup\u00e9rieure<\/div>\n<div class=\"detail-value\">: Caoutchouc synth\u00e9tique micro perfor\u00e9 r\u00e9sistant \u00e0 l'abrasion, \u00e0 l'ozone et aux intemp\u00e9ries.<\/div>\n<\/div>\n<\/div>\n<div class=\"datasheet_table\"><img decoding=\"async\" class=\"alignnone size-full\" src=\"https:\/\/tuzlahortum.com.tr\/wp-content\/uploads\/2025\/08\/datasheet202.svg\" alt=\"\" title=\"\"><\/div>\n<div class=\"table-notes\">R\u00e9sistance \u00e0 la flamme : (US MSHA APPROVED)<\/div>\n<div class=\"horizontal-line\"><\/div>\n<div class=\"footer\">\n<div class=\"standards-section\">\n<div class=\"standard-item\" style=\"margin-top: 9px;\"><\/div>\n<div class=\"standard-info\"><\/div>\n<\/div>\n<div class=\"temperature-section\">\n<div class=\"temp-icon\"><img decoding=\"async\" src=\"data:image\/svg+xml;base64,PD94bWwgdmVyc2lvbj0iMS4wIiBlbmNvZGluZz0iVVRGLTgiPz4KPHN2ZyBpZD0ia2F0bWFuXzIiIGRhdGEtbmFtZT0ia2F0bWFuIDIiIHhtbG5zPSJodHRwOi8vd3d3LnczLm9yZy8yMDAwL3N2ZyIgdmlld0JveD0iMCAwIDcyLjI3IDE2Ljk4Ij4KICA8ZGVmcz4KICAgIDxzdHlsZT4KICAgICAgLmNscy0xIHsKICAgICAgICBzdHJva2Utd2lkdGg6IC41OXB4OwogICAgICB9CgogICAgICAuY2xzLTEsIC5jbHMtMiwgLmNscy0zLCAuY2xzLTQgewogICAgICAgIGZpbGw6IG5vbmU7CiAgICAgICAgc3Ryb2tlLW1pdGVybGltaXQ6IDMuODY7CiAgICAgIH0KCiAgICAgIC5jbHMtMSwgLmNscy0zLCAuY2xzLTQgewogICAgICAgIHN0cm9rZTogI2E3YTlhYjsKICAgICAgfQoKICAgICAgLmNscy01IHsKICAgICAgICBmaWxsOiAjYTdhOWFiOwogICAgICB9CgogICAgICAuY2xzLTIgewogICAgICAgIHN0cm9rZTogI2ZmZjsKICAgICAgfQoKICAgICAgLmNscy0zIHsKICAgICAgICBzdHJva2Utd2lkdGg6IDIuMDZweDsKICAgICAgfQoKICAgICAgLmNscy00IHsKICAgICAgICBzdHJva2Utd2lkdGg6IC4ycHg7CiAgICAgIH0KICAgIDwvc3R5bGU+CiAgPC9kZWZzPgogIDxnIGlkPSJrYXRtYW5fMSIgZGF0YS1uYW1lPSJrYXRtYW4gMSI+CiAgICA8Zz4KICAgICAgPHBhdGggY2xhc3M9ImNscy0zIiBkPSJNMTEuMzQsMTEuNTdjLS45NCwxLjcxLTIuNzEsMi42Ni00LjgsMi42Ni0zLjA1LDAtNS41MS0yLjQ3LTUuNTEtNS41MlMzLjUsMy4xOSw2LjU1LDMuMTljMS45NCwwLDMuNjUsMSw0LjYzLDIuNTIiLz4KICAgICAgPGNpcmNsZSBjbGFzcz0iY2xzLTUiIGN4PSI2LjU1IiBjeT0iOC42NiIgcj0iMi40Ii8+CiAgICAgIDxjaXJjbGUgY2xhc3M9ImNscy0yIiBjeD0iNi41NSIgY3k9IjguNjYiIHI9IjIuNCIvPgogICAgICA8bGluZSBjbGFzcz0iY2xzLTMiIHgxPSI2OC4zNCIgeTE9IjExLjc2IiB4Mj0iOS45MiIgeTI9IjExLjc2Ii8+CiAgICAgIDxsaW5lIGNsYXNzPSJjbHMtMyIgeDE9IjY4Ljc4IiB5MT0iNS41MSIgeDI9IjkuNzMiIHkyPSI1LjUxIi8+CiAgICAgIDxsaW5lIGNsYXNzPSJjbHMtMyIgeDE9IjU0LjA3IiB5MT0iOC43NSIgeDI9IjguNjQiIHkyPSI4Ljc1Ii8+CiAgICAgIDxwYXRoIGNsYXNzPSJjbHMtMyIgZD0iTTY4LjE1LDUuNTVjMS43MSwwLDMuMDksMS4zOSwzLjA5LDMuMDlzLTEuOTIsMy4wNi0zLjYyLDMuMDYiLz4KICAgICAgPHBhdGggY2xhc3M9ImNscy01IiBkPSJNNTMuOTEsOC43NWMwLS4xNC4xMi0uMjYuMjYtLjI2cy4yNy4xMi4yNy4yNi0uMTIuMjctLjI3LjI3LS4yNi0uMTItLjI2LS4yN1oiLz4KICAgICAgPHBhdGggY2xhc3M9ImNscy0zIiBkPSJNNTMuOTEsOC43NWMwLS4xNC4xMi0uMjYuMjYtLjI2cy4yNy4xMi4yNy4yNi0uMTIuMjctLjI3LjI3LS4yNi0uMTItLjI2LS4yN1oiLz4KICAgICAgPGxpbmUgY2xhc3M9ImNscy0xIiB4MT0iMzYuNDMiIHkxPSIxNi45OCIgeDI9IjM2LjQzIiB5Mj0iMTQuMjQiLz4KICAgICAgPGxpbmUgY2xhc3M9ImNscy0xIiB4MT0iMjguMDUiIHkxPSIxNi45OCIgeDI9IjI4LjA1IiB5Mj0iMTQuMjQiLz4KICAgICAgPGxpbmUgY2xhc3M9ImNscy0xIiB4MT0iMTkuNTkiIHkxPSIxNi45OCIgeDI9IjE5LjU5IiB5Mj0iMTQuMjQiLz4KICAgICAgPGxpbmUgY2xhc3M9ImNscy0xIiB4MT0iNDEuNTciIHkxPSIyLjc0IiB4Mj0iNDEuNTciLz4KICAgICAgPGxpbmUgY2xhc3M9ImNscy0xIiB4MT0iMzMuMjgiIHkxPSIyLjc0IiB4Mj0iMzMuMjgiLz4KICAgICAgPGxpbmUgY2xhc3M9ImNscy0xIiB4MT0iMjQuOTkiIHkxPSIyLjc0IiB4Mj0iMjQuOTkiLz4KICAgICAgPGxpbmUgY2xhc3M9ImNscy0xIiB4MT0iMTYuMDgiIHkxPSIyLjc0IiB4Mj0iMTYuMDgiLz4KICAgICAgPGxpbmUgY2xhc3M9ImNscy0xIiB4MT0iNDQuNjMiIHkxPSIxNi45OCIgeDI9IjQ0LjYzIiB5Mj0iMTQuMjQiLz4KICAgICAgPGxpbmUgY2xhc3M9ImNscy0xIiB4MT0iNDkuNDkiIHkxPSIyLjc0IiB4Mj0iNDkuNDkiLz4KICAgICAgPGxpbmUgY2xhc3M9ImNscy00IiB4MT0iNDAuODgiIHkxPSIxNi45OCIgeDI9IjQwLjg4IiB5Mj0iMTQuMjQiLz4KICAgICAgPGxpbmUgY2xhc3M9ImNscy00IiB4MT0iMzIuMzMiIHkxPSIxNi45OCIgeDI9IjMyLjMzIiB5Mj0iMTQuMjQiLz4KICAgICAgPGxpbmUgY2xhc3M9ImNscy00IiB4MT0iMjMuNzkiIHkxPSIxNi45OCIgeDI9IjIzLjc5IiB5Mj0iMTQuMjQiLz4KICAgICAgPGxpbmUgY2xhc3M9ImNscy00IiB4MT0iMjAuNTkiIHkxPSIyLjc0IiB4Mj0iMjAuNTkiLz4KICAgICAgPGxpbmUgY2xhc3M9ImNscy00IiB4MT0iMjkuMTMiIHkxPSIyLjc0IiB4Mj0iMjkuMTMiLz4KICAgICAgPGxpbmUgY2xhc3M9ImNscy00IiB4MT0iMzcuMTYiIHkxPSIyLjc0IiB4Mj0iMzcuMTYiLz4KICAgICAgPGxpbmUgY2xhc3M9ImNscy00IiB4MT0iNDUuNzEiIHkxPSIyLjc0IiB4Mj0iNDUuNzEiLz4KICAgIDwvZz4KICA8L2c+Cjwvc3ZnPg==\" alt=\"S\u0131cakl\u0131k\" width=\"100\" title=\"\"><\/div>\n<div class=\"temp-values\">\n<div>-40\u00b0C \/ +70\u00b0C<\/div>\n<div>-40\u00b0F \/ +158\u00b0F<\/div>\n<\/div>\n<\/div>\n<div class=\"marking-section\">\n<div class=\"detail-row\">\n<div class=\"detail-label\">Image de marque<\/div>\n<div class=\"detail-value\">: Gaufrage ou jet d'encre<\/div>\n<\/div>\n<p><img decoding=\"async\" class=\"marking-image\" src=\"data:image\/png;base64,iVBORw0KGgoAAAANSUhEUgAABf0AAAAoCAYAAABEkVAiAAAACXBIWXMAACE3AAAhNwEzWJ96AAAgAElEQVR4nO2de0xcV57nv3bZ1amEpoqSaQgWuCJnnMcEGY+6O502E8Nq8mgjr3GSVtooI+PVKmtk7QLbDyxPK0DPNm1a2wvMymtP70yMVxZO1JOYyMLpTKIx0DjPngQWa5J4404FFAYWtqjr4C6n7HL2j\/LvcurWvbfuq17w+0iWgfs4v3vOuefe+3uu+eoyAgACYBiGYRiGYRiGYRiGYRiGYRgmr1kHoBFAe5blYBiGYRiGYRiGYRiGYRiGYRjGJmuzLQDDMAzDMAzDMAzDMAzDMAzDMM7ASn+GYRiGYRiGYRiGYRiGYRiGWSGsy7YAjHmC0QoEoxXZFoNhViVVnkn4XFK2xWAYhmEYhmEYhmEYhmEYVWwp\/YdjP0XnbJtTsjhCldeFnoLb4794alD7yVl52\/ktfwlcHcySZM6xf\/oohpeqsy0Gw6xKPr1vKyv9GYZhGIZhGIZhGIZhmJzFutLfXYU94z9C+PoNB8VxiILlH4cXBPnuDmdeFofpDzWwwp9hskRHaTcC7qlsi8EwDMMwDMMwDMMwDMMwmljP6e\/yIXz9KwdFYVIRjnnROZdbkRUMs1rwuSQ0bziWbTEYhmEYhmEYhmEYhmEYRhfHcvr71q9By8a3nDqdZTbdvnJrE\/ctNHEuf4bJEj1lhzmtD8MwDMMwtgnHvPxOYQHuN4ZhGGal0R9qwGfXc1\/Pt2n9FBr9A6rbOucOZVgaa+y4Yww1BWNJf893+fVwTOl\/4u5fo979E6dOxygIRivQO38g22IwzKqkyjOp+YBjGIZhGIYxQ+3ls2jecJzfLUzQO9+EV67sxPnNu7ItCsMwDMM4xsnFvXmRwrumYEzzvaUjx2q9atFRClWleb7Lr4dznv6uK\/ZP4qmxfw4AiAw7c54conOuDeGYN9tirAjEm8Ts4mrn2FxHvLbxSCXPN4GessPZFsE04vw0+2BgmFwnHPNiPFIJIG6Uy4TnJ62LPpeEKs9k2ttjtKH1LeCeMlVnhdfF3EV878jUPZ0t+kMNGI9UonWmyxGlv9m1KRitkCOHzd5DdrE6zsFoBVpnugDE72O+fxmGYRjGGmsjX+Brn3+MyN3fzLYollkXmgEA3PCXZVkSa6wLzcAV+QJfbrwn\/W2lvQUT1H5yNrHwrgVqNqzD+Y1fd0ii3GB4qRr9oYZsi5FRagrGZE+ebZdGZeWOFj1lh9FSfAzDS9WovXxWdZ9G\/0BSipZwzIvWma6U\/Wvl2PObd6GmYExXJnG\/zrlDjloYqzyT+GDLwwD0+7DKM4kzgWeSPvqclidfqfcO5dXHZefcIfTOH0gw2vhcEhr9A2gv6YbPJaWckyJ0LxqdDzSfARhup6O0G+0lR+Tf10wsAgC+2lpkSEYiHPOi6GIQAPDBloeTlB\/jkUpsuzSKluJjqoac2stnMbxUnSCPliy0rxo+l4SW4uMJ10RY6Uclqfq1pmAMPWWHVZU\/dD16iOsvsHytSpno7yfKD+qGenbMtiWNsdW5AQCtM13onW9K+FtL8TF5fiuxOlbEeKQSe4KnEtLr6fWxXnsi4pzSmxf13iE0bzhuaR0alOqwJ3gKAfcUPr1vq+6+Ts91JVpzQa0trfnfH2pA60xXwvpWUzCGE+UHdRWXRtZFNTlSYXaNSgU9q+mdRknRxSAC7in52S5C\/au8f7X2U8PMeBqhP9SA\/dNHdedfOObFnuCphP72uST0lB1OqRBPtY5UeSbRU3Y4557hVJ9LvL5Uzwa1e0Kt7wLuKZwJPKOp\/NdaP404N+g9P\/TWRCC+FrXOdCWlKa33DqGn7HDS\/atcCwLuKdR7hzAo1aFzri3nxpRhGIZh8oX\/gSfxH558D3vfaMULxc9lWxzTrAvNYHzLw\/C5JPybiwO4VPxItkUyBclf7l3Et95+Ie3yr9wE+CuI1V68d1\/R6ZT71HuHdLc3+gdwovxg0oe9zyXhRPlBdJR2p+VYIP4hlI2PE+q38UilpsI\/4J7C+c27VJUl7SVHVJUOq4188vJvnelCx2xyVFA45kXvfJMhA1o+43NJ8lxWq39Cf9PqA\/r71tvseXGHY150zLZlLTcgKcIyFa2TyWfU\/umjSQorIJ72YU\/wlOnzpRqr8Uglai+fTZpP1MeZqLMzKNWh9vJZS8b\/kavbASR69jpJJuc6KZCV83p4qRrbLo1qzvd8WhdJYfrZ9fKkbeGYNyHCRcl45IGEc1iBxnP\/9FHL5xB55cpOAECjX\/s9Tqm0Jjn2Tx+1HVFJ92+ujC8Qn8fBaAV8LgntJfrvj6lQ67tgtEJz\/Y8bv9TXT7v3MK2Jan1Nxke1NWhQqsO2S6OG1jd6Hxteql5x0bYMwzAMkynoXTFfI5fXh2bwpxv\/HzaW3sDm2L9kWxzTkPyFBTczIn9OefozyfSHGlb9i229d0gO6dXarufhV+WZxInyg\/Lvg1IdJq5VYuttk7KxoL3kCAalnUkfK3aOFWkv6c74OJIH2cnFvZr7NG84Lhsz6Nq8a+Pejz6XhOYNx1U\/EFcLHaXdGQ17t0O87kd8rMiDldKu9Yf2IhitSCiApzREUci9Mtxe+TKQKhWAmqd1qpQDm9Y718cB9xSC0QpMXKtMMgZOXIvfo2r3IinUAHMvQGrpCagvO2bbsK9oQLW\/rPSj2j5KWUkpSJFI4volomeINPsCGIxWoD\/UYClNhZm50R9qkBVDNMfp7+GYV46K05LDyljtCZ6S50XcgHsBw0vbMbxULSsmtbyqraQoUc4LUcnbOtMle7waZVCqS\/jZjiHX6lx3gmC0IkER3egfQMA9nbC2qc13s+uikkynmQm4pwGoGybFv6mlNyGF6tbbLhpsK3kNovHsDzVgX9FpWw4LwWiFPP\/2Fanfk+ORSnk9pvsrHCuU7+m+hQOGZAi4p5IMC+J7WetMV87kgV82hAyozi2tZ4Ny30GpTu67Ks8k6r3nMB55AINSHcIxLzrn2pKcFqg2mNhfdB\/0zh8wHOGhFnEgPneUfS2+w9O9CyBhLTVyn4ne\/icX97K3P8MwDMNYoHP2EHYsjeH5yLN4SDoBAHhr4\/4sS2WcLzfeg6bz\/w4+l4T38RC+N9uHy67788bjP9PyO6b0P7nwPWCDuWNqvnYKuBFU3dZYNoN9Op5BWvjWrwFumj4sJ6GX9tVOwD2FKs+kplJ9d+E53eObNxyXf94\/fTTBm4i8+Gk\/pXebnWNFyNs\/U4r\/eu9QgjJfbz\/aR\/SSnbj2gJwuQa\/vVzJxo0f+RDr0LcQ\/5n0uCZ\/etzXhA7q95AhaZ7rgc12RlQnKj3IKpU+VCqHRf9p06ocqz2TGFC5xpWy17PUqMry0Xf55PFKZoGymOS5GCxhBrb8ojRCgrWi10o9KtPp1T\/AUBqU6DEp1mkp\/p8ejc67NktLfzNygOU7pTWiOt5d0yx6menKYHatBqU5WpIrpVtpLlp8H8blWqWq4sJJWRG1eiB7ufQsHDEcfKb37R65ut6X0tzrXnYDGHkhM3dVeckQei\/5QA9pLEg21ZtdFJZlODbPjjjEAbarP3JGry+8P45FK1bEAjBvt1OZaOObFtkujCEYrbCtV6d2jyjOp2b+vXInvQ1GHxNbbLmL\/9FHd9xeRgHsq6VraS47IKXPMKJbTSTjmFQwh6t84Rp8NFMVDfUfXRuu\/8n2T+gBAQoTnvqIB3PXhhGw4NTLmamt273wTWme6MLxUjWC0Qj6\/uI4qUxS1l8TXt1eu7EwZsUvsKzqd8vnGMAzDMIw2r5Y241U0477Qy3hz138GAHz3XP4o\/m96vo7jnl8BAA7Efohjtc\/jytJafGP0zYzkyLdLpuV3LL1P\/+z9qL34Q1P\/tn3yv4F1AdXzBdxTqHH9F9P\/qm7+tVOXlHX6FpoykjogHxCV70pSfSjQdtFLlBD\/pqYosnOsErth3Gagj0nxY0sN+ihTRgOI15rtj+RsoazhkOuQwqel+Liq3D1lhx3L05zLUGoetXkvKtKU280qzPSIe13G1w5SzGQSWmv0UoE4TTBakVajZjBaIV+L8t4U02SYTWOjN1aiUk2pzBZzyJPiMl00+gfkZ4xRJSiwHNEiGnedJlNznWRvKT6WdI+KRhDlHMy3dZGuTYw8IkRDpjL9j3if21nDKMIPUI+IMgO9V+ilaAxG49ehfI8Tf7fzHiwa7nPBeUEsQG33WUPX0+g\/nTC3afyU10v9qDTCiLLY6euW4mOyHOLcoQg7rVSXjf4BnAk8Y7gdcmrJ5PONYRiGYRgmX8lqTv9xKYbgmn+bTRFyFgq1ZeJoKfa1wqMJMTRfK82N+HfxI8zOsSL0EZWp3P4+lyT3F4WRp0Iv93e+pLdxkirPpCWv5Vwg7im6eqH5qqbwEOc5KSIIUqI5lduwyhNPsZGpvPqJbS9fQybapz5PZ2SaqIxSex6I0U1mFVdaYyUq1dRoL+lGTcEYwrFCU+1ZgRSnZq6N1v\/dhefkOZEOw0wm5jpdt1pkn\/jM++y6ev\/ky7roc0nyPFauYeLvegpduzihABaNdHqOGdQGpVwixPc6O3IYMdwPL1Wjc+6QnBZHS07yYAdwK6rokGmls6gAzzR0b2il4BP3scpyTYrk89QUXLB1brV2Vnv6U4ZhGIaxw4cVT+D+s3+P+8\/+Pf5PwXdwZOn7+MH8z7Itlil+7enAd8\/9N2y58Cq2eiZxZOn7+HboH7ItlmEyIb91pf+X46gvuWpbgOA19Y\/l\/v\/7XdR+\/oXpf61Lf7QtUy7QOZdcdG61QiHZah+OpADQ6ivx4yZV8U7l\/naOFTm52CB\/KGbC25+U1WIYuR0o9+pqIp+K9ypZ7Z5vail7xJ9JQS2m+hG3G82HzSxD61o6iysaicSgbWIaFDss50hXb7PRP4Dzm3dlZL0QlYRG+zgxV3r8eKOG4FzCiBc7GR6U97XaOXIdukZR5nDMKxd\/9bmkpDlAyuRcKchmJLVPplGrR3HXhxOovXwWHbNt2BM8hbs+nFAtKHtysQG1l8\/i5GI8wnPbpVF0zLZh26VR3ZpTSmh+7rhDXwFOKb065w5pGj1SGTRyLVJRLeWeVciAMHHNuXMyDMMwzGrkw4on8GHFE\/j3+BXatr+B03\/RA88nv8+2WIa56fk63tq4H3Ol38bPvD9F2\/Y38Df+\/5htsQyTCfmtK\/1vhnGm7AF89Z09pv4tPtRh6PTBP97E8MIN0\/\/GpZjlS8oVqBghE4c+HpUefqIhwIhyW8swYMS4YudYAHK+\/0x4+4upfdhwZJ5671BeFoejD\/y+hQOrftxp\/ESlGSnFyGtby4vWKQXVoLTT0fOZa3t5PcxE+\/GikHFjY7q8\/aWb8TmdDkWW1lgteyHnlvLMCJS\/m4qC0vMzHUaZdM91cT0zOxb5uC6qKTRFo5eaUYAUqk4Y6Z3oJyOpfTIBrYXKguHhmBe1l88mKdSpOLeWkWh4aXtS\/SZllIIe1J7evdI7f0CuU0GGBbX7lgwH\/aHESFTq+2y8x6jNHe\/a5fpSThnf9NL4MQzDMAxjnolIJa4srcVbHxfjur8s2+JY4nfzWwEAo7f+zzfSJb+99D43w0Bk2NQ\/31cTtpo0Qz55dolw8d5EyDNRmcqHFP7jkUrbIcnpRvSATae3v5ibVfzw6yjtztt0NZkmX738SakXjFbgrg8n5IJ6qxFSqIjrwrKH5ditlCxeWWEgpv5xQlHSO98kP39SeXQ6TTBaIT9DSOGbCTLh7Z8OsjlW6YSiHWg+i4YwJ5Xfud5\/+bgublofv2cTizDTeF6QjQJqkUxOpDGyqzRWS+3TH2pA59yhtPU9FaEV\/7XOdMkK+pbixLpQPpeEnrLDCLincKL8IM5v3oUzgWcSjERqDC9Vo8oziTOBZ+TjxboBqTCi9Ffen2SIUELvxMFoBWovn0XvfJNsLAD0a2Glg\/FIpeo8FKN0t10alQs021mHaJzyxZDHMAzDMGb45fzjeBt34qHPT2BdaAYvRB\/Eb2P3omT2XWyZfx1v404cjzyKtZEv8NDnJ\/A27sRfzT4NAPjB\/M\/wNu7EgdAPAQB\/Nfs03sad+N5sH9aFZvDb2L3yuUpm35V\/f939fXxj9E1UL\/4znor9XcI5zKJsZ8v86\/ht7F78OvQQ1ka+SJLx4OfPyjKK1\/\/t0D8kXP+W+dfl66dz0fX\/cv5x\/Lz0Rdz+0uv4SfFvE86x2uRPuh7bZ0gTNf4l1BSaT7Ow6fZlO0Y+vgz2hxpy\/oM001Ax2oB7CvXeoaQPmpOLe015WmWLzrk22dO\/pmAsLeNMfSIW1awpuID2kiMcQWKAjtLunElFYJZG\/wD6Fg7ISr3e+Sb0zjfJETHtJc5cW8dsGzpm1Q2T5zfvUlUUDS9VY83Eovr5SrsdL6RJKXqGl7ajvST+N6Wn7PBSNcYjlQi4p2zlw669fFZzm1ZaMsBaPyrR61dAOxc9AM3jagrGcH7zrpRtKwm4p+R17eTiXsMKQ71rMNoPRrE6Vulo76utRY62pYS870VFPI3PoFRnyQjsVP\/pzX2nsbsuZmMM1fKVkye\/mGpKjASwsoYFo+VJ7yEjV6s1oyuNQgpzMbXPycW9GF6qRkdpejzQxyOVqmPlc0mazxixQDZBCnat9zOfS8L5zbtkpbOywLdRUj2Le8oOo8oziZGr1eiYbUMwWoH+UEOCvD6XhDOBZ1B7+WySsbWn7HBaPf2V\/ROOeWVjs88lJbRNhdB755sAxL9z6F203juE5g3HTcuqVfeCYRiGYfKddaEZNDzwz9hYegO7l84hHPLi6dpLAIA\/e+0t7PCM4cGt1\/Ag3kPrSx9jd+k5PLj1GoBR\/Bzxd5MHt14DJgZwHL\/CrtJRPLj1GnYsjSEYKsdjtXPyuQDgsT+L\/\/7Ia7\/BqxubAQAtnsRzmOVPlt5OaGeTa+pWO3NofuljtNydeP6\/3HhWlnH4k+348ZPvAACeuPAiJmcD8vVvfu1fsMk9dev6P0KzcP0P4h20v\/R7RO7+Jjyf\/D7hHO\/iqVUlv5LcVfoXXkS793vZFiOjiC\/NTCKDUh1aio9hd+E59IcaEjza4wqM7IaQG4E+ymoKxtBe0p0Wpb+ZdEdMIj6XZMpjLxc5v3kX9gRPJcytcMwrf2SfKD+4KiI+lIUoyZM\/4J6CzyXJRoGJa5Wo9w7JXrROGnxIIZOt1DBxhaazxpRU0LrWH2pwzMiUCbI9Vk4TjnlVi6jWFFzA8FI1Rq5ud3QdyPX+y7d1UVTck8ODWk0L+htdl1gE2Aii8lWJzyVZ7hN6\/8i0p7ka4ZjXVKFtUj5rpY2p8kymbZ5vWj91yynkgmxMqCkYw6C0E+ORStX89VrfDH0LB5KiY51EzximjKoAliMoSfFPDEp1shHyRPlBw+3nSu0KhmEYhnGaG\/4y\/OL9PdhVOoqXo0\/j4+JH8Ldvfws+l4T3PI\/icuR+VL0\/id\/Nb0Xk7m\/i5dDTqHp\/Mv7+5Qc6Zw+hHUfQOXsIKI0\/e1smjsnn+p\/n70VhwU2853kUAPDie\/H3vdfd38fXPv8Y1\/1l6JTi5+idbwKKzV+Dsp33ANS\/P4TxSCW+3HiProyRu7+Jn772KP68eALPR57FlxvvQfeFv0CVZxLveR7F+5EvEs71cuTphP7wfPL7hHO8HH161cmvJGeV\/quRvoUmzk+pwcnFvWgpPoZ675Ds8Q\/EP3rzqc\/MePunSs2hTNNAfQNoh6Yz2vSUHc5ZpZVRyAuRIj1Grm5PCKNvnelCTcGYLWWs3rzU6j9lPmURSmXhJEqlv1JhtuxJG48ECEbLb\/3dfHSZqAQKRivkNj\/Y8rBuP1vpR7X9xH6l9cSIAkXLs9KOMkVc1zrn2gwpcfTmhtP3o9WxcqK9TELzQNl+POVGGwalOlMKNsKp\/tOb+06nHwLsrYt2xlDv+Z7Ks7nKMym\/31AKF59LkmUUi\/naiVRSI+CesmzEEd\/JnI6c0aPKM5mUmi8YrUDfwgFZ0ayVus+MAwalVkoHapEHAFDvPZeQOocQI4PrvUOo8lxEOFaI3vn4t0TrTJel+9wOLcXHNI3NPWWHZcMw3YM0V\/pDDdhdeC6jc4ZhGIZhcpWjG3+NowDgj\/9+AP8Y\/8ENLOA+PI6PgNL4n971P4XH8ZS876ulzXgVzfL2F4qfwwt4Tt7+rOct+VwA8APEPcp\/EPsZ\/vbhPrx1qRg7ve\/Fz2FB4Q\/Ei9Mq23kcHwEFt2T06Mv489IX4z\/cav8QfhP\/wRv\/J57rXc+t6y+Np9X58ZPv4KevPbp8Dv\/qk19JaqW\/p8Z+KyLuKmP7rfVZbzsybK9tNWJhIDpu\/fgUBKMV6J1nRa0W9CFJCn\/yIMs35bYZb\/9G\/2ldT10K6SYoFD\/fDCG5QJVnMqc8Pe1ChVVJ+ds734TWmS6EY145asYqqealGlWeSUspY6xCyjFS8lERX0p1oiyESfeLlXzYYhqF8Ugltl0alc+ppwi10o9KlP26J3gqQZGiR7rGQ+ntn4pMzg2rY+VEe5mE6uAo26bfKRLArJLYqf7Tm\/vK55qTWFkX7YyhndRApPSnKCQgcTzFFGVUu8SsQpq8ykU2rY+\/Y1k1dFA9ADvnsIIypQxRUzCGuz6cQO98E9pLuhNk6pw7hN75\/CnwrETs6zOBZ+S\/b1o\/jdaZLsvGPSN0lCav7bsLh1KuKZRWq947hJ6ywxheqsae4CmEY16cXNxrWOmfr2PGMAzDMLlKlWcShQU38dCWeawfncGXG+\/Jtkimebg4Xj\/2z4szV0fWSdIlf0qlf+0nZzG8cMPRRo3Q8Yd70fGHM6aPq9mwDuc3fl1125rRduvyBN5Oa7qhzrk2folNQd\/CAdlTiD7c8jGNjdLb3wnEUHz6EGSMk6\/Fe43SUnwME9ceQH+oASNXt9tS+ucLVZ5J2RuZiviKCgnySBfrX9hV\/FK9gPFIpam89k6xr+g0BqU6+bqykV5H6e0fcE9nXAYjZHus0gnN50GpLsk72OeS5KKndjzDV0L\/5fK6SCnI4lFIFLmxHIlEqZrGI5Xy+mY2aorq\/TiJ3XoATkOpIOP9VC0rlYeXqjNWVyJd0H2uTKPUUnxMNmaRk4nTODVvagrG0FN2WLeOghq0ruV7dCbDMAzDZJO1kS\/wk2grwjEveqI\/Bi4AI0vVeaXw3yB9iB+5nsPIUjX+k\/u\/44kLL+L5yLOWoxQyTSbkz3p6n4B7CohlW4rswgVWjTEo1SWkYBHD841AH35qf0\/nsUqU3v7a+20HcEhzu+jNK3pHBaMVCR95pAggTzizXpRm8uHmI\/XeobxUWJmFlK+rxbhY5bmIQakOn11fTkOi5ilLSioxdYYdmjccx\/7po+gPNWQ8ZRSl+KK0FtkyZpG3v9WCsWpQahq9wo00zkaVn6nGitbL8UilZoHqkavV2LR+Ku2RQuJ6nyrtm1jLQivq45UrO20ruTM118W+14pQoBRdZu\/hdK6Lat7QRlGmKAMSI5GooO\/EtQccT+9jFXHuiemHgOX+DUbLM26QpHlJNVyAxGLDynVSL0LDKaxE2mihFeGQrogZp6G5YOUezPacZxiGYZh85jHpefzisZcAABPnHsChgt\/IaWfyhR+5nkPb9jfQtPRP+Mbom3jX\/1ReXUMm5M+q0r\/nT95BIPa\/silCTsDFe40RjFYkfChRCgM9RAVRTcGYqsJIqVBw4thUiN7+Wh86ZBwwguhNK4Z5i1AajTUTi4blBMxdVz6y0r38VyukFBuUdiIYrUhSDpAnLa0jTikP6r1D2D99FEA8T3GmvYfrvUPonW+SFbHZoKZgTDaUOmXQJsVdOOZVVRqKCm6jCsVUY0VtanmB9y0ckA0b6Vb6i88Cvesz+swYXqpGOOa1pajP5FynCAUtZelytE7uRJbY8YZerjuyHJEhXreYoixXlP7iu8ye4CnVffpDDQi4p+W+MTL\/7BqT1N6x6G+ZTsFFyng1mXrnmyDd9GJf0YApo4jaeqj23uZdm7ofjeyTC6z091KGYRiGyQSXXffj89m4SvgPrj\/NsjTWGI9U4srSP+GtS8W47i\/LtjimyYT8KZX+PeW\/RLj0K8cbDrinkhT+TrTlW78GuBn\/ucr9O5x\/wNbpZNIVkSAW4mJS07dwQM5RaiS1j6gkaN5wHP2hhoSPLZ9LkkOjlQUE7RybCvKCzXTeWyWk9NldeC5hHmZbeZApOkq7s5ICJR10zh3S9TjuD8XTPqWzEGEuoczbr5zTolJNbbtVKNVWf6gBfQsHMq70b95wHL3zTQjHvOgPNWStVgV5gTvlQU0FVcMxL1pnupKMm+S5q5XbW41UY7XjjgsYlOrkNDniHBmPVMrPIKoVkS7CMa\/sHJAq5\/XI1Xiql5biY5pGn6KLQTn1h53CmZmc6zUFYxiU6tA515b03BTrWOwuTLyefF0Xxbok45FKBNxTCddMvzu9fmUaisgalHYmGEnE9zs71yYWwCVDcDZZNiQmp9155cpOeTzFvlBLT0fnUqtHIRoVxDkjPvNEgx+tBWptOMHwUjVOLu7VrC9AKSnNGF8+u15+65jcum8ZhmEYJtehlD4+l4T\/6v4ZAh\/G88ffKM0fhTmlxAnHvPhlQQ\/OjD6N6\/4y3PSop3nPNTItf0qlf9XNvwZcaWhZRYHuSFs3l3\/0xUZQ4xqxecJbpCkFEXv5m2NQqsO+otMYuaruKaUGGQoC7imc37xLrp\/gc0loL1lW+qoVBbZzbCpaZ7psKVxE+kN75Q9DJfuKTqPRP4DxSCVaZ7oStpHSp9E\/gJGr2zEo1SHgnkr4OFupHlVxo03u5HC2QzBaIecnHrm6HfuKTicU3Oyca7NVrDaxrXJdQyUpZ0VEpYIaAfeUqvFF7xifS9JVUCjPR579opx62+2wu\/Ac+kMNcr0ANWWGlX40gpjD+uTiXk1lp52+NUKjfyBh3jlBo38AvfNNGJTqsH\/6KPYVnQYQV5b1zjcBSK0UV6I3Vo3+AXnNrL18FifKD8ppoejvVJ\/d7uEAAAb+SURBVBxWjVRrp5F5EYxWJPQjXbMWRgwRpEAfubrd9jPIyFx3AqpXEYxWoPbyWdmgQesbsDz3CSfWRStj6BSk9AfUlbE0F7W2B6MVOLnY4Ej6KUplteMO7VpEekW5W2e6MB6pRKN\/APuKlmUhRfx4pBK9801oKT4mz3mt61JD7RkjngdQHyul8j3dTjhk5BiPJHskkfNF7\/wBuZ9755tkmZTPKNEQRgY45dqkFh0CxMeD7iHxvTAdSv\/900flSKzmDcdRUzAGn0uS5ydFg5lR4FOfmK1jwTAMwzCrna99\/jF+8WQ8pU941Isj\/r\/LskTm+VbkH9H22BsAgJFz2\/HWxv1ZlsgcmZY\/6zn9VzOdc4ccVYisBsIxr+l8q\/2hBjRvOC4XHlRLf6OVhsLOsakIRisc88TVy91MH1JqH8V9Cwdkr0m1a1NGN6wkxILQ+Q4Zosi7W2s+OlE8Wu\/8AHB+866kNsYjlbr3bUdpt2oqDL1jagrGNBVM4j56SjFxu5MRH2Jufa0ip1b60SjkZa9X0Ndu3xqhvaRbTv\/iBO0l3fKapNZ\/ZIw1g95Y+VwSOkq70TEbN\/aqpSzRS6GkNLIq+WprUdLf9OZFvXdIV0kvekfr7SdGMNhNAWVkrjsB1V6hGgtq81d5LU6si1bG0CmoWC+QWMRXbbtaWiMyetQUjNl+zxi5Gi9821GqbejQi7KhZ23APZ2wHonzp3WmK6m\/Uxm5iFTPmJbiYwnPe1Kwd8y2YVDaKW9Lt9KfapOotUOGUrX3XFLqizRvOC7Xtto\/fTRprW30J\/adGJmjdj+kI\/JUjCjQS1lpxgmDonCB9BrdGIZhGGYlct1fhtfeL4HPJeHl6NPZFscSl133452J2xCOefGe57Fsi2OaTMu\/Nu0tMKqEY170zpv3DmesUXv5rKbHXqqPRTvHpiLbkR56RaTVIgNWCgH3VMbTrqQT8rDU89KrKRjTrPewUhH7Q005kGq7HUjparbguJNtA8DJxewViW\/0m8tNnQqfS8L5zbtUFVO0zUp7emPVXnJEU2F6ovygY9FaqWgpPqaZHoOg1D6p5jJt1zMWmyFTc\/1M4BnNNU5tLPJ9XRTT0ahFIqTani+cKD+oek\/XFIw58pxu9A8kGYQa\/QMJKeBIIZ3uNEnk5U5peUR8LknVCKfllFFTMKa5JjT6B1QN6T1lh1XXyIB7Ki01YGhd1lsnKZLWqMGB3lmrPJMrJj0jwzAMw2SKG\/4yPO76CN\/Bv+JS8SPZFscSl4ofwXfwr3jc9RFu5GEe\/0zLn9LTv3XpjxiX0pTbJo+o8rrQU3C7Y+drnelasR7UThAPyz5keP94aptDCEbLVbeHY15suzSKRv8AdtxxQfYsG7m6PaWXvtVjTy7uxcjVas20O0D8OvdPH0XAPa27nx1S9c3+6aM4ubgXuwvPocoziXDMi1eu7HSsAGcukkp5lo9UeSbxwZaH5bQdYi77HXdcSKmcjKe+uKD5Eb3jjjF0lKaWQzw+4J5CR2lqz2ulwsrIMUbC+ncXnoPPdUVzX9quV7xQS5ZU\/dW84Th8risAEr0drfSj2raO0m7N6\/K5JJwoP4jPrlck7WOlb7WuNVUfAPF7jdKCmLkGLao8k\/j0vq3oDzXIRZh3F55Do39AU2lkdazEa9hXdBonF\/fKRaF3F57TVK5Te2bQmhfetZLsDZ2KrbddREdpd0oFcJVnUnUeOD3XldA16smn15bPJeGDLQ\/LYx+OeeWaO1qyWV0XrYyh04jjpGW0pO1qymqte8zIOCixcowI9afa8TUFY\/hgy8PoWziA8UilXGfISHRCqmfM7sIh1b4hZXR\/qAEjV7cjHPPKbfYtNCXtb\/f6Req9Q3IdDOX8I0OpuNbozW\/a\/5UrO+XaDzvuuKDZd8p7CEi9fooYeX6otXkm8AzGI5V45Uqd\/K5LsmpFGGitBZRO02gUCMMwDMMwzGpmzVeX0QGgXWuH2s+\/wPDCjcxJlKPUbFiH8xudKawwHqnEtkujjpyLYRhzOJW6hGEYhmEYxgziN4CdNG6rkUGpTk6z9ul9W9nTn2EYhmEYJgWc3icLrNSUKQyTD6xEL3+GYRiGYXKfKs+krOjPdorHfIO+n5xOHccwDMMwDLNSSZneZ9833kRNwc1MyJLTbLrdGfvIoFSX9kJhDMOo01J8jD8UGYZhGIbJGu0l3RheqkY45tVNicUsI\/aV2YLtDMMwDMMwq5WU6X0YhmEYhmEYhmEYZ+icO4R9ReyxbgYquuxEgWeGYRiGYZjVACv9GYZhGIZhGIZhGIZhGIZhGGaFwDn9GYZhGIZhGIZhGIZhGIZhGGaFwEp\/hmEYhmEYhmEYhmEYhmEYhlkhsNKfYRiGYRiGYRiGYRiGYRiGYVYI\/x\/a26HU3EARwgAAAABJRU5ErkJggg==\" alt=\"Markalama G\u00f6rseli\" title=\"\"><\/p>\n<\/div>\n<div>\n<table style=\"width: 100%;\" cellspacing=\"0\" cellpadding=\"0\">\n<tbody>\n<tr>\n<td style=\"width: 120px; font-weight: bold;\">Norme<\/td>\n<td style=\"width: 400px; text-align: left;\">ISO 1307<\/td>\n<td style=\"width: 120px; font-weight: bold;\">Couleur<\/td>\n<td style=\"width: 400px;\">\n<div class=\"color-icons\"><img decoding=\"async\" src=\"data:image\/svg+xml;base64,PHN2ZyB2aWV3Qm94PSIwIDAgMTAwIDEwMCIgeG1sbnM9Imh0dHA6Ly93d3cudzMub3JnLzIwMDAvc3ZnIj4KICA8Y2lyY2xlIGN4PSI1MCIgY3k9IjUwIiByPSI0OSIgZmlsbD0iI0ZGRDcwMCIgc3Ryb2tlPSJibGFjayIgc3Ryb2tlLXdpZHRoPSIwLjUiLz4KICA8Y2lyY2xlIGN4PSI1MCIgY3k9IjUwIiByPSIzOCIgZmlsbD0id2hpdGUiIHN0cm9rZT0iYmxhY2siIHN0cm9rZS13aWR0aD0iMC41Ii8+CiAgPGNpcmNsZSBjeD0iNTAiIGN5PSI1MCIgcj0iMzMiIGZpbGw9IiMwMDAwMDAiIHN0cm9rZT0iYmxhY2siIHN0cm9rZS13aWR0aD0iMC41Ii8+CiAgPGNpcmNsZSBjeD0iNTAiIGN5PSI1MCIgcj0iMjIiIGZpbGw9IndoaXRlIiBzdHJva2U9ImJsYWNrIiBzdHJva2Utd2lkdGg9IjAuNSIvPgo8L3N2Zz4=\" alt=\"\" title=\"\"><br \/>\n<img decoding=\"async\" src=\"data:image\/svg+xml;base64,PHN2ZyB2aWV3Qm94PSIwIDAgMTAwIDEwMCIgeG1sbnM9Imh0dHA6Ly93d3cudzMub3JnLzIwMDAvc3ZnIj4KICA8Y2lyY2xlIGN4PSI1MCIgY3k9IjUwIiByPSI0OSIgZmlsbD0iIzAwMDAwMCIgc3Ryb2tlPSJibGFjayIgc3Ryb2tlLXdpZHRoPSIwLjUiLz4KICA8Y2lyY2xlIGN4PSI1MCIgY3k9IjUwIiByPSIzOCIgZmlsbD0id2hpdGUiIHN0cm9rZT0iYmxhY2siIHN0cm9rZS13aWR0aD0iMC41Ii8+CiAgPGNpcmNsZSBjeD0iNTAiIGN5PSI1MCIgcj0iMzMiIGZpbGw9IiMwMDAwMDAiIHN0cm9rZT0iYmxhY2siIHN0cm9rZS13aWR0aD0iMC41Ii8+CiAgPGNpcmNsZSBjeD0iNTAiIGN5PSI1MCIgcj0iMjIiIGZpbGw9IndoaXRlIiBzdHJva2U9ImJsYWNrIiBzdHJva2Utd2lkdGg9IjAuNSIvPgo8L3N2Zz4=\" alt=\"\" title=\"\"><\/div>\n<\/td>\n<\/tr>\n<\/tbody>\n<\/table>\n<\/div>\n<\/div>\n<\/div>","protected":false},"excerpt":{"rendered":"<p>&nbsp; \u00dcr\u00fcn Ad\u0131: MOON-40 \u00dcr\u00fcn Kodu: ASW205 \u00c7elik Tel Takviyeli Hava Kullanim Alan\u0131 : Madenlerde Y\u00fcksek Bas\u0131n\u00e7l\u0131 Hava Transferi \u0130\u00e7in Alt Katman : Sentetik NBR Kau\u00e7uk, Ya\u011f &#8211; Sis Kar\u0131\u015f\u0131ml\u0131 Hava ve \u0130nert Ak\u0131\u015fkanlara Dayan\u0131kl\u0131d\u0131r. Takviye Katman\u0131 : Y\u00fcksek Mukavemetli \u00c7elik Tel \u00dcst Katman : A\u015f\u0131nmaya, ozona ve hava ko\u015fullar\u0131na dayan\u0131kl\u0131, mikro delikli sentetik kau\u00e7uk. [&#8230;]\n","protected":false},"featured_media":22215,"comment_status":"open","ping_status":"closed","template":"","meta":{"jetpack_post_was_ever_published":false},"product_brand":[],"product_cat":[2355],"product_tag":[],"class_list":{"0":"post-21306","1":"product","2":"type-product","3":"status-publish","4":"has-post-thumbnail","6":"product_cat-sel_hava_gaz_hartumlari","8":"first","9":"instock","10":"taxable","11":"shipping-taxable","12":"product-type-simple"},"jetpack-related-posts":[],"jetpack_sharing_enabled":true,"jetpack_likes_enabled":true,"_links":{"self":[{"href":"https:\/\/tuzlahortum.com.tr\/fr\/wp-json\/wp\/v2\/product\/21306","targetHints":{"allow":["GET"]}}],"collection":[{"href":"https:\/\/tuzlahortum.com.tr\/fr\/wp-json\/wp\/v2\/product"}],"about":[{"href":"https:\/\/tuzlahortum.com.tr\/fr\/wp-json\/wp\/v2\/types\/product"}],"replies":[{"embeddable":true,"href":"https:\/\/tuzlahortum.com.tr\/fr\/wp-json\/wp\/v2\/comments?post=21306"}],"wp:featuredmedia":[{"embeddable":true,"href":"https:\/\/tuzlahortum.com.tr\/fr\/wp-json\/wp\/v2\/media\/22215"}],"wp:attachment":[{"href":"https:\/\/tuzlahortum.com.tr\/fr\/wp-json\/wp\/v2\/media?parent=21306"}],"wp:term":[{"taxonomy":"product_brand","embeddable":true,"href":"https:\/\/tuzlahortum.com.tr\/fr\/wp-json\/wp\/v2\/product_brand?post=21306"},{"taxonomy":"product_cat","embeddable":true,"href":"https:\/\/tuzlahortum.com.tr\/fr\/wp-json\/wp\/v2\/product_cat?post=21306"},{"taxonomy":"product_tag","embeddable":true,"href":"https:\/\/tuzlahortum.com.tr\/fr\/wp-json\/wp\/v2\/product_tag?post=21306"}],"curies":[{"name":"wp","href":"https:\/\/api.w.org\/{rel}","templated":true}]}}