{"id":21279,"date":"2025-08-11T10:43:48","date_gmt":"2025-08-11T07:43:48","guid":{"rendered":"https:\/\/tuzlahortum.com.tr\/urun\/fumo\/"},"modified":"2025-08-20T16:00:33","modified_gmt":"2025-08-20T13:00:33","slug":"fumo","status":"publish","type":"product","link":"https:\/\/tuzlahortum.com.tr\/fr\/produit\/fumo\/","title":{"rendered":"FUMO"},"content":{"rendered":"<p>&nbsp;<\/p>\n<div class=\"report-container\">\n<div class=\"report-header\">\n<div class=\"standard-text\">Nom du produit : FUMO<\/div>\n<div class=\"standard-text\">Code produit : HTB541<\/div>\n<\/div>\n<div class=\"product-image-container\">\n<div class=\"key-feature\">Textile tress\u00e9 CO\u2082<\/div>\n<\/div>\n<div class=\"horizontal-line\"><\/div>\n<div class=\"product-details\">\n<div class=\"detail-row\">\n<div class=\"detail-label\">Domaine d&#039;utilisation<\/div>\n<div class=\"detail-value\">: Pour le transfert \u00e0 haute pression de CO\u2082<\/div>\n<\/div>\n<div class=\"detail-row\">\n<div class=\"detail-label\">Substrat<\/div>\n<div class=\"detail-value\">: Caoutchouc synth\u00e9tique sp\u00e9cial r\u00e9sistant au CO\u2082.<\/div>\n<\/div>\n<div class=\"detail-row\">\n<div class=\"detail-label\">Couche de renforcement<\/div>\n<div class=\"detail-value\">: Textiles synth\u00e9tiques \u00e0 haute r\u00e9sistance.<\/div>\n<\/div>\n<div class=\"detail-row\">\n<div class=\"detail-label\">Couche sup\u00e9rieure<\/div>\n<div class=\"detail-value\">: Caoutchouc synth\u00e9tique sp\u00e9cial r\u00e9sistant \u00e0 l&#039;huile, \u00e0 l&#039;abrasion et aux intemp\u00e9ries<\/div>\n<\/div>\n<\/div>\n<div class=\"datasheet_table\"><img decoding=\"async\" class=\"alignnone size-full\" src=\"https:\/\/tuzlahortum.com.tr\/wp-content\/uploads\/2025\/08\/datasheet193.svg\" alt=\"\" title=\"\"><\/div>\n<div class=\"table-notes\"><\/div>\n<div class=\"horizontal-line\"><\/div>\n<div class=\"footer\">\n<div class=\"standards-section\">\n<div class=\"standard-item\" style=\"margin-top: 9px;\"><\/div>\n<div class=\"standard-info\"><\/div>\n<\/div>\n<div class=\"temperature-section\">\n<div class=\"temp-icon\"><img decoding=\"async\" src=\"data:image\/svg+xml;base64,PD94bWwgdmVyc2lvbj0iMS4wIiBlbmNvZGluZz0iVVRGLTgiPz4KPHN2ZyBpZD0ia2F0bWFuXzIiIGRhdGEtbmFtZT0ia2F0bWFuIDIiIHhtbG5zPSJodHRwOi8vd3d3LnczLm9yZy8yMDAwL3N2ZyIgdmlld0JveD0iMCAwIDcyLjI3IDE2Ljk4Ij4KICA8ZGVmcz4KICAgIDxzdHlsZT4KICAgICAgLmNscy0xIHsKICAgICAgICBzdHJva2Utd2lkdGg6IC41OXB4OwogICAgICB9CgogICAgICAuY2xzLTEsIC5jbHMtMiwgLmNscy0zLCAuY2xzLTQgewogICAgICAgIGZpbGw6IG5vbmU7CiAgICAgICAgc3Ryb2tlLW1pdGVybGltaXQ6IDMuODY7CiAgICAgIH0KCiAgICAgIC5jbHMtMSwgLmNscy0zLCAuY2xzLTQgewogICAgICAgIHN0cm9rZTogI2E3YTlhYjsKICAgICAgfQoKICAgICAgLmNscy01IHsKICAgICAgICBmaWxsOiAjYTdhOWFiOwogICAgICB9CgogICAgICAuY2xzLTIgewogICAgICAgIHN0cm9rZTogI2ZmZjsKICAgICAgfQoKICAgICAgLmNscy0zIHsKICAgICAgICBzdHJva2Utd2lkdGg6IDIuMDZweDsKICAgICAgfQoKICAgICAgLmNscy00IHsKICAgICAgICBzdHJva2Utd2lkdGg6IC4ycHg7CiAgICAgIH0KICAgIDwvc3R5bGU+CiAgPC9kZWZzPgogIDxnIGlkPSJrYXRtYW5fMSIgZGF0YS1uYW1lPSJrYXRtYW4gMSI+CiAgICA8Zz4KICAgICAgPHBhdGggY2xhc3M9ImNscy0zIiBkPSJNMTEuMzQsMTEuNTdjLS45NCwxLjcxLTIuNzEsMi42Ni00LjgsMi42Ni0zLjA1LDAtNS41MS0yLjQ3LTUuNTEtNS41MlMzLjUsMy4xOSw2LjU1LDMuMTljMS45NCwwLDMuNjUsMSw0LjYzLDIuNTIiLz4KICAgICAgPGNpcmNsZSBjbGFzcz0iY2xzLTUiIGN4PSI2LjU1IiBjeT0iOC42NiIgcj0iMi40Ii8+CiAgICAgIDxjaXJjbGUgY2xhc3M9ImNscy0yIiBjeD0iNi41NSIgY3k9IjguNjYiIHI9IjIuNCIvPgogICAgICA8bGluZSBjbGFzcz0iY2xzLTMiIHgxPSI2OC4zNCIgeTE9IjExLjc2IiB4Mj0iOS45MiIgeTI9IjExLjc2Ii8+CiAgICAgIDxsaW5lIGNsYXNzPSJjbHMtMyIgeDE9IjY4Ljc4IiB5MT0iNS41MSIgeDI9IjkuNzMiIHkyPSI1LjUxIi8+CiAgICAgIDxsaW5lIGNsYXNzPSJjbHMtMyIgeDE9IjU0LjA3IiB5MT0iOC43NSIgeDI9IjguNjQiIHkyPSI4Ljc1Ii8+CiAgICAgIDxwYXRoIGNsYXNzPSJjbHMtMyIgZD0iTTY4LjE1LDUuNTVjMS43MSwwLDMuMDksMS4zOSwzLjA5LDMuMDlzLTEuOTIsMy4wNi0zLjYyLDMuMDYiLz4KICAgICAgPHBhdGggY2xhc3M9ImNscy01IiBkPSJNNTMuOTEsOC43NWMwLS4xNC4xMi0uMjYuMjYtLjI2cy4yNy4xMi4yNy4yNi0uMTIuMjctLjI3LjI3LS4yNi0uMTItLjI2LS4yN1oiLz4KICAgICAgPHBhdGggY2xhc3M9ImNscy0zIiBkPSJNNTMuOTEsOC43NWMwLS4xNC4xMi0uMjYuMjYtLjI2cy4yNy4xMi4yNy4yNi0uMTIuMjctLjI3LjI3LS4yNi0uMTItLjI2LS4yN1oiLz4KICAgICAgPGxpbmUgY2xhc3M9ImNscy0xIiB4MT0iMzYuNDMiIHkxPSIxNi45OCIgeDI9IjM2LjQzIiB5Mj0iMTQuMjQiLz4KICAgICAgPGxpbmUgY2xhc3M9ImNscy0xIiB4MT0iMjguMDUiIHkxPSIxNi45OCIgeDI9IjI4LjA1IiB5Mj0iMTQuMjQiLz4KICAgICAgPGxpbmUgY2xhc3M9ImNscy0xIiB4MT0iMTkuNTkiIHkxPSIxNi45OCIgeDI9IjE5LjU5IiB5Mj0iMTQuMjQiLz4KICAgICAgPGxpbmUgY2xhc3M9ImNscy0xIiB4MT0iNDEuNTciIHkxPSIyLjc0IiB4Mj0iNDEuNTciLz4KICAgICAgPGxpbmUgY2xhc3M9ImNscy0xIiB4MT0iMzMuMjgiIHkxPSIyLjc0IiB4Mj0iMzMuMjgiLz4KICAgICAgPGxpbmUgY2xhc3M9ImNscy0xIiB4MT0iMjQuOTkiIHkxPSIyLjc0IiB4Mj0iMjQuOTkiLz4KICAgICAgPGxpbmUgY2xhc3M9ImNscy0xIiB4MT0iMTYuMDgiIHkxPSIyLjc0IiB4Mj0iMTYuMDgiLz4KICAgICAgPGxpbmUgY2xhc3M9ImNscy0xIiB4MT0iNDQuNjMiIHkxPSIxNi45OCIgeDI9IjQ0LjYzIiB5Mj0iMTQuMjQiLz4KICAgICAgPGxpbmUgY2xhc3M9ImNscy0xIiB4MT0iNDkuNDkiIHkxPSIyLjc0IiB4Mj0iNDkuNDkiLz4KICAgICAgPGxpbmUgY2xhc3M9ImNscy00IiB4MT0iNDAuODgiIHkxPSIxNi45OCIgeDI9IjQwLjg4IiB5Mj0iMTQuMjQiLz4KICAgICAgPGxpbmUgY2xhc3M9ImNscy00IiB4MT0iMzIuMzMiIHkxPSIxNi45OCIgeDI9IjMyLjMzIiB5Mj0iMTQuMjQiLz4KICAgICAgPGxpbmUgY2xhc3M9ImNscy00IiB4MT0iMjMuNzkiIHkxPSIxNi45OCIgeDI9IjIzLjc5IiB5Mj0iMTQuMjQiLz4KICAgICAgPGxpbmUgY2xhc3M9ImNscy00IiB4MT0iMjAuNTkiIHkxPSIyLjc0IiB4Mj0iMjAuNTkiLz4KICAgICAgPGxpbmUgY2xhc3M9ImNscy00IiB4MT0iMjkuMTMiIHkxPSIyLjc0IiB4Mj0iMjkuMTMiLz4KICAgICAgPGxpbmUgY2xhc3M9ImNscy00IiB4MT0iMzcuMTYiIHkxPSIyLjc0IiB4Mj0iMzcuMTYiLz4KICAgICAgPGxpbmUgY2xhc3M9ImNscy00IiB4MT0iNDUuNzEiIHkxPSIyLjc0IiB4Mj0iNDUuNzEiLz4KICAgIDwvZz4KICA8L2c+Cjwvc3ZnPg==\" alt=\"S\u0131cakl\u0131k\" width=\"100\" title=\"\"><\/div>\n<div class=\"temp-values\">\n<div>-25\u00b0C \/ +70\u00b0C<\/div>\n<div>-13\u00b0F \/ +158\u00b0F<\/div>\n<\/div>\n<\/div>\n<div class=\"marking-section\">\n<div class=\"detail-row\">\n<div class=\"detail-label\">Image de marque<\/div>\n<div class=\"detail-value\">: Gaufrage ou jet d'encre<\/div>\n<\/div>\n<p><img decoding=\"async\" class=\"marking-image\" src=\"data:image\/png;base64,iVBORw0KGgoAAAANSUhEUgAABf0AAAAsCAYAAADfABI0AAAACXBIWXMAACE3AAAhNwEzWJ96AAAXFUlEQVR4nO3dP2zbWJ4H8O\/ODbDXDDG41gR2BjuNWOwC24jFDJAiYpFgtrBYJEgjs5i5aWwdkEyK2C6SbJGxC9tNLilkXeFLCspNLimoAJvZpKCaBXYLqslsUlDVXnHgVNNdIf1oiuJfWbYl5fsBDExsSqQeH58wv\/d7v\/er3\/7msz8DuAQiIiIiIiIiIiIiIlpkrz666CsgIiIiIiIiIiIiIqLZYNCfiIiIiIiIiIiIiGhJMOhPRERERERERERERLQkGPQnIiIiIiIiIiIiIloSDPoTERERERERERERES0JBv2JiIiIiIiIiIiIiJYEg\/5EREREREREREREREuCQX8iIiIiIiIiIiIioiXx8bQvVFUVq6Y5y2uZ0HNd9FwX683m2L+JiERF0zDwfQRBcNGXspBO036KomBFVdH3vDO4MirqNPdhme\/hMn82IiIiIiIioixTB\/0f7O6gquuzvJYJB3sYBf03xv5NRAQMg3pHT59g4Pu4ce06A\/8lVTQNR0+foO95uHHteunXP3z8CBVNw41r1xlYvSDyDKyoKi59+VXpZ2BZ7+Fp24WIiIiIiIhokU0d9F90m9tbqGha5jF9z8P9u\/fGjr9\/915iYKSiadjc3gKAseBZ3TSxatbRdbpot1qZ5\/thdwcrqpp6DlVVsd7cQFXXsaKqGPg+eq6L+3fvlQpo1E0TDWsNFU1DEATouS7arcPMCZVZnXuWpG2P7Q46tp14zNHTJwCQ2qZVXUfDWkNV16EoCvqeh67TxcHeXqFzy8SXtMfB3j583088Nk\/aNQJAzTDQsNZSj5PPUTOM8Ho6dif3c0i\/Hfg+vr95K\/PYhmWhZtQm2jva9+OCIMBLp5t6f05rc3sLiqJgEPv9erOJql4FgIlgtqIoaFgW6mYdK6oKAOg6Dg729hPbv+zx8etLG2fkHhWZyMwbG6Y938+jZ7eq66ibZqn7VDdNVHWdwdQLJu2vKAo2t7dyn+Oo6D2sGUbid1iUPFc9t4eDvb3MZz8qa4xOG1eSrjVtHE0aZ07TLkRERERERESL7tRB\/77n4esrV2dxLeeqommlVirI8YqiJP5dUZTE91tRVVR1HaqqZgb9o+WSks4hGbnRv62MXnPZMApnaf6wuzNWlklRFNQMAzXDwO2btxKDLrM696xJ2\/bcXuoxck+S2rRumniwuzP2u4qmoaJpqBm1xMxxyR6NB1alPVZNE+1WK5wsil5nnrS+tbm9hYZlpR5X1fVwciN6zvXmBhTlk7FrSTqnXFvShEXUmrWGFVWdaO+0vi9qhoGqXp150C36zMjkk6IoePj4Ueb1JP19eI06\/njl6kQblD0+Km+cSeovWZ+zbtZx\/276s1bkfNHn3Pd9HOztY3N7C+vNjVJBf1mB1W4dLlWG+CL6\/uYtPHvxHKummfscR0XvYbvVQsNag6IoiRNAiqJEVt3th78rMrZljdEyriiKktn\/8sbRpHFm2nYhIiIiIiIiWnSnDvqXzTAvkvEs8jL\/ZuHYtuH78TzhocEMAwQrqoqaYaDrOIl\/lyzuJBJoVhQFQRDg2LYRBD9DUT5Bw7KgKAp+2N3JnXxZbzbD4GHPddF1uqMAzzCD+cHuDjzPGwvgzerc86aq62HAXzKgAaCiVVAzDFQ0DevNjYlgbMOywoD\/sW2j63QRBAEqmhYGr9IM96RID36l9bdowD+JZNr2PQ\/t1iF83w+z\/huWFf4uT8NaSw0+1wwj87PJ9Us7ClVdCSdDfH+Qu\/KgDAlAHtt2mL2eF\/SWYD0AtFstdJ0uVFXFndGKgfXmxljQsOzxaZLGGXnuGpaFjt1JDZxfHq3ekOvJmiAocr4721voOk44drdbrbDvFs32r5tmuOJnlveUptP3PBzbNlZNs3CfTLqH7dYh1psbaFhrE\/1AxiFZ1RSV9OxHpa1mqWhaOK5UNA2qquaOVUnjaFWvoqrrWDXNsdUs07QLERERERER0TI41\/I+RTOeRVaAdFaKlteYhWGZn+Sgf9amyKumGQbd41n1HbuDZy+eo6JpuQE7mVg4tu2x4Ee71Qqz19ebG\/jum29nfu55I20htcyjk1cNywqz6+MB82iJnejKjWGJpBYaloXjlHaQkhhlSemdeDa\/kEmI72\/eCu9Pz3XDe3PZMHJLSwHDe50WUC4yWeenBICDIAjL48wyQCzB8Hiwsee6OLY7E6s4gJO26jpO+Fl7o2t8+PjR6D1vTX18mqRxpt1q4dmL5+GEYFrQvz5q+yAIsKKqqGhabmZ92vlevXkNRVHCFQbisHWIze0tXDZqhZ7jy0YtPA\/Nh8PWYbj6qkifTLqH7VYL682NcPIs2odk7JMs\/6i0Zz9PtG8rilJorEobR4+ePgnLnEWvu2y7EBERERERES2Dj077BrK8P+snqWzJMFsv+2eWmfbzoGYYUBOypeujwHr664bBmWPbngj2SSYjgLCGeZLofYgHdoMgCH9Xi2QVz+rc80g+58He\/sRqlXarFfa9+CSVtGFaYL\/das28xvnXV66mTkxFry9+f+Q1WX0rSsp6xKmjoPS02q1DAMhdKVCG9Od41rFM4qRlC0s\/7Xv9sd+ntVXZ48sIgiB1ElCooyD\/YFSGBzgJlE5zPukj8et+ObqOmmEU+kzSH9KeAzp\/fc\/DwPfDkm15ku6hrOYCxlefyXfUMKN\/dvdcruH2aBJ62r4NnCQJxPtv2XYhIiIiIiIiWganDvpLvfesn6SM2xvXruf+LFLmeFFJGf15WdQn2cbdxL9LGY+soKpMNvQ9LzEo3XNdfPHZ5\/jis89nfu55E63HnxZ0laDxPHyuaScRguDn0q9J6otZq1CKiAbgo5MUUhrqr3\/\/G96+f4e379\/hxzevCwXm5H3ikyHTt1W5153X5rWymkEmQoHJiblpKMonY\/\/2fT+cEMjb4Dy6efWHWiP96OkTvH3\/DlVdx+b21lj\/lfaraBp+fPM6\/FvShrdVXcfb9+\/ClVZpx6edI07Gs9PcQ5lcik5SywTA4WgCbxaktM\/A98NyU1Li5zSSJq2KtgsRERERERHRspg66F8m6JX0P+F5EwVHT58kZh0vKgk6xDMZ1VHJo6Q6yeI02cRCgtdlg5WzOPe8OW12NjAMwi1T2\/RcF0EQhJtOR0mfnTarOxpoi\/bxh48fheWjxIqq4uHjR7mBbVVdAQB4sQz8RRLNPE579qXtu043zFiWEj\/TUMNxYHJCSIL+eSXY5D08bt47qn9\/sufGiqqGZWaOnj4ZmzSUsmFJZO+UpOPjG3nLOZKC47IiJW\/lVdY99H1\/LNu\/quuoaNrYKoBZOOnbw+9GWW1yecpJLRkTkr7jirYLERERERER0bKYuqb\/7Zu30Nays\/42t7dSg1NFavufR03\/tOubdRZr3+uHpTqiG\/pKBmXH7jAgMSVVXSm1V8RpHNs2GpYV1oh+6Tjoub2JDZDLXud57SuRRT5bdENf2cC357qpG17nkQ134+1z\/+49rFlr6DpddB0HiqJgc3sr3HQzq\/TNSmTlyiKom\/XYKodPwraNbkQcJeNFtAxQ13HC\/RHu303\/7EnjWiOy0XRS8Lbo\/T1p+8WdcJmViqbh9s1b8H0fFU0LJwOPnj5B13HC0lbyXdiwrMR9Myqalnp8EASJ51g1zYna9kW\/s\/LuYcfuhBtwy7Ht1mHqpLGU+UuStrqsFtuTo+t0sWqaqJv1zLr+SeOobOILAMcJ+0x8qCtSiIiIiIiI6MM1ddA\/CILcQOV5lcA4jbTMy4O9\/ZluOgoMgyYPdnfGNvQ9CVTYDPpPSYJT5+Fgbz\/c5FICb3Luge\/j\/t17mZs1p11nvKzSRWi3DsMJDQlMroZZ\/p3cUkdS6itKUZQwAN2OlQbpe97YhtKyt8SqaS5dGY60+x7fVDvqcsIqgK7TRcOyUDOM1E2XgfRxDRjuO5EVBJWM6WUj2fd5Y\/vb9+\/Qc13cuHY99z2PbTssQ9dzXajqSpiVf\/vmrfA78Ma16\/jr3\/8WXkfSd2fa8WnnyPq+OG2JHCknVdX1MDifFYhPevbFjWvXJz6vlPaJ7jMRLcGjqmpqH80aR\/uel1kW8LTtQkRERERERLQopg76n9Y8BDnPW9dxcCfYCmslS+C46zjMRFwQQRDgxrXro2BYLZwAAE5K05zFhNF58Eclpqq6jrppoue6qBkGgiBAx7ax3mxmvj4r2zcauMyyCBOF0zi27bFMesn0l+BlUuBfyp+8jOynIWWYpMRPmZUOQRDgYG8\/M3gLzMc+FosivteJTMrEs9tlkjxrpU\/a8fEVb3KOLLO4hwd7+zh6OrzeY9ue6bN50rfHJ0i7joOaYeCyYeT207h2qxXuR5CGfZuIiIiIiIg+FIWC\/tFs3TKyap4XKccSD5wULeMSzR7Mk5SFeFaCIMBLxwkzFSVT82XKJrlUTFaQ\/e37d2dyzujGqsCwVMV6cwMVTcN6cwPtVmsiSLYIkwHHdmdUKqMeBsjigbk0Sc9dz+1NtJWQtprFxrTzrmN3JtpgGFR9glXTRM\/tjU2KqJG6\/fGVIzKGZJX4iY5rddPEg90dKIpS+F4uC0VR8GB3By+d7tjzWDMM1IxaWFrqh90deF5\/rH0qmoa6WUcQ\/Fz6uZ1lgPyiJsKi\/bWTUDInfmyRlRFCnvn4pMlLp4uaYWSW+ImOo6qq4tWb1wCGpYqWddKQiIiIiIiIqKxCQf+spfvTKvJ+8YB80TIuZQMQ5+mwdRgG7KS8QZEMaJpvXcdBz3Xx6s3rcJJsHur0l9WxbdzZ3hrb0Pewlb13h+h7XuHnTh1tRrpMmyGXNXz2O9jc1nDZqI2NA1LaJwgCPHz8aOx1cl\/ySvyI4SqNDayo6th+DWnOYy+V8zIM7htjE0uyx4Toe97wuwUnZZGquo5nL54DGJbtmvfJurh5HnuktA8w3GdC9rUBThIF8kr8CNl0eNU00bDWcr9L57ldiIiIiIiIiGbpo\/M4yaJstllE2koDCcTlBRX6ow1fszbUTHoNkL7psKJ8kvsecl3p7zHcfDIeiJ3Fucuo6jrWm000LOvMAsLR\/pjVHmWVWWEyz6RPrqhq2F9nbdU0oSgKeq6LP\/zu9\/jis8\/DnzIWvUb3YBTUjPc3KX8iJZOiPzJ2rERWA+SRsifS7knKPsuLUPu\/Y9v4+srVifI0XcfBd998i+9HG+Re+vIrHOzth\/cDGI4Tt2\/ewtdXrl7EpU+l7Lh1EfdQ+jaAib4d7c+XC64Akr4dLbUW9yFPLhIREREREdGHqVCm\/zDTMbtWbppoaY+e6+KgRMKkBGDKnntwBvXx+54X1nFPyvqUDU+LnFs29JX\/LnLuiqahZtQmSh4oipJaKiEqGlysm+ZERuRwY0gdA98fC47N4txF1QxjLKt5vbmBS19+NfOSDUEQYOD7WFFV1AxjIqhd0bTU0ippm3AC05fBOo1of1MUZaytpt0YWjb0lf8+Sz23N9X97bm9UZCwUup1J8\/BeIA7LVhY9viyku5RtLRP2tgn+0lklfiJkv1EFEVBw7ISxzA5Z94kz7D\/byzMZst9zwtXWIme2xt7tn3fR7vVGgtI+76\/cKuwFuEeyndGfJ8LUdEquSV+oqJ7kaw3N3DjWnIpMWC5EhCIiIiIiIiIshQK+vszKm+QVts7zzyUVujYHTQsCxVNww+7O7h\/9x6CIICiKNgclUOR4\/JIAK7veYU28O3YndEeAPrYuVVVxZ3trUK116OBkTvbW+G\/gWHAX0pexEu5zOLcRa03N8IM3Iqm4dmL56gZxpkE3jp2B+vNDaw3NxAEQRhcqup6WOJj4PsTqwKOnj4ZTV7tj\/VlaQ8JvJ9XGQl\/NEkj\/VA2hI1mvZYNdEnfqGjaxKTHrE2baSyfqWzw3fP6WMUw471jd8L3kRIj8bYqe3wZddMMJ1eiJXUkw7nvealj38D38WB3p3CJn2EfP8R6cwMNay1xz4mi\/SW6+ic+0TSv5Jn+7ptv8WB3B+vNjYns\/4ZlYUVVcbC3j6peRc0wMif55pFMIvW9fuZxF3UPo6V95LskTh1NxhYt8QOcbDosKwbi96xouxAREREREREti0JBf1VVC9XSnxeDM8jQ7Hse2q0WGpaVureA1HXPEwQB\/vC73xc+d891w7rFaec+2NvPDY7cv3svLN+TtKeCfMazOHcRsqmmXAuAMEA0a+1WK8yW3tzeCoOCURJAF5IFXNV1HD0dBkh7rgtVVceuMy07WyYZ0ky7qbQEc1dNE5cNAz8HQXg9A9+fKnB\/1ntiSKbxqmniE0UJg3HRTOv81xev\/S2OR\/XtFUXBsxfPw5UsIr6yoezxabL2MIlOOgHDLH4gu1SY\/E1K\/BSZfGi3WuFnWTXN2DmHEw0D389tSyljNVwBdDaTcrMkE2DHto2u40C5O9zcN94GDWstrN8vG8Q2rLWFCfpLKSggv8zcrO9hVdczN02XzXdrkQmttIkG3\/fDlViXDaNQtn\/PdcPPE79nZdqFiIiIiIiIaFkUCvqvqGpmsHLe9Fz3TAJRklEr2blRx7ZdKON2Wt\/fvIUgCCbOLRm8RVZDyEar\/\/n40UQwves4uB0Lcs\/y3EVE30eCNGeVaR4EAW5cu46Hjx9NZIsPfB\/3796bCBANf9fDZmSFQ\/S1QRDgT3fvnXsQdBikXAnrtUv96oHv49+\/+fZcr6WonuuGk2jRjVb7nociuf9BEKDrOKgZBlZNs3AflPsuk1\/jAfzWxL0re3xZPdcdy3iOBiizVg35o1UoZUr8BEEQTuCtjbL9haxcKLJSSY7b3NawatbnPujf9zx8feVqWKqpY9tjK53EpS+\/Cp9r3\/ennoS7KCerRtzCK8jO+x7KhFZeP+s6DhqWVbjED3BSNq9mGGMTgWXbhYiIiIiIiGgZ\/Oq3v\/nszwAuZR00zGxOz1SdNz3Xzc1UlrIGWRmHaaTmdkXTMBgFj9KCCZIFXiSDtsg1Rc\/d9zz0XHeq0gxSBiHv+s\/i3Hkkq1oCb1nXk9e20ZIladda0TRoo7ITRUtQRdtCsmbTXhdfCZAmry\/mfRbJaJYNcot8DglkF9mEOK29y7xH0nvK5rR9z0PXcQpn5cq4FATBxN4P0QB90vtIcL3IMzzN8UKe6SRJ\/TbvuqPkfkTbPW8Mib6\/HBMd3y99+VWhz6UoCl69eQ1FURYuOD4Lae2c9Swkvabs8Wmvid6P2zdvFQriF7mHeWNO0X1MpK8XGY\/j7yvXVWa8l2OmaRciIiIiIiKiJfCqUNCf6Dxtbm9h1TTxxytXmZlJmY6ePkFV18O9IKi8Zy+eo6JpaLdapVYrrTebWG9uYOD7+PrK1YWo7b+sNre30LCscFVDUct+D6dtFyIiIiIiIqIF9+qji74CoqiqrqNhWTPbJ4CWmwSppaQHlSOrF4IgSN2LIk271Qprr0t5Jjp\/skcDgNIl5pb5Hp6mXYiIiIiIiIgW3b\/826efNgB8dsHXQQRFUXD4X230PQ\/bdzYv+nJoAfzvP\/+JIPgZz5\/9zwdXYmYWBr6PgT\/Ak6P\/xj9++qnUa3\/55Rf03B7+9de\/Lj1hQLPzyy+\/4C8\/\/gX\/+OkfeP7sWenXLus9PE27EBERERERES249yzvQ3NDSjHcvnkrzPIvshcCEREREREREREREQFgTX+aJ2\/fv5v43cHePg729i7gaoiIiIiIiIiIiIgWzquPL\/oKiMSNa9cnfjdglj8RERERERERERFRYQz609xgTXYiIiIiIiIiIiKi0\/nooi+AiIiIiIiIiIiIiIhmg0F\/IiIiIiIiIiIiIqIlwaA\/EREREREREREREdGS+BjAfwD49KIvhIiIiIiIiIiIiIiITuX\/LvoCiIiIiIiIiIiIiIiIiIiIiIiIiIiIiIiIiIiIiIiIiIiIiIiIiIiIiIiIiIiIiIjm1f8DoYRBoBx1k5QAAAAASUVORK5CYII=\" alt=\"Markalama G\u00f6rseli\" title=\"\"><\/p>\n<\/div>\n<div>\n<table style=\"width: 100%;\" cellspacing=\"0\" cellpadding=\"0\">\n<tbody>\n<tr>\n<td style=\"width: 120px; font-weight: bold;\">Norme<\/td>\n<td style=\"width: 400px; text-align: left;\">ISO 1307<\/td>\n<td style=\"width: 120px; font-weight: bold;\">Couleur<\/td>\n<td style=\"width: 400px;\">\n<div class=\"color-icons\"><img decoding=\"async\" src=\"data:image\/svg+xml;base64,PHN2ZyB2aWV3Qm94PSIwIDAgMTAwIDEwMCIgeG1sbnM9Imh0dHA6Ly93d3cudzMub3JnLzIwMDAvc3ZnIj4KICA8Y2lyY2xlIGN4PSI1MCIgY3k9IjUwIiByPSI0OSIgZmlsbD0iIzAwMDAwMCIgc3Ryb2tlPSJibGFjayIgc3Ryb2tlLXdpZHRoPSIwLjUiLz4KICA8Y2lyY2xlIGN4PSI1MCIgY3k9IjUwIiByPSIzOCIgZmlsbD0id2hpdGUiIHN0cm9rZT0iYmxhY2siIHN0cm9rZS13aWR0aD0iMC41Ii8+CiAgPGNpcmNsZSBjeD0iNTAiIGN5PSI1MCIgcj0iMzMiIGZpbGw9IiMwMDAwMDAiIHN0cm9rZT0iYmxhY2siIHN0cm9rZS13aWR0aD0iMC41Ii8+CiAgPGNpcmNsZSBjeD0iNTAiIGN5PSI1MCIgcj0iMjIiIGZpbGw9IndoaXRlIiBzdHJva2U9ImJsYWNrIiBzdHJva2Utd2lkdGg9IjAuNSIvPgo8L3N2Zz4=\" alt=\"\" title=\"\"><\/div>\n<\/td>\n<\/tr>\n<\/tbody>\n<\/table>\n<\/div>\n<\/div>\n<\/div>","protected":false},"excerpt":{"rendered":"<p>&nbsp; \u00dcr\u00fcn Ad\u0131: FUMO \u00dcr\u00fcn Kodu: HTB541 Tekstil \u00d6rg\u00fcl\u00fc CO\u2082 Kullanim Alan\u0131 : CO\u2082&#8217;nin Y\u00fcksek Bas\u0131n\u00e7l\u0131 Transferi \u0130\u00e7in Alt Katman : CO\u2082&#8217;ye Dayan\u0131kl\u0131 \u00d6zel Sentetik Kau\u00e7uk. Takviye Katman\u0131 : Y\u00fcksek Mukavemetli Sentetik Tekstil. \u00dcst Katman : Ya\u011f, A\u015f\u0131nmaya ve Hava Ko\u015fullar\u0131na Dayan\u0131kl\u0131 \u00d6zel Sentetik Kau\u00e7uk -25\u00b0C \/ + 70\u00b0C -13\u00b0F \/ +158\u00b0F Markalama : Kabartmal\u0131 [&#8230;]\n","protected":false},"featured_media":22197,"comment_status":"open","ping_status":"closed","template":"","meta":{"jetpack_post_was_ever_published":false},"product_brand":[],"product_cat":[2354],"product_tag":[],"class_list":{"0":"post-21279","1":"product","2":"type-product","3":"status-publish","4":"has-post-thumbnail","6":"product_cat-sel_yangin_hortumlari","8":"first","9":"instock","10":"taxable","11":"shipping-taxable","12":"product-type-simple"},"jetpack-related-posts":[],"jetpack_sharing_enabled":true,"jetpack_likes_enabled":true,"_links":{"self":[{"href":"https:\/\/tuzlahortum.com.tr\/fr\/wp-json\/wp\/v2\/product\/21279","targetHints":{"allow":["GET"]}}],"collection":[{"href":"https:\/\/tuzlahortum.com.tr\/fr\/wp-json\/wp\/v2\/product"}],"about":[{"href":"https:\/\/tuzlahortum.com.tr\/fr\/wp-json\/wp\/v2\/types\/product"}],"replies":[{"embeddable":true,"href":"https:\/\/tuzlahortum.com.tr\/fr\/wp-json\/wp\/v2\/comments?post=21279"}],"wp:featuredmedia":[{"embeddable":true,"href":"https:\/\/tuzlahortum.com.tr\/fr\/wp-json\/wp\/v2\/media\/22197"}],"wp:attachment":[{"href":"https:\/\/tuzlahortum.com.tr\/fr\/wp-json\/wp\/v2\/media?parent=21279"}],"wp:term":[{"taxonomy":"product_brand","embeddable":true,"href":"https:\/\/tuzlahortum.com.tr\/fr\/wp-json\/wp\/v2\/product_brand?post=21279"},{"taxonomy":"product_cat","embeddable":true,"href":"https:\/\/tuzlahortum.com.tr\/fr\/wp-json\/wp\/v2\/product_cat?post=21279"},{"taxonomy":"product_tag","embeddable":true,"href":"https:\/\/tuzlahortum.com.tr\/fr\/wp-json\/wp\/v2\/product_tag?post=21279"}],"curies":[{"name":"wp","href":"https:\/\/api.w.org\/{rel}","templated":true}]}}