{"id":21273,"date":"2025-08-11T10:43:12","date_gmt":"2025-08-11T07:43:12","guid":{"rendered":"https:\/\/tuzlahortum.com.tr\/urun\/milas-15\/"},"modified":"2025-08-20T16:06:00","modified_gmt":"2025-08-20T13:06:00","slug":"milas-15","status":"publish","type":"product","link":"https:\/\/tuzlahortum.com.tr\/fr\/produit\/milas-15\/","title":{"rendered":"MILAS-15"},"content":{"rendered":"<p>&nbsp;<\/p>\n<div class=\"report-container\">\n<div class=\"report-header\">\n<div class=\"standard-text\">Nom du produit : MILAS-15<\/div>\n<div class=\"standard-text\">Code produit : FF581<\/div>\n<\/div>\n<div class=\"product-image-container\">\n<div class=\"key-feature\">Tuyau d'extinction EN 1947:2002-1 \/ CAT.I TYPE A-CLASSE 1<\/div>\n<\/div>\n<div class=\"horizontal-line\"><\/div>\n<div class=\"product-details\">\n<div class=\"detail-row\">\n<div class=\"detail-label\">Domaine d&#039;utilisation<\/div>\n<div class=\"detail-value\">: Pour les extincteurs.<\/div>\n<\/div>\n<div class=\"detail-row\">\n<div class=\"detail-label\">Substrat<\/div>\n<div class=\"detail-value\">: Caoutchouc naturel et synth\u00e9tique.<\/div>\n<\/div>\n<div class=\"detail-row\">\n<div class=\"detail-label\">Couche de renforcement<\/div>\n<div class=\"detail-value\">: Textiles synth\u00e9tiques \u00e0 haute r\u00e9sistance.<\/div>\n<\/div>\n<div class=\"detail-row\">\n<div class=\"detail-label\">Couche sup\u00e9rieure<\/div>\n<div class=\"detail-value\">: Caoutchouc synth\u00e9tique r\u00e9sistant aux flammes, \u00e0 l'abrasion, aux intemp\u00e9ries et \u00e0 l'ozone.<\/div>\n<\/div>\n<\/div>\n<div class=\"datasheet_table\"><img decoding=\"async\" class=\"alignnone size-full\" src=\"https:\/\/tuzlahortum.com.tr\/wp-content\/uploads\/2025\/08\/datasheet190.svg\" alt=\"\" title=\"\"><\/div>\n<div class=\"table-notes\"><\/div>\n<div class=\"horizontal-line\"><\/div>\n<div class=\"footer\">\n<div class=\"standards-section\">\n<div class=\"standard-item\" style=\"margin-top: 9px;\"><img data-recalc-dims=\"1\" width=\"1020\" decoding=\"async\" style=\"margin-right: 10px;\" src=\"https:\/\/i0.wp.com\/tuzlahortum.com.tr\/wp-content\/uploads\/2025\/04\/tse-1.png?fit=1020%2C40&#038;ssl=1\" height=\"40\" alt=\"\" title=\"\"><\/div>\n<div class=\"standard-info\"><\/div>\n<\/div>\n<div class=\"horizontal-line\"><\/div>\n<div class=\"temperature-section\">\n<div class=\"temp-icon\"><img decoding=\"async\" src=\"data:image\/svg+xml;base64,PD94bWwgdmVyc2lvbj0iMS4wIiBlbmNvZGluZz0iVVRGLTgiPz4KPHN2ZyBpZD0ia2F0bWFuXzIiIGRhdGEtbmFtZT0ia2F0bWFuIDIiIHhtbG5zPSJodHRwOi8vd3d3LnczLm9yZy8yMDAwL3N2ZyIgdmlld0JveD0iMCAwIDcyLjI3IDE2Ljk4Ij4KICA8ZGVmcz4KICAgIDxzdHlsZT4KICAgICAgLmNscy0xIHsKICAgICAgICBzdHJva2Utd2lkdGg6IC41OXB4OwogICAgICB9CgogICAgICAuY2xzLTEsIC5jbHMtMiwgLmNscy0zLCAuY2xzLTQgewogICAgICAgIGZpbGw6IG5vbmU7CiAgICAgICAgc3Ryb2tlLW1pdGVybGltaXQ6IDMuODY7CiAgICAgIH0KCiAgICAgIC5jbHMtMSwgLmNscy0zLCAuY2xzLTQgewogICAgICAgIHN0cm9rZTogI2E3YTlhYjsKICAgICAgfQoKICAgICAgLmNscy01IHsKICAgICAgICBmaWxsOiAjYTdhOWFiOwogICAgICB9CgogICAgICAuY2xzLTIgewogICAgICAgIHN0cm9rZTogI2ZmZjsKICAgICAgfQoKICAgICAgLmNscy0zIHsKICAgICAgICBzdHJva2Utd2lkdGg6IDIuMDZweDsKICAgICAgfQoKICAgICAgLmNscy00IHsKICAgICAgICBzdHJva2Utd2lkdGg6IC4ycHg7CiAgICAgIH0KICAgIDwvc3R5bGU+CiAgPC9kZWZzPgogIDxnIGlkPSJrYXRtYW5fMSIgZGF0YS1uYW1lPSJrYXRtYW4gMSI+CiAgICA8Zz4KICAgICAgPHBhdGggY2xhc3M9ImNscy0zIiBkPSJNMTEuMzQsMTEuNTdjLS45NCwxLjcxLTIuNzEsMi42Ni00LjgsMi42Ni0zLjA1LDAtNS41MS0yLjQ3LTUuNTEtNS41MlMzLjUsMy4xOSw2LjU1LDMuMTljMS45NCwwLDMuNjUsMSw0LjYzLDIuNTIiLz4KICAgICAgPGNpcmNsZSBjbGFzcz0iY2xzLTUiIGN4PSI2LjU1IiBjeT0iOC42NiIgcj0iMi40Ii8+CiAgICAgIDxjaXJjbGUgY2xhc3M9ImNscy0yIiBjeD0iNi41NSIgY3k9IjguNjYiIHI9IjIuNCIvPgogICAgICA8bGluZSBjbGFzcz0iY2xzLTMiIHgxPSI2OC4zNCIgeTE9IjExLjc2IiB4Mj0iOS45MiIgeTI9IjExLjc2Ii8+CiAgICAgIDxsaW5lIGNsYXNzPSJjbHMtMyIgeDE9IjY4Ljc4IiB5MT0iNS41MSIgeDI9IjkuNzMiIHkyPSI1LjUxIi8+CiAgICAgIDxsaW5lIGNsYXNzPSJjbHMtMyIgeDE9IjU0LjA3IiB5MT0iOC43NSIgeDI9IjguNjQiIHkyPSI4Ljc1Ii8+CiAgICAgIDxwYXRoIGNsYXNzPSJjbHMtMyIgZD0iTTY4LjE1LDUuNTVjMS43MSwwLDMuMDksMS4zOSwzLjA5LDMuMDlzLTEuOTIsMy4wNi0zLjYyLDMuMDYiLz4KICAgICAgPHBhdGggY2xhc3M9ImNscy01IiBkPSJNNTMuOTEsOC43NWMwLS4xNC4xMi0uMjYuMjYtLjI2cy4yNy4xMi4yNy4yNi0uMTIuMjctLjI3LjI3LS4yNi0uMTItLjI2LS4yN1oiLz4KICAgICAgPHBhdGggY2xhc3M9ImNscy0zIiBkPSJNNTMuOTEsOC43NWMwLS4xNC4xMi0uMjYuMjYtLjI2cy4yNy4xMi4yNy4yNi0uMTIuMjctLjI3LjI3LS4yNi0uMTItLjI2LS4yN1oiLz4KICAgICAgPGxpbmUgY2xhc3M9ImNscy0xIiB4MT0iMzYuNDMiIHkxPSIxNi45OCIgeDI9IjM2LjQzIiB5Mj0iMTQuMjQiLz4KICAgICAgPGxpbmUgY2xhc3M9ImNscy0xIiB4MT0iMjguMDUiIHkxPSIxNi45OCIgeDI9IjI4LjA1IiB5Mj0iMTQuMjQiLz4KICAgICAgPGxpbmUgY2xhc3M9ImNscy0xIiB4MT0iMTkuNTkiIHkxPSIxNi45OCIgeDI9IjE5LjU5IiB5Mj0iMTQuMjQiLz4KICAgICAgPGxpbmUgY2xhc3M9ImNscy0xIiB4MT0iNDEuNTciIHkxPSIyLjc0IiB4Mj0iNDEuNTciLz4KICAgICAgPGxpbmUgY2xhc3M9ImNscy0xIiB4MT0iMzMuMjgiIHkxPSIyLjc0IiB4Mj0iMzMuMjgiLz4KICAgICAgPGxpbmUgY2xhc3M9ImNscy0xIiB4MT0iMjQuOTkiIHkxPSIyLjc0IiB4Mj0iMjQuOTkiLz4KICAgICAgPGxpbmUgY2xhc3M9ImNscy0xIiB4MT0iMTYuMDgiIHkxPSIyLjc0IiB4Mj0iMTYuMDgiLz4KICAgICAgPGxpbmUgY2xhc3M9ImNscy0xIiB4MT0iNDQuNjMiIHkxPSIxNi45OCIgeDI9IjQ0LjYzIiB5Mj0iMTQuMjQiLz4KICAgICAgPGxpbmUgY2xhc3M9ImNscy0xIiB4MT0iNDkuNDkiIHkxPSIyLjc0IiB4Mj0iNDkuNDkiLz4KICAgICAgPGxpbmUgY2xhc3M9ImNscy00IiB4MT0iNDAuODgiIHkxPSIxNi45OCIgeDI9IjQwLjg4IiB5Mj0iMTQuMjQiLz4KICAgICAgPGxpbmUgY2xhc3M9ImNscy00IiB4MT0iMzIuMzMiIHkxPSIxNi45OCIgeDI9IjMyLjMzIiB5Mj0iMTQuMjQiLz4KICAgICAgPGxpbmUgY2xhc3M9ImNscy00IiB4MT0iMjMuNzkiIHkxPSIxNi45OCIgeDI9IjIzLjc5IiB5Mj0iMTQuMjQiLz4KICAgICAgPGxpbmUgY2xhc3M9ImNscy00IiB4MT0iMjAuNTkiIHkxPSIyLjc0IiB4Mj0iMjAuNTkiLz4KICAgICAgPGxpbmUgY2xhc3M9ImNscy00IiB4MT0iMjkuMTMiIHkxPSIyLjc0IiB4Mj0iMjkuMTMiLz4KICAgICAgPGxpbmUgY2xhc3M9ImNscy00IiB4MT0iMzcuMTYiIHkxPSIyLjc0IiB4Mj0iMzcuMTYiLz4KICAgICAgPGxpbmUgY2xhc3M9ImNscy00IiB4MT0iNDUuNzEiIHkxPSIyLjc0IiB4Mj0iNDUuNzEiLz4KICAgIDwvZz4KICA8L2c+Cjwvc3ZnPg==\" alt=\"S\u0131cakl\u0131k\" width=\"100\" title=\"\"><\/div>\n<div class=\"temp-values\">\n<div>-25\u00b0C \/ +70\u00b0C<\/div>\n<div>-13\u00b0F \/ +158\u00b0F<\/div>\n<\/div>\n<\/div>\n<div class=\"marking-section\">\n<div class=\"detail-row\">\n<div class=\"detail-label\">Image de marque<\/div>\n<div class=\"detail-value\">: Ruban de transfert ou gaufrage<\/div>\n<\/div>\n<p><img decoding=\"async\" class=\"marking-image\" src=\"data:image\/png;base64,iVBORw0KGgoAAAANSUhEUgAABf0AAAAoCAYAAABEkVAiAAAACXBIWXMAACE3AAAhNwEzWJ96AAAgAElEQVR4nO2dX2wb153vvzWMVXNrT5w2bQ1ocuvaebjkArU3C4S8tb1xsCZTJMiNK\/LBhoGEInDtOgvITOE\/D5GUxnYfbAmNpMWtr3QBSglg2A+kkNSwgVAGIl8nXTLApnaAki\/515sRkGa9rT12kboIjPtA\/o7ODGeGM+SQQ0q\/DxDEIjkzvzNzzplzfud3vr9vbPnBpm0ANoBhGIZhGIZhGIZhGIZhGIZhmF7m1loArwHYFbAhDMMwDMMwDMMwDMMwDMMwDMO0xuKaoC1gGIZhGIZhGIZhGIZhGIZhGMYf2OnPMAzDMAzDMAzDMAzDMAzDMCsEdvozDMMwDMMwDMMwDMMwDMMwzAphbSsHD2UyiEQjftniC5VyGadOnAQADI+OIBQOi+\/2790XlFm+cb9vDf7wP\/8r7vfxeg3DdJq1+tf4wf\/5f0GbwTAMwzAMwzAMwzAMwzC2NO30T6XTGMoc9tMW3wmFw4hEo0Gb4St\/+vFD7PBnmIB4+J3\/DNoEhmEYhmEYhmEYhmEcoADgSrkcsCUMExxNe48VRfHTDsYFXytrcfuxB4M2g2FWJQ98\/ld866O\/BG0GwzAMwzAMwzAMwzA2DI+O4OLlS7h4+RKGMhn2XzKrlpbkfZjO8uVPvhe0CQyzavnO4s2gTWAYpkWGMhkAwNTERMCWMAzDMAwDVIMJdV0P2oyugO8Fw7RGJBrF2Zlpg5N\/KHMYiWQCp06cxEKhEKB11vSKOkmlXLbsnxRFMciqdzOlYrHus163vxG+Of2PHzmKfC7n1+kYE1898gC+euSbQZvBMKuS9b+\/g74v\/xa0GQzDtEAoHMZQ5nBTgyWGYRiGYfwnFA7jzPgY9u\/dt+qd3Yqi4OLlS9i\/dx80TQvaHIbpKULhMIZHRwwO9FKxCF3XEYvH0a+qODszjblsFlMTk13V35y7cD5oE1yxf+8+y3lUKBzumTI8uumHdZ\/1uv2N8M3p3+qLya\/VFV3XV6Rm15c\/+W7QJjA+sKFvHbY9vEX8vbh0I0BrGDesuXeftfx7jFA4LCKlVuL7AABUVUW\/qgJobsXfT2hwvaRprscC9IyAztlPdpaKJd\/OGUQ52ok8FnP7PNvV3mRbuuneUttzU14v9UNu03aRVDJUn938lulN5DbQTc+5lX4C6K72zATP8OgIQuEwBpJJzGWzhu+o3ngZX1jh13m8QH20l3fj8OgI+lUVQ5nDOHbkaDvNY5gVg6IoGEgmMZQ5LN4zuq5jLjsr+pSljIaBZBKKoiCVTiMSjeLUiZP8PmJWBV0j7+PX6kqpWMT+vft8sKh7uP3Yg\/ha6ZpH1TbeGfgVdvVvxZufvIefXhp1\/O2GvnX484G3AABPzv\/c4Dz\/ReQFvPL481hcuoEn539ueY1X338Dvyi93rStn75wDpuUjXjp2q8xcT3f8PeblI2Y3X0Mu\/q3Gj6\/de8uJm\/MY+J6Hrfu3W3aHjekQk9hdvcxAKi7N7v6t+KdgV85Hm++z6uFDR\/cxpp794M2w5FINNqw\/5T7xnMXziMSjdat1n\/02ae2x8\/ncjh14mSd02Eok2mY1N2pX3Zz\/NTEpJBjIRutVrlVVcXp8bG6CI9DBw5aOkuczgXU3yen+yMj32dz2am887mc7YTO7vkA1YHtUOYwUum0+GxJ0\/CzAwc9O1zJFvn+ylC9snt+kWgUZ8bHhKMSABYKBRw\/ctTWORWLx8WkltB1HVMTk3WT\/VbrVr29EXGMXAa3Yw+5nngphxk39Uh+9lQfnHZUNqrL8nns6tXw6AgGkknD56ViEcePHLV0kli1t0q5jGNHjrqqi2fGx8T1zHYnkkm8PDpimLzt37uv4XmHR0eQSqct6zSV3w676CU7mwH7\/kVRFJydmTZcz6mdkt2Eruv45YmTls+bxsvyvbH7rVcURcG5C+cRCodbHk976S+7fdKdSqcxPDqCuWwWp06c7Ng1zQ4Mu+fspv07Xcdt2ZrpJ1rpK+W6bveeMtv3wYfVcarVvTh34TxUVcUTO3bWfXfx8iWEwmHH+uj0TvLS95mx6wsbvQOdnrfTsUuahlnJGRYkoXBY9JNXJMkNuS8irOpooz7Lqi9uNE4BnMcGS5qGqYlJ2z53KJNBKj1okBZZ0jQcO3K0rm6Z224+l8dAMomBZBJTE5Mc7c8wDbCai1iNzU6dOIm57CxeHh1BLB4X7xe7+e1KZknTxM4qcz\/bK1A\/3q+qhjFxr9Bp+5tO5Mt0hvt9a\/CnHz8UtBkdZc\/m7djQt67hb4Ji28NbsEnZCAB4wuTEt\/v97\/ZO1zn8gerixSuPP4\/f7Z027ADwm9d2vigc\/ox71upf46Hf\/jloM7qCgWQSZ2emgzbDFquJHeDNqdtJKNrEK2bnIAAxYFClAW+7CYXDODszbRhkA1UHj109IY1N8zHkSDozPtY2e+n6QOtRpkGVI5UebMt5AeDszHSdIw+olvU3NWeYjF17Mzuk7TA7z2VUVTU4\/Ol6bs4bi8cBoC16rUOZTJ3NVBfMmLeXA9V2alU3EslkXZtWFAUvj47UtWmr+6AoSt3iSzNYOdmYKrRg2CnN3UQyiWGLNnB6fEzUcb\/wUjav\/UQrfaXbvkRG13XhuLF6H4bC4Tpb5O8ANL1biez12n6c+sJ20a+qGB4dQaLD17VisPZem8\/lDA7uszPTdfeyuhCWEX+76bOs3lOxeLxhQIET\/bUFb6v7R4st5npL47RG97xULIoxym6f2zrDrDTOzkzj3IXzhn59\/959tlJhmqbh0IGDOHTgoPhsIJnE4rvXfH+3djP5XB6apkHXdSwUFoI2pynmsrNiF1Uv7urvtP0rP3y8x\/nTjx\/C\/b7VtzazZ\/N2zFXetv3+8LZEB60xskvdJv5NCxROUfqv\/dO\/iEWM6zc\/xlufvAcAePDvvoVU6Cls6FuHTcpG3PrbX9pmc8bD\/bp+82PL8rR7J0I30muyPk5biL28UMxOUZKdiESjiESjlk5Tpy3Tbq7tdPySi0inVDptkAIpFUuIRCOIRKM1LfdMy8lbzeW2k9fQdd2Vo6Iakezepkg0KpwDS5qGfC4PVe0XCwina5q4nUB2SC0UCqiUK0gkE6KeJJLJuig4cvDouo75XA66fgeKsl7Yb+eMabVuActb+83PUNd1w2duJGWaLYcZp8UHq8kKRUT6HRWdSCYNCyIkf0TtR1GUuvost7dKuYyFwoLh98OjI47SBE5OLoqQpPtL16Pt23bRqeTQW9I0x3phbq+yBIMd1e3gVeeUuX+hPoauqaqqKB+1DWqnoXAYsXjcsChBzie6j3JdSqUHDZGtdB\/keyP\/tpW6EQqHfXX4e+kvux2yXZayahe04APA8jmfHh9DaUfRNxvclq2ZfqKVvjIWjze1MF4plxGJRtGvqob3hmyfuR+lei8vGjhh9U6iezCUOWxwKDXCjcO\/FUka+VkBQCgcEra+PDoSeD4+cmzPZmfFZ9SvArQYsCTGF6n0oBg3Neqz5F0EdB9i8RhC4TBS6TTmsrMN76vVuJraivn+qTVZHmB5jFb9vF88Zzfjg7nsbG0cleiK3RgM003QWHAwPSjakyzlQ324OThF3o21UChg146dIuqffrtQKOCXJ06u+B02iWRCjC1i8RhKxaJBYrIXSKUHUSmXEQqHoaoqSsWiQUaw2+m0\/b45\/ZuJfnGanJgHKW5x4xzqFb5W1uL2Yw8GbUYgPOfg9N+kbGxrVHwjXgg9ZfibJIms2KRsFBH+c5W3MXjljOH7V99\/A6\/tfBF\/uPNHfKZ\/0R6Daywu3ajLKWDFS\/\/3f61KGR8zD3z+V3zro\/YtxLSDSrnsi9PX6hwkjZFIJiz77nwu35JTvdXjU1K0mOxsPDszjVg8bpgoNov5vtC2bCtNSDfvRK82URnpOdPAtlyuiMhi2fnYLuSJtCw5M5fNiqi7VHrQMBmWIyzNMi1TE5M4PT6GOWnSL9Nq3QDs9fzNbUbeGWLVDloph5lm2mqrjl0rdsdjAKoOarOzKhaPY8Cizdu1N4paHUgmG26XPn7kKE5bRPrSs5LlP3T9DoYyhxGLx2ydIIlkQpTDCbm9hsJhXLx8qaHmMk0Kl2pRYlSuq+9eEwtddLysdS7fz\/WKIraUk42y4\/PQgYNioqlpS0Ln2qqM8r2plCu+RPoDy7IrwzWncyt46S+7GXKQyn+3YycJQQ5xs6RVPpfHxcuXoNTqkR\/OWi9l89pP+NFXVspllIrFup0wjY6xClCQ2xJJwRB0D9y+O63eSYlkUuzE8LowZNcXOl3PLaViqe5Y6vcURWnLQrJbqP6ZIx3lvpzeL\/O5HBbfvSYW5un3Tn0WRe6SlAVQHadcvHxJ9Ntag3ZkNa6Wd6HIi7i7pes9+\/Qzhjowm50VMlqNWCgUoOu6cAatdAckw7jFLlHv1MRkXT9m3gVkThhOUf+xeBynx8dEe47F4zh04GBb3\/NB06+qWHz3GoDleRwlEe8Vx38sHkfsw2qfu2vHTmiaJt5tvUCn7fcthHwocxjnLpz3\/J8dNEjx+l\/QEQt+8uVPvhe0CYGxZ\/N2IaFj9V1QyE5zcvQ\/52CPLOnz0rVf131\/695dDF4501J+ATe8+v4beHL+56syWr9ZvrN4M2gTuor5WsRSNw4GZMeFWe\/1l7W\/aXLbTSiK4ml7PU1gpyYmDZPJuWxWLHh3YnsqXaNSLhveubquiwm6OVqBpBZKxWKdY0XXdRw6cLCtjgcrPf9mCLocsXjcdxknOp+VA87KwefU3o5JOslO7c0pPwFN0ual72ny5VR2qpcUXemGsEtJD+r3yBljtkuu62S\/ecJIC06hcKjut5Vy2eDYkRclrOywujetRge5zZuw2jDLgsVqzu92Qeefz+UMz6JSLguH4W6fbPBSNq\/9RKt95fLi9h0XJVlG05Zq1+83fC73R2GpDcrftVL387mceA972THj1Be2C1pMAVrvN1rBTnJvuZ9b7ss1aQeX11wv8juhKmdRMFzHK5VyWeQfkJ811bl8Ll+36GMO1mgEnb\/bxq0MEwTVXVQZXLx8ybA78\/iRo7Z5qkLhsOgjHvvRVrGQZm5TC4UCHvvRVsOY7ezMNM7OTPdM1HgrUJ\/kdqdbN0J292rwdyfsD1Teh19k9nz1yAP46pFvBm1GoOzZvN0ySe7hrQMBWFOFFhyu3\/wYr1fexp7N27Fn83bYKS3TwoWdZE6naPeiwkpj\/e\/voO\/LvwVtRldBDqlu7LdlORbzgEXTNMxls8vb54Iw0IIlTUN\/bSu4mwm\/PLG0ij6ZmpjEQDIBRVnvq53WtoRqdtTrQFbKZVE2OZpy+RkF8wT80vMPshxynXGSzvFKIzkjp99bTRCuFApCysYuUspNnZfPTU4dJz3uRtI+87k8SsWSYVBNdVl+nvJkkc61UCigVCzWDcidHJLm78wOK+Nv6x1E5t8qiiIiTtshj0PX7HQfb3W\/7b4z\/01SSlUZJXvHn1qL6gWq9dZL5CwtGE5NTOLchWjb78\/yolF9\/5rP5REKh3HHN2kf92Vrvp9orq9sNsrSrq+QFwHsvquUK01dk9As3n2NCDpYzaqfpiCJ\/prkgFXbIikIkh4iZ9qVQsF1+6L6Z67rUxOTACYtF4tkmu2zvC4kWUGLS1aLuH4s\/JfLFQyYzs8wq5FUOl0n5TOfy2EuO4vT42MYSBoljEkqkf5N7XE+lxMBSbIMI3GlsIC52o4ckmKMvButkw1aaVAOklA4JHZOkQxar3B6fAxXCgvYHY8JSThzMvVuphP2N+30b\/dKylDmcFNJdkrFYsc0jdvJlz\/5btAmBMate3exoW8dXgg9Vef0pyS69JtOQ4l7F7XrItKfov+v3\/zY9rhN67\/fEfv8YJOyEb9Qt+EH67+PGzc\/xlzl7VW1Q2DNvfs9p+XfSbpx0NNoa745GrkbyOfySNUGsW621zcqYz6X65jzgGyxs5kcH1YEMYG10\/Nv7ZydLwfJA+yOx6EoztI5zeBWGmr5+Vs788gZ0klIDsLpGVu1D6vknSTdII8n7e4LOa060S+a808s29A4J0G3Qzt\/H930Q8PntO2eIsnlZzOfywtJlKHM4TqpKSKRTBoSQ1N0oFunciQaFfde1l9tl+SGU1\/vl4Qf0UzZvErIdbqvNMtsLdux3NatkmwD8O2ZtsPRkEqnoar90LSlWn4Ef9q7uU8xtxfAeifHQDKJocxhTE1MQlHWCwmm4dER19IYtBvEXJ\/s+nG\/+jo\/gyOsnrWXRR877Ooxw6wWVFUVmvtEpVw2SATaLfjRjrRQOCxyjMlzwUg0WudnpDHf\/r37MDw6IqT2hjKHEQqHMDVRvxC5EgiFw2IsRTsi5rJZfPBh70g9kyxTpVzGs08\/A6BaV87OTAdsmTs6YX\/T8j75XA7HjxzF1MSkp\/96ddtFJ7n92IP4Wlm9OZbJmU4OfhnS07fT0G83FOl\/taZ5T9r3e7bssPz9onYdQHVh4BeRFzpgYevM7j6GVx5\/HqnQU3ht54v49IVzgeZQ6DQbPriNNffuB21G12HlHOs2\/Ije6iQ0KPWywN2rjj15gN7pSaydnn8zBFkOiliqJm11r3HdCCrTYNpuz1owyFI+9AztxpA0KbSKjnaiFVkPWTIsSI16kmTpJZ18GTnC3zyBX5blMrZdOdktMSAlmiVUVRVavfKx5s\/sMD\/fRo4GP2l3X++1bF77iaD6SpIoMCcWDoXDhp1Ask1+t2O\/x0mp9CCGR0eQSqcxPDoi9OSbRU5Yb9z5FLZsG7F4HEOZjOW5ItFI3fvIbfnlyN1GUB\/fKP+KlR2ybBXpdgPN7yaxugaw3E8lkomWF36oLvot58cwvcBQJoPFd68Z2v3UxCSeffoZQz99\/MhRIXe4pGmYmpjEfC4PTdMwX9OpPz0+ZtuOKB8AHUfXOnbkKA4dOGiQTr14+ZInSdZehPqtXomQN2Me6\/Ua7bS\/JU3\/fC7nWXOfk9E4c79vDf7044eCNiNQ\/nDnjyJq3izlQ073twJw+u\/q3yp2F9Ciw1sNdP1lWZ9XHn8ev9s3g8y2RE850Tf0rcNs7HjQZnSEtfrXeOi3fw7ajK4jFA4Lx3Q3O\/17DdJnjkSjK35iJ8uVnLtwHmd8SjzqBr\/0\/IFgywEsLxQlTNuZW4HKNJBMiklNkPVRtoeg8lqNIUlmQtZqHspkbJ1UhBw1Kp9Xjnx2ghxdTpJC7UZRFHGfrnhc8Ogm7BzOdnIZ5MDdv3efIbGyuV3I761DBw7i0IGDQibIvLXfCvOCIf2f+pRexmvZvPYTQfaVZsc+\/b9cLqNck\/Ah22li3WpQmiwh5fdc1zz5D4XDrhd+VbVfJDaORKNIpdNi0aAqI7Bsa6Vcxnwuh1KxiEMHDmL\/3n3CoZayWeyh5M+HDhzEXDZbd85GZXL7XqbrX\/HgqF8oFLBUkx46OzONVDqNszPTjrJFbll+Jy3vbJPr3cXLlzCUybS84NWNebQYpl2oqoqr714zBEPNZbPYtWOnZTLz6i7nqrNe0zRDfs9j0o6+31y+ZPm+qvbbEahqf91u0IVCAc8+\/Yxhh8Dp8TFctDmXn1DeG1p4oF1+x2u7GacmJg3986kTJw1\/U\/9dKZfFuehv87nmczns37sPp06cFDlXf3P5ksiX0Gw\/aXcdmvs62Wge39G56G\/zuaj8pWIRFy9fwrkL5zGUOSzuYTNBFL1uv5nVG07epfzpxw\/hfp9v+ZV7lsnreczuPoY9m7eLBLiU3PfWvbuBRPqTY5+i+4HlSH7alfCZ\/oXhmFv37uKla7\/G7O5j4nfbdr4ovnvzk\/fw6vtv1B0XJNdvfoxXS6\/j1r27OLwtgT2bt2Pbw1uwZ\/P2wHZYdIpel\/WJRKP46LNP6z73KntmdQ7CKokfYC\/J5vbadsdXIzDqB3qNoAmu2RarCaZTedsJvfhpm7xXnXYrTcolTfMs89OsnJ4XaLtoKp0WDreBZBK6ruNKoYCpiUlbR0GrdSts4zhshlbKYcau3lklJSPIidGvqmLLcqvMZWfFNmZ5m281cehsxzWnFwoLYqFRVfuxXorMtJp87K59JzuDqL449R12u5fcSKhUd1sM1q4x2ahIbYPqYTPtvpsoFUtIpdMGKRgnrX+gOuGitqacqEbzmR1sVDdkOQBd13HuwnnE4jEx4bLDvGAYVN6DduC1bF77CT\/7Sq+QhA\/JrCwn7K4YHLMLhYKoM15sIUc6QRIQQPsWAU+dOIlKuYyhzGFEolEkkglXYyO672bmTXIXhHkcUioWhb6\/lbTTkqYJ6R8vkfNenOHyeM5rf3vsyNFae48bZELcyj7KO7qIlKQvLr93KLcI5ZihsUu1f8571gWndz3DrBY0TcNsdlbozAPU\/ktN7cw5fuQolJlqGz534TyeffoZQxvsrwWN2PXZ9B6LxWOiH6BFRHkM4jdz2VlRXnqPlYpFlAAMSH0\/9c\/yWKZfVcWxpM9Pfy8UFurOlc\/lxWfDoyNiUTQvLSiQBKMXaNxF16F3S6lYNOSSOXXiJBLJhMFG+h0ARHIRVMoV8XeqPGg4VyqdNpT\/3IWkKLu4h9mw53lur9tvpmu9y1MTk3h00w89\/9fLev5fK2tx+7EHgzajKyDn8iZlo4iKJ6d70NI+8i6D6zc\/Fg77XTW9fzNzlbcxeOVMnWN\/Q986pEJP4dMXziFVky0Kilv37mJx6QYWl27gp5dG8eYn72Fx6QYGr5wROxW2fffRQG1sNw98\/ld866O\/BG1GV9POSbrfkF6j\/F83OmpoAlvVafe2lU+eVNJ\/5oRW3cSpEyfrnGzkDPrN5UttkYCgKHA\/pU+CKIcM1Rm\/nrVWi0gxR7qSY+9MzbnXKWS96oFk0uCosZJooohLr9I+YYskvm6hCWmQznZVVbti4cEPrCL9nSRXKHmo+Xi57ZG8y5KmGc5BCagbvQ9kZx85BDRNE464Xt6d1UzZmuknguorKfqa3qnkOJWju2nRo5mEwwPJpIiIPHfhPM7OTIvz+NkWqe7SfaQIfCpTK3XQizNZLK5ZjFE6ISs2XJPycruLQMZuh4Lb3XKUR0T+j95JVvZYLdrTWM2rLFOvjLcZxk\/mslmxKw9YfscMm3KNuEHXdZw6cVK828yOU4q4tgu6Ige\/PF5YKBRw7MjRtrbPSDQiLXpERH9Fi+5kTyKZFAuyZC\/lMQMgFivo71A4JOTO6FzmHXH0bzqm2Z3F5utQv0kL8vL5zTbS+5nGKrulc6mqajiXbLtRtm\/5HLLEW7P2k7RTr9hvhiP9u4gvf\/K9oE3oGigKfs\/m7Ti8LYHBK2cClfbZpGwU+QUoup9YXLqBlLIRz23ejrnK25bHz1Xexlzl7WrE\/JYd2FqLnCdmdx\/D4tINx4j\/bQ9vcUxeLO9A8Mr1mx\/jyfmf131+695dXL\/5MXb1b8XWHpIkaobvLN4M2oSWsYuI9Bp1Jk9Y6IVkNXmXMTthvF7b7vhO5IGxm7TKL\/V2odUm9bTtvpldDa1id+9l3V+\/OHXiZC3yJI5INCIWOxRFwfDoiOXCfSt1y089f5lmymHGrt41igRcKBTwsj4ioh\/9ki16YsdOMTCPxWPi2Q8kkyISqBOQc\/F\/12QY5GhHsw1qbbIjS\/u4pdk8JVVne1VaI0hnu5eFB1r8soK2JjfCqT9stW7Qu4smoPTv6rnr2665P7DqH5wiuK2SuZqxW3QoFYsif4DmcN\/9uOftotmyNdNP+NFXesXs2Kf\/031f0jThMFfVfgD+jDXmczlfFwHzFucj+TGKvm\/keJqX5C+IVHoQsXgcZ2emLe+\/+d3vNA5qd+L2RDLZ9IJKJBo1OeiXak6veC26crZpxx0lFDWj6zr2790HVVWxu1bnyQaSZQpinMcwvUSpWMSzTz+DRDIp8oyk0mnE4nGcOnHS03iPkqN+8OENpNJpQ4CIvBPKnLD87My0IehkSdPwM2kxop1EotG6RLryji1z5P3Fy5cMf5uPNf8ty8MNj46IhVVKwp5Kp1tO5JtKpw3XMSelbWSjvBs6FA4b\/jafi8qv6zp27dgJTdNwdma6pZ38ZvtPj4+JHY69YL8Zdvp3CV898gC+euSbQZvRVbxVc\/rv2bwdV0NPYUPfOnymfxFIpD856D\/TvxD5BoirSzeQCj1lG+kvc\/3mx+L4DX3rkNmWwCuPPw+gmr+ApIyseO2f\/sXxGt\/4139ueP1muP4fHxnyGaxE1v\/+Dvq+\/FvQZrSMG1kKN8jnoEEPTYztyOfyLU1kWj3eDOnSAtVVeCf9Zrt7du7C+Y7sDpiamMS5C+636xPy8w6Fw2LQ5hW7e0\/bYf1G13XJmXEUZ8bHhKNJtXBitFI3\/NTzN+O1HGaabavV7cbV7c+JZMLXspHe59TEhIhwVBTF9+u4seOJHTsBQCSvlHcAECTf0oxtdnrxjZBlPIKM8qc+zY0jjCTErHCSk5IZHh2x7Q8f3fTDhsc3grZMR6LRmlN+2VHbCnayd\/SdXdntkgiXiqVaO484Pn8\/7nm7aLVsXvuJVvtKr5iToNLCIPUf5XIZsdriQzPyPlUpBOO9I2mXbkPTliwXd66+e01ELMp2U8LgboHaUDNR\/hShOp\/LGSJ5aWw3kEw2HFuQNI9MpVxu6HTUNA1z2SzmslmR16IaLeptnMcwq5l8bS738ugIYvE4+lUVZ2emDfKetAB3Rxof0vyFficvlgLWi7x0fCQaxdmZacNi5\/FafoAgF+s7AfVrVwqFpueUQVIpl8V74kphwbBo0wu0035Hp3+7JvxuaFZj2En\/uZXVkmZ1pd3yn7u+07Zz9ypzlbfx2s4XsaFvHV6r6eAHJe3zRM3ZvqFvHd4Z+JXhO3KGb+hb50n3\/ta9u\/hF6XU80b8Vu\/q3dq18zu2\/rWzJmzX37uPbnLzXFnrpDCSTrjVQuwFNig7vRlkfmVKxaNBpdwsNYnudY0eOighfN5GLXnCSCPGbdpbDzHwuV5NzSrYt2jj2hyoAABAeSURBVLxSLuP4kaMi8WFQOMn30Hdek9jKEz8vkzivzvZ20Q0LD36zUFhAKp1GJBrBXDbb0bZrBV2\/uj1+ObktOQKqC07e8rB0C36WrZl+ohN9Jb1TaVeBXI8q5Qpi8ThC4bBYGPBSz0rFUs87bvO5PIYyhxGLx4XTP5FMdpXDn6QrgOb6W1rQMTvt57KztZ1yjRNyU3LQVqDo\/w8+vOHpXdrtY1eG6QRaLW9IIpnEyzWJH4qE\/2Ut6t+8E53GdbS7ZknTDO1J07S6YAWS8jFKShZFPpWVCi1shsIhoS\/f7jxvfkML8ZFoRASO2Em7dSOdsJ8j\/buAO3+\/Hve+93dBm9GVvPnJe0jVovwB4HUb+Zx2Qs58+rdTtP0T\/Vs9L0xcXbrhapfA65W3cbUFCR\/Gmg0f3MZa\/eugzehaSEpEqSXTbCaRUqdotBuhm5mamMTp8TGk0oOOTshu0pFWVRVWojnNSCKRnIfdOZuB5DU6OVhvRzms0DRNJIFu58CW7p1VvbNrb4qy3rfrk2PQSr6HpH0A2Gq020Vy02\/LHutGNzjbm1l4KBWLmLLxW7mVNZnP5X2XyZKRdf39dPjbyXDQd1bIEeB2Emf0G7tztHrPrc5tfPbNOSL9KJsZp37C6Zh29pVazelPTmy57spa0SQhxizniTFLAg2Pjvgu9Udt22m80EqUP2C\/myuIaF2SlaJcDKzXzzDeyOdyKNeSmdNOrdPjY9hdiGFqYtLwvqqUyyKyX45Yt9uRlUqnMSgl6F6qJRS22mG60pDlkj748EZPRvgfOnAQuq4jFA7XSR31Ap2wP1Cn\/\/wKiU5qhft9a3DzSY7yt+OtmtMfsJbW6QRuHPLEns3bHSV6WsEuX4Af7Orfil3qNnymf1F3HdrlQAl9VxJr9a\/x4L\/fDtqMrkbXdVwpFGq6h4mudPrThN1uUkoJcLp5Yp+vRW6Tg9MM2U6Ri+bfdLKMpIdtJQEhO5S82EID7V6N8ifaUQ47piYmDXqk7cCqPMt62dZRiE7bp72yHMlf3+\/IEZNmfUzi3IXzltIzoVoS30q54tqWUDjcUpS\/l8Uwp9++XJuQeVl4qEYRtdYOOrHIQZN0eu52iwxu7qXcR3otu9sIW4rIsqLZe073IGzhdKcE9a08Sz\/KZqaZfq\/dfWU1ai4q3o1mhxAADNYWTLvVAUuR7s06vb1C725zUst2Or3sxm2pdLqlKH+ZbnGye6nztIC2kiOMGcYrlXIZhw4cRCQaxZnxMfTXkqLG4nEcP3LUME45dOAgTo+Picj9qYlJzGWzhv5MVVWcu3DeMJ40y4GtFtqdw64T9HoZ2mm\/o9O\/ndIB87m8oWH6da0li4mpH7TLkXL7Hx\/E\/b41bTn3SuDNT97DZ\/oX2KRsDEza57lalP\/1mx\/jH84fsPzNrv6teGfgV9ikbMS2h7eIxYltD2\/BbOw4npz\/uaXTfEPfOrzw36ovI6ckvu1mk7IRrzz+vEigTLZu6FuHbbUEvjcCWHBpN9\/+7Z+x5t79oM3oehYKCxhIJkVkRbdFPdC7g\/SgzYmIaVLpNaq309B2e6uXvqZpIkrMnAhOURThjCx7cGI2S6lYQiqdxu54HKo6aZjAUlSlOfluKBzGYHrQciDdjoTBgL1udSsEUQ475CTQrXBmfAyz2VnLMZPVual90WRLXgiU25sfYzqarFlJ+7RCuAkbh10625e3lYcMn1tp1Mtb0I2\/jdb9lj6XJ7ArDXLUNsrVQEmF6f7RPbGaA1A0udwfNXIC0rOyk\/akPBMkReQntKg6lDlcV89oV08r85tmy+a1nwi6rzQHA8h2a9IiOuB\/one\/iEQjGEgma3lcqs+CpC2A1uamtLAmj+c67TAxJ++W7Wg1yh9YXkAzJ6amhSC\/x7KpdBp3avkrzHh9T1Pd7LbxNsN0A5ToV3bq027pQwcOQqtJN8qJec1Qbhn5nFMTkytCNrURuq7jeE1m7\/T4GCK5iJjj9wq0izOVHsTFy5ewUAtQ7BU6bb+j09+vpJBuaMe1ul1\/+mtlLf703x8K2oyuZ\/LGPJ7bvB2TN+Z9O+cP1n+\/YQT\/Yk1Kh363qF13\/O2te3er8j\/qNuH0n40dx7aHt+B3e6cxeWNeLGIA1V0Br0RewCZlI4DqroagoLJu6FuH2d3HxG6FVx5\/XkgrXf+PjwKzrx088Plfsf73d4I2oyeg5EUk8WM1oVHVfttJja7rbY1Wkp2fZ2emhcZjJBrF6fExAMuJB7uZuWwWqfSg7aCLFgXkyfB6RcGZ8TFxTCd20JWKRVEfzs5MY2piUsirkG3mHSGUBLRfVTGXnRXf09ZbcuBZDbabrVvtiPRvpRx29llRKZddTfYpCXSzUDLD3fE45mpbmTVNg6IoSKXT0vNcdrrLCdFOj49BOaFA0zSoqiqi0OVkVM1C0htW0j50Dack3IB1smRFUYRDxarukISK7NyXJWeob5GR6yE9+1g8LvRR6T5Xr7m8MEfPWam141MnThocXmb76HNd16GZNGrl8\/Uq1Xu3vPDp1I6GR0dw7MhRw\/0yL+wuFAqIxeM4OzMtHAFUr\/fv3dew73CK4pd\/5yf5XF5EOVP\/CkDsBAOqmuRWuOlTmilbM\/2En31lM8j9D7UXczmd7oUfUfZWfYkXKLHyUOawGMPQ4qNVmaxtqH9\/piQZC\/n+y05y+fN2OYLI6W\/e1ZJKp6U+oFRnvzmowOn8kWgUL4+OiPeInLfAz8Ue6oeqizIRwwIZaZED9WMjO5bHL925IMUwQUNO\/Vg8Lt6PoXAYv7l8CVMTk7bSPLF4vDp2rfUxuq47\/n4lQu\/k6ng20lW5XNxy6sRJsaPyo88+7bkydNp+1vQPEJb1ccfE9Twmrucb\/9ADqdBTQjbIjm\/86z9j28NbXDvlF5duYM\/m7Xhu83ZMXM8LZzlQjaR\/beeLIiGx1bFB7WQAIGR9UqGnsGfzdpHDgLh+8+NA7WsHD\/0bJ+\/1Akn8pNKDlpNXJ5mRUrHY9gVkcn6SxuNpjNV93+3IUkpWyIsCVsnuzdtW22nnXHZWDLLN0io0gJahwbXsPDVj58hqpm7Jev5+3pNWymGGHNNW7N+7z5UzTE4C3QxUHrs6BVSfp3kxydzezPgRdEHSG3YLWW4chlbfy\/JTVnWjX1WFhIrs9CdS6XTd4Fyuh5VyWTyT4dERgz6q1QLGsnxafT03J6AkOxRFsaw\/butNt2J2QNqh67rl\/TIndJ7P5UXC1sV3rxm+G8octowClKPQ7WyQF2u8aN+7QdYiJtkCmbls1tbh2ahPIScr4K1szfQTfvaVzWBM3Fv\/fMghDFjLrQwkE8L53azT36ov8YKcU8n8bN3eu0bvT7PsUSQaxbkL58X9o3dpOyiXKxgA6qQC5QS7Vu8Xu10qZuays2IBwWqc4meQhLww4nTP3T43q51hDMPUQ87r4dER0d6HR0cwmB7Ezw4cNOScOT0+ZngfLRQKjrsBVipy7q1eiu6XkcclvUin7WddmYD46pEH8JdHvxW0GUwD9mzZIf692CCJ7lVpZ8CGvnW4de8unpz\/ecMFi8WlG\/jppdHWjW2Rl6792jJnwq17dzG4cDoAi9rH+t\/fwQOffxW0GT3FbG2iQlIJ3UapWMRxGw1GOUlRt+O0OKHrOvbv3WfpqFwoFDq6u21qYsJywmxn4\/69+xyfwXwu13RiSivapeff6XK4oZUFLZrw2C2M2D1Pp\/Z2\/MhRX+47SbyYHd+t0olcDz+zuae\/PHGy7vNTJ05aOnbmc7meduA3C5XZKcK1Ui7XtcNKuVznWF0oFCz7qSVNs2035GRvtGDYzmj\/Q5KjwnzNVtp7s2Vrpp\/ohr6S5G+s7qWmLYl\/d6tjlSQYzFTK5ZZlpUgbW2YuOyueIS3W0G6rdkC5WnabFrb8QtM02\/eUVV\/c6rWcdg8B7t+NsoTTanwHMEwznDpxErt27DTkQLt4+RKGR0eQSCax+O410a7onbUaHf5ANXjl4uVLuPrutY7KkvrJ2ZlpnLtwvi6go1fotP2Okf5DmYxlNMdqxO9I1f\/cxVH+Zl6vvI2rSzccZXRkXn3\/DQDAZ3f+aPicjrfSyKdruOUz\/Qu8+v4brvT23\/zkPRHdT07\/W\/fu4qVrv8bkjXns2bwdW6WdA1TWRosJfkLltyrPrXt38Q\/nDyCzLYEnagsXb33yHuYqb6+oJL5r7t3Ht3+7sqL8yYHhVt91PpdHqViq+72TM6FSLovv10ur0lUnRGP77KDj3U5snGzM17bhx+IxhMLh2pb6vO25GzlP7O6T+Xir7+2eSaPy0iS1X1Utz1spl\/E\/nn4GA8kkItFIbXfAQpPSAc62NKpXx44cxUJhAbF4TETVz2VnLaMiaRtuKBxGLB43RLEtFBYsbWilbjWr5+\/kDASaK4cZN047uVyN6mE+l3MViWl3noVCAaUdRVEecvKUiiXH7c75XA7lchmJZMJVe7PC7l6oNUkQoDmHnNM9pmfspd43qovme0rtNJUebHhvaPJZzZsSc2zTjeqOH\/mnvL5P3OLUX8pQtHGj5378yFFU0hVEohGUiiVbJ+ixI0drEiHVur1QWHCs11qt\/I2uP5edRaVcaUvOLy91AvDWpzRbNq\/9hB99JeB9jCAzNTGJflW1PPZKoeCYo8iqv\/Rqi5e2ZPcMFwoF7N+7D4lkwlX9NdtqZ5dVXdI0rW58MZedFdH+rdwLK+RcRXJ+GLr3TmUzl8fuPtO4kO6f0zjF7TntqJTLePbpZ0R9X95VU7KVibJ67rRLgKQ1GYZxh6ZpeLbWh5Hclrwzk8ZinQ7O6UZ61dkv046gi07SSfu\/seUHm94BsMvqS3b6L+On0\/\/O36\/Hlz\/5ri\/nYhjGG9\/+tz\/joRXm9GcYxsjVd6+hX1Xx2I+28qSZYXqIi5cvIRQOW7ZdWXqkUznHGIZpH5Q4mtv0MjR+OX7kaFMBHQzDQOQZI8fqfC5nm4y+G+gVB7bdTkFZGrHbsVqs7nX7G7DImv4d5n7fGtbyZ5iAWKt\/jQf\/\/XbQZjAM00bapefPMEx7kXXkue0yzMpnPpcTjjlzAuHVCCXxbjb5M8MwVaoLiUWk0mnc0fWub0+93ve5ybPVzfS6\/Y1wdPovadqKLrwX\/FoVvP2PD+J+H6dSYJgg+PZv\/4w19+4HbQbDMG2EtXAZpveIRKNIJBMAuO0yzGqBJISGMoehqiq8CfKtPFS1H0BruXoYhlmm1fwnDLMScHT653O5rl8V6zX+y0d\/wTc\/\/2vQZjDMqoST9zLMyoc0uXsleTPDMMC5C+fFv73m4mAYpneZy2ahKOvZ54BqMlIAfC8YhmEY32B5nw7T9+XfgjaBYRiGYVYspWKRI4UZpkepJnrlBTuGWS3oui6c3Qz4XjAMwzC+wk5\/hmEYhmEYhmECY6FQQKVccdyKv1TbxbOkaR20jGEYhmEYhmF6k29s+cGmdwDsCtoQhmEYhmEYhmEYhmEYhmEYhmFaYpEzyjIMwzAMwzAMwzAMwzAMwzDMCuH\/A5TwZ7dEDQbmAAAAAElFTkSuQmCC\" alt=\"Markalama G\u00f6rseli\" title=\"\"><\/p>\n<\/div>\n<div>\n<table style=\"width: 100%;\" cellspacing=\"0\" cellpadding=\"0\">\n<tbody>\n<tr>\n<td style=\"width: 120px; font-weight: bold;\">Norme<\/td>\n<td style=\"width: 400px; text-align: left;\">TS-EN 1947:2002-1<br \/>\nCAT.l\/TYPE A\/CLASSE 1<br \/>\nISO 1307<\/td>\n<td style=\"width: 120px; font-weight: bold;\">Couleur<\/td>\n<td style=\"width: 400px;\">\n<div class=\"color-icons\"><img decoding=\"async\" src=\"data:image\/svg+xml;base64,PHN2ZyB2aWV3Qm94PSIwIDAgMTAwIDEwMCIgeG1sbnM9Imh0dHA6Ly93d3cudzMub3JnLzIwMDAvc3ZnIj4KICA8Y2lyY2xlIGN4PSI1MCIgY3k9IjUwIiByPSI0OSIgZmlsbD0iIzAwMDAwMCIgc3Ryb2tlPSJibGFjayIgc3Ryb2tlLXdpZHRoPSIwLjUiLz4KICA8Y2lyY2xlIGN4PSI1MCIgY3k9IjUwIiByPSIzOCIgZmlsbD0id2hpdGUiIHN0cm9rZT0iYmxhY2siIHN0cm9rZS13aWR0aD0iMC41Ii8+CiAgPGNpcmNsZSBjeD0iNTAiIGN5PSI1MCIgcj0iMzMiIGZpbGw9IiMwMDAwMDAiIHN0cm9rZT0iYmxhY2siIHN0cm9rZS13aWR0aD0iMC41Ii8+CiAgPGNpcmNsZSBjeD0iNTAiIGN5PSI1MCIgcj0iMjIiIGZpbGw9IndoaXRlIiBzdHJva2U9ImJsYWNrIiBzdHJva2Utd2lkdGg9IjAuNSIvPgo8L3N2Zz4=\" alt=\"\" title=\"\"><\/div>\n<\/td>\n<\/tr>\n<\/tbody>\n<\/table>\n<\/div>\n<\/div>\n<\/div>","protected":false},"excerpt":{"rendered":"<p>&nbsp; \u00dcr\u00fcn Ad\u0131: MILAS-15 \u00dcr\u00fcn Kodu: FF581 Yang\u0131n S\u00f6nd\u00fcrme Hortumu EN 1947:2002-1 \/ CAT.I TYPE A-CLASS 1 Kullanim Alan\u0131 : Yang\u0131n S\u00f6nd\u00fcrme Ara\u00e7lar\u0131 \u0130\u00e7in. Alt Katman : Do\u011fal ve Sentetik Kau\u00e7uk. Takviye Katman\u0131 : Y\u00fcksek Mukavemetli Sentetik Tekstil. \u00dcst Katman : Alev, A\u015f\u0131nma, Hava Ko\u015fullar\u0131 ve Ozon Dayan\u0131kl\u0131 Sentetik Kau\u00e7uk. -25\u00b0C \/ + 70\u00b0C -13\u00b0F [&#8230;]\n","protected":false},"featured_media":22193,"comment_status":"open","ping_status":"closed","template":"","meta":{"jetpack_post_was_ever_published":false},"product_brand":[],"product_cat":[2354],"product_tag":[],"class_list":{"0":"post-21273","1":"product","2":"type-product","3":"status-publish","4":"has-post-thumbnail","6":"product_cat-sel_yangin_hortumlari","8":"first","9":"instock","10":"taxable","11":"shipping-taxable","12":"product-type-simple"},"jetpack-related-posts":[],"jetpack_sharing_enabled":true,"jetpack_likes_enabled":true,"_links":{"self":[{"href":"https:\/\/tuzlahortum.com.tr\/fr\/wp-json\/wp\/v2\/product\/21273","targetHints":{"allow":["GET"]}}],"collection":[{"href":"https:\/\/tuzlahortum.com.tr\/fr\/wp-json\/wp\/v2\/product"}],"about":[{"href":"https:\/\/tuzlahortum.com.tr\/fr\/wp-json\/wp\/v2\/types\/product"}],"replies":[{"embeddable":true,"href":"https:\/\/tuzlahortum.com.tr\/fr\/wp-json\/wp\/v2\/comments?post=21273"}],"wp:featuredmedia":[{"embeddable":true,"href":"https:\/\/tuzlahortum.com.tr\/fr\/wp-json\/wp\/v2\/media\/22193"}],"wp:attachment":[{"href":"https:\/\/tuzlahortum.com.tr\/fr\/wp-json\/wp\/v2\/media?parent=21273"}],"wp:term":[{"taxonomy":"product_brand","embeddable":true,"href":"https:\/\/tuzlahortum.com.tr\/fr\/wp-json\/wp\/v2\/product_brand?post=21273"},{"taxonomy":"product_cat","embeddable":true,"href":"https:\/\/tuzlahortum.com.tr\/fr\/wp-json\/wp\/v2\/product_cat?post=21273"},{"taxonomy":"product_tag","embeddable":true,"href":"https:\/\/tuzlahortum.com.tr\/fr\/wp-json\/wp\/v2\/product_tag?post=21273"}],"curies":[{"name":"wp","href":"https:\/\/api.w.org\/{rel}","templated":true}]}}