{"id":21270,"date":"2025-08-11T10:42:53","date_gmt":"2025-08-11T07:42:53","guid":{"rendered":"https:\/\/tuzlahortum.com.tr\/urun\/ghost\/"},"modified":"2025-08-20T16:05:56","modified_gmt":"2025-08-20T13:05:56","slug":"ghost","status":"publish","type":"product","link":"https:\/\/tuzlahortum.com.tr\/fr\/produit\/ghost\/","title":{"rendered":"FANT\u00d4ME"},"content":{"rendered":"<p>&nbsp;<\/p>\n<div class=\"report-container\">\n<div class=\"report-header\">\n<div class=\"standard-text\">Nom du produit : GHOST<\/div>\n<div class=\"standard-text\">Code produit : FE586<\/div>\n<\/div>\n<div class=\"product-image-container\">\n<div class=\"key-feature\">Extincteur<\/div>\n<\/div>\n<div class=\"horizontal-line\"><\/div>\n<div class=\"product-details\">\n<div class=\"detail-row\">\n<div class=\"detail-label\">Domaine d&#039;utilisation<\/div>\n<div class=\"detail-value\">: Pour les extincteurs.<\/div>\n<\/div>\n<div class=\"detail-row\">\n<div class=\"detail-label\">Substrat<\/div>\n<div class=\"detail-value\">: Caoutchouc synth\u00e9tique sp\u00e9cial.<\/div>\n<\/div>\n<div class=\"detail-row\">\n<div class=\"detail-label\">Couche de renforcement<\/div>\n<div class=\"detail-value\">: Textiles synth\u00e9tiques \u00e0 haute r\u00e9sistance.<\/div>\n<\/div>\n<div class=\"detail-row\">\n<div class=\"detail-label\">Couche sup\u00e9rieure<\/div>\n<div class=\"detail-value\">: Caoutchouc synth\u00e9tique sp\u00e9cial r\u00e9sistant \u00e0 l'oxyg\u00e8ne, \u00e0 l'abrasion et aux intemp\u00e9ries.<\/div>\n<\/div>\n<\/div>\n<div class=\"datasheet_table\"><img decoding=\"async\" class=\"alignnone size-full\" src=\"https:\/\/tuzlahortum.com.tr\/wp-content\/uploads\/2025\/08\/datasheet189.svg\" alt=\"\" title=\"\"><\/div>\n<div class=\"table-notes\"><\/div>\n<div class=\"horizontal-line\"><\/div>\n<div class=\"footer\">\n<div class=\"standards-section\">\n<div class=\"standard-item\" style=\"margin-top: 9px;\"><\/div>\n<div class=\"standard-info\"><\/div>\n<\/div>\n<div class=\"temperature-section\">\n<div class=\"temp-icon\"><img decoding=\"async\" src=\"data:image\/svg+xml;base64,PD94bWwgdmVyc2lvbj0iMS4wIiBlbmNvZGluZz0iVVRGLTgiPz4KPHN2ZyBpZD0ia2F0bWFuXzIiIGRhdGEtbmFtZT0ia2F0bWFuIDIiIHhtbG5zPSJodHRwOi8vd3d3LnczLm9yZy8yMDAwL3N2ZyIgdmlld0JveD0iMCAwIDcyLjI3IDE2Ljk4Ij4KICA8ZGVmcz4KICAgIDxzdHlsZT4KICAgICAgLmNscy0xIHsKICAgICAgICBzdHJva2Utd2lkdGg6IC41OXB4OwogICAgICB9CgogICAgICAuY2xzLTEsIC5jbHMtMiwgLmNscy0zLCAuY2xzLTQgewogICAgICAgIGZpbGw6IG5vbmU7CiAgICAgICAgc3Ryb2tlLW1pdGVybGltaXQ6IDMuODY7CiAgICAgIH0KCiAgICAgIC5jbHMtMSwgLmNscy0zLCAuY2xzLTQgewogICAgICAgIHN0cm9rZTogI2E3YTlhYjsKICAgICAgfQoKICAgICAgLmNscy01IHsKICAgICAgICBmaWxsOiAjYTdhOWFiOwogICAgICB9CgogICAgICAuY2xzLTIgewogICAgICAgIHN0cm9rZTogI2ZmZjsKICAgICAgfQoKICAgICAgLmNscy0zIHsKICAgICAgICBzdHJva2Utd2lkdGg6IDIuMDZweDsKICAgICAgfQoKICAgICAgLmNscy00IHsKICAgICAgICBzdHJva2Utd2lkdGg6IC4ycHg7CiAgICAgIH0KICAgIDwvc3R5bGU+CiAgPC9kZWZzPgogIDxnIGlkPSJrYXRtYW5fMSIgZGF0YS1uYW1lPSJrYXRtYW4gMSI+CiAgICA8Zz4KICAgICAgPHBhdGggY2xhc3M9ImNscy0zIiBkPSJNMTEuMzQsMTEuNTdjLS45NCwxLjcxLTIuNzEsMi42Ni00LjgsMi42Ni0zLjA1LDAtNS41MS0yLjQ3LTUuNTEtNS41MlMzLjUsMy4xOSw2LjU1LDMuMTljMS45NCwwLDMuNjUsMSw0LjYzLDIuNTIiLz4KICAgICAgPGNpcmNsZSBjbGFzcz0iY2xzLTUiIGN4PSI2LjU1IiBjeT0iOC42NiIgcj0iMi40Ii8+CiAgICAgIDxjaXJjbGUgY2xhc3M9ImNscy0yIiBjeD0iNi41NSIgY3k9IjguNjYiIHI9IjIuNCIvPgogICAgICA8bGluZSBjbGFzcz0iY2xzLTMiIHgxPSI2OC4zNCIgeTE9IjExLjc2IiB4Mj0iOS45MiIgeTI9IjExLjc2Ii8+CiAgICAgIDxsaW5lIGNsYXNzPSJjbHMtMyIgeDE9IjY4Ljc4IiB5MT0iNS41MSIgeDI9IjkuNzMiIHkyPSI1LjUxIi8+CiAgICAgIDxsaW5lIGNsYXNzPSJjbHMtMyIgeDE9IjU0LjA3IiB5MT0iOC43NSIgeDI9IjguNjQiIHkyPSI4Ljc1Ii8+CiAgICAgIDxwYXRoIGNsYXNzPSJjbHMtMyIgZD0iTTY4LjE1LDUuNTVjMS43MSwwLDMuMDksMS4zOSwzLjA5LDMuMDlzLTEuOTIsMy4wNi0zLjYyLDMuMDYiLz4KICAgICAgPHBhdGggY2xhc3M9ImNscy01IiBkPSJNNTMuOTEsOC43NWMwLS4xNC4xMi0uMjYuMjYtLjI2cy4yNy4xMi4yNy4yNi0uMTIuMjctLjI3LjI3LS4yNi0uMTItLjI2LS4yN1oiLz4KICAgICAgPHBhdGggY2xhc3M9ImNscy0zIiBkPSJNNTMuOTEsOC43NWMwLS4xNC4xMi0uMjYuMjYtLjI2cy4yNy4xMi4yNy4yNi0uMTIuMjctLjI3LjI3LS4yNi0uMTItLjI2LS4yN1oiLz4KICAgICAgPGxpbmUgY2xhc3M9ImNscy0xIiB4MT0iMzYuNDMiIHkxPSIxNi45OCIgeDI9IjM2LjQzIiB5Mj0iMTQuMjQiLz4KICAgICAgPGxpbmUgY2xhc3M9ImNscy0xIiB4MT0iMjguMDUiIHkxPSIxNi45OCIgeDI9IjI4LjA1IiB5Mj0iMTQuMjQiLz4KICAgICAgPGxpbmUgY2xhc3M9ImNscy0xIiB4MT0iMTkuNTkiIHkxPSIxNi45OCIgeDI9IjE5LjU5IiB5Mj0iMTQuMjQiLz4KICAgICAgPGxpbmUgY2xhc3M9ImNscy0xIiB4MT0iNDEuNTciIHkxPSIyLjc0IiB4Mj0iNDEuNTciLz4KICAgICAgPGxpbmUgY2xhc3M9ImNscy0xIiB4MT0iMzMuMjgiIHkxPSIyLjc0IiB4Mj0iMzMuMjgiLz4KICAgICAgPGxpbmUgY2xhc3M9ImNscy0xIiB4MT0iMjQuOTkiIHkxPSIyLjc0IiB4Mj0iMjQuOTkiLz4KICAgICAgPGxpbmUgY2xhc3M9ImNscy0xIiB4MT0iMTYuMDgiIHkxPSIyLjc0IiB4Mj0iMTYuMDgiLz4KICAgICAgPGxpbmUgY2xhc3M9ImNscy0xIiB4MT0iNDQuNjMiIHkxPSIxNi45OCIgeDI9IjQ0LjYzIiB5Mj0iMTQuMjQiLz4KICAgICAgPGxpbmUgY2xhc3M9ImNscy0xIiB4MT0iNDkuNDkiIHkxPSIyLjc0IiB4Mj0iNDkuNDkiLz4KICAgICAgPGxpbmUgY2xhc3M9ImNscy00IiB4MT0iNDAuODgiIHkxPSIxNi45OCIgeDI9IjQwLjg4IiB5Mj0iMTQuMjQiLz4KICAgICAgPGxpbmUgY2xhc3M9ImNscy00IiB4MT0iMzIuMzMiIHkxPSIxNi45OCIgeDI9IjMyLjMzIiB5Mj0iMTQuMjQiLz4KICAgICAgPGxpbmUgY2xhc3M9ImNscy00IiB4MT0iMjMuNzkiIHkxPSIxNi45OCIgeDI9IjIzLjc5IiB5Mj0iMTQuMjQiLz4KICAgICAgPGxpbmUgY2xhc3M9ImNscy00IiB4MT0iMjAuNTkiIHkxPSIyLjc0IiB4Mj0iMjAuNTkiLz4KICAgICAgPGxpbmUgY2xhc3M9ImNscy00IiB4MT0iMjkuMTMiIHkxPSIyLjc0IiB4Mj0iMjkuMTMiLz4KICAgICAgPGxpbmUgY2xhc3M9ImNscy00IiB4MT0iMzcuMTYiIHkxPSIyLjc0IiB4Mj0iMzcuMTYiLz4KICAgICAgPGxpbmUgY2xhc3M9ImNscy00IiB4MT0iNDUuNzEiIHkxPSIyLjc0IiB4Mj0iNDUuNzEiLz4KICAgIDwvZz4KICA8L2c+Cjwvc3ZnPg==\" alt=\"S\u0131cakl\u0131k\" width=\"100\" title=\"\"><\/div>\n<div class=\"temp-values\">\n<div>-40\u00b0C \/ +120\u00b0C<\/div>\n<div>-40\u00b0F \/ +248\u00b0F<\/div>\n<\/div>\n<\/div>\n<div class=\"marking-section\">\n<div class=\"detail-row\">\n<div class=\"detail-label\">Image de marque<\/div>\n<div class=\"detail-value\">: Gaufrage ou jet d'encre<\/div>\n<\/div>\n<p><img decoding=\"async\" class=\"marking-image\" src=\"data:image\/png;base64,iVBORw0KGgoAAAANSUhEUgAABf0AAAAsCAYAAADfABI0AAAACXBIWXMAACE3AAAhNwEzWJ96AAAbAElEQVR4nO3dP3Ab150H8G9yab2TuZY7E2eSBihuJhVQSJELA4U1voLYQho1JArJLkKikKxCIudM0oVMFiQbmSpAXsEhiwWK89gFoJmzTyoWTeKkWDTJJcWiylXrKlWuwP4eHxb7D+CCBKHvZ4YzNoU\/u2\/fWxC\/93u\/95Nf\/eL9\/wYREREREREREREREd10\/\/kzAB9c91EQEREREREREREREdGlff\/T6z4CIiIiIiIiIiIiIiLKB4P+REREREREREREREQLgkF\/IiIiIiIiIiIiIqIFwaA\/EREREREREREREdGCYNCfiIiIiIiIiIiIiGhBMOhPRERERERERERERLQgGPQnIiIiIiIiIiIiIloQP7vMk0vlcl7HEanvugCAQrEIABh4HjzPm+l7EhHRu8kwDPi+f92HMbcu0z5s23cT+0y0RT43IiIiIiKaD1MH\/b\/+9hsVjJ+VB\/fuAwBOz88AAIf7Bzjc35\/pexIR0bvHNE3817ff4IutbbRs+7oPZ+4YhoHT8zP0HAc7W9sTP\/\/0\/Ax918Vnj5\/M4OhoHtUsC882N\/DvH92dOGGjUq3ixd4uHty7rxJAFkWhWMTp+RmePn6Cbqdz3YdDREREREQLauqg\/6wD\/lfFMAwsWxZK5RIMw0DfdXHSPI79glqzLCyZJtq2HfkY0zSxbFkAEDtBUSqXUalWUCgW4fs+ek4PbdtOzfqqBce5ZJoAoJ4nx6G\/d5qe46DnOLHnl2TgeSooFtceSa8z8Dx0O53I883y\/kB82wLAWqOR+nw5B3m\/vuvGfvmW1+u7buZ+L+1bKpdRKpfH2jvu9zp5jN7eYXqfGD6uFft60\/Zd+X3ccYTHUFqflvZMGh9R5y2\/T6OfX9JzfN\/H604nUzAqj3EvjymVSwDGx2\/SeyeN+6jjTJM2eTpJvxJZ+nT4OMPnkXS9ku4beXixtwvDMLBSXx3pd9N8RnxYraix8LrTzTSJMO09MyxtfIUfFyXqflgoFtVPt9NNvcbh9yoUi1gyTZjmAVfsvSOWrRoMw1DB+6zkOYZhoGbV4PtVAPF\/twzHbR3Axf1\/kr8D4sxqLFWqVXWOvVsOM\/6JiIiIiGgmfvKrX7z\/z2me+Oe\/\/RWAfKHpZnrOJEECeW3JiALyz\/SX1zYMY+zfnj5+Evll8PT8DKVyGQ\/u3Y88n1K5rI731+\/\/cuzfv9zbjQzMDzwPnzx8FJnRVigW8dWro9iAUNu2sbO1PdJWaeLaUs4vSc9xRlZhRLVH2uv4vh+ZwZfl\/YHothXSN5PIOdQsCy\/2duH7Pj64dXvsy\/dKvY7nmxsYeB52trbx8tVR6msDF+271mhgrbE+1t7y+4Hn4eOP7sYGx9ca6yPtLSTrNmoSom3bkdm00\/Zd+X3UcUgmZ9QY8n0fJ83jsX4m1yfuGsadt\/w+jX5+WZ4TN9Z1lx330s\/CfN+PzSzPOu71vpPH+Im7R500m4kZ3tLWfdfFxx\/djX2cYRj4\/Z\/+CABj7Zl2veLuG5elX78Pbt1WQemkcfbpw0djwby4FXBxY1KX5Z6ZtgqhUq2qe9THH91NbKe0+2TfdfHg3v2R\/vV8cwMr9XrkvSCOYRj47u0bGIaRaazR4pDVM4ZhxN47o+ifj3du3Vb3pLh+p39O37l1G8BkfwdEmfVYknsFV7ASEREREdGMfH6pmv4A0O10M39hyZqFKgYzzAY0TXMk4N9zhtlWpXJZZWD5vp\/r0uvnmxsqmKbvT1Aql7Fkmvjq1VFkAFgP\/HU7HfTdPgzjPVSqVSwF2cMtuxVkWI9+qZYgUt91R143rW3Djw\/\/W1ZRryNt\/NWrI\/UFfZL3zyopwCDn0LJtLFs1lMplrDXWR4KahmGoAOTh\/jA7Na\/2FUumiZV6feIv\/Xogsu+68DwPxSCTdtmy4Pv+VCU4JmGapgpkX2TND2CaS\/gwyGRcqa\/ipNnMNZMxbW+PqPeKek6hWLzItnScmWUfS5kKOTZ9rxJ5f9d1x8ZV1nEf1c+nHT81y1L3qGFWbQ81q6b6actupY5\/yQaPe1yW1UhJ1+v0\/GyqciFJwuNcPN\/cUONMVq4sW5a6bt1\/u\/h8WKnX1WPlepXKJZTK5cRrFZZ0z3y2uZHYVyvVivrvmlXDzlb6vTp8TIZhqGv4fHNjZLLicP8gWPVwsaojzUq9DsMw0HMcBvzfMZ7n4aR5jLXGOtYa63hwL72\/yOcGANX39H4XdW9ZDR5\/3Dwee70sfwdEmfVY2tnaxun52Uw+I4mIiIiIiIBLbuQ7KQmuZjXpyoBJrDXWVfkFPXNUz+x8vrmRW9DfDIJmwHjWZ6lcxssgwBcOAMtESVSG687W9khABcBY1ppkoO1sbU\/UnpM+fpLXKRSL+Prbb7BkmqhZVmQgKI\/3z5qJerh\/gNPzMlbq9ZGyHdK2egmAvNpXt1JfzVTmRdQsSwUXw5mzkhEZPpdZkEBpVBajYWwH2fq93IMZLbs18SRJ1HMMw1D9cK2xPrNa4883NwCMt5Npmnj56kjda\/S+Nem4D5u2P0qwTb9HnTSbqp0q1WqmSb\/V+mpse0qALknc9ZKM8ZX6am6TWqZpqs+ldkRZH2B0nLXsFr4Ospf1wLcECcMrIl6+OkKlWkXNqmW6JnH3TJmk\/rBaxUmzGfncD6tV9d+VajVTGyVlTi9b1shEiO\/7aNs2Vur1zOdTs2oAgLbdSn0sLZ6TZhNrjXWUymWYppn6mSSlbwbaJLvneWjbNpYta+zeot8r2xF\/S0xSVkg367HUcxy1mrVSrXJCjIiIiIiIcvfTy76AYbyXx3FcOflC98XW9kgQy\/d9fPrwEYBhFvYkkxRZ3m\/geWPBsJ7j4CTIUNOzy+QYAOB1pxMZbDtpNm\/c0vC+66ov85Os\/JiVnuOoyR0JZEdlG86KvqIgiw+DPtK27bFAwWePn6hVBln3d5iWXLuT5vFYYF9WGszzJoW+76MVBCJn1Q+ljjkwLAejt5MXlIwCLjK5xXWNe5lMamkB2mlWPMlKjzBZ1TQN3\/dxuH8wcpx5kHtzN7S\/g\/4e+jjrR6zK0B8fLnf3Ovj\/y\/SxvuvidXANotoVuAiWdoM+s2SaU7eTPqkQPm7pG3pQNI70\/+FYY1DzXaTfP7L0Gfl8C2ftS79btiyYWp9cDiaVoj6HpnX1Y2n07z4iIiIiIqI8XDrov1Kv489\/+2viTyXii96v3\/9l6s+sMv0Nwxgp6xPmeR4e3LuPB\/fu51ZiqFgsAEBs8EyOI+6LpecNcjmOeTMvk0ZfBMFXCSjomdSzXHEi\/WFZy95PIwGPntOL\/PdPHj7Cg3v3ryzgvgibcsYFUi+rGCrBFKb3rajrf9XjPu7eO2nAyzCMyPu+ZH1PSy+NpDNNE883N3B6fqZ+ahknvfSNlXU9x1HtERbVHnF9KK\/xkdYXZMK45\/TUxMNl2xsYP6++62LgeWqlQxL591neQ+lCzbJU3y8Ui3j56gin52dqRZFYazTUOInbhFb+PenxSe+hk4mvcFJDlLg+o38Wy4R2oVhUj49b\/TKNqxpLMpEXda8kIiIiIiK6rCsp77NSXx0LQGbJoM97s0ahfzGNC8jkHaSQDC\/f\/3Gq59es2kLVfZUvv9O2R96GtYebWKnXVaklACqzeFb6bh8\/BnXCwyVe4kj\/jeu7sxo3cVbqqzc2qCeTTrMaVxfjfrrXn4dxrwd3s\/QtKVmxUl8dye6Wcjm+72PgeVNlzsqE1yCUkR+1Ifuw7nwpdaWOvGbWcaMH6K5yrEkgMm4iWrKoX3c6eC9YPZS1LEmY3pZRfc\/Vsp+Txr5pLgEY3udo9mR14sDzxjZYl43IV+urI6vAhmV3lsbGiYx52bw5\/Pjj5vHYuJP3CI8LN2ayLkxPyIgaWxel+FZxuL+vSoXJfht5uaqx5HkefN9Xtf+v+rObiIiIiIgW29RB\/08fPkr9AicbQEaRDLIk09ZiXSTdTgdrjXUsmSa+e\/sGbdtGt9O9sUFWYHTDy3k6D9ksUN+48yqOb2drGx9WqyiVy6hUq3NdEkfX7XTVMX\/\/9g2Om8eqTvFNIBusAvGrJq7LPI17KT018LxMfbPb6Y5sYCn9Qdr6daczdakbKeWh97GB56n\/b9steJ6nNuZetiwcN48T++Sk9yJpj7wDjeHjEcPJkppqy6gyOVKORF9RMvA8FZifZEwahqH2odA3ntb13b56zyznMk\/3+XfBsmWpjbgN4z21cu2rV0d4zzCCicQfUalWUCgWE8fJsmVFPr5ULgel+kbfY62xrkokCn3PpCRp\/aXnOKpfr9Tr6p6S5+T81Y8ld6y8GxERERERUR6mDvp3O53UAFCpXJqLmu1ZPd\/cGAu4tO1WZJAly6RFHvquqzLQh3Xm6yrrbvhvxzOplRx3fof7BxPVEk9qp6TSOXHP6zlO5skg2WQ3LO4cfN\/HSfNYBfVmneUf9b7Tbh5dsywVEBV9181ts9MoJ80makEwcikoryK6nQ5OgkmAOHHXJ81aYz12D4SoUixpzxm2f7bSEDdl3OcxfoDhxIi87yR9qWW3sNZYH9l0U7Jyj5vHI30l+n1LY2VHCsWCyj4O7zkQPqee48A0l7BsWZk3H85irdFAoVgc2V8gb3Ft07bt2GsgqwD0\/QS6nY7acHdnK\/78k8ZhWp30eSnPdtOdnp+l3q\/l75Ms43cQlCgUnjfA880NLJnmyKbU+ibdEsQP+2JrO\/LxACLfI20Vp2EYl5osO9w\/wIu9XTVO2radWEJr0r8Drm8sMehPRERERET5unRN\/2lJzfykn6vOGJb6sPrPPExa7Gxtqxrt+pfGQrGIF3u7VxaIzFO30xnLBpwHhWDvheF\/57dZaJrD\/X2VTRhXYzmJBG30n6s4\/o8\/uounj5+MBfcr1Wpiveh50XddPLh3fy7LZl33uDcMA1\/u7QLINsmrawdBQtnQV+6lcZvghkmmvv4jZXWyrsDJez+EQrE4MiE4q70sZKNz+dFXSsTV\/tY3IxayemXaeuFZJniv8h65yLLcr\/X69WnCY7WtTRDqY0ffZDcu6Ky\/lv748BiU98iazT+tlm2PlLjSJwDzwLFERERERESL4kpq+keZx+X+bbulvtyVyqXEL9g7W9uRwatCsZiaxToNPSveDAK8y1ZNBXhX6vVcN7KLO79JNzbWX6dSrWClXofv+3j6+ElioDXu\/ScJzsZlRMadg5SqEdNm3U9rZ2sbL18dYaW+OvG17DkODoOYgmQ4X5WWbatMUAlMrdZXgwmMdXQ7nchrGXd9alYt8fjbtj1xoEd\/jmmaeBEEs+P6WZybMu7zGD9SXsj3fbXRdVZeUAqoUq2iUq2qzXKnDdBJaYy4lVelcnmsnJyZ84StTIDIKoxZ2dnajtxI+fT8DC\/2duF53si\/SzkSvcwRADVZlFaWRB+Ha411lMrl4H6SfUUXTa5mWXAjJsEqWtBZyr6EP4fkPhvXD8N75ejjPjxZlbavTvieIY8PT6pd5cSprCSSCbIkk\/wdwLFERERERESLJFPQP6p0SBZJmUtZslTDS91rVk0Fj5LEBYbS6M+RAE+cLF82Z8XzPHhBoPXlq6MgsFbJNRCV1\/npr9N3XSxbltrQM+l483j\/SZ+vZ\/FKADHvyZQk3U4HPcdBqVzG882NiTKV9eDwcLxeXdBfJ5ncbdtWZSDiyqvEXZ+0bFbPG0x8bfXn9AAVOJ90E+KbMu4ve5x6WZ9ps9rbdguVahUr9dWRfTKymKSMWM2y1CTOrEhZHwCpGwPPgpR0Wmuso2bVQkH\/YTkS3\/fHVtb8GGwSmlSWRH+tw33g9PxipVDahNhN2b9j3hiGofqsBJ8LxSJ+\/6c\/qnry3U5HlfTRA+rfv32jJrdmta\/ELOXZZ7Kc+yT3QY4lIiIiIiJaJJmC\/lI6ZFpRGVVZXi+8THzJNDOV20nblFP\/ohhXXzbvsj7SBqa5lOvrnjSPp15yftX02vWrU2Szz1Il2EhX6rv3XRcvXx1hrbF+pYGVp4+f4Lu3b7BsWbEBUj8IPsSVUUjru4ViMTIQIq+XR\/DB932VjTmPDvcPcHo+XNlhmubMSrVcjPt87yezHPd6WZ+e40w9TrudDgaeNxLwn8U4ehassDhpNkfqcKetGAmL+ywIl\/W5ruDccMyuj41vKUciGydHqVSrmfZkkMlDWa2TNsGRliUuWK983NPHT9TkI3DRRrJpNzDsb5VqZaQfL5kmeo6Dds5lba5KlnvAdfWX6x1LN2vyhoiIiIiI5l+moP8gVE5gEj2np4JGkwZL5EvQpO+dVoJGP45KtTq2KsAwDPWFL68Aj+v2sYz4yQ7JMIt6v6SN7\/IOJs5a27ZV2ZCaZc1kE+JpPFeBw2NVt1i+sK\/U61e2PN\/zPLWBa1zAsu+6QSmiSmT5IVkNE+5LMi5K5VJkIFf6YNYAeNqGjHlPcOWp5zjaHgrrM8vedoNrsGSakZMLeuA+fL2ua9zrZX2eXrJd9ImfvGtvCwkQhgNxWSeq+66rgnxRnzV6WZ+k+4BMxoXlVas76nykHImUP4p7XlpZEl3bbgVlpKzYVR5yj8nyWSuZzldZKm3eDSdFh6t2Ts\/P1LUNr3CRvTQ8b6DG0aSbcc8DOb+sf5tdR3376xtL2dqGiIiIiIhoUpmC\/nrN7svIkh0VZRZfcNu2jWXLwrPNjbG6us83N9SXv7wCFa+DpfpLpokv93ZHgox6KY1wYGyt0UClWoms82wGAUvg5iwN9zxPtf1aY30ugv41y8KSaWIQBNyFZINLtv+sssHDDvcPVBmkKHogoef0RtqwZlkqiBDuS91OV20GGp5w0UsCvdaypZO8fHWk6r2H20aOD5jfvnm4f4AXe7uJAZnL6ruumlx4+epoZNNg0zTVZFN4s97rGvd5lPXRySTfZSaOs0qbhIojQX+pv62bpKyPBLjDJaNkMu0yQT3TNLFSXx17HXnt151O7PFJKaiksiS6ljYxGzchJm3ippYs6QO4mCSgUXK\/7nY6KAYrSsKfNTLeB54H13Uj79\/zLmt\/8X1f3S+jxuMsXcdYknbxff\/K\/r4gIiIiIqJ3R6agv5mxrM68SMrUEof7B\/gwyOz6+ttvRjbLlHM93D\/I7ZjCGdylchme542sKhgEAXGhB\/dOz89UvXTPG4xsNCxlc24KCWonZfs\/39xIDOBlmQhK2jei77rY2dqGYRiqPMjh\/sHIe+rL82eZDR7m+z4O9w9iN4Zt2baqk\/5ibxcr9VWVZSx9KWrzXH31Qtzz+q6bKZikTy5UqlX0HEe9n2T2yuvlneGbtrdH1s15swQ38yAbNBeKRXz39s1IOwn9XpPHuJ92\/Oh7mVSqFRUIEzJusvI8Dx9\/dBc\/zrB0hQQJX+ztom234Ps+TNNELeM+ND2nF0yGVUayrPXr4Pt+5HjU94+RybhKtao+U\/SxkHWlQ9S1i+srUo4kqaRdz+mpDZWzXrukCbFCsZiaEX3x3o46\/mknZRbZs+BaP338RG3W\/GxzA58+fDTyGGA46dR3XZTelvFsc+NGBf3lfp1WenH4GEeNxzyC\/ln+DgCuZyzJuL6ufWKIiIiIiGixZQr6S1b2TZFl+bvneXhw7z5Oz89gGMZY6YSTZjP3mvMSZJaAtz6RMvA8fPLw0UhQRI7xy71dtaQ8vOzd9318+vDRjcoS84Ks32E2eC0yeJHH8v4s5T1W6nUYhoGB50Ueh2T7L1sWjpvHV5a1ftJsYrW+GjvZJn03qk\/0HCe2LMunDx\/FPm\/geZkD3y3bxnuGgbXGuho\/4fbuu+5I8CovaXt7TFIPWsrPDCcAt2cSlOx2Onj6+Ale7O2O3WtkpYTer\/IY99OOH71dL7OPi27WY0YmVSQYJ7Jey26ngxfYRaFYHCnBpLdF1GcEMBogbNk2SuUSli1r7Jq1bTtzYC\/u2oVX1UjwXc4hjr7KLGtZkm6ng2f+hvq80idDVoMVB68zTOZ5nqdWUkSV0nvXffrwEcyglFbPcXC4fzC2l8vw\/tBX\/SdqZdU8M4PN3IFsfUZfkTbt6lBdlvvY9Y+lbKvriIiIiIiIJpEp6L+o+q6LD27dxrJloVgsBBvk9SKzpEXbbqHn9GJLNQw8L3GFwGePn6AVZISWyqWg7EUvNhjScxzcuXVbBVULxQIMwwiyf\/tjZUHC5FiylpZIO7+sj097nZ2tbRUI0DNA5XmXkWWFhhyXZNXHBeQkgC412cP9Iq19h4Gc8Uy+uN\/rPnn4CJVqNfK1fd\/Hxx\/dRc2yUCgWVABC+m+cqOel9UHp0+HjOGk20bZtlc2sZ3MmZfinXR9pm\/D7ye\/T6M9La2d9Ym\/JNOHPaNy3gqDvctDuw2PrxW5uO+24v+z4Sbs2SfeFLH1axLXnJK8hup2Ouo+XyiX4vo\/XnS48z8tUIsT3\/ZGSYzLxlXZN5Xh1nz1+gp7TQ6lcwlJwv+h2uhO1SZSB541dc8Mw1LhM+gzwPE9NOOsTYknnpmef669tmqYq23WccXXZSfMYL\/Z256ac2zzpOQ70Kx61Z4TneSO\/T2rDpPETd73jnjPp4+OeIwkjw70J0v+ukA3Ak1YCxn1GZDl+nTz\/OsaSlBWU\/R2IiIiIiIjy9pNf\/eL9f6Y9aBHL+xAREQHDz7jv3r4BMFxFw3Ib0WRFxaSbyX7\/9g2WTHNso1pabIViEV9\/+w2AycZVzbLwYm8Xvu\/jg1u3F64slJSV5JggIiIiIqIZ+jxT0J+IiGiRPd\/cwEq9joHn4c6t29d9OHOnVC6r+ugf3Lo9UYmZSrWKl6+Opnou3Vyn52colcto2\/bEe6Z8\/e03KBSLUz133q01GmpzZt5riIiIiIhoRj7\/l3\/9+c\/\/47qPgoiI6Dr98Icf8Ns7d3D08iuuFIsw8DyYpomW3cL\/fP\/9RM\/937\/8RZVHy7qhMd18fbeP3\/zmN2j8bg3\/+Mc\/JnruD3\/4AXfu3MHO1jb+7+9\/n9ERXo++6+K3d+5g\/XdrC3duREREREQ0N75npj8RERFG9xehfLFtaVLsM0RERERERFP7\/KfXfQRERETzgAHG2WHb0qTYZ4iIiIiIiKbHoD8RERERERERERER0YJg0J+IiIiIiIiIiIiIaEEw6E9EREREREREREREtCAY9CciIiIiIiIiIiIiWhAM+hMRERERERERERERLYifAfj8ug+CiIiIiIiIiIiIiIgu7bvrPgAiIiIiIiIiIiIiIiIiIiIiIiIiIiIiIiIiIiIiIiIiIiIiIiIiIiIiIiIiIiIionn1\/6sy7BBZOsTkAAAAAElFTkSuQmCC\" alt=\"Markalama G\u00f6rseli\" title=\"\"><\/p>\n<\/div>\n<div>\n<table style=\"width: 100%;\" cellspacing=\"0\" cellpadding=\"0\">\n<tbody>\n<tr>\n<td style=\"width: 120px; font-weight: bold;\">Norme<\/td>\n<td style=\"width: 400px; text-align: left;\">ISO 1307<\/td>\n<td style=\"width: 120px; font-weight: bold;\">Couleur<\/td>\n<td style=\"width: 400px;\">\n<div class=\"color-icons\"><img decoding=\"async\" src=\"data:image\/svg+xml;base64,PHN2ZyB2aWV3Qm94PSIwIDAgMTAwIDEwMCIgeG1sbnM9Imh0dHA6Ly93d3cudzMub3JnLzIwMDAvc3ZnIj4KICA8Y2lyY2xlIGN4PSI1MCIgY3k9IjUwIiByPSI0OSIgZmlsbD0iIzAwMDAwMCIgc3Ryb2tlPSJibGFjayIgc3Ryb2tlLXdpZHRoPSIwLjUiLz4KICA8Y2lyY2xlIGN4PSI1MCIgY3k9IjUwIiByPSIzOCIgZmlsbD0id2hpdGUiIHN0cm9rZT0iYmxhY2siIHN0cm9rZS13aWR0aD0iMC41Ii8+CiAgPGNpcmNsZSBjeD0iNTAiIGN5PSI1MCIgcj0iMzMiIGZpbGw9IiMwMDAwMDAiIHN0cm9rZT0iYmxhY2siIHN0cm9rZS13aWR0aD0iMC41Ii8+CiAgPGNpcmNsZSBjeD0iNTAiIGN5PSI1MCIgcj0iMjIiIGZpbGw9IndoaXRlIiBzdHJva2U9ImJsYWNrIiBzdHJva2Utd2lkdGg9IjAuNSIvPgo8L3N2Zz4=\" alt=\"\" title=\"\"><\/div>\n<\/td>\n<\/tr>\n<\/tbody>\n<\/table>\n<\/div>\n<\/div>\n<\/div>","protected":false},"excerpt":{"rendered":"<p>&nbsp; \u00dcr\u00fcn Ad\u0131: GHOST \u00dcr\u00fcn Kodu: FE586 Yang\u0131n S\u00f6nd\u00fcr\u00fcc\u00fc Kullanim Alan\u0131 : Yang\u0131n S\u00f6nd\u00fcr\u00fcc\u00fcler \u0130\u00e7in. Alt Katman : \u00d6zel Sentetik Kau\u00e7uk. Takviye Katman\u0131 : Y\u00fcksek Mukavemetli Sentetik Tekstil. \u00dcst Katman : Oksijen, A\u015f\u0131nmaya ve Hava Ko\u015fullar\u0131na Dayan\u0131kl\u0131 \u00d6zel Sentetik Kau\u00e7uk. -40\u00b0C \/ +120\u00b0C -40\u00b0F \/ +248\u00b0F Markalama : Kabartmal\u0131 veya M\u00fcrekkep P\u00fcsk\u00fcrtmeli Norm ISO 1307 [&#8230;]\n","protected":false},"featured_media":22191,"comment_status":"open","ping_status":"closed","template":"","meta":{"jetpack_post_was_ever_published":false},"product_brand":[],"product_cat":[2354],"product_tag":[],"class_list":{"0":"post-21270","1":"product","2":"type-product","3":"status-publish","4":"has-post-thumbnail","6":"product_cat-sel_yangin_hortumlari","8":"first","9":"instock","10":"taxable","11":"shipping-taxable","12":"product-type-simple"},"jetpack-related-posts":[{"id":21279,"url":"https:\/\/tuzlahortum.com.tr\/fr\/produit\/fumo\/","url_meta":{"origin":21270,"position":0},"title":"FUMO","author":"admin","date":"11 ao\u00fbt 2025","format":false,"excerpt":"\u00a0 \u00dcr\u00fcn Ad\u0131: FUMO \u00dcr\u00fcn Kodu: HTB541 Tekstil \u00d6rg\u00fcl\u00fc CO\u2082 Kullanim Alan\u0131 : CO\u2082'nin Y\u00fcksek Bas\u0131n\u00e7l\u0131 Transferi \u0130\u00e7in Alt Katman : CO\u2082'ye Dayan\u0131kl\u0131 \u00d6zel Sentetik Kau\u00e7uk. Takviye Katman\u0131 : Y\u00fcksek Mukavemetli Sentetik Tekstil. \u00dcst Katman : Ya\u011f, A\u015f\u0131nmaya ve Hava Ko\u015fullar\u0131na Dayan\u0131kl\u0131 \u00d6zel Sentetik Kau\u00e7uk -25\u00b0C \/ + 70\u00b0C -13\u00b0F\u2026","rel":"","context":"Article similaire","block_context":{"text":"Article similaire","link":""},"img":{"alt_text":"","src":"https:\/\/i0.wp.com\/tuzlahortum.com.tr\/wp-content\/uploads\/2025\/08\/fumo-p.png?fit=531%2C531&ssl=1&resize=350%2C200","width":350,"height":200,"srcset":"https:\/\/i0.wp.com\/tuzlahortum.com.tr\/wp-content\/uploads\/2025\/08\/fumo-p.png?fit=531%2C531&ssl=1&resize=350%2C200 1x, https:\/\/i0.wp.com\/tuzlahortum.com.tr\/wp-content\/uploads\/2025\/08\/fumo-p.png?fit=531%2C531&ssl=1&resize=525%2C300 1.5x"},"classes":[]},{"id":21273,"url":"https:\/\/tuzlahortum.com.tr\/fr\/produit\/milas-15\/","url_meta":{"origin":21270,"position":1},"title":"MILAS-15","author":"admin","date":"11 ao\u00fbt 2025","format":false,"excerpt":"\u00a0 \u00dcr\u00fcn Ad\u0131: MILAS-15 \u00dcr\u00fcn Kodu: FF581 Yang\u0131n S\u00f6nd\u00fcrme Hortumu EN 1947:2002-1 \/ CAT.I TYPE A-CLASS 1 Kullanim Alan\u0131 : Yang\u0131n S\u00f6nd\u00fcrme Ara\u00e7lar\u0131 \u0130\u00e7in. Alt Katman : Do\u011fal ve Sentetik Kau\u00e7uk. Takviye Katman\u0131 : Y\u00fcksek Mukavemetli Sentetik Tekstil. \u00dcst Katman : Alev, A\u015f\u0131nma, Hava Ko\u015fullar\u0131 ve Ozon Dayan\u0131kl\u0131 Sentetik Kau\u00e7uk.\u2026","rel":"","context":"Article similaire","block_context":{"text":"Article similaire","link":""},"img":{"alt_text":"","src":"https:\/\/i0.wp.com\/tuzlahortum.com.tr\/wp-content\/uploads\/2025\/08\/milas15-p.png?fit=547%2C547&ssl=1&resize=350%2C200","width":350,"height":200,"srcset":"https:\/\/i0.wp.com\/tuzlahortum.com.tr\/wp-content\/uploads\/2025\/08\/milas15-p.png?fit=547%2C547&ssl=1&resize=350%2C200 1x, https:\/\/i0.wp.com\/tuzlahortum.com.tr\/wp-content\/uploads\/2025\/08\/milas15-p.png?fit=547%2C547&ssl=1&resize=525%2C300 1.5x"},"classes":[]},{"id":21276,"url":"https:\/\/tuzlahortum.com.tr\/fr\/produit\/milas-40\/","url_meta":{"origin":21270,"position":2},"title":"MILAS-40","author":"admin","date":"11 ao\u00fbt 2025","format":false,"excerpt":"\u00a0 \u00dcr\u00fcn Ad\u0131: MILAS-40 \u00dcr\u00fcn Kodu: FF584 Yang\u0131n S\u00f6nd\u00fcrme Hortumu EN 1947:2002-1 \/ CAT.II TYPE C-CLASS 1 Kullanim Alan\u0131 : Yang\u0131n S\u00f6nd\u00fcrme Ara\u00e7lar\u0131 \u0130\u00e7in. Alt Katman : Do\u011fal ve Sentetik Kau\u00e7uk Takviye Katman\u0131 : Y\u00fcksek Mukavemetli Sentetik Tekstil. \u00dcst Katman : Alev, A\u015f\u0131nma, Hava Ko\u015fullar\u0131 ve Ozon Dayan\u0131kl\u0131 Sentetik Kau\u00e7uk.\u2026","rel":"","context":"Article similaire","block_context":{"text":"Article similaire","link":""},"img":{"alt_text":"","src":"https:\/\/i0.wp.com\/tuzlahortum.com.tr\/wp-content\/uploads\/2025\/08\/milas40-p.png?fit=550%2C550&ssl=1&resize=350%2C200","width":350,"height":200,"srcset":"https:\/\/i0.wp.com\/tuzlahortum.com.tr\/wp-content\/uploads\/2025\/08\/milas40-p.png?fit=550%2C550&ssl=1&resize=350%2C200 1x, https:\/\/i0.wp.com\/tuzlahortum.com.tr\/wp-content\/uploads\/2025\/08\/milas40-p.png?fit=550%2C550&ssl=1&resize=525%2C300 1.5x"},"classes":[]},{"id":21431,"url":"https:\/\/tuzlahortum.com.tr\/fr\/produit\/vibra\/","url_meta":{"origin":21270,"position":3},"title":"VIBRA","author":"admin","date":"11 ao\u00fbt 2025","format":false,"excerpt":"\u00a0 \u00dcr\u00fcn Ad\u0131: VIBRA \u00dcr\u00fcn Kodu: CVH227 Beton Vibrasyon Hortumu Kullanim Alan\u0131 : Elle titre\u015fim uygulamas\u0131yla p\u00fcsk\u00fcrt\u00fclen beton s\u0131v\u0131s\u0131nda hava kabarc\u0131klar\u0131n\u0131 \u00f6nlemek i\u00e7in su alt\u0131 vibrat\u00f6rlerde kullan\u0131l\u0131r. Alt Katman : \u00d6zel Sentetik Kau\u00e7uk. Takviye Katman\u0131 : Y\u00fcksek Mukavemetli Sentetik Tekstil. \u00dcst Katman : A\u015f\u0131nma, Ozon ve Hava Ko\u015fullar\u0131na Dayan\u0131kl\u0131 \u00d6zel\u2026","rel":"","context":"Article similaire","block_context":{"text":"Article similaire","link":""},"img":{"alt_text":"","src":"https:\/\/i0.wp.com\/tuzlahortum.com.tr\/wp-content\/uploads\/2025\/08\/vibra-p.png?fit=522%2C522&ssl=1&resize=350%2C200","width":350,"height":200},"classes":[]},{"id":21291,"url":"https:\/\/tuzlahortum.com.tr\/fr\/produit\/long-multi-10\/","url_meta":{"origin":21270,"position":4},"title":"LONG-MULTI 10","author":"admin","date":"11 ao\u00fbt 2025","format":false,"excerpt":"\u00a0 \u00dcr\u00fcn Ad\u0131: LONG-MULTI 10 \u00dcr\u00fcn Kodu: LLMP225 \u00c7ok Ama\u00e7l\u0131 Kullanim Alan\u0131 : Hava, ya\u011f, so\u011fuk\/s\u0131cak su ta\u015f\u0131mak i\u00e7in. Alt Katman : \u00d6zel Sentetik Kau\u00e7uk. Takviye Katman\u0131 : Y\u00fcksek Mukavemetli Sentetik Tekstil. \u00dcst Katman : A\u015f\u0131nmaya, Is\u0131ya, Oksijene ve Hava Ko\u015fullar\u0131na Dayan\u0131kl\u0131 P\u00fcr\u00fczs\u00fcz \u00d6zel Sentetik Kau\u00e7uk. -40\u00b0C \/ +100\u00b0C -40\u00b0F\u2026","rel":"","context":"Article similaire","block_context":{"text":"Article similaire","link":""},"img":{"alt_text":"","src":"https:\/\/i0.wp.com\/tuzlahortum.com.tr\/wp-content\/uploads\/2025\/08\/longmulti-p.png?fit=552%2C552&ssl=1&resize=350%2C200","width":350,"height":200,"srcset":"https:\/\/i0.wp.com\/tuzlahortum.com.tr\/wp-content\/uploads\/2025\/08\/longmulti-p.png?fit=552%2C552&ssl=1&resize=350%2C200 1x, https:\/\/i0.wp.com\/tuzlahortum.com.tr\/wp-content\/uploads\/2025\/08\/longmulti-p.png?fit=552%2C552&ssl=1&resize=525%2C300 1.5x"},"classes":[]},{"id":21335,"url":"https:\/\/tuzlahortum.com.tr\/fr\/produit\/uranus\/","url_meta":{"origin":21270,"position":5},"title":"URANUS","author":"admin","date":"11 ao\u00fbt 2025","format":false,"excerpt":"\u00a0 \u00dcr\u00fcn Ad\u0131: URANUS \u00dcr\u00fcn Kodu: LPGW270 LPG Kaynak Kullanim Alan\u0131 : LPG ile Kaynak \u0130\u00e7in. Alt Katman : Siyah LPG ve Propan Dayan\u0131kl\u0131 \u00d6zel Sentetik Kau\u00e7uk. Takviye Katman\u0131 : Y\u00fcksek Mukavemetli Sentetik Tekstil. \u00dcst Katman : A\u015f\u0131nmaya, Alev, Oksijen, Hava ve Ya\u011fa Dayan\u0131kl\u0131 \u00d6zel Sentetik Kau\u00e7uk. -30\u00b0C \/ +80\u00b0C\u2026","rel":"","context":"Article similaire","block_context":{"text":"Article similaire","link":""},"img":{"alt_text":"","src":"https:\/\/i0.wp.com\/tuzlahortum.com.tr\/wp-content\/uploads\/2025\/08\/uranus-p.png?fit=523%2C523&ssl=1&resize=350%2C200","width":350,"height":200},"classes":[]}],"jetpack_sharing_enabled":true,"jetpack_likes_enabled":true,"_links":{"self":[{"href":"https:\/\/tuzlahortum.com.tr\/fr\/wp-json\/wp\/v2\/product\/21270","targetHints":{"allow":["GET"]}}],"collection":[{"href":"https:\/\/tuzlahortum.com.tr\/fr\/wp-json\/wp\/v2\/product"}],"about":[{"href":"https:\/\/tuzlahortum.com.tr\/fr\/wp-json\/wp\/v2\/types\/product"}],"replies":[{"embeddable":true,"href":"https:\/\/tuzlahortum.com.tr\/fr\/wp-json\/wp\/v2\/comments?post=21270"}],"wp:featuredmedia":[{"embeddable":true,"href":"https:\/\/tuzlahortum.com.tr\/fr\/wp-json\/wp\/v2\/media\/22191"}],"wp:attachment":[{"href":"https:\/\/tuzlahortum.com.tr\/fr\/wp-json\/wp\/v2\/media?parent=21270"}],"wp:term":[{"taxonomy":"product_brand","embeddable":true,"href":"https:\/\/tuzlahortum.com.tr\/fr\/wp-json\/wp\/v2\/product_brand?post=21270"},{"taxonomy":"product_cat","embeddable":true,"href":"https:\/\/tuzlahortum.com.tr\/fr\/wp-json\/wp\/v2\/product_cat?post=21270"},{"taxonomy":"product_tag","embeddable":true,"href":"https:\/\/tuzlahortum.com.tr\/fr\/wp-json\/wp\/v2\/product_tag?post=21270"}],"curies":[{"name":"wp","href":"https:\/\/api.w.org\/{rel}","templated":true}]}}