{"id":21228,"date":"2025-08-11T10:38:33","date_gmt":"2025-08-11T07:38:33","guid":{"rendered":"https:\/\/tuzlahortum.com.tr\/urun\/akdeniz\/"},"modified":"2025-08-20T16:05:45","modified_gmt":"2025-08-20T13:05:45","slug":"akdeniz","status":"publish","type":"product","link":"https:\/\/tuzlahortum.com.tr\/fr\/produit\/akdeniz\/","title":{"rendered":"MEDITERRANEE"},"content":{"rendered":"<p>&nbsp;<\/p>\n<div class=\"report-container\">\n<div class=\"report-header\">\n<div class=\"standard-text\">Nom du produit : M\u00e9diterran\u00e9e<\/div>\n<div class=\"standard-text\">Code produit : WCSD 120-3<\/div>\n<\/div>\n<div class=\"product-image-container\">\n<div class=\"key-feature\">R\u00e9cepteur\/\u00e9metteur d'eau BO\u011eUMLU<\/div>\n<\/div>\n<div class=\"horizontal-line\"><\/div>\n<div class=\"product-details\">\n<div class=\"detail-row\">\n<div class=\"detail-label\">Domaine d&#039;utilisation<\/div>\n<div class=\"detail-value\">: Extraction et distribution d'eau dans les applications agricoles, industrielles et de construction.<\/div>\n<\/div>\n<div class=\"detail-row\">\n<div class=\"detail-label\">Substrat<\/div>\n<div class=\"detail-value\">: Caoutchouc naturel et synth\u00e9tique.<\/div>\n<\/div>\n<div class=\"detail-row\">\n<div class=\"detail-label\">Couche de renforcement<\/div>\n<div class=\"detail-value\">: Textile synth\u00e9tique \u00e0 haute r\u00e9sistance et spirale en fil d'acier.<\/div>\n<\/div>\n<div class=\"detail-row\">\n<div class=\"detail-label\">Couche sup\u00e9rieure<\/div>\n<div class=\"detail-value\">: Caoutchouc synth\u00e9tique r\u00e9sistant \u00e0 l'abrasion et aux intemp\u00e9ries avec les extr\u00e9mit\u00e9s des articulations et des poignets.<\/div>\n<\/div>\n<\/div>\n<div class=\"datasheet_table\"><img decoding=\"async\" class=\"alignnone size-full\" src=\"https:\/\/tuzlahortum.com.tr\/wp-content\/uploads\/2025\/08\/datasheet173.svg\" alt=\"\" title=\"\"><\/div>\n<div class=\"table-notes\"><\/div>\n<div class=\"horizontal-line\"><\/div>\n<div class=\"footer\">\n<div class=\"standards-section\">\n<div class=\"standard-item\" style=\"margin-top: 9px;\"><img data-recalc-dims=\"1\" width=\"1020\" decoding=\"async\" style=\"margin-right: 10px;\" src=\"https:\/\/i0.wp.com\/tuzlahortum.com.tr\/wp-content\/uploads\/2025\/04\/tse-1.png?fit=1020%2C40&#038;ssl=1\" height=\"40\" alt=\"\" title=\"\"><\/div>\n<div class=\"standard-info\"><\/div>\n<\/div>\n<div class=\"horizontal-line\"><\/div>\n<div class=\"temperature-section\">\n<div class=\"temp-icon\"><img decoding=\"async\" src=\"data:image\/svg+xml;base64,PD94bWwgdmVyc2lvbj0iMS4wIiBlbmNvZGluZz0iVVRGLTgiPz4KPHN2ZyBpZD0ia2F0bWFuXzIiIGRhdGEtbmFtZT0ia2F0bWFuIDIiIHhtbG5zPSJodHRwOi8vd3d3LnczLm9yZy8yMDAwL3N2ZyIgdmlld0JveD0iMCAwIDcyLjI3IDE2Ljk4Ij4KICA8ZGVmcz4KICAgIDxzdHlsZT4KICAgICAgLmNscy0xIHsKICAgICAgICBzdHJva2Utd2lkdGg6IC41OXB4OwogICAgICB9CgogICAgICAuY2xzLTEsIC5jbHMtMiwgLmNscy0zLCAuY2xzLTQgewogICAgICAgIGZpbGw6IG5vbmU7CiAgICAgICAgc3Ryb2tlLW1pdGVybGltaXQ6IDMuODY7CiAgICAgIH0KCiAgICAgIC5jbHMtMSwgLmNscy0zLCAuY2xzLTQgewogICAgICAgIHN0cm9rZTogI2E3YTlhYjsKICAgICAgfQoKICAgICAgLmNscy01IHsKICAgICAgICBmaWxsOiAjYTdhOWFiOwogICAgICB9CgogICAgICAuY2xzLTIgewogICAgICAgIHN0cm9rZTogI2ZmZjsKICAgICAgfQoKICAgICAgLmNscy0zIHsKICAgICAgICBzdHJva2Utd2lkdGg6IDIuMDZweDsKICAgICAgfQoKICAgICAgLmNscy00IHsKICAgICAgICBzdHJva2Utd2lkdGg6IC4ycHg7CiAgICAgIH0KICAgIDwvc3R5bGU+CiAgPC9kZWZzPgogIDxnIGlkPSJrYXRtYW5fMSIgZGF0YS1uYW1lPSJrYXRtYW4gMSI+CiAgICA8Zz4KICAgICAgPHBhdGggY2xhc3M9ImNscy0zIiBkPSJNMTEuMzQsMTEuNTdjLS45NCwxLjcxLTIuNzEsMi42Ni00LjgsMi42Ni0zLjA1LDAtNS41MS0yLjQ3LTUuNTEtNS41MlMzLjUsMy4xOSw2LjU1LDMuMTljMS45NCwwLDMuNjUsMSw0LjYzLDIuNTIiLz4KICAgICAgPGNpcmNsZSBjbGFzcz0iY2xzLTUiIGN4PSI2LjU1IiBjeT0iOC42NiIgcj0iMi40Ii8+CiAgICAgIDxjaXJjbGUgY2xhc3M9ImNscy0yIiBjeD0iNi41NSIgY3k9IjguNjYiIHI9IjIuNCIvPgogICAgICA8bGluZSBjbGFzcz0iY2xzLTMiIHgxPSI2OC4zNCIgeTE9IjExLjc2IiB4Mj0iOS45MiIgeTI9IjExLjc2Ii8+CiAgICAgIDxsaW5lIGNsYXNzPSJjbHMtMyIgeDE9IjY4Ljc4IiB5MT0iNS41MSIgeDI9IjkuNzMiIHkyPSI1LjUxIi8+CiAgICAgIDxsaW5lIGNsYXNzPSJjbHMtMyIgeDE9IjU0LjA3IiB5MT0iOC43NSIgeDI9IjguNjQiIHkyPSI4Ljc1Ii8+CiAgICAgIDxwYXRoIGNsYXNzPSJjbHMtMyIgZD0iTTY4LjE1LDUuNTVjMS43MSwwLDMuMDksMS4zOSwzLjA5LDMuMDlzLTEuOTIsMy4wNi0zLjYyLDMuMDYiLz4KICAgICAgPHBhdGggY2xhc3M9ImNscy01IiBkPSJNNTMuOTEsOC43NWMwLS4xNC4xMi0uMjYuMjYtLjI2cy4yNy4xMi4yNy4yNi0uMTIuMjctLjI3LjI3LS4yNi0uMTItLjI2LS4yN1oiLz4KICAgICAgPHBhdGggY2xhc3M9ImNscy0zIiBkPSJNNTMuOTEsOC43NWMwLS4xNC4xMi0uMjYuMjYtLjI2cy4yNy4xMi4yNy4yNi0uMTIuMjctLjI3LjI3LS4yNi0uMTItLjI2LS4yN1oiLz4KICAgICAgPGxpbmUgY2xhc3M9ImNscy0xIiB4MT0iMzYuNDMiIHkxPSIxNi45OCIgeDI9IjM2LjQzIiB5Mj0iMTQuMjQiLz4KICAgICAgPGxpbmUgY2xhc3M9ImNscy0xIiB4MT0iMjguMDUiIHkxPSIxNi45OCIgeDI9IjI4LjA1IiB5Mj0iMTQuMjQiLz4KICAgICAgPGxpbmUgY2xhc3M9ImNscy0xIiB4MT0iMTkuNTkiIHkxPSIxNi45OCIgeDI9IjE5LjU5IiB5Mj0iMTQuMjQiLz4KICAgICAgPGxpbmUgY2xhc3M9ImNscy0xIiB4MT0iNDEuNTciIHkxPSIyLjc0IiB4Mj0iNDEuNTciLz4KICAgICAgPGxpbmUgY2xhc3M9ImNscy0xIiB4MT0iMzMuMjgiIHkxPSIyLjc0IiB4Mj0iMzMuMjgiLz4KICAgICAgPGxpbmUgY2xhc3M9ImNscy0xIiB4MT0iMjQuOTkiIHkxPSIyLjc0IiB4Mj0iMjQuOTkiLz4KICAgICAgPGxpbmUgY2xhc3M9ImNscy0xIiB4MT0iMTYuMDgiIHkxPSIyLjc0IiB4Mj0iMTYuMDgiLz4KICAgICAgPGxpbmUgY2xhc3M9ImNscy0xIiB4MT0iNDQuNjMiIHkxPSIxNi45OCIgeDI9IjQ0LjYzIiB5Mj0iMTQuMjQiLz4KICAgICAgPGxpbmUgY2xhc3M9ImNscy0xIiB4MT0iNDkuNDkiIHkxPSIyLjc0IiB4Mj0iNDkuNDkiLz4KICAgICAgPGxpbmUgY2xhc3M9ImNscy00IiB4MT0iNDAuODgiIHkxPSIxNi45OCIgeDI9IjQwLjg4IiB5Mj0iMTQuMjQiLz4KICAgICAgPGxpbmUgY2xhc3M9ImNscy00IiB4MT0iMzIuMzMiIHkxPSIxNi45OCIgeDI9IjMyLjMzIiB5Mj0iMTQuMjQiLz4KICAgICAgPGxpbmUgY2xhc3M9ImNscy00IiB4MT0iMjMuNzkiIHkxPSIxNi45OCIgeDI9IjIzLjc5IiB5Mj0iMTQuMjQiLz4KICAgICAgPGxpbmUgY2xhc3M9ImNscy00IiB4MT0iMjAuNTkiIHkxPSIyLjc0IiB4Mj0iMjAuNTkiLz4KICAgICAgPGxpbmUgY2xhc3M9ImNscy00IiB4MT0iMjkuMTMiIHkxPSIyLjc0IiB4Mj0iMjkuMTMiLz4KICAgICAgPGxpbmUgY2xhc3M9ImNscy00IiB4MT0iMzcuMTYiIHkxPSIyLjc0IiB4Mj0iMzcuMTYiLz4KICAgICAgPGxpbmUgY2xhc3M9ImNscy00IiB4MT0iNDUuNzEiIHkxPSIyLjc0IiB4Mj0iNDUuNzEiLz4KICAgIDwvZz4KICA8L2c+Cjwvc3ZnPg==\" alt=\"S\u0131cakl\u0131k\" width=\"100\" title=\"\"><\/div>\n<div class=\"temp-values\">\n<div>-25\u00b0C \/ +70\u00b0C<\/div>\n<div>-13\u00b0F \/ +158\u00b0F<\/div>\n<\/div>\n<\/div>\n<div class=\"marking-section\">\n<div class=\"detail-row\">\n<div class=\"detail-label\">Image de marque<\/div>\n<div class=\"detail-value\">: Ruban de transfert ou gaufrage<\/div>\n<\/div>\n<p><img decoding=\"async\" class=\"marking-image\" src=\"data:image\/png;base64,iVBORw0KGgoAAAANSUhEUgAABf4AAAAoCAYAAACvpushAAAACXBIWXMAACE3AAAhNwEzWJ96AAAgAElEQVR4nO2dbWgc59nv\/48xVUPssdv4tOFoSt04X3YCsUihu09jnzjg3UBMngbtcrAxNNJ+sOvngKQcJPtDLKWRlA9+oZUErWsfWKkFYX1YqWmDTbtriFMnfXYLT7ALnf2SpOZ0dAit2zhjhzwqxpwPu\/ete2bnfWd2dqXrBwHHnpm95uV+u+7r+l\/\/suebu\/sA\/BgEQRAEQRAEQRAEQRAEQRAEQXQ7r24FsBPAgZgNIQiCIAiCIAiCIAiCIAiCIAiidXZuidsCgiAIgiAIgiAIgiAIgiAIgiDCgxz\/BEEQBEEQBEEQBEEQBEEQBLGB2NrKyZIkoT+XgyRJYdkTCivFIjRNgyzL6M\/l+N9XKxVUK5UYLQuHz598FJ89syNuMwhiU7Ljg8\/w6Iefx20GQRAEQRAEQRAEQRAEQdjSkuN\/cekyEooSli2hUa1UoGkaemUZQyPD\/O\/nZtD1jv+HPVtw5\/nH8EBq6dURBBGALWsP8chfvojbDIIgCIIgCIIgCIIgCIJwJLDUTzKV6kin\/0bns2\/vIKc\/QcTErnf+ji1rD+M2gyAIgiAIgiAIgiAIgiAcIY3\/LuKBtBV3SeKHIGKh56\/\/xPY\/3YvbDIIgCIIgCIIgCIIgGsiyjLPnz2Fx6TLSmUzc5hBERxFa6Liu6zg1OgZd18O6ZGBqqhq3CZHwj+9+BQ97aK+GIOLgset\/j9sEgiCI2Llw6SLSmQyqlQqOHj4StzkEQRAE4ZmEokBRFCwXi3Gb0nWw+o4LhULcphCEgXQmgwuXLvL\/T6ZSWCgUMDcz2xH+STeGRkYMEuWditPcf3HpMpKpVJst8s\/czCzmZmaa\/r7b7XcjNMf\/QmEe5VIprMsRJr74xiO499T2uM0giE3Jox9+Ttr+BEFseiRJ4lFU5VI5ZmsIgiAIwjuSJOFnly6iV5YBgJz\/PpAkidd3rKlq19dNJDYGCUUxtGmRgXwe6UwGJ0fH6HslNj0dJRa\/uHQ5lOtMT05tuKj\/T\/\/1K3GbEAsDiRewW3ocb330Hm7e+cjx2B8mXwEALNR+i9v6J03\/vrNnG0b6sgCA2\/onWKj9tulcK65rN3F99Zbtvx\/o3YsDcp+jbQzRNnbe3bX7mLm57Hp9s82i3eZ7drofw\/nVn3s6brOz653OjvYfGhkBUM92stuATaZSSKZSqFYqtpOfdCbDa7e47SSz3yyXSrb9rSzL6M\/lPN0DY1XT+EKM\/YZXRJu9\/Lau67hWKkHTNF+\/40Q6k0EylTTUwKm\/l7Ltc8\/mcuiVZcO9WyHe00qx6Gh3MpVCNpflE+H6tZebbAjrHbnZzqLE0pk0\/7uaqmKhMO96Hyz6YqFQcIzaEY91ez6A8d6d2gXg\/R0FvU+RhKLw74ixqmmoVqqOv91Ke\/GKmDp9zdTXtPotMdjmQjKVNCzkqpWqp\/cq4uWZOL37bC6Hg5k0JEkCEPxduv1Oq3aGjdiWvGC2jbUXXdddI0PZsYC\/b9KqjyuXyr6CkPz0LyJe36sVXp+NJEkYyOcBOPevYbW7bkScszj1DV7fM2uHdt+h+E68vHcv76b+3ZZCi0i1GoPKpTJWikXPv+H1m\/LbH3cCQyPDvM\/Y3ujXnfDTl4V1rpf+12m+LxJ0PLXql3tlmf\/d2fPn8NKLh7oikprYmMiyjKGRYUNftappmJ6cgqZpGBoZRjqTQa8sY3HpMlaKRUxPTtE326BcKuFaqYyDmXTXyiItFAqoqTUM5Ae7svZsu+3vKMd\/WKkVkoeBvJu499R2fPGNL8dtRtvZ2bMN8wdPAgB2fOlR3LzxU8fjX\/\/O9wHUHfVWjv+Rviw\/5vmV\/215rt11b975CIPlM5abDwfkPsfzRUTbxPNu\/u1D280Fdtz11VtNjn+7e\/ZqDzn+3fnqf3yKrfqDuM1whDk\/qpWK7UIgm8uiP5fDSrHXdrE6kB9EMpXCqqY5OmDSmQxPR5TlXpwcHbM8rrcxKfNDtVIRnMr+zhVt9vrbpyfGcWp0rGUniBgJZSaZSmEgn0e1UrHcmO7PZfmmjJMd4j1VKxXLBZskSThz\/pzlJK4\/l0O1UsGJY8f5xDesd+RkezqTwZnz55rGZvZcFgoFTE9OWZ6bTKUM9jl9l+Kxds9HRLz3uRk4OnG8vKNW7pNx9vw5W4dLfy6HoZFhTE9OWbbzVtqLVw42nEk1VW16vq1+S0Ddobq4dNlyHsfer5\/Fmxd77N691btIplLoz+VwanTMk9NlMD\/Ir3Fgn9OmTXA7o8Dc7tww28baCwDXyFDxWK\/fZDaXw5nz5yyulcNKsWg7Jpk5e\/4cemUZNVX11R68vlczsixzu50cgclUChcuXeTtwKnfCaPddRuSJOH0xLihfTr1+bJp7LT6HsVj7ByiCUXhx5wa1VB1sdPru3lNH\/fcpzhhNw9JplIYzA\/i6OEjnhz1Xu0eGhn2NK51CrIsGzZu3JzxXttr2Od67X9rqoqTo2O2wTetjKdW\/XK9n5zF6Ylx9DaeZZB5BEG0SrYxH2YbUbquY6VYNARmnBodQy1fd6qyDdGEomB6coqi\/wEu0V4ulZD+Y\/c5\/muqysceXdcNMk\/dQBz2k2B8h\/OwZwv+8d3NGe1\/oHcv\/\/PLTzzb0rX6du3hzvCZm8uOEfx257\/T\/yPslh5vyQ47XvcYoU+0ly1rD7HjPz+L2wxX1Mak32nzlP2bl2NUl4wpMZLsYJdGCYjYOcq94uT0F0mmUnj76pVIN6eZ\/rqTDWFl13nB7MCyYiCfx+mJcddrDeQHIVuk8nYCYdynk9Of0SvLru84StjvLhfts9SC4uSkEOnP5SL\/hodGRmzfBdtcc7PTT4bORsZL2\/ZDMpWydPoz6htk7hkUyVSKOw0WCvOef7+V9yp+U3a\/6bUdbGbOeOgrRcQ5jd0cSPx7L8e4zZP8IEkSLly62HIA3IVLF23nIb2CIzpMvI7fnYDoTD\/lYXPQS3uN4lyvOPUVUY2nC4UCVht93kB+0J\/BBNEirHjvmcamPVB3oJ44dpxH+jN0XcfczAyeeXovd\/SzdnHh0sWOXU+0C\/b8rCSSugFJknj\/1o33EIf9oUX8y3JvWJciBD779g48kDoqMaNtfE9w9u+WHkffrj2ucj92zKdPAQDurt3HG3\/4he1xr974KW7+7UP+\/zt7tmG4L4sDvXuxs2cbXv\/O9zF47azluTfvfIRXf\/cTRzvs7D\/QuxcHevf63pCww5zRwNjZsw2\/PDQJAE3ZA0Qzu975O7asPYzbDFeqlSp3yDHtTRFZSM\/tlWXIstzkrBAXi9WKcxyb6OxnacRWkWo1VbUsAMQWGSvFYpMD0SqKV9wVD4LV7wDGqKoz58+h\/HSwaDsWRcJsnZuZNTyPdCbDsymiLDKVzeW440DXdbzZiAzXdR3ZXA6vTYxDkqRG1OII5mZmQntHdpwVHA3lUglzM7OoqSp3nrHnX4+Id5ZQkSQJQyPDnqN520mr95lQFO4oML879u8sytgpswdovb3Y4STzw363lW9paGSYT4LFZwis9zMswsvv\/Tk9k1XTu6jLeQxy+04cO45qpWKIMmb2OEsvrTuZ5j06fvzY2S68yGc62ZZQFGRzudAizMXnOj05xaNpRQdkNpd1jUQV37GfSOsg79X8m07R6awNsLbh5riLug\/vRNgzWdU0TwvmmqpC1\/XG+JewPEaUVkumkpbfKztX13XfkrJ285CB\/CDvW8+eP4fn9u33dV2GKA\/DHGGapkFubBYnFAXJVMpy\/ufE0cNHmqJjmdSVOK51egFNFvELeN+w89JeozhXxKr\/ZXOhhKLwcck8L4pyPJ2bmeWb32H27QThhDk4pp6dPmv4\/sR13aqm8XZx9PARQ\/HfuvxVKpRMq25lcekyX6e89OIhrGpay4Fw7aRXlvH21SvQNA2SJOGZp\/fyQLxu2AiIw\/7QPMr9uZxvjUmz5ICZJ3d\/KwzTupYH0lbcfWZH3GbEBovyv7t2Hzt7tuGA3BfI8T\/Sl0Xfrj0AgMFrZ3F37b7tsVaSO299\/D5+eWgSLz\/xLAYSL+CNP\/zCUkro7tr9lhz3rydfwXUbh71f7OwQtf+dNkAIoOev\/8T2P92L2wxP1EzRbOZFglXat2aaqCsmTXo70plM06I7nUlbTpx0XXdMp9S0VU\/plm7XccPud6qVChJKgt8Tk3LxC8uA0HUdRw8faRrTyqUSyqVS5AskMfqKOSsZy8UiVFXlEWAD+UHMzcyE9o6sYNqawPp4v35djf8+c9Z5cer353KWtQriJIz7FCfa5ncHrKf0LxeXXR3ArbYXO9h3vqpplo6MVr8lUTNdfIbs2svFIsqlUqB26ueZJFMp3se9KaSE67qO6ckpPte1cyACdcfKQeF+vDoJo3p3rRBGEcfXJsZD0TGXZdlQx0OU0FgoFKAoCfQ3tKmdHJyyLPPv7ZoPu4K+V6C+Mcu+qxWXjJlqpYJTo2M4c\/6caxR4lH14p8LaYq0xpnmhpqqO2uniPMnuGEXY4PeL0zxkcekyz0CxCt7wgpiJyZz+9d+tO8eYwyuhKC1nH9VUldvInGzJVKqjHWjiGOslY81Pew3zXDN2\/W+1UsH1924IfZL1nCKK8XS5WOSBJAczaXL8E5GSzmS4vBRjpVjE3MysoS8THfuMXlnmG+PlUgnPPL2XO7dZppV5Y2yzIK572b1fK5W7xvEPrNcdYRvPbD7k1ycdF+22P1apH6aVSljzj+9+BQ97NqcaU9+uPdjZs80Qof9K4gXf19ktPc4lft76+H289fH7gex5VagvwDYRwoZF\/UfFzp5tGN7bD8C+ADKxzmPXO7ugr4g4aVcsnFFiJBtg7bAS\/87ZObeu8c2iHbtZ7udaqcz\/HDTNnp3n5kCKcnHEIvmB+uTW6h2ywqTs+LDq6tghOiLsIsrEtHGv9vjVs46aMO6TtdF6EV\/79tdq9GArsHYehXNHfCZOjhK\/0dlBqKeHzzZl7rB\/YzhJew3k89zxMzczG42hXYRYFLUVtksS12gvC303Q9NW+Z+dIqbEtYefqP1W3mt\/Lgtg3elmB4vg36zSUF44NTrmWzedZTJKktQk8SCOn0D92zFnWkiSJGzwuqn7+0OUggk6LtfUGuZmZpvkLgDv\/ZZfxLGq0wsrHhQ2rr04ur2217DP9QrTNAeav992jKfst7vJSUh0F7Is4\/TEOC5cusj73lVNw4ljx3FydKypn2Ptrlwq8SLuyVTK0DZ0Xcep0TGcGh3jc\/J0JoOfxSihGTcJReHZQwczadRUNbYM06CkM2k+trPNjE7OQDPTLvsDR\/yH9UE4pbB60ei0YiNoqX7xjUdw76ntcZsRGy\/v2QegHrn+1sfv48f7\/92wGeCVH+\/\/d36OnUSPF27rn\/DMg77\/9mTgDQQrrq\/ewu7tX69vUoQY9W9mpC+LnT3bAAA\/J5kfRx798HM88pcv4jbDF9VKpWmCwxDlX+wcvgmPkWxitCNbPDnJ\/XQ6YY4VcU4yvEo1LRQK\/L1FPbETi245fVcsusEttXFuZhZDI8NIplId9b2FeZ+dOlEVM32i0PcXifIZmGVUrLAr\/mnGqf2w7Jug0fJe7OwG2L3XC1wPtjw\/t5O1YYiyo07vJ9twEPiN2g\/6XsVMBTe973a984Si8CykhcK8ZX\/KZOqAurNd0zTDedOTU7in6xgaGcbBTAb3GtFqbsW32fegKAq2SxLflPbapwd5RvX3Vd80Nke9i3MicZ4k2pPwmBUZBPF+gtZ28OpgbrdDJ5vL4WAmDUVR0CvLjf61yh1zZsL4vqxg79hLu\/XTXsM81y+6vp6VbPfdRNWfVCtVvpkbNFuWIOwYGhlpCvIRZa+s1rHMcc8yXHT9HoZGhpHOZAx9NtuQWy4WuXwQq58lyqRtFiRJwttXrwCob5q89OIhAMDbV690\/IYuI6Eo+OCPdbULJgEpSRL\/u06nXfYHdvxrmoZTo2N8d80r5l1pJ4JG9cUZERcWn\/7r5izoy2D6\/u+u3sJt\/RPc1j\/BbulxvPzEs5616V9+4lkuF+Qm8eOFm3c+iiwi\/9UbP8UvD02GrvUvwqL9r6\/eiuT6G4ld73RPtD+DpbGb+1exz10pFjGQz\/OdfXFB4GVRZHb+sagAJ7mfTkd8XkEXxMxRkM5kOkLn1skpEYeUiJuTRIzSdZLnWCgUkM1l0duIAuq0762V+xS1\/INKPUSJKPMThW1im+nPZUN\/t7IsczkN9nsLhXlXHXir6zBUtWZ5jCjzEMRpFIadncT05BQvah51jQ62MW0nRwXU3w\/bfPMjw9HKexXXMysdIotRU1U+F1jVNMs215\/LIplKQdd1\/jzF4AGmp8yeC9NRTyiKpewdUC\/2bM7+YBI8C4VCJPVJAGP\/nFAUw\/2KGVeqqjb0n5OmY9YdTd3m5DT2W+H13+J1zc\/ErmAxe9cD+UH824uHmtqp+H0pisIlZdi\/9edy0LRVX32iLGRweMnWaKW9dkJbj3o8BYzvmxz\/RFgkUymcnhg3rM1EWZ8Pb\/\/Z8jwxIIDNr1eKRVQrFaxqGpKplKUs3JO7v4Xl4jLONooFJxQFv756pevnXUGpCfNaNkfoNthYr+u65zpAnUSU9rekI7NcLOLo4SO+\/otqQreRuPfUdnzxjS\/HbUZssEK+AHhkPXNUP+fR8b6zZxvmD54EUI\/WDzNCPwre+vh9fo+vCzr8YTGQeIFH+79R\/Xno199IfPU\/PsVW\/UHcZvhGXMyICy1x0LZLJzdGslk7swBr5x9bUHSj3I8kSRgUdPGDLojZgqe34bTbrOmiYeAWDc\/kNXplOXBWYCdgvk+x\/S4uXTY4GTsB1l9EtdnCim8C6zqtYS44eoUoTGC9OKJYlNmNhKJw\/VhRZsGMWFiOZWJ5fZdh2Nlp1FSVP6t+oQB52IgyPE5ZKUFlOIK+V7EuQLlU6qjApGsu47dYB8EK5vQ3Z8mIUdvm64lOf3Yea\/sD+Xxk34eYkdUsf6hwe9gcyGwHk0Nc1bTQN\/fF3wp7YzWdyeC1xrvwm+HiRKLhlAesM2BYnQ1gPeCAOeGAers449KvMaf\/qqbx81Y1zbfMkzjeurW\/Vtpru9u6+B2L7zXq8RQA16MGAEnavAoFRDhIkoSz588ZvtWaquLU6JhB1oc58wFjv1KtVPg8Y3HpMnf+m4OBzecA9X7xpRcP8X6FzbsWly7H6viuqSrmZmZ53ydKGAH1YCh2z\/UgkQKfo7PCx2KGt1jHwHwtVjOJFZvPNuZq4jWC4Gazk43VSsVw\/+z\/3e7\/9MR4IyhhhP9G0MC+brffTGjFfYlweNizBf\/47uaO9mdR9SzSHwB+9fH7GEi8gJefeBaDTic3eP073+eO7t3S45FF0Yvs3v51Q\/FcMz90cbi\/Uf05DvT\/KJKof1bn4Oadjyja34Etaw+x4z8\/i9uMQJij2USJBWA9AlKUBGITBLGwr9MAL8r8MMqlMne4RCW\/Irs4ed2kOZKppOX5LHqcXSPognihMM8dJMw5yJwM1UoV5VKp4yK4u5XlYpFHoQ7kB23lAvxi940wzJrQYbNSLHInGnOInME5\/l2y78gLrbYXM4mGRAMAS131sFgozHPnajqTQTqT4RG41UoV11p0pBgdf\/V+0UuxaHPK+aqm4QfHjlt+d2Kh5+2ShOvv3eD\/tlIsepKoCGpnVGQb7c0OL1Fx05NTONjIGBsaGcbRw+HeR\/2br78jtoCyO04sDswQsyye3P2tpvNaea9ippyYYcAiF6uViqN8UZSUS2X0NzYZzeO3uIHt1O4P7NvP22VCUXgBeauCo+I7Onr4CP\/OxfMG8oORfecsgtHszFnPeKw27mW46RhF2BwIk4SicDmlMDPyxG8asC7y6oXTE+NN3zbLFAHq\/aFVFk9NVfHSi4fQn8thpVg0XONCQ0+bzUWd5kdHDx9pms\/6HfPF8dttLtZKe21nW88Km6hWetBRj6eAfaYxQfjBqiivXfYX62s+vP3nJum\/uZlZXiT9tYlxnBoda2oXzDkLGPtyVjC+XCrz6P9kKoW3r15p1Hxqf\/Q\/y5pbKRZx4dJF3n\/X1BoSSoI\/n+2ShGulMg9kYDaz8fzD23\/mdYMWCgUsLl02XOtgJm3ow9m7OHHsOL\/GB3+85TsYickmWdkM1OcV4vVFGz\/44y2caMyzq5UKzp4\/x991vd9JGq6lqjU+73v76hWe3fHM03t5LRMmZ7RZ7Leiox3\/QQfHbnawfPbtHXggdfRriRwm8yM6qNmfd\/Zsc3WKH5D7MNJnlKB6JfFC9I5\/oZCwFW6OfybBc6B3b6ha\/wOJF7BbehwAMHszWm3mbmfXO3\/HlrWHcZsRCK0RhSZJkqHAL4sIWo9sqDZSrdcjhVgkm5jOb0Zc0IhOALbgqDsOopH76RWcOlbMzTgvxllquR1swheUaqWCU6Njhug1lq7OpBBWNa0xqewseZpuZG5mFotL9Wjb0xPjoUiHuH0jUcMcYcz5ZbZrIJ\/3LPvSansxkxUipKN0PM\/NzECWew2FV3tluSEllsHpiXGu7+x3nmd2NGZzOd5e\/Toal4vLttE3ovyleZHEdGSd5rZh2hkW4vuwwsuCmH27rEZHNpcLtejlmfPnDEV37RyDYrvwI9fTynsVMwU6rf8vNwrSW43f4hzBzm5zzQaW3cGCAURJM1F2cKEw3xShPDczi9MT43yuEYVknqrW0A8YbDM7x83a\/9VKxVDY107iy436Blqy6e\/F318ozEdy33Xn0XKgazs5dZnjze66dptwczOzfGNJcXD8i9G9QPBNFzHi3+0ZtNJeo2jrVhsvZtlkq0LjUY6nBBEWbB4vwr5Lv2iahpdePITr792ojyOXpKZxmW0y1zfhmvuTaqWC5\/btN0jSDY0MI5vL4qUXD8Uu5UoQrdDRHubNphf3sGcL7j6zI24zYofp8v9KkOe5u3afO8W\/98Szjk58pmX\/1sfv4+7afQwkXsBA4gW88Ydf8AyCTiWKqH+2GXFb\/8RzfYTNyFb9Abb\/6Z77gR1MtVJBOpMxLAjESDZ2DDBsKfXjrO9fl\/lhO88i10ol9OdylhF+nU5YC5\/lxgL1YCaDdCbd5ERmhaNOjY6F6vDajLCU3v5cDv25HOZNTqRupaaqOLBvP9KZDA42viHRyciipWW5N1KddDNuch9hcnJ0DPOFeR5lbhWZu7h02eAcd4It+sya78vFIgbyg0goiiHjyQom7cJ+v14sLs0LoImIUdI1VUW5VEYylTRoolvpIYdhZ6czNzPDs6yGRoa507lVRHmYaqViG+3figxH0PfKog8BYD7iQp9BsRu\/08KzssNKGlD8u17B8Z9wySw0SwVFsQY0\/4bo+BfbHsuMZO\/UzXYvMKerk21hRpWy\/pE5ic+cP9cUsej1OlbtlPXP19+74bk\/NtsGOMv7OUlPRkEr7TWqtu4WTe8kxRH2eEoQYaPrOp7btx8D+TzPek2mUnj3vRuBgqV0XeeBWEwuRexXVzUNyy6boNlczjDmW61728Hi0mWUS2U+b1pcuoyaqvIsPQA8W6\/evhM8o+3M+XNIFBS+2by4dBnLxWV+rQuXLmJV0\/i1zp4\/B13X0Z\/L4cSx403XCCI9yjLgxd9h12FzDvH6oo1+7r8\/l8NBXYcs9\/I++OjhIxjIDxquEYb9ht\/scPut6GjH\/2bjzvOP4WFPS2UXuh7m9AfQ5PR+t+H4PyD3OV5jZ8823F27j8FrZ9G3aw8GEi8AqDvAB6+dDd\/oBjfvfIRXf\/eTlq4RdtT\/y088y6P93\/jDL1q61kbna7\/5W9wmtExNrRkc\/1bF6KwKcrHjnBZZVjI\/DCe5gDCoqarjYtVN+26lWDRoPjMNQwAGPb5WYSl+zPGUUBQkUynDRsCZ8+c2RAH6uJmbmeXSIacnxltOnzd\/I2bMxcaigumOs80hJk2STCV55F5\/LodqpWq7gdRqexFpl8yPSN3+9TbJHHBs8ixJEn526SKe27ff9VpOTjom++FWOEt8HywCvy7PkTc4mc39rfhNDuTzPKotnUk32RWGnYC9trqI343OMCNCpyencOHSRfTKMgby+ZYdnWaJn1MOG2J2MhxutPJexcVapxT1NSOO30x2RRac1Ncc2r3VOOZlbLPaHBeRZRnuJVj9Y1Xg15wVWf+zMTMySg3+mqpioTAfekCAOAacPX8O\/bkcBvJ5LBeXfbd\/q\/6JOTpYBO2BffstI9PrdT2COY7aPU9qpb22u63XtafnXTeiwhxPCSIqFgoF1FSVZwX2ynLdeV9MOmbxWVEulSBNSnhtYhxDI8OW7bEuK2ecwyUUBYP5QUOWDNNljyMY2SxLZ85MFuvlsPsR\/1\/McDRnAptr0bF7ZhJBbGx0yh72gt3veLEx6P0zebhqpYIPb\/+5pbWb2X4\/z7gT7Dfj6vjPNlJYw0KWez0fG7Rwn91Cwk3D14n6DmF0A\/na176Ee09RcRxWvPfmnY94gV\/G3bX7AIC+XXuwW3rcMXp\/8NpZniXAHOlRR\/2z32sVc9R\/Kww3JI\/urt2naH8HHvnLf+GRv3wRtxktw6L5gfVoLKA5ipQ5kswLb7uJjegwWTWlxjcfG77cT6sSI5q22nQ+G8yj0Jtm1FS1sagv8IU3UN9E8VucjjBS32RZlw5ptaCy1TciEld6r6Zp0BqO52qlymVfDmbStnOSMCV52HONK+IJWK9JwLRJmRPcTRvaDU1b9X2OGIGfzqQN7VjUkTbLyCwUCtxB7HcS78dOFi3ndowfrAp3BqVcKvHN5oH8YMsOMrPEj5OjMKgMR9D3Kssy7\/PNGuedhCj3k81lMT2pGor9RtHuxQWvFWGuO82sR\/PXnfrrGY\/rWw3mGhtWmwN+iUsnGqg779m3mM5kQtm80HUdJ44dx\/X3bnAHv9mJZpau62Raaa9RtnWxxkEYRDWeEkSrMPmd0xPjfDN6IJ\/HQD5v0JsHmufkYhucm5nBcrHIA2bE8cTsnGV9lnP5N4oAABAfSURBVLnOACuqulnWaqxovViou1v6bkZNVQ1ZBWR\/M66O\/36Xol5REnSXyd7xH1zDt1qpROr4\/\/uBXZFdu5tgEf99u\/bgnf4fOR43Y6NX\/9bH7+MtQSaIOdKB1qL+WbHgqDFH\/b8bcDNB3DiYvbUSpokbjq\/95q9xmxAK5jR2u8UqS11PKAnD5Mlu0s9kfgDwSZgd3SD3wxY+bEwQdYijQlx42w3mbuOT1wKzUUVLBsXP5MXPAnehUOBRa6cnxh0j9ttBVPfJEJ3O7ZrQsrbfDpkfN9hCjC3O4prU222ciotLq\/5EzK7azExPTuHtq1eaoqX84lXiBzDKcPjtJ4K+VzGyLe6+yQ0m95POZDA9OcXbvZ3MS6u49X9+spL8\/3aVB0aIfamdlrwYtdetjlFd17GqaY2Clc11BoIitgexthQALtsBWH9H7ewLxaAYOwd3K+21m9o6I8zxtFM3NYnuZHpyCguFebzWqPkC1AvOihl3zzxtDIwUHfqs9sx24Zu2Kqyt6zqSqRQv5suwKyy8UVlt1EbQdR0XLl3E4tJlQ9ZfN1AulXDi2HGeicbWSt1Cu+yPXeqnWydRYfL5k4\/ii298OW4zYodF8nvhud69to5\/cwFbc9T\/qzd+yrMHvLKzZxvPQPB7bhDEqP+gvJ58BUDdXrtnRQA7PvgMW\/UHcZsRGswppSiJJn1\/RrVS5U6Te40Ju9MC\/6CPaOqo5H7CZqEwz5\/P0Mhw5JrpTgujmqpyW5yKGiaEhbXZMSKekzAtwEXEqJao6w0wm5hzxe6+xI0lv9efm5nFmcakPSwNxCB2ANHdp9VvtQO5EQUINPchcRHm\/YuRTSLie7Sao3qx4V4b7LSiWqngyd3fCu23o4AVgGU1OoI4ef1I\/ABGJ2NdZsbo\/BQXWItLl23ljfy8V\/E36rZab3KwyOhW5cpagcn99HJpsfrzcnNiBnUWxiWdABi179mYYc6KZG0\/oSjI5rLC5kBn9INWWNUqENF1Hd5z7v1jdhIxh91KsWg5v\/rw9p8jtMYe+8CL4O21m9q6SKvjqReZUIIIgqZpOHHsONKZDIZGhnmwxQd\/vIWFwjwWCoWmwDW2Cb+4dBm6riOhKHzTEzBu6MqyjIH8oCGQrR5AMN\/x69ew0RrR\/kC9Lbcq7xMHrA\/SdZ1v6HQT7bI\/Nse\/rut4M0DRjo3Inecfi9uEjoBp999du28bof7N7V\/HQOIFvPzEs1zL3wti1P9IXxY\/rP7cl22sTgAAXNdu+jo3COJmRRDnf9+uPYZo\/3ZsVnQjW9Ye4qu\/\/zRuM0KFRfOLhUHt9KTFYof20f7rMj\/lUslxgs8mC1HI\/YRNuVTiEXD9uZyrTIQTCUXhaZJ2OEXri8\/UTveabagA9fHTbCvbuGEp93aamAP5Qf7nqB0v1UqV22x3X2I0ZZBvZrlY5JmJcUWnhHGfkiShV5ZdgyG8Zn2EQdRyH2asiqOa8XP\/bAEIoClNnP070LyJdnpiHMlUCrquN0WVAfZSPeJ1WOFQL+cFtbObmZ6c4jU6grRbUeJnoTDvq+92i6IyF9UO+l7N17TDizxT1IhyP2KNCLdMH6aTL2J3L+J4FGdWmtjHpB1qF7G5lBjN3cnBaqwPYZGDZqKIHhT7Y7v+qV21YZywqm3lRCvttVPaetjjqdO5G2lsIjoLJg8oyv\/UNwIShhptLBDo7Pl6pHqv8HfmMVvcTGDnWm0mbHTYJnF9gzsHXddjC6AKCnv\/6UyaS+XEPZ\/yQ7vtd3X8T09ORZJObTUYhb0DXlPV0K4ZVUfw6Xe\/ggdS7IkXHcH3GjI\/11dv2Trmd0uPcyf8gd69BkkfJ66v3sJt\/RPslh7H8N5+zNxc9uwMf\/mJZ\/H6d74PALitf4Kbdz7ydF6rDF47iz+\/shjoXKbtD4Ci\/R346u8\/xZa1h3GbESrMicycKVbRX2I0m1skmxil\/ObklKODJZ1JI6EoXSH3A4BHiwPBo\/5ZWt49XcfJ0THbIniidqT5mHKphNf0cT6hramqwZnCnDHrxRatnTFMroH93oljxw1j19nz5\/iEgqXCRsm1Uok7kazuS5ZlnG08\/\/rxwRwEczOzWFyKb6IXxn1euHQRCUVx1BQV05HbEXnKFgDMKRglzPldrVRwanTM8ttMKApeazxnu2h8EfHfh0aGUa1U+H2INVBU03VYBo5d8TdRXkZEvM5AftDwDQzk87Z9bVA7uxm20A4SWSZK\/NRU1ZNu+qqmOTrBzJIv4vcexnu1gt2Dl2+5HbDxw642kBXZXNbw\/MUoesDYRsTN6dcmxpuK3LPo+qglFkTZG6f+lGVGivWN2l1s1g9sTpfOZJrkbIxRreGMHbIsm+Y11tftFLkI9nzsMiJbaa+d1tajGE+tfoOxkcYmovPQG+ur5eIynwenMxmkMxlD7ZRqpYLn9u03zA\/EsVwsSM5gvsLN5PAH6s+Uyftkczm+Fu4mRPmms+fPGcajbiAO+109zu2cjIYdfRhmgbsoeNizBXef2RG3GR3Bzp5tPEL9Vw7OfOZ479u1B9974lnPjn8AeOMPv8D8wZPY2bPNNur\/x\/\/jfxk2BHZv\/7pBfujVGz+1vb5bXQIAePV3P\/G8cXBb\/wQLtd8asg28IG6O3F27j18emgzFno3GVv0BdnzwWdxmhI55Am7XB7JFkN15DHEC5bboXS4u4\/SEErrcD0uPdsPvRq\/ocO\/P5TA9OeV78nd6YpwX41lcuswdTKwgZ0JJGArPsvoCImYn2IVLFw0TVtEpxSJYrBCjaJOpFK6\/dwPVSgX3GmmDbAHudI0w0TQNczOztvclLhxrqhpYdqhaqXDpkDho9T6zuRw\/5vTEOHf+sk08We7l7xVg34u9nnkY7UWU+Qm6IeMHtjHCvluWtq3r9wCsbyoyFgrzrm1V13X+XSQUBW9fvYJyqcTbu3gtkYXCPN9AOz0xjmwui3Kp3NSWV0wyKGKqeTKVwrvv3cBycdniPOP7D2pnuzg9Me76rFeKy77b79zMDK\/R4RW5Uc+DwfpdK0S5nuVGgWw7Fpcu8zZobhdB36ubA5tJnYQZpNQKTO5n\/f\/dx+9eWW44GOtO33Qmzd+n1flsnJMkCb++egXXSiVo2qrhWUqSFLn0nqqqhu\/Oap5kXv86OTfZ92OlI90KYjaQW5FXUa+d9SE1tdbUd\/otqG3X\/sVxzapgNttcGRoZxj1TlqKYedguWAYHy2I131Mr7bXT2noU46mZg42goE7ZuCQ2PtVKBS+9eAhDI8N8M3NoZBjpTBonjh3nfYxVPzk0MmIINFjVNExvYuURMUu9kze0nRD7Hbbm7ibisJ9CzWPkzvOP4WHPlrjN6AhYUV+gHp3vxHXtpkHKxisLtd\/i9e983zHqn+n4W\/HqjZ86bjSImxdOx\/jhjT\/8wr\/jf\/vXPdvUroLFncjXfvO3uE2IBDGqDrCPwqpWqnyRbzdxTyiKEBHnvolqTKdOhjahiir1zexwt5NpcWJ6corrIgPg0kFW1FTVMgUfqDvBkqkkv45dWr5T1oWu6zh6+AgWly7zzYi0qT6DruuGCXLUzM3MQJZ7+TOxuq\/VhpZna78za3COt5tW7nO5WERCSfCFDHtv5ncHrL9jp0V6GO1FPL8dC6MfHDuOn126yPsbURrJzEqx6LmdTk9O8U2vXlluKky+Uiw29W2apuHNySkeAWVli91G1fTkFG9\/YrE5hp2kWBA724UXiZCgUcTTk1O+opzMmwRi1LaZMPuCoO+1mzB\/X16KlJZLJaQzmab+xm5zeaFQ4E5H88ZWOxHl2ewi+TVN485rdk4nUy6VDBvgVmPIQqHg+zt1a\/+6ruMHpuxCYL1tS5LUEdGkLIMDqD+bKOsbxU1U4ylDnFu6yYERRJjouo7pyalGex7kWZG\/vnoFK8Vik\/QfyfpYk1CURsHkatfJ+zBYf65pq7FsJrdKHPa7Ov6HRkbaYUdXEKY0wtrXvoR7T3kv2LbRea7hnL6tf4Lb+ieOx767egsjfVnslh5H3649viLWvUT9i9xdu4\/rq7cwe3PZdUMiCoJG\/RPOPPKX\/8Ijf\/kibjMiQywWa+csMqfgWyFOBrw4AWqqyhfK6Uwm8pT9MFgoFATH\/6DvySBzxCZTKQzkBy2dtauahuXisuu1jx4+gqGREcso2HKpZNCztKOmqvi3Fw\/htYnxJlvKpZKrXFMU1CWQqhgaGTbcF4t0tqtH4AdN0wJLh4RFK\/c5PTnF7bfawNB1Hdca30A73h+L5jPLnkRFTVXx3L79yOZyGMgPWjopaqqKhcK8L4cNS2c+c\/6coT2wxZ+dw2O5WISu6waJLXYee5d293H08BFeJ0A8z0nGKaid3Q7T7+10Tdag77Wb0HWdO\/JXNc1TFO9CYb6pGOCqpuEHx47bFsY+evgIBvJ5DOQHDf1cXbZpti0bjaJtThtq1UqFO9K7Iar55OgYdyKY61TMN5xdYcGyG+3GpHKphFOjY5bjobix2i7Euk5DI8Mb2vEf1XjKEDemvawNCCJs2NyBRf8zacZkKoWTo2NY1TQM5POGsammqo1Ng85VA2kndgFG3YQ5SKbbaLf9\/7Lnm7sPAHjH7gCWnka4p1n64f\/9z\/+OL77x5VCuRRCEP775f\/4vtuoP4jaD2KDIQhSqWWMyyDVaGXfcNoDaDbuvjZ4e3up9SpLkS2s7TCRJwgd\/rG901zck4nFqmnXXW4U9U7\/vJOi7DHpeUDuJ9rCR+7C3r15BQlGwUizayu1Yyc8E\/WZZG+90\/fxupJOebae0GVHu49To2IZ2\/psJazyVJAnX37sBSZJCl7YiiCBIkoS3r15xlA08cex4x8v6MDnBTqcezGbdd2ZzuY6p6+KElewu0P32u\/A8Of59EJbj\/\/MnH8Un3\/u6+4EEQYTOjg8+w653\/h63GQRBEB2JWOjrwL79sTuNCIKIHlmWcf29GwCcnSR+dOcJopMQnda6ruPAvv2bWu4jCBcuXeRRwtT+iU6BRfybs34XCoVQsooJYgPwPAnMx8Cd5x+L2wSC2JRsWXuIr\/7+07jNIAiC6FiYzI+Xgt4EQWwMxJo\/nR4ZSRBB0HUdpxqZLJIkxSoN2I0kUynu9GdSKwTRCdRl92ZwYN9+\/m0ePXwE05NT5PQniAauGv+UwrVOGOmJD6StkP50LwRrCILwy5f++k9sWXsYtxkEQRAdC1vYk3YvQWx8Tk+MI6EoHScLRxBRUC6VUC6VIMuyba0WwppqpYKVYhEHMxm+gUIQnYSmaThx7HjcZhBER+Lq+KcJYLhs1R\/gKxRxTBAEQRBEB\/Lk7m\/FbQJBEG1CdPoD9YK9BLGRYU5rigT2z8nRMcgySacQBEF0G66Of4IgCIIgCIIgCGJjous63pycooAvYsNDTuvWIAlAgiCI7sO1uC9BEARBEARBEASxsUgoClY1jZyhBEEQBEEQG5PnKeKfIAiCIAiCIAhikxFG\/TKCIAiCIAiic9kK4DaAN2K2gyAIgiAIgiAIgiAIgiAIgiCI1rn9\/wGCXb6I9n7dTgAAAABJRU5ErkJggg==\" alt=\"Markalama G\u00f6rseli\" title=\"\"><\/p>\n<\/div>\n<div>\n<table style=\"width: 100%;\" cellspacing=\"0\" cellpadding=\"0\">\n<tbody>\n<tr>\n<td style=\"width: 120px; font-weight: bold;\">Norme<\/td>\n<td style=\"width: 400px; text-align: left;\">TS 5365<br \/>\nEN 24641 TYPE 1<\/td>\n<td style=\"width: 120px; font-weight: bold;\">Couleur<\/td>\n<td style=\"width: 400px;\">\n<div class=\"color-icons\"><img decoding=\"async\" src=\"data:image\/svg+xml;base64,PHN2ZyB2aWV3Qm94PSIwIDAgMTAwIDEwMCIgeG1sbnM9Imh0dHA6Ly93d3cudzMub3JnLzIwMDAvc3ZnIj4KICA8Y2lyY2xlIGN4PSI1MCIgY3k9IjUwIiByPSI0OSIgZmlsbD0iIzAwMDAwMCIgc3Ryb2tlPSJibGFjayIgc3Ryb2tlLXdpZHRoPSIwLjUiLz4KICA8Y2lyY2xlIGN4PSI1MCIgY3k9IjUwIiByPSIzOCIgZmlsbD0id2hpdGUiIHN0cm9rZT0iYmxhY2siIHN0cm9rZS13aWR0aD0iMC41Ii8+CiAgPGNpcmNsZSBjeD0iNTAiIGN5PSI1MCIgcj0iMzMiIGZpbGw9IiMwMDAwMDAiIHN0cm9rZT0iYmxhY2siIHN0cm9rZS13aWR0aD0iMC41Ii8+CiAgPGNpcmNsZSBjeD0iNTAiIGN5PSI1MCIgcj0iMjIiIGZpbGw9IndoaXRlIiBzdHJva2U9ImJsYWNrIiBzdHJva2Utd2lkdGg9IjAuNSIvPgo8L3N2Zz4=\" alt=\"\" title=\"\"><\/div>\n<\/td>\n<\/tr>\n<\/tbody>\n<\/table>\n<\/div>\n<\/div>\n<\/div>","protected":false},"excerpt":{"rendered":"<p>&nbsp; \u00dcr\u00fcn Ad\u0131: AKDENIZ \u00dcr\u00fcn Kodu: WCSD 120-3 Su Al\u0131c\u0131\/Verici BO\u011eUMLU Kullanim Alan\u0131 : Tar\u0131m, sanayi ve in\u015faat uygulamalar\u0131nda su emi\u015f ve da\u011f\u0131t\u0131m\u0131. Alt Katman : Do\u011fal ve Sentetik Kau\u00e7uk. Takviye Katman\u0131 : Y\u00fcksek Mukavemetli Sentetik Tekstil ve \u00c7elik Tel Spiral. \u00dcst Katman : A\u015f\u0131nmaya ve hava ko\u015fullar\u0131na dayan\u0131kl\u0131, bo\u011fumlu ve man\u015fet u\u00e7lu sentetik kau\u00e7uk. [&#8230;]\n","protected":false},"featured_media":22164,"comment_status":"open","ping_status":"closed","template":"","meta":{"jetpack_post_was_ever_published":false},"product_brand":[],"product_cat":[2349],"product_tag":[],"class_list":{"0":"post-21228","1":"product","2":"type-product","3":"status-publish","4":"has-post-thumbnail","6":"product_cat-sel_su_hortumlari","8":"first","9":"instock","10":"taxable","11":"shipping-taxable","12":"product-type-simple"},"jetpack-related-posts":[],"jetpack_sharing_enabled":true,"jetpack_likes_enabled":true,"_links":{"self":[{"href":"https:\/\/tuzlahortum.com.tr\/fr\/wp-json\/wp\/v2\/product\/21228","targetHints":{"allow":["GET"]}}],"collection":[{"href":"https:\/\/tuzlahortum.com.tr\/fr\/wp-json\/wp\/v2\/product"}],"about":[{"href":"https:\/\/tuzlahortum.com.tr\/fr\/wp-json\/wp\/v2\/types\/product"}],"replies":[{"embeddable":true,"href":"https:\/\/tuzlahortum.com.tr\/fr\/wp-json\/wp\/v2\/comments?post=21228"}],"wp:featuredmedia":[{"embeddable":true,"href":"https:\/\/tuzlahortum.com.tr\/fr\/wp-json\/wp\/v2\/media\/22164"}],"wp:attachment":[{"href":"https:\/\/tuzlahortum.com.tr\/fr\/wp-json\/wp\/v2\/media?parent=21228"}],"wp:term":[{"taxonomy":"product_brand","embeddable":true,"href":"https:\/\/tuzlahortum.com.tr\/fr\/wp-json\/wp\/v2\/product_brand?post=21228"},{"taxonomy":"product_cat","embeddable":true,"href":"https:\/\/tuzlahortum.com.tr\/fr\/wp-json\/wp\/v2\/product_cat?post=21228"},{"taxonomy":"product_tag","embeddable":true,"href":"https:\/\/tuzlahortum.com.tr\/fr\/wp-json\/wp\/v2\/product_tag?post=21228"}],"curies":[{"name":"wp","href":"https:\/\/api.w.org\/{rel}","templated":true}]}}