{"id":20923,"date":"2025-08-11T10:06:27","date_gmt":"2025-08-11T07:06:27","guid":{"rendered":"https:\/\/tuzlahortum.com.tr\/urun\/twinstream2k\/"},"modified":"2025-08-20T16:47:38","modified_gmt":"2025-08-20T13:47:38","slug":"twinstream2k","status":"publish","type":"product","link":"https:\/\/tuzlahortum.com.tr\/fr\/produit\/twinstream2k\/","title":{"rendered":"TWINSTREAM\u00ae2K"},"content":{"rendered":"<p>&nbsp;<\/p>\n<div class=\"report-container\">\n<div class=\"report-header\">\n<div class=\"standard-text\">Nom du produit : TWINSTREAM\u00ae2K<\/div>\n<div class=\"standard-text\">Code produit : GHT325S<\/div>\n<div class=\"standard-text\">Norme : sup\u00e9rieure \u00e0 EN 857 2SC<\/div>\n<\/div>\n<div class=\"product-image-container\">\n<div class=\"key-feature\"><\/div>\n<\/div>\n<div class=\"horizontal-line\"><\/div>\n<div class=\"product-details\">\n<div class=\"detail-row\">\n<div class=\"detail-label\">Domaine d&#039;utilisation<\/div>\n<div class=\"detail-value\">: Pour les syst\u00e8mes hydrauliques \u00e0 moyenne et haute pression dans l'industrie et l'agriculture<\/div>\n<\/div>\n<div class=\"detail-row\">\n<div class=\"detail-label\">Substrat<\/div>\n<div class=\"detail-value\">: Caoutchouc synth\u00e9tique sp\u00e9cial r\u00e9sistant aux huiles min\u00e9rales, v\u00e9g\u00e9tales et hydrauliques.<\/div>\n<\/div>\n<div class=\"detail-row\">\n<div class=\"detail-label\">Couche de renforcement<\/div>\n<div class=\"detail-value\">: Treillis m\u00e9tallique double couche \u00e0 haute r\u00e9sistance<\/div>\n<\/div>\n<div class=\"detail-row\">\n<div class=\"detail-label\">Couche sup\u00e9rieure<\/div>\n<div class=\"detail-value\">: Caoutchouc synth\u00e9tique sp\u00e9cial r\u00e9sistant \u00e0 l&#039;huile, \u00e0 l&#039;abrasion et aux intemp\u00e9ries<\/div>\n<\/div>\n<\/div>\n<div class=\"datasheet_table\"><img decoding=\"async\" class=\"alignnone size-full\" src=\"https:\/\/tuzlahortum.com.tr\/wp-content\/uploads\/2025\/08\/datasheet48.svg\" alt=\"\" title=\"\"><\/div>\n<div class=\"table-notes\">Rev\u00eatement plat<\/div>\n<div class=\"horizontal-line\"><\/div>\n<div class=\"footer\">\n<div class=\"standards-section\">\n<div class=\"standard-item\" style=\"margin-top: 9px;\"><img data-recalc-dims=\"1\" width=\"1020\" decoding=\"async\" style=\"margin-right: 10px;\" src=\"https:\/\/i0.wp.com\/tuzlahortum.com.tr\/wp-content\/uploads\/2025\/04\/msha-1.png?fit=1020%2C40&#038;ssl=1\" height=\"40\" alt=\"\" title=\"\"><\/div>\n<div class=\"standard-info\">Rev\u00eatement plat<\/div>\n<\/div>\n<div class=\"horizontal-line\"><\/div>\n<div class=\"temperature-section\">\n<div class=\"temp-icon\"><img decoding=\"async\" src=\"data:image\/svg+xml;base64,PD94bWwgdmVyc2lvbj0iMS4wIiBlbmNvZGluZz0iVVRGLTgiPz4KPHN2ZyBpZD0ia2F0bWFuXzIiIGRhdGEtbmFtZT0ia2F0bWFuIDIiIHhtbG5zPSJodHRwOi8vd3d3LnczLm9yZy8yMDAwL3N2ZyIgdmlld0JveD0iMCAwIDcyLjI3IDE2Ljk4Ij4KICA8ZGVmcz4KICAgIDxzdHlsZT4KICAgICAgLmNscy0xIHsKICAgICAgICBzdHJva2Utd2lkdGg6IC41OXB4OwogICAgICB9CgogICAgICAuY2xzLTEsIC5jbHMtMiwgLmNscy0zLCAuY2xzLTQgewogICAgICAgIGZpbGw6IG5vbmU7CiAgICAgICAgc3Ryb2tlLW1pdGVybGltaXQ6IDMuODY7CiAgICAgIH0KCiAgICAgIC5jbHMtMSwgLmNscy0zLCAuY2xzLTQgewogICAgICAgIHN0cm9rZTogI2E3YTlhYjsKICAgICAgfQoKICAgICAgLmNscy01IHsKICAgICAgICBmaWxsOiAjYTdhOWFiOwogICAgICB9CgogICAgICAuY2xzLTIgewogICAgICAgIHN0cm9rZTogI2ZmZjsKICAgICAgfQoKICAgICAgLmNscy0zIHsKICAgICAgICBzdHJva2Utd2lkdGg6IDIuMDZweDsKICAgICAgfQoKICAgICAgLmNscy00IHsKICAgICAgICBzdHJva2Utd2lkdGg6IC4ycHg7CiAgICAgIH0KICAgIDwvc3R5bGU+CiAgPC9kZWZzPgogIDxnIGlkPSJrYXRtYW5fMSIgZGF0YS1uYW1lPSJrYXRtYW4gMSI+CiAgICA8Zz4KICAgICAgPHBhdGggY2xhc3M9ImNscy0zIiBkPSJNMTEuMzQsMTEuNTdjLS45NCwxLjcxLTIuNzEsMi42Ni00LjgsMi42Ni0zLjA1LDAtNS41MS0yLjQ3LTUuNTEtNS41MlMzLjUsMy4xOSw2LjU1LDMuMTljMS45NCwwLDMuNjUsMSw0LjYzLDIuNTIiLz4KICAgICAgPGNpcmNsZSBjbGFzcz0iY2xzLTUiIGN4PSI2LjU1IiBjeT0iOC42NiIgcj0iMi40Ii8+CiAgICAgIDxjaXJjbGUgY2xhc3M9ImNscy0yIiBjeD0iNi41NSIgY3k9IjguNjYiIHI9IjIuNCIvPgogICAgICA8bGluZSBjbGFzcz0iY2xzLTMiIHgxPSI2OC4zNCIgeTE9IjExLjc2IiB4Mj0iOS45MiIgeTI9IjExLjc2Ii8+CiAgICAgIDxsaW5lIGNsYXNzPSJjbHMtMyIgeDE9IjY4Ljc4IiB5MT0iNS41MSIgeDI9IjkuNzMiIHkyPSI1LjUxIi8+CiAgICAgIDxsaW5lIGNsYXNzPSJjbHMtMyIgeDE9IjU0LjA3IiB5MT0iOC43NSIgeDI9IjguNjQiIHkyPSI4Ljc1Ii8+CiAgICAgIDxwYXRoIGNsYXNzPSJjbHMtMyIgZD0iTTY4LjE1LDUuNTVjMS43MSwwLDMuMDksMS4zOSwzLjA5LDMuMDlzLTEuOTIsMy4wNi0zLjYyLDMuMDYiLz4KICAgICAgPHBhdGggY2xhc3M9ImNscy01IiBkPSJNNTMuOTEsOC43NWMwLS4xNC4xMi0uMjYuMjYtLjI2cy4yNy4xMi4yNy4yNi0uMTIuMjctLjI3LjI3LS4yNi0uMTItLjI2LS4yN1oiLz4KICAgICAgPHBhdGggY2xhc3M9ImNscy0zIiBkPSJNNTMuOTEsOC43NWMwLS4xNC4xMi0uMjYuMjYtLjI2cy4yNy4xMi4yNy4yNi0uMTIuMjctLjI3LjI3LS4yNi0uMTItLjI2LS4yN1oiLz4KICAgICAgPGxpbmUgY2xhc3M9ImNscy0xIiB4MT0iMzYuNDMiIHkxPSIxNi45OCIgeDI9IjM2LjQzIiB5Mj0iMTQuMjQiLz4KICAgICAgPGxpbmUgY2xhc3M9ImNscy0xIiB4MT0iMjguMDUiIHkxPSIxNi45OCIgeDI9IjI4LjA1IiB5Mj0iMTQuMjQiLz4KICAgICAgPGxpbmUgY2xhc3M9ImNscy0xIiB4MT0iMTkuNTkiIHkxPSIxNi45OCIgeDI9IjE5LjU5IiB5Mj0iMTQuMjQiLz4KICAgICAgPGxpbmUgY2xhc3M9ImNscy0xIiB4MT0iNDEuNTciIHkxPSIyLjc0IiB4Mj0iNDEuNTciLz4KICAgICAgPGxpbmUgY2xhc3M9ImNscy0xIiB4MT0iMzMuMjgiIHkxPSIyLjc0IiB4Mj0iMzMuMjgiLz4KICAgICAgPGxpbmUgY2xhc3M9ImNscy0xIiB4MT0iMjQuOTkiIHkxPSIyLjc0IiB4Mj0iMjQuOTkiLz4KICAgICAgPGxpbmUgY2xhc3M9ImNscy0xIiB4MT0iMTYuMDgiIHkxPSIyLjc0IiB4Mj0iMTYuMDgiLz4KICAgICAgPGxpbmUgY2xhc3M9ImNscy0xIiB4MT0iNDQuNjMiIHkxPSIxNi45OCIgeDI9IjQ0LjYzIiB5Mj0iMTQuMjQiLz4KICAgICAgPGxpbmUgY2xhc3M9ImNscy0xIiB4MT0iNDkuNDkiIHkxPSIyLjc0IiB4Mj0iNDkuNDkiLz4KICAgICAgPGxpbmUgY2xhc3M9ImNscy00IiB4MT0iNDAuODgiIHkxPSIxNi45OCIgeDI9IjQwLjg4IiB5Mj0iMTQuMjQiLz4KICAgICAgPGxpbmUgY2xhc3M9ImNscy00IiB4MT0iMzIuMzMiIHkxPSIxNi45OCIgeDI9IjMyLjMzIiB5Mj0iMTQuMjQiLz4KICAgICAgPGxpbmUgY2xhc3M9ImNscy00IiB4MT0iMjMuNzkiIHkxPSIxNi45OCIgeDI9IjIzLjc5IiB5Mj0iMTQuMjQiLz4KICAgICAgPGxpbmUgY2xhc3M9ImNscy00IiB4MT0iMjAuNTkiIHkxPSIyLjc0IiB4Mj0iMjAuNTkiLz4KICAgICAgPGxpbmUgY2xhc3M9ImNscy00IiB4MT0iMjkuMTMiIHkxPSIyLjc0IiB4Mj0iMjkuMTMiLz4KICAgICAgPGxpbmUgY2xhc3M9ImNscy00IiB4MT0iMzcuMTYiIHkxPSIyLjc0IiB4Mj0iMzcuMTYiLz4KICAgICAgPGxpbmUgY2xhc3M9ImNscy00IiB4MT0iNDUuNzEiIHkxPSIyLjc0IiB4Mj0iNDUuNzEiLz4KICAgIDwvZz4KICA8L2c+Cjwvc3ZnPg==\" alt=\"S\u0131cakl\u0131k\" width=\"100\" title=\"\"><\/div>\n<div class=\"temp-values\">\n<div>-40\u00b0C \/ +100\u00b0C (+125\u00b0C \u00e0 court terme)<\/div>\n<div>-40\u00b0F \/ +212\u00b0F (257\u00b0F \u00e0 court terme)<\/div>\n<\/div>\n<\/div>\n<div class=\"marking-section\">\n<div class=\"detail-row\">\n<div class=\"detail-label\">Image de marque<\/div>\n<div class=\"detail-value\">: Ruban de transfert, en relief ou \u00e0 jet d&#039;encre<\/div>\n<\/div>\n<\/div>\n<div>\n<table style=\"width: 100%;\" cellspacing=\"0\" cellpadding=\"0\">\n<tbody>\n<tr>\n<td style=\"width: 120px; font-weight: bold;\">Norme<\/td>\n<td style=\"width: 400px; text-align: left;\">D\u00c9PASSE LA NORME EN 857 2SC<br \/>\nISO 11237-1 2SC<\/td>\n<td style=\"width: 120px; font-weight: bold;\">Couleur<\/td>\n<td style=\"width: 400px;\">\n<div class=\"color-icons\"><img decoding=\"async\" src=\"data:image\/svg+xml;base64,PHN2ZyB2aWV3Qm94PSIwIDAgMTAwIDEwMCIgeG1sbnM9Imh0dHA6Ly93d3cudzMub3JnLzIwMDAvc3ZnIj4KICA8Y2lyY2xlIGN4PSI1MCIgY3k9IjUwIiByPSI0OSIgZmlsbD0iIzAwMDAwMCIgc3Ryb2tlPSJibGFjayIgc3Ryb2tlLXdpZHRoPSIwLjUiLz4KICA8Y2lyY2xlIGN4PSI1MCIgY3k9IjUwIiByPSIzOCIgZmlsbD0id2hpdGUiIHN0cm9rZT0iYmxhY2siIHN0cm9rZS13aWR0aD0iMC41Ii8+CiAgPGNpcmNsZSBjeD0iNTAiIGN5PSI1MCIgcj0iMzMiIGZpbGw9IiMwMDAwMDAiIHN0cm9rZT0iYmxhY2siIHN0cm9rZS13aWR0aD0iMC41Ii8+CiAgPGNpcmNsZSBjeD0iNTAiIGN5PSI1MCIgcj0iMjIiIGZpbGw9IndoaXRlIiBzdHJva2U9ImJsYWNrIiBzdHJva2Utd2lkdGg9IjAuNSIvPgo8L3N2Zz4=\" alt=\"\" title=\"\"><\/div>\n<\/td>\n<\/tr>\n<\/tbody>\n<\/table>\n<\/div>\n<\/div>\n<\/div>","protected":false},"excerpt":{"rendered":"<p>&nbsp; \u00dcr\u00fcn Ad\u0131: TWINSTREAM\u00ae2K \u00dcr\u00fcn Kodu: GHT325S Standart: EN 857 2SC \u00dcst\u00fcnde Kullanim Alan\u0131 : Sanayi ve Tar\u0131mda Orta-Y\u00fcksek Bas\u0131n\u00e7l\u0131 Hidrolik Sistemler \u0130\u00e7in Alt Katman : Mineral, bitkisel ve hidrolik ya\u011fa dayan\u0131kl\u0131 \u00f6zel sentetik kau\u00e7uk. Takviye Katman\u0131 : \u00c7ift Kat Y\u00fcksek Mukavemetli \u00c7elik Tel \u00d6rg\u00fc \u00dcst Katman : Ya\u011f, A\u015f\u0131nmaya ve Hava Ko\u015fullar\u0131na Dayan\u0131kl\u0131 \u00d6zel [&#8230;]\n","protected":false},"featured_media":20921,"comment_status":"open","ping_status":"closed","template":"","meta":{"jetpack_post_was_ever_published":false},"product_brand":[],"product_cat":[2387],"product_tag":[],"class_list":{"0":"post-20923","1":"product","2":"type-product","3":"status-publish","4":"has-post-thumbnail","6":"product_cat-orgulu_tel_hidrolik","8":"first","9":"instock","10":"taxable","11":"shipping-taxable","12":"product-type-simple"},"jetpack-related-posts":[{"id":20983,"url":"https:\/\/tuzlahortum.com.tr\/fr\/produit\/super-abra-2k\/","url_meta":{"origin":20923,"position":0},"title":"SUPER ABRA 2K","author":"admin","date":"11 ao\u00fbt 2025","format":false,"excerpt":"\u00a0 \u00dcr\u00fcn Ad\u0131: SUPER ABRA 2K \u00dcr\u00fcn Kodu: GHH32SB Standart: EN 857 2SC \u00dcst\u00fcnde S\u00fcper Y\u00fcksek A\u015f\u0131nma Kullanim Alan\u0131 : Sanayi ve tar\u0131mda orta-y\u00fcksek bas\u0131n\u00e7l\u0131 hidrolik sistemler i\u00e7in. Alt Katman : Mineral, Bitkisel ve Hidrolik Ya\u011fa Dayan\u0131kl\u0131 \u00d6zel Sentetik Kau\u00e7uk Takviye Katman\u0131 : Tek Kat Y\u00fcksek Mukavemetli \u00c7elik Tel \u00d6rg\u00fc\u2026","rel":"","context":"Article similaire","block_context":{"text":"Article similaire","link":""},"img":{"alt_text":"","src":"https:\/\/i0.wp.com\/tuzlahortum.com.tr\/wp-content\/uploads\/2025\/08\/HYD_54-1.png?fit=586%2C586&ssl=1&resize=350%2C200","width":350,"height":200,"srcset":"https:\/\/i0.wp.com\/tuzlahortum.com.tr\/wp-content\/uploads\/2025\/08\/HYD_54-1.png?fit=586%2C586&ssl=1&resize=350%2C200 1x, https:\/\/i0.wp.com\/tuzlahortum.com.tr\/wp-content\/uploads\/2025\/08\/HYD_54-1.png?fit=586%2C586&ssl=1&resize=525%2C300 1.5x"},"classes":[]},{"id":22726,"url":"https:\/\/tuzlahortum.com.tr\/fr\/produit\/dynamic2k\/","url_meta":{"origin":20923,"position":1},"title":"DYNAMIC\u00ae2K","author":"admin","date":"11 ao\u00fbt 2025","format":false,"excerpt":"\u00a0 \u00dcr\u00fcn Ad\u0131: DYNAMIC\u00ae2K \u00dcr\u00fcn Kodu: HWBD325 Y\u00fcksek Ozon Diren\u00e7li 2 Kat \u00c7elik Tel \u00d6rg\u00fc Kullanim Alan\u0131 : Hidrolik Ya\u011flar, Mineral ve Bitkisel Ya\u011flay\u0131c\u0131lar Kullanan Orta-Y\u00fcksek Bas\u0131n\u00e7l\u0131 Hidrolik Sistemler \u0130\u00e7in. Alt Katman : Mineral, bitkisel ve hidrolik ya\u011fa dayan\u0131kl\u0131 \u00f6zel sentetik kau\u00e7uk. Takviye Katman\u0131 : \u00c7ift Kat Y\u00fcksek Mukavemetli \u00c7elik\u2026","rel":"","context":"Article similaire","block_context":{"text":"Article similaire","link":""},"img":{"alt_text":"","src":"https:\/\/i0.wp.com\/tuzlahortum.com.tr\/wp-content\/uploads\/2025\/08\/HYD_27.png?fit=580%2C580&ssl=1&resize=350%2C200","width":350,"height":200,"srcset":"https:\/\/i0.wp.com\/tuzlahortum.com.tr\/wp-content\/uploads\/2025\/08\/HYD_27.png?fit=580%2C580&ssl=1&resize=350%2C200 1x, https:\/\/i0.wp.com\/tuzlahortum.com.tr\/wp-content\/uploads\/2025\/08\/HYD_27.png?fit=580%2C580&ssl=1&resize=525%2C300 1.5x"},"classes":[]},{"id":20914,"url":"https:\/\/tuzlahortum.com.tr\/fr\/produit\/ultrastream2k\/","url_meta":{"origin":20923,"position":2},"title":"ULTRASTREAM\u00ae2K","author":"admin","date":"11 ao\u00fbt 2025","format":false,"excerpt":"\u00a0 \u00dcr\u00fcn Ad\u0131: ULTRASTREAM\u00ae2K \u00dcr\u00fcn Kodu: HWB2N- K32U Standart: EN 857 2SC \u00dcst\u00fcn \u00c7ift Kat \u00c7elik Tel \u00d6rg\u00fc Kullanim Alan\u0131 : Sanayi ve Tar\u0131mda Y\u00fcksek Bas\u0131n\u00e7l\u0131 Hidrolik Sistemler \u0130\u00e7in Alt Katman : Mineral, bitkisel ve hidrolik ya\u011fa dayan\u0131kl\u0131 \u00f6zel sentetik kau\u00e7uk. Takviye Katman\u0131 : \u00c7ift Kat Y\u00fcksek Mukavemetli \u00c7elik Tel\u2026","rel":"","context":"Article similaire","block_context":{"text":"Article similaire","link":""},"img":{"alt_text":"","src":"https:\/\/i0.wp.com\/tuzlahortum.com.tr\/wp-content\/uploads\/2025\/08\/HYD_26.png?fit=593%2C593&ssl=1&resize=350%2C200","width":350,"height":200,"srcset":"https:\/\/i0.wp.com\/tuzlahortum.com.tr\/wp-content\/uploads\/2025\/08\/HYD_26.png?fit=593%2C593&ssl=1&resize=350%2C200 1x, https:\/\/i0.wp.com\/tuzlahortum.com.tr\/wp-content\/uploads\/2025\/08\/HYD_26.png?fit=593%2C593&ssl=1&resize=525%2C300 1.5x"},"classes":[]},{"id":20893,"url":"https:\/\/tuzlahortum.com.tr\/fr\/produit\/superstream2k\/","url_meta":{"origin":20923,"position":3},"title":"SUPERSTREAM\u00ae2K","author":"admin","date":"11 ao\u00fbt 2025","format":false,"excerpt":"\u00a0 \u00dcr\u00fcn Ad\u0131: SUPERSTREAM\u00ae2K Standart: EN 857 2SC \u00dcst\u00fcn \u00c7ift Kat \u00c7elik Tel \u00d6rg\u00fc - S\u00fcper Kompakt Kullanim Alan\u0131 : Sanayi ve tar\u0131mda y\u00fcksek bas\u0131n\u00e7l\u0131 hidrolik sistemler i\u00e7in. Alt Katman : Mineral, Bitkisel ve Hidrolik Ya\u011fa Dayan\u0131kl\u0131 \u00d6zel Sentetik Kau\u00e7uk Takviye Katman\u0131 : \u00c7ift Kat Y\u00fcksek Mukavemetli \u00c7elik Tel \u00d6rg\u00fc\u2026","rel":"","context":"Article similaire","block_context":{"text":"Article similaire","link":""},"img":{"alt_text":"","src":"https:\/\/i0.wp.com\/tuzlahortum.com.tr\/wp-content\/uploads\/2025\/08\/HYD_25.png?fit=580%2C580&ssl=1&resize=350%2C200","width":350,"height":200,"srcset":"https:\/\/i0.wp.com\/tuzlahortum.com.tr\/wp-content\/uploads\/2025\/08\/HYD_25.png?fit=580%2C580&ssl=1&resize=350%2C200 1x, https:\/\/i0.wp.com\/tuzlahortum.com.tr\/wp-content\/uploads\/2025\/08\/HYD_25.png?fit=580%2C580&ssl=1&resize=525%2C300 1.5x"},"classes":[]},{"id":21025,"url":"https:\/\/tuzlahortum.com.tr\/fr\/produit\/x-5000\/","url_meta":{"origin":20923,"position":4},"title":"X-5000+","author":"admin","date":"11 ao\u00fbt 2025","format":false,"excerpt":"\u00a0 \u00dcr\u00fcn Ad\u0131: X-5000+ \u00dcr\u00fcn Kodu: GHH350 Standart: ISO 18752 \u00dcst\u00fcnde Ekstra Esneklik Kullanim Alan\u0131 : Y\u00fcksek tepe bas\u0131n\u00e7lar\u0131na ve zorlu \u00e7al\u0131\u015fma ko\u015fullar\u0131na sahip hidrolik sistemler i\u00e7in y\u00fcksek esneklikle uygun. Alt Katman : Mineral, ester bazl\u0131 ya\u011f, bitkisel ve glikol bazl\u0131 hidrolik ya\u011fa dayan\u0131kl\u0131 \u00f6zel sentetik kau\u00e7uk Takviye Katman\u0131 :\u2026","rel":"","context":"Article similaire","block_context":{"text":"Article similaire","link":""},"img":{"alt_text":"","src":"https:\/\/i0.wp.com\/tuzlahortum.com.tr\/wp-content\/uploads\/2025\/08\/HYD_69-1.png?fit=725%2C725&ssl=1&resize=350%2C200","width":350,"height":200,"srcset":"https:\/\/i0.wp.com\/tuzlahortum.com.tr\/wp-content\/uploads\/2025\/08\/HYD_69-1.png?fit=725%2C725&ssl=1&resize=350%2C200 1x, https:\/\/i0.wp.com\/tuzlahortum.com.tr\/wp-content\/uploads\/2025\/08\/HYD_69-1.png?fit=725%2C725&ssl=1&resize=525%2C300 1.5x, https:\/\/i0.wp.com\/tuzlahortum.com.tr\/wp-content\/uploads\/2025\/08\/HYD_69-1.png?fit=725%2C725&ssl=1&resize=700%2C400 2x"},"classes":[]},{"id":21160,"url":"https:\/\/tuzlahortum.com.tr\/fr\/produit\/selbrake\/","url_meta":{"origin":20923,"position":5},"title":"SELBRAKE","author":"admin","date":"11 ao\u00fbt 2025","format":false,"excerpt":"\u00a0 \u00dcr\u00fcn Ad\u0131: SELBRAKE \u00dcr\u00fcn Kodu: HB381\/HB383 Standart: SAE J 1401 Hidrolik Fren Kullanim Alan\u0131 : Otomotiv Hidrolik Fren Sistemlerinde Alt Katman : Hidrolik Fren S\u0131v\u0131s\u0131na Dayan\u0131kl\u0131 \u00d6zel Sentetik Kau\u00e7uk Takviye Katman\u0131 : Y\u00fcksek Mukavemetli Sentetik Tekstil. \u00dcst Katman : A\u015f\u0131nma, Ozon ve Hava Ko\u015fullar\u0131na Dayan\u0131kl\u0131 \u00d6zel Sentetik Kau\u00e7uk SERT\u0130F\u0130KA:\u2026","rel":"","context":"Article similaire","block_context":{"text":"Article similaire","link":""},"img":{"alt_text":"","src":"https:\/\/i0.wp.com\/tuzlahortum.com.tr\/wp-content\/uploads\/2025\/08\/HYD_118.png?fit=587%2C587&ssl=1&resize=350%2C200","width":350,"height":200,"srcset":"https:\/\/i0.wp.com\/tuzlahortum.com.tr\/wp-content\/uploads\/2025\/08\/HYD_118.png?fit=587%2C587&ssl=1&resize=350%2C200 1x, https:\/\/i0.wp.com\/tuzlahortum.com.tr\/wp-content\/uploads\/2025\/08\/HYD_118.png?fit=587%2C587&ssl=1&resize=525%2C300 1.5x"},"classes":[]}],"jetpack_sharing_enabled":true,"jetpack_likes_enabled":true,"_links":{"self":[{"href":"https:\/\/tuzlahortum.com.tr\/fr\/wp-json\/wp\/v2\/product\/20923","targetHints":{"allow":["GET"]}}],"collection":[{"href":"https:\/\/tuzlahortum.com.tr\/fr\/wp-json\/wp\/v2\/product"}],"about":[{"href":"https:\/\/tuzlahortum.com.tr\/fr\/wp-json\/wp\/v2\/types\/product"}],"replies":[{"embeddable":true,"href":"https:\/\/tuzlahortum.com.tr\/fr\/wp-json\/wp\/v2\/comments?post=20923"}],"wp:featuredmedia":[{"embeddable":true,"href":"https:\/\/tuzlahortum.com.tr\/fr\/wp-json\/wp\/v2\/media\/20921"}],"wp:attachment":[{"href":"https:\/\/tuzlahortum.com.tr\/fr\/wp-json\/wp\/v2\/media?parent=20923"}],"wp:term":[{"taxonomy":"product_brand","embeddable":true,"href":"https:\/\/tuzlahortum.com.tr\/fr\/wp-json\/wp\/v2\/product_brand?post=20923"},{"taxonomy":"product_cat","embeddable":true,"href":"https:\/\/tuzlahortum.com.tr\/fr\/wp-json\/wp\/v2\/product_cat?post=20923"},{"taxonomy":"product_tag","embeddable":true,"href":"https:\/\/tuzlahortum.com.tr\/fr\/wp-json\/wp\/v2\/product_tag?post=20923"}],"curies":[{"name":"wp","href":"https:\/\/api.w.org\/{rel}","templated":true}]}}