{"id":20875,"date":"2025-08-11T10:01:29","date_gmt":"2025-08-11T07:01:29","guid":{"rendered":"https:\/\/tuzlahortum.com.tr\/urun\/forcestream2a\/"},"modified":"2025-08-20T16:49:51","modified_gmt":"2025-08-20T13:49:51","slug":"forcestream2a","status":"publish","type":"product","link":"https:\/\/tuzlahortum.com.tr\/fr\/produit\/forcestream2a\/","title":{"rendered":"FORCESTREAM\u00ae2A"},"content":{"rendered":"<p>&nbsp;<\/p>\n<div class=\"report-container\">\n<div class=\"report-header\">\n<div class=\"standard-text\">Nom du produit : FORCESTREAM 2ST<\/div>\n<div class=\"standard-text\">Code produit : HWB322<\/div>\n<div class=\"standard-text\">Norme : SAE 100 R2 A\/DIN-EN 853 2ST<\/div>\n<\/div>\n<div class=\"product-image-container\">\n<div class=\"key-feature\">Treillis m\u00e9tallique \u00e0 double couche<\/div>\n<\/div>\n<div class=\"horizontal-line\"><\/div>\n<div class=\"product-details\">\n<div class=\"detail-row\">\n<div class=\"detail-label\">Domaine d&#039;utilisation<\/div>\n<div class=\"detail-value\">: Pour les syst\u00e8mes hydrauliques \u00e0 basse et moyenne pression dans l'industrie et l'agriculture<\/div>\n<\/div>\n<div class=\"detail-row\">\n<div class=\"detail-label\">Substrat<\/div>\n<div class=\"detail-value\">: Caoutchouc synth\u00e9tique sp\u00e9cial r\u00e9sistant aux huiles min\u00e9rales, v\u00e9g\u00e9tales et hydrauliques<\/div>\n<\/div>\n<div class=\"detail-row\">\n<div class=\"detail-label\">Couche de renforcement<\/div>\n<div class=\"detail-value\">: Treillis m\u00e9tallique double couche \u00e0 haute r\u00e9sistance<\/div>\n<\/div>\n<div class=\"detail-row\">\n<div class=\"detail-label\">Couche sup\u00e9rieure<\/div>\n<div class=\"detail-value\">: Caoutchouc synth\u00e9tique sp\u00e9cial r\u00e9sistant \u00e0 l&#039;huile, \u00e0 l&#039;abrasion et aux intemp\u00e9ries<\/div>\n<\/div>\n<\/div>\n<div class=\"datasheet_table\"><img decoding=\"async\" class=\"alignnone size-full\" src=\"https:\/\/tuzlahortum.com.tr\/wp-content\/uploads\/2025\/08\/datasheet20.svg\" alt=\"\" title=\"\"><\/div>\n<div class=\"table-notes\"><\/div>\n<div class=\"horizontal-line\"><\/div>\n<div class=\"footer\">\n<div class=\"standards-section\">\n<div class=\"standard-item\" style=\"margin-top: 9px;\"><img data-recalc-dims=\"1\" width=\"1020\" decoding=\"async\" style=\"margin-right: 10px;\" src=\"https:\/\/i0.wp.com\/tuzlahortum.com.tr\/wp-content\/uploads\/2025\/04\/msha-1.png?fit=1020%2C40&#038;ssl=1\" height=\"40\" alt=\"\" title=\"\"><br \/>\n<img data-recalc-dims=\"1\" width=\"1020\" decoding=\"async\" style=\"margin-right: 10px;\" src=\"https:\/\/i0.wp.com\/tuzlahortum.com.tr\/wp-content\/uploads\/2025\/04\/tse-1.png?fit=1020%2C40&#038;ssl=1\" height=\"40\" alt=\"\" title=\"\"><\/div>\n<div class=\"standard-info\"><\/div>\n<\/div>\n<div class=\"horizontal-line\"><\/div>\n<div class=\"temperature-section\">\n<div class=\"temp-icon\"><img decoding=\"async\" src=\"data:image\/svg+xml;base64,PD94bWwgdmVyc2lvbj0iMS4wIiBlbmNvZGluZz0iVVRGLTgiPz4KPHN2ZyBpZD0ia2F0bWFuXzIiIGRhdGEtbmFtZT0ia2F0bWFuIDIiIHhtbG5zPSJodHRwOi8vd3d3LnczLm9yZy8yMDAwL3N2ZyIgdmlld0JveD0iMCAwIDcyLjI3IDE2Ljk4Ij4KICA8ZGVmcz4KICAgIDxzdHlsZT4KICAgICAgLmNscy0xIHsKICAgICAgICBzdHJva2Utd2lkdGg6IC41OXB4OwogICAgICB9CgogICAgICAuY2xzLTEsIC5jbHMtMiwgLmNscy0zLCAuY2xzLTQgewogICAgICAgIGZpbGw6IG5vbmU7CiAgICAgICAgc3Ryb2tlLW1pdGVybGltaXQ6IDMuODY7CiAgICAgIH0KCiAgICAgIC5jbHMtMSwgLmNscy0zLCAuY2xzLTQgewogICAgICAgIHN0cm9rZTogI2E3YTlhYjsKICAgICAgfQoKICAgICAgLmNscy01IHsKICAgICAgICBmaWxsOiAjYTdhOWFiOwogICAgICB9CgogICAgICAuY2xzLTIgewogICAgICAgIHN0cm9rZTogI2ZmZjsKICAgICAgfQoKICAgICAgLmNscy0zIHsKICAgICAgICBzdHJva2Utd2lkdGg6IDIuMDZweDsKICAgICAgfQoKICAgICAgLmNscy00IHsKICAgICAgICBzdHJva2Utd2lkdGg6IC4ycHg7CiAgICAgIH0KICAgIDwvc3R5bGU+CiAgPC9kZWZzPgogIDxnIGlkPSJrYXRtYW5fMSIgZGF0YS1uYW1lPSJrYXRtYW4gMSI+CiAgICA8Zz4KICAgICAgPHBhdGggY2xhc3M9ImNscy0zIiBkPSJNMTEuMzQsMTEuNTdjLS45NCwxLjcxLTIuNzEsMi42Ni00LjgsMi42Ni0zLjA1LDAtNS41MS0yLjQ3LTUuNTEtNS41MlMzLjUsMy4xOSw2LjU1LDMuMTljMS45NCwwLDMuNjUsMSw0LjYzLDIuNTIiLz4KICAgICAgPGNpcmNsZSBjbGFzcz0iY2xzLTUiIGN4PSI2LjU1IiBjeT0iOC42NiIgcj0iMi40Ii8+CiAgICAgIDxjaXJjbGUgY2xhc3M9ImNscy0yIiBjeD0iNi41NSIgY3k9IjguNjYiIHI9IjIuNCIvPgogICAgICA8bGluZSBjbGFzcz0iY2xzLTMiIHgxPSI2OC4zNCIgeTE9IjExLjc2IiB4Mj0iOS45MiIgeTI9IjExLjc2Ii8+CiAgICAgIDxsaW5lIGNsYXNzPSJjbHMtMyIgeDE9IjY4Ljc4IiB5MT0iNS41MSIgeDI9IjkuNzMiIHkyPSI1LjUxIi8+CiAgICAgIDxsaW5lIGNsYXNzPSJjbHMtMyIgeDE9IjU0LjA3IiB5MT0iOC43NSIgeDI9IjguNjQiIHkyPSI4Ljc1Ii8+CiAgICAgIDxwYXRoIGNsYXNzPSJjbHMtMyIgZD0iTTY4LjE1LDUuNTVjMS43MSwwLDMuMDksMS4zOSwzLjA5LDMuMDlzLTEuOTIsMy4wNi0zLjYyLDMuMDYiLz4KICAgICAgPHBhdGggY2xhc3M9ImNscy01IiBkPSJNNTMuOTEsOC43NWMwLS4xNC4xMi0uMjYuMjYtLjI2cy4yNy4xMi4yNy4yNi0uMTIuMjctLjI3LjI3LS4yNi0uMTItLjI2LS4yN1oiLz4KICAgICAgPHBhdGggY2xhc3M9ImNscy0zIiBkPSJNNTMuOTEsOC43NWMwLS4xNC4xMi0uMjYuMjYtLjI2cy4yNy4xMi4yNy4yNi0uMTIuMjctLjI3LjI3LS4yNi0uMTItLjI2LS4yN1oiLz4KICAgICAgPGxpbmUgY2xhc3M9ImNscy0xIiB4MT0iMzYuNDMiIHkxPSIxNi45OCIgeDI9IjM2LjQzIiB5Mj0iMTQuMjQiLz4KICAgICAgPGxpbmUgY2xhc3M9ImNscy0xIiB4MT0iMjguMDUiIHkxPSIxNi45OCIgeDI9IjI4LjA1IiB5Mj0iMTQuMjQiLz4KICAgICAgPGxpbmUgY2xhc3M9ImNscy0xIiB4MT0iMTkuNTkiIHkxPSIxNi45OCIgeDI9IjE5LjU5IiB5Mj0iMTQuMjQiLz4KICAgICAgPGxpbmUgY2xhc3M9ImNscy0xIiB4MT0iNDEuNTciIHkxPSIyLjc0IiB4Mj0iNDEuNTciLz4KICAgICAgPGxpbmUgY2xhc3M9ImNscy0xIiB4MT0iMzMuMjgiIHkxPSIyLjc0IiB4Mj0iMzMuMjgiLz4KICAgICAgPGxpbmUgY2xhc3M9ImNscy0xIiB4MT0iMjQuOTkiIHkxPSIyLjc0IiB4Mj0iMjQuOTkiLz4KICAgICAgPGxpbmUgY2xhc3M9ImNscy0xIiB4MT0iMTYuMDgiIHkxPSIyLjc0IiB4Mj0iMTYuMDgiLz4KICAgICAgPGxpbmUgY2xhc3M9ImNscy0xIiB4MT0iNDQuNjMiIHkxPSIxNi45OCIgeDI9IjQ0LjYzIiB5Mj0iMTQuMjQiLz4KICAgICAgPGxpbmUgY2xhc3M9ImNscy0xIiB4MT0iNDkuNDkiIHkxPSIyLjc0IiB4Mj0iNDkuNDkiLz4KICAgICAgPGxpbmUgY2xhc3M9ImNscy00IiB4MT0iNDAuODgiIHkxPSIxNi45OCIgeDI9IjQwLjg4IiB5Mj0iMTQuMjQiLz4KICAgICAgPGxpbmUgY2xhc3M9ImNscy00IiB4MT0iMzIuMzMiIHkxPSIxNi45OCIgeDI9IjMyLjMzIiB5Mj0iMTQuMjQiLz4KICAgICAgPGxpbmUgY2xhc3M9ImNscy00IiB4MT0iMjMuNzkiIHkxPSIxNi45OCIgeDI9IjIzLjc5IiB5Mj0iMTQuMjQiLz4KICAgICAgPGxpbmUgY2xhc3M9ImNscy00IiB4MT0iMjAuNTkiIHkxPSIyLjc0IiB4Mj0iMjAuNTkiLz4KICAgICAgPGxpbmUgY2xhc3M9ImNscy00IiB4MT0iMjkuMTMiIHkxPSIyLjc0IiB4Mj0iMjkuMTMiLz4KICAgICAgPGxpbmUgY2xhc3M9ImNscy00IiB4MT0iMzcuMTYiIHkxPSIyLjc0IiB4Mj0iMzcuMTYiLz4KICAgICAgPGxpbmUgY2xhc3M9ImNscy00IiB4MT0iNDUuNzEiIHkxPSIyLjc0IiB4Mj0iNDUuNzEiLz4KICAgIDwvZz4KICA8L2c+Cjwvc3ZnPg==\" alt=\"S\u0131cakl\u0131k\" width=\"100\" title=\"\"><\/div>\n<div class=\"temp-values\">\n<div>-40\u00b0C \/ +100\u00b0C (+125\u00b0C \u00e0 court terme)<\/div>\n<div>-40\u00b0F \/ +212\u00b0F (257\u00b0F \u00e0 court terme)<\/div>\n<\/div>\n<\/div>\n<div class=\"marking-section\">\n<div class=\"detail-row\">\n<div class=\"detail-label\">Image de marque<\/div>\n<div class=\"detail-value\">: Ruban de transfert, en relief ou \u00e0 jet d&#039;encre<\/div>\n<\/div>\n<p><img decoding=\"async\" class=\"marking-image\" src=\"data:image\/png;base64,iVBORw0KGgoAAAANSUhEUgAAAfAAAAANCAYAAABW1zyVAAAABmJLR0QA\/wD\/AP+gvaeTAAAajklEQVR4nO2cZ1hU19aAX6bQQbogiESpojSRiFhoAho19t6NXaxJ1Kixx1iTGFtiyTUx9hYrFiyA2EvUJKKiKEiTpjDDDNO+H2NG54Imlpvc3I\/3eXhk9llrn7X3GfbeqxwN3Ou4XaWaaqqppppqqvlHIdKA\/\/MNVtbWxMTGIBAI\/lQHUomUUydPEhMXx\/atW9\/ImBg1WL5RD\/\/b\/GYAvxj83VZUU0011VTz34Do3xvea9uWyVMmc\/nylT\/VQVFRITdv\/sanM2e80Qbup4YxytdW\/5+nAhgh\/rutqKaaav4\/0TgkhNZt2rB82TKKioreSp9CoZAmoU1eWS\/7YTb37t3DytoaX9\/6r6yfdjONgoICfBs0wMqqxivpyuVyLl64+Mr3\/E9TaQMXCAy4cOECg\/oPqCQ8Ztw4rK2t9dpKS5+8sRFCYIiq6mumYaHYjhml+\/x4y3ae7N2P7fAhmMdEocjJJW\/qDFSFRTjMmIpRfR8AVIWF5M+ejzI3F7OWzbEZNQwDgZBHny2g\/PJVan42G8N6dXX95k74GFFNB+w+HI+BsTGPN21BknIGp68W69mTP3MuDtOngFAIQMWt2+TPmotll85Ydmyvkyv57ntKE44gMDPF+duVlGzeSun+QwgszHFeuxppUgqFK1Zj2b4tNXr3IH\/mXOS\/3XzhHO0WQt5reN+jx8QjFD57zKmnU5BIpMS1jmPZl1+hVCp5r21bNGg4uP\/As3k3MyUurjVKpZKDBw6gVCoJDArC0ckRgHvpd7l58yZBjRoR1CiIC+fO8\/PPP+vd28XFhcjoKO6m3yUlORmAsGZhREZF8\/hxCQcPHCTj3j1Gxcfr6ZWWlrJ+7Vq9tsFDhrB+7Vo0Gk2V4\/QPCMDMzIzMzExiYmOrlK3n7o6rqyv5+fm0ee89AORyGYcTEki7mUbdunXp1LULq5avQCKREB4RgZ2dHTu2b3+VKX8jOnTqSEpSMgUFBbo2CwsLho8cSW5uDj9s+B6hSMj4iRMpe1LK6lWrXus+QqGQ8RMn8NOen7h96xaj4kfz89WrpCSn0LlLFyRSCQkHDwHg6eXJ+x06Atr5OnXyFD9ffTuZN2dnZ3r16fO0bzmnU1K4dPHVF0ofHx\/S09OpqKh4K3aNGTcOIyMj1GoV9zPus3v3LlRKFc1btCA8IoKSkmJ279xFVlYWsXFxaDQajhw+\/Fbu\/d+AjY0NU6ZOxd7BgcOHDvH9ph9Z\/tUyEg4deuO+TU1N2bBx40tlJBIJJ44fp227drq2Dd\/9izmzZuHn58f6Df96qf7d9HQKCgoIefddXdv4MWPZt3cvU6Z+QpPQ0Jfq79y+g\/Yd3kcs1npNOTk5NA9t+gcj++upMk7u6OhE6\/fa6H6iW7VCKBLSqUtnnF1cUKvVz\/1UvaC+CjEqeOcF3Zi+2xiBqSnSpBSkSSnIb97E4dNPsOjQjtL9hzDy9sJh2mQALDu0pyLtFtLk05g0DsY8OgKToABqrf4ayYlTKHNzcVy6EAwMqNG5I7LrN3T9qqVSXDasozThCOUXL+EwdyYGQgHSpBRE9vZoZHKkSSkYiISYNglBmpRC+fkLWA\/oi9jNDfPIcNQSyTM7b98BoEaPbphFtMQ4QJupMPL0wDT0XYwa+gJgPag\/Zs3DUBUVv3B+Sgxg55\/LaFRiVHw8TUJDcXd3x93dHWtrGzy9PBk5ejTde\/YEICIykoiISD29BQsX0bZ9Ozp27sSceXMBmPzJFCZNmcLHkyYRHhFBYFAQ6\/71Hf7+AWzatpXarq46fRNTU7bv3kVEZCTLViynV+\/eBAQGsnrNGoRCAQ0a+rFt5w6sbWxwd3cnIDCA+LFjqF+\/Pm7vuOnZ0jI8nPr1679w8waoU6cOHp4e2Nra4uHpQVR0dCWZjyZ9TFlZKV5eXvQb0B9XV1daxcayfecu6rjVobarK8NHjGDwkCEAvNukCa3fa\/M60\/7aCAVCho0YrtdmZm7GsBHDmfjRRwiFQjw9vRg2fDi9+vZ57fuoVCrCIyNpGd4Sc3Nzxk2YQKcuXQAYPmok9vb2Otl33qnL4CEf4OrqSuOQELbu2K73rN+Emo6ODBsxHLd33GjQsCE\/btlMZHTUK\/fTtn37t7Z5AwwYNJCQd0N4p25dpkybyshRo2gc0piVq1chEAjwDwhg99691KhRg5i4WFrFxLy1e\/+dCIVCuvfswY9bNnPq5EnWrVlDSJN3GRc\/hqjoaFav+Vbvu\/GfQiwWIxAI2L1z12vpW1haci\/9LpcvXXotfdc6rqxaseK1dP9KKnngt9JuIZfLGTb82SLi7eNDt86dAVCplCgUCt01heLN\/mhMNNBL\/eLrRl5elB5KoGjltwCIazlRo2sn7oZFoiouRpGdg92EMQitrRE52PNo8Reon5Ri0ToWRXYOtuPHULDkK4rXfoe4lhM2I4chruWEgYkxBQuXonn6R2\/WLAyNUoEk8QTKwiJkV6+heJhN4YrVWHRoR8mmLZQdPopFXAzy23coXLEaYY0a2IwYiir\/EUbenuTNmIPkxKlnxguF2AweQNnho4hr1nw6Hk8U9zIwEIsxdKuDwKoGqsePUeblvXAONghB+ga579UrV3Lq5End5w6dOiKTyRg+cgS7du6sUicwKIghgwYhEouYv3AhAM7OLrR7rw0ymZxyqZQOnTry48aNLF6wkCPHE\/H08iTzwQMA6tevj1gsZmC\/\/nw8eTItwltibGLC3fR0Zs+cBcC0Tz\/Fwtyc+FGj8PD05NCRFkydMkXP+wT4YOgQVny9\/KVjTE9PxzTHlEf5+Wzfuo2PJk3i2NGjuutubm7UrVePC+cvULu2KyUlJcSPGoVQJGTP3r306dePlKRk1Go1PXv3YuP337\/yPP\/O4CFDsLa2olFwY27fvsXjkhKiolux4uuvSTx2jG\/WruXSxQtERkWxedMmOnTsiEKhYMyo0Rw8cIBJn0zhi6VLkUqkev0WFRbi7uFOUFAQD+4\/QGyo9Q5Gj4knMiqa7IcPmT1rFr6+vvTo2ZMxo0czf+ECjh9LZP++fZXsPJt6Bm9vH7y8vbl37x5eXt6YmJjg6urKubNn9WSlUinxo7SRsNRzZ\/H19dU967fBxHHjkclkbN+1Ey8vb5JPJTFz9mzq+\/py48Z15s2eQ0RUJEFBQdjY2LJo4QJyc3J1+mr1C0J4b8D6des4dOAg4yZMwD8ggIqKCm7dusXsmTMxMDBgxqyZlSKS\/2Q8vTyZPXceaWk3uXL5ii7itvH7H3B3d+f+\/QyMjY1Z+916Nv6w8Y1rnl6GoaEh0dHRJB47zv79+2nbtu0r6dvb2xPbpjW7du7E1NQMbx\/vV9JvHBKCrZ0dn82dyyfTpr2S7l9JpQ383NmzdGzfXq\/t7MULCATakLGlpaXeCczQ0PCNDOihAuuXOPFG3p5YtGuDw7QplB5MQJJ8GunZ86iKn3msGnkFRl4eoFbjvGYVIjtbFJlZSFPP4rJuNbkTJwGgyM4hb9pMzCLDMRCJ8MpIAyB\/7nweb9uJRqWm3vkUyi9fJX+m1utEKMSoXl0q0m5px+vtibhWLWpv3YiRez0Kln6FWiZD7FaH2j\/+CwBJUgqZPfpi0SYWtUzOkz37sOqj9XYNvTyR\/5aGgakJll06Ib+Zhqq45IXjv2sAia\/pff\/O1E+nM2b8OAA+maSdi8clJZxOSaH\/gAFV6mzZvIkVq1chEotZ++23WFhYYGdvx9HjxxGLxXwwcCB7du0GYNGSJZiYmHA29YxO\/9LFiwQHBCISiQgMCuRMaipnUlMZP3ECZy6c53RKCvv37ePu3bsvtd3E1JTGISHcuH4dgIZ+DVGp1Pz6yy8AdO\/Zg62bt\/DLjRs6ncLCQgICtSF1iUQCQIvwlnoyv6NSqrh69Sq1a9cGQKNWs3PHDkaMHoVSUXVRxu\/3BOjStasuvPo77h7uhIS8y5pvv2HOvHls37qNa9d+ZvCQIZw4cZywZmHcTU8nKyuLadOnM33aND6ePJmWEeH8tHsPmZmZNG4confoArhx\/QYBgYH4BwZw48Z1AoOCcHFxof+AgQwfOlTrlffuzaoVK5gxexbLli\/HPzCAT6dWvQCdP3eOMePH4e3jw5GEBDp37UqDhg14\/Pgxt2\/d1pMVCUWENQujVi1nbO3sePgwq8o+bW1tCQgKJPHoMQC69ejOti3ahb5JaCjZ2dk8uH+\/kt62nTswNDSkbr16TPrwI5q3aE5gUBATx4\/nq+Vf0zI8HBcXF\/r2788P33+PpEzy3Hx7VPoemZmZEREZqTu4PP\/MAgIDKS+XknYzDXNzc1qGh3Ng\/\/5KNnl5eSMpkxARGcHVK1dIPX2a+LFjtd\/f5BT27d1LRkZGlfPwT8PHx4dde39i6OAPSE5KokvXrkjLpeTl5tGnX19WrVhB\/NixjBw+jFUrVrJg8SJat2nN0MEfoFS+XvHSJ5OnYGtni7WVNZaWFhQWFHH\/wX3MLcyxt7XD1t6e4sIiLK0sOZ2SoqdbUlzMypUrKSsto0aNGrjWcUUgEJCXm0dubi4mJia4ublRz92dffv2Ym2jf9Bat2YtZmbmSKVSSh4XU\/CoAAcHBxydHFHI5TwpLeXhw2yGjRjOogUL6dOv72vP7X8S3QZe39eXOm51qhQyMjLS\/X7p4kW9XKesvBzQhl6iWumHLZUKZaVF6HkcNdD+Jd63gaEhYjc3MnsPQFVYhKqgAKsBfVE8yNTJGAf4UX75CoZenshuplG67wDmMdGg0SBysEejVqPMfwSA2LkWGqUKIy8PJKeSeTR\/EQCKB5moSkq426Q5Jo2Dsf\/kY2yGfcDDoSMxrKMNFVZkahcsIy9PpKlnkZxORTxkEKjUGLrXQyMt53633gC6w4XN0A9QPnqEafMwRI7PPHDp2XOYhjbBPDoC6dnzqF+ygX8jhJdM0Z8i+VQSt25pDysFj555t19\/+RU7f9rD9WvXKHnOBm0YrSfbt27Fzt6enr16sWfXbqZPncbunTuZ89k8Bg4ezIXzFwC4dOki0TGtCAwK0uW6QZtH\/3rFCuRyOd+u\/gaZTEZUy3CaNgujZXg436xZw\/ChQ3WLfVXY2dkhkUgoKyujUXAw8WPHoNFo+HLpUrp2605w42BMTc34bt06nY5MJqO4uBhHR0fS09MBqFnTkeyH2VXew9rampKSZ+P\/dtVqjhxP5OKFC3pyAoGAOfPm0Si4ESYmJqhUKnr26k1wSGOmTpmit4knJ51iy6bNzJg1iy2bN1Gnjhv+\/s9e+PhhwwaahIbi6OjInl276d2nD6YmpgBkZz3EqZZTJTtv3LhOQEAAAYGB7Nq+g8CgIB4+fMiXX3zB6DHxBAcHk539ELlczhdLlrDkiy\/4dOo0ysrKqhz3+XPnqFu3Ln7+fpw8cYKGfv60ea8t586crZSuMDYxZu5nn6FWa\/hm1SquX7teqT9bW1tmzZ1DzZo1MTE2wd3Dg+iYVri7u5N6OpUhw4ZSVlrG\/HnzKm1827ZuQ6VU0n\/gAKJjWvH9vzZwOCGBT2fOpI6rK1bWVgBcvXKVebPn6OmGNg3l6JEjus+mZqbM+3w+77zzDsbGxtg7ONCufXu8vX1IOHSIkaNHo1QqWP71cvoP6I+bmxsmJiaVah169OrJ+x3eJzMzkxXLV5Cfl0dky3DCmoURHhHBmvXrGDxgYJVz+0\/jt99+Y1z8GD6ePAkbWxsyMzORlZdjZW3NlcuXCQtrRl5eLh4ensS1bo2Liwuffzb\/tTdvgM8+n\/\/S6xUVFRw7ehSlUkVYs2bceZqWBO3bUp9MnfpS\/cclj\/nxhx\/o2KEDNZ9GQH9n8JAP\/tC+Bw8e8N3atcyYPZucnJw\/lP870G3gzVs0p3WbqvN9Vy5fJuPePTLuZRAbF0dsXJzuWl5eHtOnTiXjXgYTP\/xIT6+srPSlG\/ggFbyssNqwXl00cjmSk0nwdEFRFRdj0SZOG4L2cMeqdw8edOqOVb8+SJNPU7JxMwILc4z9\/dCUlyMwNsbI2xNl\/iNqb\/uRvGkzMfLyQv7rTRT3tSFAdXk5dfbuoOibdZQeOITs+i9opNqDiZGXpzafrdIuzkaenjxasJiyI8cwj4pAI5dj5OVJxd17uv40CgUmwY0wdK+L7NoNjLw8EDk6Pu3Pg+L1G7AdMYwne\/dj+I6bdnxVkCyAX97Q+wZIOnWqyufw8OFDDu4\/QJ9+fflp9x5du4ODA05OTuzetRsnJyd69uqFra0tcpkMpVJJXm4eTk5OxMTGYmFhwZZNm4lu1Qr\/AH\/dBi4QCPhuwwaKiooYOzqeiooKWr\/XBh8fH5YuXsKeXbvx9vbGxcXlpbbLZTIsLS0xMjLi8qVLiEQiNBoNP1\/9mYZ+\/sS1ac3xRP0DgFAkxNramvKnh0vQFkjVcq5VqX8HBwcah4SweOEiXduTJ0\/4YcMGxo4fT3LSs2ejVqu5ffsWsXGxHDt6DJVSSfzYsdxNT9fbvLWyzzbAqnL3arVa79\/nsbO3QyaTVWq\/cf0Gffr1Q61WU1SsrQhuHBLCxI8+ZFD\/AfTs3UsnGxQUhOpp4eGmH39EJBIhEon0+i0pKSH9zh2iW7Vi5fLl\/HLjBl26deWrL74E9KNrZWVlRLRoqWePtshLrUupFRYWUlhQgI9PfY4fTyQ7O5uBgwdx7tw5UpKTGTdhPIUFhVV6rTu2bUMmk+EfGIC3jw\/de\/agVWwM4+LHsHDxs0LS8nJpJd2ajo564XSpREpWZibBwY05duwYNWs6MHT4MK5fu8b5c+cYP3EiKpWSK5cuERUdpZP7d2ZMm87hhATd57bt2lG3Xj2Wffklu3fuwte3wR9+f\/9JHE5I4OyZM0z46ENq167Np1OnEdgoiIjIKGZOn861a9f4ZPo0jiYcplvnLm+15uDfUSgUnDtzBplMRqen6dtXoaSkhOPHEgkNa4q7p+cr699NT2fP7t3MmD37lXX\/SnQb+No1a\/hu3fqXCg8dPPiF1zo8Vy34Z2iohqZ\/4FoaeXshT0vTbd4ApXsPYDtyOJ5p10AoJH\/GHOQ3b2Hk5cnjbTsAMHR1RV1cgvJRAWXHTuB2aC8AJZu2IjlxCvuPJ2Ls3xCbEdpipax+gym\/dAWnZUu0BXEGBtx\/v8tTGzyR39SGzw3EIgzd6yJ\/Gk4Xu9ZGVVyCUX1vjAP88PhNW5lbtGY9YhdnipavpnDFakQO9rhfPY\/YuRYiBwfkt24jsDDnyZ69OC1ZQNE3+hXXAArge+ErTekLmTd\/PtKnC1\/CwYN64cbly5bRuWsXPfm8vDwy7mUwb\/5nWFtbk3DwECq1mnmfzyeqVTRhYWF8NnceFRUVTJ85A\/\/AAMKaNWPdmmfjCGoURKPgYPLz8jh87ChJSUls2bSZxUuX4u1TH7VahbOzC6dOnHyp7QUFBTwuKcHFxYUHDx6wfu1aRCIxIpGInJxs+vbqjVisn8ZxcqqFTCYjL\/9ZXcGdO7cJbfqs8tTB3p4TSaeo6ejIjevX2ffTT7zb5NmrLd+tX0+\/KtILWZlZ9OvTFyNDQ5RCAYP6D8DZ2fmlY3hVatd2Jf3OnUrtuTk5iMVivcIcQ0NDTExM6N6jO1FRUSQmamsRuvfsSfyo0Xz59TK2bd1Kk9AmhEdE0PlpNfnvnD17lq7duvHg\/gN+uXGDocOHcfaMNhUyY9YszC3M9d5OeJ5v1q7h119+ZeHnn+vaUk+ncvDAQV3UrtP7HXBycsTQyJDFCxdhbmFeZV8JR4+AgQFOjo4MGzIUTy9PajrUZOjwYXh6eWJiYlKlnkAgQFPFIej6teskHkvE2NgIoVBEt85dcHFxwdDQkG9WrcLQ0BChUMj1n6+RePQYxsZGVfSuT0ZGBgsWL8LX1xcDAwPsHexJSkqiUePgP9T9p\/D48WNmTJtOaNOmfL1yJbt37WTC2LF8+PFHWNaowdhRo8nKqjp98jYpKioiNy+Prt26vZZ++p07ODk5EhgU9Fr6Rw4fYfzEia+l+1diUK+OmwZgweJFdO7S5Y\/kX5kG3j6VvAkBsFQB7n9QwC6wtEBgZITykX5Rk9DGGuOGDZDfuo3y6clbXMsJZVExGpkMoY01CASoCgoxEIsxbRKCIieXijvacKrYuRaInqX\/lTm5aBQKTN9tDBoN5ZevonnqVQhtrEGtQVVSAkIhYhdnbQhfo0Hk5Ii6tBQDIyME5s8WJnVxCYIalijz8rVFcgYG2s0+Px+hnR2Kh9mIa7ugyMxC7OKMMicHzb\/lW7cJ384G3iomBqHwWUeZmZmUFBfj5e3F8cTjADQKDkapUOilRuzs7OjctQsSiVTnHfk2aEBUdBRXr1wl6ZS2WK9Z82YENWrEubPn9AqfatWqhX9ggO5zXm4ely9dwsvbi9i4OKRSKcePJeoOE2ZmZjRv0YLjiYmVTvbz5s\/n8qVL7Nyx40+NuV379rRo2ZKPnvsDtLCwIOHoESJatMTBwYGG\/n6A1sM\/nXIauVyOvb09jRoH616faujXEGNjY12q4M\/yfJ4+rnVrzqSmYmZmRj13d1JTTxMTG8upkyexs7PH2dmZM6mphDZtSlZWFgpFBZu2bCE6IlLnnRsbGxMRFUnSyVP4+ftTUlxMaVkZHh4enDp5kp69e4NGw\/nz56lZsyaFhYXY2dmRnJREaNOmSCRlSMok2NnbVypOc6ldGzc3N1KSk7GysqJJ01AOH0pAo9FQ39cXsUhEbl4efn5+emFq0H5vSkufcOvpgfZ1sLK21h2slAolaWlpPLh\/HzMzM\/oNGEBGxj0eZmVhgAGlpaXY2tnqPQ9LS0ucXVz47ddfX9uGqmgVE8O1a9fIy83Va\/fx8aFVbCwSiYTEo0fJyMjAz98PjUZTZVrhn4yJiQnjJoynRcuWLF28pNLzf12q3wN\/e+g2cCsrqxeect+E3Nzcyvk0wPvN3z77n+Y3A5D\/3Ub8l+Dm5sa0GZ\/ywcBBf0p+9ZpvWbJoMbdv6W8sH0+ezNUrV\/6r39cdPGQIUomEzZs2\/d2mVFMNAAYGBi99hbOavw+D6v8LvZp\/Ar4NGxr\/cv165cTwK8haWloKrK2tRffv3\/\/PJe\/eEE9PT6N7GRkVioqK6hWzmmqqeSn\/BxuysQRvRJn1AAAAAElFTkSuQmCC\" alt=\"Markalama G\u00f6rseli\" title=\"\"><\/p>\n<\/div>\n<div>\n<table style=\"width: 100%;\" cellspacing=\"0\" cellpadding=\"0\">\n<tbody>\n<tr>\n<td style=\"width: 120px; font-weight: bold;\">Norme<\/td>\n<td style=\"width: 400px; text-align: left;\">ISO 1436<br \/>\nDIN EN 853 2ST<br \/>\nTS 6387 EN 853 2ST<br \/>\nSAE 100 R2 A<\/td>\n<td style=\"width: 120px; font-weight: bold;\">Couleur<\/td>\n<td style=\"width: 400px;\">\n<div class=\"color-icons\"><img decoding=\"async\" src=\"data:image\/svg+xml;base64,PHN2ZyB2aWV3Qm94PSIwIDAgMTAwIDEwMCIgeG1sbnM9Imh0dHA6Ly93d3cudzMub3JnLzIwMDAvc3ZnIj4KICA8Y2lyY2xlIGN4PSI1MCIgY3k9IjUwIiByPSI0OSIgZmlsbD0iIzAwMDAwMCIgc3Ryb2tlPSJibGFjayIgc3Ryb2tlLXdpZHRoPSIwLjUiLz4KICA8Y2lyY2xlIGN4PSI1MCIgY3k9IjUwIiByPSIzOCIgZmlsbD0id2hpdGUiIHN0cm9rZT0iYmxhY2siIHN0cm9rZS13aWR0aD0iMC41Ii8+CiAgPGNpcmNsZSBjeD0iNTAiIGN5PSI1MCIgcj0iMzMiIGZpbGw9IiMwMDAwMDAiIHN0cm9rZT0iYmxhY2siIHN0cm9rZS13aWR0aD0iMC41Ii8+CiAgPGNpcmNsZSBjeD0iNTAiIGN5PSI1MCIgcj0iMjIiIGZpbGw9IndoaXRlIiBzdHJva2U9ImJsYWNrIiBzdHJva2Utd2lkdGg9IjAuNSIvPgo8L3N2Zz4=\" alt=\"\" title=\"\"><\/div>\n<\/td>\n<\/tr>\n<\/tbody>\n<\/table>\n<\/div>\n<\/div>\n<\/div>","protected":false},"excerpt":{"rendered":"<p>&nbsp; \u00dcr\u00fcn Ad\u0131: FORCESTREAM 2ST \u00dcr\u00fcn Kodu: HWB322 Standart: SAE 100 R2 A\/DIN-EN 853 2ST \u00c7ift Kat \u00c7elik Tel \u00d6rg\u00fc Kullanim Alan\u0131 : Sanayi ve Tar\u0131mda D\u00fc\u015f\u00fck-Orta Bas\u0131n\u00e7l\u0131 Hidrolik Sistemler \u0130\u00e7in Alt Katman : Mineral, bitkisel ve hidrolik ya\u011fa dayan\u0131kl\u0131 \u00f6zel sentetik kau\u00e7uk Takviye Katman\u0131 : \u00c7ift Kat Y\u00fcksek Mukavemetli \u00c7elik Tel \u00d6rg\u00fc \u00dcst Katman [&#8230;]\n","protected":false},"featured_media":20873,"comment_status":"open","ping_status":"closed","template":"","meta":{"jetpack_post_was_ever_published":false},"product_brand":[],"product_cat":[2387],"product_tag":[],"class_list":{"0":"post-20875","1":"product","2":"type-product","3":"status-publish","4":"has-post-thumbnail","6":"product_cat-orgulu_tel_hidrolik","8":"first","9":"instock","10":"taxable","11":"shipping-taxable","12":"product-type-simple"},"jetpack-related-posts":[],"jetpack_sharing_enabled":true,"jetpack_likes_enabled":true,"_links":{"self":[{"href":"https:\/\/tuzlahortum.com.tr\/fr\/wp-json\/wp\/v2\/product\/20875","targetHints":{"allow":["GET"]}}],"collection":[{"href":"https:\/\/tuzlahortum.com.tr\/fr\/wp-json\/wp\/v2\/product"}],"about":[{"href":"https:\/\/tuzlahortum.com.tr\/fr\/wp-json\/wp\/v2\/types\/product"}],"replies":[{"embeddable":true,"href":"https:\/\/tuzlahortum.com.tr\/fr\/wp-json\/wp\/v2\/comments?post=20875"}],"wp:featuredmedia":[{"embeddable":true,"href":"https:\/\/tuzlahortum.com.tr\/fr\/wp-json\/wp\/v2\/media\/20873"}],"wp:attachment":[{"href":"https:\/\/tuzlahortum.com.tr\/fr\/wp-json\/wp\/v2\/media?parent=20875"}],"wp:term":[{"taxonomy":"product_brand","embeddable":true,"href":"https:\/\/tuzlahortum.com.tr\/fr\/wp-json\/wp\/v2\/product_brand?post=20875"},{"taxonomy":"product_cat","embeddable":true,"href":"https:\/\/tuzlahortum.com.tr\/fr\/wp-json\/wp\/v2\/product_cat?post=20875"},{"taxonomy":"product_tag","embeddable":true,"href":"https:\/\/tuzlahortum.com.tr\/fr\/wp-json\/wp\/v2\/product_tag?post=20875"}],"curies":[{"name":"wp","href":"https:\/\/api.w.org\/{rel}","templated":true}]}}