{"id":2038,"date":"2019-02-12T16:54:53","date_gmt":"2019-02-12T13:54:53","guid":{"rendered":"http:\/\/hortum.com.tr\/?post_type=product&#038;p=2038"},"modified":"2024-03-21T17:39:19","modified_gmt":"2024-03-21T14:39:19","slug":"seraluks-silikonlu-hortum-super","status":"publish","type":"product","link":"https:\/\/tuzlahortum.com.tr\/fr\/produit\/seraluks-silikonlu-hortum-super\/","title":{"rendered":"Tuyau en silicone Seralux (SUPER)"},"content":{"rendered":"<h2>Tuyau en silicone Seralux (SUPER)<\/h2>\n<p>Fonctionnalit\u00e9s<\/p>\n<p>Il est fabriqu\u00e9 avec un m\u00e9lange sp\u00e9cial de PVC r\u00e9sistant \u00e0 l&#039;abrasion. C&#039;est super \u00e9lastique.<br \/>\nTemp\u00e9rature de fonctionnement<\/p>\n<p>-10\u00b0C \u00e0 +50\u00b0C<\/p>\n<p>Zones d&#039;utilisation<\/p>\n<p>Il est utilis\u00e9 dans les travaux d&#039;irrigation et d&#039;\u00e9vacuation dans les secteurs de la maison, du jardin, des champs, de l&#039;industrie et de la construction.<\/p>\n<div class=\"video video-fit mb\" style=\"padding-top:56.25%;\"><p><iframe loading=\"lazy\" title=\"Confusion des mesures (pouces, doigts, brume, millim\u00e8tres)\" width=\"1020\" height=\"574\" src=\"https:\/\/www.youtube.com\/embed\/uKk6AG_AZls?feature=oembed\" frameborder=\"0\" allow=\"accelerometer; autoplay; clipboard-write; encrypted-media; gyroscope; picture-in-picture; web-share\" referrerpolicy=\"strict-origin-when-cross-origin\" allowfullscreen><\/iframe><\/p>\n<\/div>\n<p><img data-recalc-dims=\"1\" loading=\"lazy\" decoding=\"async\" class=\"alignnone size-full wp-image-2040\" src=\"https:\/\/i0.wp.com\/hortum.com.tr\/wp-content\/uploads\/2019\/02\/Seral%C3%BCks-Silikonlu-Hortum-S%C3%9CPER.jpg?resize=388%2C123\" alt=\"\" width=\"388\" height=\"123\" title=\"\"><\/p>","protected":false},"excerpt":{"rendered":"<p>Tuyau silicone Seral\u00fcks (SUPER) Caract\u00e9ristiques Fabriqu\u00e9 avec un m\u00e9lange sp\u00e9cial de PVC r\u00e9sistant \u00e0 l'abrasion. Super \u00e9lastique. Temp\u00e9rature de fonctionnement -10\u00b0C \u00e0 +50\u00b0C Domaines d'utilisation Utilis\u00e9 pour les travaux d'irrigation et de drainage dans les maisons, les jardins, les champs, l'industrie et le secteur de la construction.<\/p>","protected":false},"featured_media":2000,"comment_status":"open","ping_status":"closed","template":"","meta":{"jetpack_post_was_ever_published":false},"product_brand":[],"product_cat":[165],"product_tag":[795,1024,1025,1027,358,723,962,343,1026],"class_list":{"0":"post-2038","1":"product","2":"type-product","3":"status-publish","4":"has-post-thumbnail","6":"product_cat-plastik-bahce-hortumlari","7":"product_tag-bahce","8":"product_tag-elastik","9":"product_tag-ev","10":"product_tag-insaat-sektorunde","11":"product_tag-pvc","12":"product_tag-sanayi","13":"product_tag-sulama","14":"product_tag-tahliye","15":"product_tag-tarla","17":"first","18":"instock","19":"taxable","20":"shipping-taxable","21":"product-type-variable"},"jetpack-related-posts":[{"id":816,"url":"https:\/\/tuzlahortum.com.tr\/fr\/produit\/seraluks-silikonlu-hortum-standart\/","url_meta":{"origin":2038,"position":0},"title":"Tuyau en silicone Seralux (STANDARD)","author":"admin","date":"6 f\u00e9vrier 2019","format":false,"excerpt":"Seral\u00fcks Silikonlu Hortum (STANDART)\u00d6zellikler A\u015f\u0131nmaya \u00a0dayan\u0131kl\u0131 \u00f6zel kar\u0131\u015f\u0131m PVC ile \u00fcretilmi\u015ftir. S\u00fcper elastiktir. \u00c7al\u0131\u015fma S\u0131cakl\u0131\u011f\u0131 -10\u00b0C ile +50\u00b0C aras\u0131 Kullan\u0131m Alanlar\u0131 Ev, bah\u00e7e, tarla, sanayi ve in\u015faat sekt\u00f6r\u00fcnde sulama ve tahliye i\u015flerinde kullan\u0131l\u0131r.","rel":"","context":"Article similaire","block_context":{"text":"Article similaire","link":""},"img":{"alt_text":"","src":"https:\/\/i0.wp.com\/tuzlahortum.com.tr\/wp-content\/uploads\/urunler\/plastik\/SERALU%CC%88KS-SI%CC%87LI%CC%87KONLU-HORTUM-STANDART.jpg?fit=640%2C480&ssl=1&resize=350%2C200","width":350,"height":200,"srcset":"https:\/\/i0.wp.com\/tuzlahortum.com.tr\/wp-content\/uploads\/urunler\/plastik\/SERALU%CC%88KS-SI%CC%87LI%CC%87KONLU-HORTUM-STANDART.jpg?fit=640%2C480&ssl=1&resize=350%2C200 1x, https:\/\/i0.wp.com\/tuzlahortum.com.tr\/wp-content\/uploads\/urunler\/plastik\/SERALU%CC%88KS-SI%CC%87LI%CC%87KONLU-HORTUM-STANDART.jpg?fit=640%2C480&ssl=1&resize=525%2C300 1.5x"},"classes":[]},{"id":815,"url":"https:\/\/tuzlahortum.com.tr\/fr\/produit\/seraluks-silikonlu-orgulu-hortum\/","url_meta":{"origin":2038,"position":1},"title":"Tuyau tress\u00e9 en silicone Seral\u00fcks","author":"admin","date":"6 f\u00e9vrier 2019","format":false,"excerpt":"Seral\u00fcks Silikonlu \u00d6rg\u00fcl\u00fc Hortum\u00d6zellikler Alt kat, \u015feffaf PVC ve\u00a0y\u00fcksek mukavemetli polyester iplik, \u00fcst katta a\u015f\u0131nmaya \u00a0dayan\u0131kl\u0131 \u00f6zel kar\u0131\u015f\u0131m PVC ile \u00fcretilmi\u015ftir. \u00c7al\u0131\u015fma S\u0131cakl\u0131\u011f\u0131 -10\u00b0C ile +50\u00b0C aras\u0131 Kullan\u0131m Alanlar\u0131 Ev, bah\u00e7e, tarla, sanayi ve in\u015faat sekt\u00f6r\u00fcnde sulama ve tahliye i\u015flerinde kullan\u0131l\u0131r.","rel":"","context":"Article similaire","block_context":{"text":"Article similaire","link":""},"img":{"alt_text":"","src":"https:\/\/i0.wp.com\/tuzlahortum.com.tr\/wp-content\/uploads\/urunler\/plastik\/SERALU%CC%88KS-SLI%CC%87KONLU-O%CC%88RGU%CC%88LU%CC%88-HORTUM.jpg?fit=640%2C480&ssl=1&resize=350%2C200","width":350,"height":200,"srcset":"https:\/\/i0.wp.com\/tuzlahortum.com.tr\/wp-content\/uploads\/urunler\/plastik\/SERALU%CC%88KS-SLI%CC%87KONLU-O%CC%88RGU%CC%88LU%CC%88-HORTUM.jpg?fit=640%2C480&ssl=1&resize=350%2C200 1x, https:\/\/i0.wp.com\/tuzlahortum.com.tr\/wp-content\/uploads\/urunler\/plastik\/SERALU%CC%88KS-SLI%CC%87KONLU-O%CC%88RGU%CC%88LU%CC%88-HORTUM.jpg?fit=640%2C480&ssl=1&resize=525%2C300 1.5x"},"classes":[]},{"id":817,"url":"https:\/\/tuzlahortum.com.tr\/fr\/produit\/super-orgulu-seffaf-hortum\/","url_meta":{"origin":2038,"position":2},"title":"Tuyau transparent super tress\u00e9","author":"admin","date":"6 f\u00e9vrier 2019","format":false,"excerpt":"S\u00fcper \u00d6rg\u00fcl\u00fc \u015eeffaf Hortum\u00d6zellikler Alt kat \u015feffaf PVC ve y\u00fcksek mukavemetli polyester iplik, \u00fcst katta a\u015f\u0131nmaya dayan\u0131kl\u0131 \u015feffaf PVC ile \u00fcretilmi\u015ftir. \u00c7al\u0131\u015fma S\u0131cakl\u0131\u011f\u0131 -10\u00b0C ile +50\u00b0C aras\u0131 Kullan\u0131m Alanlar\u0131 Ev, bah\u00e7e, tarla, sanayi ve in\u015faat sekt\u00f6r\u00fcnde sulama ve tahliye i\u015flerinde ve hafif kimyasal maddelerin naklinde kullan\u0131l\u0131r.","rel":"","context":"Article similaire","block_context":{"text":"Article similaire","link":""},"img":{"alt_text":"","src":"https:\/\/i0.wp.com\/tuzlahortum.com.tr\/wp-content\/uploads\/2019\/02\/S%C3%BCper-%C3%96rg%C3%BCl%C3%BC-%C5%9Eeffaf-Hortum.jpg?fit=640%2C480&ssl=1&resize=350%2C200","width":350,"height":200,"srcset":"https:\/\/i0.wp.com\/tuzlahortum.com.tr\/wp-content\/uploads\/2019\/02\/S%C3%BCper-%C3%96rg%C3%BCl%C3%BC-%C5%9Eeffaf-Hortum.jpg?fit=640%2C480&ssl=1&resize=350%2C200 1x, https:\/\/i0.wp.com\/tuzlahortum.com.tr\/wp-content\/uploads\/2019\/02\/S%C3%BCper-%C3%96rg%C3%BCl%C3%BC-%C5%9Eeffaf-Hortum.jpg?fit=640%2C480&ssl=1&resize=525%2C300 1.5x"},"classes":[]},{"id":8132,"url":"https:\/\/tuzlahortum.com.tr\/fr\/produit\/super-extra-orgulu-seffaf-hortum\/","url_meta":{"origin":2038,"position":3},"title":"Tuyau Transparent Tress\u00e9 Super Extra","author":"\u0130smail \u00c7elik","date":"14 mars 2019","format":false,"excerpt":"S\u00fcper Extra \u00d6rg\u00fcl\u00fc \u015eeffaf Hortum\u00d6zellikler : \u2022 1. S\u0131n\u0131f PVC\u2019 den imal edilmi\u015ftir. \u2022 Y\u00fcksek kaliteli polyester takviye edilmi\u015ftir \u2022 A\u015f\u0131nmaya dayan\u0131kl\u0131d\u0131r. \u2022 -20\u00b0C ile +65\u00b0C aras\u0131nda s\u0131cakl\u0131\u011fa dayan\u0131kl\u0131d\u0131r. Kullan\u0131m Alanlar\u0131 : \u2022 Sanayide, petrol-petrol t\u00fcrevleri, hafif kimyasal maddelerin tahliyesi ve bas\u0131n\u00e7l\u0131 sulama i\u015flemlerinde kullan\u0131l\u0131r.","rel":"","context":"Article similaire","block_context":{"text":"Article similaire","link":""},"img":{"alt_text":"","src":"https:\/\/i0.wp.com\/hortum.com.tr\/wp-content\/uploads\/2019\/03\/S%C3%BCper-Extra-%C3%96rg%C3%BCl%C3%BC-%C5%9Eeffaf-Hortum-2.jpg?resize=350%2C200","width":350,"height":200,"srcset":"https:\/\/i0.wp.com\/hortum.com.tr\/wp-content\/uploads\/2019\/03\/S%C3%BCper-Extra-%C3%96rg%C3%BCl%C3%BC-%C5%9Eeffaf-Hortum-2.jpg?resize=350%2C200 1x, https:\/\/i0.wp.com\/hortum.com.tr\/wp-content\/uploads\/2019\/03\/S%C3%BCper-Extra-%C3%96rg%C3%BCl%C3%BC-%C5%9Eeffaf-Hortum-2.jpg?resize=525%2C300 1.5x"},"classes":[]},{"id":5392,"url":"https:\/\/tuzlahortum.com.tr\/fr\/produit\/meteor-orgulu-hortumlar-super\/","url_meta":{"origin":2038,"position":4},"title":"Tuyaux Tress\u00e9s Meteor (SUPER)","author":"\u0130smail \u00c7elik","date":"28 f\u00e9vrier 2019","format":false,"excerpt":"Meteor \u00d6rg\u00fcl\u00fc Hortumlar (S\u00dcPER)\u00d6zellikler Alt kat y\u00fcksek kaliteli kau\u00e7uk takviyeli PVC malzeme, takviye, y\u00fcksek mukavemetli polyester iplik, \u00fcst katta a\u015f\u0131nmaya ve hava \u015fartlar\u0131na dayan\u0131kl\u0131 PVC ile \u00fcretilmi\u015ftir. \u00c7al\u0131\u015fma S\u0131cakl\u0131\u011f\u0131 -10\u00b0C ile +50\u00b0C aras\u0131 Kullan\u0131m Alanlar\u0131 Ev, bah\u00e7e, tarla, sanayi ve in\u015faat sekt\u00f6r\u00fcnde sulama ve tahliye i\u015flerinde ve hafif kimyasal maddelerin\u2026","rel":"","context":"Article similaire","block_context":{"text":"Article similaire","link":""},"img":{"alt_text":"","src":"https:\/\/i0.wp.com\/tuzlahortum.com.tr\/wp-content\/uploads\/2019\/03\/Meteor-%C3%96rg%C3%BCl%C3%BC-HortumlarSTANDART.jpg?fit=640%2C480&ssl=1&resize=350%2C200","width":350,"height":200,"srcset":"https:\/\/i0.wp.com\/tuzlahortum.com.tr\/wp-content\/uploads\/2019\/03\/Meteor-%C3%96rg%C3%BCl%C3%BC-HortumlarSTANDART.jpg?fit=640%2C480&ssl=1&resize=350%2C200 1x, https:\/\/i0.wp.com\/tuzlahortum.com.tr\/wp-content\/uploads\/2019\/03\/Meteor-%C3%96rg%C3%BCl%C3%BC-HortumlarSTANDART.jpg?fit=640%2C480&ssl=1&resize=525%2C300 1.5x"},"classes":[]},{"id":939,"url":"https:\/\/tuzlahortum.com.tr\/fr\/produit\/thermo-su-hortumlari-super\/","url_meta":{"origin":2038,"position":5},"title":"Tuyaux d&#039;eau thermo (SUPER)","author":"admin","date":"6 f\u00e9vrier 2019","format":false,"excerpt":"Thermo Su Hortumlar\u0131 (S\u00dcPER)Alt kat siyah\u00a0PVC ve\u00a0y\u00fcksek mukavemetli polyester iplik, \u00fcst katta a\u015f\u0131nmaya \u00a0dayan\u0131kl\u0131 \u00f6zel kar\u0131\u015f\u0131m PVC ile \u00fcretilmi\u015ftir. Bas\u0131nca dayan\u0131kl\u0131d\u0131r. \u00c7al\u0131\u015fma S\u0131cakl\u0131\u011f\u0131 -10\u00b0C ile +50\u00b0C aras\u0131 Kullan\u0131m Alanlar\u0131 Ev, bah\u00e7e, tarla, sanayi ve in\u015faat sekt\u00f6r\u00fcnde sulama ve tahliye i\u015flerinde kullan\u0131l\u0131r.","rel":"","context":"Article similaire","block_context":{"text":"Article similaire","link":""},"img":{"alt_text":"","src":"https:\/\/i0.wp.com\/tuzlahortum.com.tr\/wp-content\/uploads\/urunler\/plastik\/THERMO-SU-HORTUMLAR.jpg?fit=640%2C480&ssl=1&resize=350%2C200","width":350,"height":200,"srcset":"https:\/\/i0.wp.com\/tuzlahortum.com.tr\/wp-content\/uploads\/urunler\/plastik\/THERMO-SU-HORTUMLAR.jpg?fit=640%2C480&ssl=1&resize=350%2C200 1x, https:\/\/i0.wp.com\/tuzlahortum.com.tr\/wp-content\/uploads\/urunler\/plastik\/THERMO-SU-HORTUMLAR.jpg?fit=640%2C480&ssl=1&resize=525%2C300 1.5x"},"classes":[]}],"jetpack_sharing_enabled":true,"jetpack_likes_enabled":true,"_links":{"self":[{"href":"https:\/\/tuzlahortum.com.tr\/fr\/wp-json\/wp\/v2\/product\/2038","targetHints":{"allow":["GET"]}}],"collection":[{"href":"https:\/\/tuzlahortum.com.tr\/fr\/wp-json\/wp\/v2\/product"}],"about":[{"href":"https:\/\/tuzlahortum.com.tr\/fr\/wp-json\/wp\/v2\/types\/product"}],"replies":[{"embeddable":true,"href":"https:\/\/tuzlahortum.com.tr\/fr\/wp-json\/wp\/v2\/comments?post=2038"}],"wp:featuredmedia":[{"embeddable":true,"href":"https:\/\/tuzlahortum.com.tr\/fr\/wp-json\/wp\/v2\/media\/2000"}],"wp:attachment":[{"href":"https:\/\/tuzlahortum.com.tr\/fr\/wp-json\/wp\/v2\/media?parent=2038"}],"wp:term":[{"taxonomy":"product_brand","embeddable":true,"href":"https:\/\/tuzlahortum.com.tr\/fr\/wp-json\/wp\/v2\/product_brand?post=2038"},{"taxonomy":"product_cat","embeddable":true,"href":"https:\/\/tuzlahortum.com.tr\/fr\/wp-json\/wp\/v2\/product_cat?post=2038"},{"taxonomy":"product_tag","embeddable":true,"href":"https:\/\/tuzlahortum.com.tr\/fr\/wp-json\/wp\/v2\/product_tag?post=2038"}],"curies":[{"name":"wp","href":"https:\/\/api.w.org\/{rel}","templated":true}]}}