{"id":13248,"date":"2024-03-28T17:37:37","date_gmt":"2024-03-28T14:37:37","guid":{"rendered":"https:\/\/tuzlahortum.com.tr\/?post_type=product&#038;p=13248"},"modified":"2025-08-20T11:51:47","modified_gmt":"2025-08-20T08:51:47","slug":"flow-mt-komple-metal-bahce-tabancasi","status":"publish","type":"product","link":"https:\/\/tuzlahortum.com.tr\/fr\/produit\/flow-mt-komple-metal-bahce-tabancasi\/","title":{"rendered":"PISTOLET DE JARDIN EN M\u00c9TAL COMPLET FLOW MT"},"content":{"rendered":"<p>Pistolet de jardin tout en m\u00e9tal FLOW MT<\/p>\n<ol>\n<li>Facilement connectable \u00e0 un tuyau standard de 1\/2\u2033 \u00e0 3\/4\u2033, adapt\u00e9 \u00e0 tous les tuyaux d&#039;arrosage standard. Solide, durable, r\u00e9sistant aux rayures et r\u00e9sistant au gel et aux dommages.<\/li>\n<li>%100 metalden yap\u0131lm\u0131\u015f ve \u015fok diren\u00e7li lastikle \u00e7evrili bir kadran\u0131 bulunmaktad\u0131r. Yenilenmi\u015f sa\u011flam p\u00fcsk\u00fcrtme ucu ve \u00e7inko ala\u015f\u0131ml\u0131 p\u00fcsk\u00fcrt\u00fcc\u00fc g\u00f6vdesi mevcuttur. Metal paslanmaz su \u00e7\u0131k\u0131\u015f\u0131, paslanmaz.<\/li>\n<li>Les accessoires d&#039;interface filet\u00e9s super fins en cuivre offrent une meilleure \u00e9tanch\u00e9it\u00e9 et \u00e9vitent les fuites.<\/li>\n<li>Corps ultra l\u00e9ger r\u00e9sistant \u00e0 la pression, eau \u00e9tanche, pi\u00e8ces de montage r\u00e9sistantes \u00e0 l&#039;usure.<\/li>\n<li>La conception de la buse de pulv\u00e9risation rotative \u00e0 360 \u00b0 permet d&#039;ajuster librement le chemin de l&#039;eau, il existe 7 modes d&#039;eau diff\u00e9rents.<\/li>\n<\/ol>","protected":false},"excerpt":{"rendered":"<p>FLOW MT Komple Metal Bah\u00e7e Tabancas\u0131 Standart 1\/2&#8243; &#8211; 3\/4&#8243; hortuma kolayca ba\u011flanabilen, t\u00fcm standart bah\u00e7e hortumlar\u0131na uygun. G\u00fc\u00e7l\u00fc, Dayan\u0131kl\u0131, \u00c7izilmeye Kar\u015f\u0131 Diren\u00e7li ve Donma \/Hasar\u0131na Kar\u015f\u0131 Dayan\u0131kl\u0131. %100 metalden yap\u0131lm\u0131\u015f ve \u015fok diren\u00e7li lastikle \u00e7evrili bir kadran\u0131 bulunmaktad\u0131r. Yenilenmi\u015f sa\u011flam p\u00fcsk\u00fcrtme ucu ve \u00e7inko ala\u015f\u0131ml\u0131 p\u00fcsk\u00fcrt\u00fcc\u00fc g\u00f6vdesi mevcuttur. Metal paslanmaz su \u00e7\u0131k\u0131\u015f\u0131, paslanmaz. Bak\u0131r [&#8230;]\n","protected":false},"featured_media":13271,"comment_status":"open","ping_status":"closed","template":"","meta":{"jetpack_post_was_ever_published":false},"product_brand":[],"product_cat":[2347],"product_tag":[],"class_list":{"0":"post-13248","1":"product","2":"type-product","3":"status-publish","4":"has-post-thumbnail","6":"product_cat-bahce","8":"first","9":"instock","10":"featured","11":"taxable","12":"shipping-taxable","13":"product-type-simple"},"jetpack-related-posts":[],"jetpack_sharing_enabled":true,"jetpack_likes_enabled":true,"_links":{"self":[{"href":"https:\/\/tuzlahortum.com.tr\/fr\/wp-json\/wp\/v2\/product\/13248","targetHints":{"allow":["GET"]}}],"collection":[{"href":"https:\/\/tuzlahortum.com.tr\/fr\/wp-json\/wp\/v2\/product"}],"about":[{"href":"https:\/\/tuzlahortum.com.tr\/fr\/wp-json\/wp\/v2\/types\/product"}],"replies":[{"embeddable":true,"href":"https:\/\/tuzlahortum.com.tr\/fr\/wp-json\/wp\/v2\/comments?post=13248"}],"wp:featuredmedia":[{"embeddable":true,"href":"https:\/\/tuzlahortum.com.tr\/fr\/wp-json\/wp\/v2\/media\/13271"}],"wp:attachment":[{"href":"https:\/\/tuzlahortum.com.tr\/fr\/wp-json\/wp\/v2\/media?parent=13248"}],"wp:term":[{"taxonomy":"product_brand","embeddable":true,"href":"https:\/\/tuzlahortum.com.tr\/fr\/wp-json\/wp\/v2\/product_brand?post=13248"},{"taxonomy":"product_cat","embeddable":true,"href":"https:\/\/tuzlahortum.com.tr\/fr\/wp-json\/wp\/v2\/product_cat?post=13248"},{"taxonomy":"product_tag","embeddable":true,"href":"https:\/\/tuzlahortum.com.tr\/fr\/wp-json\/wp\/v2\/product_tag?post=13248"}],"curies":[{"name":"wp","href":"https:\/\/api.w.org\/{rel}","templated":true}]}}