{"id":13247,"date":"2024-03-28T17:35:49","date_gmt":"2024-03-28T14:35:49","guid":{"rendered":"https:\/\/tuzlahortum.com.tr\/?post_type=product&#038;p=13247"},"modified":"2025-08-20T11:52:31","modified_gmt":"2025-08-20T08:52:31","slug":"flow-luks-jak-1-2-3-4-hortum-ekleme","status":"publish","type":"product","link":"https:\/\/tuzlahortum.com.tr\/fr\/produit\/flow-luks-jak-1-2-3-4-hortum-ekleme\/","title":{"rendered":"FLOW LUXURY JACK 1\/2-3\/4 AJOUT DE TUYAU"},"content":{"rendered":"<p>FLOW LUXURY JACK 1\/2-3\/4 AJOUT DE TUYAU<\/p>\n<p>FLOW LUXURY JACK, qui facilite vos travaux d&#039;irrigation de jardin et assure l&#039;harmonie entre vos tuyaux, rend l&#039;entretien de votre jardin plus agr\u00e9able.<\/p>\n<p>Caract\u00e9ristiques:<\/p>\n<ol>\n<li><strong>Compatibilit\u00e9 universelle<\/strong>: Ce cric combine des tuyaux 1\/2\u2033 et 3\/4\u2033, vous pouvez donc connecter des tuyaux de diff\u00e9rents diam\u00e8tres sans aucun probl\u00e8me. Il s&#039;adapte aux diff\u00e9rents \u00e9quipements d&#039;irrigation de votre jardin.<\/li>\n<li><strong>Mat\u00e9riau de haute qualit\u00e9<\/strong>: FLOW LUXURY JACK est fait de mat\u00e9riaux durables et solides.<\/li>\n<li><strong>Installation facile<\/strong>: L&#039;utilisation de cette prise est extr\u00eamement simple. Bien qu&#039;il soit compatible avec les tuyaux standard, il peut \u00eatre install\u00e9 rapidement et facilement gr\u00e2ce \u00e0 sa fonction enfichable.<\/li>\n<li><strong>Scellage<\/strong>: Gr\u00e2ce \u00e0 ses raccords solides, il assure l&#039;\u00e9tanch\u00e9it\u00e9 entre les durites. Vous pouvez r\u00e9aliser vos travaux d\u2019irrigation sans vous soucier des fuites d\u2019eau.<\/li>\n<li><strong>Durable et fiable<\/strong>: FLOW LUXURY JACK r\u00e9siste aux influences ext\u00e9rieures. Il est con\u00e7u pour une utilisation durable et r\u00e9pondra aux besoins d\u2019irrigation de votre jardin pendant de nombreuses ann\u00e9es.<\/li>\n<\/ol>\n<p>En combinant et en adaptant l&#039;\u00e9quipement d&#039;irrigation de votre jardin, le FLOW LUXURY JACK \u2013 1\/2\u2033-3\/4\u2033 FIXATION DE TUYAU am\u00e9liore et rend pratique votre exp\u00e9rience d&#039;arrosage de jardin.<\/p>","protected":false},"excerpt":{"rendered":"<p>FLOW L\u00dcKS JAK 1\/2-3\/4 HORTUM EKLEME Bah\u00e7e sulama i\u015flerinizi kolayla\u015ft\u0131ran ve hortumlar\u0131n\u0131z aras\u0131ndaki uyumu sa\u011flayan FLOW L\u00dcKS JAK, bah\u00e7enizin bak\u0131m\u0131n\u0131 daha keyifli hale getirir. \u00d6zellikler: Evrensel Uyumluluk: Bu jak, 1\/2&#8243; ve 3\/4&#8243; hortumlar\u0131 bir araya getirir, b\u00f6ylece farkl\u0131 \u00e7aplardaki hortumlar\u0131 sorunsuzca birbirine ba\u011flayabilirsiniz. Bah\u00e7enizdeki farkl\u0131 sulama ekipmanlar\u0131 aras\u0131nda uyum sa\u011flar. Y\u00fcksek Kalite Malzeme: FLOW L\u00dcKS [&#8230;]\n","protected":false},"featured_media":13285,"comment_status":"open","ping_status":"closed","template":"","meta":{"jetpack_post_was_ever_published":false},"product_brand":[],"product_cat":[2347],"product_tag":[],"class_list":{"0":"post-13247","1":"product","2":"type-product","3":"status-publish","4":"has-post-thumbnail","6":"product_cat-bahce","8":"first","9":"instock","10":"taxable","11":"shipping-taxable","12":"product-type-simple"},"jetpack-related-posts":[],"jetpack_sharing_enabled":true,"jetpack_likes_enabled":true,"_links":{"self":[{"href":"https:\/\/tuzlahortum.com.tr\/fr\/wp-json\/wp\/v2\/product\/13247","targetHints":{"allow":["GET"]}}],"collection":[{"href":"https:\/\/tuzlahortum.com.tr\/fr\/wp-json\/wp\/v2\/product"}],"about":[{"href":"https:\/\/tuzlahortum.com.tr\/fr\/wp-json\/wp\/v2\/types\/product"}],"replies":[{"embeddable":true,"href":"https:\/\/tuzlahortum.com.tr\/fr\/wp-json\/wp\/v2\/comments?post=13247"}],"wp:featuredmedia":[{"embeddable":true,"href":"https:\/\/tuzlahortum.com.tr\/fr\/wp-json\/wp\/v2\/media\/13285"}],"wp:attachment":[{"href":"https:\/\/tuzlahortum.com.tr\/fr\/wp-json\/wp\/v2\/media?parent=13247"}],"wp:term":[{"taxonomy":"product_brand","embeddable":true,"href":"https:\/\/tuzlahortum.com.tr\/fr\/wp-json\/wp\/v2\/product_brand?post=13247"},{"taxonomy":"product_cat","embeddable":true,"href":"https:\/\/tuzlahortum.com.tr\/fr\/wp-json\/wp\/v2\/product_cat?post=13247"},{"taxonomy":"product_tag","embeddable":true,"href":"https:\/\/tuzlahortum.com.tr\/fr\/wp-json\/wp\/v2\/product_tag?post=13247"}],"curies":[{"name":"wp","href":"https:\/\/api.w.org\/{rel}","templated":true}]}}