{"id":13246,"date":"2024-03-28T17:35:49","date_gmt":"2024-03-28T14:35:49","guid":{"rendered":"https:\/\/tuzlahortum.com.tr\/?post_type=product&#038;p=13246"},"modified":"2025-08-20T11:57:39","modified_gmt":"2025-08-20T08:57:39","slug":"flow-luks-jak-3-4-hortum-ekleme","status":"publish","type":"product","link":"https:\/\/tuzlahortum.com.tr\/fr\/produit\/flow-luks-jak-3-4-hortum-ekleme\/","title":{"rendered":"FLOW LUXURY JACK 3\/4 TUYAU AJOUT"},"content":{"rendered":"<p>FLOW LUXURY JACK 3\/4 TUYAU AJOUT<\/p>\n<p>Con\u00e7u pour assurer la compatibilit\u00e9 entre vos \u00e9quipements d&#039;irrigation de jardin, le raccord de tuyau FLOW LUXURY JACK 3\/4 rend vos travaux d&#039;irrigation plus faciles et plus efficaces.<\/p>\n<p>Caract\u00e9ristiques:<\/p>\n<ol>\n<li><strong>Compatibilit\u00e9 universelle<\/strong>: Ce cric est compatible avec les tuyaux de 3\/4\u2033 de diam\u00e8tre et permet de connecter diff\u00e9rents \u00e9quipements d\u2019irrigation entre eux. Il garantit le bon fonctionnement des syst\u00e8mes d\u2019irrigation de votre jardin.<\/li>\n<li><strong>Mat\u00e9riau r\u00e9sistant<\/strong>: FLOW LUXURY JACK est fabriqu\u00e9 avec des mat\u00e9riaux de haute qualit\u00e9 et con\u00e7u pour une utilisation durable. Il a une construction solide et r\u00e9siste \u00e0 un usage quotidien.<\/li>\n<li><strong>Assemblage facile<\/strong>: Cette \u00e9pissure de tuyau a un processus d&#039;installation simple et rapide. Il est compatible avec les tuyaux standards et peut \u00eatre facilement install\u00e9 gr\u00e2ce \u00e0 sa fonction enfichable.<\/li>\n<li><strong>Connexion \u00e9tanche<\/strong>: Gr\u00e2ce \u00e0 ses connexions fiables, il assure l&#039;\u00e9tanch\u00e9it\u00e9 entre les flexibles. Cela permet \u00e0 l\u2019eau de s\u2019\u00e9couler de mani\u00e8re efficace et efficiente.<\/li>\n<li><strong>Divers domaines d&#039;utilisation<\/strong>: Il peut \u00eatre utilis\u00e9 de mani\u00e8re compatible avec divers \u00e9quipements d&#039;irrigation, des syst\u00e8mes d&#039;irrigation de jardin aux syst\u00e8mes d&#039;irrigation automatiques.<\/li>\n<\/ol>\n<p>Le raccord de tuyau FLOW LUXURY JACK 3\/4 est une option fiable pour faciliter le travail d&#039;irrigation et augmenter l&#039;efficacit\u00e9 de votre jardin.<\/p>","protected":false},"excerpt":{"rendered":"<p>FLOW L\u00dcKS JAK 3\/4 HORTUM EKLEME Bah\u00e7e sulama ekipmanlar\u0131n\u0131z aras\u0131ndaki uyumu sa\u011flamak i\u00e7in tasarlanan FLOW L\u00dcKS JAK 3\/4 Hortum Ekleme, sulama i\u015flerinizi daha kolay ve verimli hale getirir. \u00d6zellikler: Evrensel Uyumluluk: Bu jak, 3\/4&#8243; \u00e7ap\u0131ndaki hortumlarla uyumludur ve farkl\u0131 sulama ekipmanlar\u0131n\u0131 birbirine ba\u011flaman\u0131z\u0131 sa\u011flar. Bah\u00e7enizdeki sulama sistemlerinin sorunsuz \u00e7al\u0131\u015fmas\u0131n\u0131 sa\u011flar. Dayan\u0131kl\u0131 Malzeme: FLOW L\u00dcKS JAK, [&#8230;]\n","protected":false},"featured_media":13281,"comment_status":"open","ping_status":"closed","template":"","meta":{"jetpack_post_was_ever_published":false},"product_brand":[],"product_cat":[2347],"product_tag":[],"class_list":{"0":"post-13246","1":"product","2":"type-product","3":"status-publish","4":"has-post-thumbnail","6":"product_cat-bahce","8":"first","9":"instock","10":"taxable","11":"shipping-taxable","12":"product-type-simple"},"jetpack-related-posts":[],"jetpack_sharing_enabled":true,"jetpack_likes_enabled":true,"_links":{"self":[{"href":"https:\/\/tuzlahortum.com.tr\/fr\/wp-json\/wp\/v2\/product\/13246","targetHints":{"allow":["GET"]}}],"collection":[{"href":"https:\/\/tuzlahortum.com.tr\/fr\/wp-json\/wp\/v2\/product"}],"about":[{"href":"https:\/\/tuzlahortum.com.tr\/fr\/wp-json\/wp\/v2\/types\/product"}],"replies":[{"embeddable":true,"href":"https:\/\/tuzlahortum.com.tr\/fr\/wp-json\/wp\/v2\/comments?post=13246"}],"wp:featuredmedia":[{"embeddable":true,"href":"https:\/\/tuzlahortum.com.tr\/fr\/wp-json\/wp\/v2\/media\/13281"}],"wp:attachment":[{"href":"https:\/\/tuzlahortum.com.tr\/fr\/wp-json\/wp\/v2\/media?parent=13246"}],"wp:term":[{"taxonomy":"product_brand","embeddable":true,"href":"https:\/\/tuzlahortum.com.tr\/fr\/wp-json\/wp\/v2\/product_brand?post=13246"},{"taxonomy":"product_cat","embeddable":true,"href":"https:\/\/tuzlahortum.com.tr\/fr\/wp-json\/wp\/v2\/product_cat?post=13246"},{"taxonomy":"product_tag","embeddable":true,"href":"https:\/\/tuzlahortum.com.tr\/fr\/wp-json\/wp\/v2\/product_tag?post=13246"}],"curies":[{"name":"wp","href":"https:\/\/api.w.org\/{rel}","templated":true}]}}