{"id":13245,"date":"2024-03-28T17:35:48","date_gmt":"2024-03-28T14:35:48","guid":{"rendered":"https:\/\/tuzlahortum.com.tr\/?post_type=product&#038;p=13245"},"modified":"2025-08-20T11:57:50","modified_gmt":"2025-08-20T08:57:50","slug":"flow-luks-jak-1-2-3-4-disi-uc","status":"publish","type":"product","link":"https:\/\/tuzlahortum.com.tr\/fr\/produit\/flow-luks-jak-1-2-3-4-disi-uc\/","title":{"rendered":"JACK FLOW LUXURY 1\/2 \u2013 3\/4 BOUT FEMELLE"},"content":{"rendered":"<p>JACK FLOW LUXURY 1\/2 \u2013 3\/4 BOUT FEMELLE<\/p>\n<p>Con\u00e7u pour \u00e9liminer les incompatibilit\u00e9s dans vos syst\u00e8mes d\u2019irrigation de jardin et faciliter vos branchements de tuyaux, FLOW LUXURY JACK \u2013 1\/2\u2033 \u2013 3\/4\u2033 Embout Femelle offre une solution solide et durable.<\/p>\n<p>Caract\u00e9ristiques:<\/p>\n<ol>\n<li><strong>Compatibilit\u00e9 universelle<\/strong>: Id\u00e9al pour combiner un \u00e9quipement d\u2019irrigation avec des filetages de tuyau 1\/2\u2033 et 3\/4\u2033. Il permet une connexion transparente entre des tuyaux de diff\u00e9rents diam\u00e8tres.<\/li>\n<li><strong>Construction durable<\/strong>: Fabriqu\u00e9e \u00e0 partir de mat\u00e9riaux de haute qualit\u00e9, la pointe femelle a une structure durable et fiable pour une utilisation durable. Il est fabriqu\u00e9 en acier inoxydable et r\u00e9siste aux facteurs externes.<\/li>\n<li><strong>Installation facile<\/strong>: Gr\u00e2ce \u00e0 son montage simple, vous pouvez combiner les tuyaux rapidement et en douceur. Il offre une utilisation pratique gr\u00e2ce \u00e0 sa fonction plug-in.<\/li>\n<li><strong>Connexion \u00e9tanche<\/strong>: Il assure l&#039;\u00e9tanch\u00e9it\u00e9 gr\u00e2ce \u00e0 ses points de connexion solides, permettant ainsi \u00e0 l&#039;eau de s&#039;\u00e9couler efficacement et \u00e9vitant les pertes d&#039;eau.<\/li>\n<li><strong>Divers domaines d&#039;utilisation<\/strong>: Il peut \u00eatre utilis\u00e9 dans diverses applications, des syst\u00e8mes d&#039;irrigation de jardin aux connexions de fontaines d&#039;eau.<\/li>\n<\/ol>\n<p>En assurant la compatibilit\u00e9 entre vos \u00e9quipements d&#039;irrigation de jardin et en facilitant les connexions, FLOW LUXURY JACK \u2013 1\/2\u2033 \u2013 3\/4\u2033 Embout Femelle rend vos travaux d&#039;irrigation de jardin plus efficaces et plus faciles \u00e0 utiliser.<\/p>","protected":false},"excerpt":{"rendered":"<p>FLOW L\u00dcKS JAK 1\/2 &#8211; 3\/4 D\u0130\u015e\u0130 U\u00c7 Bah\u00e7e sulama sistemlerinizdeki uyumsuzluklar\u0131 gidermek ve hortum ba\u011flant\u0131lar\u0131n\u0131z\u0131 kolayla\u015ft\u0131rmak i\u00e7in tasarlanan FLOW L\u00dcKS JAK &#8211; 1\/2&#8243; &#8211; 3\/4&#8243; Di\u015fi U\u00e7, sa\u011flam ve dayan\u0131kl\u0131 bir \u00e7\u00f6z\u00fcm sunar. \u00d6zellikler: Evrensel Uyumluluk: 1\/2&#8243; ve 3\/4&#8243; hortum di\u015fine sahip sulama ekipmanlar\u0131n\u0131 birle\u015ftirmek i\u00e7in idealdir. Farkl\u0131 \u00e7aplardaki hortumlar aras\u0131nda sorunsuz ba\u011flant\u0131 sa\u011flar. [&#8230;]\n","protected":false},"featured_media":13295,"comment_status":"open","ping_status":"closed","template":"","meta":{"jetpack_post_was_ever_published":false},"product_brand":[],"product_cat":[2347],"product_tag":[],"class_list":{"0":"post-13245","1":"product","2":"type-product","3":"status-publish","4":"has-post-thumbnail","6":"product_cat-bahce","8":"first","9":"instock","10":"taxable","11":"shipping-taxable","12":"product-type-simple"},"jetpack-related-posts":[],"jetpack_sharing_enabled":true,"jetpack_likes_enabled":true,"_links":{"self":[{"href":"https:\/\/tuzlahortum.com.tr\/fr\/wp-json\/wp\/v2\/product\/13245","targetHints":{"allow":["GET"]}}],"collection":[{"href":"https:\/\/tuzlahortum.com.tr\/fr\/wp-json\/wp\/v2\/product"}],"about":[{"href":"https:\/\/tuzlahortum.com.tr\/fr\/wp-json\/wp\/v2\/types\/product"}],"replies":[{"embeddable":true,"href":"https:\/\/tuzlahortum.com.tr\/fr\/wp-json\/wp\/v2\/comments?post=13245"}],"wp:featuredmedia":[{"embeddable":true,"href":"https:\/\/tuzlahortum.com.tr\/fr\/wp-json\/wp\/v2\/media\/13295"}],"wp:attachment":[{"href":"https:\/\/tuzlahortum.com.tr\/fr\/wp-json\/wp\/v2\/media?parent=13245"}],"wp:term":[{"taxonomy":"product_brand","embeddable":true,"href":"https:\/\/tuzlahortum.com.tr\/fr\/wp-json\/wp\/v2\/product_brand?post=13245"},{"taxonomy":"product_cat","embeddable":true,"href":"https:\/\/tuzlahortum.com.tr\/fr\/wp-json\/wp\/v2\/product_cat?post=13245"},{"taxonomy":"product_tag","embeddable":true,"href":"https:\/\/tuzlahortum.com.tr\/fr\/wp-json\/wp\/v2\/product_tag?post=13245"}],"curies":[{"name":"wp","href":"https:\/\/api.w.org\/{rel}","templated":true}]}}