{"id":13244,"date":"2024-03-28T17:35:48","date_gmt":"2024-03-28T14:35:48","guid":{"rendered":"https:\/\/tuzlahortum.com.tr\/?post_type=product&#038;p=13244"},"modified":"2025-08-20T11:57:53","modified_gmt":"2025-08-20T08:57:53","slug":"flow-jak-musluk-adaptoru","status":"publish","type":"product","link":"https:\/\/tuzlahortum.com.tr\/fr\/produit\/flow-jak-musluk-adaptoru\/","title":{"rendered":"ADAPTATEUR DE PRISE DE D\u00c9BIT"},"content":{"rendered":"<p>ADAPTATEUR DE PRISE DE D\u00c9BIT<\/p>\n<p>Con\u00e7u pour rendre vos syst\u00e8mes d&#039;irrigation de jardin compatibles avec les robinets, l&#039;adaptateur de robinet FLOW JAK offre une solution pratique et fiable.<\/p>\n<p>Caract\u00e9ristiques:<\/p>\n<ol>\n<li><strong>Compatibilit\u00e9 universelle<\/strong>: L&#039;adaptateur de robinet FLOW JAK est con\u00e7u pour \u00eatre compatible avec la plupart des robinets standard. De cette fa\u00e7on, vous pourrez facilement connecter votre \u00e9quipement d\u2019irrigation de jardin \u00e0 vos robinets.<\/li>\n<li><strong>Mat\u00e9riau r\u00e9sistant<\/strong>: Fabriqu\u00e9 \u00e0 partir de mat\u00e9riaux de haute qualit\u00e9, l&#039;adaptateur de robinet a une structure solide pour une utilisation durable. Fabriqu\u00e9 \u00e0 partir de mat\u00e9riaux durables tels que l&#039;acier inoxydable ou le plastique robuste.<\/li>\n<li><strong>Assemblage facile<\/strong>: Gr\u00e2ce \u00e0 son montage simple, vous pouvez fixer l&#039;adaptateur de robinet \u00e0 votre robinet rapidement et en douceur. Il ne n\u00e9cessite aucun outil ou \u00e9quipement suppl\u00e9mentaire.<\/li>\n<li><strong>Scellage<\/strong>: Gr\u00e2ce \u00e0 ses joints fiables, l&#039;adaptateur de robinet assure un raccordement \u00e9tanche. De cette fa\u00e7on, il garantit que l\u2019eau s\u2019\u00e9coule efficacement et \u00e9vite les pertes d\u2019eau.<\/li>\n<li><strong>Utilisation pratique<\/strong>: Avec sa conception conviviale, l&#039;adaptateur de robinet FLOW JAK facilite les travaux d&#039;irrigation de votre jardin. Il int\u00e8gre simplement et efficacement vos robinets dans vos syst\u00e8mes d&#039;irrigation de jardin.<\/li>\n<\/ol>\n<p>Pour rendre le travail d&#039;irrigation dans votre jardin plus efficace, l&#039;adaptateur de robinet FLOW JAK se distingue par sa structure robuste et ses fonctionnalit\u00e9s utiles.<\/p>","protected":false},"excerpt":{"rendered":"<p>FLOW JAK MUSLUK ADAPT\u00d6R\u00dc Bah\u00e7e sulama sistemlerinizi musluklarla uyumlu hale getirmek i\u00e7in tasarlanan FLOW JAK Musluk Adapt\u00f6r\u00fc, pratik ve g\u00fcvenilir bir \u00e7\u00f6z\u00fcm sunar. \u00d6zellikler: Evrensel Uyumluluk: FLOW JAK Musluk Adapt\u00f6r\u00fc, \u00e7o\u011fu standart muslukla uyumlu olarak tasarlanm\u0131\u015ft\u0131r. Bu sayede bah\u00e7e sulama ekipmanlar\u0131n\u0131z\u0131 musluklar\u0131n\u0131za kolayca ba\u011flayabilirsiniz. Dayan\u0131kl\u0131 Malzeme: Y\u00fcksek kaliteli malzemelerden \u00fcretilmi\u015f olan musluk adapt\u00f6r\u00fc, uzun \u00f6m\u00fcrl\u00fc [&#8230;]\n","protected":false},"featured_media":13273,"comment_status":"open","ping_status":"closed","template":"","meta":{"jetpack_post_was_ever_published":true},"product_brand":[],"product_cat":[2347],"product_tag":[],"class_list":{"0":"post-13244","1":"product","2":"type-product","3":"status-publish","4":"has-post-thumbnail","6":"product_cat-bahce","8":"first","9":"instock","10":"taxable","11":"shipping-taxable","12":"product-type-simple"},"jetpack-related-posts":[],"jetpack_sharing_enabled":true,"jetpack_likes_enabled":true,"_links":{"self":[{"href":"https:\/\/tuzlahortum.com.tr\/fr\/wp-json\/wp\/v2\/product\/13244","targetHints":{"allow":["GET"]}}],"collection":[{"href":"https:\/\/tuzlahortum.com.tr\/fr\/wp-json\/wp\/v2\/product"}],"about":[{"href":"https:\/\/tuzlahortum.com.tr\/fr\/wp-json\/wp\/v2\/types\/product"}],"replies":[{"embeddable":true,"href":"https:\/\/tuzlahortum.com.tr\/fr\/wp-json\/wp\/v2\/comments?post=13244"}],"wp:featuredmedia":[{"embeddable":true,"href":"https:\/\/tuzlahortum.com.tr\/fr\/wp-json\/wp\/v2\/media\/13273"}],"wp:attachment":[{"href":"https:\/\/tuzlahortum.com.tr\/fr\/wp-json\/wp\/v2\/media?parent=13244"}],"wp:term":[{"taxonomy":"product_brand","embeddable":true,"href":"https:\/\/tuzlahortum.com.tr\/fr\/wp-json\/wp\/v2\/product_brand?post=13244"},{"taxonomy":"product_cat","embeddable":true,"href":"https:\/\/tuzlahortum.com.tr\/fr\/wp-json\/wp\/v2\/product_cat?post=13244"},{"taxonomy":"product_tag","embeddable":true,"href":"https:\/\/tuzlahortum.com.tr\/fr\/wp-json\/wp\/v2\/product_tag?post=13244"}],"curies":[{"name":"wp","href":"https:\/\/api.w.org\/{rel}","templated":true}]}}