{"id":13243,"date":"2024-03-28T17:35:48","date_gmt":"2024-03-28T14:35:48","guid":{"rendered":"https:\/\/tuzlahortum.com.tr\/?post_type=product&#038;p=13243"},"modified":"2025-08-20T11:57:43","modified_gmt":"2025-08-20T08:57:43","slug":"flow-eko-bahce-sulama-nozul-seti","status":"publish","type":"product","link":"https:\/\/tuzlahortum.com.tr\/fr\/produit\/flow-eko-bahce-sulama-nozul-seti\/","title":{"rendered":"ENSEMBLE DE BUSE D&#039;IRRIGATION DE JARDIN FLOW ECO"},"content":{"rendered":"<p>ENSEMBLE DE BUSE D&#039;IRRIGATION DE JARDIN FLOW ECO<\/p>\n<p>Con\u00e7u pour r\u00e9pondre \u00e0 vos besoins d&#039;irrigation de jardin, l&#039;ensemble de buses d&#039;arrosage de jardin FLOW ECO offre une solution d&#039;irrigation pratique et efficace. L&#039;ensemble se compose de quatre parties au total : une buse, deux corps de tuyau et un embout femelle.<\/p>\n<p>Caract\u00e9ristiques:<\/p>\n<ol>\n<li><strong>buse<\/strong>: La buse qui fait partie de l&#039;ensemble est con\u00e7ue pour r\u00e9pondre \u00e0 diff\u00e9rentes exigences d&#039;irrigation. Il offre une vari\u00e9t\u00e9 d&#039;options d&#039;irrigation avec des modes de pulv\u00e9risation r\u00e9glables.<\/li>\n<li><strong>Corps de flexibles<\/strong>: Deux corps de tuyau permettent de raccorder la buse au tuyau. Ils sont fabriqu\u00e9s \u00e0 partir de mat\u00e9riaux durables et offrent une utilisation durable.<\/li>\n<li><strong>Extr\u00e9mit\u00e9 femelle<\/strong>: L&#039;embout femelle, qui fait partie de l&#039;ensemble, permet de relier les corps de flexibles au robinet. Fournit une connexion fiable.<\/li>\n<li><strong>Ensemble pratique<\/strong>: Avec toutes ses pi\u00e8ces, l&#039;ensemble de buses d&#039;irrigation de jardin FLOW ECO facilite les travaux d&#039;irrigation de votre jardin et augmente l&#039;efficacit\u00e9. Il est pratique \u00e0 utiliser avec son montage simple.<\/li>\n<\/ol>\n<p>Id\u00e9al pour r\u00e9pondre aux besoins d&#039;irrigation de votre jardin, l&#039;ensemble de buses d&#039;irrigation de jardin FLOW ECO attire l&#039;attention par sa conception conviviale et ses performances efficaces.<\/p>","protected":false},"excerpt":{"rendered":"<p>FLOW EKO BAH\u00c7E SULAMA NOZUL SET\u0130 Bah\u00e7e sulama ihtiya\u00e7lar\u0131n\u0131z\u0131 kar\u015f\u0131lamak i\u00e7in tasarlanan FLOW EKO Bah\u00e7e Sulama Nozul Seti, pratik ve etkili bir sulama \u00e7\u00f6z\u00fcm\u00fc sunar. Set, bir nozul, iki hortum g\u00f6vde ve bir di\u015fi u\u00e7 olmak \u00fczere toplamda d\u00f6rt par\u00e7adan olu\u015fur. \u00d6zellikler: Nozul: Setin bir par\u00e7as\u0131 olan nozul, farkl\u0131 sulama gereksinimlerini kar\u015f\u0131lamak i\u00e7in tasarlanm\u0131\u015ft\u0131r. Ayarlanabilir [&#8230;]\n","protected":false},"featured_media":13311,"comment_status":"open","ping_status":"closed","template":"","meta":{"jetpack_post_was_ever_published":false},"product_brand":[],"product_cat":[2347],"product_tag":[],"class_list":{"0":"post-13243","1":"product","2":"type-product","3":"status-publish","4":"has-post-thumbnail","6":"product_cat-bahce","8":"first","9":"instock","10":"taxable","11":"shipping-taxable","12":"product-type-simple"},"jetpack-related-posts":[],"jetpack_sharing_enabled":true,"jetpack_likes_enabled":true,"_links":{"self":[{"href":"https:\/\/tuzlahortum.com.tr\/fr\/wp-json\/wp\/v2\/product\/13243","targetHints":{"allow":["GET"]}}],"collection":[{"href":"https:\/\/tuzlahortum.com.tr\/fr\/wp-json\/wp\/v2\/product"}],"about":[{"href":"https:\/\/tuzlahortum.com.tr\/fr\/wp-json\/wp\/v2\/types\/product"}],"replies":[{"embeddable":true,"href":"https:\/\/tuzlahortum.com.tr\/fr\/wp-json\/wp\/v2\/comments?post=13243"}],"wp:featuredmedia":[{"embeddable":true,"href":"https:\/\/tuzlahortum.com.tr\/fr\/wp-json\/wp\/v2\/media\/13311"}],"wp:attachment":[{"href":"https:\/\/tuzlahortum.com.tr\/fr\/wp-json\/wp\/v2\/media?parent=13243"}],"wp:term":[{"taxonomy":"product_brand","embeddable":true,"href":"https:\/\/tuzlahortum.com.tr\/fr\/wp-json\/wp\/v2\/product_brand?post=13243"},{"taxonomy":"product_cat","embeddable":true,"href":"https:\/\/tuzlahortum.com.tr\/fr\/wp-json\/wp\/v2\/product_cat?post=13243"},{"taxonomy":"product_tag","embeddable":true,"href":"https:\/\/tuzlahortum.com.tr\/fr\/wp-json\/wp\/v2\/product_tag?post=13243"}],"curies":[{"name":"wp","href":"https:\/\/api.w.org\/{rel}","templated":true}]}}